{"id":25872,"date":"2025-03-11T07:51:01","date_gmt":"2025-03-11T06:51:01","guid":{"rendered":"https:\/\/viggobendz.dk\/butik\/ukategorisert\/260-cm\/"},"modified":"2025-03-11T07:51:01","modified_gmt":"2025-03-11T06:51:01","slug":"260-cm","status":"publish","type":"product","link":"https:\/\/viggobendz.dk\/no\/butik\/utstyr\/spader\/nivelleringsskuffer\/standard\/31-43-tonn\/260-cm\/","title":{"rendered":"260 cm"},"content":{"rendered":"<p data-start=\"0\" data-end=\"60\"><strong data-start=\"0\" data-end=\"58\">Nivelleringsskuffer fra Trevi Benne &#8211; presis og effektiv klargj\u00f8ring av terreng<\/strong><\/p>\n<p data-start=\"61\" data-end=\"200\">Trevi Benne planeringsskuffer er utviklet for entrepren\u00f8rer som krever h\u00f8y presisjon og effektivitet ved planering og finplanering. Med en bred skj\u00e6rekant og robust konstruksjon sikrer disse skuffene glatte overflater og optimal materialflyt, selv under krevende forhold. <\/p>\n<ul>\n<li data-start=\"201\" data-end=\"260\"><strong data-start=\"201\" data-end=\"259\">N\u00f8yaktig nivellering<\/strong> &#8211; Optimalisert skj\u00e6rekant sikrer en jevn og glatt overflate.<\/li>\n<li data-start=\"261\" data-end=\"320\"><strong data-start=\"261\" data-end=\"319\">Slitesterk konstruksjon<\/strong> &#8211; Laget av h\u00f8yfast st\u00e5l for lang levetid og minimalt vedlikehold.<\/li>\n<li data-start=\"321\" data-end=\"380\"><strong data-start=\"321\" data-end=\"379\">Fleksibel tilpasning<\/strong> &#8211; Kompatibel med ulike maskintyper og tilpasset ulike arbeidsforhold.<\/li>\n<\/ul>\n<p data-start=\"381\" data-end=\"440\">Med en nivelleringsskuffe fra Trevi Benne f\u00e5r du et p\u00e5litelig og effektivt verkt\u00f8y som sikrer optimal nivellering og h\u00f8y produktivitet p\u00e5 byggeplassen.<\/p>\n","protected":false},"excerpt":{"rendered":"<p>Nivelleringsskuffer<\/p>\n","protected":false},"featured_media":11918,"template":"","meta":{"_acf_changed":false},"product_brand":[],"product_cat":[5390,5210,3588,5212,2594],"product_tag":[],"class_list":{"0":"post-25872","1":"product","2":"type-product","3":"status-publish","4":"has-post-thumbnail","6":"product_cat-31-43-tonn","7":"product_cat-nivelleringsskuffer","8":"product_cat-spader","9":"product_cat-standard","10":"product_cat-utstyr","11":"pa_type-2-wpa070-260","13":"first","14":"instock","15":"taxable","16":"shipping-taxable","17":"product-type-simple"},"acf":[],"yoast_head":"<title>260 cm - Viggo Bendz<\/title>\n<meta name=\"robots\" content=\"index, follow, max-snippet:-1, max-image-preview:large, max-video-preview:-1\" \/>\n<link rel=\"canonical\" href=\"https:\/\/viggobendz.dk\/no\/butik\/utstyr\/spader\/nivelleringsskuffer\/standard\/31-43-tonn\/260-cm\/\" \/>\n<meta property=\"og:locale\" content=\"nb_NO\" \/>\n<meta property=\"og:type\" content=\"article\" \/>\n<meta property=\"og:title\" content=\"260 cm - Viggo Bendz\" \/>\n<meta property=\"og:description\" content=\"Nivelleringsskuffer\" \/>\n<meta property=\"og:url\" content=\"https:\/\/viggobendz.dk\/no\/butik\/utstyr\/spader\/nivelleringsskuffer\/standard\/31-43-tonn\/260-cm\/\" \/>\n<meta property=\"og:site_name\" content=\"Viggo Bendz\" \/>\n<meta property=\"og:image\" content=\"https:\/\/viggobendz.dk\/wp-content\/uploads\/2025\/02\/Planerskovl-Trevi-Benne-1024x840.jpg\" \/>\n\t<meta property=\"og:image:width\" content=\"1024\" \/>\n\t<meta property=\"og:image:height\" content=\"840\" \/>\n\t<meta property=\"og:image:type\" content=\"image\/jpeg\" \/>\n<meta name=\"twitter:card\" content=\"summary_large_image\" \/>\n<meta name=\"twitter:label1\" content=\"Ansl. lesetid\" \/>\n\t<meta name=\"twitter:data1\" content=\"1 minutt\" \/>\n<script type=\"application\/ld+json\" class=\"yoast-schema-graph\">{\"@context\":\"https:\/\/schema.org\",\"@graph\":[{\"@type\":\"WebPage\",\"@id\":\"https:\/\/viggobendz.dk\/no\/butik\/utstyr\/spader\/nivelleringsskuffer\/standard\/31-43-tonn\/260-cm\/\",\"url\":\"https:\/\/viggobendz.dk\/no\/butik\/utstyr\/spader\/nivelleringsskuffer\/standard\/31-43-tonn\/260-cm\/\",\"name\":\"260 cm - Viggo Bendz\",\"isPartOf\":{\"@id\":\"https:\/\/viggobendz.dk\/no\/#website\"},\"primaryImageOfPage\":{\"@id\":\"https:\/\/viggobendz.dk\/no\/butik\/utstyr\/spader\/nivelleringsskuffer\/standard\/31-43-tonn\/260-cm\/#primaryimage\"},\"image\":{\"@id\":\"https:\/\/viggobendz.dk\/no\/butik\/utstyr\/spader\/nivelleringsskuffer\/standard\/31-43-tonn\/260-cm\/#primaryimage\"},\"thumbnailUrl\":\"https:\/\/viggobendz.dk\/wp-content\/uploads\/2025\/02\/Planerskovl-Trevi-Benne.jpg\",\"datePublished\":\"2025-03-11T06:51:01+00:00\",\"breadcrumb\":{\"@id\":\"https:\/\/viggobendz.dk\/no\/butik\/utstyr\/spader\/nivelleringsskuffer\/standard\/31-43-tonn\/260-cm\/#breadcrumb\"},\"inLanguage\":\"nb-NO\",\"potentialAction\":[{\"@type\":\"ReadAction\",\"target\":[\"https:\/\/viggobendz.dk\/no\/butik\/utstyr\/spader\/nivelleringsskuffer\/standard\/31-43-tonn\/260-cm\/\"]}]},{\"@type\":\"ImageObject\",\"inLanguage\":\"nb-NO\",\"@id\":\"https:\/\/viggobendz.dk\/no\/butik\/utstyr\/spader\/nivelleringsskuffer\/standard\/31-43-tonn\/260-cm\/#primaryimage\",\"url\":\"https:\/\/viggobendz.dk\/wp-content\/uploads\/2025\/02\/Planerskovl-Trevi-Benne.jpg\",\"contentUrl\":\"https:\/\/viggobendz.dk\/wp-content\/uploads\/2025\/02\/Planerskovl-Trevi-Benne.jpg\",\"width\":4608,\"height\":3780},{\"@type\":\"BreadcrumbList\",\"@id\":\"https:\/\/viggobendz.dk\/no\/butik\/utstyr\/spader\/nivelleringsskuffer\/standard\/31-43-tonn\/260-cm\/#breadcrumb\",\"itemListElement\":[{\"@type\":\"ListItem\",\"position\":1,\"name\":\"Hjem\",\"item\":\"https:\/\/viggobendz.dk\/no\/startside\/\"},{\"@type\":\"ListItem\",\"position\":2,\"name\":\"Shop\",\"item\":\"https:\/\/viggobendz.dk\/butik\/\"},{\"@type\":\"ListItem\",\"position\":3,\"name\":\"Utstyr\",\"item\":\"https:\/\/viggobendz.dk\/no\/vare-kategori\/utstyr\/\"},{\"@type\":\"ListItem\",\"position\":4,\"name\":\"Spader\",\"item\":\"https:\/\/viggobendz.dk\/no\/vare-kategori\/utstyr\/spader\/\"},{\"@type\":\"ListItem\",\"position\":5,\"name\":\"Nivelleringsskuffer\",\"item\":\"https:\/\/viggobendz.dk\/no\/vare-kategori\/utstyr\/spader\/nivelleringsskuffer\/\"},{\"@type\":\"ListItem\",\"position\":6,\"name\":\"Standard\",\"item\":\"https:\/\/viggobendz.dk\/no\/vare-kategori\/utstyr\/spader\/nivelleringsskuffer\/standard\/\"},{\"@type\":\"ListItem\",\"position\":7,\"name\":\"31-43 tonn\",\"item\":\"https:\/\/viggobendz.dk\/no\/vare-kategori\/utstyr\/spader\/nivelleringsskuffer\/standard\/31-43-tonn\/\"},{\"@type\":\"ListItem\",\"position\":8,\"name\":\"260 cm\"}]},{\"@type\":\"WebSite\",\"@id\":\"https:\/\/viggobendz.dk\/no\/#website\",\"url\":\"https:\/\/viggobendz.dk\/no\/\",\"name\":\"Viggo Bendz\",\"description\":\"Det ansvarlige valg\",\"publisher\":{\"@id\":\"https:\/\/viggobendz.dk\/no\/#organization\"},\"potentialAction\":[{\"@type\":\"SearchAction\",\"target\":{\"@type\":\"EntryPoint\",\"urlTemplate\":\"https:\/\/viggobendz.dk\/no\/?s={search_term_string}\"},\"query-input\":{\"@type\":\"PropertyValueSpecification\",\"valueRequired\":true,\"valueName\":\"search_term_string\"}}],\"inLanguage\":\"nb-NO\"},{\"@type\":\"Organization\",\"@id\":\"https:\/\/viggobendz.dk\/no\/#organization\",\"name\":\"Viggo Bendz A\/S\",\"url\":\"https:\/\/viggobendz.dk\/no\/\",\"logo\":{\"@type\":\"ImageObject\",\"inLanguage\":\"nb-NO\",\"@id\":\"https:\/\/viggobendz.dk\/no\/#\/schema\/logo\/image\/\",\"url\":\"https:\/\/viggobendz.dk\/wp-content\/uploads\/2020\/03\/VB-Logo.png\",\"contentUrl\":\"https:\/\/viggobendz.dk\/wp-content\/uploads\/2020\/03\/VB-Logo.png\",\"width\":735,\"height\":776,\"caption\":\"Viggo Bendz A\/S\"},\"image\":{\"@id\":\"https:\/\/viggobendz.dk\/no\/#\/schema\/logo\/image\/\"}}]}<\/script>","yoast_head_json":{"title":"260 cm - Viggo Bendz","robots":{"index":"index","follow":"follow","max-snippet":"max-snippet:-1","max-image-preview":"max-image-preview:large","max-video-preview":"max-video-preview:-1"},"canonical":"https:\/\/viggobendz.dk\/no\/butik\/utstyr\/spader\/nivelleringsskuffer\/standard\/31-43-tonn\/260-cm\/","og_locale":"nb_NO","og_type":"article","og_title":"260 cm - Viggo Bendz","og_description":"Nivelleringsskuffer","og_url":"https:\/\/viggobendz.dk\/no\/butik\/utstyr\/spader\/nivelleringsskuffer\/standard\/31-43-tonn\/260-cm\/","og_site_name":"Viggo Bendz","og_image":[{"width":1024,"height":840,"url":"https:\/\/viggobendz.dk\/wp-content\/uploads\/2025\/02\/Planerskovl-Trevi-Benne-1024x840.jpg","type":"image\/jpeg"}],"twitter_card":"summary_large_image","twitter_misc":{"Ansl. lesetid":"1 minutt"},"schema":{"@context":"https:\/\/schema.org","@graph":[{"@type":"WebPage","@id":"https:\/\/viggobendz.dk\/no\/butik\/utstyr\/spader\/nivelleringsskuffer\/standard\/31-43-tonn\/260-cm\/","url":"https:\/\/viggobendz.dk\/no\/butik\/utstyr\/spader\/nivelleringsskuffer\/standard\/31-43-tonn\/260-cm\/","name":"260 cm - Viggo Bendz","isPartOf":{"@id":"https:\/\/viggobendz.dk\/no\/#website"},"primaryImageOfPage":{"@id":"https:\/\/viggobendz.dk\/no\/butik\/utstyr\/spader\/nivelleringsskuffer\/standard\/31-43-tonn\/260-cm\/#primaryimage"},"image":{"@id":"https:\/\/viggobendz.dk\/no\/butik\/utstyr\/spader\/nivelleringsskuffer\/standard\/31-43-tonn\/260-cm\/#primaryimage"},"thumbnailUrl":"https:\/\/viggobendz.dk\/wp-content\/uploads\/2025\/02\/Planerskovl-Trevi-Benne.jpg","datePublished":"2025-03-11T06:51:01+00:00","breadcrumb":{"@id":"https:\/\/viggobendz.dk\/no\/butik\/utstyr\/spader\/nivelleringsskuffer\/standard\/31-43-tonn\/260-cm\/#breadcrumb"},"inLanguage":"nb-NO","potentialAction":[{"@type":"ReadAction","target":["https:\/\/viggobendz.dk\/no\/butik\/utstyr\/spader\/nivelleringsskuffer\/standard\/31-43-tonn\/260-cm\/"]}]},{"@type":"ImageObject","inLanguage":"nb-NO","@id":"https:\/\/viggobendz.dk\/no\/butik\/utstyr\/spader\/nivelleringsskuffer\/standard\/31-43-tonn\/260-cm\/#primaryimage","url":"https:\/\/viggobendz.dk\/wp-content\/uploads\/2025\/02\/Planerskovl-Trevi-Benne.jpg","contentUrl":"https:\/\/viggobendz.dk\/wp-content\/uploads\/2025\/02\/Planerskovl-Trevi-Benne.jpg","width":4608,"height":3780},{"@type":"BreadcrumbList","@id":"https:\/\/viggobendz.dk\/no\/butik\/utstyr\/spader\/nivelleringsskuffer\/standard\/31-43-tonn\/260-cm\/#breadcrumb","itemListElement":[{"@type":"ListItem","position":1,"name":"Hjem","item":"https:\/\/viggobendz.dk\/no\/startside\/"},{"@type":"ListItem","position":2,"name":"Shop","item":"https:\/\/viggobendz.dk\/butik\/"},{"@type":"ListItem","position":3,"name":"Utstyr","item":"https:\/\/viggobendz.dk\/no\/vare-kategori\/utstyr\/"},{"@type":"ListItem","position":4,"name":"Spader","item":"https:\/\/viggobendz.dk\/no\/vare-kategori\/utstyr\/spader\/"},{"@type":"ListItem","position":5,"name":"Nivelleringsskuffer","item":"https:\/\/viggobendz.dk\/no\/vare-kategori\/utstyr\/spader\/nivelleringsskuffer\/"},{"@type":"ListItem","position":6,"name":"Standard","item":"https:\/\/viggobendz.dk\/no\/vare-kategori\/utstyr\/spader\/nivelleringsskuffer\/standard\/"},{"@type":"ListItem","position":7,"name":"31-43 tonn","item":"https:\/\/viggobendz.dk\/no\/vare-kategori\/utstyr\/spader\/nivelleringsskuffer\/standard\/31-43-tonn\/"},{"@type":"ListItem","position":8,"name":"260 cm"}]},{"@type":"WebSite","@id":"https:\/\/viggobendz.dk\/no\/#website","url":"https:\/\/viggobendz.dk\/no\/","name":"Viggo Bendz","description":"Det ansvarlige valg","publisher":{"@id":"https:\/\/viggobendz.dk\/no\/#organization"},"potentialAction":[{"@type":"SearchAction","target":{"@type":"EntryPoint","urlTemplate":"https:\/\/viggobendz.dk\/no\/?s={search_term_string}"},"query-input":{"@type":"PropertyValueSpecification","valueRequired":true,"valueName":"search_term_string"}}],"inLanguage":"nb-NO"},{"@type":"Organization","@id":"https:\/\/viggobendz.dk\/no\/#organization","name":"Viggo Bendz A\/S","url":"https:\/\/viggobendz.dk\/no\/","logo":{"@type":"ImageObject","inLanguage":"nb-NO","@id":"https:\/\/viggobendz.dk\/no\/#\/schema\/logo\/image\/","url":"https:\/\/viggobendz.dk\/wp-content\/uploads\/2020\/03\/VB-Logo.png","contentUrl":"https:\/\/viggobendz.dk\/wp-content\/uploads\/2020\/03\/VB-Logo.png","width":735,"height":776,"caption":"Viggo Bendz A\/S"},"image":{"@id":"https:\/\/viggobendz.dk\/no\/#\/schema\/logo\/image\/"}}]}},"_links":{"self":[{"href":"https:\/\/viggobendz.dk\/no\/wp-json\/wp\/v2\/product\/25872","targetHints":{"allow":["GET"]}}],"collection":[{"href":"https:\/\/viggobendz.dk\/no\/wp-json\/wp\/v2\/product"}],"about":[{"href":"https:\/\/viggobendz.dk\/no\/wp-json\/wp\/v2\/types\/product"}],"wp:featuredmedia":[{"embeddable":true,"href":"https:\/\/viggobendz.dk\/no\/wp-json\/wp\/v2\/media\/11918"}],"wp:attachment":[{"href":"https:\/\/viggobendz.dk\/no\/wp-json\/wp\/v2\/media?parent=25872"}],"wp:term":[{"taxonomy":"product_brand","embeddable":true,"href":"https:\/\/viggobendz.dk\/no\/wp-json\/wp\/v2\/product_brand?post=25872"},{"taxonomy":"product_cat","embeddable":true,"href":"https:\/\/viggobendz.dk\/no\/wp-json\/wp\/v2\/product_cat?post=25872"},{"taxonomy":"product_tag","embeddable":true,"href":"https:\/\/viggobendz.dk\/no\/wp-json\/wp\/v2\/product_tag?post=25872"}],"curies":[{"name":"wp","href":"https:\/\/api.w.org\/{rel}","templated":true}]}}