{"id":26060,"date":"2025-03-11T07:51:42","date_gmt":"2025-03-11T06:51:42","guid":{"rendered":"https:\/\/viggobendz.dk\/butik\/ukategorisert\/40-cm-11\/"},"modified":"2025-03-11T07:51:42","modified_gmt":"2025-03-11T06:51:42","slug":"40-cm-11","status":"publish","type":"product","link":"https:\/\/viggobendz.dk\/no\/butik\/utstyr\/spader\/boetter-av-leire\/19-26-tonn\/40-cm-11\/","title":{"rendered":"40 cm"},"content":{"rendered":"<p data-start=\"0\" data-end=\"60\"><strong data-start=\"0\" data-end=\"58\">Leirskuffer fra Trevi Benne &#8211; Optimal utgraving i klebrige materialer<\/strong><\/p>\n<p data-start=\"61\" data-end=\"200\">Trevi Benne leireskuffer er utviklet for entrepren\u00f8rer som arbeider i leire, gj\u00f8rme og andre klebrige materialer. Den spesialutviklede geometrien s\u00f8rger for at materialet slipper lettere, noe som reduserer motstanden og \u00f8ker effektiviteten. Trevi Benne leireskuffer har en forsterket konstruksjon og slitesterke blad som sikrer h\u00f8y ytelse og lang levetid, selv under krevende forhold.  <\/p>\n<ul>\n<li data-start=\"201\" data-end=\"260\"><strong data-start=\"201\" data-end=\"259\">Effektiv materialh\u00e5ndtering<\/strong> &#8211; Optimalisert form reduserer fastkj\u00f8ring og forbedrer flyten.<\/li>\n<li data-start=\"261\" data-end=\"320\"><strong data-start=\"261\" data-end=\"319\">Slitesterk konstruksjon<\/strong> &#8211; Laget av h\u00f8yfast st\u00e5l for lang levetid og minimalt vedlikehold.<\/li>\n<li data-start=\"321\" data-end=\"380\"><strong data-start=\"321\" data-end=\"379\">H\u00f8y produktivitet<\/strong> &#8211; redusert motstand sikrer raskere og mer effektiv utgraving.<\/li>\n<\/ul>\n<p data-start=\"381\" data-end=\"440\">Med en leirskuffe fra Trevi Benne f\u00e5r du en p\u00e5litelig og effektiv l\u00f8sning som sikrer optimal graveytelse i leirholdig materiale.<\/p>\n","protected":false},"excerpt":{"rendered":"<p>B\u00f8tter av leire<\/p>\n","protected":false},"featured_media":11916,"template":"","meta":{"_acf_changed":false},"product_brand":[],"product_cat":[5992,5468,3588,2594],"product_tag":[],"class_list":{"0":"post-26060","1":"product","2":"type-product","3":"status-publish","4":"has-post-thumbnail","6":"product_cat-19-26-tonn","7":"product_cat-boetter-av-leire","8":"product_cat-spader","9":"product_cat-utstyr","10":"pa_type-2-wtm065-040","12":"first","13":"instock","14":"taxable","15":"shipping-taxable","16":"product-type-simple"},"acf":[],"yoast_head":"<title>40 cm - Viggo Bendz<\/title>\n<meta name=\"robots\" content=\"index, follow, max-snippet:-1, max-image-preview:large, max-video-preview:-1\" \/>\n<link rel=\"canonical\" href=\"https:\/\/viggobendz.dk\/no\/butik\/utstyr\/spader\/boetter-av-leire\/19-26-tonn\/40-cm-11\/\" \/>\n<meta property=\"og:locale\" content=\"nb_NO\" \/>\n<meta property=\"og:type\" content=\"article\" \/>\n<meta property=\"og:title\" content=\"40 cm - Viggo Bendz\" \/>\n<meta property=\"og:description\" content=\"B\u00f8tter av leire\" \/>\n<meta property=\"og:url\" content=\"https:\/\/viggobendz.dk\/no\/butik\/utstyr\/spader\/boetter-av-leire\/19-26-tonn\/40-cm-11\/\" \/>\n<meta property=\"og:site_name\" content=\"Viggo Bendz\" \/>\n<meta property=\"og:image\" content=\"https:\/\/viggobendz.dk\/wp-content\/uploads\/2025\/02\/Lerskovl-Trevi-Benne-1024x768.jpg\" \/>\n\t<meta property=\"og:image:width\" content=\"1024\" \/>\n\t<meta property=\"og:image:height\" content=\"768\" \/>\n\t<meta property=\"og:image:type\" content=\"image\/jpeg\" \/>\n<meta name=\"twitter:card\" content=\"summary_large_image\" \/>\n<meta name=\"twitter:label1\" content=\"Ansl. lesetid\" \/>\n\t<meta name=\"twitter:data1\" content=\"1 minutt\" \/>\n<script type=\"application\/ld+json\" class=\"yoast-schema-graph\">{\"@context\":\"https:\/\/schema.org\",\"@graph\":[{\"@type\":\"WebPage\",\"@id\":\"https:\/\/viggobendz.dk\/no\/butik\/utstyr\/spader\/boetter-av-leire\/19-26-tonn\/40-cm-11\/\",\"url\":\"https:\/\/viggobendz.dk\/no\/butik\/utstyr\/spader\/boetter-av-leire\/19-26-tonn\/40-cm-11\/\",\"name\":\"40 cm - Viggo Bendz\",\"isPartOf\":{\"@id\":\"https:\/\/viggobendz.dk\/no\/#website\"},\"primaryImageOfPage\":{\"@id\":\"https:\/\/viggobendz.dk\/no\/butik\/utstyr\/spader\/boetter-av-leire\/19-26-tonn\/40-cm-11\/#primaryimage\"},\"image\":{\"@id\":\"https:\/\/viggobendz.dk\/no\/butik\/utstyr\/spader\/boetter-av-leire\/19-26-tonn\/40-cm-11\/#primaryimage\"},\"thumbnailUrl\":\"https:\/\/viggobendz.dk\/wp-content\/uploads\/2025\/02\/Lerskovl-Trevi-Benne.jpg\",\"datePublished\":\"2025-03-11T06:51:42+00:00\",\"breadcrumb\":{\"@id\":\"https:\/\/viggobendz.dk\/no\/butik\/utstyr\/spader\/boetter-av-leire\/19-26-tonn\/40-cm-11\/#breadcrumb\"},\"inLanguage\":\"nb-NO\",\"potentialAction\":[{\"@type\":\"ReadAction\",\"target\":[\"https:\/\/viggobendz.dk\/no\/butik\/utstyr\/spader\/boetter-av-leire\/19-26-tonn\/40-cm-11\/\"]}]},{\"@type\":\"ImageObject\",\"inLanguage\":\"nb-NO\",\"@id\":\"https:\/\/viggobendz.dk\/no\/butik\/utstyr\/spader\/boetter-av-leire\/19-26-tonn\/40-cm-11\/#primaryimage\",\"url\":\"https:\/\/viggobendz.dk\/wp-content\/uploads\/2025\/02\/Lerskovl-Trevi-Benne.jpg\",\"contentUrl\":\"https:\/\/viggobendz.dk\/wp-content\/uploads\/2025\/02\/Lerskovl-Trevi-Benne.jpg\",\"width\":4608,\"height\":3456},{\"@type\":\"BreadcrumbList\",\"@id\":\"https:\/\/viggobendz.dk\/no\/butik\/utstyr\/spader\/boetter-av-leire\/19-26-tonn\/40-cm-11\/#breadcrumb\",\"itemListElement\":[{\"@type\":\"ListItem\",\"position\":1,\"name\":\"Hjem\",\"item\":\"https:\/\/viggobendz.dk\/no\/startside\/\"},{\"@type\":\"ListItem\",\"position\":2,\"name\":\"Shop\",\"item\":\"https:\/\/viggobendz.dk\/butik\/\"},{\"@type\":\"ListItem\",\"position\":3,\"name\":\"Utstyr\",\"item\":\"https:\/\/viggobendz.dk\/no\/vare-kategori\/utstyr\/\"},{\"@type\":\"ListItem\",\"position\":4,\"name\":\"Spader\",\"item\":\"https:\/\/viggobendz.dk\/no\/vare-kategori\/utstyr\/spader\/\"},{\"@type\":\"ListItem\",\"position\":5,\"name\":\"B\u00f8tter av leire\",\"item\":\"https:\/\/viggobendz.dk\/no\/vare-kategori\/utstyr\/spader\/boetter-av-leire\/\"},{\"@type\":\"ListItem\",\"position\":6,\"name\":\"19-26 tonn\",\"item\":\"https:\/\/viggobendz.dk\/no\/vare-kategori\/utstyr\/spader\/boetter-av-leire\/19-26-tonn\/\"},{\"@type\":\"ListItem\",\"position\":7,\"name\":\"40 cm\"}]},{\"@type\":\"WebSite\",\"@id\":\"https:\/\/viggobendz.dk\/no\/#website\",\"url\":\"https:\/\/viggobendz.dk\/no\/\",\"name\":\"Viggo Bendz\",\"description\":\"Det ansvarlige valg\",\"publisher\":{\"@id\":\"https:\/\/viggobendz.dk\/no\/#organization\"},\"potentialAction\":[{\"@type\":\"SearchAction\",\"target\":{\"@type\":\"EntryPoint\",\"urlTemplate\":\"https:\/\/viggobendz.dk\/no\/?s={search_term_string}\"},\"query-input\":{\"@type\":\"PropertyValueSpecification\",\"valueRequired\":true,\"valueName\":\"search_term_string\"}}],\"inLanguage\":\"nb-NO\"},{\"@type\":\"Organization\",\"@id\":\"https:\/\/viggobendz.dk\/no\/#organization\",\"name\":\"Viggo Bendz A\/S\",\"url\":\"https:\/\/viggobendz.dk\/no\/\",\"logo\":{\"@type\":\"ImageObject\",\"inLanguage\":\"nb-NO\",\"@id\":\"https:\/\/viggobendz.dk\/no\/#\/schema\/logo\/image\/\",\"url\":\"https:\/\/viggobendz.dk\/wp-content\/uploads\/2020\/03\/VB-Logo.png\",\"contentUrl\":\"https:\/\/viggobendz.dk\/wp-content\/uploads\/2020\/03\/VB-Logo.png\",\"width\":735,\"height\":776,\"caption\":\"Viggo Bendz A\/S\"},\"image\":{\"@id\":\"https:\/\/viggobendz.dk\/no\/#\/schema\/logo\/image\/\"}}]}<\/script>","yoast_head_json":{"title":"40 cm - Viggo Bendz","robots":{"index":"index","follow":"follow","max-snippet":"max-snippet:-1","max-image-preview":"max-image-preview:large","max-video-preview":"max-video-preview:-1"},"canonical":"https:\/\/viggobendz.dk\/no\/butik\/utstyr\/spader\/boetter-av-leire\/19-26-tonn\/40-cm-11\/","og_locale":"nb_NO","og_type":"article","og_title":"40 cm - Viggo Bendz","og_description":"B\u00f8tter av leire","og_url":"https:\/\/viggobendz.dk\/no\/butik\/utstyr\/spader\/boetter-av-leire\/19-26-tonn\/40-cm-11\/","og_site_name":"Viggo Bendz","og_image":[{"width":1024,"height":768,"url":"https:\/\/viggobendz.dk\/wp-content\/uploads\/2025\/02\/Lerskovl-Trevi-Benne-1024x768.jpg","type":"image\/jpeg"}],"twitter_card":"summary_large_image","twitter_misc":{"Ansl. lesetid":"1 minutt"},"schema":{"@context":"https:\/\/schema.org","@graph":[{"@type":"WebPage","@id":"https:\/\/viggobendz.dk\/no\/butik\/utstyr\/spader\/boetter-av-leire\/19-26-tonn\/40-cm-11\/","url":"https:\/\/viggobendz.dk\/no\/butik\/utstyr\/spader\/boetter-av-leire\/19-26-tonn\/40-cm-11\/","name":"40 cm - Viggo Bendz","isPartOf":{"@id":"https:\/\/viggobendz.dk\/no\/#website"},"primaryImageOfPage":{"@id":"https:\/\/viggobendz.dk\/no\/butik\/utstyr\/spader\/boetter-av-leire\/19-26-tonn\/40-cm-11\/#primaryimage"},"image":{"@id":"https:\/\/viggobendz.dk\/no\/butik\/utstyr\/spader\/boetter-av-leire\/19-26-tonn\/40-cm-11\/#primaryimage"},"thumbnailUrl":"https:\/\/viggobendz.dk\/wp-content\/uploads\/2025\/02\/Lerskovl-Trevi-Benne.jpg","datePublished":"2025-03-11T06:51:42+00:00","breadcrumb":{"@id":"https:\/\/viggobendz.dk\/no\/butik\/utstyr\/spader\/boetter-av-leire\/19-26-tonn\/40-cm-11\/#breadcrumb"},"inLanguage":"nb-NO","potentialAction":[{"@type":"ReadAction","target":["https:\/\/viggobendz.dk\/no\/butik\/utstyr\/spader\/boetter-av-leire\/19-26-tonn\/40-cm-11\/"]}]},{"@type":"ImageObject","inLanguage":"nb-NO","@id":"https:\/\/viggobendz.dk\/no\/butik\/utstyr\/spader\/boetter-av-leire\/19-26-tonn\/40-cm-11\/#primaryimage","url":"https:\/\/viggobendz.dk\/wp-content\/uploads\/2025\/02\/Lerskovl-Trevi-Benne.jpg","contentUrl":"https:\/\/viggobendz.dk\/wp-content\/uploads\/2025\/02\/Lerskovl-Trevi-Benne.jpg","width":4608,"height":3456},{"@type":"BreadcrumbList","@id":"https:\/\/viggobendz.dk\/no\/butik\/utstyr\/spader\/boetter-av-leire\/19-26-tonn\/40-cm-11\/#breadcrumb","itemListElement":[{"@type":"ListItem","position":1,"name":"Hjem","item":"https:\/\/viggobendz.dk\/no\/startside\/"},{"@type":"ListItem","position":2,"name":"Shop","item":"https:\/\/viggobendz.dk\/butik\/"},{"@type":"ListItem","position":3,"name":"Utstyr","item":"https:\/\/viggobendz.dk\/no\/vare-kategori\/utstyr\/"},{"@type":"ListItem","position":4,"name":"Spader","item":"https:\/\/viggobendz.dk\/no\/vare-kategori\/utstyr\/spader\/"},{"@type":"ListItem","position":5,"name":"B\u00f8tter av leire","item":"https:\/\/viggobendz.dk\/no\/vare-kategori\/utstyr\/spader\/boetter-av-leire\/"},{"@type":"ListItem","position":6,"name":"19-26 tonn","item":"https:\/\/viggobendz.dk\/no\/vare-kategori\/utstyr\/spader\/boetter-av-leire\/19-26-tonn\/"},{"@type":"ListItem","position":7,"name":"40 cm"}]},{"@type":"WebSite","@id":"https:\/\/viggobendz.dk\/no\/#website","url":"https:\/\/viggobendz.dk\/no\/","name":"Viggo Bendz","description":"Det ansvarlige valg","publisher":{"@id":"https:\/\/viggobendz.dk\/no\/#organization"},"potentialAction":[{"@type":"SearchAction","target":{"@type":"EntryPoint","urlTemplate":"https:\/\/viggobendz.dk\/no\/?s={search_term_string}"},"query-input":{"@type":"PropertyValueSpecification","valueRequired":true,"valueName":"search_term_string"}}],"inLanguage":"nb-NO"},{"@type":"Organization","@id":"https:\/\/viggobendz.dk\/no\/#organization","name":"Viggo Bendz A\/S","url":"https:\/\/viggobendz.dk\/no\/","logo":{"@type":"ImageObject","inLanguage":"nb-NO","@id":"https:\/\/viggobendz.dk\/no\/#\/schema\/logo\/image\/","url":"https:\/\/viggobendz.dk\/wp-content\/uploads\/2020\/03\/VB-Logo.png","contentUrl":"https:\/\/viggobendz.dk\/wp-content\/uploads\/2020\/03\/VB-Logo.png","width":735,"height":776,"caption":"Viggo Bendz A\/S"},"image":{"@id":"https:\/\/viggobendz.dk\/no\/#\/schema\/logo\/image\/"}}]}},"_links":{"self":[{"href":"https:\/\/viggobendz.dk\/no\/wp-json\/wp\/v2\/product\/26060","targetHints":{"allow":["GET"]}}],"collection":[{"href":"https:\/\/viggobendz.dk\/no\/wp-json\/wp\/v2\/product"}],"about":[{"href":"https:\/\/viggobendz.dk\/no\/wp-json\/wp\/v2\/types\/product"}],"wp:featuredmedia":[{"embeddable":true,"href":"https:\/\/viggobendz.dk\/no\/wp-json\/wp\/v2\/media\/11916"}],"wp:attachment":[{"href":"https:\/\/viggobendz.dk\/no\/wp-json\/wp\/v2\/media?parent=26060"}],"wp:term":[{"taxonomy":"product_brand","embeddable":true,"href":"https:\/\/viggobendz.dk\/no\/wp-json\/wp\/v2\/product_brand?post=26060"},{"taxonomy":"product_cat","embeddable":true,"href":"https:\/\/viggobendz.dk\/no\/wp-json\/wp\/v2\/product_cat?post=26060"},{"taxonomy":"product_tag","embeddable":true,"href":"https:\/\/viggobendz.dk\/no\/wp-json\/wp\/v2\/product_tag?post=26060"}],"curies":[{"name":"wp","href":"https:\/\/api.w.org\/{rel}","templated":true}]}}