{"id":26159,"date":"2025-03-11T07:50:17","date_gmt":"2025-03-11T06:50:17","guid":{"rendered":"https:\/\/viggobendz.dk\/butik\/ukategorisert\/180-cm-3\/"},"modified":"2025-03-11T07:50:17","modified_gmt":"2025-03-11T06:50:17","slug":"180-cm-3","status":"publish","type":"product","link":"https:\/\/viggobendz.dk\/no\/butik\/utstyr\/spader\/nivelleringsskuffer\/kyllingbar\/4-6-tonn-4\/180-cm-3\/","title":{"rendered":"180 cm"},"content":{"rendered":"<p data-start=\"0\" data-end=\"60\"><strong data-start=\"0\" data-end=\"58\">CP nivelleringsskuffer &#8211; presisjon og holdbarhet for nivellering og finplanering<\/strong><\/p>\n<p data-start=\"61\" data-end=\"200\">CP-planeringsskuffer er utviklet for entrepren\u00f8rer som trenger presis og effektiv planering, nivellering og grunnforberedelse. CP-planeringsskuffer har en bred skj\u00e6rekant og en sterk konstruksjon som sikrer optimal jordh\u00e5ndtering og en jevn overflate, selv i ujevnt terreng. <\/p>\n<ul>\n<li data-start=\"201\" data-end=\"260\"><strong data-start=\"201\" data-end=\"259\">N\u00f8yaktig planering<\/strong> &#8211; Bred skj\u00e6rekant og optimalisert design sikrer en jevn og ensartet overflate.<\/li>\n<li data-start=\"261\" data-end=\"320\"><strong data-start=\"261\" data-end=\"319\">Slitesterk konstruksjon<\/strong> &#8211; Laget av h\u00f8yfast st\u00e5l for maksimal holdbarhet og lang levetid.<\/li>\n<li data-start=\"321\" data-end=\"380\"><strong data-start=\"321\" data-end=\"379\">Fleksibel montering<\/strong> &#8211; passer til ulike maskintyper og kan tilpasses for spesifikke oppgaver.<\/li>\n<\/ul>\n<p data-start=\"381\" data-end=\"440\">Med en CP nivelleringsskuffe f\u00e5r du et p\u00e5litelig og effektivt verkt\u00f8y som optimaliserer nivelleringsarbeidet og sikrer h\u00f8y produktivitet p\u00e5 byggeplassen.<\/p>\n","protected":false},"excerpt":{"rendered":"<p>Nivelleringsskuffer<\/p>\n","protected":false},"featured_media":11935,"template":"","meta":{"_acf_changed":false},"product_brand":[],"product_cat":[6264,6073,5210,3588,2594],"product_tag":[],"class_list":{"0":"post-26159","1":"product","2":"type-product","3":"status-publish","4":"has-post-thumbnail","6":"product_cat-4-6-tonn-4","7":"product_cat-kyllingbar","8":"product_cat-nivelleringsskuffer","9":"product_cat-spader","10":"product_cat-utstyr","11":"pa_type-2-cp-t5-kpp180","13":"first","14":"instock","15":"taxable","16":"shipping-taxable","17":"purchasable","18":"product-type-simple"},"acf":[],"yoast_head":"<title>180 cm - Viggo Bendz<\/title>\n<meta name=\"robots\" content=\"index, follow, max-snippet:-1, max-image-preview:large, max-video-preview:-1\" \/>\n<link rel=\"canonical\" href=\"https:\/\/viggobendz.dk\/no\/butik\/utstyr\/spader\/nivelleringsskuffer\/kyllingbar\/4-6-tonn-4\/180-cm-3\/\" \/>\n<meta property=\"og:locale\" content=\"nb_NO\" \/>\n<meta property=\"og:type\" content=\"article\" \/>\n<meta property=\"og:title\" content=\"180 cm - Viggo Bendz\" \/>\n<meta property=\"og:description\" content=\"Nivelleringsskuffer\" \/>\n<meta property=\"og:url\" content=\"https:\/\/viggobendz.dk\/no\/butik\/utstyr\/spader\/nivelleringsskuffer\/kyllingbar\/4-6-tonn-4\/180-cm-3\/\" \/>\n<meta property=\"og:site_name\" content=\"Viggo Bendz\" \/>\n<meta property=\"og:image\" content=\"https:\/\/viggobendz.dk\/wp-content\/uploads\/2025\/02\/T6-planerskovl-1-cylinder-Photoroom.png\" \/>\n\t<meta property=\"og:image:width\" content=\"600\" \/>\n\t<meta property=\"og:image:height\" content=\"600\" \/>\n\t<meta property=\"og:image:type\" content=\"image\/png\" \/>\n<meta name=\"twitter:card\" content=\"summary_large_image\" \/>\n<meta name=\"twitter:label1\" content=\"Ansl. lesetid\" \/>\n\t<meta name=\"twitter:data1\" content=\"1 minutt\" \/>\n<script type=\"application\/ld+json\" class=\"yoast-schema-graph\">{\"@context\":\"https:\/\/schema.org\",\"@graph\":[{\"@type\":\"WebPage\",\"@id\":\"https:\/\/viggobendz.dk\/no\/butik\/utstyr\/spader\/nivelleringsskuffer\/kyllingbar\/4-6-tonn-4\/180-cm-3\/\",\"url\":\"https:\/\/viggobendz.dk\/no\/butik\/utstyr\/spader\/nivelleringsskuffer\/kyllingbar\/4-6-tonn-4\/180-cm-3\/\",\"name\":\"180 cm - Viggo Bendz\",\"isPartOf\":{\"@id\":\"https:\/\/viggobendz.dk\/no\/#website\"},\"primaryImageOfPage\":{\"@id\":\"https:\/\/viggobendz.dk\/no\/butik\/utstyr\/spader\/nivelleringsskuffer\/kyllingbar\/4-6-tonn-4\/180-cm-3\/#primaryimage\"},\"image\":{\"@id\":\"https:\/\/viggobendz.dk\/no\/butik\/utstyr\/spader\/nivelleringsskuffer\/kyllingbar\/4-6-tonn-4\/180-cm-3\/#primaryimage\"},\"thumbnailUrl\":\"https:\/\/viggobendz.dk\/wp-content\/uploads\/2025\/02\/T6-planerskovl-1-cylinder-Photoroom.png\",\"datePublished\":\"2025-03-11T06:50:17+00:00\",\"breadcrumb\":{\"@id\":\"https:\/\/viggobendz.dk\/no\/butik\/utstyr\/spader\/nivelleringsskuffer\/kyllingbar\/4-6-tonn-4\/180-cm-3\/#breadcrumb\"},\"inLanguage\":\"nb-NO\",\"potentialAction\":[{\"@type\":\"ReadAction\",\"target\":[\"https:\/\/viggobendz.dk\/no\/butik\/utstyr\/spader\/nivelleringsskuffer\/kyllingbar\/4-6-tonn-4\/180-cm-3\/\"]}]},{\"@type\":\"ImageObject\",\"inLanguage\":\"nb-NO\",\"@id\":\"https:\/\/viggobendz.dk\/no\/butik\/utstyr\/spader\/nivelleringsskuffer\/kyllingbar\/4-6-tonn-4\/180-cm-3\/#primaryimage\",\"url\":\"https:\/\/viggobendz.dk\/wp-content\/uploads\/2025\/02\/T6-planerskovl-1-cylinder-Photoroom.png\",\"contentUrl\":\"https:\/\/viggobendz.dk\/wp-content\/uploads\/2025\/02\/T6-planerskovl-1-cylinder-Photoroom.png\",\"width\":600,\"height\":600},{\"@type\":\"BreadcrumbList\",\"@id\":\"https:\/\/viggobendz.dk\/no\/butik\/utstyr\/spader\/nivelleringsskuffer\/kyllingbar\/4-6-tonn-4\/180-cm-3\/#breadcrumb\",\"itemListElement\":[{\"@type\":\"ListItem\",\"position\":1,\"name\":\"Hjem\",\"item\":\"https:\/\/viggobendz.dk\/no\/startside\/\"},{\"@type\":\"ListItem\",\"position\":2,\"name\":\"Shop\",\"item\":\"https:\/\/viggobendz.dk\/butik\/\"},{\"@type\":\"ListItem\",\"position\":3,\"name\":\"Utstyr\",\"item\":\"https:\/\/viggobendz.dk\/no\/vare-kategori\/utstyr\/\"},{\"@type\":\"ListItem\",\"position\":4,\"name\":\"Spader\",\"item\":\"https:\/\/viggobendz.dk\/no\/vare-kategori\/utstyr\/spader\/\"},{\"@type\":\"ListItem\",\"position\":5,\"name\":\"Nivelleringsskuffer\",\"item\":\"https:\/\/viggobendz.dk\/no\/vare-kategori\/utstyr\/spader\/nivelleringsskuffer\/\"},{\"@type\":\"ListItem\",\"position\":6,\"name\":\"Kyllingbar\",\"item\":\"https:\/\/viggobendz.dk\/no\/vare-kategori\/utstyr\/spader\/nivelleringsskuffer\/kyllingbar\/\"},{\"@type\":\"ListItem\",\"position\":7,\"name\":\"4-6 tonn\",\"item\":\"https:\/\/viggobendz.dk\/no\/vare-kategori\/utstyr\/spader\/nivelleringsskuffer\/kyllingbar\/4-6-tonn-4\/\"},{\"@type\":\"ListItem\",\"position\":8,\"name\":\"180 cm\"}]},{\"@type\":\"WebSite\",\"@id\":\"https:\/\/viggobendz.dk\/no\/#website\",\"url\":\"https:\/\/viggobendz.dk\/no\/\",\"name\":\"Viggo Bendz\",\"description\":\"Det ansvarlige valg\",\"publisher\":{\"@id\":\"https:\/\/viggobendz.dk\/no\/#organization\"},\"potentialAction\":[{\"@type\":\"SearchAction\",\"target\":{\"@type\":\"EntryPoint\",\"urlTemplate\":\"https:\/\/viggobendz.dk\/no\/?s={search_term_string}\"},\"query-input\":{\"@type\":\"PropertyValueSpecification\",\"valueRequired\":true,\"valueName\":\"search_term_string\"}}],\"inLanguage\":\"nb-NO\"},{\"@type\":\"Organization\",\"@id\":\"https:\/\/viggobendz.dk\/no\/#organization\",\"name\":\"Viggo Bendz A\/S\",\"url\":\"https:\/\/viggobendz.dk\/no\/\",\"logo\":{\"@type\":\"ImageObject\",\"inLanguage\":\"nb-NO\",\"@id\":\"https:\/\/viggobendz.dk\/no\/#\/schema\/logo\/image\/\",\"url\":\"https:\/\/viggobendz.dk\/wp-content\/uploads\/2020\/03\/VB-Logo.png\",\"contentUrl\":\"https:\/\/viggobendz.dk\/wp-content\/uploads\/2020\/03\/VB-Logo.png\",\"width\":735,\"height\":776,\"caption\":\"Viggo Bendz A\/S\"},\"image\":{\"@id\":\"https:\/\/viggobendz.dk\/no\/#\/schema\/logo\/image\/\"}}]}<\/script>","yoast_head_json":{"title":"180 cm - Viggo Bendz","robots":{"index":"index","follow":"follow","max-snippet":"max-snippet:-1","max-image-preview":"max-image-preview:large","max-video-preview":"max-video-preview:-1"},"canonical":"https:\/\/viggobendz.dk\/no\/butik\/utstyr\/spader\/nivelleringsskuffer\/kyllingbar\/4-6-tonn-4\/180-cm-3\/","og_locale":"nb_NO","og_type":"article","og_title":"180 cm - Viggo Bendz","og_description":"Nivelleringsskuffer","og_url":"https:\/\/viggobendz.dk\/no\/butik\/utstyr\/spader\/nivelleringsskuffer\/kyllingbar\/4-6-tonn-4\/180-cm-3\/","og_site_name":"Viggo Bendz","og_image":[{"width":600,"height":600,"url":"https:\/\/viggobendz.dk\/wp-content\/uploads\/2025\/02\/T6-planerskovl-1-cylinder-Photoroom.png","type":"image\/png"}],"twitter_card":"summary_large_image","twitter_misc":{"Ansl. lesetid":"1 minutt"},"schema":{"@context":"https:\/\/schema.org","@graph":[{"@type":"WebPage","@id":"https:\/\/viggobendz.dk\/no\/butik\/utstyr\/spader\/nivelleringsskuffer\/kyllingbar\/4-6-tonn-4\/180-cm-3\/","url":"https:\/\/viggobendz.dk\/no\/butik\/utstyr\/spader\/nivelleringsskuffer\/kyllingbar\/4-6-tonn-4\/180-cm-3\/","name":"180 cm - Viggo Bendz","isPartOf":{"@id":"https:\/\/viggobendz.dk\/no\/#website"},"primaryImageOfPage":{"@id":"https:\/\/viggobendz.dk\/no\/butik\/utstyr\/spader\/nivelleringsskuffer\/kyllingbar\/4-6-tonn-4\/180-cm-3\/#primaryimage"},"image":{"@id":"https:\/\/viggobendz.dk\/no\/butik\/utstyr\/spader\/nivelleringsskuffer\/kyllingbar\/4-6-tonn-4\/180-cm-3\/#primaryimage"},"thumbnailUrl":"https:\/\/viggobendz.dk\/wp-content\/uploads\/2025\/02\/T6-planerskovl-1-cylinder-Photoroom.png","datePublished":"2025-03-11T06:50:17+00:00","breadcrumb":{"@id":"https:\/\/viggobendz.dk\/no\/butik\/utstyr\/spader\/nivelleringsskuffer\/kyllingbar\/4-6-tonn-4\/180-cm-3\/#breadcrumb"},"inLanguage":"nb-NO","potentialAction":[{"@type":"ReadAction","target":["https:\/\/viggobendz.dk\/no\/butik\/utstyr\/spader\/nivelleringsskuffer\/kyllingbar\/4-6-tonn-4\/180-cm-3\/"]}]},{"@type":"ImageObject","inLanguage":"nb-NO","@id":"https:\/\/viggobendz.dk\/no\/butik\/utstyr\/spader\/nivelleringsskuffer\/kyllingbar\/4-6-tonn-4\/180-cm-3\/#primaryimage","url":"https:\/\/viggobendz.dk\/wp-content\/uploads\/2025\/02\/T6-planerskovl-1-cylinder-Photoroom.png","contentUrl":"https:\/\/viggobendz.dk\/wp-content\/uploads\/2025\/02\/T6-planerskovl-1-cylinder-Photoroom.png","width":600,"height":600},{"@type":"BreadcrumbList","@id":"https:\/\/viggobendz.dk\/no\/butik\/utstyr\/spader\/nivelleringsskuffer\/kyllingbar\/4-6-tonn-4\/180-cm-3\/#breadcrumb","itemListElement":[{"@type":"ListItem","position":1,"name":"Hjem","item":"https:\/\/viggobendz.dk\/no\/startside\/"},{"@type":"ListItem","position":2,"name":"Shop","item":"https:\/\/viggobendz.dk\/butik\/"},{"@type":"ListItem","position":3,"name":"Utstyr","item":"https:\/\/viggobendz.dk\/no\/vare-kategori\/utstyr\/"},{"@type":"ListItem","position":4,"name":"Spader","item":"https:\/\/viggobendz.dk\/no\/vare-kategori\/utstyr\/spader\/"},{"@type":"ListItem","position":5,"name":"Nivelleringsskuffer","item":"https:\/\/viggobendz.dk\/no\/vare-kategori\/utstyr\/spader\/nivelleringsskuffer\/"},{"@type":"ListItem","position":6,"name":"Kyllingbar","item":"https:\/\/viggobendz.dk\/no\/vare-kategori\/utstyr\/spader\/nivelleringsskuffer\/kyllingbar\/"},{"@type":"ListItem","position":7,"name":"4-6 tonn","item":"https:\/\/viggobendz.dk\/no\/vare-kategori\/utstyr\/spader\/nivelleringsskuffer\/kyllingbar\/4-6-tonn-4\/"},{"@type":"ListItem","position":8,"name":"180 cm"}]},{"@type":"WebSite","@id":"https:\/\/viggobendz.dk\/no\/#website","url":"https:\/\/viggobendz.dk\/no\/","name":"Viggo Bendz","description":"Det ansvarlige valg","publisher":{"@id":"https:\/\/viggobendz.dk\/no\/#organization"},"potentialAction":[{"@type":"SearchAction","target":{"@type":"EntryPoint","urlTemplate":"https:\/\/viggobendz.dk\/no\/?s={search_term_string}"},"query-input":{"@type":"PropertyValueSpecification","valueRequired":true,"valueName":"search_term_string"}}],"inLanguage":"nb-NO"},{"@type":"Organization","@id":"https:\/\/viggobendz.dk\/no\/#organization","name":"Viggo Bendz A\/S","url":"https:\/\/viggobendz.dk\/no\/","logo":{"@type":"ImageObject","inLanguage":"nb-NO","@id":"https:\/\/viggobendz.dk\/no\/#\/schema\/logo\/image\/","url":"https:\/\/viggobendz.dk\/wp-content\/uploads\/2020\/03\/VB-Logo.png","contentUrl":"https:\/\/viggobendz.dk\/wp-content\/uploads\/2020\/03\/VB-Logo.png","width":735,"height":776,"caption":"Viggo Bendz A\/S"},"image":{"@id":"https:\/\/viggobendz.dk\/no\/#\/schema\/logo\/image\/"}}]}},"_links":{"self":[{"href":"https:\/\/viggobendz.dk\/no\/wp-json\/wp\/v2\/product\/26159","targetHints":{"allow":["GET"]}}],"collection":[{"href":"https:\/\/viggobendz.dk\/no\/wp-json\/wp\/v2\/product"}],"about":[{"href":"https:\/\/viggobendz.dk\/no\/wp-json\/wp\/v2\/types\/product"}],"wp:featuredmedia":[{"embeddable":true,"href":"https:\/\/viggobendz.dk\/no\/wp-json\/wp\/v2\/media\/11935"}],"wp:attachment":[{"href":"https:\/\/viggobendz.dk\/no\/wp-json\/wp\/v2\/media?parent=26159"}],"wp:term":[{"taxonomy":"product_brand","embeddable":true,"href":"https:\/\/viggobendz.dk\/no\/wp-json\/wp\/v2\/product_brand?post=26159"},{"taxonomy":"product_cat","embeddable":true,"href":"https:\/\/viggobendz.dk\/no\/wp-json\/wp\/v2\/product_cat?post=26159"},{"taxonomy":"product_tag","embeddable":true,"href":"https:\/\/viggobendz.dk\/no\/wp-json\/wp\/v2\/product_tag?post=26159"}],"curies":[{"name":"wp","href":"https:\/\/api.w.org\/{rel}","templated":true}]}}