{"id":26935,"date":"2025-03-11T07:48:16","date_gmt":"2025-03-11T06:48:16","guid":{"rendered":"https:\/\/viggobendz.dk\/butik\/ukategorisert\/50-cm-20\/"},"modified":"2025-03-11T07:48:16","modified_gmt":"2025-03-11T06:48:16","slug":"50-cm-20","status":"publish","type":"product","link":"https:\/\/viggobendz.dk\/no\/butik\/utstyr\/spader\/skuffer-til-gravemaskiner\/4-6-tonn-5\/50-cm-20\/","title":{"rendered":"50 cm"},"content":{"rendered":"<p data-start=\"0\" data-end=\"60\"><strong data-start=\"0\" data-end=\"58\">CP-gravemaskinskuffer &#8211; holdbare og effektive for krevende graveoppgaver<\/strong><\/p>\n<p data-start=\"61\" data-end=\"200\">CP-gravemaskinskuffer er konstruert for \u00e5 levere maksimal ytelse og holdbarhet for entrepren\u00f8rer som arbeider i jord, stein og betong. Med en robust konstruksjon, optimalisert geometri og slitesterke materialer sikrer CP-gravemaskinskuffer effektiv utgraving og lang levetid, selv under de mest krevende forhold. <\/p>\n<ul>\n<li data-start=\"201\" data-end=\"260\"><strong data-start=\"201\" data-end=\"259\">H\u00f8y styrke og holdbarhet<\/strong> &#8211; Laget av slitesterkt st\u00e5l for lang levetid og redusert vedlikehold.<\/li>\n<li data-start=\"261\" data-end=\"320\"><strong data-start=\"261\" data-end=\"319\">Effektiv gravedesign<\/strong> &#8211; Optimalisert form og skj\u00e6rkant for \u00f8kt gjennomtrengning og bedre jordh\u00e5ndtering.<\/li>\n<li data-start=\"321\" data-end=\"380\"><strong data-start=\"321\" data-end=\"379\">Fleksible monteringsalternativer<\/strong> &#8211; passer til ulike maskintyper og kan tilpasses spesifikke graveoppgaver.<\/li>\n<\/ul>\n<p data-start=\"381\" data-end=\"440\">Med en CP-gravemaskinskuffe f\u00e5r du en p\u00e5litelig og kraftig l\u00f8sning som \u00f8ker effektiviteten p\u00e5 arbeidsplassen og reduserer driftskostnadene.<\/p>\n","protected":false},"excerpt":{"rendered":"<p>Skuffer til gravemaskiner<\/p>\n","protected":false},"featured_media":11932,"template":"","meta":{"_acf_changed":false},"product_brand":[],"product_cat":[7084,6670,3588,2594],"product_tag":[],"class_list":{"0":"post-26935","1":"product","2":"type-product","3":"status-publish","4":"has-post-thumbnail","6":"product_cat-4-6-tonn-5","7":"product_cat-skuffer-til-gravemaskiner","8":"product_cat-spader","9":"product_cat-utstyr","10":"pa_type-2-cp-t5-g50","12":"first","13":"instock","14":"taxable","15":"shipping-taxable","16":"purchasable","17":"product-type-simple"},"acf":[],"yoast_head":"<title>50 cm - Viggo Bendz<\/title>\n<meta name=\"robots\" content=\"index, follow, max-snippet:-1, max-image-preview:large, max-video-preview:-1\" \/>\n<link rel=\"canonical\" href=\"https:\/\/viggobendz.dk\/no\/butik\/utstyr\/spader\/skuffer-til-gravemaskiner\/4-6-tonn-5\/50-cm-20\/\" \/>\n<meta property=\"og:locale\" content=\"nb_NO\" \/>\n<meta property=\"og:type\" content=\"article\" \/>\n<meta property=\"og:title\" content=\"50 cm - Viggo Bendz\" \/>\n<meta property=\"og:description\" content=\"Skuffer til gravemaskiner\" \/>\n<meta property=\"og:url\" content=\"https:\/\/viggobendz.dk\/no\/butik\/utstyr\/spader\/skuffer-til-gravemaskiner\/4-6-tonn-5\/50-cm-20\/\" \/>\n<meta property=\"og:site_name\" content=\"Viggo Bendz\" \/>\n<meta property=\"og:image\" content=\"https:\/\/viggobendz.dk\/wp-content\/uploads\/2025\/02\/T5-Graveskovl-Photoroom.png\" \/>\n\t<meta property=\"og:image:width\" content=\"600\" \/>\n\t<meta property=\"og:image:height\" content=\"600\" \/>\n\t<meta property=\"og:image:type\" content=\"image\/png\" \/>\n<meta name=\"twitter:card\" content=\"summary_large_image\" \/>\n<meta name=\"twitter:label1\" content=\"Ansl. lesetid\" \/>\n\t<meta name=\"twitter:data1\" content=\"1 minutt\" \/>\n<script type=\"application\/ld+json\" class=\"yoast-schema-graph\">{\"@context\":\"https:\/\/schema.org\",\"@graph\":[{\"@type\":\"WebPage\",\"@id\":\"https:\/\/viggobendz.dk\/no\/butik\/utstyr\/spader\/skuffer-til-gravemaskiner\/4-6-tonn-5\/50-cm-20\/\",\"url\":\"https:\/\/viggobendz.dk\/no\/butik\/utstyr\/spader\/skuffer-til-gravemaskiner\/4-6-tonn-5\/50-cm-20\/\",\"name\":\"50 cm - Viggo Bendz\",\"isPartOf\":{\"@id\":\"https:\/\/viggobendz.dk\/no\/#website\"},\"primaryImageOfPage\":{\"@id\":\"https:\/\/viggobendz.dk\/no\/butik\/utstyr\/spader\/skuffer-til-gravemaskiner\/4-6-tonn-5\/50-cm-20\/#primaryimage\"},\"image\":{\"@id\":\"https:\/\/viggobendz.dk\/no\/butik\/utstyr\/spader\/skuffer-til-gravemaskiner\/4-6-tonn-5\/50-cm-20\/#primaryimage\"},\"thumbnailUrl\":\"https:\/\/viggobendz.dk\/wp-content\/uploads\/2025\/02\/T5-Graveskovl-Photoroom.png\",\"datePublished\":\"2025-03-11T06:48:16+00:00\",\"breadcrumb\":{\"@id\":\"https:\/\/viggobendz.dk\/no\/butik\/utstyr\/spader\/skuffer-til-gravemaskiner\/4-6-tonn-5\/50-cm-20\/#breadcrumb\"},\"inLanguage\":\"nb-NO\",\"potentialAction\":[{\"@type\":\"ReadAction\",\"target\":[\"https:\/\/viggobendz.dk\/no\/butik\/utstyr\/spader\/skuffer-til-gravemaskiner\/4-6-tonn-5\/50-cm-20\/\"]}]},{\"@type\":\"ImageObject\",\"inLanguage\":\"nb-NO\",\"@id\":\"https:\/\/viggobendz.dk\/no\/butik\/utstyr\/spader\/skuffer-til-gravemaskiner\/4-6-tonn-5\/50-cm-20\/#primaryimage\",\"url\":\"https:\/\/viggobendz.dk\/wp-content\/uploads\/2025\/02\/T5-Graveskovl-Photoroom.png\",\"contentUrl\":\"https:\/\/viggobendz.dk\/wp-content\/uploads\/2025\/02\/T5-Graveskovl-Photoroom.png\",\"width\":600,\"height\":600},{\"@type\":\"BreadcrumbList\",\"@id\":\"https:\/\/viggobendz.dk\/no\/butik\/utstyr\/spader\/skuffer-til-gravemaskiner\/4-6-tonn-5\/50-cm-20\/#breadcrumb\",\"itemListElement\":[{\"@type\":\"ListItem\",\"position\":1,\"name\":\"Hjem\",\"item\":\"https:\/\/viggobendz.dk\/no\/startside\/\"},{\"@type\":\"ListItem\",\"position\":2,\"name\":\"Shop\",\"item\":\"https:\/\/viggobendz.dk\/butik\/\"},{\"@type\":\"ListItem\",\"position\":3,\"name\":\"Utstyr\",\"item\":\"https:\/\/viggobendz.dk\/no\/vare-kategori\/utstyr\/\"},{\"@type\":\"ListItem\",\"position\":4,\"name\":\"Spader\",\"item\":\"https:\/\/viggobendz.dk\/no\/vare-kategori\/utstyr\/spader\/\"},{\"@type\":\"ListItem\",\"position\":5,\"name\":\"Skuffer til gravemaskiner\",\"item\":\"https:\/\/viggobendz.dk\/no\/vare-kategori\/utstyr\/spader\/skuffer-til-gravemaskiner\/\"},{\"@type\":\"ListItem\",\"position\":6,\"name\":\"4-6 tonn\",\"item\":\"https:\/\/viggobendz.dk\/no\/vare-kategori\/utstyr\/spader\/skuffer-til-gravemaskiner\/4-6-tonn-5\/\"},{\"@type\":\"ListItem\",\"position\":7,\"name\":\"50 cm\"}]},{\"@type\":\"WebSite\",\"@id\":\"https:\/\/viggobendz.dk\/no\/#website\",\"url\":\"https:\/\/viggobendz.dk\/no\/\",\"name\":\"Viggo Bendz\",\"description\":\"Det ansvarlige valg\",\"publisher\":{\"@id\":\"https:\/\/viggobendz.dk\/no\/#organization\"},\"potentialAction\":[{\"@type\":\"SearchAction\",\"target\":{\"@type\":\"EntryPoint\",\"urlTemplate\":\"https:\/\/viggobendz.dk\/no\/?s={search_term_string}\"},\"query-input\":{\"@type\":\"PropertyValueSpecification\",\"valueRequired\":true,\"valueName\":\"search_term_string\"}}],\"inLanguage\":\"nb-NO\"},{\"@type\":\"Organization\",\"@id\":\"https:\/\/viggobendz.dk\/no\/#organization\",\"name\":\"Viggo Bendz A\/S\",\"url\":\"https:\/\/viggobendz.dk\/no\/\",\"logo\":{\"@type\":\"ImageObject\",\"inLanguage\":\"nb-NO\",\"@id\":\"https:\/\/viggobendz.dk\/no\/#\/schema\/logo\/image\/\",\"url\":\"https:\/\/viggobendz.dk\/wp-content\/uploads\/2020\/03\/VB-Logo.png\",\"contentUrl\":\"https:\/\/viggobendz.dk\/wp-content\/uploads\/2020\/03\/VB-Logo.png\",\"width\":735,\"height\":776,\"caption\":\"Viggo Bendz A\/S\"},\"image\":{\"@id\":\"https:\/\/viggobendz.dk\/no\/#\/schema\/logo\/image\/\"}}]}<\/script>","yoast_head_json":{"title":"50 cm - Viggo Bendz","robots":{"index":"index","follow":"follow","max-snippet":"max-snippet:-1","max-image-preview":"max-image-preview:large","max-video-preview":"max-video-preview:-1"},"canonical":"https:\/\/viggobendz.dk\/no\/butik\/utstyr\/spader\/skuffer-til-gravemaskiner\/4-6-tonn-5\/50-cm-20\/","og_locale":"nb_NO","og_type":"article","og_title":"50 cm - Viggo Bendz","og_description":"Skuffer til gravemaskiner","og_url":"https:\/\/viggobendz.dk\/no\/butik\/utstyr\/spader\/skuffer-til-gravemaskiner\/4-6-tonn-5\/50-cm-20\/","og_site_name":"Viggo Bendz","og_image":[{"width":600,"height":600,"url":"https:\/\/viggobendz.dk\/wp-content\/uploads\/2025\/02\/T5-Graveskovl-Photoroom.png","type":"image\/png"}],"twitter_card":"summary_large_image","twitter_misc":{"Ansl. lesetid":"1 minutt"},"schema":{"@context":"https:\/\/schema.org","@graph":[{"@type":"WebPage","@id":"https:\/\/viggobendz.dk\/no\/butik\/utstyr\/spader\/skuffer-til-gravemaskiner\/4-6-tonn-5\/50-cm-20\/","url":"https:\/\/viggobendz.dk\/no\/butik\/utstyr\/spader\/skuffer-til-gravemaskiner\/4-6-tonn-5\/50-cm-20\/","name":"50 cm - Viggo Bendz","isPartOf":{"@id":"https:\/\/viggobendz.dk\/no\/#website"},"primaryImageOfPage":{"@id":"https:\/\/viggobendz.dk\/no\/butik\/utstyr\/spader\/skuffer-til-gravemaskiner\/4-6-tonn-5\/50-cm-20\/#primaryimage"},"image":{"@id":"https:\/\/viggobendz.dk\/no\/butik\/utstyr\/spader\/skuffer-til-gravemaskiner\/4-6-tonn-5\/50-cm-20\/#primaryimage"},"thumbnailUrl":"https:\/\/viggobendz.dk\/wp-content\/uploads\/2025\/02\/T5-Graveskovl-Photoroom.png","datePublished":"2025-03-11T06:48:16+00:00","breadcrumb":{"@id":"https:\/\/viggobendz.dk\/no\/butik\/utstyr\/spader\/skuffer-til-gravemaskiner\/4-6-tonn-5\/50-cm-20\/#breadcrumb"},"inLanguage":"nb-NO","potentialAction":[{"@type":"ReadAction","target":["https:\/\/viggobendz.dk\/no\/butik\/utstyr\/spader\/skuffer-til-gravemaskiner\/4-6-tonn-5\/50-cm-20\/"]}]},{"@type":"ImageObject","inLanguage":"nb-NO","@id":"https:\/\/viggobendz.dk\/no\/butik\/utstyr\/spader\/skuffer-til-gravemaskiner\/4-6-tonn-5\/50-cm-20\/#primaryimage","url":"https:\/\/viggobendz.dk\/wp-content\/uploads\/2025\/02\/T5-Graveskovl-Photoroom.png","contentUrl":"https:\/\/viggobendz.dk\/wp-content\/uploads\/2025\/02\/T5-Graveskovl-Photoroom.png","width":600,"height":600},{"@type":"BreadcrumbList","@id":"https:\/\/viggobendz.dk\/no\/butik\/utstyr\/spader\/skuffer-til-gravemaskiner\/4-6-tonn-5\/50-cm-20\/#breadcrumb","itemListElement":[{"@type":"ListItem","position":1,"name":"Hjem","item":"https:\/\/viggobendz.dk\/no\/startside\/"},{"@type":"ListItem","position":2,"name":"Shop","item":"https:\/\/viggobendz.dk\/butik\/"},{"@type":"ListItem","position":3,"name":"Utstyr","item":"https:\/\/viggobendz.dk\/no\/vare-kategori\/utstyr\/"},{"@type":"ListItem","position":4,"name":"Spader","item":"https:\/\/viggobendz.dk\/no\/vare-kategori\/utstyr\/spader\/"},{"@type":"ListItem","position":5,"name":"Skuffer til gravemaskiner","item":"https:\/\/viggobendz.dk\/no\/vare-kategori\/utstyr\/spader\/skuffer-til-gravemaskiner\/"},{"@type":"ListItem","position":6,"name":"4-6 tonn","item":"https:\/\/viggobendz.dk\/no\/vare-kategori\/utstyr\/spader\/skuffer-til-gravemaskiner\/4-6-tonn-5\/"},{"@type":"ListItem","position":7,"name":"50 cm"}]},{"@type":"WebSite","@id":"https:\/\/viggobendz.dk\/no\/#website","url":"https:\/\/viggobendz.dk\/no\/","name":"Viggo Bendz","description":"Det ansvarlige valg","publisher":{"@id":"https:\/\/viggobendz.dk\/no\/#organization"},"potentialAction":[{"@type":"SearchAction","target":{"@type":"EntryPoint","urlTemplate":"https:\/\/viggobendz.dk\/no\/?s={search_term_string}"},"query-input":{"@type":"PropertyValueSpecification","valueRequired":true,"valueName":"search_term_string"}}],"inLanguage":"nb-NO"},{"@type":"Organization","@id":"https:\/\/viggobendz.dk\/no\/#organization","name":"Viggo Bendz A\/S","url":"https:\/\/viggobendz.dk\/no\/","logo":{"@type":"ImageObject","inLanguage":"nb-NO","@id":"https:\/\/viggobendz.dk\/no\/#\/schema\/logo\/image\/","url":"https:\/\/viggobendz.dk\/wp-content\/uploads\/2020\/03\/VB-Logo.png","contentUrl":"https:\/\/viggobendz.dk\/wp-content\/uploads\/2020\/03\/VB-Logo.png","width":735,"height":776,"caption":"Viggo Bendz A\/S"},"image":{"@id":"https:\/\/viggobendz.dk\/no\/#\/schema\/logo\/image\/"}}]}},"_links":{"self":[{"href":"https:\/\/viggobendz.dk\/no\/wp-json\/wp\/v2\/product\/26935","targetHints":{"allow":["GET"]}}],"collection":[{"href":"https:\/\/viggobendz.dk\/no\/wp-json\/wp\/v2\/product"}],"about":[{"href":"https:\/\/viggobendz.dk\/no\/wp-json\/wp\/v2\/types\/product"}],"wp:featuredmedia":[{"embeddable":true,"href":"https:\/\/viggobendz.dk\/no\/wp-json\/wp\/v2\/media\/11932"}],"wp:attachment":[{"href":"https:\/\/viggobendz.dk\/no\/wp-json\/wp\/v2\/media?parent=26935"}],"wp:term":[{"taxonomy":"product_brand","embeddable":true,"href":"https:\/\/viggobendz.dk\/no\/wp-json\/wp\/v2\/product_brand?post=26935"},{"taxonomy":"product_cat","embeddable":true,"href":"https:\/\/viggobendz.dk\/no\/wp-json\/wp\/v2\/product_cat?post=26935"},{"taxonomy":"product_tag","embeddable":true,"href":"https:\/\/viggobendz.dk\/no\/wp-json\/wp\/v2\/product_tag?post=26935"}],"curies":[{"name":"wp","href":"https:\/\/api.w.org\/{rel}","templated":true}]}}