{"id":27086,"date":"2025-03-11T07:44:48","date_gmt":"2025-03-11T06:44:48","guid":{"rendered":"https:\/\/viggobendz.dk\/butik\/ukategorisert\/55-laasering-e385\/"},"modified":"2025-03-11T07:44:48","modified_gmt":"2025-03-11T06:44:48","slug":"55-laasering-e385","status":"publish","type":"product","link":"https:\/\/viggobendz.dk\/no\/butik\/slitasjedeler\/tenner\/cat\/laasering\/55-laasering-e385\/","title":{"rendered":"5,5&#8243; l\u00e5sering (E385)"},"content":{"rendered":"<p data-start=\"0\" data-end=\"60\"><strong data-start=\"0\" data-end=\"58\">L\u00e5sering &#8211; sikkert og stabilt feste i CAT-systemet<\/strong><\/p>\n<p data-start=\"62\" data-end=\"312\">L\u00e5seringen er en viktig komponent i CAT-systemet som sikrer en solid forbindelse mellom tannhetten og tannholderen. Den forhindrer u\u00f8nsket bevegelse og s\u00f8rger for at tennene holder seg p\u00e5 plass, selv under ekstreme belastninger ved grave- og lastearbeid. <\/p>\n<p data-start=\"314\" data-end=\"541\">  <strong data-start=\"317\" data-end=\"342\">P\u00e5litelig feste<\/strong> &#8211; holder tannhetten sikkert p\u00e5 plass.<br data-start=\"380\" data-end=\"383\"> <strong data-start=\"386\" data-end=\"418\">Enkel montering og utskifting<\/strong> &#8211; Rask og problemfri montering.<br data-start=\"453\" data-end=\"456\"> <strong data-start=\"459\" data-end=\"485\">Slitesterk konstruksjon<\/strong> &#8211; Motst\u00e5r st\u00f8t, vibrasjoner og tunge belastninger.<\/p>\n<p data-start=\"314\" data-end=\"541\"><a href=\"https:\/\/viggobendz.dk\/wp-content\/uploads\/2020\/09\/CAT_System_Pin__Laas.pdf\"><span style=\"color: #bf8c2f;\"><strong>Datablad<\/strong><\/span><\/a><\/p>\n","protected":false},"excerpt":{"rendered":"<p>L\u00e5sering &#8211; sikkert og stabilt feste i CAT-systemet<\/p>\n<p>Passer til 5,5\u2033 CAT Tooth cap<\/p>\n","protected":false},"featured_media":11523,"template":"","meta":{"_acf_changed":false},"product_brand":[],"product_cat":[8745,8756,2664,2661],"product_tag":[],"class_list":{"0":"post-27086","1":"product","2":"type-product","3":"status-publish","4":"has-post-thumbnail","6":"product_cat-cat","7":"product_cat-laasering","8":"product_cat-slitasjedeler","9":"product_cat-tenner","11":"first","12":"instock","13":"taxable","14":"shipping-taxable","15":"purchasable","16":"product-type-simple"},"acf":[],"yoast_head":"<title>5,5&quot; l\u00e5sering (E385) - Viggo Bendz<\/title>\n<meta name=\"robots\" content=\"index, follow, max-snippet:-1, max-image-preview:large, max-video-preview:-1\" \/>\n<link rel=\"canonical\" href=\"https:\/\/viggobendz.dk\/no\/butik\/slitasjedeler\/tenner\/cat\/laasering\/55-laasering-e385\/\" \/>\n<meta property=\"og:locale\" content=\"nb_NO\" \/>\n<meta property=\"og:type\" content=\"article\" \/>\n<meta property=\"og:title\" content=\"5,5&quot; l\u00e5sering (E385) - Viggo Bendz\" \/>\n<meta property=\"og:description\" content=\"L\u00e5sering - sikkert og stabilt feste i CAT-systemet Passer til 5,5\u2033 CAT Tooth cap\" \/>\n<meta property=\"og:url\" content=\"https:\/\/viggobendz.dk\/no\/butik\/slitasjedeler\/tenner\/cat\/laasering\/55-laasering-e385\/\" \/>\n<meta property=\"og:site_name\" content=\"Viggo Bendz\" \/>\n<meta property=\"og:image\" content=\"https:\/\/viggobendz.dk\/wp-content\/uploads\/2025\/02\/laasering-cat-system-1.png\" \/>\n\t<meta property=\"og:image:width\" content=\"2500\" \/>\n\t<meta property=\"og:image:height\" content=\"1791\" \/>\n\t<meta property=\"og:image:type\" content=\"image\/png\" \/>\n<meta name=\"twitter:card\" content=\"summary_large_image\" \/>\n<script type=\"application\/ld+json\" class=\"yoast-schema-graph\">{\"@context\":\"https:\/\/schema.org\",\"@graph\":[{\"@type\":\"WebPage\",\"@id\":\"https:\/\/viggobendz.dk\/no\/butik\/slitasjedeler\/tenner\/cat\/laasering\/55-laasering-e385\/\",\"url\":\"https:\/\/viggobendz.dk\/no\/butik\/slitasjedeler\/tenner\/cat\/laasering\/55-laasering-e385\/\",\"name\":\"5,5\\\" l\u00e5sering (E385) - Viggo Bendz\",\"isPartOf\":{\"@id\":\"https:\/\/viggobendz.dk\/no\/#website\"},\"primaryImageOfPage\":{\"@id\":\"https:\/\/viggobendz.dk\/no\/butik\/slitasjedeler\/tenner\/cat\/laasering\/55-laasering-e385\/#primaryimage\"},\"image\":{\"@id\":\"https:\/\/viggobendz.dk\/no\/butik\/slitasjedeler\/tenner\/cat\/laasering\/55-laasering-e385\/#primaryimage\"},\"thumbnailUrl\":\"https:\/\/viggobendz.dk\/wp-content\/uploads\/2025\/02\/laasering-cat-system-1.png\",\"datePublished\":\"2025-03-11T06:44:48+00:00\",\"breadcrumb\":{\"@id\":\"https:\/\/viggobendz.dk\/no\/butik\/slitasjedeler\/tenner\/cat\/laasering\/55-laasering-e385\/#breadcrumb\"},\"inLanguage\":\"nb-NO\",\"potentialAction\":[{\"@type\":\"ReadAction\",\"target\":[\"https:\/\/viggobendz.dk\/no\/butik\/slitasjedeler\/tenner\/cat\/laasering\/55-laasering-e385\/\"]}]},{\"@type\":\"ImageObject\",\"inLanguage\":\"nb-NO\",\"@id\":\"https:\/\/viggobendz.dk\/no\/butik\/slitasjedeler\/tenner\/cat\/laasering\/55-laasering-e385\/#primaryimage\",\"url\":\"https:\/\/viggobendz.dk\/wp-content\/uploads\/2025\/02\/laasering-cat-system-1.png\",\"contentUrl\":\"https:\/\/viggobendz.dk\/wp-content\/uploads\/2025\/02\/laasering-cat-system-1.png\",\"width\":2500,\"height\":1791},{\"@type\":\"BreadcrumbList\",\"@id\":\"https:\/\/viggobendz.dk\/no\/butik\/slitasjedeler\/tenner\/cat\/laasering\/55-laasering-e385\/#breadcrumb\",\"itemListElement\":[{\"@type\":\"ListItem\",\"position\":1,\"name\":\"Hjem\",\"item\":\"https:\/\/viggobendz.dk\/no\/startside\/\"},{\"@type\":\"ListItem\",\"position\":2,\"name\":\"Shop\",\"item\":\"https:\/\/viggobendz.dk\/butik\/\"},{\"@type\":\"ListItem\",\"position\":3,\"name\":\"Slitasjedeler\",\"item\":\"https:\/\/viggobendz.dk\/no\/vare-kategori\/slitasjedeler\/\"},{\"@type\":\"ListItem\",\"position\":4,\"name\":\"Tenner\",\"item\":\"https:\/\/viggobendz.dk\/no\/vare-kategori\/slitasjedeler\/tenner\/\"},{\"@type\":\"ListItem\",\"position\":5,\"name\":\"CAT\",\"item\":\"https:\/\/viggobendz.dk\/no\/vare-kategori\/slitasjedeler\/tenner\/cat\/\"},{\"@type\":\"ListItem\",\"position\":6,\"name\":\"L\u00e5sering\",\"item\":\"https:\/\/viggobendz.dk\/no\/vare-kategori\/slitasjedeler\/tenner\/cat\/laasering\/\"},{\"@type\":\"ListItem\",\"position\":7,\"name\":\"5,5&#8243; l\u00e5sering (E385)\"}]},{\"@type\":\"WebSite\",\"@id\":\"https:\/\/viggobendz.dk\/no\/#website\",\"url\":\"https:\/\/viggobendz.dk\/no\/\",\"name\":\"Viggo Bendz\",\"description\":\"Det ansvarlige valg\",\"publisher\":{\"@id\":\"https:\/\/viggobendz.dk\/no\/#organization\"},\"potentialAction\":[{\"@type\":\"SearchAction\",\"target\":{\"@type\":\"EntryPoint\",\"urlTemplate\":\"https:\/\/viggobendz.dk\/no\/?s={search_term_string}\"},\"query-input\":{\"@type\":\"PropertyValueSpecification\",\"valueRequired\":true,\"valueName\":\"search_term_string\"}}],\"inLanguage\":\"nb-NO\"},{\"@type\":\"Organization\",\"@id\":\"https:\/\/viggobendz.dk\/no\/#organization\",\"name\":\"Viggo Bendz A\/S\",\"url\":\"https:\/\/viggobendz.dk\/no\/\",\"logo\":{\"@type\":\"ImageObject\",\"inLanguage\":\"nb-NO\",\"@id\":\"https:\/\/viggobendz.dk\/no\/#\/schema\/logo\/image\/\",\"url\":\"https:\/\/viggobendz.dk\/wp-content\/uploads\/2020\/03\/VB-Logo.png\",\"contentUrl\":\"https:\/\/viggobendz.dk\/wp-content\/uploads\/2020\/03\/VB-Logo.png\",\"width\":735,\"height\":776,\"caption\":\"Viggo Bendz A\/S\"},\"image\":{\"@id\":\"https:\/\/viggobendz.dk\/no\/#\/schema\/logo\/image\/\"}}]}<\/script>","yoast_head_json":{"title":"5,5\" l\u00e5sering (E385) - Viggo Bendz","robots":{"index":"index","follow":"follow","max-snippet":"max-snippet:-1","max-image-preview":"max-image-preview:large","max-video-preview":"max-video-preview:-1"},"canonical":"https:\/\/viggobendz.dk\/no\/butik\/slitasjedeler\/tenner\/cat\/laasering\/55-laasering-e385\/","og_locale":"nb_NO","og_type":"article","og_title":"5,5\" l\u00e5sering (E385) - Viggo Bendz","og_description":"L\u00e5sering - sikkert og stabilt feste i CAT-systemet Passer til 5,5\u2033 CAT Tooth cap","og_url":"https:\/\/viggobendz.dk\/no\/butik\/slitasjedeler\/tenner\/cat\/laasering\/55-laasering-e385\/","og_site_name":"Viggo Bendz","og_image":[{"width":2500,"height":1791,"url":"https:\/\/viggobendz.dk\/wp-content\/uploads\/2025\/02\/laasering-cat-system-1.png","type":"image\/png"}],"twitter_card":"summary_large_image","schema":{"@context":"https:\/\/schema.org","@graph":[{"@type":"WebPage","@id":"https:\/\/viggobendz.dk\/no\/butik\/slitasjedeler\/tenner\/cat\/laasering\/55-laasering-e385\/","url":"https:\/\/viggobendz.dk\/no\/butik\/slitasjedeler\/tenner\/cat\/laasering\/55-laasering-e385\/","name":"5,5\" l\u00e5sering (E385) - Viggo Bendz","isPartOf":{"@id":"https:\/\/viggobendz.dk\/no\/#website"},"primaryImageOfPage":{"@id":"https:\/\/viggobendz.dk\/no\/butik\/slitasjedeler\/tenner\/cat\/laasering\/55-laasering-e385\/#primaryimage"},"image":{"@id":"https:\/\/viggobendz.dk\/no\/butik\/slitasjedeler\/tenner\/cat\/laasering\/55-laasering-e385\/#primaryimage"},"thumbnailUrl":"https:\/\/viggobendz.dk\/wp-content\/uploads\/2025\/02\/laasering-cat-system-1.png","datePublished":"2025-03-11T06:44:48+00:00","breadcrumb":{"@id":"https:\/\/viggobendz.dk\/no\/butik\/slitasjedeler\/tenner\/cat\/laasering\/55-laasering-e385\/#breadcrumb"},"inLanguage":"nb-NO","potentialAction":[{"@type":"ReadAction","target":["https:\/\/viggobendz.dk\/no\/butik\/slitasjedeler\/tenner\/cat\/laasering\/55-laasering-e385\/"]}]},{"@type":"ImageObject","inLanguage":"nb-NO","@id":"https:\/\/viggobendz.dk\/no\/butik\/slitasjedeler\/tenner\/cat\/laasering\/55-laasering-e385\/#primaryimage","url":"https:\/\/viggobendz.dk\/wp-content\/uploads\/2025\/02\/laasering-cat-system-1.png","contentUrl":"https:\/\/viggobendz.dk\/wp-content\/uploads\/2025\/02\/laasering-cat-system-1.png","width":2500,"height":1791},{"@type":"BreadcrumbList","@id":"https:\/\/viggobendz.dk\/no\/butik\/slitasjedeler\/tenner\/cat\/laasering\/55-laasering-e385\/#breadcrumb","itemListElement":[{"@type":"ListItem","position":1,"name":"Hjem","item":"https:\/\/viggobendz.dk\/no\/startside\/"},{"@type":"ListItem","position":2,"name":"Shop","item":"https:\/\/viggobendz.dk\/butik\/"},{"@type":"ListItem","position":3,"name":"Slitasjedeler","item":"https:\/\/viggobendz.dk\/no\/vare-kategori\/slitasjedeler\/"},{"@type":"ListItem","position":4,"name":"Tenner","item":"https:\/\/viggobendz.dk\/no\/vare-kategori\/slitasjedeler\/tenner\/"},{"@type":"ListItem","position":5,"name":"CAT","item":"https:\/\/viggobendz.dk\/no\/vare-kategori\/slitasjedeler\/tenner\/cat\/"},{"@type":"ListItem","position":6,"name":"L\u00e5sering","item":"https:\/\/viggobendz.dk\/no\/vare-kategori\/slitasjedeler\/tenner\/cat\/laasering\/"},{"@type":"ListItem","position":7,"name":"5,5&#8243; l\u00e5sering (E385)"}]},{"@type":"WebSite","@id":"https:\/\/viggobendz.dk\/no\/#website","url":"https:\/\/viggobendz.dk\/no\/","name":"Viggo Bendz","description":"Det ansvarlige valg","publisher":{"@id":"https:\/\/viggobendz.dk\/no\/#organization"},"potentialAction":[{"@type":"SearchAction","target":{"@type":"EntryPoint","urlTemplate":"https:\/\/viggobendz.dk\/no\/?s={search_term_string}"},"query-input":{"@type":"PropertyValueSpecification","valueRequired":true,"valueName":"search_term_string"}}],"inLanguage":"nb-NO"},{"@type":"Organization","@id":"https:\/\/viggobendz.dk\/no\/#organization","name":"Viggo Bendz A\/S","url":"https:\/\/viggobendz.dk\/no\/","logo":{"@type":"ImageObject","inLanguage":"nb-NO","@id":"https:\/\/viggobendz.dk\/no\/#\/schema\/logo\/image\/","url":"https:\/\/viggobendz.dk\/wp-content\/uploads\/2020\/03\/VB-Logo.png","contentUrl":"https:\/\/viggobendz.dk\/wp-content\/uploads\/2020\/03\/VB-Logo.png","width":735,"height":776,"caption":"Viggo Bendz A\/S"},"image":{"@id":"https:\/\/viggobendz.dk\/no\/#\/schema\/logo\/image\/"}}]}},"_links":{"self":[{"href":"https:\/\/viggobendz.dk\/no\/wp-json\/wp\/v2\/product\/27086","targetHints":{"allow":["GET"]}}],"collection":[{"href":"https:\/\/viggobendz.dk\/no\/wp-json\/wp\/v2\/product"}],"about":[{"href":"https:\/\/viggobendz.dk\/no\/wp-json\/wp\/v2\/types\/product"}],"wp:featuredmedia":[{"embeddable":true,"href":"https:\/\/viggobendz.dk\/no\/wp-json\/wp\/v2\/media\/11523"}],"wp:attachment":[{"href":"https:\/\/viggobendz.dk\/no\/wp-json\/wp\/v2\/media?parent=27086"}],"wp:term":[{"taxonomy":"product_brand","embeddable":true,"href":"https:\/\/viggobendz.dk\/no\/wp-json\/wp\/v2\/product_brand?post=27086"},{"taxonomy":"product_cat","embeddable":true,"href":"https:\/\/viggobendz.dk\/no\/wp-json\/wp\/v2\/product_cat?post=27086"},{"taxonomy":"product_tag","embeddable":true,"href":"https:\/\/viggobendz.dk\/no\/wp-json\/wp\/v2\/product_tag?post=27086"}],"curies":[{"name":"wp","href":"https:\/\/api.w.org\/{rel}","templated":true}]}}