{"id":27175,"date":"2025-03-11T07:45:12","date_gmt":"2025-03-11T06:45:12","guid":{"rendered":"https:\/\/viggobendz.dk\/butik\/ukategorisert\/maskinstoerrelse-66-85-tonn-2\/"},"modified":"2025-03-11T07:45:12","modified_gmt":"2025-03-11T06:45:12","slug":"maskinstoerrelse-66-85-tonn-2","status":"publish","type":"product","link":"https:\/\/viggobendz.dk\/no\/butik\/riving\/sakser-og-knusere\/hc-standard\/maskinstoerrelse-66-85-tonn-2\/","title":{"rendered":"Maskinst\u00f8rrelse: 66 &#8211; 85 tonn"},"content":{"rendered":"<p data-start=\"0\" data-end=\"60\"><strong data-start=\"0\" data-end=\"58\">Betongknuser fra Trevi Benne &#8211; Effektiv riving og resirkulering av betong<\/strong><\/p>\n<p data-start=\"62\" data-end=\"312\">Trevi Benne betongknuser er en kraftig og p\u00e5litelig l\u00f8sning for betongriving i byggebransjen. Den er utviklet for \u00e5 knuse betong effektivt, separere armeringsjern og optimalisere materialgjenvinningen, noe som gj\u00f8r den ideell for b\u00e5de total riving og selektiv demontering. <\/p>\n<p data-start=\"314\" data-end=\"541\"><strong data-start=\"317\" data-end=\"342\">Kraftig knusing<\/strong> &#8211; Bryter effektivt ned betong og separerer armeringsjern.<br data-start=\"380\" data-end=\"383\"> Slitesterk<strong data-start=\"386\" data-end=\"418\">konstruksjon &#8211; Konstruert<\/strong> for intensiv bruk i krevende milj\u00f8er.<br data-start=\"453\" data-end=\"456\"><strong data-start=\"459\" data-end=\"485\">Maksimal resirkulering<\/strong> &#8211; Optimaliserer materialseparering og reduserer avfallsmengden.<\/p>\n","protected":false},"excerpt":{"rendered":"<p>HC Betongknuser fra Trevi Benne<\/p>\n","protected":false},"featured_media":19904,"template":"","meta":{"_acf_changed":false},"product_brand":[],"product_cat":[2804,2801,2802],"product_tag":[],"class_list":{"0":"post-27175","1":"product","2":"type-product","3":"status-publish","4":"has-post-thumbnail","6":"product_cat-hc-standard","7":"product_cat-riving","8":"product_cat-sakser-og-knusere","9":"pa_type-2-primaer-riving","11":"first","12":"instock","13":"taxable","14":"shipping-taxable","15":"product-type-simple"},"acf":[],"yoast_head":"<title>Maskinst\u00f8rrelse: 66 - 85 tonn - Viggo Bendz<\/title>\n<meta name=\"robots\" content=\"index, follow, max-snippet:-1, max-image-preview:large, max-video-preview:-1\" \/>\n<link rel=\"canonical\" href=\"https:\/\/viggobendz.dk\/no\/butik\/riving\/sakser-og-knusere\/hc-standard\/maskinstoerrelse-66-85-tonn-2\/\" \/>\n<meta property=\"og:locale\" content=\"nb_NO\" \/>\n<meta property=\"og:type\" content=\"article\" \/>\n<meta property=\"og:title\" content=\"Maskinst\u00f8rrelse: 66 - 85 tonn - Viggo Bendz\" \/>\n<meta property=\"og:description\" content=\"HC Betongknuser fra Trevi Benne\" \/>\n<meta property=\"og:url\" content=\"https:\/\/viggobendz.dk\/no\/butik\/riving\/sakser-og-knusere\/hc-standard\/maskinstoerrelse-66-85-tonn-2\/\" \/>\n<meta property=\"og:site_name\" content=\"Viggo Bendz\" \/>\n<meta property=\"og:image\" content=\"https:\/\/viggobendz.dk\/wp-content\/uploads\/2025\/02\/HC_SERIES-1.jpg\" \/>\n\t<meta property=\"og:image:width\" content=\"650\" \/>\n\t<meta property=\"og:image:height\" content=\"492\" \/>\n\t<meta property=\"og:image:type\" content=\"image\/jpeg\" \/>\n<meta name=\"twitter:card\" content=\"summary_large_image\" \/>\n<script type=\"application\/ld+json\" class=\"yoast-schema-graph\">{\"@context\":\"https:\/\/schema.org\",\"@graph\":[{\"@type\":\"WebPage\",\"@id\":\"https:\/\/viggobendz.dk\/no\/butik\/riving\/sakser-og-knusere\/hc-standard\/maskinstoerrelse-66-85-tonn-2\/\",\"url\":\"https:\/\/viggobendz.dk\/no\/butik\/riving\/sakser-og-knusere\/hc-standard\/maskinstoerrelse-66-85-tonn-2\/\",\"name\":\"Maskinst\u00f8rrelse: 66 - 85 tonn - Viggo Bendz\",\"isPartOf\":{\"@id\":\"https:\/\/viggobendz.dk\/no\/#website\"},\"primaryImageOfPage\":{\"@id\":\"https:\/\/viggobendz.dk\/no\/butik\/riving\/sakser-og-knusere\/hc-standard\/maskinstoerrelse-66-85-tonn-2\/#primaryimage\"},\"image\":{\"@id\":\"https:\/\/viggobendz.dk\/no\/butik\/riving\/sakser-og-knusere\/hc-standard\/maskinstoerrelse-66-85-tonn-2\/#primaryimage\"},\"thumbnailUrl\":\"https:\/\/viggobendz.dk\/wp-content\/uploads\/2025\/02\/HC_SERIES-1.jpg\",\"datePublished\":\"2025-03-11T06:45:12+00:00\",\"breadcrumb\":{\"@id\":\"https:\/\/viggobendz.dk\/no\/butik\/riving\/sakser-og-knusere\/hc-standard\/maskinstoerrelse-66-85-tonn-2\/#breadcrumb\"},\"inLanguage\":\"nb-NO\",\"potentialAction\":[{\"@type\":\"ReadAction\",\"target\":[\"https:\/\/viggobendz.dk\/no\/butik\/riving\/sakser-og-knusere\/hc-standard\/maskinstoerrelse-66-85-tonn-2\/\"]}]},{\"@type\":\"ImageObject\",\"inLanguage\":\"nb-NO\",\"@id\":\"https:\/\/viggobendz.dk\/no\/butik\/riving\/sakser-og-knusere\/hc-standard\/maskinstoerrelse-66-85-tonn-2\/#primaryimage\",\"url\":\"https:\/\/viggobendz.dk\/wp-content\/uploads\/2025\/02\/HC_SERIES-1.jpg\",\"contentUrl\":\"https:\/\/viggobendz.dk\/wp-content\/uploads\/2025\/02\/HC_SERIES-1.jpg\",\"width\":650,\"height\":492},{\"@type\":\"BreadcrumbList\",\"@id\":\"https:\/\/viggobendz.dk\/no\/butik\/riving\/sakser-og-knusere\/hc-standard\/maskinstoerrelse-66-85-tonn-2\/#breadcrumb\",\"itemListElement\":[{\"@type\":\"ListItem\",\"position\":1,\"name\":\"Hjem\",\"item\":\"https:\/\/viggobendz.dk\/no\/startside\/\"},{\"@type\":\"ListItem\",\"position\":2,\"name\":\"Shop\",\"item\":\"https:\/\/viggobendz.dk\/butik\/\"},{\"@type\":\"ListItem\",\"position\":3,\"name\":\"Maskinst\u00f8rrelse: 66 &#8211; 85 tonn\"}]},{\"@type\":\"WebSite\",\"@id\":\"https:\/\/viggobendz.dk\/no\/#website\",\"url\":\"https:\/\/viggobendz.dk\/no\/\",\"name\":\"Viggo Bendz\",\"description\":\"Det ansvarlige valg\",\"publisher\":{\"@id\":\"https:\/\/viggobendz.dk\/no\/#organization\"},\"potentialAction\":[{\"@type\":\"SearchAction\",\"target\":{\"@type\":\"EntryPoint\",\"urlTemplate\":\"https:\/\/viggobendz.dk\/no\/?s={search_term_string}\"},\"query-input\":{\"@type\":\"PropertyValueSpecification\",\"valueRequired\":true,\"valueName\":\"search_term_string\"}}],\"inLanguage\":\"nb-NO\"},{\"@type\":\"Organization\",\"@id\":\"https:\/\/viggobendz.dk\/no\/#organization\",\"name\":\"Viggo Bendz A\/S\",\"url\":\"https:\/\/viggobendz.dk\/no\/\",\"logo\":{\"@type\":\"ImageObject\",\"inLanguage\":\"nb-NO\",\"@id\":\"https:\/\/viggobendz.dk\/no\/#\/schema\/logo\/image\/\",\"url\":\"https:\/\/viggobendz.dk\/wp-content\/uploads\/2020\/03\/VB-Logo.png\",\"contentUrl\":\"https:\/\/viggobendz.dk\/wp-content\/uploads\/2020\/03\/VB-Logo.png\",\"width\":735,\"height\":776,\"caption\":\"Viggo Bendz A\/S\"},\"image\":{\"@id\":\"https:\/\/viggobendz.dk\/no\/#\/schema\/logo\/image\/\"}}]}<\/script>","yoast_head_json":{"title":"Maskinst\u00f8rrelse: 66 - 85 tonn - Viggo Bendz","robots":{"index":"index","follow":"follow","max-snippet":"max-snippet:-1","max-image-preview":"max-image-preview:large","max-video-preview":"max-video-preview:-1"},"canonical":"https:\/\/viggobendz.dk\/no\/butik\/riving\/sakser-og-knusere\/hc-standard\/maskinstoerrelse-66-85-tonn-2\/","og_locale":"nb_NO","og_type":"article","og_title":"Maskinst\u00f8rrelse: 66 - 85 tonn - Viggo Bendz","og_description":"HC Betongknuser fra Trevi Benne","og_url":"https:\/\/viggobendz.dk\/no\/butik\/riving\/sakser-og-knusere\/hc-standard\/maskinstoerrelse-66-85-tonn-2\/","og_site_name":"Viggo Bendz","og_image":[{"width":650,"height":492,"url":"https:\/\/viggobendz.dk\/wp-content\/uploads\/2025\/02\/HC_SERIES-1.jpg","type":"image\/jpeg"}],"twitter_card":"summary_large_image","schema":{"@context":"https:\/\/schema.org","@graph":[{"@type":"WebPage","@id":"https:\/\/viggobendz.dk\/no\/butik\/riving\/sakser-og-knusere\/hc-standard\/maskinstoerrelse-66-85-tonn-2\/","url":"https:\/\/viggobendz.dk\/no\/butik\/riving\/sakser-og-knusere\/hc-standard\/maskinstoerrelse-66-85-tonn-2\/","name":"Maskinst\u00f8rrelse: 66 - 85 tonn - Viggo Bendz","isPartOf":{"@id":"https:\/\/viggobendz.dk\/no\/#website"},"primaryImageOfPage":{"@id":"https:\/\/viggobendz.dk\/no\/butik\/riving\/sakser-og-knusere\/hc-standard\/maskinstoerrelse-66-85-tonn-2\/#primaryimage"},"image":{"@id":"https:\/\/viggobendz.dk\/no\/butik\/riving\/sakser-og-knusere\/hc-standard\/maskinstoerrelse-66-85-tonn-2\/#primaryimage"},"thumbnailUrl":"https:\/\/viggobendz.dk\/wp-content\/uploads\/2025\/02\/HC_SERIES-1.jpg","datePublished":"2025-03-11T06:45:12+00:00","breadcrumb":{"@id":"https:\/\/viggobendz.dk\/no\/butik\/riving\/sakser-og-knusere\/hc-standard\/maskinstoerrelse-66-85-tonn-2\/#breadcrumb"},"inLanguage":"nb-NO","potentialAction":[{"@type":"ReadAction","target":["https:\/\/viggobendz.dk\/no\/butik\/riving\/sakser-og-knusere\/hc-standard\/maskinstoerrelse-66-85-tonn-2\/"]}]},{"@type":"ImageObject","inLanguage":"nb-NO","@id":"https:\/\/viggobendz.dk\/no\/butik\/riving\/sakser-og-knusere\/hc-standard\/maskinstoerrelse-66-85-tonn-2\/#primaryimage","url":"https:\/\/viggobendz.dk\/wp-content\/uploads\/2025\/02\/HC_SERIES-1.jpg","contentUrl":"https:\/\/viggobendz.dk\/wp-content\/uploads\/2025\/02\/HC_SERIES-1.jpg","width":650,"height":492},{"@type":"BreadcrumbList","@id":"https:\/\/viggobendz.dk\/no\/butik\/riving\/sakser-og-knusere\/hc-standard\/maskinstoerrelse-66-85-tonn-2\/#breadcrumb","itemListElement":[{"@type":"ListItem","position":1,"name":"Hjem","item":"https:\/\/viggobendz.dk\/no\/startside\/"},{"@type":"ListItem","position":2,"name":"Shop","item":"https:\/\/viggobendz.dk\/butik\/"},{"@type":"ListItem","position":3,"name":"Maskinst\u00f8rrelse: 66 &#8211; 85 tonn"}]},{"@type":"WebSite","@id":"https:\/\/viggobendz.dk\/no\/#website","url":"https:\/\/viggobendz.dk\/no\/","name":"Viggo Bendz","description":"Det ansvarlige valg","publisher":{"@id":"https:\/\/viggobendz.dk\/no\/#organization"},"potentialAction":[{"@type":"SearchAction","target":{"@type":"EntryPoint","urlTemplate":"https:\/\/viggobendz.dk\/no\/?s={search_term_string}"},"query-input":{"@type":"PropertyValueSpecification","valueRequired":true,"valueName":"search_term_string"}}],"inLanguage":"nb-NO"},{"@type":"Organization","@id":"https:\/\/viggobendz.dk\/no\/#organization","name":"Viggo Bendz A\/S","url":"https:\/\/viggobendz.dk\/no\/","logo":{"@type":"ImageObject","inLanguage":"nb-NO","@id":"https:\/\/viggobendz.dk\/no\/#\/schema\/logo\/image\/","url":"https:\/\/viggobendz.dk\/wp-content\/uploads\/2020\/03\/VB-Logo.png","contentUrl":"https:\/\/viggobendz.dk\/wp-content\/uploads\/2020\/03\/VB-Logo.png","width":735,"height":776,"caption":"Viggo Bendz A\/S"},"image":{"@id":"https:\/\/viggobendz.dk\/no\/#\/schema\/logo\/image\/"}}]}},"_links":{"self":[{"href":"https:\/\/viggobendz.dk\/no\/wp-json\/wp\/v2\/product\/27175","targetHints":{"allow":["GET"]}}],"collection":[{"href":"https:\/\/viggobendz.dk\/no\/wp-json\/wp\/v2\/product"}],"about":[{"href":"https:\/\/viggobendz.dk\/no\/wp-json\/wp\/v2\/types\/product"}],"wp:featuredmedia":[{"embeddable":true,"href":"https:\/\/viggobendz.dk\/no\/wp-json\/wp\/v2\/media\/19904"}],"wp:attachment":[{"href":"https:\/\/viggobendz.dk\/no\/wp-json\/wp\/v2\/media?parent=27175"}],"wp:term":[{"taxonomy":"product_brand","embeddable":true,"href":"https:\/\/viggobendz.dk\/no\/wp-json\/wp\/v2\/product_brand?post=27175"},{"taxonomy":"product_cat","embeddable":true,"href":"https:\/\/viggobendz.dk\/no\/wp-json\/wp\/v2\/product_cat?post=27175"},{"taxonomy":"product_tag","embeddable":true,"href":"https:\/\/viggobendz.dk\/no\/wp-json\/wp\/v2\/product_tag?post=27175"}],"curies":[{"name":"wp","href":"https:\/\/api.w.org\/{rel}","templated":true}]}}