{"id":27253,"date":"2025-03-11T07:45:45","date_gmt":"2025-03-11T06:45:45","guid":{"rendered":"https:\/\/viggobendz.dk\/butik\/ukategorisert\/maskinstoerrelse-36-50-tonn-6\/"},"modified":"2025-03-11T07:45:45","modified_gmt":"2025-03-11T06:45:45","slug":"maskinstoerrelse-36-50-tonn-6","status":"publish","type":"product","link":"https:\/\/viggobendz.dk\/no\/butik\/riving\/sakser-og-knusere\/en-premium\/maskinstoerrelse-36-50-tonn-6\/","title":{"rendered":"Maskinst\u00f8rrelse: 36-50 tonn"},"content":{"rendered":"<p data-start=\"0\" data-end=\"60\"><strong data-start=\"0\" data-end=\"58\">FR-serien Premium betongsakser fra Trevi Benne &#8211; presisjon og kraft for krevende riving<\/strong><\/p>\n<p data-start=\"61\" data-end=\"200\">Trevi Benne FR Series Premium er en avansert betongsaks som er utviklet for entrepren\u00f8rer som trenger maksimal ytelse og presisjon i rivningsarbeidet. Den kombinerer kraftig hydraulikk med 360\u00b0 rotasjon for optimal kontroll, noe som gj\u00f8r den ideell for b\u00e5de selektiv og total riving. Den forsterkede konstruksjonen sikrer lang levetid selv under de mest krevende forhold.  <\/p>\n<ul>\n<li data-start=\"201\" data-end=\"260\"><strong data-start=\"201\" data-end=\"259\">360\u00b0 rotasjon for presisjon<\/strong> &#8211; Optimal fleksibilitet og presis posisjonering ved riving.<\/li>\n<li data-start=\"261\" data-end=\"320\"><strong data-start=\"261\" data-end=\"319\">Ekstrem knusingskraft<\/strong> &#8211; effektiv knusing av betong og rask separering av armeringsjern.<\/li>\n<li data-start=\"321\" data-end=\"380\"><strong data-start=\"321\" data-end=\"379\">Robust premiumdesign<\/strong> &#8211; holdbare materialer sikrer lang levetid og lavere driftskostnader.<\/li>\n<\/ul>\n<p data-start=\"381\" data-end=\"440\">Med en betongsaks fra Trevi Benne FR-serien Premium f\u00e5r du en kraftig og p\u00e5litelig l\u00f8sning som \u00f8ker produktiviteten og effektiviteten i rivingsprosjektene dine.<\/p>\n","protected":false},"excerpt":{"rendered":"<p>FR Premium<\/p>\n<p>Betongknuser fra Trevi Benne<\/p>\n","protected":false},"featured_media":19880,"template":"","meta":{"_acf_changed":false},"product_brand":[],"product_cat":[9091,2801,2802],"product_tag":[],"class_list":{"0":"post-27253","1":"product","2":"type-product","3":"status-publish","4":"has-post-thumbnail","6":"product_cat-en-premium","7":"product_cat-riving","8":"product_cat-sakser-og-knusere","9":"pa_type-2-primaer-riving","10":"pa_type-2-sekundaer-riving","12":"first","13":"instock","14":"taxable","15":"shipping-taxable","16":"product-type-simple"},"acf":[],"yoast_head":"<title>Maskinst\u00f8rrelse: 36-50 tonn - Viggo Bendz<\/title>\n<meta name=\"robots\" content=\"index, follow, max-snippet:-1, max-image-preview:large, max-video-preview:-1\" \/>\n<link rel=\"canonical\" href=\"https:\/\/viggobendz.dk\/no\/butik\/riving\/sakser-og-knusere\/en-premium\/maskinstoerrelse-36-50-tonn-6\/\" \/>\n<meta property=\"og:locale\" content=\"nb_NO\" \/>\n<meta property=\"og:type\" content=\"article\" \/>\n<meta property=\"og:title\" content=\"Maskinst\u00f8rrelse: 36-50 tonn - Viggo Bendz\" \/>\n<meta property=\"og:description\" content=\"FR Premium Betongknuser fra Trevi Benne\" \/>\n<meta property=\"og:url\" content=\"https:\/\/viggobendz.dk\/no\/butik\/riving\/sakser-og-knusere\/en-premium\/maskinstoerrelse-36-50-tonn-6\/\" \/>\n<meta property=\"og:site_name\" content=\"Viggo Bendz\" \/>\n<meta property=\"og:image\" content=\"https:\/\/viggobendz.dk\/wp-content\/uploads\/2025\/02\/FR_PREMIUM_1.jpg\" \/>\n\t<meta property=\"og:image:width\" content=\"650\" \/>\n\t<meta property=\"og:image:height\" content=\"492\" \/>\n\t<meta property=\"og:image:type\" content=\"image\/jpeg\" \/>\n<meta name=\"twitter:card\" content=\"summary_large_image\" \/>\n<meta name=\"twitter:label1\" content=\"Ansl. lesetid\" \/>\n\t<meta name=\"twitter:data1\" content=\"1 minutt\" \/>\n<script type=\"application\/ld+json\" class=\"yoast-schema-graph\">{\"@context\":\"https:\/\/schema.org\",\"@graph\":[{\"@type\":\"WebPage\",\"@id\":\"https:\/\/viggobendz.dk\/no\/butik\/riving\/sakser-og-knusere\/en-premium\/maskinstoerrelse-36-50-tonn-6\/\",\"url\":\"https:\/\/viggobendz.dk\/no\/butik\/riving\/sakser-og-knusere\/en-premium\/maskinstoerrelse-36-50-tonn-6\/\",\"name\":\"Maskinst\u00f8rrelse: 36-50 tonn - Viggo Bendz\",\"isPartOf\":{\"@id\":\"https:\/\/viggobendz.dk\/no\/#website\"},\"primaryImageOfPage\":{\"@id\":\"https:\/\/viggobendz.dk\/no\/butik\/riving\/sakser-og-knusere\/en-premium\/maskinstoerrelse-36-50-tonn-6\/#primaryimage\"},\"image\":{\"@id\":\"https:\/\/viggobendz.dk\/no\/butik\/riving\/sakser-og-knusere\/en-premium\/maskinstoerrelse-36-50-tonn-6\/#primaryimage\"},\"thumbnailUrl\":\"https:\/\/viggobendz.dk\/wp-content\/uploads\/2025\/02\/FR_PREMIUM_1.jpg\",\"datePublished\":\"2025-03-11T06:45:45+00:00\",\"breadcrumb\":{\"@id\":\"https:\/\/viggobendz.dk\/no\/butik\/riving\/sakser-og-knusere\/en-premium\/maskinstoerrelse-36-50-tonn-6\/#breadcrumb\"},\"inLanguage\":\"nb-NO\",\"potentialAction\":[{\"@type\":\"ReadAction\",\"target\":[\"https:\/\/viggobendz.dk\/no\/butik\/riving\/sakser-og-knusere\/en-premium\/maskinstoerrelse-36-50-tonn-6\/\"]}]},{\"@type\":\"ImageObject\",\"inLanguage\":\"nb-NO\",\"@id\":\"https:\/\/viggobendz.dk\/no\/butik\/riving\/sakser-og-knusere\/en-premium\/maskinstoerrelse-36-50-tonn-6\/#primaryimage\",\"url\":\"https:\/\/viggobendz.dk\/wp-content\/uploads\/2025\/02\/FR_PREMIUM_1.jpg\",\"contentUrl\":\"https:\/\/viggobendz.dk\/wp-content\/uploads\/2025\/02\/FR_PREMIUM_1.jpg\",\"width\":650,\"height\":492},{\"@type\":\"BreadcrumbList\",\"@id\":\"https:\/\/viggobendz.dk\/no\/butik\/riving\/sakser-og-knusere\/en-premium\/maskinstoerrelse-36-50-tonn-6\/#breadcrumb\",\"itemListElement\":[{\"@type\":\"ListItem\",\"position\":1,\"name\":\"Hjem\",\"item\":\"https:\/\/viggobendz.dk\/no\/startside\/\"},{\"@type\":\"ListItem\",\"position\":2,\"name\":\"Shop\",\"item\":\"https:\/\/viggobendz.dk\/butik\/\"},{\"@type\":\"ListItem\",\"position\":3,\"name\":\"Maskinst\u00f8rrelse: 36-50 tonn\"}]},{\"@type\":\"WebSite\",\"@id\":\"https:\/\/viggobendz.dk\/no\/#website\",\"url\":\"https:\/\/viggobendz.dk\/no\/\",\"name\":\"Viggo Bendz\",\"description\":\"Det ansvarlige valg\",\"publisher\":{\"@id\":\"https:\/\/viggobendz.dk\/no\/#organization\"},\"potentialAction\":[{\"@type\":\"SearchAction\",\"target\":{\"@type\":\"EntryPoint\",\"urlTemplate\":\"https:\/\/viggobendz.dk\/no\/?s={search_term_string}\"},\"query-input\":{\"@type\":\"PropertyValueSpecification\",\"valueRequired\":true,\"valueName\":\"search_term_string\"}}],\"inLanguage\":\"nb-NO\"},{\"@type\":\"Organization\",\"@id\":\"https:\/\/viggobendz.dk\/no\/#organization\",\"name\":\"Viggo Bendz A\/S\",\"url\":\"https:\/\/viggobendz.dk\/no\/\",\"logo\":{\"@type\":\"ImageObject\",\"inLanguage\":\"nb-NO\",\"@id\":\"https:\/\/viggobendz.dk\/no\/#\/schema\/logo\/image\/\",\"url\":\"https:\/\/viggobendz.dk\/wp-content\/uploads\/2020\/03\/VB-Logo.png\",\"contentUrl\":\"https:\/\/viggobendz.dk\/wp-content\/uploads\/2020\/03\/VB-Logo.png\",\"width\":735,\"height\":776,\"caption\":\"Viggo Bendz A\/S\"},\"image\":{\"@id\":\"https:\/\/viggobendz.dk\/no\/#\/schema\/logo\/image\/\"}}]}<\/script>","yoast_head_json":{"title":"Maskinst\u00f8rrelse: 36-50 tonn - Viggo Bendz","robots":{"index":"index","follow":"follow","max-snippet":"max-snippet:-1","max-image-preview":"max-image-preview:large","max-video-preview":"max-video-preview:-1"},"canonical":"https:\/\/viggobendz.dk\/no\/butik\/riving\/sakser-og-knusere\/en-premium\/maskinstoerrelse-36-50-tonn-6\/","og_locale":"nb_NO","og_type":"article","og_title":"Maskinst\u00f8rrelse: 36-50 tonn - Viggo Bendz","og_description":"FR Premium Betongknuser fra Trevi Benne","og_url":"https:\/\/viggobendz.dk\/no\/butik\/riving\/sakser-og-knusere\/en-premium\/maskinstoerrelse-36-50-tonn-6\/","og_site_name":"Viggo Bendz","og_image":[{"width":650,"height":492,"url":"https:\/\/viggobendz.dk\/wp-content\/uploads\/2025\/02\/FR_PREMIUM_1.jpg","type":"image\/jpeg"}],"twitter_card":"summary_large_image","twitter_misc":{"Ansl. lesetid":"1 minutt"},"schema":{"@context":"https:\/\/schema.org","@graph":[{"@type":"WebPage","@id":"https:\/\/viggobendz.dk\/no\/butik\/riving\/sakser-og-knusere\/en-premium\/maskinstoerrelse-36-50-tonn-6\/","url":"https:\/\/viggobendz.dk\/no\/butik\/riving\/sakser-og-knusere\/en-premium\/maskinstoerrelse-36-50-tonn-6\/","name":"Maskinst\u00f8rrelse: 36-50 tonn - Viggo Bendz","isPartOf":{"@id":"https:\/\/viggobendz.dk\/no\/#website"},"primaryImageOfPage":{"@id":"https:\/\/viggobendz.dk\/no\/butik\/riving\/sakser-og-knusere\/en-premium\/maskinstoerrelse-36-50-tonn-6\/#primaryimage"},"image":{"@id":"https:\/\/viggobendz.dk\/no\/butik\/riving\/sakser-og-knusere\/en-premium\/maskinstoerrelse-36-50-tonn-6\/#primaryimage"},"thumbnailUrl":"https:\/\/viggobendz.dk\/wp-content\/uploads\/2025\/02\/FR_PREMIUM_1.jpg","datePublished":"2025-03-11T06:45:45+00:00","breadcrumb":{"@id":"https:\/\/viggobendz.dk\/no\/butik\/riving\/sakser-og-knusere\/en-premium\/maskinstoerrelse-36-50-tonn-6\/#breadcrumb"},"inLanguage":"nb-NO","potentialAction":[{"@type":"ReadAction","target":["https:\/\/viggobendz.dk\/no\/butik\/riving\/sakser-og-knusere\/en-premium\/maskinstoerrelse-36-50-tonn-6\/"]}]},{"@type":"ImageObject","inLanguage":"nb-NO","@id":"https:\/\/viggobendz.dk\/no\/butik\/riving\/sakser-og-knusere\/en-premium\/maskinstoerrelse-36-50-tonn-6\/#primaryimage","url":"https:\/\/viggobendz.dk\/wp-content\/uploads\/2025\/02\/FR_PREMIUM_1.jpg","contentUrl":"https:\/\/viggobendz.dk\/wp-content\/uploads\/2025\/02\/FR_PREMIUM_1.jpg","width":650,"height":492},{"@type":"BreadcrumbList","@id":"https:\/\/viggobendz.dk\/no\/butik\/riving\/sakser-og-knusere\/en-premium\/maskinstoerrelse-36-50-tonn-6\/#breadcrumb","itemListElement":[{"@type":"ListItem","position":1,"name":"Hjem","item":"https:\/\/viggobendz.dk\/no\/startside\/"},{"@type":"ListItem","position":2,"name":"Shop","item":"https:\/\/viggobendz.dk\/butik\/"},{"@type":"ListItem","position":3,"name":"Maskinst\u00f8rrelse: 36-50 tonn"}]},{"@type":"WebSite","@id":"https:\/\/viggobendz.dk\/no\/#website","url":"https:\/\/viggobendz.dk\/no\/","name":"Viggo Bendz","description":"Det ansvarlige valg","publisher":{"@id":"https:\/\/viggobendz.dk\/no\/#organization"},"potentialAction":[{"@type":"SearchAction","target":{"@type":"EntryPoint","urlTemplate":"https:\/\/viggobendz.dk\/no\/?s={search_term_string}"},"query-input":{"@type":"PropertyValueSpecification","valueRequired":true,"valueName":"search_term_string"}}],"inLanguage":"nb-NO"},{"@type":"Organization","@id":"https:\/\/viggobendz.dk\/no\/#organization","name":"Viggo Bendz A\/S","url":"https:\/\/viggobendz.dk\/no\/","logo":{"@type":"ImageObject","inLanguage":"nb-NO","@id":"https:\/\/viggobendz.dk\/no\/#\/schema\/logo\/image\/","url":"https:\/\/viggobendz.dk\/wp-content\/uploads\/2020\/03\/VB-Logo.png","contentUrl":"https:\/\/viggobendz.dk\/wp-content\/uploads\/2020\/03\/VB-Logo.png","width":735,"height":776,"caption":"Viggo Bendz A\/S"},"image":{"@id":"https:\/\/viggobendz.dk\/no\/#\/schema\/logo\/image\/"}}]}},"_links":{"self":[{"href":"https:\/\/viggobendz.dk\/no\/wp-json\/wp\/v2\/product\/27253","targetHints":{"allow":["GET"]}}],"collection":[{"href":"https:\/\/viggobendz.dk\/no\/wp-json\/wp\/v2\/product"}],"about":[{"href":"https:\/\/viggobendz.dk\/no\/wp-json\/wp\/v2\/types\/product"}],"wp:featuredmedia":[{"embeddable":true,"href":"https:\/\/viggobendz.dk\/no\/wp-json\/wp\/v2\/media\/19880"}],"wp:attachment":[{"href":"https:\/\/viggobendz.dk\/no\/wp-json\/wp\/v2\/media?parent=27253"}],"wp:term":[{"taxonomy":"product_brand","embeddable":true,"href":"https:\/\/viggobendz.dk\/no\/wp-json\/wp\/v2\/product_brand?post=27253"},{"taxonomy":"product_cat","embeddable":true,"href":"https:\/\/viggobendz.dk\/no\/wp-json\/wp\/v2\/product_cat?post=27253"},{"taxonomy":"product_tag","embeddable":true,"href":"https:\/\/viggobendz.dk\/no\/wp-json\/wp\/v2\/product_tag?post=27253"}],"curies":[{"name":"wp","href":"https:\/\/api.w.org\/{rel}","templated":true}]}}