{"id":27300,"date":"2025-03-11T07:46:11","date_gmt":"2025-03-11T06:46:11","guid":{"rendered":"https:\/\/viggobendz.dk\/butik\/ukategorisert\/45-65-tonn\/"},"modified":"2025-03-11T07:46:11","modified_gmt":"2025-03-11T06:46:11","slug":"45-65-tonn","status":"publish","type":"product","link":"https:\/\/viggobendz.dk\/no\/butik\/riving\/sakser-og-knusere\/cs-serien\/45-65-tonn\/","title":{"rendered":"45-65 tonn"},"content":{"rendered":"<p data-start=\"0\" data-end=\"60\"><strong data-start=\"0\" data-end=\"58\">CS Series jernsaks fra Trevi Benne &#8211; effektiv kutting av st\u00e5l og armeringsjern<\/strong><\/p>\n<p data-start=\"61\" data-end=\"200\">Trevi Benne CS-serien er en kraftig og kompakt jernsaks som er utviklet for krevende skraping og riving. Den er konstruert for \u00e5 kutte st\u00e5l, armeringsjern og andre metallkonstruksjoner med h\u00f8y presisjon og kraft. Med sin slitesterke konstruksjon og effektive hydraulikk s\u00f8rger CS-serien for rask og p\u00e5litelig materialh\u00e5ndtering.  <\/p>\n<ul>\n<li data-start=\"201\" data-end=\"260\"><strong data-start=\"201\" data-end=\"259\">Ekstrem skj\u00e6rekraft<\/strong> &#8211; effektiv kutting av st\u00e5l og armeringsjern i alle tykkelser.<\/li>\n<li data-start=\"261\" data-end=\"320\"><strong data-start=\"261\" data-end=\"319\">Kompakt design<\/strong> &#8211; Ideell for arbeid p\u00e5 trange steder uten at det g\u00e5r p\u00e5 bekostning av ytelsen.<\/li>\n<li data-start=\"321\" data-end=\"380\"><strong data-start=\"321\" data-end=\"379\">Slitesterk konstruksjon<\/strong> &#8211; Forsterkede kniver og robust ramme sikrer lang levetid.<\/li>\n<\/ul>\n<p data-start=\"381\" data-end=\"440\">Med en jernskj\u00e6r fra Trevi Benne CS-serien f\u00e5r du en p\u00e5litelig l\u00f8sning med h\u00f8y ytelse som optimaliserer skraping og riving.<\/p>\n","protected":false},"excerpt":{"rendered":"<p>Saks av jern fra Trevi Benne<\/p>\n","protected":false},"featured_media":11112,"template":"","meta":{"_acf_changed":false},"product_brand":[],"product_cat":[7021,2801,2802],"product_tag":[],"class_list":{"0":"post-27300","1":"product","2":"type-product","3":"status-publish","4":"has-post-thumbnail","6":"product_cat-cs-serien","7":"product_cat-riving","8":"product_cat-sakser-og-knusere","9":"pa_type-2-standard","11":"first","12":"instock","13":"taxable","14":"shipping-taxable","15":"product-type-simple"},"acf":[],"yoast_head":"<title>45-65 tonn - Viggo Bendz<\/title>\n<meta name=\"robots\" content=\"index, follow, max-snippet:-1, max-image-preview:large, max-video-preview:-1\" \/>\n<link rel=\"canonical\" href=\"https:\/\/viggobendz.dk\/no\/butik\/riving\/sakser-og-knusere\/cs-serien\/45-65-tonn\/\" \/>\n<meta property=\"og:locale\" content=\"nb_NO\" \/>\n<meta property=\"og:type\" content=\"article\" \/>\n<meta property=\"og:title\" content=\"45-65 tonn - Viggo Bendz\" \/>\n<meta property=\"og:description\" content=\"Saks av jern fra Trevi Benne\" \/>\n<meta property=\"og:url\" content=\"https:\/\/viggobendz.dk\/no\/butik\/riving\/sakser-og-knusere\/cs-serien\/45-65-tonn\/\" \/>\n<meta property=\"og:site_name\" content=\"Viggo Bendz\" \/>\n<meta property=\"og:image\" content=\"https:\/\/viggobendz.dk\/wp-content\/uploads\/2024\/11\/CS-SERIES-Photoroom.png\" \/>\n\t<meta property=\"og:image:width\" content=\"1414\" \/>\n\t<meta property=\"og:image:height\" content=\"2000\" \/>\n\t<meta property=\"og:image:type\" content=\"image\/png\" \/>\n<meta name=\"twitter:card\" content=\"summary_large_image\" \/>\n<meta name=\"twitter:label1\" content=\"Ansl. lesetid\" \/>\n\t<meta name=\"twitter:data1\" content=\"1 minutt\" \/>\n<script type=\"application\/ld+json\" class=\"yoast-schema-graph\">{\"@context\":\"https:\/\/schema.org\",\"@graph\":[{\"@type\":\"WebPage\",\"@id\":\"https:\/\/viggobendz.dk\/no\/butik\/riving\/sakser-og-knusere\/cs-serien\/45-65-tonn\/\",\"url\":\"https:\/\/viggobendz.dk\/no\/butik\/riving\/sakser-og-knusere\/cs-serien\/45-65-tonn\/\",\"name\":\"45-65 tonn - Viggo Bendz\",\"isPartOf\":{\"@id\":\"https:\/\/viggobendz.dk\/no\/#website\"},\"primaryImageOfPage\":{\"@id\":\"https:\/\/viggobendz.dk\/no\/butik\/riving\/sakser-og-knusere\/cs-serien\/45-65-tonn\/#primaryimage\"},\"image\":{\"@id\":\"https:\/\/viggobendz.dk\/no\/butik\/riving\/sakser-og-knusere\/cs-serien\/45-65-tonn\/#primaryimage\"},\"thumbnailUrl\":\"https:\/\/viggobendz.dk\/wp-content\/uploads\/2024\/11\/CS-SERIES-Photoroom.png\",\"datePublished\":\"2025-03-11T06:46:11+00:00\",\"breadcrumb\":{\"@id\":\"https:\/\/viggobendz.dk\/no\/butik\/riving\/sakser-og-knusere\/cs-serien\/45-65-tonn\/#breadcrumb\"},\"inLanguage\":\"nb-NO\",\"potentialAction\":[{\"@type\":\"ReadAction\",\"target\":[\"https:\/\/viggobendz.dk\/no\/butik\/riving\/sakser-og-knusere\/cs-serien\/45-65-tonn\/\"]}]},{\"@type\":\"ImageObject\",\"inLanguage\":\"nb-NO\",\"@id\":\"https:\/\/viggobendz.dk\/no\/butik\/riving\/sakser-og-knusere\/cs-serien\/45-65-tonn\/#primaryimage\",\"url\":\"https:\/\/viggobendz.dk\/wp-content\/uploads\/2024\/11\/CS-SERIES-Photoroom.png\",\"contentUrl\":\"https:\/\/viggobendz.dk\/wp-content\/uploads\/2024\/11\/CS-SERIES-Photoroom.png\",\"width\":1414,\"height\":2000},{\"@type\":\"BreadcrumbList\",\"@id\":\"https:\/\/viggobendz.dk\/no\/butik\/riving\/sakser-og-knusere\/cs-serien\/45-65-tonn\/#breadcrumb\",\"itemListElement\":[{\"@type\":\"ListItem\",\"position\":1,\"name\":\"Hjem\",\"item\":\"https:\/\/viggobendz.dk\/no\/startside\/\"},{\"@type\":\"ListItem\",\"position\":2,\"name\":\"Shop\",\"item\":\"https:\/\/viggobendz.dk\/butik\/\"},{\"@type\":\"ListItem\",\"position\":3,\"name\":\"Riving\",\"item\":\"https:\/\/viggobendz.dk\/no\/vare-kategori\/riving\/\"},{\"@type\":\"ListItem\",\"position\":4,\"name\":\"Sakser og knusere\",\"item\":\"https:\/\/viggobendz.dk\/no\/vare-kategori\/riving\/sakser-og-knusere\/\"},{\"@type\":\"ListItem\",\"position\":5,\"name\":\"CS-serien\",\"item\":\"https:\/\/viggobendz.dk\/no\/vare-kategori\/riving\/sakser-og-knusere\/cs-serien\/\"},{\"@type\":\"ListItem\",\"position\":6,\"name\":\"45-65 tonn\"}]},{\"@type\":\"WebSite\",\"@id\":\"https:\/\/viggobendz.dk\/no\/#website\",\"url\":\"https:\/\/viggobendz.dk\/no\/\",\"name\":\"Viggo Bendz\",\"description\":\"Det ansvarlige valg\",\"publisher\":{\"@id\":\"https:\/\/viggobendz.dk\/no\/#organization\"},\"potentialAction\":[{\"@type\":\"SearchAction\",\"target\":{\"@type\":\"EntryPoint\",\"urlTemplate\":\"https:\/\/viggobendz.dk\/no\/?s={search_term_string}\"},\"query-input\":{\"@type\":\"PropertyValueSpecification\",\"valueRequired\":true,\"valueName\":\"search_term_string\"}}],\"inLanguage\":\"nb-NO\"},{\"@type\":\"Organization\",\"@id\":\"https:\/\/viggobendz.dk\/no\/#organization\",\"name\":\"Viggo Bendz A\/S\",\"url\":\"https:\/\/viggobendz.dk\/no\/\",\"logo\":{\"@type\":\"ImageObject\",\"inLanguage\":\"nb-NO\",\"@id\":\"https:\/\/viggobendz.dk\/no\/#\/schema\/logo\/image\/\",\"url\":\"https:\/\/viggobendz.dk\/wp-content\/uploads\/2020\/03\/VB-Logo.png\",\"contentUrl\":\"https:\/\/viggobendz.dk\/wp-content\/uploads\/2020\/03\/VB-Logo.png\",\"width\":735,\"height\":776,\"caption\":\"Viggo Bendz A\/S\"},\"image\":{\"@id\":\"https:\/\/viggobendz.dk\/no\/#\/schema\/logo\/image\/\"}}]}<\/script>","yoast_head_json":{"title":"45-65 tonn - Viggo Bendz","robots":{"index":"index","follow":"follow","max-snippet":"max-snippet:-1","max-image-preview":"max-image-preview:large","max-video-preview":"max-video-preview:-1"},"canonical":"https:\/\/viggobendz.dk\/no\/butik\/riving\/sakser-og-knusere\/cs-serien\/45-65-tonn\/","og_locale":"nb_NO","og_type":"article","og_title":"45-65 tonn - Viggo Bendz","og_description":"Saks av jern fra Trevi Benne","og_url":"https:\/\/viggobendz.dk\/no\/butik\/riving\/sakser-og-knusere\/cs-serien\/45-65-tonn\/","og_site_name":"Viggo Bendz","og_image":[{"width":1414,"height":2000,"url":"https:\/\/viggobendz.dk\/wp-content\/uploads\/2024\/11\/CS-SERIES-Photoroom.png","type":"image\/png"}],"twitter_card":"summary_large_image","twitter_misc":{"Ansl. lesetid":"1 minutt"},"schema":{"@context":"https:\/\/schema.org","@graph":[{"@type":"WebPage","@id":"https:\/\/viggobendz.dk\/no\/butik\/riving\/sakser-og-knusere\/cs-serien\/45-65-tonn\/","url":"https:\/\/viggobendz.dk\/no\/butik\/riving\/sakser-og-knusere\/cs-serien\/45-65-tonn\/","name":"45-65 tonn - Viggo Bendz","isPartOf":{"@id":"https:\/\/viggobendz.dk\/no\/#website"},"primaryImageOfPage":{"@id":"https:\/\/viggobendz.dk\/no\/butik\/riving\/sakser-og-knusere\/cs-serien\/45-65-tonn\/#primaryimage"},"image":{"@id":"https:\/\/viggobendz.dk\/no\/butik\/riving\/sakser-og-knusere\/cs-serien\/45-65-tonn\/#primaryimage"},"thumbnailUrl":"https:\/\/viggobendz.dk\/wp-content\/uploads\/2024\/11\/CS-SERIES-Photoroom.png","datePublished":"2025-03-11T06:46:11+00:00","breadcrumb":{"@id":"https:\/\/viggobendz.dk\/no\/butik\/riving\/sakser-og-knusere\/cs-serien\/45-65-tonn\/#breadcrumb"},"inLanguage":"nb-NO","potentialAction":[{"@type":"ReadAction","target":["https:\/\/viggobendz.dk\/no\/butik\/riving\/sakser-og-knusere\/cs-serien\/45-65-tonn\/"]}]},{"@type":"ImageObject","inLanguage":"nb-NO","@id":"https:\/\/viggobendz.dk\/no\/butik\/riving\/sakser-og-knusere\/cs-serien\/45-65-tonn\/#primaryimage","url":"https:\/\/viggobendz.dk\/wp-content\/uploads\/2024\/11\/CS-SERIES-Photoroom.png","contentUrl":"https:\/\/viggobendz.dk\/wp-content\/uploads\/2024\/11\/CS-SERIES-Photoroom.png","width":1414,"height":2000},{"@type":"BreadcrumbList","@id":"https:\/\/viggobendz.dk\/no\/butik\/riving\/sakser-og-knusere\/cs-serien\/45-65-tonn\/#breadcrumb","itemListElement":[{"@type":"ListItem","position":1,"name":"Hjem","item":"https:\/\/viggobendz.dk\/no\/startside\/"},{"@type":"ListItem","position":2,"name":"Shop","item":"https:\/\/viggobendz.dk\/butik\/"},{"@type":"ListItem","position":3,"name":"Riving","item":"https:\/\/viggobendz.dk\/no\/vare-kategori\/riving\/"},{"@type":"ListItem","position":4,"name":"Sakser og knusere","item":"https:\/\/viggobendz.dk\/no\/vare-kategori\/riving\/sakser-og-knusere\/"},{"@type":"ListItem","position":5,"name":"CS-serien","item":"https:\/\/viggobendz.dk\/no\/vare-kategori\/riving\/sakser-og-knusere\/cs-serien\/"},{"@type":"ListItem","position":6,"name":"45-65 tonn"}]},{"@type":"WebSite","@id":"https:\/\/viggobendz.dk\/no\/#website","url":"https:\/\/viggobendz.dk\/no\/","name":"Viggo Bendz","description":"Det ansvarlige valg","publisher":{"@id":"https:\/\/viggobendz.dk\/no\/#organization"},"potentialAction":[{"@type":"SearchAction","target":{"@type":"EntryPoint","urlTemplate":"https:\/\/viggobendz.dk\/no\/?s={search_term_string}"},"query-input":{"@type":"PropertyValueSpecification","valueRequired":true,"valueName":"search_term_string"}}],"inLanguage":"nb-NO"},{"@type":"Organization","@id":"https:\/\/viggobendz.dk\/no\/#organization","name":"Viggo Bendz A\/S","url":"https:\/\/viggobendz.dk\/no\/","logo":{"@type":"ImageObject","inLanguage":"nb-NO","@id":"https:\/\/viggobendz.dk\/no\/#\/schema\/logo\/image\/","url":"https:\/\/viggobendz.dk\/wp-content\/uploads\/2020\/03\/VB-Logo.png","contentUrl":"https:\/\/viggobendz.dk\/wp-content\/uploads\/2020\/03\/VB-Logo.png","width":735,"height":776,"caption":"Viggo Bendz A\/S"},"image":{"@id":"https:\/\/viggobendz.dk\/no\/#\/schema\/logo\/image\/"}}]}},"_links":{"self":[{"href":"https:\/\/viggobendz.dk\/no\/wp-json\/wp\/v2\/product\/27300","targetHints":{"allow":["GET"]}}],"collection":[{"href":"https:\/\/viggobendz.dk\/no\/wp-json\/wp\/v2\/product"}],"about":[{"href":"https:\/\/viggobendz.dk\/no\/wp-json\/wp\/v2\/types\/product"}],"wp:featuredmedia":[{"embeddable":true,"href":"https:\/\/viggobendz.dk\/no\/wp-json\/wp\/v2\/media\/11112"}],"wp:attachment":[{"href":"https:\/\/viggobendz.dk\/no\/wp-json\/wp\/v2\/media?parent=27300"}],"wp:term":[{"taxonomy":"product_brand","embeddable":true,"href":"https:\/\/viggobendz.dk\/no\/wp-json\/wp\/v2\/product_brand?post=27300"},{"taxonomy":"product_cat","embeddable":true,"href":"https:\/\/viggobendz.dk\/no\/wp-json\/wp\/v2\/product_cat?post=27300"},{"taxonomy":"product_tag","embeddable":true,"href":"https:\/\/viggobendz.dk\/no\/wp-json\/wp\/v2\/product_tag?post=27300"}],"curies":[{"name":"wp","href":"https:\/\/api.w.org\/{rel}","templated":true}]}}