{"id":27355,"date":"2025-03-11T07:43:33","date_gmt":"2025-03-11T06:43:33","guid":{"rendered":"https:\/\/viggobendz.dk\/butik\/ukategorisert\/hanwoo-spiss-meisel\/"},"modified":"2025-03-11T07:43:33","modified_gmt":"2025-03-11T06:43:33","slug":"hanwoo-spiss-meisel","status":"publish","type":"product","link":"https:\/\/viggobendz.dk\/no\/butik\/slitasjedeler\/meisling\/hanwoo\/hanwoo-spiss-meisel\/","title":{"rendered":"Hanwoo &#8211; Spiss meisel"},"content":{"rendered":"","protected":false},"excerpt":{"rendered":"<p><strong>Velg hammermodell fra listen.<\/strong><\/p>\n<p>Finner du ikke meiselen som passer til din hammer?<br \/>\nRing oss p\u00e5 tlf. 43 96 41 22, s\u00e5 dobbeltsjekker vi lagerbeholdningen eller bestiller den for deg s\u00e5 snart som mulig.<\/p>\n","protected":false},"featured_media":16856,"template":"","meta":{"_acf_changed":false},"product_brand":[],"product_cat":[9417,9397,2664],"product_tag":[],"class_list":{"0":"post-27355","1":"product","2":"type-product","3":"status-publish","4":"has-post-thumbnail","6":"product_cat-hanwoo","7":"product_cat-meisling","8":"product_cat-slitasjedeler","10":"first","11":"instock","12":"taxable","13":"shipping-taxable","14":"purchasable","15":"product-type-variable"},"acf":[],"yoast_head":"<title>Hanwoo - Spiss meisel - Viggo Bendz<\/title>\n<meta name=\"robots\" content=\"index, follow, max-snippet:-1, max-image-preview:large, max-video-preview:-1\" \/>\n<link rel=\"canonical\" href=\"https:\/\/viggobendz.dk\/no\/butik\/slitasjedeler\/meisling\/hanwoo\/hanwoo-spiss-meisel\/\" \/>\n<meta property=\"og:locale\" content=\"nb_NO\" \/>\n<meta property=\"og:type\" content=\"article\" \/>\n<meta property=\"og:title\" content=\"Hanwoo - Spiss meisel - Viggo Bendz\" \/>\n<meta property=\"og:description\" content=\"Velg hammermodell fra listen. Finner du ikke meiselen som passer til din hammer? Ring oss p\u00e5 tlf. 43 96 41 22, s\u00e5 dobbeltsjekker vi lagerbeholdningen eller bestiller den for deg s\u00e5 snart som mulig.\" \/>\n<meta property=\"og:url\" content=\"https:\/\/viggobendz.dk\/no\/butik\/slitasjedeler\/meisling\/hanwoo\/hanwoo-spiss-meisel\/\" \/>\n<meta property=\"og:site_name\" content=\"Viggo Bendz\" \/>\n<meta property=\"og:image\" content=\"https:\/\/viggobendz.dk\/wp-content\/uploads\/2020\/11\/spidsmejsel-scaled-e1639392817346.jpg\" \/>\n\t<meta property=\"og:image:width\" content=\"800\" \/>\n\t<meta property=\"og:image:height\" content=\"457\" \/>\n\t<meta property=\"og:image:type\" content=\"image\/jpeg\" \/>\n<meta name=\"twitter:card\" content=\"summary_large_image\" \/>\n<script type=\"application\/ld+json\" class=\"yoast-schema-graph\">{\"@context\":\"https:\/\/schema.org\",\"@graph\":[{\"@type\":\"WebPage\",\"@id\":\"https:\/\/viggobendz.dk\/no\/butik\/slitasjedeler\/meisling\/hanwoo\/hanwoo-spiss-meisel\/\",\"url\":\"https:\/\/viggobendz.dk\/no\/butik\/slitasjedeler\/meisling\/hanwoo\/hanwoo-spiss-meisel\/\",\"name\":\"Hanwoo - Spiss meisel - Viggo Bendz\",\"isPartOf\":{\"@id\":\"https:\/\/viggobendz.dk\/no\/#website\"},\"primaryImageOfPage\":{\"@id\":\"https:\/\/viggobendz.dk\/no\/butik\/slitasjedeler\/meisling\/hanwoo\/hanwoo-spiss-meisel\/#primaryimage\"},\"image\":{\"@id\":\"https:\/\/viggobendz.dk\/no\/butik\/slitasjedeler\/meisling\/hanwoo\/hanwoo-spiss-meisel\/#primaryimage\"},\"thumbnailUrl\":\"https:\/\/viggobendz.dk\/wp-content\/uploads\/2020\/11\/spidsmejsel-scaled-e1639392817346.jpg\",\"datePublished\":\"2025-03-11T06:43:33+00:00\",\"breadcrumb\":{\"@id\":\"https:\/\/viggobendz.dk\/no\/butik\/slitasjedeler\/meisling\/hanwoo\/hanwoo-spiss-meisel\/#breadcrumb\"},\"inLanguage\":\"nb-NO\",\"potentialAction\":[{\"@type\":\"ReadAction\",\"target\":[\"https:\/\/viggobendz.dk\/no\/butik\/slitasjedeler\/meisling\/hanwoo\/hanwoo-spiss-meisel\/\"]}]},{\"@type\":\"ImageObject\",\"inLanguage\":\"nb-NO\",\"@id\":\"https:\/\/viggobendz.dk\/no\/butik\/slitasjedeler\/meisling\/hanwoo\/hanwoo-spiss-meisel\/#primaryimage\",\"url\":\"https:\/\/viggobendz.dk\/wp-content\/uploads\/2020\/11\/spidsmejsel-scaled-e1639392817346.jpg\",\"contentUrl\":\"https:\/\/viggobendz.dk\/wp-content\/uploads\/2020\/11\/spidsmejsel-scaled-e1639392817346.jpg\",\"width\":800,\"height\":457,\"caption\":\"spiss meisel\"},{\"@type\":\"BreadcrumbList\",\"@id\":\"https:\/\/viggobendz.dk\/no\/butik\/slitasjedeler\/meisling\/hanwoo\/hanwoo-spiss-meisel\/#breadcrumb\",\"itemListElement\":[{\"@type\":\"ListItem\",\"position\":1,\"name\":\"Hjem\",\"item\":\"https:\/\/viggobendz.dk\/no\/startside\/\"},{\"@type\":\"ListItem\",\"position\":2,\"name\":\"Shop\",\"item\":\"https:\/\/viggobendz.dk\/butik\/\"},{\"@type\":\"ListItem\",\"position\":3,\"name\":\"Hanwoo &#8211; Spiss meisel\"}]},{\"@type\":\"WebSite\",\"@id\":\"https:\/\/viggobendz.dk\/no\/#website\",\"url\":\"https:\/\/viggobendz.dk\/no\/\",\"name\":\"Viggo Bendz\",\"description\":\"Det ansvarlige valg\",\"publisher\":{\"@id\":\"https:\/\/viggobendz.dk\/no\/#organization\"},\"potentialAction\":[{\"@type\":\"SearchAction\",\"target\":{\"@type\":\"EntryPoint\",\"urlTemplate\":\"https:\/\/viggobendz.dk\/no\/?s={search_term_string}\"},\"query-input\":{\"@type\":\"PropertyValueSpecification\",\"valueRequired\":true,\"valueName\":\"search_term_string\"}}],\"inLanguage\":\"nb-NO\"},{\"@type\":\"Organization\",\"@id\":\"https:\/\/viggobendz.dk\/no\/#organization\",\"name\":\"Viggo Bendz A\/S\",\"url\":\"https:\/\/viggobendz.dk\/no\/\",\"logo\":{\"@type\":\"ImageObject\",\"inLanguage\":\"nb-NO\",\"@id\":\"https:\/\/viggobendz.dk\/no\/#\/schema\/logo\/image\/\",\"url\":\"https:\/\/viggobendz.dk\/wp-content\/uploads\/2020\/03\/VB-Logo.png\",\"contentUrl\":\"https:\/\/viggobendz.dk\/wp-content\/uploads\/2020\/03\/VB-Logo.png\",\"width\":735,\"height\":776,\"caption\":\"Viggo Bendz A\/S\"},\"image\":{\"@id\":\"https:\/\/viggobendz.dk\/no\/#\/schema\/logo\/image\/\"}}]}<\/script>","yoast_head_json":{"title":"Hanwoo - Spiss meisel - Viggo Bendz","robots":{"index":"index","follow":"follow","max-snippet":"max-snippet:-1","max-image-preview":"max-image-preview:large","max-video-preview":"max-video-preview:-1"},"canonical":"https:\/\/viggobendz.dk\/no\/butik\/slitasjedeler\/meisling\/hanwoo\/hanwoo-spiss-meisel\/","og_locale":"nb_NO","og_type":"article","og_title":"Hanwoo - Spiss meisel - Viggo Bendz","og_description":"Velg hammermodell fra listen. Finner du ikke meiselen som passer til din hammer? Ring oss p\u00e5 tlf. 43 96 41 22, s\u00e5 dobbeltsjekker vi lagerbeholdningen eller bestiller den for deg s\u00e5 snart som mulig.","og_url":"https:\/\/viggobendz.dk\/no\/butik\/slitasjedeler\/meisling\/hanwoo\/hanwoo-spiss-meisel\/","og_site_name":"Viggo Bendz","og_image":[{"width":800,"height":457,"url":"https:\/\/viggobendz.dk\/wp-content\/uploads\/2020\/11\/spidsmejsel-scaled-e1639392817346.jpg","type":"image\/jpeg"}],"twitter_card":"summary_large_image","schema":{"@context":"https:\/\/schema.org","@graph":[{"@type":"WebPage","@id":"https:\/\/viggobendz.dk\/no\/butik\/slitasjedeler\/meisling\/hanwoo\/hanwoo-spiss-meisel\/","url":"https:\/\/viggobendz.dk\/no\/butik\/slitasjedeler\/meisling\/hanwoo\/hanwoo-spiss-meisel\/","name":"Hanwoo - Spiss meisel - Viggo Bendz","isPartOf":{"@id":"https:\/\/viggobendz.dk\/no\/#website"},"primaryImageOfPage":{"@id":"https:\/\/viggobendz.dk\/no\/butik\/slitasjedeler\/meisling\/hanwoo\/hanwoo-spiss-meisel\/#primaryimage"},"image":{"@id":"https:\/\/viggobendz.dk\/no\/butik\/slitasjedeler\/meisling\/hanwoo\/hanwoo-spiss-meisel\/#primaryimage"},"thumbnailUrl":"https:\/\/viggobendz.dk\/wp-content\/uploads\/2020\/11\/spidsmejsel-scaled-e1639392817346.jpg","datePublished":"2025-03-11T06:43:33+00:00","breadcrumb":{"@id":"https:\/\/viggobendz.dk\/no\/butik\/slitasjedeler\/meisling\/hanwoo\/hanwoo-spiss-meisel\/#breadcrumb"},"inLanguage":"nb-NO","potentialAction":[{"@type":"ReadAction","target":["https:\/\/viggobendz.dk\/no\/butik\/slitasjedeler\/meisling\/hanwoo\/hanwoo-spiss-meisel\/"]}]},{"@type":"ImageObject","inLanguage":"nb-NO","@id":"https:\/\/viggobendz.dk\/no\/butik\/slitasjedeler\/meisling\/hanwoo\/hanwoo-spiss-meisel\/#primaryimage","url":"https:\/\/viggobendz.dk\/wp-content\/uploads\/2020\/11\/spidsmejsel-scaled-e1639392817346.jpg","contentUrl":"https:\/\/viggobendz.dk\/wp-content\/uploads\/2020\/11\/spidsmejsel-scaled-e1639392817346.jpg","width":800,"height":457,"caption":"spiss meisel"},{"@type":"BreadcrumbList","@id":"https:\/\/viggobendz.dk\/no\/butik\/slitasjedeler\/meisling\/hanwoo\/hanwoo-spiss-meisel\/#breadcrumb","itemListElement":[{"@type":"ListItem","position":1,"name":"Hjem","item":"https:\/\/viggobendz.dk\/no\/startside\/"},{"@type":"ListItem","position":2,"name":"Shop","item":"https:\/\/viggobendz.dk\/butik\/"},{"@type":"ListItem","position":3,"name":"Hanwoo &#8211; Spiss meisel"}]},{"@type":"WebSite","@id":"https:\/\/viggobendz.dk\/no\/#website","url":"https:\/\/viggobendz.dk\/no\/","name":"Viggo Bendz","description":"Det ansvarlige valg","publisher":{"@id":"https:\/\/viggobendz.dk\/no\/#organization"},"potentialAction":[{"@type":"SearchAction","target":{"@type":"EntryPoint","urlTemplate":"https:\/\/viggobendz.dk\/no\/?s={search_term_string}"},"query-input":{"@type":"PropertyValueSpecification","valueRequired":true,"valueName":"search_term_string"}}],"inLanguage":"nb-NO"},{"@type":"Organization","@id":"https:\/\/viggobendz.dk\/no\/#organization","name":"Viggo Bendz A\/S","url":"https:\/\/viggobendz.dk\/no\/","logo":{"@type":"ImageObject","inLanguage":"nb-NO","@id":"https:\/\/viggobendz.dk\/no\/#\/schema\/logo\/image\/","url":"https:\/\/viggobendz.dk\/wp-content\/uploads\/2020\/03\/VB-Logo.png","contentUrl":"https:\/\/viggobendz.dk\/wp-content\/uploads\/2020\/03\/VB-Logo.png","width":735,"height":776,"caption":"Viggo Bendz A\/S"},"image":{"@id":"https:\/\/viggobendz.dk\/no\/#\/schema\/logo\/image\/"}}]}},"_links":{"self":[{"href":"https:\/\/viggobendz.dk\/no\/wp-json\/wp\/v2\/product\/27355","targetHints":{"allow":["GET"]}}],"collection":[{"href":"https:\/\/viggobendz.dk\/no\/wp-json\/wp\/v2\/product"}],"about":[{"href":"https:\/\/viggobendz.dk\/no\/wp-json\/wp\/v2\/types\/product"}],"wp:featuredmedia":[{"embeddable":true,"href":"https:\/\/viggobendz.dk\/no\/wp-json\/wp\/v2\/media\/16856"}],"wp:attachment":[{"href":"https:\/\/viggobendz.dk\/no\/wp-json\/wp\/v2\/media?parent=27355"}],"wp:term":[{"taxonomy":"product_brand","embeddable":true,"href":"https:\/\/viggobendz.dk\/no\/wp-json\/wp\/v2\/product_brand?post=27355"},{"taxonomy":"product_cat","embeddable":true,"href":"https:\/\/viggobendz.dk\/no\/wp-json\/wp\/v2\/product_cat?post=27355"},{"taxonomy":"product_tag","embeddable":true,"href":"https:\/\/viggobendz.dk\/no\/wp-json\/wp\/v2\/product_tag?post=27355"}],"curies":[{"name":"wp","href":"https:\/\/api.w.org\/{rel}","templated":true}]}}