{"id":27569,"date":"2025-03-11T07:44:06","date_gmt":"2025-03-11T06:44:06","guid":{"rendered":"https:\/\/viggobendz.dk\/butik\/ukategorisert\/250x30x3000\/"},"modified":"2025-03-11T07:44:06","modified_gmt":"2025-03-11T06:44:06","slug":"250x30x3000","status":"publish","type":"product","link":"https:\/\/viggobendz.dk\/no\/butik\/slitasjedeler\/staal\/skjaering-av-staal\/250x30x3000\/","title":{"rendered":"250x30x3000"},"content":{"rendered":"<p data-start=\"0\" data-end=\"53\"><strong data-start=\"0\" data-end=\"51\">HB500 skj\u00e6rest\u00e5l &#8211; herdet for maksimal slitestyrke<\/strong><\/p>\n<p data-start=\"55\" data-end=\"335\">N\u00e5r du jobber med gravemaskiner og lastere, vet du at slitasje er uunng\u00e5elig &#8211; men det betyr ikke at du m\u00e5 akseptere rask forringelse. HB500 skj\u00e6rest\u00e5l er konstruert for \u00e5 t\u00e5le ekstreme belastninger og slitasje, slik at du kan holde maskinen i gang lenger uten dyre utskiftninger. <\/p>\n<p data-start=\"337\" data-end=\"580\">  <strong data-start=\"340\" data-end=\"358\">H\u00f8y slitestyrke<\/strong> &#8211; Herdet til 500 HB for maksimal holdbarhet.<br data-start=\"403\" data-end=\"406\"> <strong data-start=\"409\" data-end=\"434\">Redusert vedlikehold<\/strong> &#8211; Mindre nedetid, f\u00e6rre utskiftninger.<br data-start=\"473\" data-end=\"476\"> <strong data-start=\"479\" data-end=\"509\">Perfekt for skuffer<\/strong> &#8211; Ideell for gravemaskiner og lastere som arbeider i t\u00f8ffe milj\u00f8er.<\/p>\n<p data-start=\"582\" data-end=\"661\" data-is-last-node=\"&gt;V\u00e6lg HB500 sk\u00e6rst\u00e5l, og f\u00e5 en l\u00f8sning, der kan modst\u00e5 selv de h\u00e5rdeste opgaver.&lt;\/p&gt; &lt;a href=\" https:=\"\"><span style=\"color: #bf8c2f;\"><strong>Datablad<\/strong><\/span><\/p>\n","protected":false},"excerpt":{"rendered":"<p>HB500 Cutting Steel &#8211; herdet for maksimal slitestyrke!<\/p>\n","protected":false},"featured_media":16416,"template":"","meta":{"_acf_changed":false},"product_brand":[],"product_cat":[9557,2664,9556],"product_tag":[],"class_list":{"0":"post-27569","1":"product","2":"type-product","3":"status-publish","4":"has-post-thumbnail","6":"product_cat-skjaering-av-staal","7":"product_cat-slitasjedeler","8":"product_cat-staal","10":"first","11":"instock","12":"taxable","13":"shipping-taxable","14":"purchasable","15":"product-type-simple"},"acf":[],"yoast_head":"<title>250x30x3000 - Viggo Bendz<\/title>\n<meta name=\"robots\" content=\"index, follow, max-snippet:-1, max-image-preview:large, max-video-preview:-1\" \/>\n<link rel=\"canonical\" href=\"https:\/\/viggobendz.dk\/no\/butik\/slitasjedeler\/staal\/skjaering-av-staal\/250x30x3000\/\" \/>\n<meta property=\"og:locale\" content=\"nb_NO\" \/>\n<meta property=\"og:type\" content=\"article\" \/>\n<meta property=\"og:title\" content=\"250x30x3000 - Viggo Bendz\" \/>\n<meta property=\"og:description\" content=\"HB500 Cutting Steel - herdet for maksimal slitestyrke!\" \/>\n<meta property=\"og:url\" content=\"https:\/\/viggobendz.dk\/no\/butik\/slitasjedeler\/staal\/skjaering-av-staal\/250x30x3000\/\" \/>\n<meta property=\"og:site_name\" content=\"Viggo Bendz\" \/>\n<meta property=\"og:image\" content=\"https:\/\/viggobendz.dk\/wp-content\/uploads\/2020\/09\/hb500-skaerstaal-viggo-bendz-1-scaled.jpg\" \/>\n\t<meta property=\"og:image:width\" content=\"2560\" \/>\n\t<meta property=\"og:image:height\" content=\"1440\" \/>\n\t<meta property=\"og:image:type\" content=\"image\/jpeg\" \/>\n<meta name=\"twitter:card\" content=\"summary_large_image\" \/>\n<script type=\"application\/ld+json\" class=\"yoast-schema-graph\">{\"@context\":\"https:\/\/schema.org\",\"@graph\":[{\"@type\":\"WebPage\",\"@id\":\"https:\/\/viggobendz.dk\/no\/butik\/slitasjedeler\/staal\/skjaering-av-staal\/250x30x3000\/\",\"url\":\"https:\/\/viggobendz.dk\/no\/butik\/slitasjedeler\/staal\/skjaering-av-staal\/250x30x3000\/\",\"name\":\"250x30x3000 - Viggo Bendz\",\"isPartOf\":{\"@id\":\"https:\/\/viggobendz.dk\/no\/#website\"},\"primaryImageOfPage\":{\"@id\":\"https:\/\/viggobendz.dk\/no\/butik\/slitasjedeler\/staal\/skjaering-av-staal\/250x30x3000\/#primaryimage\"},\"image\":{\"@id\":\"https:\/\/viggobendz.dk\/no\/butik\/slitasjedeler\/staal\/skjaering-av-staal\/250x30x3000\/#primaryimage\"},\"thumbnailUrl\":\"https:\/\/viggobendz.dk\/wp-content\/uploads\/2020\/09\/hb500-skaerstaal-viggo-bendz-1-scaled.jpg\",\"datePublished\":\"2025-03-11T06:44:06+00:00\",\"breadcrumb\":{\"@id\":\"https:\/\/viggobendz.dk\/no\/butik\/slitasjedeler\/staal\/skjaering-av-staal\/250x30x3000\/#breadcrumb\"},\"inLanguage\":\"nb-NO\",\"potentialAction\":[{\"@type\":\"ReadAction\",\"target\":[\"https:\/\/viggobendz.dk\/no\/butik\/slitasjedeler\/staal\/skjaering-av-staal\/250x30x3000\/\"]}]},{\"@type\":\"ImageObject\",\"inLanguage\":\"nb-NO\",\"@id\":\"https:\/\/viggobendz.dk\/no\/butik\/slitasjedeler\/staal\/skjaering-av-staal\/250x30x3000\/#primaryimage\",\"url\":\"https:\/\/viggobendz.dk\/wp-content\/uploads\/2020\/09\/hb500-skaerstaal-viggo-bendz-1-scaled.jpg\",\"contentUrl\":\"https:\/\/viggobendz.dk\/wp-content\/uploads\/2020\/09\/hb500-skaerstaal-viggo-bendz-1-scaled.jpg\",\"width\":2560,\"height\":1440},{\"@type\":\"BreadcrumbList\",\"@id\":\"https:\/\/viggobendz.dk\/no\/butik\/slitasjedeler\/staal\/skjaering-av-staal\/250x30x3000\/#breadcrumb\",\"itemListElement\":[{\"@type\":\"ListItem\",\"position\":1,\"name\":\"Hjem\",\"item\":\"https:\/\/viggobendz.dk\/no\/startside\/\"},{\"@type\":\"ListItem\",\"position\":2,\"name\":\"Shop\",\"item\":\"https:\/\/viggobendz.dk\/butik\/\"},{\"@type\":\"ListItem\",\"position\":3,\"name\":\"Slitasjedeler\",\"item\":\"https:\/\/viggobendz.dk\/no\/vare-kategori\/slitasjedeler\/\"},{\"@type\":\"ListItem\",\"position\":4,\"name\":\"St\u00e5l\",\"item\":\"https:\/\/viggobendz.dk\/no\/vare-kategori\/slitasjedeler\/staal\/\"},{\"@type\":\"ListItem\",\"position\":5,\"name\":\"Skj\u00e6ring av st\u00e5l\",\"item\":\"https:\/\/viggobendz.dk\/no\/vare-kategori\/slitasjedeler\/staal\/skjaering-av-staal\/\"},{\"@type\":\"ListItem\",\"position\":6,\"name\":\"250x30x3000\"}]},{\"@type\":\"WebSite\",\"@id\":\"https:\/\/viggobendz.dk\/no\/#website\",\"url\":\"https:\/\/viggobendz.dk\/no\/\",\"name\":\"Viggo Bendz\",\"description\":\"Det ansvarlige valg\",\"publisher\":{\"@id\":\"https:\/\/viggobendz.dk\/no\/#organization\"},\"potentialAction\":[{\"@type\":\"SearchAction\",\"target\":{\"@type\":\"EntryPoint\",\"urlTemplate\":\"https:\/\/viggobendz.dk\/no\/?s={search_term_string}\"},\"query-input\":{\"@type\":\"PropertyValueSpecification\",\"valueRequired\":true,\"valueName\":\"search_term_string\"}}],\"inLanguage\":\"nb-NO\"},{\"@type\":\"Organization\",\"@id\":\"https:\/\/viggobendz.dk\/no\/#organization\",\"name\":\"Viggo Bendz A\/S\",\"url\":\"https:\/\/viggobendz.dk\/no\/\",\"logo\":{\"@type\":\"ImageObject\",\"inLanguage\":\"nb-NO\",\"@id\":\"https:\/\/viggobendz.dk\/no\/#\/schema\/logo\/image\/\",\"url\":\"https:\/\/viggobendz.dk\/wp-content\/uploads\/2020\/03\/VB-Logo.png\",\"contentUrl\":\"https:\/\/viggobendz.dk\/wp-content\/uploads\/2020\/03\/VB-Logo.png\",\"width\":735,\"height\":776,\"caption\":\"Viggo Bendz A\/S\"},\"image\":{\"@id\":\"https:\/\/viggobendz.dk\/no\/#\/schema\/logo\/image\/\"}}]}<\/script>","yoast_head_json":{"title":"250x30x3000 - Viggo Bendz","robots":{"index":"index","follow":"follow","max-snippet":"max-snippet:-1","max-image-preview":"max-image-preview:large","max-video-preview":"max-video-preview:-1"},"canonical":"https:\/\/viggobendz.dk\/no\/butik\/slitasjedeler\/staal\/skjaering-av-staal\/250x30x3000\/","og_locale":"nb_NO","og_type":"article","og_title":"250x30x3000 - Viggo Bendz","og_description":"HB500 Cutting Steel - herdet for maksimal slitestyrke!","og_url":"https:\/\/viggobendz.dk\/no\/butik\/slitasjedeler\/staal\/skjaering-av-staal\/250x30x3000\/","og_site_name":"Viggo Bendz","og_image":[{"width":2560,"height":1440,"url":"https:\/\/viggobendz.dk\/wp-content\/uploads\/2020\/09\/hb500-skaerstaal-viggo-bendz-1-scaled.jpg","type":"image\/jpeg"}],"twitter_card":"summary_large_image","schema":{"@context":"https:\/\/schema.org","@graph":[{"@type":"WebPage","@id":"https:\/\/viggobendz.dk\/no\/butik\/slitasjedeler\/staal\/skjaering-av-staal\/250x30x3000\/","url":"https:\/\/viggobendz.dk\/no\/butik\/slitasjedeler\/staal\/skjaering-av-staal\/250x30x3000\/","name":"250x30x3000 - Viggo Bendz","isPartOf":{"@id":"https:\/\/viggobendz.dk\/no\/#website"},"primaryImageOfPage":{"@id":"https:\/\/viggobendz.dk\/no\/butik\/slitasjedeler\/staal\/skjaering-av-staal\/250x30x3000\/#primaryimage"},"image":{"@id":"https:\/\/viggobendz.dk\/no\/butik\/slitasjedeler\/staal\/skjaering-av-staal\/250x30x3000\/#primaryimage"},"thumbnailUrl":"https:\/\/viggobendz.dk\/wp-content\/uploads\/2020\/09\/hb500-skaerstaal-viggo-bendz-1-scaled.jpg","datePublished":"2025-03-11T06:44:06+00:00","breadcrumb":{"@id":"https:\/\/viggobendz.dk\/no\/butik\/slitasjedeler\/staal\/skjaering-av-staal\/250x30x3000\/#breadcrumb"},"inLanguage":"nb-NO","potentialAction":[{"@type":"ReadAction","target":["https:\/\/viggobendz.dk\/no\/butik\/slitasjedeler\/staal\/skjaering-av-staal\/250x30x3000\/"]}]},{"@type":"ImageObject","inLanguage":"nb-NO","@id":"https:\/\/viggobendz.dk\/no\/butik\/slitasjedeler\/staal\/skjaering-av-staal\/250x30x3000\/#primaryimage","url":"https:\/\/viggobendz.dk\/wp-content\/uploads\/2020\/09\/hb500-skaerstaal-viggo-bendz-1-scaled.jpg","contentUrl":"https:\/\/viggobendz.dk\/wp-content\/uploads\/2020\/09\/hb500-skaerstaal-viggo-bendz-1-scaled.jpg","width":2560,"height":1440},{"@type":"BreadcrumbList","@id":"https:\/\/viggobendz.dk\/no\/butik\/slitasjedeler\/staal\/skjaering-av-staal\/250x30x3000\/#breadcrumb","itemListElement":[{"@type":"ListItem","position":1,"name":"Hjem","item":"https:\/\/viggobendz.dk\/no\/startside\/"},{"@type":"ListItem","position":2,"name":"Shop","item":"https:\/\/viggobendz.dk\/butik\/"},{"@type":"ListItem","position":3,"name":"Slitasjedeler","item":"https:\/\/viggobendz.dk\/no\/vare-kategori\/slitasjedeler\/"},{"@type":"ListItem","position":4,"name":"St\u00e5l","item":"https:\/\/viggobendz.dk\/no\/vare-kategori\/slitasjedeler\/staal\/"},{"@type":"ListItem","position":5,"name":"Skj\u00e6ring av st\u00e5l","item":"https:\/\/viggobendz.dk\/no\/vare-kategori\/slitasjedeler\/staal\/skjaering-av-staal\/"},{"@type":"ListItem","position":6,"name":"250x30x3000"}]},{"@type":"WebSite","@id":"https:\/\/viggobendz.dk\/no\/#website","url":"https:\/\/viggobendz.dk\/no\/","name":"Viggo Bendz","description":"Det ansvarlige valg","publisher":{"@id":"https:\/\/viggobendz.dk\/no\/#organization"},"potentialAction":[{"@type":"SearchAction","target":{"@type":"EntryPoint","urlTemplate":"https:\/\/viggobendz.dk\/no\/?s={search_term_string}"},"query-input":{"@type":"PropertyValueSpecification","valueRequired":true,"valueName":"search_term_string"}}],"inLanguage":"nb-NO"},{"@type":"Organization","@id":"https:\/\/viggobendz.dk\/no\/#organization","name":"Viggo Bendz A\/S","url":"https:\/\/viggobendz.dk\/no\/","logo":{"@type":"ImageObject","inLanguage":"nb-NO","@id":"https:\/\/viggobendz.dk\/no\/#\/schema\/logo\/image\/","url":"https:\/\/viggobendz.dk\/wp-content\/uploads\/2020\/03\/VB-Logo.png","contentUrl":"https:\/\/viggobendz.dk\/wp-content\/uploads\/2020\/03\/VB-Logo.png","width":735,"height":776,"caption":"Viggo Bendz A\/S"},"image":{"@id":"https:\/\/viggobendz.dk\/no\/#\/schema\/logo\/image\/"}}]}},"_links":{"self":[{"href":"https:\/\/viggobendz.dk\/no\/wp-json\/wp\/v2\/product\/27569","targetHints":{"allow":["GET"]}}],"collection":[{"href":"https:\/\/viggobendz.dk\/no\/wp-json\/wp\/v2\/product"}],"about":[{"href":"https:\/\/viggobendz.dk\/no\/wp-json\/wp\/v2\/types\/product"}],"wp:featuredmedia":[{"embeddable":true,"href":"https:\/\/viggobendz.dk\/no\/wp-json\/wp\/v2\/media\/16416"}],"wp:attachment":[{"href":"https:\/\/viggobendz.dk\/no\/wp-json\/wp\/v2\/media?parent=27569"}],"wp:term":[{"taxonomy":"product_brand","embeddable":true,"href":"https:\/\/viggobendz.dk\/no\/wp-json\/wp\/v2\/product_brand?post=27569"},{"taxonomy":"product_cat","embeddable":true,"href":"https:\/\/viggobendz.dk\/no\/wp-json\/wp\/v2\/product_cat?post=27569"},{"taxonomy":"product_tag","embeddable":true,"href":"https:\/\/viggobendz.dk\/no\/wp-json\/wp\/v2\/product_tag?post=27569"}],"curies":[{"name":"wp","href":"https:\/\/api.w.org\/{rel}","templated":true}]}}