{"id":27726,"date":"2025-03-11T07:44:18","date_gmt":"2025-03-11T06:44:18","guid":{"rendered":"https:\/\/viggobendz.dk\/butik\/ukategorisert\/25-tannholder-e322\/"},"modified":"2025-03-11T07:44:18","modified_gmt":"2025-03-11T06:44:18","slug":"25-tannholder-e322","status":"publish","type":"product","link":"https:\/\/viggobendz.dk\/no\/butik\/slitasjedeler\/tenner\/cat\/tineholder-for-gravemaskiner\/25-tannholder-e322\/","title":{"rendered":"2,5&#8243; tannholder (E322)"},"content":{"rendered":"<p data-start=\"0\" data-end=\"58\"><strong data-start=\"0\" data-end=\"56\">CAT Tine holder &#8211; For gravearbeid<\/strong><\/p>\n<p data-start=\"60\" data-end=\"353\">CATs tannholder s\u00f8rger for solid og p\u00e5litelig feste av tannhettene til skuffen. Den er konstruert for \u00e5 t\u00e5le store belastninger og gir en optimal forbindelse mellom skuffen og tennene for best mulig ytelse under gravearbeid. <\/p>\n<p data-start=\"355\" data-end=\"604\">  <strong data-start=\"358\" data-end=\"380\">Sikkert feste<\/strong> &#8211; Holder tannhetten godt p\u00e5 plass under hardt arbeid.<br data-start=\"438\" data-end=\"441\"> <strong data-start=\"444\" data-end=\"468\">Slitesterk og langvarig<\/strong> &#8211; Designet for \u00e5 t\u00e5le store belastninger.<br data-start=\"519\" data-end=\"522\"> <strong data-start=\"525\" data-end=\"552\">Passer til CAT-systemet<\/strong> &#8211; sikrer optimal kompatibilitet og enkel installasjon.<\/p>\n<p data-start=\"606\" data-end=\"728\" data-is-last-node=\"&gt;Med en CAT tandholder f\u00e5r du en st\u00e6rk og driftssikker l\u00f8sning til gravearbejde, der forl\u00e6nger udstyrets levetid og ydeevne.&lt;\/p&gt; &lt;p data-start=\" https:=\"\"><span style=\"color: #bf8c2f;\"><strong>Datablad<\/strong><\/span><\/p>\n","protected":false},"excerpt":{"rendered":"<p>CAT Tine holder &#8211; For graving<\/p>\n<p>Passer til 25 mm kniver.<\/p>\n","protected":false},"featured_media":3155,"template":"","meta":{"_acf_changed":false},"product_brand":[],"product_cat":[8745,2664,2661,9579],"product_tag":[],"class_list":{"0":"post-27726","1":"product","2":"type-product","3":"status-publish","4":"has-post-thumbnail","6":"product_cat-cat","7":"product_cat-slitasjedeler","8":"product_cat-tenner","9":"product_cat-tineholder-for-gravemaskiner","11":"first","12":"instock","13":"taxable","14":"shipping-taxable","15":"purchasable","16":"product-type-simple"},"acf":[],"yoast_head":"<title>2,5&quot; tannholder (E322) - Viggo Bendz<\/title>\n<meta name=\"robots\" content=\"index, follow, max-snippet:-1, max-image-preview:large, max-video-preview:-1\" \/>\n<link rel=\"canonical\" href=\"https:\/\/viggobendz.dk\/no\/butik\/slitasjedeler\/tenner\/cat\/tineholder-for-gravemaskiner\/25-tannholder-e322\/\" \/>\n<meta property=\"og:locale\" content=\"nb_NO\" \/>\n<meta property=\"og:type\" content=\"article\" \/>\n<meta property=\"og:title\" content=\"2,5&quot; tannholder (E322) - Viggo Bendz\" \/>\n<meta property=\"og:description\" content=\"CAT Tine holder - For graving Passer til 25 mm kniver.\" \/>\n<meta property=\"og:url\" content=\"https:\/\/viggobendz.dk\/no\/butik\/slitasjedeler\/tenner\/cat\/tineholder-for-gravemaskiner\/25-tannholder-e322\/\" \/>\n<meta property=\"og:site_name\" content=\"Viggo Bendz\" \/>\n<meta property=\"og:image\" content=\"https:\/\/viggobendz.dk\/wp-content\/uploads\/2021\/04\/tandholder-cat-system-3G8354-2_google-shopping-scaled-e1639061993480.jpg\" \/>\n\t<meta property=\"og:image:width\" content=\"750\" \/>\n\t<meta property=\"og:image:height\" content=\"500\" \/>\n\t<meta property=\"og:image:type\" content=\"image\/jpeg\" \/>\n<meta name=\"twitter:card\" content=\"summary_large_image\" \/>\n<script type=\"application\/ld+json\" class=\"yoast-schema-graph\">{\"@context\":\"https:\/\/schema.org\",\"@graph\":[{\"@type\":\"WebPage\",\"@id\":\"https:\/\/viggobendz.dk\/no\/butik\/slitasjedeler\/tenner\/cat\/tineholder-for-gravemaskiner\/25-tannholder-e322\/\",\"url\":\"https:\/\/viggobendz.dk\/no\/butik\/slitasjedeler\/tenner\/cat\/tineholder-for-gravemaskiner\/25-tannholder-e322\/\",\"name\":\"2,5\\\" tannholder (E322) - Viggo Bendz\",\"isPartOf\":{\"@id\":\"https:\/\/viggobendz.dk\/no\/#website\"},\"primaryImageOfPage\":{\"@id\":\"https:\/\/viggobendz.dk\/no\/butik\/slitasjedeler\/tenner\/cat\/tineholder-for-gravemaskiner\/25-tannholder-e322\/#primaryimage\"},\"image\":{\"@id\":\"https:\/\/viggobendz.dk\/no\/butik\/slitasjedeler\/tenner\/cat\/tineholder-for-gravemaskiner\/25-tannholder-e322\/#primaryimage\"},\"thumbnailUrl\":\"https:\/\/viggobendz.dk\/wp-content\/uploads\/2021\/04\/tandholder-cat-system-3G8354-2_google-shopping-scaled-e1639061993480.jpg\",\"datePublished\":\"2025-03-11T06:44:18+00:00\",\"breadcrumb\":{\"@id\":\"https:\/\/viggobendz.dk\/no\/butik\/slitasjedeler\/tenner\/cat\/tineholder-for-gravemaskiner\/25-tannholder-e322\/#breadcrumb\"},\"inLanguage\":\"nb-NO\",\"potentialAction\":[{\"@type\":\"ReadAction\",\"target\":[\"https:\/\/viggobendz.dk\/no\/butik\/slitasjedeler\/tenner\/cat\/tineholder-for-gravemaskiner\/25-tannholder-e322\/\"]}]},{\"@type\":\"ImageObject\",\"inLanguage\":\"nb-NO\",\"@id\":\"https:\/\/viggobendz.dk\/no\/butik\/slitasjedeler\/tenner\/cat\/tineholder-for-gravemaskiner\/25-tannholder-e322\/#primaryimage\",\"url\":\"https:\/\/viggobendz.dk\/wp-content\/uploads\/2021\/04\/tandholder-cat-system-3G8354-2_google-shopping-scaled-e1639061993480.jpg\",\"contentUrl\":\"https:\/\/viggobendz.dk\/wp-content\/uploads\/2021\/04\/tandholder-cat-system-3G8354-2_google-shopping-scaled-e1639061993480.jpg\",\"width\":750,\"height\":500},{\"@type\":\"BreadcrumbList\",\"@id\":\"https:\/\/viggobendz.dk\/no\/butik\/slitasjedeler\/tenner\/cat\/tineholder-for-gravemaskiner\/25-tannholder-e322\/#breadcrumb\",\"itemListElement\":[{\"@type\":\"ListItem\",\"position\":1,\"name\":\"Hjem\",\"item\":\"https:\/\/viggobendz.dk\/no\/startside\/\"},{\"@type\":\"ListItem\",\"position\":2,\"name\":\"Shop\",\"item\":\"https:\/\/viggobendz.dk\/butik\/\"},{\"@type\":\"ListItem\",\"position\":3,\"name\":\"Slitasjedeler\",\"item\":\"https:\/\/viggobendz.dk\/no\/vare-kategori\/slitasjedeler\/\"},{\"@type\":\"ListItem\",\"position\":4,\"name\":\"Tenner\",\"item\":\"https:\/\/viggobendz.dk\/no\/vare-kategori\/slitasjedeler\/tenner\/\"},{\"@type\":\"ListItem\",\"position\":5,\"name\":\"CAT\",\"item\":\"https:\/\/viggobendz.dk\/no\/vare-kategori\/slitasjedeler\/tenner\/cat\/\"},{\"@type\":\"ListItem\",\"position\":6,\"name\":\"Tineholder for gravemaskiner\",\"item\":\"https:\/\/viggobendz.dk\/no\/vare-kategori\/slitasjedeler\/tenner\/cat\/tineholder-for-gravemaskiner\/\"},{\"@type\":\"ListItem\",\"position\":7,\"name\":\"2,5&#8243; tannholder (E322)\"}]},{\"@type\":\"WebSite\",\"@id\":\"https:\/\/viggobendz.dk\/no\/#website\",\"url\":\"https:\/\/viggobendz.dk\/no\/\",\"name\":\"Viggo Bendz\",\"description\":\"Det ansvarlige valg\",\"publisher\":{\"@id\":\"https:\/\/viggobendz.dk\/no\/#organization\"},\"potentialAction\":[{\"@type\":\"SearchAction\",\"target\":{\"@type\":\"EntryPoint\",\"urlTemplate\":\"https:\/\/viggobendz.dk\/no\/?s={search_term_string}\"},\"query-input\":{\"@type\":\"PropertyValueSpecification\",\"valueRequired\":true,\"valueName\":\"search_term_string\"}}],\"inLanguage\":\"nb-NO\"},{\"@type\":\"Organization\",\"@id\":\"https:\/\/viggobendz.dk\/no\/#organization\",\"name\":\"Viggo Bendz A\/S\",\"url\":\"https:\/\/viggobendz.dk\/no\/\",\"logo\":{\"@type\":\"ImageObject\",\"inLanguage\":\"nb-NO\",\"@id\":\"https:\/\/viggobendz.dk\/no\/#\/schema\/logo\/image\/\",\"url\":\"https:\/\/viggobendz.dk\/wp-content\/uploads\/2020\/03\/VB-Logo.png\",\"contentUrl\":\"https:\/\/viggobendz.dk\/wp-content\/uploads\/2020\/03\/VB-Logo.png\",\"width\":735,\"height\":776,\"caption\":\"Viggo Bendz A\/S\"},\"image\":{\"@id\":\"https:\/\/viggobendz.dk\/no\/#\/schema\/logo\/image\/\"}}]}<\/script>","yoast_head_json":{"title":"2,5\" tannholder (E322) - Viggo Bendz","robots":{"index":"index","follow":"follow","max-snippet":"max-snippet:-1","max-image-preview":"max-image-preview:large","max-video-preview":"max-video-preview:-1"},"canonical":"https:\/\/viggobendz.dk\/no\/butik\/slitasjedeler\/tenner\/cat\/tineholder-for-gravemaskiner\/25-tannholder-e322\/","og_locale":"nb_NO","og_type":"article","og_title":"2,5\" tannholder (E322) - Viggo Bendz","og_description":"CAT Tine holder - For graving Passer til 25 mm kniver.","og_url":"https:\/\/viggobendz.dk\/no\/butik\/slitasjedeler\/tenner\/cat\/tineholder-for-gravemaskiner\/25-tannholder-e322\/","og_site_name":"Viggo Bendz","og_image":[{"width":750,"height":500,"url":"https:\/\/viggobendz.dk\/wp-content\/uploads\/2021\/04\/tandholder-cat-system-3G8354-2_google-shopping-scaled-e1639061993480.jpg","type":"image\/jpeg"}],"twitter_card":"summary_large_image","schema":{"@context":"https:\/\/schema.org","@graph":[{"@type":"WebPage","@id":"https:\/\/viggobendz.dk\/no\/butik\/slitasjedeler\/tenner\/cat\/tineholder-for-gravemaskiner\/25-tannholder-e322\/","url":"https:\/\/viggobendz.dk\/no\/butik\/slitasjedeler\/tenner\/cat\/tineholder-for-gravemaskiner\/25-tannholder-e322\/","name":"2,5\" tannholder (E322) - Viggo Bendz","isPartOf":{"@id":"https:\/\/viggobendz.dk\/no\/#website"},"primaryImageOfPage":{"@id":"https:\/\/viggobendz.dk\/no\/butik\/slitasjedeler\/tenner\/cat\/tineholder-for-gravemaskiner\/25-tannholder-e322\/#primaryimage"},"image":{"@id":"https:\/\/viggobendz.dk\/no\/butik\/slitasjedeler\/tenner\/cat\/tineholder-for-gravemaskiner\/25-tannholder-e322\/#primaryimage"},"thumbnailUrl":"https:\/\/viggobendz.dk\/wp-content\/uploads\/2021\/04\/tandholder-cat-system-3G8354-2_google-shopping-scaled-e1639061993480.jpg","datePublished":"2025-03-11T06:44:18+00:00","breadcrumb":{"@id":"https:\/\/viggobendz.dk\/no\/butik\/slitasjedeler\/tenner\/cat\/tineholder-for-gravemaskiner\/25-tannholder-e322\/#breadcrumb"},"inLanguage":"nb-NO","potentialAction":[{"@type":"ReadAction","target":["https:\/\/viggobendz.dk\/no\/butik\/slitasjedeler\/tenner\/cat\/tineholder-for-gravemaskiner\/25-tannholder-e322\/"]}]},{"@type":"ImageObject","inLanguage":"nb-NO","@id":"https:\/\/viggobendz.dk\/no\/butik\/slitasjedeler\/tenner\/cat\/tineholder-for-gravemaskiner\/25-tannholder-e322\/#primaryimage","url":"https:\/\/viggobendz.dk\/wp-content\/uploads\/2021\/04\/tandholder-cat-system-3G8354-2_google-shopping-scaled-e1639061993480.jpg","contentUrl":"https:\/\/viggobendz.dk\/wp-content\/uploads\/2021\/04\/tandholder-cat-system-3G8354-2_google-shopping-scaled-e1639061993480.jpg","width":750,"height":500},{"@type":"BreadcrumbList","@id":"https:\/\/viggobendz.dk\/no\/butik\/slitasjedeler\/tenner\/cat\/tineholder-for-gravemaskiner\/25-tannholder-e322\/#breadcrumb","itemListElement":[{"@type":"ListItem","position":1,"name":"Hjem","item":"https:\/\/viggobendz.dk\/no\/startside\/"},{"@type":"ListItem","position":2,"name":"Shop","item":"https:\/\/viggobendz.dk\/butik\/"},{"@type":"ListItem","position":3,"name":"Slitasjedeler","item":"https:\/\/viggobendz.dk\/no\/vare-kategori\/slitasjedeler\/"},{"@type":"ListItem","position":4,"name":"Tenner","item":"https:\/\/viggobendz.dk\/no\/vare-kategori\/slitasjedeler\/tenner\/"},{"@type":"ListItem","position":5,"name":"CAT","item":"https:\/\/viggobendz.dk\/no\/vare-kategori\/slitasjedeler\/tenner\/cat\/"},{"@type":"ListItem","position":6,"name":"Tineholder for gravemaskiner","item":"https:\/\/viggobendz.dk\/no\/vare-kategori\/slitasjedeler\/tenner\/cat\/tineholder-for-gravemaskiner\/"},{"@type":"ListItem","position":7,"name":"2,5&#8243; tannholder (E322)"}]},{"@type":"WebSite","@id":"https:\/\/viggobendz.dk\/no\/#website","url":"https:\/\/viggobendz.dk\/no\/","name":"Viggo Bendz","description":"Det ansvarlige valg","publisher":{"@id":"https:\/\/viggobendz.dk\/no\/#organization"},"potentialAction":[{"@type":"SearchAction","target":{"@type":"EntryPoint","urlTemplate":"https:\/\/viggobendz.dk\/no\/?s={search_term_string}"},"query-input":{"@type":"PropertyValueSpecification","valueRequired":true,"valueName":"search_term_string"}}],"inLanguage":"nb-NO"},{"@type":"Organization","@id":"https:\/\/viggobendz.dk\/no\/#organization","name":"Viggo Bendz A\/S","url":"https:\/\/viggobendz.dk\/no\/","logo":{"@type":"ImageObject","inLanguage":"nb-NO","@id":"https:\/\/viggobendz.dk\/no\/#\/schema\/logo\/image\/","url":"https:\/\/viggobendz.dk\/wp-content\/uploads\/2020\/03\/VB-Logo.png","contentUrl":"https:\/\/viggobendz.dk\/wp-content\/uploads\/2020\/03\/VB-Logo.png","width":735,"height":776,"caption":"Viggo Bendz A\/S"},"image":{"@id":"https:\/\/viggobendz.dk\/no\/#\/schema\/logo\/image\/"}}]}},"_links":{"self":[{"href":"https:\/\/viggobendz.dk\/no\/wp-json\/wp\/v2\/product\/27726","targetHints":{"allow":["GET"]}}],"collection":[{"href":"https:\/\/viggobendz.dk\/no\/wp-json\/wp\/v2\/product"}],"about":[{"href":"https:\/\/viggobendz.dk\/no\/wp-json\/wp\/v2\/types\/product"}],"wp:featuredmedia":[{"embeddable":true,"href":"https:\/\/viggobendz.dk\/no\/wp-json\/wp\/v2\/media\/3155"}],"wp:attachment":[{"href":"https:\/\/viggobendz.dk\/no\/wp-json\/wp\/v2\/media?parent=27726"}],"wp:term":[{"taxonomy":"product_brand","embeddable":true,"href":"https:\/\/viggobendz.dk\/no\/wp-json\/wp\/v2\/product_brand?post=27726"},{"taxonomy":"product_cat","embeddable":true,"href":"https:\/\/viggobendz.dk\/no\/wp-json\/wp\/v2\/product_cat?post=27726"},{"taxonomy":"product_tag","embeddable":true,"href":"https:\/\/viggobendz.dk\/no\/wp-json\/wp\/v2\/product_tag?post=27726"}],"curies":[{"name":"wp","href":"https:\/\/api.w.org\/{rel}","templated":true}]}}