{"id":27826,"date":"2025-03-11T07:42:21","date_gmt":"2025-03-11T06:42:21","guid":{"rendered":"https:\/\/viggobendz.dk\/butik\/ukategorisert\/tannhette-og-adapter-for-minigravere\/"},"modified":"2025-03-11T07:42:21","modified_gmt":"2025-03-11T06:42:21","slug":"tannhette-og-adapter-for-minigravere","status":"publish","type":"product","link":"https:\/\/viggobendz.dk\/no\/butik\/slitasjedeler\/tenner\/tannhette-og-adapter-for-minigravere\/","title":{"rendered":"Tannhette og adapter for minigravere"},"content":{"rendered":"<h2>Slitesterke hetter og adaptere for minigravere og kompaktlastere<\/h2>\n<p><em>Det er adapteren som avgj\u00f8r om det er grave- eller lastearbeid.<\/em><\/p>\n<ul>\n<li>Bruk graveadapteren n\u00e5r du graver.<\/li>\n<li>Bruk adapteren for lastearbeid.<\/li>\n<li>Tannhetten brukes til b\u00e5de grave- og lastearbeid.<\/li>\n<li>Ikke glem \u00e5 bestille l\u00e5sepinner til tannhettene dine.<\/li>\n<\/ul>\n<h4><strong><a href=\"https:\/\/viggobendz.dk\/wp-content\/uploads\/2022\/01\/datablad-mini-taender.jpg\">Datablad<\/a><\/strong><\/h4>\n","protected":false},"excerpt":{"rendered":"<h2>Slitesterke hetter og adaptere for minigravere og kompaktlastere<\/h2>\n<p><em>Det er adapteren som avgj\u00f8r om det er grave- eller lastearbeid.<\/em><\/p>\n<ul>\n<li>Bruk graveadapteren n\u00e5r du graver.<\/li>\n<li>Bruk adapteren for lastearbeid.<\/li>\n<li>Tannhetten brukes til b\u00e5de grave- og lastearbeid.<\/li>\n<li>Ikke glem \u00e5 bestille l\u00e5sepinner til tannhettene dine.<\/li>\n<\/ul>\n<h4><strong><a href=\"https:\/\/viggobendz.dk\/wp-content\/uploads\/2022\/01\/datablad-mini-taender.jpg\">Datablad<\/a><\/strong><\/h4>\n","protected":false},"featured_media":5285,"template":"","meta":{"_acf_changed":false},"product_brand":[],"product_cat":[2664,2661,9651],"product_tag":[],"class_list":{"0":"post-27826","1":"product","2":"type-product","3":"status-publish","4":"has-post-thumbnail","6":"product_cat-slitasjedeler","7":"product_cat-tenner","8":"product_cat-tenner-til-minigraver","10":"first","11":"instock","12":"taxable","13":"shipping-taxable","14":"purchasable","15":"product-type-variable"},"acf":[],"yoast_head":"<title>Tannhette og adapter for minigravere - Viggo Bendz<\/title>\n<meta name=\"robots\" content=\"index, follow, max-snippet:-1, max-image-preview:large, max-video-preview:-1\" \/>\n<link rel=\"canonical\" href=\"https:\/\/viggobendz.dk\/no\/butik\/slitasjedeler\/tenner\/tannhette-og-adapter-for-minigravere\/\" \/>\n<meta property=\"og:locale\" content=\"nb_NO\" \/>\n<meta property=\"og:type\" content=\"article\" \/>\n<meta property=\"og:title\" content=\"Tannhette og adapter for minigravere - Viggo Bendz\" \/>\n<meta property=\"og:description\" content=\"Slitesterke hetter og adaptere for minigravere og kompaktlastere Det er adapteren som avgj\u00f8r om det er grave- eller lastearbeid.  Bruk graveadapteren n\u00e5r du graver.  Bruk adapteren for lastearbeid.  Tannhetten brukes til b\u00e5de grave- og lastearbeid.  Ikke glem \u00e5 bestille l\u00e5sepinner til tannhettene dine. Datablad\" \/>\n<meta property=\"og:url\" content=\"https:\/\/viggobendz.dk\/no\/butik\/slitasjedeler\/tenner\/tannhette-og-adapter-for-minigravere\/\" \/>\n<meta property=\"og:site_name\" content=\"Viggo Bendz\" \/>\n<meta property=\"og:image\" content=\"https:\/\/viggobendz.dk\/wp-content\/uploads\/2022\/01\/E501-1.jpg\" \/>\n\t<meta property=\"og:image:width\" content=\"750\" \/>\n\t<meta property=\"og:image:height\" content=\"500\" \/>\n\t<meta property=\"og:image:type\" content=\"image\/jpeg\" \/>\n<meta name=\"twitter:card\" content=\"summary_large_image\" \/>\n<script type=\"application\/ld+json\" class=\"yoast-schema-graph\">{\"@context\":\"https:\/\/schema.org\",\"@graph\":[{\"@type\":\"WebPage\",\"@id\":\"https:\/\/viggobendz.dk\/no\/butik\/slitasjedeler\/tenner\/tannhette-og-adapter-for-minigravere\/\",\"url\":\"https:\/\/viggobendz.dk\/no\/butik\/slitasjedeler\/tenner\/tannhette-og-adapter-for-minigravere\/\",\"name\":\"Tannhette og adapter for minigravere - Viggo Bendz\",\"isPartOf\":{\"@id\":\"https:\/\/viggobendz.dk\/no\/#website\"},\"primaryImageOfPage\":{\"@id\":\"https:\/\/viggobendz.dk\/no\/butik\/slitasjedeler\/tenner\/tannhette-og-adapter-for-minigravere\/#primaryimage\"},\"image\":{\"@id\":\"https:\/\/viggobendz.dk\/no\/butik\/slitasjedeler\/tenner\/tannhette-og-adapter-for-minigravere\/#primaryimage\"},\"thumbnailUrl\":\"https:\/\/viggobendz.dk\/wp-content\/uploads\/2022\/01\/E501-1.jpg\",\"datePublished\":\"2025-03-11T06:42:21+00:00\",\"breadcrumb\":{\"@id\":\"https:\/\/viggobendz.dk\/no\/butik\/slitasjedeler\/tenner\/tannhette-og-adapter-for-minigravere\/#breadcrumb\"},\"inLanguage\":\"nb-NO\",\"potentialAction\":[{\"@type\":\"ReadAction\",\"target\":[\"https:\/\/viggobendz.dk\/no\/butik\/slitasjedeler\/tenner\/tannhette-og-adapter-for-minigravere\/\"]}]},{\"@type\":\"ImageObject\",\"inLanguage\":\"nb-NO\",\"@id\":\"https:\/\/viggobendz.dk\/no\/butik\/slitasjedeler\/tenner\/tannhette-og-adapter-for-minigravere\/#primaryimage\",\"url\":\"https:\/\/viggobendz.dk\/wp-content\/uploads\/2022\/01\/E501-1.jpg\",\"contentUrl\":\"https:\/\/viggobendz.dk\/wp-content\/uploads\/2022\/01\/E501-1.jpg\",\"width\":750,\"height\":500,\"caption\":\"produktfremvisning tandh\u00e6tte\"},{\"@type\":\"BreadcrumbList\",\"@id\":\"https:\/\/viggobendz.dk\/no\/butik\/slitasjedeler\/tenner\/tannhette-og-adapter-for-minigravere\/#breadcrumb\",\"itemListElement\":[{\"@type\":\"ListItem\",\"position\":1,\"name\":\"Hjem\",\"item\":\"https:\/\/viggobendz.dk\/no\/startside\/\"},{\"@type\":\"ListItem\",\"position\":2,\"name\":\"Shop\",\"item\":\"https:\/\/viggobendz.dk\/butik\/\"},{\"@type\":\"ListItem\",\"position\":3,\"name\":\"Slitasjedeler\",\"item\":\"https:\/\/viggobendz.dk\/no\/vare-kategori\/slitasjedeler\/\"},{\"@type\":\"ListItem\",\"position\":4,\"name\":\"Tenner\",\"item\":\"https:\/\/viggobendz.dk\/no\/vare-kategori\/slitasjedeler\/tenner\/\"},{\"@type\":\"ListItem\",\"position\":5,\"name\":\"Tenner til minigraver\",\"item\":\"https:\/\/viggobendz.dk\/no\/vare-kategori\/slitasjedeler\/tenner\/tenner-til-minigraver\/\"},{\"@type\":\"ListItem\",\"position\":6,\"name\":\"Tannhette og adapter for minigravere\"}]},{\"@type\":\"WebSite\",\"@id\":\"https:\/\/viggobendz.dk\/no\/#website\",\"url\":\"https:\/\/viggobendz.dk\/no\/\",\"name\":\"Viggo Bendz\",\"description\":\"Det ansvarlige valg\",\"publisher\":{\"@id\":\"https:\/\/viggobendz.dk\/no\/#organization\"},\"potentialAction\":[{\"@type\":\"SearchAction\",\"target\":{\"@type\":\"EntryPoint\",\"urlTemplate\":\"https:\/\/viggobendz.dk\/no\/?s={search_term_string}\"},\"query-input\":{\"@type\":\"PropertyValueSpecification\",\"valueRequired\":true,\"valueName\":\"search_term_string\"}}],\"inLanguage\":\"nb-NO\"},{\"@type\":\"Organization\",\"@id\":\"https:\/\/viggobendz.dk\/no\/#organization\",\"name\":\"Viggo Bendz A\/S\",\"url\":\"https:\/\/viggobendz.dk\/no\/\",\"logo\":{\"@type\":\"ImageObject\",\"inLanguage\":\"nb-NO\",\"@id\":\"https:\/\/viggobendz.dk\/no\/#\/schema\/logo\/image\/\",\"url\":\"https:\/\/viggobendz.dk\/wp-content\/uploads\/2020\/03\/VB-Logo.png\",\"contentUrl\":\"https:\/\/viggobendz.dk\/wp-content\/uploads\/2020\/03\/VB-Logo.png\",\"width\":735,\"height\":776,\"caption\":\"Viggo Bendz A\/S\"},\"image\":{\"@id\":\"https:\/\/viggobendz.dk\/no\/#\/schema\/logo\/image\/\"}}]}<\/script>","yoast_head_json":{"title":"Tannhette og adapter for minigravere - Viggo Bendz","robots":{"index":"index","follow":"follow","max-snippet":"max-snippet:-1","max-image-preview":"max-image-preview:large","max-video-preview":"max-video-preview:-1"},"canonical":"https:\/\/viggobendz.dk\/no\/butik\/slitasjedeler\/tenner\/tannhette-og-adapter-for-minigravere\/","og_locale":"nb_NO","og_type":"article","og_title":"Tannhette og adapter for minigravere - Viggo Bendz","og_description":"Slitesterke hetter og adaptere for minigravere og kompaktlastere Det er adapteren som avgj\u00f8r om det er grave- eller lastearbeid.  Bruk graveadapteren n\u00e5r du graver.  Bruk adapteren for lastearbeid.  Tannhetten brukes til b\u00e5de grave- og lastearbeid.  Ikke glem \u00e5 bestille l\u00e5sepinner til tannhettene dine. Datablad","og_url":"https:\/\/viggobendz.dk\/no\/butik\/slitasjedeler\/tenner\/tannhette-og-adapter-for-minigravere\/","og_site_name":"Viggo Bendz","og_image":[{"width":750,"height":500,"url":"https:\/\/viggobendz.dk\/wp-content\/uploads\/2022\/01\/E501-1.jpg","type":"image\/jpeg"}],"twitter_card":"summary_large_image","schema":{"@context":"https:\/\/schema.org","@graph":[{"@type":"WebPage","@id":"https:\/\/viggobendz.dk\/no\/butik\/slitasjedeler\/tenner\/tannhette-og-adapter-for-minigravere\/","url":"https:\/\/viggobendz.dk\/no\/butik\/slitasjedeler\/tenner\/tannhette-og-adapter-for-minigravere\/","name":"Tannhette og adapter for minigravere - Viggo Bendz","isPartOf":{"@id":"https:\/\/viggobendz.dk\/no\/#website"},"primaryImageOfPage":{"@id":"https:\/\/viggobendz.dk\/no\/butik\/slitasjedeler\/tenner\/tannhette-og-adapter-for-minigravere\/#primaryimage"},"image":{"@id":"https:\/\/viggobendz.dk\/no\/butik\/slitasjedeler\/tenner\/tannhette-og-adapter-for-minigravere\/#primaryimage"},"thumbnailUrl":"https:\/\/viggobendz.dk\/wp-content\/uploads\/2022\/01\/E501-1.jpg","datePublished":"2025-03-11T06:42:21+00:00","breadcrumb":{"@id":"https:\/\/viggobendz.dk\/no\/butik\/slitasjedeler\/tenner\/tannhette-og-adapter-for-minigravere\/#breadcrumb"},"inLanguage":"nb-NO","potentialAction":[{"@type":"ReadAction","target":["https:\/\/viggobendz.dk\/no\/butik\/slitasjedeler\/tenner\/tannhette-og-adapter-for-minigravere\/"]}]},{"@type":"ImageObject","inLanguage":"nb-NO","@id":"https:\/\/viggobendz.dk\/no\/butik\/slitasjedeler\/tenner\/tannhette-og-adapter-for-minigravere\/#primaryimage","url":"https:\/\/viggobendz.dk\/wp-content\/uploads\/2022\/01\/E501-1.jpg","contentUrl":"https:\/\/viggobendz.dk\/wp-content\/uploads\/2022\/01\/E501-1.jpg","width":750,"height":500,"caption":"produktfremvisning tandh\u00e6tte"},{"@type":"BreadcrumbList","@id":"https:\/\/viggobendz.dk\/no\/butik\/slitasjedeler\/tenner\/tannhette-og-adapter-for-minigravere\/#breadcrumb","itemListElement":[{"@type":"ListItem","position":1,"name":"Hjem","item":"https:\/\/viggobendz.dk\/no\/startside\/"},{"@type":"ListItem","position":2,"name":"Shop","item":"https:\/\/viggobendz.dk\/butik\/"},{"@type":"ListItem","position":3,"name":"Slitasjedeler","item":"https:\/\/viggobendz.dk\/no\/vare-kategori\/slitasjedeler\/"},{"@type":"ListItem","position":4,"name":"Tenner","item":"https:\/\/viggobendz.dk\/no\/vare-kategori\/slitasjedeler\/tenner\/"},{"@type":"ListItem","position":5,"name":"Tenner til minigraver","item":"https:\/\/viggobendz.dk\/no\/vare-kategori\/slitasjedeler\/tenner\/tenner-til-minigraver\/"},{"@type":"ListItem","position":6,"name":"Tannhette og adapter for minigravere"}]},{"@type":"WebSite","@id":"https:\/\/viggobendz.dk\/no\/#website","url":"https:\/\/viggobendz.dk\/no\/","name":"Viggo Bendz","description":"Det ansvarlige valg","publisher":{"@id":"https:\/\/viggobendz.dk\/no\/#organization"},"potentialAction":[{"@type":"SearchAction","target":{"@type":"EntryPoint","urlTemplate":"https:\/\/viggobendz.dk\/no\/?s={search_term_string}"},"query-input":{"@type":"PropertyValueSpecification","valueRequired":true,"valueName":"search_term_string"}}],"inLanguage":"nb-NO"},{"@type":"Organization","@id":"https:\/\/viggobendz.dk\/no\/#organization","name":"Viggo Bendz A\/S","url":"https:\/\/viggobendz.dk\/no\/","logo":{"@type":"ImageObject","inLanguage":"nb-NO","@id":"https:\/\/viggobendz.dk\/no\/#\/schema\/logo\/image\/","url":"https:\/\/viggobendz.dk\/wp-content\/uploads\/2020\/03\/VB-Logo.png","contentUrl":"https:\/\/viggobendz.dk\/wp-content\/uploads\/2020\/03\/VB-Logo.png","width":735,"height":776,"caption":"Viggo Bendz A\/S"},"image":{"@id":"https:\/\/viggobendz.dk\/no\/#\/schema\/logo\/image\/"}}]}},"_links":{"self":[{"href":"https:\/\/viggobendz.dk\/no\/wp-json\/wp\/v2\/product\/27826","targetHints":{"allow":["GET"]}}],"collection":[{"href":"https:\/\/viggobendz.dk\/no\/wp-json\/wp\/v2\/product"}],"about":[{"href":"https:\/\/viggobendz.dk\/no\/wp-json\/wp\/v2\/types\/product"}],"wp:featuredmedia":[{"embeddable":true,"href":"https:\/\/viggobendz.dk\/no\/wp-json\/wp\/v2\/media\/5285"}],"wp:attachment":[{"href":"https:\/\/viggobendz.dk\/no\/wp-json\/wp\/v2\/media?parent=27826"}],"wp:term":[{"taxonomy":"product_brand","embeddable":true,"href":"https:\/\/viggobendz.dk\/no\/wp-json\/wp\/v2\/product_brand?post=27826"},{"taxonomy":"product_cat","embeddable":true,"href":"https:\/\/viggobendz.dk\/no\/wp-json\/wp\/v2\/product_cat?post=27826"},{"taxonomy":"product_tag","embeddable":true,"href":"https:\/\/viggobendz.dk\/no\/wp-json\/wp\/v2\/product_tag?post=27826"}],"curies":[{"name":"wp","href":"https:\/\/api.w.org\/{rel}","templated":true}]}}