{"id":23440,"date":"2020-02-29T14:14:07","date_gmt":"2020-02-29T13:14:07","guid":{"rendered":"https:\/\/viggobendz.dk\/integritetspolicy\/"},"modified":"2026-02-11T10:09:46","modified_gmt":"2026-02-11T09:09:46","slug":"integritetspolicy","status":"publish","type":"page","link":"https:\/\/viggobendz.dk\/sv\/integritetspolicy\/","title":{"rendered":"Integritetspolicy"},"content":{"rendered":"\t\t<div data-elementor-type=\"wp-page\" data-elementor-id=\"23440\" class=\"elementor elementor-23440 elementor-3\" data-elementor-post-type=\"page\">\n\t\t\t\t<div class=\"elementor-element elementor-element-ebd7f36 e-flex e-con-boxed e-con e-parent\" data-id=\"ebd7f36\" data-element_type=\"container\" data-e-type=\"container\">\n\t\t\t\t\t<div class=\"e-con-inner\">\n\t\t<div class=\"elementor-element elementor-element-37ec90c e-con-full e-flex e-con e-child\" data-id=\"37ec90c\" data-element_type=\"container\" data-e-type=\"container\">\n\t\t\t\t<div class=\"elementor-element elementor-element-c662203 elementor-widget elementor-widget-text-editor\" data-id=\"c662203\" data-element_type=\"widget\" data-e-type=\"widget\" data-widget_type=\"text-editor.default\">\n\t\t\t\t<div class=\"elementor-widget-container\">\n\t\t\t\t\t\t\t\t\t<p>N\u00e4r du anv\u00e4nder v\u00e5r webbutik via v\u00e5r webbplats www.viggobendz.dk, t.ex. om du registrerar dig som anv\u00e4ndare, skickar en f\u00f6rfr\u00e5gan eller registrerar dig f\u00f6r en tj\u00e4nst, samlar Viggo Bendz A\/S in de personuppgifter som du frivilligt tillhandah\u00e5ller. De personuppgifter som Viggo Bendz A\/S samlar in och behandlar i detta sammanhang \u00e4r ditt namn, telefonnummer och e-postadress. Vi samlar ocks\u00e5 in information om din f\u00f6retagsadress och CVR-nummer.  <\/p><p>N\u00e4r du kommunicerar med Viggo Bendz A\/S p\u00e5 annat s\u00e4tt \u00e4n via webbshoppen samlar vi in liknande uppgifter om syftet med eller konsekvensen av kommunikationen \u00e4r ett samarbetsavtal.<\/p><p>Personuppgifter behandlas endast om du har l\u00e4mnat dem frivilligt, antingen direkt till oss eller p\u00e5 annat s\u00e4tt. Den information du l\u00e4mnar anv\u00e4nds f\u00f6r att besvara din f\u00f6rfr\u00e5gan eller som en del av ett samarbetsavtal. Genom att frivilligt l\u00e4mna dina personuppgifter samtycker du till att vi behandlar dem.  <\/p><p>Syftet med anv\u00e4ndningen \u00e4r att ge dig b\u00e4sta m\u00f6jliga upplevelse och service n\u00e4r du handlar hos Viggo Bendz A\/S, inklusive att erbjuda dig de tj\u00e4nster du efterfr\u00e5gar. Personuppgifterna kan ocks\u00e5 anv\u00e4ndas f\u00f6r att s\u00e4kerst\u00e4lla att du f\u00e5r information om t.ex. produkter som \u00e4r av intresse f\u00f6r dig. <\/p><p> <\/p><h3>Den r\u00e4ttsliga grunden f\u00f6r behandlingen<\/h3><p>Allm\u00e4nna personuppgifter behandlas p\u00e5 grundval av:<\/p><ul><li>Artikel 6.1 a i GDPR &#8211; ditt samtycke.<\/li><li>GDPR artikel 6(1)(b) &#8211; n\u00f6dv\u00e4ndig f\u00f6r att ing\u00e5 eller fullg\u00f6ra ett avtal som du \u00e4r part i.<\/li><li>GDPR artikel 6.1(f) &#8211; n\u00f6dv\u00e4ndigt f\u00f6r Viggo Bendz A\/S f\u00f6r att tillgodose ett ber\u00e4ttigat intresse.<\/li><\/ul><h2> <\/h2><h3>Utl\u00e4mnande av din information<\/h3><p>Viggo Bendz A\/S kommer i vissa fall att l\u00e4mna ut de personuppgifter som du l\u00e4mnar via webbplatsen. Utl\u00e4mnandet sker endast i den utstr\u00e4ckning och till de personer som det \u00e4r n\u00f6dv\u00e4ndigt att l\u00e4mna ut uppgifterna till f\u00f6r att vi ska kunna utf\u00f6ra den tj\u00e4nst\/leverans som du beg\u00e4r. Exempelvis kommer utl\u00e4mnandet att ske till v\u00e5ra leverant\u00f6rer eller till de produktionsbolag och distributionsbolag som vi anlitar. Utl\u00e4mnandet grundar sig p\u00e5 artikel 6.1 b i dataskyddsf\u00f6rordningen.    <\/p><p> <\/p><h3>Skydd av dina personuppgifter<\/h3><p>Vi anv\u00e4nder tekniska och organisatoriska s\u00e4kerhets\u00e5tg\u00e4rder f\u00f6r att skydda dina personuppgifter mot manipulation, f\u00f6rlust, f\u00f6rst\u00f6relse eller \u00e5tkomst av obeh\u00f6riga personer.<\/p><p>Trots v\u00e5ra s\u00e4kerhets\u00e5tg\u00e4rder kan vi dock inte garantera att ingen kan ta sig in bakom systemet och f\u00e5 tillg\u00e5ng till din information. Viggo Bendz A\/S s\u00e4krar och granskar kontinuerligt sina s\u00e4kerhetsprocedurer f\u00f6r att f\u00f6rhindra obeh\u00f6rig \u00e5tkomst. <\/p><p> <\/p><h3>Dina r\u00e4ttigheter som registrerad<\/h3><p>Du har r\u00e4tt att f\u00e5 information om att vi behandlar dina personuppgifter. Vi behandlar dina personuppgifter i enlighet med artikel 6.1 a, b och f i dataskyddsf\u00f6rordningen.<\/p><p> <\/p><h4>R\u00e4tt att \u00e5terkalla ditt samtycke<\/h4><p>Du kan n\u00e4r som helst \u00e5terkalla ditt samtycke. Om du \u00e5terkallar ditt samtycke kommer det inte att p\u00e5verka lagligheten av den behandling som redan har utf\u00f6rts p\u00e5 grundval av samtycket. De personuppgifter som vi har samlat in baserat p\u00e5 det \u00e5terkallade samtycket kommer att raderas fr\u00e5n systemet s\u00e5 att ingen framtida behandling kan ske.  <\/p><p> <\/p><h4>R\u00e4tt att se uppgifter (r\u00e4tt till tillg\u00e5ng) och r\u00e4tt att inv\u00e4nda (r\u00e4tt att g\u00f6ra inv\u00e4ndningar)<\/h4><p>Du har r\u00e4tt att f\u00e5 tillg\u00e5ng till de uppgifter vi behandlar om dig, inklusive r\u00e4tt att f\u00e5 information om den behandling som utf\u00f6rs. Du har ocks\u00e5 r\u00e4tt att inv\u00e4nda mot v\u00e5r i \u00f6vrigt lagliga behandling av dina personuppgifter. <\/p><p> <\/p><h4>R\u00e4tt till r\u00e4ttelse och r\u00e4tt till radering<\/h4><p>Du har r\u00e4tt att f\u00e5 felaktig information om dig sj\u00e4lv korrigerad.<br>I vissa fall har du r\u00e4tt att f\u00e5 dina personuppgifter raderade f\u00f6re tidpunkten f\u00f6r v\u00e5r allm\u00e4nna allm\u00e4nna radering. Du m\u00e5ste kontakta Viggo Bendz A\/S om du vill att dina uppgifter ska raderas. <\/p><p> <\/p><h3>Lagring av din information<\/h3><p>Viggo Bendz A\/S lagrar dina personuppgifter s\u00e5 l\u00e4nge som det \u00e4r n\u00f6dv\u00e4ndigt f\u00f6r att tillhandah\u00e5lla den tj\u00e4nst\/leverans du har beg\u00e4rt och upp till 10 \u00e5r efter v\u00e5r senaste korrespondens. Lagringsperiodens l\u00e4ngd baseras p\u00e5 v\u00e5rt ber\u00e4ttigade intresse av att kunna kontakta dig i samband med framtida avtal och v\u00e5rt gemensamma intresse av att ha dina uppgifter om du skulle kontakta oss igen f\u00f6r att beg\u00e4ra en tj\u00e4nst\/leverans. <\/p><p>Om du har n\u00e5gra fr\u00e5gor om v\u00e5r behandling av dina personuppgifter kan du alltid kontakta oss. Du har ocks\u00e5 r\u00e4tt att klaga till den danska dataskyddsmyndigheten om du anser att det finns ett behov av det. <br>Du kan n\u00e4r som helst kontakta oss p\u00e5 <a href=\"mailto:vb@viggobendz.dk\">vb@viggobendz.dk<\/a> eller p\u00e5 43 96 41 22 m\u00e5ndag-torsdag mellan kl. 07.30 och 16.00 och fredag mellan kl. 07.30 och 13.00 om du har fr\u00e5gor eller r\u00e4ttelser till v\u00e5r behandling av dina personuppgifter. <\/p><p> <\/p><h3>\u00c4ndringar av Viggo Bendz A\/S integritetspolicy<\/h3><p>Vi har r\u00e4tt att n\u00e4r som helst g\u00f6ra \u00e4ndringar i v\u00e5r integritetspolicy. Integritetspolicyn publiceras och uppdateras p\u00e5 v\u00e5r webbplats www.viggobendz.dk. Du b\u00f6r d\u00e4rf\u00f6r regelbundet bes\u00f6ka denna sida f\u00f6r att kontrollera om det har skett n\u00e5gra \u00e4ndringar i v\u00e5r integritetspolicy. Genom att forts\u00e4tta anv\u00e4nda v\u00e5r webbplats och samarbeta med oss utan att kommentera v\u00e5r personuppgiftshantering accepterar du v\u00e5r personuppgiftspolicy och eventuella \u00e4ndringar.   <\/p>\t\t\t\t\t\t\t\t<\/div>\n\t\t\t\t<\/div>\n\t\t\t\t<\/div>\n\t\t\t\t\t<\/div>\n\t\t\t\t<\/div>\n\t\t\t\t<\/div>\n\t\t","protected":false},"excerpt":{"rendered":"<p>N\u00e4r du anv\u00e4nder v\u00e5r webbutik via v\u00e5r webbplats www.viggobendz.dk, t.ex. om du registrerar dig som anv\u00e4ndare, skickar en f\u00f6rfr\u00e5gan eller registrerar dig f\u00f6r en tj\u00e4nst, samlar Viggo Bendz A\/S in de personuppgifter som du frivilligt tillhandah\u00e5ller. De personuppgifter som Viggo Bendz A\/S samlar in och behandlar i detta sammanhang \u00e4r ditt namn, telefonnummer och e-postadress.<\/p>\n","protected":false},"author":716,"featured_media":15717,"parent":0,"menu_order":0,"comment_status":"closed","ping_status":"closed","template":"","meta":{"_acf_changed":false,"footnotes":""},"class_list":["post-23440","page","type-page","status-publish","has-post-thumbnail","hentry"],"acf":[],"yoast_head":"<title>Integritetspolicy - Viggo Bendz<\/title>\n<meta name=\"robots\" content=\"index, follow, max-snippet:-1, max-image-preview:large, max-video-preview:-1\" \/>\n<link rel=\"canonical\" href=\"https:\/\/viggobendz.dk\/sv\/integritetspolicy\/\" \/>\n<meta property=\"og:locale\" content=\"sv_SE\" \/>\n<meta property=\"og:type\" content=\"article\" \/>\n<meta property=\"og:title\" content=\"Integritetspolicy - Viggo Bendz\" \/>\n<meta property=\"og:description\" content=\"N\u00e4r du anv\u00e4nder v\u00e5r webbutik via v\u00e5r webbplats www.viggobendz.dk, t.ex. om du registrerar dig som anv\u00e4ndare, skickar en f\u00f6rfr\u00e5gan eller registrerar dig f\u00f6r en tj\u00e4nst, samlar Viggo Bendz A\/S in de personuppgifter som du frivilligt tillhandah\u00e5ller. De personuppgifter som Viggo Bendz A\/S samlar in och behandlar i detta sammanhang \u00e4r ditt namn, telefonnummer och e-postadress.\" \/>\n<meta property=\"og:url\" content=\"https:\/\/viggobendz.dk\/sv\/integritetspolicy\/\" \/>\n<meta property=\"og:site_name\" content=\"Viggo Bendz\" \/>\n<meta property=\"article:modified_time\" content=\"2026-02-11T09:09:46+00:00\" \/>\n<meta property=\"og:image\" content=\"https:\/\/viggobendz.dk\/wp-content\/uploads\/2020\/09\/viggo-bendz-facade-scaled.jpg\" \/>\n\t<meta property=\"og:image:width\" content=\"2560\" \/>\n\t<meta property=\"og:image:height\" content=\"1707\" \/>\n\t<meta property=\"og:image:type\" content=\"image\/jpeg\" \/>\n<meta name=\"twitter:card\" content=\"summary_large_image\" \/>\n<meta name=\"twitter:label1\" content=\"Ber\u00e4knad l\u00e4stid\" \/>\n\t<meta name=\"twitter:data1\" content=\"5 minuter\" \/>\n<script type=\"application\/ld+json\" class=\"yoast-schema-graph\">{\"@context\":\"https:\/\/schema.org\",\"@graph\":[{\"@type\":\"WebPage\",\"@id\":\"https:\/\/viggobendz.dk\/sv\/integritetspolicy\/\",\"url\":\"https:\/\/viggobendz.dk\/sv\/integritetspolicy\/\",\"name\":\"Integritetspolicy - Viggo Bendz\",\"isPartOf\":{\"@id\":\"https:\/\/viggobendz.dk\/sv\/#website\"},\"primaryImageOfPage\":{\"@id\":\"https:\/\/viggobendz.dk\/sv\/integritetspolicy\/#primaryimage\"},\"image\":{\"@id\":\"https:\/\/viggobendz.dk\/sv\/integritetspolicy\/#primaryimage\"},\"thumbnailUrl\":\"https:\/\/viggobendz.dk\/wp-content\/uploads\/2020\/09\/viggo-bendz-facade-scaled.jpg\",\"datePublished\":\"2020-02-29T13:14:07+00:00\",\"dateModified\":\"2026-02-11T09:09:46+00:00\",\"breadcrumb\":{\"@id\":\"https:\/\/viggobendz.dk\/sv\/integritetspolicy\/#breadcrumb\"},\"inLanguage\":\"sv-SE\",\"potentialAction\":[{\"@type\":\"ReadAction\",\"target\":[\"https:\/\/viggobendz.dk\/sv\/integritetspolicy\/\"]}]},{\"@type\":\"ImageObject\",\"inLanguage\":\"sv-SE\",\"@id\":\"https:\/\/viggobendz.dk\/sv\/integritetspolicy\/#primaryimage\",\"url\":\"https:\/\/viggobendz.dk\/wp-content\/uploads\/2020\/09\/viggo-bendz-facade-scaled.jpg\",\"contentUrl\":\"https:\/\/viggobendz.dk\/wp-content\/uploads\/2020\/09\/viggo-bendz-facade-scaled.jpg\",\"width\":2560,\"height\":1707},{\"@type\":\"BreadcrumbList\",\"@id\":\"https:\/\/viggobendz.dk\/sv\/integritetspolicy\/#breadcrumb\",\"itemListElement\":[{\"@type\":\"ListItem\",\"position\":1,\"name\":\"Hjem\",\"item\":\"https:\/\/viggobendz.dk\/sv\/hemsidan\/\"},{\"@type\":\"ListItem\",\"position\":2,\"name\":\"Integritetspolicy\"}]},{\"@type\":\"WebSite\",\"@id\":\"https:\/\/viggobendz.dk\/sv\/#website\",\"url\":\"https:\/\/viggobendz.dk\/sv\/\",\"name\":\"Viggo Bendz\",\"description\":\"Det ansvarlige valg\",\"publisher\":{\"@id\":\"https:\/\/viggobendz.dk\/sv\/#organization\"},\"potentialAction\":[{\"@type\":\"SearchAction\",\"target\":{\"@type\":\"EntryPoint\",\"urlTemplate\":\"https:\/\/viggobendz.dk\/sv\/?s={search_term_string}\"},\"query-input\":{\"@type\":\"PropertyValueSpecification\",\"valueRequired\":true,\"valueName\":\"search_term_string\"}}],\"inLanguage\":\"sv-SE\"},{\"@type\":\"Organization\",\"@id\":\"https:\/\/viggobendz.dk\/sv\/#organization\",\"name\":\"Viggo Bendz A\/S\",\"url\":\"https:\/\/viggobendz.dk\/sv\/\",\"logo\":{\"@type\":\"ImageObject\",\"inLanguage\":\"sv-SE\",\"@id\":\"https:\/\/viggobendz.dk\/sv\/#\/schema\/logo\/image\/\",\"url\":\"https:\/\/viggobendz.dk\/wp-content\/uploads\/2020\/03\/VB-Logo.png\",\"contentUrl\":\"https:\/\/viggobendz.dk\/wp-content\/uploads\/2020\/03\/VB-Logo.png\",\"width\":735,\"height\":776,\"caption\":\"Viggo Bendz A\/S\"},\"image\":{\"@id\":\"https:\/\/viggobendz.dk\/sv\/#\/schema\/logo\/image\/\"}}]}<\/script>","yoast_head_json":{"title":"Integritetspolicy - Viggo Bendz","robots":{"index":"index","follow":"follow","max-snippet":"max-snippet:-1","max-image-preview":"max-image-preview:large","max-video-preview":"max-video-preview:-1"},"canonical":"https:\/\/viggobendz.dk\/sv\/integritetspolicy\/","og_locale":"sv_SE","og_type":"article","og_title":"Integritetspolicy - Viggo Bendz","og_description":"N\u00e4r du anv\u00e4nder v\u00e5r webbutik via v\u00e5r webbplats www.viggobendz.dk, t.ex. om du registrerar dig som anv\u00e4ndare, skickar en f\u00f6rfr\u00e5gan eller registrerar dig f\u00f6r en tj\u00e4nst, samlar Viggo Bendz A\/S in de personuppgifter som du frivilligt tillhandah\u00e5ller. De personuppgifter som Viggo Bendz A\/S samlar in och behandlar i detta sammanhang \u00e4r ditt namn, telefonnummer och e-postadress.","og_url":"https:\/\/viggobendz.dk\/sv\/integritetspolicy\/","og_site_name":"Viggo Bendz","article_modified_time":"2026-02-11T09:09:46+00:00","og_image":[{"width":2560,"height":1707,"url":"https:\/\/viggobendz.dk\/wp-content\/uploads\/2020\/09\/viggo-bendz-facade-scaled.jpg","type":"image\/jpeg"}],"twitter_card":"summary_large_image","twitter_misc":{"Ber\u00e4knad l\u00e4stid":"5 minuter"},"schema":{"@context":"https:\/\/schema.org","@graph":[{"@type":"WebPage","@id":"https:\/\/viggobendz.dk\/sv\/integritetspolicy\/","url":"https:\/\/viggobendz.dk\/sv\/integritetspolicy\/","name":"Integritetspolicy - Viggo Bendz","isPartOf":{"@id":"https:\/\/viggobendz.dk\/sv\/#website"},"primaryImageOfPage":{"@id":"https:\/\/viggobendz.dk\/sv\/integritetspolicy\/#primaryimage"},"image":{"@id":"https:\/\/viggobendz.dk\/sv\/integritetspolicy\/#primaryimage"},"thumbnailUrl":"https:\/\/viggobendz.dk\/wp-content\/uploads\/2020\/09\/viggo-bendz-facade-scaled.jpg","datePublished":"2020-02-29T13:14:07+00:00","dateModified":"2026-02-11T09:09:46+00:00","breadcrumb":{"@id":"https:\/\/viggobendz.dk\/sv\/integritetspolicy\/#breadcrumb"},"inLanguage":"sv-SE","potentialAction":[{"@type":"ReadAction","target":["https:\/\/viggobendz.dk\/sv\/integritetspolicy\/"]}]},{"@type":"ImageObject","inLanguage":"sv-SE","@id":"https:\/\/viggobendz.dk\/sv\/integritetspolicy\/#primaryimage","url":"https:\/\/viggobendz.dk\/wp-content\/uploads\/2020\/09\/viggo-bendz-facade-scaled.jpg","contentUrl":"https:\/\/viggobendz.dk\/wp-content\/uploads\/2020\/09\/viggo-bendz-facade-scaled.jpg","width":2560,"height":1707},{"@type":"BreadcrumbList","@id":"https:\/\/viggobendz.dk\/sv\/integritetspolicy\/#breadcrumb","itemListElement":[{"@type":"ListItem","position":1,"name":"Hjem","item":"https:\/\/viggobendz.dk\/sv\/hemsidan\/"},{"@type":"ListItem","position":2,"name":"Integritetspolicy"}]},{"@type":"WebSite","@id":"https:\/\/viggobendz.dk\/sv\/#website","url":"https:\/\/viggobendz.dk\/sv\/","name":"Viggo Bendz","description":"Det ansvarlige valg","publisher":{"@id":"https:\/\/viggobendz.dk\/sv\/#organization"},"potentialAction":[{"@type":"SearchAction","target":{"@type":"EntryPoint","urlTemplate":"https:\/\/viggobendz.dk\/sv\/?s={search_term_string}"},"query-input":{"@type":"PropertyValueSpecification","valueRequired":true,"valueName":"search_term_string"}}],"inLanguage":"sv-SE"},{"@type":"Organization","@id":"https:\/\/viggobendz.dk\/sv\/#organization","name":"Viggo Bendz A\/S","url":"https:\/\/viggobendz.dk\/sv\/","logo":{"@type":"ImageObject","inLanguage":"sv-SE","@id":"https:\/\/viggobendz.dk\/sv\/#\/schema\/logo\/image\/","url":"https:\/\/viggobendz.dk\/wp-content\/uploads\/2020\/03\/VB-Logo.png","contentUrl":"https:\/\/viggobendz.dk\/wp-content\/uploads\/2020\/03\/VB-Logo.png","width":735,"height":776,"caption":"Viggo Bendz A\/S"},"image":{"@id":"https:\/\/viggobendz.dk\/sv\/#\/schema\/logo\/image\/"}}]}},"_links":{"self":[{"href":"https:\/\/viggobendz.dk\/sv\/wp-json\/wp\/v2\/pages\/23440","targetHints":{"allow":["GET"]}}],"collection":[{"href":"https:\/\/viggobendz.dk\/sv\/wp-json\/wp\/v2\/pages"}],"about":[{"href":"https:\/\/viggobendz.dk\/sv\/wp-json\/wp\/v2\/types\/page"}],"author":[{"embeddable":true,"href":"https:\/\/viggobendz.dk\/sv\/wp-json\/wp\/v2\/users\/716"}],"replies":[{"embeddable":true,"href":"https:\/\/viggobendz.dk\/sv\/wp-json\/wp\/v2\/comments?post=23440"}],"version-history":[{"count":1,"href":"https:\/\/viggobendz.dk\/sv\/wp-json\/wp\/v2\/pages\/23440\/revisions"}],"predecessor-version":[{"id":23443,"href":"https:\/\/viggobendz.dk\/sv\/wp-json\/wp\/v2\/pages\/23440\/revisions\/23443"}],"wp:featuredmedia":[{"embeddable":true,"href":"https:\/\/viggobendz.dk\/sv\/wp-json\/wp\/v2\/media\/15717"}],"wp:attachment":[{"href":"https:\/\/viggobendz.dk\/sv\/wp-json\/wp\/v2\/media?parent=23440"}],"curies":[{"name":"wp","href":"https:\/\/api.w.org\/{rel}","templated":true}]}}