{"id":23454,"date":"2020-09-10T08:14:13","date_gmt":"2020-09-10T06:14:13","guid":{"rendered":"https:\/\/viggobendz.dk\/foersaeljnings-och-leveransvillkor\/"},"modified":"2026-02-11T10:10:10","modified_gmt":"2026-02-11T09:10:10","slug":"foersaeljnings-och-leveransvillkor","status":"publish","type":"page","link":"https:\/\/viggobendz.dk\/sv\/foersaeljnings-och-leveransvillkor\/","title":{"rendered":"F\u00f6rs\u00e4ljnings- och leveransvillkor"},"content":{"rendered":"\t\t<div data-elementor-type=\"wp-page\" data-elementor-id=\"23454\" class=\"elementor elementor-23454 elementor-523\" data-elementor-post-type=\"page\">\n\t\t\t\t<div class=\"elementor-element elementor-element-6e38e2a e-flex e-con-boxed e-con e-parent\" data-id=\"6e38e2a\" data-element_type=\"container\" data-e-type=\"container\">\n\t\t\t\t\t<div class=\"e-con-inner\">\n\t\t<div class=\"elementor-element elementor-element-33217b0 e-con-full e-flex e-con e-child\" data-id=\"33217b0\" data-element_type=\"container\" data-e-type=\"container\">\n\t\t\t\t<div class=\"elementor-element elementor-element-f031195 elementor-widget elementor-widget-text-editor\" data-id=\"f031195\" data-element_type=\"widget\" data-e-type=\"widget\" data-widget_type=\"text-editor.default\">\n\t\t\t\t<div class=\"elementor-widget-container\">\n\t\t\t\t\t\t\t\t\t<h2>1. Inledning<\/h2><p>Dessa f\u00f6rs\u00e4ljnings- och leveransvillkor g\u00e4ller f\u00f6r alla erbjudanden, best\u00e4llningar och leveranser fr\u00e5n Viggo Bendz (nedan &#8221;S\u00e4ljaren&#8221;), om inte annat skriftligen avtalats mellan Kunden och S\u00e4ljaren. F\u00f6rs\u00e4ljnings- och leveransvillkoren anses vara accepterade i och med att S\u00e4ljarens erbjudande accepteras. <\/p><p> <\/p><h2>2. Priser<\/h2><p><strong>2.1<\/strong> Alla priser anges i danska kronor och \u00e4r exklusive moms.<\/p><p><strong>2.2<\/strong> S\u00e4ljaren har fram till leveranstillf\u00e4llet r\u00e4tt att \u00e4ndra priset p\u00e5 den best\u00e4llda produkten vid of\u00f6rutsedda offentliga regleringar.<\/p><p><b>2.3<\/b> <span style=\"font-size: 15px; color: var( --e-global-color-text ); font-family: var( --e-global-typography-text-font-family ), Sans-serif;\">S\u00e4ljaren \u00e4ger r\u00e4tt att fram till tidpunkten f\u00f6r leverans av skriftlig orderbekr\u00e4ftelse \u00e4ndra priset p\u00e5 best\u00e4lld(a) produkt(er) i enlighet med g\u00e4llande r\u00e5varupriser (inklusive j\u00e4rn, st\u00e5l, metaller etc.). Vid pris\u00e4ndringar efter det att ordern har lagts och fram till tidpunkten f\u00f6r skriftlig orderbekr\u00e4ftelse ska kunden informeras om detta. <\/span><\/p><p> <\/p><h2>3. Betalning och betalningsvillkor<\/h2><p><strong>3.1<\/strong> Vid best\u00e4llningar d\u00e4r k\u00f6peskillingen ska betalas i delbetalningar ska betalningsvillkoren och betalningsfristerna avtalas individuellt mellan kunden och s\u00e4ljaren.<\/p><p><strong>3.2<\/strong> Vid order d\u00e4r k\u00f6peskillingen inte betalas i delbetalningar ska betalning f\u00f6r hela k\u00f6peskillingen erl\u00e4ggas i enlighet med de avtalade betalningsvillkor som framg\u00e5r av orderbekr\u00e4ftelsen.<\/p><p><strong>3.3<\/strong> Om kunden inte betalar i r\u00e4tt tid har s\u00e4ljaren r\u00e4tt till dr\u00f6jsm\u00e5lsr\u00e4nta fr\u00e5n f\u00f6rfallodagen med den r\u00e4ntesats som g\u00e4ller enligt dansk r\u00e4tts regler om r\u00e4nta och andra aspekter av f\u00f6rsenad betalning. S\u00e4ljaren har \u00e4ven r\u00e4tt till ers\u00e4ttning f\u00f6r de kostnader som uppkommit i samband med den f\u00f6rsenade betalningen. <\/p><p> <\/p><h2>4. Beh\u00e5llande av \u00e4gander\u00e4tt<\/h2><p><strong>4.1<\/strong> <span style=\"text-decoration: underline;\">S\u00e4ljaren f\u00f6rbeh\u00e5ller sig r\u00e4tten att h\u00e5lla levererad vara till dess full betalning erlagts.<\/span> <br>Full betalning anses ha erlagts n\u00e4r samtliga delbetalningar har erlagts eller n\u00e4r hela beloppet har erlagts.<\/p><p><strong>4.2<\/strong> Som en f\u00f6ljd av r\u00e4tten att g\u00f6ra g\u00e4llande \u00e4gander\u00e4ttsf\u00f6rbeh\u00e5llet ska kunden ers\u00e4tta s\u00e4ljarens eventuella f\u00f6rluster och kostnader i detta avseende.<\/p><p><strong>4.3<\/strong> R\u00e4tten att genomdriva \u00e4gander\u00e4ttsf\u00f6rbeh\u00e5llet \u00e4r i enlighet med konsoliderad lag nr 817 av den 6 augusti 2019, lag om kreditavtal<\/p><p> <\/p><h2>5. Villkor f\u00f6r \u00e5terl\u00e4mnande<\/h2><p><strong>5.1<\/strong> Vid k\u00f6p av lagervara kan Kunden returnera varan till S\u00e4ljaren i S\u00e4ljarens lokaler inom 5 arbetsdagar.<\/p><p><strong>5.2<\/strong> Om kunden inte kan returnera varan i s\u00e4ljarens lokaler, ska kunden b\u00e4ra alla kostnader och risker som \u00e4r f\u00f6rknippade med returneringen.<\/p><p><strong>5.3<\/strong> Vid \u00e5terbetalning av produkten dras 30 % av k\u00f6peskillingen av om inte annat avtalats mellan kunden och s\u00e4ljaren.<\/p><p><strong>5.4<\/strong> <span style=\"text-decoration: underline;\">Vid k\u00f6p av best\u00e4llningsvaror kan Kunden inte returnera de k\u00f6pta varorna.<\/span><\/p><p> <\/p><h2>6. Leveransmetod och \u00f6verf\u00f6ring av risk<\/h2><p><strong>6.1<\/strong> Om produkten ska transporteras till kunden, utf\u00f6rs transporten av en transport\u00f6r som utsetts av s\u00e4ljaren. Risken f\u00f6r oavsiktlig f\u00f6rlust av produkten \u00f6verg\u00e5r till kunden vid den tidpunkt d\u00e5 produkten \u00f6verl\u00e4mnas till den av s\u00e4ljaren utsedda transport\u00f6ren. <\/p><p><strong>6.2<\/strong> Vid ovanst\u00e5ende leveranss\u00e4tt \u00e5tar sig S\u00e4ljaren att betala hela fraktkostnaden fram till dess att produkten har anl\u00e4nt till avtalad leveransplats.<\/p><p><strong>6.3<\/strong> De villkor som n\u00e4mns i punkterna 6.1-6.2 \u00e4r likv\u00e4rdiga med CPT-klausulen enligt INCOTERMS 2020. <\/p><p><strong>6.4<\/strong> I alla andra fall \u00e4n de som n\u00e4mns i punkterna 6.1-6.3 sker leverans Ex Works. Risken f\u00f6r att produkten f\u00f6rst\u00f6rs genom olycksh\u00e4ndelse \u00f6verg\u00e5r till kunden vid den tidpunkt d\u00e5 produkten st\u00e4lls till kundens f\u00f6rfogande p\u00e5 den adress som anges i orderbekr\u00e4ftelsen\/fakturan. <\/p><p><strong>6.5<\/strong> Fraktkostnader som uppkommer vid leverans Ex Works ska b\u00e4ras av Kunden.<\/p><p><strong>6.6<\/strong> De villkor som anges i punkterna 6.4-6.5 \u00e4r likv\u00e4rdiga med Ex Works-klausulen, jfr INCOTERMS 2020. <\/p><p><strong>6.7<\/strong> S\u00e4ljaren kan komma \u00f6verens med Kunden om andra leveransmetoder \u00e4n de som n\u00e4mns ovan.<\/p><p> <\/p><h2>7. Leveranstid och leveransplats<\/h2><p><strong>7.1<\/strong> Som leveransplats ska anses den plats d\u00e4r kunden och s\u00e4ljaren har kommit \u00f6verens i enlighet med den valda INCOTERMS-klausulen som n\u00e4mns i punkt 6.<\/p><p><strong>7.2<\/strong> Leveranstidpunkten anses vara den tidpunkt d\u00e5 risken f\u00f6r produkten \u00f6verg\u00e5r till kunden, jfr punkt 6, eller d\u00e5 eventuell installation har skett och \u00f6verg\u00e5tt.<\/p><p><strong>7.3 <\/strong>Leveranstidpunkten kan avtalas till en viss dag eller inom en viss best\u00e4md tidsperiod.<\/p><p><strong>7.4<\/strong> Vi f\u00f6rbeh\u00e5ller oss r\u00e4tten att \u00e4ndra leveranstiden i de fall f\u00f6rseningen beror p\u00e5 omst\u00e4ndigheter som S\u00e4ljaren inte \u00e4r ansvarig f\u00f6r och som S\u00e4ljaren inte kunnat f\u00f6rutse, se \u00e4ven punkt 11.<\/p><p><strong>7.5<\/strong> Leverans upp till 5 arbetsdagar efter den mellan Kunden och S\u00e4ljaren \u00f6verenskomna leveranstiden anses vara i r\u00e4tt tid.<\/p><p><strong>7.6<\/strong> F\u00f6religger dr\u00f6jsm\u00e5l ut\u00f6ver vad som anges i punkt 7.5 och S\u00e4ljaren ansvarar f\u00f6r detta, ska Kunden meddela S\u00e4ljaren<br>en sk\u00e4lig tidsfrist f\u00f6r leverans om<br>Kunden vill g\u00f6ra g\u00e4llande eventuella p\u00e5f\u00f6ljder<br>p\u00e5 grund av avtalsbrott. <br>Om s\u00e5dan sk\u00e4lig tidsfrist inte meddelas inom 5 dagar fr\u00e5n det att f\u00f6rseningen uppstod, <span style=\"text-decoration: underline;\">f\u00f6rlorar kunden sin r\u00e4tt att h\u00e4va k\u00f6pet<\/span>. Om kunden i god tid har satt ut en leveranstid och leverans inte har skett inom denna tid, har kunden r\u00e4tt att ut\u00f6va sina p\u00e5f\u00f6ljder vid avtalsbrott genom att tydligt meddela s\u00e4ljaren. <\/p><p> <\/p><h2>8. Kontrollskyldighet och reklamationer<\/h2><p><strong>8.1<\/strong> Vid mottagandet av produkten \u00e4r kunden skyldig att omedelbart g\u00f6ra en tillr\u00e4ckligt noggrann unders\u00f6kning f\u00f6r att uppt\u00e4cka eventuella fel i produkten. Om kunden inser eller borde inse att leveransen \u00e4r bristf\u00e4llig eller felaktig ska kunden omedelbart reklamera detta skriftligen till s\u00e4ljaren. <\/p><p><strong>8.2<\/strong> Om kunden senare f\u00e5r k\u00e4nnedom om dolda fel i produkten ska kunden omedelbart reklamera detta skriftligen till s\u00e4ljaren.<\/p><p><strong>8.3<\/strong> Om Kunden inte reklamerar omedelbart enligt vad som f\u00f6reskrivs i punkterna 8.1-8.2, <span style=\"text-decoration: underline;\">f\u00f6rlorar Kunden r\u00e4tten att g\u00f6ra g\u00e4llande anspr\u00e5k<\/span> med anledning av felet i fr\u00e5ga.<\/p><p><strong>8.4<\/strong> Oavsett de tider som anges i punkterna 8.1-8.2 ansvarar s\u00e4ljaren endast under en tid av tv\u00e5 \u00e5r f\u00f6r fel i produkten, eller fel i eventuell installation, r\u00e4knat fr\u00e5n den tidpunkt d\u00e5 produkten levererats eller fr\u00e5n den tidpunkt d\u00e5 installation skett och projektet \u00f6verl\u00e4mnats.<\/p><p> <\/p><h2>9. Ansvar f\u00f6r fel och brister<\/h2><p><strong>9.1<\/strong> Om det finns ett fel i produkten eller om s\u00e4ljarens installation \u00e4r felaktig, har s\u00e4ljaren r\u00e4tt att avhj\u00e4lpa felet genom reparation eller utbyte efter eget gottfinnande, f\u00f6rutsatt att det finns en motiverad och snabb reklamation fr\u00e5n kunden.<\/p><p><strong>9.2<\/strong> S\u00e4ljaren \u00e5tar sig att avhj\u00e4lpa felet inom sk\u00e4lig tid. Platsen f\u00f6r avhj\u00e4lpande av felet skall \u00f6verenskommas mellan kunden och s\u00e4ljaren. <\/p><p><strong>9.3<\/strong> Om s\u00e4ljaren inte fullg\u00f6r sina skyldigheter att avhj\u00e4lpa felet inom sk\u00e4lig tid, ska kunden s\u00e4tta ut en sista sk\u00e4lig frist f\u00f6r avhj\u00e4lpande. Om S\u00e4ljaren inte avhj\u00e4lper felet inom denna frist f\u00e5r Kunden, efter eget val, antingen a) kr\u00e4va att S\u00e4ljaren avhj\u00e4lper felet, b) kr\u00e4va ett proportionerligt avdrag, dock h\u00f6gst 5 procent av k\u00f6peskillingen eller, om felet \u00e4r v\u00e4sentligt, c) h\u00e4va den felaktiga delen av leveransen.    <\/p><p><strong>9.4<\/strong> Om avhj\u00e4lpande av felet kr\u00e4ver demontering och montering i annan produkt, ska denna kostnad b\u00e4ras av kunden.<\/p><p><strong>9.5<\/strong> Om s\u00e4ljaren vidtar r\u00e4ttelse i r\u00e4tt tid och p\u00e5 ett adekvat s\u00e4tt har kunden inte r\u00e4tt att h\u00e4va avtalet eller kr\u00e4va ers\u00e4ttning. S\u00e4ljaren har r\u00e4tt att g\u00f6ra ett eller flera f\u00f6rs\u00f6k till avhj\u00e4lpande. <\/p><p><strong>9.6<\/strong> Om Kundens reklamation visar sig vara obefogad \u00e4r Kunden skyldig att betala de kostnader som S\u00e4ljaren \u00e5dragit sig i samband med S\u00e4ljarens f\u00f6rs\u00f6k att r\u00e4tta till f\u00f6rh\u00e5llandet.<\/p><p> <\/p><h2>10 Produktansvar<\/h2><p><strong>10.1<\/strong> S\u00e4ljaren \u00e4r ansvarig f\u00f6r produktansvar i den utstr\u00e4ckning som f\u00f6ljer av tvingande lagbest\u00e4mmelser i den danska produktansvarslagen, jfr. lagbekendtg\u00f8relse nr 261 av den 20 mars 2007 och enligt de regler om produktansvar som utvecklats i r\u00e4ttspraxis.<\/p><p><strong>10.2<\/strong> S\u00e4ljaren ansvarar inte f\u00f6r skador p\u00e5 sj\u00e4lva den felaktiga produkten.<\/p><p><strong>10.3<\/strong> S\u00e4ljarens ansvar \u00e4r vidare begr\u00e4nsat enligt vad som anges i punkt 11 nedan.<\/p><p> <\/p><h2>11 Ansvarsbegr\u00e4nsningar<\/h2><p><strong>11.1<\/strong> S\u00e4ljaren ansvarar inte f\u00f6r fel och brister om felet eller bristen beror p\u00e5 att kunden har anv\u00e4nt produkten p\u00e5 ett felaktigt s\u00e4tt eller om kunden har \u00e5sidosatt en av s\u00e4ljaren utf\u00e4rdad anvisning f\u00f6r anv\u00e4ndning och underh\u00e5ll av produkten.<\/p><p><strong>11.2<\/strong> S\u00e4ljaren kan under inga omst\u00e4ndigheter h\u00e5llas ansvarig f\u00f6r indirekta f\u00f6rluster, f\u00f6ljdskador och liknande, inklusive exempelvis Kundens r\u00f6relsef\u00f6rluster eller uteblivna vinst.<\/p><p><strong>11.3<\/strong> S\u00e4ljaren ansvarar inte f\u00f6r att produkten \u00e4r l\u00e4mplig f\u00f6r det \u00e4ndam\u00e5l som kunden avser, s\u00e5vida inte detta \u00e4ndam\u00e5l skriftligen \u00f6verenskommits mellan kunden och s\u00e4ljaren.<\/p><p><strong>11.4<\/strong> Om s\u00e4ljaren ansvarar f\u00f6r reparation av produkter som inte k\u00f6pts av s\u00e4ljaren, ansvarar s\u00e4ljaren endast f\u00f6r den reparation som utf\u00f6rts av s\u00e4ljaren. S\u00e4ljaren ansvarar s\u00e5ledes inte f\u00f6r andra skador p\u00e5 produkten i fr\u00e5ga och inte heller f\u00f6r skador som orsakats p\u00e5 den ursprungliga produkten. <\/p><p><strong>11.5<\/strong> Fall av force majeure skall befria s\u00e4ljaren fr\u00e5n ansvar om dessa omst\u00e4ndigheter f\u00f6rhindrar leverans eller g\u00f6r fullg\u00f6randet osk\u00e4ligt betungande.<\/p><p><strong>11.6<\/strong> S\u00e4ljaren \u00e4r skyldig att underr\u00e4tta kunden om omst\u00e4ndighet som anges i punkt 11.5 intr\u00e4ffar.<\/p><p><strong>11.7<\/strong> Om leveransf\u00f6rseningen beror p\u00e5 force majeure, jfr punkt 11.5, har b\u00e5da parter r\u00e4tt att h\u00e4va avtalet n\u00e4r hindret varat i mer \u00e4n tre m\u00e5nader.<\/p><p><strong>11.8<\/strong> Ansvarsbegr\u00e4nsningarna g\u00e4ller inte om S\u00e4ljaren har handlat upps\u00e5tligen med avsikt att orsaka ansvar eller har visat grov v\u00e5rdsl\u00f6shet.<\/p><p> <\/p><h2>12. Lagval och jurisdiktion<\/h2><p><strong>12.1<\/strong> Dessa f\u00f6rs\u00e4ljnings- och leveransvillkor regleras av dansk lag utan h\u00e4nsyn till lagvalsregler. Tvister som inte kan l\u00f6sas mellan parterna ska h\u00e4nskjutas till domstolen i Holb\u00e6k. <\/p>\t\t\t\t\t\t\t\t<\/div>\n\t\t\t\t<\/div>\n\t\t\t\t<\/div>\n\t\t\t\t\t<\/div>\n\t\t\t\t<\/div>\n\t\t\t\t<\/div>\n\t\t","protected":false},"excerpt":{"rendered":"<p>1. Inledning Dessa f\u00f6rs\u00e4ljnings- och leveransvillkor g\u00e4ller f\u00f6r alla erbjudanden, best\u00e4llningar och leveranser fr\u00e5n Viggo Bendz (nedan &#8221;S\u00e4ljaren&#8221;), om inte annat skriftligen avtalats mellan Kunden och S\u00e4ljaren. F\u00f6rs\u00e4ljnings- och leveransvillkoren anses vara accepterade i och med att S\u00e4ljarens erbjudande accepteras. 2. Priser 2.1 Alla priser anges i danska kronor och \u00e4r exklusive moms. 2.2 S\u00e4ljaren<\/p>\n","protected":false},"author":2,"featured_media":22935,"parent":0,"menu_order":0,"comment_status":"closed","ping_status":"closed","template":"","meta":{"_acf_changed":false,"footnotes":""},"class_list":["post-23454","page","type-page","status-publish","has-post-thumbnail","hentry"],"acf":[],"yoast_head":"<title>F\u00f6rs\u00e4ljnings- och leveransvillkor - Viggo Bendz<\/title>\n<meta name=\"robots\" content=\"index, follow, max-snippet:-1, max-image-preview:large, max-video-preview:-1\" \/>\n<link rel=\"canonical\" href=\"https:\/\/viggobendz.dk\/sv\/foersaeljnings-och-leveransvillkor\/\" \/>\n<meta property=\"og:locale\" content=\"sv_SE\" \/>\n<meta property=\"og:type\" content=\"article\" \/>\n<meta property=\"og:title\" content=\"F\u00f6rs\u00e4ljnings- och leveransvillkor - Viggo Bendz\" \/>\n<meta property=\"og:description\" content=\"1. Inledning Dessa f\u00f6rs\u00e4ljnings- och leveransvillkor g\u00e4ller f\u00f6r alla erbjudanden, best\u00e4llningar och leveranser fr\u00e5n Viggo Bendz (nedan &#8221;S\u00e4ljaren&#8221;), om inte annat skriftligen avtalats mellan Kunden och S\u00e4ljaren. F\u00f6rs\u00e4ljnings- och leveransvillkoren anses vara accepterade i och med att S\u00e4ljarens erbjudande accepteras. 2. Priser 2.1 Alla priser anges i danska kronor och \u00e4r exklusive moms. 2.2 S\u00e4ljaren\" \/>\n<meta property=\"og:url\" content=\"https:\/\/viggobendz.dk\/sv\/foersaeljnings-och-leveransvillkor\/\" \/>\n<meta property=\"og:site_name\" content=\"Viggo Bendz\" \/>\n<meta property=\"article:modified_time\" content=\"2026-02-11T09:10:10+00:00\" \/>\n<meta property=\"og:image\" content=\"https:\/\/viggobendz.dk\/wp-content\/uploads\/2025\/07\/bygning-1-1024x469.png\" \/>\n\t<meta property=\"og:image:width\" content=\"1024\" \/>\n\t<meta property=\"og:image:height\" content=\"469\" \/>\n\t<meta property=\"og:image:type\" content=\"image\/png\" \/>\n<meta name=\"twitter:card\" content=\"summary_large_image\" \/>\n<meta name=\"twitter:label1\" content=\"Ber\u00e4knad l\u00e4stid\" \/>\n\t<meta name=\"twitter:data1\" content=\"8 minuter\" \/>\n<script type=\"application\/ld+json\" class=\"yoast-schema-graph\">{\"@context\":\"https:\/\/schema.org\",\"@graph\":[{\"@type\":\"WebPage\",\"@id\":\"https:\/\/viggobendz.dk\/sv\/foersaeljnings-och-leveransvillkor\/\",\"url\":\"https:\/\/viggobendz.dk\/sv\/foersaeljnings-och-leveransvillkor\/\",\"name\":\"F\u00f6rs\u00e4ljnings- och leveransvillkor - Viggo Bendz\",\"isPartOf\":{\"@id\":\"https:\/\/viggobendz.dk\/sv\/#website\"},\"primaryImageOfPage\":{\"@id\":\"https:\/\/viggobendz.dk\/sv\/foersaeljnings-och-leveransvillkor\/#primaryimage\"},\"image\":{\"@id\":\"https:\/\/viggobendz.dk\/sv\/foersaeljnings-och-leveransvillkor\/#primaryimage\"},\"thumbnailUrl\":\"https:\/\/viggobendz.dk\/wp-content\/uploads\/2025\/07\/bygning-1.png\",\"datePublished\":\"2020-09-10T06:14:13+00:00\",\"dateModified\":\"2026-02-11T09:10:10+00:00\",\"breadcrumb\":{\"@id\":\"https:\/\/viggobendz.dk\/sv\/foersaeljnings-och-leveransvillkor\/#breadcrumb\"},\"inLanguage\":\"sv-SE\",\"potentialAction\":[{\"@type\":\"ReadAction\",\"target\":[\"https:\/\/viggobendz.dk\/sv\/foersaeljnings-och-leveransvillkor\/\"]}]},{\"@type\":\"ImageObject\",\"inLanguage\":\"sv-SE\",\"@id\":\"https:\/\/viggobendz.dk\/sv\/foersaeljnings-och-leveransvillkor\/#primaryimage\",\"url\":\"https:\/\/viggobendz.dk\/wp-content\/uploads\/2025\/07\/bygning-1.png\",\"contentUrl\":\"https:\/\/viggobendz.dk\/wp-content\/uploads\/2025\/07\/bygning-1.png\",\"width\":2463,\"height\":1127},{\"@type\":\"BreadcrumbList\",\"@id\":\"https:\/\/viggobendz.dk\/sv\/foersaeljnings-och-leveransvillkor\/#breadcrumb\",\"itemListElement\":[{\"@type\":\"ListItem\",\"position\":1,\"name\":\"Hjem\",\"item\":\"https:\/\/viggobendz.dk\/sv\/hemsidan\/\"},{\"@type\":\"ListItem\",\"position\":2,\"name\":\"F\u00f6rs\u00e4ljnings- och leveransvillkor\"}]},{\"@type\":\"WebSite\",\"@id\":\"https:\/\/viggobendz.dk\/sv\/#website\",\"url\":\"https:\/\/viggobendz.dk\/sv\/\",\"name\":\"Viggo Bendz\",\"description\":\"Det ansvarlige valg\",\"publisher\":{\"@id\":\"https:\/\/viggobendz.dk\/sv\/#organization\"},\"potentialAction\":[{\"@type\":\"SearchAction\",\"target\":{\"@type\":\"EntryPoint\",\"urlTemplate\":\"https:\/\/viggobendz.dk\/sv\/?s={search_term_string}\"},\"query-input\":{\"@type\":\"PropertyValueSpecification\",\"valueRequired\":true,\"valueName\":\"search_term_string\"}}],\"inLanguage\":\"sv-SE\"},{\"@type\":\"Organization\",\"@id\":\"https:\/\/viggobendz.dk\/sv\/#organization\",\"name\":\"Viggo Bendz A\/S\",\"url\":\"https:\/\/viggobendz.dk\/sv\/\",\"logo\":{\"@type\":\"ImageObject\",\"inLanguage\":\"sv-SE\",\"@id\":\"https:\/\/viggobendz.dk\/sv\/#\/schema\/logo\/image\/\",\"url\":\"https:\/\/viggobendz.dk\/wp-content\/uploads\/2020\/03\/VB-Logo.png\",\"contentUrl\":\"https:\/\/viggobendz.dk\/wp-content\/uploads\/2020\/03\/VB-Logo.png\",\"width\":735,\"height\":776,\"caption\":\"Viggo Bendz A\/S\"},\"image\":{\"@id\":\"https:\/\/viggobendz.dk\/sv\/#\/schema\/logo\/image\/\"}}]}<\/script>","yoast_head_json":{"title":"F\u00f6rs\u00e4ljnings- och leveransvillkor - Viggo Bendz","robots":{"index":"index","follow":"follow","max-snippet":"max-snippet:-1","max-image-preview":"max-image-preview:large","max-video-preview":"max-video-preview:-1"},"canonical":"https:\/\/viggobendz.dk\/sv\/foersaeljnings-och-leveransvillkor\/","og_locale":"sv_SE","og_type":"article","og_title":"F\u00f6rs\u00e4ljnings- och leveransvillkor - Viggo Bendz","og_description":"1. Inledning Dessa f\u00f6rs\u00e4ljnings- och leveransvillkor g\u00e4ller f\u00f6r alla erbjudanden, best\u00e4llningar och leveranser fr\u00e5n Viggo Bendz (nedan &#8221;S\u00e4ljaren&#8221;), om inte annat skriftligen avtalats mellan Kunden och S\u00e4ljaren. F\u00f6rs\u00e4ljnings- och leveransvillkoren anses vara accepterade i och med att S\u00e4ljarens erbjudande accepteras. 2. Priser 2.1 Alla priser anges i danska kronor och \u00e4r exklusive moms. 2.2 S\u00e4ljaren","og_url":"https:\/\/viggobendz.dk\/sv\/foersaeljnings-och-leveransvillkor\/","og_site_name":"Viggo Bendz","article_modified_time":"2026-02-11T09:10:10+00:00","og_image":[{"width":1024,"height":469,"url":"https:\/\/viggobendz.dk\/wp-content\/uploads\/2025\/07\/bygning-1-1024x469.png","type":"image\/png"}],"twitter_card":"summary_large_image","twitter_misc":{"Ber\u00e4knad l\u00e4stid":"8 minuter"},"schema":{"@context":"https:\/\/schema.org","@graph":[{"@type":"WebPage","@id":"https:\/\/viggobendz.dk\/sv\/foersaeljnings-och-leveransvillkor\/","url":"https:\/\/viggobendz.dk\/sv\/foersaeljnings-och-leveransvillkor\/","name":"F\u00f6rs\u00e4ljnings- och leveransvillkor - Viggo Bendz","isPartOf":{"@id":"https:\/\/viggobendz.dk\/sv\/#website"},"primaryImageOfPage":{"@id":"https:\/\/viggobendz.dk\/sv\/foersaeljnings-och-leveransvillkor\/#primaryimage"},"image":{"@id":"https:\/\/viggobendz.dk\/sv\/foersaeljnings-och-leveransvillkor\/#primaryimage"},"thumbnailUrl":"https:\/\/viggobendz.dk\/wp-content\/uploads\/2025\/07\/bygning-1.png","datePublished":"2020-09-10T06:14:13+00:00","dateModified":"2026-02-11T09:10:10+00:00","breadcrumb":{"@id":"https:\/\/viggobendz.dk\/sv\/foersaeljnings-och-leveransvillkor\/#breadcrumb"},"inLanguage":"sv-SE","potentialAction":[{"@type":"ReadAction","target":["https:\/\/viggobendz.dk\/sv\/foersaeljnings-och-leveransvillkor\/"]}]},{"@type":"ImageObject","inLanguage":"sv-SE","@id":"https:\/\/viggobendz.dk\/sv\/foersaeljnings-och-leveransvillkor\/#primaryimage","url":"https:\/\/viggobendz.dk\/wp-content\/uploads\/2025\/07\/bygning-1.png","contentUrl":"https:\/\/viggobendz.dk\/wp-content\/uploads\/2025\/07\/bygning-1.png","width":2463,"height":1127},{"@type":"BreadcrumbList","@id":"https:\/\/viggobendz.dk\/sv\/foersaeljnings-och-leveransvillkor\/#breadcrumb","itemListElement":[{"@type":"ListItem","position":1,"name":"Hjem","item":"https:\/\/viggobendz.dk\/sv\/hemsidan\/"},{"@type":"ListItem","position":2,"name":"F\u00f6rs\u00e4ljnings- och leveransvillkor"}]},{"@type":"WebSite","@id":"https:\/\/viggobendz.dk\/sv\/#website","url":"https:\/\/viggobendz.dk\/sv\/","name":"Viggo Bendz","description":"Det ansvarlige valg","publisher":{"@id":"https:\/\/viggobendz.dk\/sv\/#organization"},"potentialAction":[{"@type":"SearchAction","target":{"@type":"EntryPoint","urlTemplate":"https:\/\/viggobendz.dk\/sv\/?s={search_term_string}"},"query-input":{"@type":"PropertyValueSpecification","valueRequired":true,"valueName":"search_term_string"}}],"inLanguage":"sv-SE"},{"@type":"Organization","@id":"https:\/\/viggobendz.dk\/sv\/#organization","name":"Viggo Bendz A\/S","url":"https:\/\/viggobendz.dk\/sv\/","logo":{"@type":"ImageObject","inLanguage":"sv-SE","@id":"https:\/\/viggobendz.dk\/sv\/#\/schema\/logo\/image\/","url":"https:\/\/viggobendz.dk\/wp-content\/uploads\/2020\/03\/VB-Logo.png","contentUrl":"https:\/\/viggobendz.dk\/wp-content\/uploads\/2020\/03\/VB-Logo.png","width":735,"height":776,"caption":"Viggo Bendz A\/S"},"image":{"@id":"https:\/\/viggobendz.dk\/sv\/#\/schema\/logo\/image\/"}}]}},"_links":{"self":[{"href":"https:\/\/viggobendz.dk\/sv\/wp-json\/wp\/v2\/pages\/23454","targetHints":{"allow":["GET"]}}],"collection":[{"href":"https:\/\/viggobendz.dk\/sv\/wp-json\/wp\/v2\/pages"}],"about":[{"href":"https:\/\/viggobendz.dk\/sv\/wp-json\/wp\/v2\/types\/page"}],"author":[{"embeddable":true,"href":"https:\/\/viggobendz.dk\/sv\/wp-json\/wp\/v2\/users\/2"}],"replies":[{"embeddable":true,"href":"https:\/\/viggobendz.dk\/sv\/wp-json\/wp\/v2\/comments?post=23454"}],"version-history":[{"count":1,"href":"https:\/\/viggobendz.dk\/sv\/wp-json\/wp\/v2\/pages\/23454\/revisions"}],"predecessor-version":[{"id":23455,"href":"https:\/\/viggobendz.dk\/sv\/wp-json\/wp\/v2\/pages\/23454\/revisions\/23455"}],"wp:featuredmedia":[{"embeddable":true,"href":"https:\/\/viggobendz.dk\/sv\/wp-json\/wp\/v2\/media\/22935"}],"wp:attachment":[{"href":"https:\/\/viggobendz.dk\/sv\/wp-json\/wp\/v2\/media?parent=23454"}],"curies":[{"name":"wp","href":"https:\/\/api.w.org\/{rel}","templated":true}]}}