{"id":23568,"date":"2020-10-01T10:51:38","date_gmt":"2020-10-01T08:51:38","guid":{"rendered":"https:\/\/viggobendz.dk\/oeppettider\/"},"modified":"2026-02-11T10:12:00","modified_gmt":"2026-02-11T09:12:00","slug":"oeppettider","status":"publish","type":"page","link":"https:\/\/viggobendz.dk\/sv\/oeppettider\/","title":{"rendered":"\u00d6ppettider"},"content":{"rendered":"\t\t<div data-elementor-type=\"wp-page\" data-elementor-id=\"23568\" class=\"elementor elementor-23568 elementor-1408\" data-elementor-post-type=\"page\">\n\t\t\t\t<div class=\"elementor-element elementor-element-8d25fab e-flex e-con-boxed e-con e-parent\" data-id=\"8d25fab\" data-element_type=\"container\" data-e-type=\"container\">\n\t\t\t\t\t<div class=\"e-con-inner\">\n\t\t\t\t<div class=\"elementor-element elementor-element-4490d68 elementor-widget elementor-widget-shortcode\" data-id=\"4490d68\" data-element_type=\"widget\" data-e-type=\"widget\" data-widget_type=\"shortcode.default\">\n\t\t\t\t<div class=\"elementor-widget-container\">\n\t\t\t\t\t\t\t<div class=\"elementor-shortcode\"><table class='openinghours'><thead><tr><th>Dag i veckan<\/th><th>Tidsperiod<\/th><\/tr><thead><tbody><tr id='M\u00e5ndagar' itemprop='openingHours' datetime='Man 07:30 - 16:00'><td>M\u00e5ndagar<\/td><td>07:30 - 16:00<\/td><\/tr><tr id='Tisdag' itemprop='openingHours' datetime='Tir 07:30 - 16:00'><td>Tisdag<\/td><td>07:30 - 16:00<\/td><\/tr><tr id='Onsdag' itemprop='openingHours' datetime='V\u00e5r 07:30 - 16:00'><td>Onsdag<\/td><td>07:30 - 16:00<\/td><\/tr><tr id='Torsdag' itemprop='openingHours' datetime='M\u00e5l 07:30 - 16:00'><td>Torsdag<\/td><td>07:30 - 16:00<\/td><\/tr><tr id='fredagar' itemprop='openingHours' datetime='Fre 07:30 - 13:00'><td>fredagar<\/td><td>07:30 - 13:00<\/td><\/tr><tr id='L\u00d6RDAG' itemprop='openingHours' datetime='L\u00f6rdag Closed'><td>L\u00d6RDAG<\/td><td>St\u00e4ngt<\/td><\/tr><tr id='S\u00f6ndag' itemprop='openingHours' datetime='Son Closed'><td>S\u00f6ndag<\/td><td>St\u00e4ngt<\/td><\/tr><\/tbody><\/table><\/div>\n\t\t\t\t\t\t<\/div>\n\t\t\t\t<\/div>\n\t\t\t\t\t<\/div>\n\t\t\t\t<\/div>\n\t\t\t\t<\/div>\n\t\t","protected":false},"excerpt":{"rendered":"","protected":false},"author":2,"featured_media":22935,"parent":0,"menu_order":0,"comment_status":"closed","ping_status":"closed","template":"","meta":{"_acf_changed":false,"footnotes":""},"class_list":["post-23568","page","type-page","status-publish","has-post-thumbnail","hentry"],"acf":[],"yoast_head":"<title>\u00d6ppettider - Viggo Bendz<\/title>\n<meta name=\"robots\" content=\"index, follow, max-snippet:-1, max-image-preview:large, max-video-preview:-1\" \/>\n<link rel=\"canonical\" href=\"https:\/\/viggobendz.dk\/sv\/oeppettider\/\" \/>\n<meta property=\"og:locale\" content=\"sv_SE\" \/>\n<meta property=\"og:type\" content=\"article\" \/>\n<meta property=\"og:title\" content=\"\u00d6ppettider - Viggo Bendz\" \/>\n<meta property=\"og:url\" content=\"https:\/\/viggobendz.dk\/sv\/oeppettider\/\" \/>\n<meta property=\"og:site_name\" content=\"Viggo Bendz\" \/>\n<meta property=\"article:modified_time\" content=\"2026-02-11T09:12:00+00:00\" \/>\n<meta property=\"og:image\" content=\"https:\/\/viggobendz.dk\/wp-content\/uploads\/2025\/07\/bygning-1-1024x469.png\" \/>\n\t<meta property=\"og:image:width\" content=\"1024\" \/>\n\t<meta property=\"og:image:height\" content=\"469\" \/>\n\t<meta property=\"og:image:type\" content=\"image\/png\" \/>\n<meta name=\"twitter:card\" content=\"summary_large_image\" \/>\n<script type=\"application\/ld+json\" class=\"yoast-schema-graph\">{\"@context\":\"https:\/\/schema.org\",\"@graph\":[{\"@type\":\"WebPage\",\"@id\":\"https:\/\/viggobendz.dk\/sv\/oeppettider\/\",\"url\":\"https:\/\/viggobendz.dk\/sv\/oeppettider\/\",\"name\":\"\u00d6ppettider - Viggo Bendz\",\"isPartOf\":{\"@id\":\"https:\/\/viggobendz.dk\/sv\/#website\"},\"primaryImageOfPage\":{\"@id\":\"https:\/\/viggobendz.dk\/sv\/oeppettider\/#primaryimage\"},\"image\":{\"@id\":\"https:\/\/viggobendz.dk\/sv\/oeppettider\/#primaryimage\"},\"thumbnailUrl\":\"https:\/\/viggobendz.dk\/wp-content\/uploads\/2025\/07\/bygning-1.png\",\"datePublished\":\"2020-10-01T08:51:38+00:00\",\"dateModified\":\"2026-02-11T09:12:00+00:00\",\"breadcrumb\":{\"@id\":\"https:\/\/viggobendz.dk\/sv\/oeppettider\/#breadcrumb\"},\"inLanguage\":\"sv-SE\",\"potentialAction\":[{\"@type\":\"ReadAction\",\"target\":[\"https:\/\/viggobendz.dk\/sv\/oeppettider\/\"]}]},{\"@type\":\"ImageObject\",\"inLanguage\":\"sv-SE\",\"@id\":\"https:\/\/viggobendz.dk\/sv\/oeppettider\/#primaryimage\",\"url\":\"https:\/\/viggobendz.dk\/wp-content\/uploads\/2025\/07\/bygning-1.png\",\"contentUrl\":\"https:\/\/viggobendz.dk\/wp-content\/uploads\/2025\/07\/bygning-1.png\",\"width\":2463,\"height\":1127},{\"@type\":\"BreadcrumbList\",\"@id\":\"https:\/\/viggobendz.dk\/sv\/oeppettider\/#breadcrumb\",\"itemListElement\":[{\"@type\":\"ListItem\",\"position\":1,\"name\":\"Hjem\",\"item\":\"https:\/\/viggobendz.dk\/sv\/hemsidan\/\"},{\"@type\":\"ListItem\",\"position\":2,\"name\":\"\u00d6ppettider\"}]},{\"@type\":\"WebSite\",\"@id\":\"https:\/\/viggobendz.dk\/sv\/#website\",\"url\":\"https:\/\/viggobendz.dk\/sv\/\",\"name\":\"Viggo Bendz\",\"description\":\"Det ansvarlige valg\",\"publisher\":{\"@id\":\"https:\/\/viggobendz.dk\/sv\/#organization\"},\"potentialAction\":[{\"@type\":\"SearchAction\",\"target\":{\"@type\":\"EntryPoint\",\"urlTemplate\":\"https:\/\/viggobendz.dk\/sv\/?s={search_term_string}\"},\"query-input\":{\"@type\":\"PropertyValueSpecification\",\"valueRequired\":true,\"valueName\":\"search_term_string\"}}],\"inLanguage\":\"sv-SE\"},{\"@type\":\"Organization\",\"@id\":\"https:\/\/viggobendz.dk\/sv\/#organization\",\"name\":\"Viggo Bendz A\/S\",\"url\":\"https:\/\/viggobendz.dk\/sv\/\",\"logo\":{\"@type\":\"ImageObject\",\"inLanguage\":\"sv-SE\",\"@id\":\"https:\/\/viggobendz.dk\/sv\/#\/schema\/logo\/image\/\",\"url\":\"https:\/\/viggobendz.dk\/wp-content\/uploads\/2020\/03\/VB-Logo.png\",\"contentUrl\":\"https:\/\/viggobendz.dk\/wp-content\/uploads\/2020\/03\/VB-Logo.png\",\"width\":735,\"height\":776,\"caption\":\"Viggo Bendz A\/S\"},\"image\":{\"@id\":\"https:\/\/viggobendz.dk\/sv\/#\/schema\/logo\/image\/\"}}]}<\/script>","yoast_head_json":{"title":"\u00d6ppettider - Viggo Bendz","robots":{"index":"index","follow":"follow","max-snippet":"max-snippet:-1","max-image-preview":"max-image-preview:large","max-video-preview":"max-video-preview:-1"},"canonical":"https:\/\/viggobendz.dk\/sv\/oeppettider\/","og_locale":"sv_SE","og_type":"article","og_title":"\u00d6ppettider - Viggo Bendz","og_url":"https:\/\/viggobendz.dk\/sv\/oeppettider\/","og_site_name":"Viggo Bendz","article_modified_time":"2026-02-11T09:12:00+00:00","og_image":[{"width":1024,"height":469,"url":"https:\/\/viggobendz.dk\/wp-content\/uploads\/2025\/07\/bygning-1-1024x469.png","type":"image\/png"}],"twitter_card":"summary_large_image","schema":{"@context":"https:\/\/schema.org","@graph":[{"@type":"WebPage","@id":"https:\/\/viggobendz.dk\/sv\/oeppettider\/","url":"https:\/\/viggobendz.dk\/sv\/oeppettider\/","name":"\u00d6ppettider - Viggo Bendz","isPartOf":{"@id":"https:\/\/viggobendz.dk\/sv\/#website"},"primaryImageOfPage":{"@id":"https:\/\/viggobendz.dk\/sv\/oeppettider\/#primaryimage"},"image":{"@id":"https:\/\/viggobendz.dk\/sv\/oeppettider\/#primaryimage"},"thumbnailUrl":"https:\/\/viggobendz.dk\/wp-content\/uploads\/2025\/07\/bygning-1.png","datePublished":"2020-10-01T08:51:38+00:00","dateModified":"2026-02-11T09:12:00+00:00","breadcrumb":{"@id":"https:\/\/viggobendz.dk\/sv\/oeppettider\/#breadcrumb"},"inLanguage":"sv-SE","potentialAction":[{"@type":"ReadAction","target":["https:\/\/viggobendz.dk\/sv\/oeppettider\/"]}]},{"@type":"ImageObject","inLanguage":"sv-SE","@id":"https:\/\/viggobendz.dk\/sv\/oeppettider\/#primaryimage","url":"https:\/\/viggobendz.dk\/wp-content\/uploads\/2025\/07\/bygning-1.png","contentUrl":"https:\/\/viggobendz.dk\/wp-content\/uploads\/2025\/07\/bygning-1.png","width":2463,"height":1127},{"@type":"BreadcrumbList","@id":"https:\/\/viggobendz.dk\/sv\/oeppettider\/#breadcrumb","itemListElement":[{"@type":"ListItem","position":1,"name":"Hjem","item":"https:\/\/viggobendz.dk\/sv\/hemsidan\/"},{"@type":"ListItem","position":2,"name":"\u00d6ppettider"}]},{"@type":"WebSite","@id":"https:\/\/viggobendz.dk\/sv\/#website","url":"https:\/\/viggobendz.dk\/sv\/","name":"Viggo Bendz","description":"Det ansvarlige valg","publisher":{"@id":"https:\/\/viggobendz.dk\/sv\/#organization"},"potentialAction":[{"@type":"SearchAction","target":{"@type":"EntryPoint","urlTemplate":"https:\/\/viggobendz.dk\/sv\/?s={search_term_string}"},"query-input":{"@type":"PropertyValueSpecification","valueRequired":true,"valueName":"search_term_string"}}],"inLanguage":"sv-SE"},{"@type":"Organization","@id":"https:\/\/viggobendz.dk\/sv\/#organization","name":"Viggo Bendz A\/S","url":"https:\/\/viggobendz.dk\/sv\/","logo":{"@type":"ImageObject","inLanguage":"sv-SE","@id":"https:\/\/viggobendz.dk\/sv\/#\/schema\/logo\/image\/","url":"https:\/\/viggobendz.dk\/wp-content\/uploads\/2020\/03\/VB-Logo.png","contentUrl":"https:\/\/viggobendz.dk\/wp-content\/uploads\/2020\/03\/VB-Logo.png","width":735,"height":776,"caption":"Viggo Bendz A\/S"},"image":{"@id":"https:\/\/viggobendz.dk\/sv\/#\/schema\/logo\/image\/"}}]}},"_links":{"self":[{"href":"https:\/\/viggobendz.dk\/sv\/wp-json\/wp\/v2\/pages\/23568","targetHints":{"allow":["GET"]}}],"collection":[{"href":"https:\/\/viggobendz.dk\/sv\/wp-json\/wp\/v2\/pages"}],"about":[{"href":"https:\/\/viggobendz.dk\/sv\/wp-json\/wp\/v2\/types\/page"}],"author":[{"embeddable":true,"href":"https:\/\/viggobendz.dk\/sv\/wp-json\/wp\/v2\/users\/2"}],"replies":[{"embeddable":true,"href":"https:\/\/viggobendz.dk\/sv\/wp-json\/wp\/v2\/comments?post=23568"}],"version-history":[{"count":1,"href":"https:\/\/viggobendz.dk\/sv\/wp-json\/wp\/v2\/pages\/23568\/revisions"}],"predecessor-version":[{"id":23571,"href":"https:\/\/viggobendz.dk\/sv\/wp-json\/wp\/v2\/pages\/23568\/revisions\/23571"}],"wp:featuredmedia":[{"embeddable":true,"href":"https:\/\/viggobendz.dk\/sv\/wp-json\/wp\/v2\/media\/22935"}],"wp:attachment":[{"href":"https:\/\/viggobendz.dk\/sv\/wp-json\/wp\/v2\/media?parent=23568"}],"curies":[{"name":"wp","href":"https:\/\/api.w.org\/{rel}","templated":true}]}}