{"id":23584,"date":"2020-10-01T11:21:23","date_gmt":"2020-10-01T09:21:23","guid":{"rendered":"https:\/\/viggobendz.dk\/sorteringsteknik\/"},"modified":"2026-02-11T10:12:26","modified_gmt":"2026-02-11T09:12:26","slug":"sorteringsteknik","status":"publish","type":"page","link":"https:\/\/viggobendz.dk\/sv\/sorteringsteknik\/","title":{"rendered":"Sorteringsteknik"},"content":{"rendered":"\t\t<div data-elementor-type=\"wp-page\" data-elementor-id=\"23584\" class=\"elementor elementor-23584 elementor-1443\" data-elementor-post-type=\"page\">\n\t\t\t\t<div class=\"elementor-element elementor-element-cecf942 e-con-full e-flex e-con e-parent\" data-id=\"cecf942\" data-element_type=\"container\" data-e-type=\"container\">\n\t\t<div class=\"elementor-element elementor-element-75c1f54 e-con-full e-flex e-con e-child\" data-id=\"75c1f54\" data-element_type=\"container\" data-e-type=\"container\" data-settings=\"{&quot;background_background&quot;:&quot;classic&quot;}\">\n\t\t\t\t<div class=\"elementor-element elementor-element-5c180fc elementor-widget elementor-widget-image\" data-id=\"5c180fc\" data-element_type=\"widget\" data-e-type=\"widget\" data-widget_type=\"image.default\">\n\t\t\t\t<div class=\"elementor-widget-container\">\n\t\t\t\t\t\t\t\t\t\t\t\t\t\t\t\t<a href=\"https:\/\/viggobendz.dk\/miljoe-metaller\/steinert\/\">\n\t\t\t\t\t\t\t<img decoding=\"async\" width=\"300\" height=\"96\" src=\"https:\/\/viggobendz.dk\/wp-content\/uploads\/2020\/10\/steinert-logo-300x96.png\" class=\"attachment-medium size-medium wp-image-16573\" alt=\"\" srcset=\"https:\/\/viggobendz.dk\/wp-content\/uploads\/2020\/10\/steinert-logo-300x96.png 300w, https:\/\/viggobendz.dk\/wp-content\/uploads\/2020\/10\/steinert-logo.png 768w\" sizes=\"(max-width: 300px) 100vw, 300px\" \/>\t\t\t\t\t\t\t\t<\/a>\n\t\t\t\t\t\t\t\t\t\t\t\t\t\t\t<\/div>\n\t\t\t\t<\/div>\n\t\t\t\t<\/div>\n\t\t<div class=\"elementor-element elementor-element-2c16600 e-con-full e-flex e-con e-child\" data-id=\"2c16600\" data-element_type=\"container\" data-e-type=\"container\" data-settings=\"{&quot;background_background&quot;:&quot;classic&quot;}\">\n\t\t\t\t<div class=\"elementor-element elementor-element-049b54e elementor-widget elementor-widget-image\" data-id=\"049b54e\" data-element_type=\"widget\" data-e-type=\"widget\" data-widget_type=\"image.default\">\n\t\t\t\t<div class=\"elementor-widget-container\">\n\t\t\t\t\t\t\t\t\t\t\t\t\t\t\t\t<a href=\"https:\/\/viggobendz.dk\/miljoe-metaller\/affaldssortering-westeria\/\">\n\t\t\t\t\t\t\t<img decoding=\"async\" width=\"300\" height=\"80\" src=\"https:\/\/viggobendz.dk\/wp-content\/uploads\/2020\/10\/Logowesteria-300x80.png\" class=\"attachment-medium size-medium wp-image-16637\" alt=\"\" srcset=\"https:\/\/viggobendz.dk\/wp-content\/uploads\/2020\/10\/Logowesteria-300x80.png 300w, https:\/\/viggobendz.dk\/wp-content\/uploads\/2020\/10\/Logowesteria-1024x273.png 1024w, https:\/\/viggobendz.dk\/wp-content\/uploads\/2020\/10\/Logowesteria-768x204.png 768w, https:\/\/viggobendz.dk\/wp-content\/uploads\/2020\/10\/Logowesteria-1320x351.png 1320w, https:\/\/viggobendz.dk\/wp-content\/uploads\/2020\/10\/Logowesteria-800x213.png 800w, https:\/\/viggobendz.dk\/wp-content\/uploads\/2020\/10\/Logowesteria.png 1503w\" sizes=\"(max-width: 300px) 100vw, 300px\" \/>\t\t\t\t\t\t\t\t<\/a>\n\t\t\t\t\t\t\t\t\t\t\t\t\t\t\t<\/div>\n\t\t\t\t<\/div>\n\t\t\t\t<\/div>\n\t\t<div class=\"elementor-element elementor-element-3e892e2 e-con-full e-flex e-con e-child\" data-id=\"3e892e2\" data-element_type=\"container\" data-e-type=\"container\" data-settings=\"{&quot;background_background&quot;:&quot;classic&quot;}\">\n\t\t\t\t<div class=\"elementor-element elementor-element-9ba37f4 elementor-widget elementor-widget-image\" data-id=\"9ba37f4\" data-element_type=\"widget\" data-e-type=\"widget\" data-widget_type=\"image.default\">\n\t\t\t\t<div class=\"elementor-widget-container\">\n\t\t\t\t\t\t\t\t\t\t\t\t\t\t\t\t<a href=\"https:\/\/viggobendz.dk\/miljoe-metaller\/trennso-technik\/\">\n\t\t\t\t\t\t\t<img fetchpriority=\"high\" decoding=\"async\" width=\"300\" height=\"172\" src=\"https:\/\/viggobendz.dk\/wp-content\/uploads\/2021\/07\/Trennso-Technik-logo-300x172.png\" class=\"attachment-medium size-medium wp-image-17557\" alt=\"Trennso Technik logotyp\" srcset=\"https:\/\/viggobendz.dk\/wp-content\/uploads\/2021\/07\/Trennso-Technik-logo-300x172.png 300w, https:\/\/viggobendz.dk\/wp-content\/uploads\/2021\/07\/Trennso-Technik-logo.png 542w\" sizes=\"(max-width: 300px) 100vw, 300px\" \/>\t\t\t\t\t\t\t\t<\/a>\n\t\t\t\t\t\t\t\t\t\t\t\t\t\t\t<\/div>\n\t\t\t\t<\/div>\n\t\t\t\t<\/div>\n\t\t\t\t<\/div>\n\t\t<div class=\"elementor-element elementor-element-2bd30d1 e-flex e-con-boxed e-con e-parent\" data-id=\"2bd30d1\" data-element_type=\"container\" data-e-type=\"container\">\n\t\t\t\t\t<div class=\"e-con-inner\">\n\t\t<div class=\"elementor-element elementor-element-f97c869 e-con-full e-flex e-con e-child\" data-id=\"f97c869\" data-element_type=\"container\" data-e-type=\"container\">\n\t\t\t\t<div class=\"elementor-element elementor-element-1f82e99 elementor-widget elementor-widget-text-editor\" data-id=\"1f82e99\" data-element_type=\"widget\" data-e-type=\"widget\" data-widget_type=\"text-editor.default\">\n\t\t\t\t<div class=\"elementor-widget-container\">\n\t\t\t\t\t\t\t\t\t<h1>Maskiner och kompletta anl\u00e4ggningar f\u00f6r sorteringsprojekt<\/h1><p>\u00d6kande avfallsvolymer, minskad energif\u00f6rbrukning, CO2-utsl\u00e4pp och begr\u00e4nsade r\u00e5varor s\u00e4tter fokus p\u00e5 att utnyttja och \u00e5tervinna v\u00e4rdefulla material.<\/p><p>Viggo Bendz \u00e4r en distribut\u00f6r av marknadsledande utrustning och maskiner f\u00f6r sortering av \u00e5tervinningsbara material som kan f\u00f6r\u00e4dlas och ing\u00e5 i den cirkul\u00e4ra ekonomin. Vi hj\u00e4lper till med alla processer fr\u00e5n fragmentering till den f\u00e4rdiga slutprodukten.   <\/p><p>Oavsett om det handlar om att sortera metaller med virvelstr\u00f6msseparatorer, sortera plast med sensorteknik, separera l\u00e4tta material med vindskydd, sortera fina fraktioner med separationsbord eller n\u00e5got annat sorteringsproblem, kan Viggo Bendz tillhandah\u00e5lla r\u00e4tt l\u00f6sningar.<\/p><p>Vi vet att l\u00f6sningen m\u00e5ste vara l\u00f6nsam inom en \u00f6versk\u00e5dlig framtid och d\u00e4rf\u00f6r prioriterar vi alltid att leverera system som \u00e4r kostnadseffektiva, kapacitetsanpassade och inte minst s\u00e4kerst\u00e4ller en h\u00f6g kvalitet p\u00e5 din slutprodukt.<\/p><p><i>Du kan l\u00e4ra dig mer om projektprocessen i videon nedan.<\/i><\/p>\t\t\t\t\t\t\t\t<\/div>\n\t\t\t\t<\/div>\n\t\t\t\t<div class=\"elementor-element elementor-element-938f3ae elementor-widget elementor-widget-video\" data-id=\"938f3ae\" data-element_type=\"widget\" data-e-type=\"widget\" data-settings=\"{&quot;youtube_url&quot;:&quot;https:\\\/\\\/youtu.be\\\/Mu4Fo4c1bc4&quot;,&quot;video_type&quot;:&quot;youtube&quot;,&quot;controls&quot;:&quot;yes&quot;}\" data-widget_type=\"video.default\">\n\t\t\t\t<div class=\"elementor-widget-container\">\n\t\t\t\t\t\t\t<div class=\"elementor-wrapper elementor-open-inline\">\n\t\t\t<div class=\"elementor-video\"><\/div>\t\t<\/div>\n\t\t\t\t\t\t<\/div>\n\t\t\t\t<\/div>\n\t\t\t\t<\/div>\n\t\t\t\t\t<\/div>\n\t\t\t\t<\/div>\n\t\t<div class=\"elementor-element elementor-element-2ae4cb4 elementor-hidden-desktop elementor-hidden-tablet elementor-hidden-mobile e-flex e-con-boxed e-con e-parent\" data-id=\"2ae4cb4\" data-element_type=\"container\" data-e-type=\"container\">\n\t\t\t\t\t<div class=\"e-con-inner\">\n\t\t<div class=\"elementor-element elementor-element-c8f6cae e-con-full e-flex e-con e-child\" data-id=\"c8f6cae\" data-element_type=\"container\" data-e-type=\"container\">\n\t\t\t\t<div class=\"elementor-element elementor-element-4975755 elementor-align-right elementor-mobile-align-center elementor-widget elementor-widget-button\" data-id=\"4975755\" data-element_type=\"widget\" data-e-type=\"widget\" data-widget_type=\"button.default\">\n\t\t\t\t<div class=\"elementor-widget-container\">\n\t\t\t\t\t\t\t\t\t<div class=\"elementor-button-wrapper\">\n\t\t\t\t\t<a class=\"elementor-button elementor-size-sm\" role=\"button\">\n\t\t\t\t\t\t<span class=\"elementor-button-content-wrapper\">\n\t\t\t\t\t\t\t\t\t<span class=\"elementor-button-text\">STEINERT<\/span>\n\t\t\t\t\t<\/span>\n\t\t\t\t\t<\/a>\n\t\t\t\t<\/div>\n\t\t\t\t\t\t\t\t<\/div>\n\t\t\t\t<\/div>\n\t\t\t\t<\/div>\n\t\t<div class=\"elementor-element elementor-element-b1226a6 e-con-full e-flex e-con e-child\" data-id=\"b1226a6\" data-element_type=\"container\" data-e-type=\"container\">\n\t\t\t\t<div class=\"elementor-element elementor-element-aae672a elementor-align-center elementor-widget elementor-widget-button\" data-id=\"aae672a\" data-element_type=\"widget\" data-e-type=\"widget\" data-widget_type=\"button.default\">\n\t\t\t\t<div class=\"elementor-widget-container\">\n\t\t\t\t\t\t\t\t\t<div class=\"elementor-button-wrapper\">\n\t\t\t\t\t<a class=\"elementor-button elementor-size-sm\" role=\"button\">\n\t\t\t\t\t\t<span class=\"elementor-button-content-wrapper\">\n\t\t\t\t\t\t\t\t\t<span class=\"elementor-button-text\">SEPARATIONSTEKNIK<\/span>\n\t\t\t\t\t<\/span>\n\t\t\t\t\t<\/a>\n\t\t\t\t<\/div>\n\t\t\t\t\t\t\t\t<\/div>\n\t\t\t\t<\/div>\n\t\t\t\t<\/div>\n\t\t<div class=\"elementor-element elementor-element-6c98dce e-con-full e-flex e-con e-child\" data-id=\"6c98dce\" data-element_type=\"container\" data-e-type=\"container\">\n\t\t\t\t<div class=\"elementor-element elementor-element-77a0156 elementor-align-left elementor-mobile-align-center elementor-widget elementor-widget-button\" data-id=\"77a0156\" data-element_type=\"widget\" data-e-type=\"widget\" data-widget_type=\"button.default\">\n\t\t\t\t<div class=\"elementor-widget-container\">\n\t\t\t\t\t\t\t\t\t<div class=\"elementor-button-wrapper\">\n\t\t\t\t\t<a class=\"elementor-button elementor-button-link elementor-size-sm\" href=\"https:\/\/viggobendz.dk\/sv\/sorteringsteknik\/westeria\/\">\n\t\t\t\t\t\t<span class=\"elementor-button-content-wrapper\">\n\t\t\t\t\t\t\t\t\t<span class=\"elementor-button-text\">WESTERIA<\/span>\n\t\t\t\t\t<\/span>\n\t\t\t\t\t<\/a>\n\t\t\t\t<\/div>\n\t\t\t\t\t\t\t\t<\/div>\n\t\t\t\t<\/div>\n\t\t\t\t<\/div>\n\t\t\t\t\t<\/div>\n\t\t\t\t<\/div>\n\t\t<div class=\"elementor-element elementor-element-2d86946 elementor-hidden-desktop elementor-hidden-tablet elementor-hidden-mobile e-flex e-con-boxed e-con e-parent\" data-id=\"2d86946\" data-element_type=\"container\" data-e-type=\"container\">\n\t\t\t\t\t<div class=\"e-con-inner\">\n\t\t<div class=\"elementor-element elementor-element-ffb7f34 e-con-full e-flex e-con e-child\" data-id=\"ffb7f34\" data-element_type=\"container\" data-e-type=\"container\">\n\t\t\t\t<\/div>\n\t\t\t\t\t<\/div>\n\t\t\t\t<\/div>\n\t\t\t\t<\/div>\n\t\t","protected":false},"excerpt":{"rendered":"<p>Maskiner och kompletta anl\u00e4ggningar f\u00f6r sorteringsprojekt \u00d6kande avfallsvolymer, minskad energif\u00f6rbrukning, CO2-utsl\u00e4pp och begr\u00e4nsade r\u00e5varor s\u00e4tter fokus p\u00e5 att utnyttja och \u00e5tervinna v\u00e4rdefulla material. Viggo Bendz \u00e4r en distribut\u00f6r av marknadsledande utrustning och maskiner f\u00f6r sortering av \u00e5tervinningsbara material som kan f\u00f6r\u00e4dlas och ing\u00e5 i den cirkul\u00e4ra ekonomin. Vi hj\u00e4lper till med alla processer fr\u00e5n fragmentering<\/p>\n","protected":false},"author":2,"featured_media":16389,"parent":0,"menu_order":0,"comment_status":"closed","ping_status":"closed","template":"","meta":{"_acf_changed":false,"footnotes":""},"class_list":["post-23584","page","type-page","status-publish","has-post-thumbnail","hentry"],"acf":[],"yoast_head":"<title>Sorteringsteknik - Viggo Bendz<\/title>\n<meta name=\"robots\" content=\"index, follow, max-snippet:-1, max-image-preview:large, max-video-preview:-1\" \/>\n<link rel=\"canonical\" href=\"https:\/\/viggobendz.dk\/sv\/sorteringsteknik\/\" \/>\n<meta property=\"og:locale\" content=\"sv_SE\" \/>\n<meta property=\"og:type\" content=\"article\" \/>\n<meta property=\"og:title\" content=\"Sorteringsteknik - Viggo Bendz\" \/>\n<meta property=\"og:description\" content=\"Maskiner och kompletta anl\u00e4ggningar f\u00f6r sorteringsprojekt \u00d6kande avfallsvolymer, minskad energif\u00f6rbrukning, CO2-utsl\u00e4pp och begr\u00e4nsade r\u00e5varor s\u00e4tter fokus p\u00e5 att utnyttja och \u00e5tervinna v\u00e4rdefulla material. Viggo Bendz \u00e4r en distribut\u00f6r av marknadsledande utrustning och maskiner f\u00f6r sortering av \u00e5tervinningsbara material som kan f\u00f6r\u00e4dlas och ing\u00e5 i den cirkul\u00e4ra ekonomin. Vi hj\u00e4lper till med alla processer fr\u00e5n fragmentering\" \/>\n<meta property=\"og:url\" content=\"https:\/\/viggobendz.dk\/sv\/sorteringsteknik\/\" \/>\n<meta property=\"og:site_name\" content=\"Viggo Bendz\" \/>\n<meta property=\"article:modified_time\" content=\"2026-02-11T09:12:26+00:00\" \/>\n<meta property=\"og:image\" content=\"https:\/\/viggobendz.dk\/wp-content\/uploads\/2020\/09\/steinert-viggo-bendz-scaled.jpg\" \/>\n\t<meta property=\"og:image:width\" content=\"2560\" \/>\n\t<meta property=\"og:image:height\" content=\"960\" \/>\n\t<meta property=\"og:image:type\" content=\"image\/jpeg\" \/>\n<meta name=\"twitter:card\" content=\"summary_large_image\" \/>\n<meta name=\"twitter:label1\" content=\"Ber\u00e4knad l\u00e4stid\" \/>\n\t<meta name=\"twitter:data1\" content=\"1 minut\" \/>\n<script type=\"application\/ld+json\" class=\"yoast-schema-graph\">{\"@context\":\"https:\/\/schema.org\",\"@graph\":[{\"@type\":\"WebPage\",\"@id\":\"https:\/\/viggobendz.dk\/sv\/sorteringsteknik\/\",\"url\":\"https:\/\/viggobendz.dk\/sv\/sorteringsteknik\/\",\"name\":\"Sorteringsteknik - Viggo Bendz\",\"isPartOf\":{\"@id\":\"https:\/\/viggobendz.dk\/sv\/#website\"},\"primaryImageOfPage\":{\"@id\":\"https:\/\/viggobendz.dk\/sv\/sorteringsteknik\/#primaryimage\"},\"image\":{\"@id\":\"https:\/\/viggobendz.dk\/sv\/sorteringsteknik\/#primaryimage\"},\"thumbnailUrl\":\"https:\/\/viggobendz.dk\/wp-content\/uploads\/2020\/09\/steinert-viggo-bendz-scaled.jpg\",\"datePublished\":\"2020-10-01T09:21:23+00:00\",\"dateModified\":\"2026-02-11T09:12:26+00:00\",\"breadcrumb\":{\"@id\":\"https:\/\/viggobendz.dk\/sv\/sorteringsteknik\/#breadcrumb\"},\"inLanguage\":\"sv-SE\",\"potentialAction\":[{\"@type\":\"ReadAction\",\"target\":[\"https:\/\/viggobendz.dk\/sv\/sorteringsteknik\/\"]}]},{\"@type\":\"ImageObject\",\"inLanguage\":\"sv-SE\",\"@id\":\"https:\/\/viggobendz.dk\/sv\/sorteringsteknik\/#primaryimage\",\"url\":\"https:\/\/viggobendz.dk\/wp-content\/uploads\/2020\/09\/steinert-viggo-bendz-scaled.jpg\",\"contentUrl\":\"https:\/\/viggobendz.dk\/wp-content\/uploads\/2020\/09\/steinert-viggo-bendz-scaled.jpg\",\"width\":2560,\"height\":960},{\"@type\":\"BreadcrumbList\",\"@id\":\"https:\/\/viggobendz.dk\/sv\/sorteringsteknik\/#breadcrumb\",\"itemListElement\":[{\"@type\":\"ListItem\",\"position\":1,\"name\":\"Hjem\",\"item\":\"https:\/\/viggobendz.dk\/sv\/hemsidan\/\"},{\"@type\":\"ListItem\",\"position\":2,\"name\":\"Sorteringsteknik\"}]},{\"@type\":\"WebSite\",\"@id\":\"https:\/\/viggobendz.dk\/sv\/#website\",\"url\":\"https:\/\/viggobendz.dk\/sv\/\",\"name\":\"Viggo Bendz\",\"description\":\"Det ansvarlige valg\",\"publisher\":{\"@id\":\"https:\/\/viggobendz.dk\/sv\/#organization\"},\"potentialAction\":[{\"@type\":\"SearchAction\",\"target\":{\"@type\":\"EntryPoint\",\"urlTemplate\":\"https:\/\/viggobendz.dk\/sv\/?s={search_term_string}\"},\"query-input\":{\"@type\":\"PropertyValueSpecification\",\"valueRequired\":true,\"valueName\":\"search_term_string\"}}],\"inLanguage\":\"sv-SE\"},{\"@type\":\"Organization\",\"@id\":\"https:\/\/viggobendz.dk\/sv\/#organization\",\"name\":\"Viggo Bendz A\/S\",\"url\":\"https:\/\/viggobendz.dk\/sv\/\",\"logo\":{\"@type\":\"ImageObject\",\"inLanguage\":\"sv-SE\",\"@id\":\"https:\/\/viggobendz.dk\/sv\/#\/schema\/logo\/image\/\",\"url\":\"https:\/\/viggobendz.dk\/wp-content\/uploads\/2020\/03\/VB-Logo.png\",\"contentUrl\":\"https:\/\/viggobendz.dk\/wp-content\/uploads\/2020\/03\/VB-Logo.png\",\"width\":735,\"height\":776,\"caption\":\"Viggo Bendz A\/S\"},\"image\":{\"@id\":\"https:\/\/viggobendz.dk\/sv\/#\/schema\/logo\/image\/\"}}]}<\/script>","yoast_head_json":{"title":"Sorteringsteknik - Viggo Bendz","robots":{"index":"index","follow":"follow","max-snippet":"max-snippet:-1","max-image-preview":"max-image-preview:large","max-video-preview":"max-video-preview:-1"},"canonical":"https:\/\/viggobendz.dk\/sv\/sorteringsteknik\/","og_locale":"sv_SE","og_type":"article","og_title":"Sorteringsteknik - Viggo Bendz","og_description":"Maskiner och kompletta anl\u00e4ggningar f\u00f6r sorteringsprojekt \u00d6kande avfallsvolymer, minskad energif\u00f6rbrukning, CO2-utsl\u00e4pp och begr\u00e4nsade r\u00e5varor s\u00e4tter fokus p\u00e5 att utnyttja och \u00e5tervinna v\u00e4rdefulla material. Viggo Bendz \u00e4r en distribut\u00f6r av marknadsledande utrustning och maskiner f\u00f6r sortering av \u00e5tervinningsbara material som kan f\u00f6r\u00e4dlas och ing\u00e5 i den cirkul\u00e4ra ekonomin. Vi hj\u00e4lper till med alla processer fr\u00e5n fragmentering","og_url":"https:\/\/viggobendz.dk\/sv\/sorteringsteknik\/","og_site_name":"Viggo Bendz","article_modified_time":"2026-02-11T09:12:26+00:00","og_image":[{"width":2560,"height":960,"url":"https:\/\/viggobendz.dk\/wp-content\/uploads\/2020\/09\/steinert-viggo-bendz-scaled.jpg","type":"image\/jpeg"}],"twitter_card":"summary_large_image","twitter_misc":{"Ber\u00e4knad l\u00e4stid":"1 minut"},"schema":{"@context":"https:\/\/schema.org","@graph":[{"@type":"WebPage","@id":"https:\/\/viggobendz.dk\/sv\/sorteringsteknik\/","url":"https:\/\/viggobendz.dk\/sv\/sorteringsteknik\/","name":"Sorteringsteknik - Viggo Bendz","isPartOf":{"@id":"https:\/\/viggobendz.dk\/sv\/#website"},"primaryImageOfPage":{"@id":"https:\/\/viggobendz.dk\/sv\/sorteringsteknik\/#primaryimage"},"image":{"@id":"https:\/\/viggobendz.dk\/sv\/sorteringsteknik\/#primaryimage"},"thumbnailUrl":"https:\/\/viggobendz.dk\/wp-content\/uploads\/2020\/09\/steinert-viggo-bendz-scaled.jpg","datePublished":"2020-10-01T09:21:23+00:00","dateModified":"2026-02-11T09:12:26+00:00","breadcrumb":{"@id":"https:\/\/viggobendz.dk\/sv\/sorteringsteknik\/#breadcrumb"},"inLanguage":"sv-SE","potentialAction":[{"@type":"ReadAction","target":["https:\/\/viggobendz.dk\/sv\/sorteringsteknik\/"]}]},{"@type":"ImageObject","inLanguage":"sv-SE","@id":"https:\/\/viggobendz.dk\/sv\/sorteringsteknik\/#primaryimage","url":"https:\/\/viggobendz.dk\/wp-content\/uploads\/2020\/09\/steinert-viggo-bendz-scaled.jpg","contentUrl":"https:\/\/viggobendz.dk\/wp-content\/uploads\/2020\/09\/steinert-viggo-bendz-scaled.jpg","width":2560,"height":960},{"@type":"BreadcrumbList","@id":"https:\/\/viggobendz.dk\/sv\/sorteringsteknik\/#breadcrumb","itemListElement":[{"@type":"ListItem","position":1,"name":"Hjem","item":"https:\/\/viggobendz.dk\/sv\/hemsidan\/"},{"@type":"ListItem","position":2,"name":"Sorteringsteknik"}]},{"@type":"WebSite","@id":"https:\/\/viggobendz.dk\/sv\/#website","url":"https:\/\/viggobendz.dk\/sv\/","name":"Viggo Bendz","description":"Det ansvarlige valg","publisher":{"@id":"https:\/\/viggobendz.dk\/sv\/#organization"},"potentialAction":[{"@type":"SearchAction","target":{"@type":"EntryPoint","urlTemplate":"https:\/\/viggobendz.dk\/sv\/?s={search_term_string}"},"query-input":{"@type":"PropertyValueSpecification","valueRequired":true,"valueName":"search_term_string"}}],"inLanguage":"sv-SE"},{"@type":"Organization","@id":"https:\/\/viggobendz.dk\/sv\/#organization","name":"Viggo Bendz A\/S","url":"https:\/\/viggobendz.dk\/sv\/","logo":{"@type":"ImageObject","inLanguage":"sv-SE","@id":"https:\/\/viggobendz.dk\/sv\/#\/schema\/logo\/image\/","url":"https:\/\/viggobendz.dk\/wp-content\/uploads\/2020\/03\/VB-Logo.png","contentUrl":"https:\/\/viggobendz.dk\/wp-content\/uploads\/2020\/03\/VB-Logo.png","width":735,"height":776,"caption":"Viggo Bendz A\/S"},"image":{"@id":"https:\/\/viggobendz.dk\/sv\/#\/schema\/logo\/image\/"}}]}},"_links":{"self":[{"href":"https:\/\/viggobendz.dk\/sv\/wp-json\/wp\/v2\/pages\/23584","targetHints":{"allow":["GET"]}}],"collection":[{"href":"https:\/\/viggobendz.dk\/sv\/wp-json\/wp\/v2\/pages"}],"about":[{"href":"https:\/\/viggobendz.dk\/sv\/wp-json\/wp\/v2\/types\/page"}],"author":[{"embeddable":true,"href":"https:\/\/viggobendz.dk\/sv\/wp-json\/wp\/v2\/users\/2"}],"replies":[{"embeddable":true,"href":"https:\/\/viggobendz.dk\/sv\/wp-json\/wp\/v2\/comments?post=23584"}],"version-history":[{"count":1,"href":"https:\/\/viggobendz.dk\/sv\/wp-json\/wp\/v2\/pages\/23584\/revisions"}],"predecessor-version":[{"id":23586,"href":"https:\/\/viggobendz.dk\/sv\/wp-json\/wp\/v2\/pages\/23584\/revisions\/23586"}],"wp:featuredmedia":[{"embeddable":true,"href":"https:\/\/viggobendz.dk\/sv\/wp-json\/wp\/v2\/media\/16389"}],"wp:attachment":[{"href":"https:\/\/viggobendz.dk\/sv\/wp-json\/wp\/v2\/media?parent=23584"}],"curies":[{"name":"wp","href":"https:\/\/api.w.org\/{rel}","templated":true}]}}