{"id":23610,"date":"2020-05-19T10:39:44","date_gmt":"2020-05-19T08:39:44","guid":{"rendered":"https:\/\/viggobendz.dk\/vanliga-fraagor\/"},"modified":"2026-02-11T10:13:21","modified_gmt":"2026-02-11T09:13:21","slug":"vanliga-fraagor","status":"publish","type":"page","link":"https:\/\/viggobendz.dk\/sv\/vanliga-fraagor\/","title":{"rendered":"VANLIGA FR\u00c5GOR"},"content":{"rendered":"\t\t<div data-elementor-type=\"wp-page\" data-elementor-id=\"23610\" class=\"elementor elementor-23610 elementor-152\" data-elementor-post-type=\"page\">\n\t\t\t\t<div class=\"elementor-element elementor-element-fd854d1 e-flex e-con-boxed e-con e-parent\" data-id=\"fd854d1\" data-element_type=\"container\" data-e-type=\"container\">\n\t\t\t\t\t<div class=\"e-con-inner\">\n\t\t<div class=\"elementor-element elementor-element-dfb237f e-con-full e-flex e-con e-child\" data-id=\"dfb237f\" data-element_type=\"container\" data-e-type=\"container\">\n\t\t\t\t<div class=\"elementor-element elementor-element-43bf44c elementor-widget elementor-widget-toggle\" data-id=\"43bf44c\" data-element_type=\"widget\" data-e-type=\"widget\" id=\"faq-wrapper\" data-widget_type=\"toggle.default\">\n\t\t\t\t<div class=\"elementor-widget-container\">\n\t\t\t\t\t\t\t<div class=\"elementor-toggle\">\n\t\t\t\t\t\t\t<div class=\"elementor-toggle-item\">\n\t\t\t\t\t<h2 id=\"elementor-tab-title-7101\" class=\"elementor-tab-title\" data-tab=\"1\" role=\"button\" aria-controls=\"elementor-tab-content-7101\" aria-expanded=\"false\">\n\t\t\t\t\t\t\t\t\t\t\t\t<span class=\"elementor-toggle-icon elementor-toggle-icon-right\" aria-hidden=\"true\">\n\t\t\t\t\t\t\t\t\t\t\t\t\t\t\t<span class=\"elementor-toggle-icon-closed\"><i class=\"fas fa-angle-down\"><\/i><\/span>\n\t\t\t\t\t\t\t\t<span class=\"elementor-toggle-icon-opened\"><i class=\"elementor-toggle-icon-opened fas fa-angle-up\"><\/i><\/span>\n\t\t\t\t\t\t\t\t\t\t\t\t\t<\/span>\n\t\t\t\t\t\t\t\t\t\t\t\t<a class=\"elementor-toggle-title\" tabindex=\"0\">Hur skapar jag ett konto f\u00f6r webbshoppen?<\/a>\n\t\t\t\t\t<\/h2>\n\n\t\t\t\t\t<div id=\"elementor-tab-content-7101\" class=\"elementor-tab-content elementor-clearfix\" data-tab=\"1\" role=\"region\" aria-labelledby=\"elementor-tab-title-7101\"><p>Fyll i dina uppgifter i formul\u00e4ret: <a href=\"https:\/\/viggobendz.dk\/sv\/begaer-inloggning\/\">Beg\u00e4ran om inloggning &#8211; Viggo Bendz<\/a><\/p>\n<p>Du kommer d\u00e5 att f\u00e5 ett e-postmeddelande med en l\u00e4nk f\u00f6r att skapa ditt l\u00f6senord (kom ih\u00e5g att kontrollera om det finns skr\u00e4ppost).<\/p>\n<p>Sedan \u00e4r du redo att best\u00e4lla!<\/p>\n<\/div>\n\t\t\t\t<\/div>\n\t\t\t\t\t\t\t<div class=\"elementor-toggle-item\">\n\t\t\t\t\t<h2 id=\"elementor-tab-title-7102\" class=\"elementor-tab-title\" data-tab=\"2\" role=\"button\" aria-controls=\"elementor-tab-content-7102\" aria-expanded=\"false\">\n\t\t\t\t\t\t\t\t\t\t\t\t<span class=\"elementor-toggle-icon elementor-toggle-icon-right\" aria-hidden=\"true\">\n\t\t\t\t\t\t\t\t\t\t\t\t\t\t\t<span class=\"elementor-toggle-icon-closed\"><i class=\"fas fa-angle-down\"><\/i><\/span>\n\t\t\t\t\t\t\t\t<span class=\"elementor-toggle-icon-opened\"><i class=\"elementor-toggle-icon-opened fas fa-angle-up\"><\/i><\/span>\n\t\t\t\t\t\t\t\t\t\t\t\t\t<\/span>\n\t\t\t\t\t\t\t\t\t\t\t\t<a class=\"elementor-toggle-title\" tabindex=\"0\">Hur skapar jag en Expander-inloggning?<\/a>\n\t\t\t\t\t<\/h2>\n\n\t\t\t\t\t<div id=\"elementor-tab-content-7102\" class=\"elementor-tab-content elementor-clearfix\" data-tab=\"2\" role=\"region\" aria-labelledby=\"elementor-tab-title-7102\"><p>F\u00f6lj denna l\u00e4nk: <a href=\"http:\/\/portal.expandersystem.com\/public\/application.aspx\" target=\"_blank\" rel=\"noopener\">http:\/\/portal.expandersystem.com\/public\/application.aspx<\/a><\/p>\n<p>Ange den information som kr\u00e4vs.<\/p>\n<p>Tryck p\u00e5 knappen &#8221;till\u00e4mpa&#8221;<\/p>\n<p>Viggo Bendz kommer d\u00e5 att f\u00e5 ett e-postmeddelande om att du har skapat och godk\u00e4nt din Expander.<\/p>\n<\/div>\n\t\t\t\t<\/div>\n\t\t\t\t\t\t\t<div class=\"elementor-toggle-item\">\n\t\t\t\t\t<h2 id=\"elementor-tab-title-7103\" class=\"elementor-tab-title\" data-tab=\"3\" role=\"button\" aria-controls=\"elementor-tab-content-7103\" aria-expanded=\"false\">\n\t\t\t\t\t\t\t\t\t\t\t\t<span class=\"elementor-toggle-icon elementor-toggle-icon-right\" aria-hidden=\"true\">\n\t\t\t\t\t\t\t\t\t\t\t\t\t\t\t<span class=\"elementor-toggle-icon-closed\"><i class=\"fas fa-angle-down\"><\/i><\/span>\n\t\t\t\t\t\t\t\t<span class=\"elementor-toggle-icon-opened\"><i class=\"elementor-toggle-icon-opened fas fa-angle-up\"><\/i><\/span>\n\t\t\t\t\t\t\t\t\t\t\t\t\t<\/span>\n\t\t\t\t\t\t\t\t\t\t\t\t<a class=\"elementor-toggle-title\" tabindex=\"0\">Jag kan inte hitta det jag beh\u00f6ver?<\/a>\n\t\t\t\t\t<\/h2>\n\n\t\t\t\t\t<div id=\"elementor-tab-content-7103\" class=\"elementor-tab-content elementor-clearfix\" data-tab=\"3\" role=\"region\" aria-labelledby=\"elementor-tab-title-7103\"><p>Vi arbetar st\u00e4ndigt med att l\u00e4gga till nya artiklar i v\u00e5r webbshop, s\u00e5 sj\u00e4lvklart kommer det alltid att finnas artiklar som \u00e4nnu inte har lagts till. Tveka inte att fr\u00e5ga, det \u00e4r v\u00e4ldigt s\u00e4llan vi inte kan leverera det v\u00e5ra kunder vill ha. <\/p>\n<p>Kontakta oss p\u00e5:<br \/>Tel.: 43 96 41 22<br \/>Mail: vb@viggobendz.dk<\/p>\n<\/div>\n\t\t\t\t<\/div>\n\t\t\t\t\t\t\t<div class=\"elementor-toggle-item\">\n\t\t\t\t\t<h2 id=\"elementor-tab-title-7104\" class=\"elementor-tab-title\" data-tab=\"4\" role=\"button\" aria-controls=\"elementor-tab-content-7104\" aria-expanded=\"false\">\n\t\t\t\t\t\t\t\t\t\t\t\t<span class=\"elementor-toggle-icon elementor-toggle-icon-right\" aria-hidden=\"true\">\n\t\t\t\t\t\t\t\t\t\t\t\t\t\t\t<span class=\"elementor-toggle-icon-closed\"><i class=\"fas fa-angle-down\"><\/i><\/span>\n\t\t\t\t\t\t\t\t<span class=\"elementor-toggle-icon-opened\"><i class=\"elementor-toggle-icon-opened fas fa-angle-up\"><\/i><\/span>\n\t\t\t\t\t\t\t\t\t\t\t\t\t<\/span>\n\t\t\t\t\t\t\t\t\t\t\t\t<a class=\"elementor-toggle-title\" tabindex=\"0\">Kan jag h\u00e4mta mina varor sj\u00e4lv?<\/a>\n\t\t\t\t\t<\/h2>\n\n\t\t\t\t\t<div id=\"elementor-tab-content-7104\" class=\"elementor-tab-content elementor-clearfix\" data-tab=\"4\" role=\"region\" aria-labelledby=\"elementor-tab-title-7104\"><p>I de flesta fall kan du h\u00e4mta dina varor p\u00e5 v\u00e5r adress i H\u00f8ng p\u00e5 v\u00e4stra Sj\u00e4lland om du vill. Industriparken 42, 4270 H\u00f8ng. <\/p>\n<p>Kom ih\u00e5g att kontrollera v\u00e5ra \u00f6ppettider.<\/p>\n<\/div>\n\t\t\t\t<\/div>\n\t\t\t\t\t\t\t<div class=\"elementor-toggle-item\">\n\t\t\t\t\t<h2 id=\"elementor-tab-title-7105\" class=\"elementor-tab-title\" data-tab=\"5\" role=\"button\" aria-controls=\"elementor-tab-content-7105\" aria-expanded=\"false\">\n\t\t\t\t\t\t\t\t\t\t\t\t<span class=\"elementor-toggle-icon elementor-toggle-icon-right\" aria-hidden=\"true\">\n\t\t\t\t\t\t\t\t\t\t\t\t\t\t\t<span class=\"elementor-toggle-icon-closed\"><i class=\"fas fa-angle-down\"><\/i><\/span>\n\t\t\t\t\t\t\t\t<span class=\"elementor-toggle-icon-opened\"><i class=\"elementor-toggle-icon-opened fas fa-angle-up\"><\/i><\/span>\n\t\t\t\t\t\t\t\t\t\t\t\t\t<\/span>\n\t\t\t\t\t\t\t\t\t\t\t\t<a class=\"elementor-toggle-title\" tabindex=\"0\">N\u00e4r kommer mina varor att levereras?<\/a>\n\t\t\t\t\t<\/h2>\n\n\t\t\t\t\t<div id=\"elementor-tab-content-7105\" class=\"elementor-tab-content elementor-clearfix\" data-tab=\"5\" role=\"region\" aria-labelledby=\"elementor-tab-title-7105\"><p>Vi vet hur viktigt det kan vara att f\u00e5 sina varor s\u00e5 snabbt som m\u00f6jligt. Om best\u00e4llningen kommer in f\u00f6re kl. 11.00, varorna finns i lager och transport\u00f6ren fungerar som den ska &#8211; d\u00e5 f\u00e5r du dina varor n\u00e4sta arbetsdag. <\/p>\n<p>Om du mot f\u00f6rmodan inte skulle ha f\u00e5tt dina varor \u00e4r du alltid v\u00e4lkommen att kontakta oss s\u00e5 f\u00f6ljer vi upp din best\u00e4llning.<\/p>\n<\/div>\n\t\t\t\t<\/div>\n\t\t\t\t\t\t\t<div class=\"elementor-toggle-item\">\n\t\t\t\t\t<h2 id=\"elementor-tab-title-7106\" class=\"elementor-tab-title\" data-tab=\"6\" role=\"button\" aria-controls=\"elementor-tab-content-7106\" aria-expanded=\"false\">\n\t\t\t\t\t\t\t\t\t\t\t\t<span class=\"elementor-toggle-icon elementor-toggle-icon-right\" aria-hidden=\"true\">\n\t\t\t\t\t\t\t\t\t\t\t\t\t\t\t<span class=\"elementor-toggle-icon-closed\"><i class=\"fas fa-angle-down\"><\/i><\/span>\n\t\t\t\t\t\t\t\t<span class=\"elementor-toggle-icon-opened\"><i class=\"elementor-toggle-icon-opened fas fa-angle-up\"><\/i><\/span>\n\t\t\t\t\t\t\t\t\t\t\t\t\t<\/span>\n\t\t\t\t\t\t\t\t\t\t\t\t<a class=\"elementor-toggle-title\" tabindex=\"0\">Kan jag betala med kreditkort eller MobilePay?<\/a>\n\t\t\t\t\t<\/h2>\n\n\t\t\t\t\t<div id=\"elementor-tab-content-7106\" class=\"elementor-tab-content elementor-clearfix\" data-tab=\"6\" role=\"region\" aria-labelledby=\"elementor-tab-title-7106\"><p>Tyv\u00e4rr \u00e4r det inte m\u00f6jligt att betala med kreditkort eller MobilePay f\u00f6r n\u00e4rvarande.<\/p>\n<p>F\u00f6r lagervaror skickar vi vanligtvis en faktura n\u00e4r varorna har l\u00e4mnat v\u00e5ra lokaler.<\/p>\n<p>Vid ink\u00f6p av varor fr\u00e5n utlandet str\u00e4var vi efter att skicka en faktura n\u00e4r varorna har levererats till dig.<\/p>\n<\/div>\n\t\t\t\t<\/div>\n\t\t\t\t\t\t\t<div class=\"elementor-toggle-item\">\n\t\t\t\t\t<h2 id=\"elementor-tab-title-7107\" class=\"elementor-tab-title\" data-tab=\"7\" role=\"button\" aria-controls=\"elementor-tab-content-7107\" aria-expanded=\"false\">\n\t\t\t\t\t\t\t\t\t\t\t\t<span class=\"elementor-toggle-icon elementor-toggle-icon-right\" aria-hidden=\"true\">\n\t\t\t\t\t\t\t\t\t\t\t\t\t\t\t<span class=\"elementor-toggle-icon-closed\"><i class=\"fas fa-angle-down\"><\/i><\/span>\n\t\t\t\t\t\t\t\t<span class=\"elementor-toggle-icon-opened\"><i class=\"elementor-toggle-icon-opened fas fa-angle-up\"><\/i><\/span>\n\t\t\t\t\t\t\t\t\t\t\t\t\t<\/span>\n\t\t\t\t\t\t\t\t\t\t\t\t<a class=\"elementor-toggle-title\" tabindex=\"0\">Hur hittar jag storleken p\u00e5 min CAT-tand?<\/a>\n\t\t\t\t\t<\/h2>\n\n\t\t\t\t\t<div id=\"elementor-tab-content-7107\" class=\"elementor-tab-content elementor-clearfix\" data-tab=\"7\" role=\"region\" aria-labelledby=\"elementor-tab-title-7107\"><p>Det enklaste s\u00e4ttet att ta reda p\u00e5 storleken p\u00e5 din CAT-tand, och alla andra typer av t\u00e4nder, \u00e4r att m\u00e4ta sj\u00e4lva l\u00e5set (l\u00e5sstiftet) eftersom sj\u00e4lva tanden kan vara sliten och d\u00e4rf\u00f6r inte \u00e4r anv\u00e4ndbar f\u00f6r m\u00e4tning.<\/p>\n<p>Kolla in v\u00e5r storleksguide h\u00e4r: <a href=\"https:\/\/viggobendz.dk\/nyheder\/tips-og-tricks-til-taenderne\/\">Storleksguide f\u00f6r CAT-t\u00e4nder<\/a><\/p>\n<\/div>\n\t\t\t\t<\/div>\n\t\t\t\t\t\t\t<div class=\"elementor-toggle-item\">\n\t\t\t\t\t<h2 id=\"elementor-tab-title-7108\" class=\"elementor-tab-title\" data-tab=\"8\" role=\"button\" aria-controls=\"elementor-tab-content-7108\" aria-expanded=\"false\">\n\t\t\t\t\t\t\t\t\t\t\t\t<span class=\"elementor-toggle-icon elementor-toggle-icon-right\" aria-hidden=\"true\">\n\t\t\t\t\t\t\t\t\t\t\t\t\t\t\t<span class=\"elementor-toggle-icon-closed\"><i class=\"fas fa-angle-down\"><\/i><\/span>\n\t\t\t\t\t\t\t\t<span class=\"elementor-toggle-icon-opened\"><i class=\"elementor-toggle-icon-opened fas fa-angle-up\"><\/i><\/span>\n\t\t\t\t\t\t\t\t\t\t\t\t\t<\/span>\n\t\t\t\t\t\t\t\t\t\t\t\t<a class=\"elementor-toggle-title\" tabindex=\"0\">S\u00e5 h\u00e4r \u00e5terst\u00e4ller du ditt l\u00f6senord<\/a>\n\t\t\t\t\t<\/h2>\n\n\t\t\t\t\t<div id=\"elementor-tab-content-7108\" class=\"elementor-tab-content elementor-clearfix\" data-tab=\"8\" role=\"region\" aria-labelledby=\"elementor-tab-title-7108\"><p>1. F\u00f6r att \u00e5terst\u00e4lla ditt l\u00f6senord, g\u00e5 till <a href=\"https:\/\/viggobendz.dk\/min-konto\/\">https:\/\/viggobendz.dk\/min-konto\/<\/a><\/p>\n<p>2. Klicka p\u00e5 &#8221;Har du gl\u00f6mt ditt l\u00f6senord?&#8221;.<\/p>\n<p>3. Ange ditt anv\u00e4ndarnamn eller din e-postadress och tryck p\u00e5 &#8221;\u00c5terst\u00e4ll l\u00f6senord&#8221;.<\/p>\n<p>4. Du kommer d\u00e5 att f\u00e5 ett e-postmeddelande med rubriken &#8221;Password reset request&#8221; som inneh\u00e5ller en l\u00e4nk med namnet &#8221;Click here to reset your password&#8221; som du klickar p\u00e5.<br \/>(Kontrollera din skr\u00e4ppostmapp om du inte har f\u00e5tt den inom n\u00e5gra minuter)<\/p>\n<p>5. Skriv in ditt nya l\u00f6senord och tryck p\u00e5 spara.<\/p>\n<\/div>\n\t\t\t\t<\/div>\n\t\t\t\t\t\t\t\t<\/div>\n\t\t\t\t\t\t<\/div>\n\t\t\t\t<\/div>\n\t\t\t\t<\/div>\n\t\t\t\t\t<\/div>\n\t\t\t\t<\/div>\n\t\t\t\t<\/div>\n\t\t","protected":false},"excerpt":{"rendered":"<p>Hur skapar jag ett konto f\u00f6r webbshoppen? Fyll i dina uppgifter i formul\u00e4ret: Beg\u00e4ran om inloggning &#8211; Viggo Bendz Du kommer d\u00e5 att f\u00e5 ett e-postmeddelande med en l\u00e4nk f\u00f6r att skapa ditt l\u00f6senord (kom ih\u00e5g att kontrollera om det finns skr\u00e4ppost). Sedan \u00e4r du redo att best\u00e4lla! Hur skapar jag en Expander-inloggning? F\u00f6lj denna<\/p>\n","protected":false},"author":2,"featured_media":22935,"parent":0,"menu_order":0,"comment_status":"closed","ping_status":"closed","template":"","meta":{"_acf_changed":false,"footnotes":""},"class_list":["post-23610","page","type-page","status-publish","has-post-thumbnail","hentry"],"acf":[],"yoast_head":"<title>VANLIGA FR\u00c5GOR - Viggo Bendz<\/title>\n<meta name=\"robots\" content=\"index, follow, max-snippet:-1, max-image-preview:large, max-video-preview:-1\" \/>\n<link rel=\"canonical\" href=\"https:\/\/viggobendz.dk\/sv\/vanliga-fraagor\/\" \/>\n<meta property=\"og:locale\" content=\"sv_SE\" \/>\n<meta property=\"og:type\" content=\"article\" \/>\n<meta property=\"og:title\" content=\"VANLIGA FR\u00c5GOR - Viggo Bendz\" \/>\n<meta property=\"og:description\" content=\"Hur skapar jag ett konto f\u00f6r webbshoppen? Fyll i dina uppgifter i formul\u00e4ret: Beg\u00e4ran om inloggning &#8211; Viggo Bendz Du kommer d\u00e5 att f\u00e5 ett e-postmeddelande med en l\u00e4nk f\u00f6r att skapa ditt l\u00f6senord (kom ih\u00e5g att kontrollera om det finns skr\u00e4ppost). Sedan \u00e4r du redo att best\u00e4lla! Hur skapar jag en Expander-inloggning? F\u00f6lj denna\" \/>\n<meta property=\"og:url\" content=\"https:\/\/viggobendz.dk\/sv\/vanliga-fraagor\/\" \/>\n<meta property=\"og:site_name\" content=\"Viggo Bendz\" \/>\n<meta property=\"article:modified_time\" content=\"2026-02-11T09:13:21+00:00\" \/>\n<meta property=\"og:image\" content=\"https:\/\/viggobendz.dk\/wp-content\/uploads\/2025\/07\/bygning-1-1024x469.png\" \/>\n\t<meta property=\"og:image:width\" content=\"1024\" \/>\n\t<meta property=\"og:image:height\" content=\"469\" \/>\n\t<meta property=\"og:image:type\" content=\"image\/png\" \/>\n<meta name=\"twitter:card\" content=\"summary_large_image\" \/>\n<meta name=\"twitter:label1\" content=\"Ber\u00e4knad l\u00e4stid\" \/>\n\t<meta name=\"twitter:data1\" content=\"3 minuter\" \/>\n<script type=\"application\/ld+json\" class=\"yoast-schema-graph\">{\"@context\":\"https:\/\/schema.org\",\"@graph\":[{\"@type\":\"WebPage\",\"@id\":\"https:\/\/viggobendz.dk\/sv\/vanliga-fraagor\/\",\"url\":\"https:\/\/viggobendz.dk\/sv\/vanliga-fraagor\/\",\"name\":\"VANLIGA FR\u00c5GOR - Viggo Bendz\",\"isPartOf\":{\"@id\":\"https:\/\/viggobendz.dk\/sv\/#website\"},\"primaryImageOfPage\":{\"@id\":\"https:\/\/viggobendz.dk\/sv\/vanliga-fraagor\/#primaryimage\"},\"image\":{\"@id\":\"https:\/\/viggobendz.dk\/sv\/vanliga-fraagor\/#primaryimage\"},\"thumbnailUrl\":\"https:\/\/viggobendz.dk\/wp-content\/uploads\/2025\/07\/bygning-1.png\",\"datePublished\":\"2020-05-19T08:39:44+00:00\",\"dateModified\":\"2026-02-11T09:13:21+00:00\",\"breadcrumb\":{\"@id\":\"https:\/\/viggobendz.dk\/sv\/vanliga-fraagor\/#breadcrumb\"},\"inLanguage\":\"sv-SE\",\"potentialAction\":[{\"@type\":\"ReadAction\",\"target\":[\"https:\/\/viggobendz.dk\/sv\/vanliga-fraagor\/\"]}]},{\"@type\":\"ImageObject\",\"inLanguage\":\"sv-SE\",\"@id\":\"https:\/\/viggobendz.dk\/sv\/vanliga-fraagor\/#primaryimage\",\"url\":\"https:\/\/viggobendz.dk\/wp-content\/uploads\/2025\/07\/bygning-1.png\",\"contentUrl\":\"https:\/\/viggobendz.dk\/wp-content\/uploads\/2025\/07\/bygning-1.png\",\"width\":2463,\"height\":1127},{\"@type\":\"BreadcrumbList\",\"@id\":\"https:\/\/viggobendz.dk\/sv\/vanliga-fraagor\/#breadcrumb\",\"itemListElement\":[{\"@type\":\"ListItem\",\"position\":1,\"name\":\"Hjem\",\"item\":\"https:\/\/viggobendz.dk\/sv\/hemsidan\/\"},{\"@type\":\"ListItem\",\"position\":2,\"name\":\"VANLIGA FR\u00c5GOR\"}]},{\"@type\":\"WebSite\",\"@id\":\"https:\/\/viggobendz.dk\/sv\/#website\",\"url\":\"https:\/\/viggobendz.dk\/sv\/\",\"name\":\"Viggo Bendz\",\"description\":\"Det ansvarlige valg\",\"publisher\":{\"@id\":\"https:\/\/viggobendz.dk\/sv\/#organization\"},\"potentialAction\":[{\"@type\":\"SearchAction\",\"target\":{\"@type\":\"EntryPoint\",\"urlTemplate\":\"https:\/\/viggobendz.dk\/sv\/?s={search_term_string}\"},\"query-input\":{\"@type\":\"PropertyValueSpecification\",\"valueRequired\":true,\"valueName\":\"search_term_string\"}}],\"inLanguage\":\"sv-SE\"},{\"@type\":\"Organization\",\"@id\":\"https:\/\/viggobendz.dk\/sv\/#organization\",\"name\":\"Viggo Bendz A\/S\",\"url\":\"https:\/\/viggobendz.dk\/sv\/\",\"logo\":{\"@type\":\"ImageObject\",\"inLanguage\":\"sv-SE\",\"@id\":\"https:\/\/viggobendz.dk\/sv\/#\/schema\/logo\/image\/\",\"url\":\"https:\/\/viggobendz.dk\/wp-content\/uploads\/2020\/03\/VB-Logo.png\",\"contentUrl\":\"https:\/\/viggobendz.dk\/wp-content\/uploads\/2020\/03\/VB-Logo.png\",\"width\":735,\"height\":776,\"caption\":\"Viggo Bendz A\/S\"},\"image\":{\"@id\":\"https:\/\/viggobendz.dk\/sv\/#\/schema\/logo\/image\/\"}}]}<\/script>","yoast_head_json":{"title":"VANLIGA FR\u00c5GOR - Viggo Bendz","robots":{"index":"index","follow":"follow","max-snippet":"max-snippet:-1","max-image-preview":"max-image-preview:large","max-video-preview":"max-video-preview:-1"},"canonical":"https:\/\/viggobendz.dk\/sv\/vanliga-fraagor\/","og_locale":"sv_SE","og_type":"article","og_title":"VANLIGA FR\u00c5GOR - Viggo Bendz","og_description":"Hur skapar jag ett konto f\u00f6r webbshoppen? Fyll i dina uppgifter i formul\u00e4ret: Beg\u00e4ran om inloggning &#8211; Viggo Bendz Du kommer d\u00e5 att f\u00e5 ett e-postmeddelande med en l\u00e4nk f\u00f6r att skapa ditt l\u00f6senord (kom ih\u00e5g att kontrollera om det finns skr\u00e4ppost). Sedan \u00e4r du redo att best\u00e4lla! Hur skapar jag en Expander-inloggning? F\u00f6lj denna","og_url":"https:\/\/viggobendz.dk\/sv\/vanliga-fraagor\/","og_site_name":"Viggo Bendz","article_modified_time":"2026-02-11T09:13:21+00:00","og_image":[{"width":1024,"height":469,"url":"https:\/\/viggobendz.dk\/wp-content\/uploads\/2025\/07\/bygning-1-1024x469.png","type":"image\/png"}],"twitter_card":"summary_large_image","twitter_misc":{"Ber\u00e4knad l\u00e4stid":"3 minuter"},"schema":{"@context":"https:\/\/schema.org","@graph":[{"@type":"WebPage","@id":"https:\/\/viggobendz.dk\/sv\/vanliga-fraagor\/","url":"https:\/\/viggobendz.dk\/sv\/vanliga-fraagor\/","name":"VANLIGA FR\u00c5GOR - Viggo Bendz","isPartOf":{"@id":"https:\/\/viggobendz.dk\/sv\/#website"},"primaryImageOfPage":{"@id":"https:\/\/viggobendz.dk\/sv\/vanliga-fraagor\/#primaryimage"},"image":{"@id":"https:\/\/viggobendz.dk\/sv\/vanliga-fraagor\/#primaryimage"},"thumbnailUrl":"https:\/\/viggobendz.dk\/wp-content\/uploads\/2025\/07\/bygning-1.png","datePublished":"2020-05-19T08:39:44+00:00","dateModified":"2026-02-11T09:13:21+00:00","breadcrumb":{"@id":"https:\/\/viggobendz.dk\/sv\/vanliga-fraagor\/#breadcrumb"},"inLanguage":"sv-SE","potentialAction":[{"@type":"ReadAction","target":["https:\/\/viggobendz.dk\/sv\/vanliga-fraagor\/"]}]},{"@type":"ImageObject","inLanguage":"sv-SE","@id":"https:\/\/viggobendz.dk\/sv\/vanliga-fraagor\/#primaryimage","url":"https:\/\/viggobendz.dk\/wp-content\/uploads\/2025\/07\/bygning-1.png","contentUrl":"https:\/\/viggobendz.dk\/wp-content\/uploads\/2025\/07\/bygning-1.png","width":2463,"height":1127},{"@type":"BreadcrumbList","@id":"https:\/\/viggobendz.dk\/sv\/vanliga-fraagor\/#breadcrumb","itemListElement":[{"@type":"ListItem","position":1,"name":"Hjem","item":"https:\/\/viggobendz.dk\/sv\/hemsidan\/"},{"@type":"ListItem","position":2,"name":"VANLIGA FR\u00c5GOR"}]},{"@type":"WebSite","@id":"https:\/\/viggobendz.dk\/sv\/#website","url":"https:\/\/viggobendz.dk\/sv\/","name":"Viggo Bendz","description":"Det ansvarlige valg","publisher":{"@id":"https:\/\/viggobendz.dk\/sv\/#organization"},"potentialAction":[{"@type":"SearchAction","target":{"@type":"EntryPoint","urlTemplate":"https:\/\/viggobendz.dk\/sv\/?s={search_term_string}"},"query-input":{"@type":"PropertyValueSpecification","valueRequired":true,"valueName":"search_term_string"}}],"inLanguage":"sv-SE"},{"@type":"Organization","@id":"https:\/\/viggobendz.dk\/sv\/#organization","name":"Viggo Bendz A\/S","url":"https:\/\/viggobendz.dk\/sv\/","logo":{"@type":"ImageObject","inLanguage":"sv-SE","@id":"https:\/\/viggobendz.dk\/sv\/#\/schema\/logo\/image\/","url":"https:\/\/viggobendz.dk\/wp-content\/uploads\/2020\/03\/VB-Logo.png","contentUrl":"https:\/\/viggobendz.dk\/wp-content\/uploads\/2020\/03\/VB-Logo.png","width":735,"height":776,"caption":"Viggo Bendz A\/S"},"image":{"@id":"https:\/\/viggobendz.dk\/sv\/#\/schema\/logo\/image\/"}}]}},"_links":{"self":[{"href":"https:\/\/viggobendz.dk\/sv\/wp-json\/wp\/v2\/pages\/23610","targetHints":{"allow":["GET"]}}],"collection":[{"href":"https:\/\/viggobendz.dk\/sv\/wp-json\/wp\/v2\/pages"}],"about":[{"href":"https:\/\/viggobendz.dk\/sv\/wp-json\/wp\/v2\/types\/page"}],"author":[{"embeddable":true,"href":"https:\/\/viggobendz.dk\/sv\/wp-json\/wp\/v2\/users\/2"}],"replies":[{"embeddable":true,"href":"https:\/\/viggobendz.dk\/sv\/wp-json\/wp\/v2\/comments?post=23610"}],"version-history":[{"count":1,"href":"https:\/\/viggobendz.dk\/sv\/wp-json\/wp\/v2\/pages\/23610\/revisions"}],"predecessor-version":[{"id":23611,"href":"https:\/\/viggobendz.dk\/sv\/wp-json\/wp\/v2\/pages\/23610\/revisions\/23611"}],"wp:featuredmedia":[{"embeddable":true,"href":"https:\/\/viggobendz.dk\/sv\/wp-json\/wp\/v2\/media\/22935"}],"wp:attachment":[{"href":"https:\/\/viggobendz.dk\/sv\/wp-json\/wp\/v2\/media?parent=23610"}],"curies":[{"name":"wp","href":"https:\/\/api.w.org\/{rel}","templated":true}]}}