{"id":24471,"date":"2025-03-25T08:29:54","date_gmt":"2025-03-25T07:29:54","guid":{"rendered":"https:\/\/viggobendz.dk\/butik\/okategoriserad\/maskinstorlek-16-23-ton\/"},"modified":"2025-03-25T08:29:54","modified_gmt":"2025-03-25T07:29:54","slug":"maskinstorlek-16-23-ton","status":"publish","type":"product","link":"https:\/\/viggobendz.dk\/sv\/butik\/rivning\/saxar-och-krossar\/hc-premium\/maskinstorlek-16-23-ton\/","title":{"rendered":"Maskinstorlek: 16 &#8211; 23 ton"},"content":{"rendered":"<p data-start=\"0\" data-end=\"60\"><strong data-start=\"0\" data-end=\"58\">Betongkross fr\u00e5n Trevi Benne &#8211; Effektiv rivning och \u00e5tervinning av betong<\/strong><\/p>\n<p data-start=\"62\" data-end=\"312\">Betongkrossen Trevi Benne \u00e4r en kraftfull och tillf\u00f6rlitlig l\u00f6sning f\u00f6r betongrivning inom byggbranschen. Den \u00e4r utformad f\u00f6r att krossa betong effektivt, separera armeringsj\u00e4rn och optimera material\u00e5tervinningen, vilket g\u00f6r den idealisk f\u00f6r b\u00e5de totalrivning och selektiv demontering. <\/p>\n<p data-start=\"314\" data-end=\"541\"><strong data-start=\"317\" data-end=\"342\">Kraftfull krossning<\/strong> &#8211; Bryter effektivt ner betong och separerar armeringsj\u00e4rn.<br data-start=\"380\" data-end=\"383\"> Slitstark<strong data-start=\"386\" data-end=\"418\">konstruktion &#8211; Konstruerad<\/strong> f\u00f6r intensiv anv\u00e4ndning i kr\u00e4vande milj\u00f6er.<br data-start=\"453\" data-end=\"456\"><strong data-start=\"459\" data-end=\"485\">Maximal \u00e5tervinning<\/strong> &#8211; Optimerar materialseparering och minskar avfallsm\u00e4ngden.<\/p>\n","protected":false},"excerpt":{"rendered":"<p>HC Premium<\/p>\n<p>Betongsaxar fr\u00e5n Trevi Benne<\/p>\n","protected":false},"featured_media":19921,"template":"","meta":{"_acf_changed":false},"product_brand":[],"product_cat":[3007,2830,2832],"product_tag":[],"class_list":{"0":"post-24471","1":"product","2":"type-product","3":"status-publish","4":"has-post-thumbnail","6":"product_cat-hc-premium","7":"product_cat-rivning","8":"product_cat-saxar-och-krossar","9":"pa_type-2-primaer-rivning","11":"first","12":"instock","13":"taxable","14":"shipping-taxable","15":"product-type-simple"},"acf":[],"yoast_head":"<title>Maskinstorlek: 16 - 23 ton - Viggo Bendz<\/title>\n<meta name=\"robots\" content=\"index, follow, max-snippet:-1, max-image-preview:large, max-video-preview:-1\" \/>\n<link rel=\"canonical\" href=\"https:\/\/viggobendz.dk\/sv\/butik\/rivning\/saxar-och-krossar\/hc-premium\/maskinstorlek-16-23-ton\/\" \/>\n<meta property=\"og:locale\" content=\"sv_SE\" \/>\n<meta property=\"og:type\" content=\"article\" \/>\n<meta property=\"og:title\" content=\"Maskinstorlek: 16 - 23 ton - Viggo Bendz\" \/>\n<meta property=\"og:description\" content=\"HC Premium Betongsaxar fr\u00e5n Trevi Benne\" \/>\n<meta property=\"og:url\" content=\"https:\/\/viggobendz.dk\/sv\/butik\/rivning\/saxar-och-krossar\/hc-premium\/maskinstorlek-16-23-ton\/\" \/>\n<meta property=\"og:site_name\" content=\"Viggo Bendz\" \/>\n<meta property=\"og:image\" content=\"https:\/\/viggobendz.dk\/wp-content\/uploads\/2025\/02\/HC-Premiun-1.jpg\" \/>\n\t<meta property=\"og:image:width\" content=\"650\" \/>\n\t<meta property=\"og:image:height\" content=\"492\" \/>\n\t<meta property=\"og:image:type\" content=\"image\/jpeg\" \/>\n<meta name=\"twitter:card\" content=\"summary_large_image\" \/>\n<script type=\"application\/ld+json\" class=\"yoast-schema-graph\">{\"@context\":\"https:\/\/schema.org\",\"@graph\":[{\"@type\":\"WebPage\",\"@id\":\"https:\/\/viggobendz.dk\/sv\/butik\/rivning\/saxar-och-krossar\/hc-premium\/maskinstorlek-16-23-ton\/\",\"url\":\"https:\/\/viggobendz.dk\/sv\/butik\/rivning\/saxar-och-krossar\/hc-premium\/maskinstorlek-16-23-ton\/\",\"name\":\"Maskinstorlek: 16 - 23 ton - Viggo Bendz\",\"isPartOf\":{\"@id\":\"https:\/\/viggobendz.dk\/sv\/#website\"},\"primaryImageOfPage\":{\"@id\":\"https:\/\/viggobendz.dk\/sv\/butik\/rivning\/saxar-och-krossar\/hc-premium\/maskinstorlek-16-23-ton\/#primaryimage\"},\"image\":{\"@id\":\"https:\/\/viggobendz.dk\/sv\/butik\/rivning\/saxar-och-krossar\/hc-premium\/maskinstorlek-16-23-ton\/#primaryimage\"},\"thumbnailUrl\":\"https:\/\/viggobendz.dk\/wp-content\/uploads\/2025\/02\/HC-Premiun-1.jpg\",\"datePublished\":\"2025-03-25T07:29:54+00:00\",\"breadcrumb\":{\"@id\":\"https:\/\/viggobendz.dk\/sv\/butik\/rivning\/saxar-och-krossar\/hc-premium\/maskinstorlek-16-23-ton\/#breadcrumb\"},\"inLanguage\":\"sv-SE\",\"potentialAction\":[{\"@type\":\"ReadAction\",\"target\":[\"https:\/\/viggobendz.dk\/sv\/butik\/rivning\/saxar-och-krossar\/hc-premium\/maskinstorlek-16-23-ton\/\"]}]},{\"@type\":\"ImageObject\",\"inLanguage\":\"sv-SE\",\"@id\":\"https:\/\/viggobendz.dk\/sv\/butik\/rivning\/saxar-och-krossar\/hc-premium\/maskinstorlek-16-23-ton\/#primaryimage\",\"url\":\"https:\/\/viggobendz.dk\/wp-content\/uploads\/2025\/02\/HC-Premiun-1.jpg\",\"contentUrl\":\"https:\/\/viggobendz.dk\/wp-content\/uploads\/2025\/02\/HC-Premiun-1.jpg\",\"width\":650,\"height\":492},{\"@type\":\"BreadcrumbList\",\"@id\":\"https:\/\/viggobendz.dk\/sv\/butik\/rivning\/saxar-och-krossar\/hc-premium\/maskinstorlek-16-23-ton\/#breadcrumb\",\"itemListElement\":[{\"@type\":\"ListItem\",\"position\":1,\"name\":\"Hjem\",\"item\":\"https:\/\/viggobendz.dk\/sv\/hemsidan\/\"},{\"@type\":\"ListItem\",\"position\":2,\"name\":\"Butik\",\"item\":\"https:\/\/viggobendz.dk\/butik\/\"},{\"@type\":\"ListItem\",\"position\":3,\"name\":\"Maskinstorlek: 16 &#8211; 23 ton\"}]},{\"@type\":\"WebSite\",\"@id\":\"https:\/\/viggobendz.dk\/sv\/#website\",\"url\":\"https:\/\/viggobendz.dk\/sv\/\",\"name\":\"Viggo Bendz\",\"description\":\"Det ansvarlige valg\",\"publisher\":{\"@id\":\"https:\/\/viggobendz.dk\/sv\/#organization\"},\"potentialAction\":[{\"@type\":\"SearchAction\",\"target\":{\"@type\":\"EntryPoint\",\"urlTemplate\":\"https:\/\/viggobendz.dk\/sv\/?s={search_term_string}\"},\"query-input\":{\"@type\":\"PropertyValueSpecification\",\"valueRequired\":true,\"valueName\":\"search_term_string\"}}],\"inLanguage\":\"sv-SE\"},{\"@type\":\"Organization\",\"@id\":\"https:\/\/viggobendz.dk\/sv\/#organization\",\"name\":\"Viggo Bendz A\/S\",\"url\":\"https:\/\/viggobendz.dk\/sv\/\",\"logo\":{\"@type\":\"ImageObject\",\"inLanguage\":\"sv-SE\",\"@id\":\"https:\/\/viggobendz.dk\/sv\/#\/schema\/logo\/image\/\",\"url\":\"https:\/\/viggobendz.dk\/wp-content\/uploads\/2020\/03\/VB-Logo.png\",\"contentUrl\":\"https:\/\/viggobendz.dk\/wp-content\/uploads\/2020\/03\/VB-Logo.png\",\"width\":735,\"height\":776,\"caption\":\"Viggo Bendz A\/S\"},\"image\":{\"@id\":\"https:\/\/viggobendz.dk\/sv\/#\/schema\/logo\/image\/\"}}]}<\/script>","yoast_head_json":{"title":"Maskinstorlek: 16 - 23 ton - Viggo Bendz","robots":{"index":"index","follow":"follow","max-snippet":"max-snippet:-1","max-image-preview":"max-image-preview:large","max-video-preview":"max-video-preview:-1"},"canonical":"https:\/\/viggobendz.dk\/sv\/butik\/rivning\/saxar-och-krossar\/hc-premium\/maskinstorlek-16-23-ton\/","og_locale":"sv_SE","og_type":"article","og_title":"Maskinstorlek: 16 - 23 ton - Viggo Bendz","og_description":"HC Premium Betongsaxar fr\u00e5n Trevi Benne","og_url":"https:\/\/viggobendz.dk\/sv\/butik\/rivning\/saxar-och-krossar\/hc-premium\/maskinstorlek-16-23-ton\/","og_site_name":"Viggo Bendz","og_image":[{"width":650,"height":492,"url":"https:\/\/viggobendz.dk\/wp-content\/uploads\/2025\/02\/HC-Premiun-1.jpg","type":"image\/jpeg"}],"twitter_card":"summary_large_image","schema":{"@context":"https:\/\/schema.org","@graph":[{"@type":"WebPage","@id":"https:\/\/viggobendz.dk\/sv\/butik\/rivning\/saxar-och-krossar\/hc-premium\/maskinstorlek-16-23-ton\/","url":"https:\/\/viggobendz.dk\/sv\/butik\/rivning\/saxar-och-krossar\/hc-premium\/maskinstorlek-16-23-ton\/","name":"Maskinstorlek: 16 - 23 ton - Viggo Bendz","isPartOf":{"@id":"https:\/\/viggobendz.dk\/sv\/#website"},"primaryImageOfPage":{"@id":"https:\/\/viggobendz.dk\/sv\/butik\/rivning\/saxar-och-krossar\/hc-premium\/maskinstorlek-16-23-ton\/#primaryimage"},"image":{"@id":"https:\/\/viggobendz.dk\/sv\/butik\/rivning\/saxar-och-krossar\/hc-premium\/maskinstorlek-16-23-ton\/#primaryimage"},"thumbnailUrl":"https:\/\/viggobendz.dk\/wp-content\/uploads\/2025\/02\/HC-Premiun-1.jpg","datePublished":"2025-03-25T07:29:54+00:00","breadcrumb":{"@id":"https:\/\/viggobendz.dk\/sv\/butik\/rivning\/saxar-och-krossar\/hc-premium\/maskinstorlek-16-23-ton\/#breadcrumb"},"inLanguage":"sv-SE","potentialAction":[{"@type":"ReadAction","target":["https:\/\/viggobendz.dk\/sv\/butik\/rivning\/saxar-och-krossar\/hc-premium\/maskinstorlek-16-23-ton\/"]}]},{"@type":"ImageObject","inLanguage":"sv-SE","@id":"https:\/\/viggobendz.dk\/sv\/butik\/rivning\/saxar-och-krossar\/hc-premium\/maskinstorlek-16-23-ton\/#primaryimage","url":"https:\/\/viggobendz.dk\/wp-content\/uploads\/2025\/02\/HC-Premiun-1.jpg","contentUrl":"https:\/\/viggobendz.dk\/wp-content\/uploads\/2025\/02\/HC-Premiun-1.jpg","width":650,"height":492},{"@type":"BreadcrumbList","@id":"https:\/\/viggobendz.dk\/sv\/butik\/rivning\/saxar-och-krossar\/hc-premium\/maskinstorlek-16-23-ton\/#breadcrumb","itemListElement":[{"@type":"ListItem","position":1,"name":"Hjem","item":"https:\/\/viggobendz.dk\/sv\/hemsidan\/"},{"@type":"ListItem","position":2,"name":"Butik","item":"https:\/\/viggobendz.dk\/butik\/"},{"@type":"ListItem","position":3,"name":"Maskinstorlek: 16 &#8211; 23 ton"}]},{"@type":"WebSite","@id":"https:\/\/viggobendz.dk\/sv\/#website","url":"https:\/\/viggobendz.dk\/sv\/","name":"Viggo Bendz","description":"Det ansvarlige valg","publisher":{"@id":"https:\/\/viggobendz.dk\/sv\/#organization"},"potentialAction":[{"@type":"SearchAction","target":{"@type":"EntryPoint","urlTemplate":"https:\/\/viggobendz.dk\/sv\/?s={search_term_string}"},"query-input":{"@type":"PropertyValueSpecification","valueRequired":true,"valueName":"search_term_string"}}],"inLanguage":"sv-SE"},{"@type":"Organization","@id":"https:\/\/viggobendz.dk\/sv\/#organization","name":"Viggo Bendz A\/S","url":"https:\/\/viggobendz.dk\/sv\/","logo":{"@type":"ImageObject","inLanguage":"sv-SE","@id":"https:\/\/viggobendz.dk\/sv\/#\/schema\/logo\/image\/","url":"https:\/\/viggobendz.dk\/wp-content\/uploads\/2020\/03\/VB-Logo.png","contentUrl":"https:\/\/viggobendz.dk\/wp-content\/uploads\/2020\/03\/VB-Logo.png","width":735,"height":776,"caption":"Viggo Bendz A\/S"},"image":{"@id":"https:\/\/viggobendz.dk\/sv\/#\/schema\/logo\/image\/"}}]}},"_links":{"self":[{"href":"https:\/\/viggobendz.dk\/sv\/wp-json\/wp\/v2\/product\/24471","targetHints":{"allow":["GET"]}}],"collection":[{"href":"https:\/\/viggobendz.dk\/sv\/wp-json\/wp\/v2\/product"}],"about":[{"href":"https:\/\/viggobendz.dk\/sv\/wp-json\/wp\/v2\/types\/product"}],"wp:featuredmedia":[{"embeddable":true,"href":"https:\/\/viggobendz.dk\/sv\/wp-json\/wp\/v2\/media\/19921"}],"wp:attachment":[{"href":"https:\/\/viggobendz.dk\/sv\/wp-json\/wp\/v2\/media?parent=24471"}],"wp:term":[{"taxonomy":"product_brand","embeddable":true,"href":"https:\/\/viggobendz.dk\/sv\/wp-json\/wp\/v2\/product_brand?post=24471"},{"taxonomy":"product_cat","embeddable":true,"href":"https:\/\/viggobendz.dk\/sv\/wp-json\/wp\/v2\/product_cat?post=24471"},{"taxonomy":"product_tag","embeddable":true,"href":"https:\/\/viggobendz.dk\/sv\/wp-json\/wp\/v2\/product_tag?post=24471"}],"curies":[{"name":"wp","href":"https:\/\/api.w.org\/{rel}","templated":true}]}}