{"id":24504,"date":"2025-03-25T08:29:54","date_gmt":"2025-03-25T07:29:54","guid":{"rendered":"https:\/\/viggobendz.dk\/butik\/okategoriserad\/maskinstorlek-23-28-ton\/"},"modified":"2025-03-25T08:29:54","modified_gmt":"2025-03-25T07:29:54","slug":"maskinstorlek-23-28-ton","status":"publish","type":"product","link":"https:\/\/viggobendz.dk\/sv\/butik\/rivning\/saxar-och-krossar\/f-standard\/maskinstorlek-23-28-ton\/","title":{"rendered":"Maskinstorlek: 23-28 ton"},"content":{"rendered":"<p data-start=\"0\" data-end=\"60\"><strong data-start=\"0\" data-end=\"58\">Trevi Benne F-Series Frontkross &#8211; Effektiv och kraftfull f\u00f6r demolering<\/strong><\/p>\n<p data-start=\"61\" data-end=\"200\">Trevi Benne F-Series \u00e4r en h\u00f6gpresterande betongkross som \u00e4r konstruerad f\u00f6r kr\u00e4vande rivningsapplikationer. Med sin kraftfulla hydraulik och robusta konstruktion s\u00e4kerst\u00e4ller den exakt och effektiv krossning av betong samtidigt som armeringsj\u00e4rn separeras effektivt. F-serien \u00e4r idealisk f\u00f6r sekund\u00e4r rivning och ger maximal produktivitet p\u00e5 arbetsplatsen.  <\/p>\n<ul>\n<li data-start=\"201\" data-end=\"260\"><strong data-start=\"201\" data-end=\"259\">H\u00f6g krosskraft<\/strong> &#8211; Bryter effektivt ner betong och separerar armeringsj\u00e4rn.<\/li>\n<li data-start=\"261\" data-end=\"320\"><strong data-start=\"261\" data-end=\"319\">Slitstark design<\/strong> &#8211; F\u00f6rst\u00e4rkt konstruktion f\u00f6r intensiv anv\u00e4ndning i kr\u00e4vande milj\u00f6er.<\/li>\n<li data-start=\"321\" data-end=\"380\"><strong data-start=\"321\" data-end=\"379\">Optimal kontroll<\/strong> &#8211; Exakt hantering s\u00e4kerst\u00e4ller snabb och effektiv rivning.<\/li>\n<\/ul>\n<p data-start=\"381\" data-end=\"440\">Med en betongklippare fr\u00e5n Trevi Benne F-serien f\u00e5r du en kraftfull l\u00f6sning som optimerar rivningsarbetet och f\u00f6rb\u00e4ttrar effektiviteten p\u00e5 arbetsplatsen.<\/p>\n","protected":false},"excerpt":{"rendered":"<p>Betongkross fr\u00e5n Trevi Benne<\/p>\n","protected":false},"featured_media":20921,"template":"","meta":{"_acf_changed":false},"product_brand":[],"product_cat":[3058,2830,2832],"product_tag":[],"class_list":{"0":"post-24504","1":"product","2":"type-product","3":"status-publish","4":"has-post-thumbnail","6":"product_cat-f-standard","7":"product_cat-rivning","8":"product_cat-saxar-och-krossar","9":"pa_type-2-sekundaer-rivning","11":"first","12":"instock","13":"taxable","14":"shipping-taxable","15":"product-type-simple"},"acf":[],"yoast_head":"<title>Maskinstorlek: 23-28 ton - Viggo Bendz<\/title>\n<meta name=\"robots\" content=\"index, follow, max-snippet:-1, max-image-preview:large, max-video-preview:-1\" \/>\n<link rel=\"canonical\" href=\"https:\/\/viggobendz.dk\/sv\/butik\/rivning\/saxar-och-krossar\/f-standard\/maskinstorlek-23-28-ton\/\" \/>\n<meta property=\"og:locale\" content=\"sv_SE\" \/>\n<meta property=\"og:type\" content=\"article\" \/>\n<meta property=\"og:title\" content=\"Maskinstorlek: 23-28 ton - Viggo Bendz\" \/>\n<meta property=\"og:description\" content=\"Betongkross fr\u00e5n Trevi Benne\" \/>\n<meta property=\"og:url\" content=\"https:\/\/viggobendz.dk\/sv\/butik\/rivning\/saxar-och-krossar\/f-standard\/maskinstorlek-23-28-ton\/\" \/>\n<meta property=\"og:site_name\" content=\"Viggo Bendz\" \/>\n<meta property=\"og:image\" content=\"https:\/\/viggobendz.dk\/wp-content\/uploads\/2025\/03\/F-SERIES-1.png\" \/>\n\t<meta property=\"og:image:width\" content=\"655\" \/>\n\t<meta property=\"og:image:height\" content=\"542\" \/>\n\t<meta property=\"og:image:type\" content=\"image\/png\" \/>\n<meta name=\"twitter:card\" content=\"summary_large_image\" \/>\n<meta name=\"twitter:label1\" content=\"Ber\u00e4knad l\u00e4stid\" \/>\n\t<meta name=\"twitter:data1\" content=\"1 minut\" \/>\n<script type=\"application\/ld+json\" class=\"yoast-schema-graph\">{\"@context\":\"https:\/\/schema.org\",\"@graph\":[{\"@type\":\"WebPage\",\"@id\":\"https:\/\/viggobendz.dk\/sv\/butik\/rivning\/saxar-och-krossar\/f-standard\/maskinstorlek-23-28-ton\/\",\"url\":\"https:\/\/viggobendz.dk\/sv\/butik\/rivning\/saxar-och-krossar\/f-standard\/maskinstorlek-23-28-ton\/\",\"name\":\"Maskinstorlek: 23-28 ton - Viggo Bendz\",\"isPartOf\":{\"@id\":\"https:\/\/viggobendz.dk\/sv\/#website\"},\"primaryImageOfPage\":{\"@id\":\"https:\/\/viggobendz.dk\/sv\/butik\/rivning\/saxar-och-krossar\/f-standard\/maskinstorlek-23-28-ton\/#primaryimage\"},\"image\":{\"@id\":\"https:\/\/viggobendz.dk\/sv\/butik\/rivning\/saxar-och-krossar\/f-standard\/maskinstorlek-23-28-ton\/#primaryimage\"},\"thumbnailUrl\":\"https:\/\/viggobendz.dk\/wp-content\/uploads\/2025\/03\/F-SERIES-1.png\",\"datePublished\":\"2025-03-25T07:29:54+00:00\",\"breadcrumb\":{\"@id\":\"https:\/\/viggobendz.dk\/sv\/butik\/rivning\/saxar-och-krossar\/f-standard\/maskinstorlek-23-28-ton\/#breadcrumb\"},\"inLanguage\":\"sv-SE\",\"potentialAction\":[{\"@type\":\"ReadAction\",\"target\":[\"https:\/\/viggobendz.dk\/sv\/butik\/rivning\/saxar-och-krossar\/f-standard\/maskinstorlek-23-28-ton\/\"]}]},{\"@type\":\"ImageObject\",\"inLanguage\":\"sv-SE\",\"@id\":\"https:\/\/viggobendz.dk\/sv\/butik\/rivning\/saxar-och-krossar\/f-standard\/maskinstorlek-23-28-ton\/#primaryimage\",\"url\":\"https:\/\/viggobendz.dk\/wp-content\/uploads\/2025\/03\/F-SERIES-1.png\",\"contentUrl\":\"https:\/\/viggobendz.dk\/wp-content\/uploads\/2025\/03\/F-SERIES-1.png\",\"width\":655,\"height\":542},{\"@type\":\"BreadcrumbList\",\"@id\":\"https:\/\/viggobendz.dk\/sv\/butik\/rivning\/saxar-och-krossar\/f-standard\/maskinstorlek-23-28-ton\/#breadcrumb\",\"itemListElement\":[{\"@type\":\"ListItem\",\"position\":1,\"name\":\"Hjem\",\"item\":\"https:\/\/viggobendz.dk\/sv\/hemsidan\/\"},{\"@type\":\"ListItem\",\"position\":2,\"name\":\"Butik\",\"item\":\"https:\/\/viggobendz.dk\/butik\/\"},{\"@type\":\"ListItem\",\"position\":3,\"name\":\"Maskinstorlek: 23-28 ton\"}]},{\"@type\":\"WebSite\",\"@id\":\"https:\/\/viggobendz.dk\/sv\/#website\",\"url\":\"https:\/\/viggobendz.dk\/sv\/\",\"name\":\"Viggo Bendz\",\"description\":\"Det ansvarlige valg\",\"publisher\":{\"@id\":\"https:\/\/viggobendz.dk\/sv\/#organization\"},\"potentialAction\":[{\"@type\":\"SearchAction\",\"target\":{\"@type\":\"EntryPoint\",\"urlTemplate\":\"https:\/\/viggobendz.dk\/sv\/?s={search_term_string}\"},\"query-input\":{\"@type\":\"PropertyValueSpecification\",\"valueRequired\":true,\"valueName\":\"search_term_string\"}}],\"inLanguage\":\"sv-SE\"},{\"@type\":\"Organization\",\"@id\":\"https:\/\/viggobendz.dk\/sv\/#organization\",\"name\":\"Viggo Bendz A\/S\",\"url\":\"https:\/\/viggobendz.dk\/sv\/\",\"logo\":{\"@type\":\"ImageObject\",\"inLanguage\":\"sv-SE\",\"@id\":\"https:\/\/viggobendz.dk\/sv\/#\/schema\/logo\/image\/\",\"url\":\"https:\/\/viggobendz.dk\/wp-content\/uploads\/2020\/03\/VB-Logo.png\",\"contentUrl\":\"https:\/\/viggobendz.dk\/wp-content\/uploads\/2020\/03\/VB-Logo.png\",\"width\":735,\"height\":776,\"caption\":\"Viggo Bendz A\/S\"},\"image\":{\"@id\":\"https:\/\/viggobendz.dk\/sv\/#\/schema\/logo\/image\/\"}}]}<\/script>","yoast_head_json":{"title":"Maskinstorlek: 23-28 ton - Viggo Bendz","robots":{"index":"index","follow":"follow","max-snippet":"max-snippet:-1","max-image-preview":"max-image-preview:large","max-video-preview":"max-video-preview:-1"},"canonical":"https:\/\/viggobendz.dk\/sv\/butik\/rivning\/saxar-och-krossar\/f-standard\/maskinstorlek-23-28-ton\/","og_locale":"sv_SE","og_type":"article","og_title":"Maskinstorlek: 23-28 ton - Viggo Bendz","og_description":"Betongkross fr\u00e5n Trevi Benne","og_url":"https:\/\/viggobendz.dk\/sv\/butik\/rivning\/saxar-och-krossar\/f-standard\/maskinstorlek-23-28-ton\/","og_site_name":"Viggo Bendz","og_image":[{"width":655,"height":542,"url":"https:\/\/viggobendz.dk\/wp-content\/uploads\/2025\/03\/F-SERIES-1.png","type":"image\/png"}],"twitter_card":"summary_large_image","twitter_misc":{"Ber\u00e4knad l\u00e4stid":"1 minut"},"schema":{"@context":"https:\/\/schema.org","@graph":[{"@type":"WebPage","@id":"https:\/\/viggobendz.dk\/sv\/butik\/rivning\/saxar-och-krossar\/f-standard\/maskinstorlek-23-28-ton\/","url":"https:\/\/viggobendz.dk\/sv\/butik\/rivning\/saxar-och-krossar\/f-standard\/maskinstorlek-23-28-ton\/","name":"Maskinstorlek: 23-28 ton - Viggo Bendz","isPartOf":{"@id":"https:\/\/viggobendz.dk\/sv\/#website"},"primaryImageOfPage":{"@id":"https:\/\/viggobendz.dk\/sv\/butik\/rivning\/saxar-och-krossar\/f-standard\/maskinstorlek-23-28-ton\/#primaryimage"},"image":{"@id":"https:\/\/viggobendz.dk\/sv\/butik\/rivning\/saxar-och-krossar\/f-standard\/maskinstorlek-23-28-ton\/#primaryimage"},"thumbnailUrl":"https:\/\/viggobendz.dk\/wp-content\/uploads\/2025\/03\/F-SERIES-1.png","datePublished":"2025-03-25T07:29:54+00:00","breadcrumb":{"@id":"https:\/\/viggobendz.dk\/sv\/butik\/rivning\/saxar-och-krossar\/f-standard\/maskinstorlek-23-28-ton\/#breadcrumb"},"inLanguage":"sv-SE","potentialAction":[{"@type":"ReadAction","target":["https:\/\/viggobendz.dk\/sv\/butik\/rivning\/saxar-och-krossar\/f-standard\/maskinstorlek-23-28-ton\/"]}]},{"@type":"ImageObject","inLanguage":"sv-SE","@id":"https:\/\/viggobendz.dk\/sv\/butik\/rivning\/saxar-och-krossar\/f-standard\/maskinstorlek-23-28-ton\/#primaryimage","url":"https:\/\/viggobendz.dk\/wp-content\/uploads\/2025\/03\/F-SERIES-1.png","contentUrl":"https:\/\/viggobendz.dk\/wp-content\/uploads\/2025\/03\/F-SERIES-1.png","width":655,"height":542},{"@type":"BreadcrumbList","@id":"https:\/\/viggobendz.dk\/sv\/butik\/rivning\/saxar-och-krossar\/f-standard\/maskinstorlek-23-28-ton\/#breadcrumb","itemListElement":[{"@type":"ListItem","position":1,"name":"Hjem","item":"https:\/\/viggobendz.dk\/sv\/hemsidan\/"},{"@type":"ListItem","position":2,"name":"Butik","item":"https:\/\/viggobendz.dk\/butik\/"},{"@type":"ListItem","position":3,"name":"Maskinstorlek: 23-28 ton"}]},{"@type":"WebSite","@id":"https:\/\/viggobendz.dk\/sv\/#website","url":"https:\/\/viggobendz.dk\/sv\/","name":"Viggo Bendz","description":"Det ansvarlige valg","publisher":{"@id":"https:\/\/viggobendz.dk\/sv\/#organization"},"potentialAction":[{"@type":"SearchAction","target":{"@type":"EntryPoint","urlTemplate":"https:\/\/viggobendz.dk\/sv\/?s={search_term_string}"},"query-input":{"@type":"PropertyValueSpecification","valueRequired":true,"valueName":"search_term_string"}}],"inLanguage":"sv-SE"},{"@type":"Organization","@id":"https:\/\/viggobendz.dk\/sv\/#organization","name":"Viggo Bendz A\/S","url":"https:\/\/viggobendz.dk\/sv\/","logo":{"@type":"ImageObject","inLanguage":"sv-SE","@id":"https:\/\/viggobendz.dk\/sv\/#\/schema\/logo\/image\/","url":"https:\/\/viggobendz.dk\/wp-content\/uploads\/2020\/03\/VB-Logo.png","contentUrl":"https:\/\/viggobendz.dk\/wp-content\/uploads\/2020\/03\/VB-Logo.png","width":735,"height":776,"caption":"Viggo Bendz A\/S"},"image":{"@id":"https:\/\/viggobendz.dk\/sv\/#\/schema\/logo\/image\/"}}]}},"_links":{"self":[{"href":"https:\/\/viggobendz.dk\/sv\/wp-json\/wp\/v2\/product\/24504","targetHints":{"allow":["GET"]}}],"collection":[{"href":"https:\/\/viggobendz.dk\/sv\/wp-json\/wp\/v2\/product"}],"about":[{"href":"https:\/\/viggobendz.dk\/sv\/wp-json\/wp\/v2\/types\/product"}],"wp:featuredmedia":[{"embeddable":true,"href":"https:\/\/viggobendz.dk\/sv\/wp-json\/wp\/v2\/media\/20921"}],"wp:attachment":[{"href":"https:\/\/viggobendz.dk\/sv\/wp-json\/wp\/v2\/media?parent=24504"}],"wp:term":[{"taxonomy":"product_brand","embeddable":true,"href":"https:\/\/viggobendz.dk\/sv\/wp-json\/wp\/v2\/product_brand?post=24504"},{"taxonomy":"product_cat","embeddable":true,"href":"https:\/\/viggobendz.dk\/sv\/wp-json\/wp\/v2\/product_cat?post=24504"},{"taxonomy":"product_tag","embeddable":true,"href":"https:\/\/viggobendz.dk\/sv\/wp-json\/wp\/v2\/product_tag?post=24504"}],"curies":[{"name":"wp","href":"https:\/\/api.w.org\/{rel}","templated":true}]}}