{"id":24566,"date":"2025-03-25T08:30:11","date_gmt":"2025-03-25T07:30:11","guid":{"rendered":"https:\/\/viggobendz.dk\/butik\/okategoriserad\/maskinstorlek-23-28-ton-2\/"},"modified":"2025-03-25T08:30:11","modified_gmt":"2025-03-25T07:30:11","slug":"maskinstorlek-23-28-ton-2","status":"publish","type":"product","link":"https:\/\/viggobendz.dk\/sv\/butik\/rivning\/saxar-och-krossar\/f-premium\/maskinstorlek-23-28-ton-2\/","title":{"rendered":"Maskinstorlek: 23-28 ton"},"content":{"rendered":"<p data-start=\"0\" data-end=\"60\"><strong data-start=\"0\" data-end=\"58\">Frontkross med BOOSTER-funktion &#8211; maximal prestanda f\u00f6r professionell demolering<\/strong><\/p>\n<p data-start=\"61\" data-end=\"200\">Trevi Benne F-Premium \u00e4r en avancerad betongkross som \u00e4r utformad f\u00f6r entrepren\u00f6rer som kr\u00e4ver maximal styrka, precision och h\u00e5llbarhet vid rivningsarbeten. Den kraftfulla hydrauliken s\u00e4kerst\u00e4ller effektiv betongkrossning, medan den f\u00f6rst\u00e4rkta konstruktionen g\u00f6r den idealisk f\u00f6r intensiv anv\u00e4ndning p\u00e5 byggarbetsplatser. <\/p>\n<p data-start=\"48\" data-end=\"262\"><strong data-start=\"48\" data-end=\"75\">Impact BOOSTER-ventilen<\/strong>, som k\u00e4nnetecknar hela PREMIUM-demoleringssortimentet, g\u00f6r det m\u00f6jligt att <strong data-start=\"152\" data-end=\"170\">\u00f6ka kraften<\/strong> &#8211; det vill s\u00e4ga arbetstrycket fr\u00e5n gr\u00e4vmaskinen &#8211; upp till <strong data-start=\"236\" data-end=\"259\">maximalt 750 bar.<\/strong><\/p>\n<p data-start=\"264\" data-end=\"362\">Ventilen aktiveras <strong data-start=\"283\" data-end=\"297\">automatiskt<\/strong> n\u00e4r det material som ska rivas har h\u00f6g motst\u00e5ndskraft.<\/p>\n<p data-start=\"364\" data-end=\"524\" data-is-last-node=\"\" data-is-only-node=\"\">I ett n\u00f6tskal: N\u00e4r rivningsverktyget st\u00f6ter p\u00e5 h\u00e5rt material aktiveras BOOSTER-ventilen och ger extra kraft s\u00e5 att jobbet blir gjort snabbare och effektivare.<\/p>\n<ul>\n<li data-start=\"201\" data-end=\"260\"><strong data-start=\"201\" data-end=\"259\">Extrem krossningskraft<\/strong> &#8211; Effektiv betongkrossning med exakt separering av armeringsj\u00e4rn.<\/li>\n<li data-start=\"261\" data-end=\"320\"><strong data-start=\"261\" data-end=\"319\">Robust premiumdesign<\/strong> &#8211; F\u00f6rst\u00e4rkt konstruktion f\u00f6r de mest kr\u00e4vande rivningsjobben.<\/li>\n<li data-start=\"321\" data-end=\"380\"><strong data-start=\"321\" data-end=\"379\">\u00d6kad drifttid<\/strong> &#8211; Slitstarka material och optimerad hydraulik f\u00f6r l\u00e4ngre livsl\u00e4ngd.<\/li>\n<\/ul>\n<p data-start=\"381\" data-end=\"440\">Med Trevi Benne F-Premium betongsaxar f\u00e5r du en tillf\u00f6rlitlig l\u00f6sning som s\u00e4kerst\u00e4ller h\u00f6g effektivitet och s\u00e4nkta driftskostnader i dina rivningsprojekt.<\/p>\n","protected":false},"excerpt":{"rendered":"<p>Betongkross med slagf\u00f6rst\u00e4rkare fr\u00e5n Trevi Benne<\/p>\n","protected":false},"featured_media":21621,"template":"","meta":{"_acf_changed":false},"product_brand":[],"product_cat":[3197,2830,2832],"product_tag":[],"class_list":{"0":"post-24566","1":"product","2":"type-product","3":"status-publish","4":"has-post-thumbnail","6":"product_cat-f-premium","7":"product_cat-rivning","8":"product_cat-saxar-och-krossar","9":"pa_type-2-sekundaer-rivning","11":"first","12":"instock","13":"taxable","14":"shipping-taxable","15":"product-type-simple"},"acf":[],"yoast_head":"<title>Maskinstorlek: 23-28 ton - Viggo Bendz<\/title>\n<meta name=\"robots\" content=\"index, follow, max-snippet:-1, max-image-preview:large, max-video-preview:-1\" \/>\n<link rel=\"canonical\" href=\"https:\/\/viggobendz.dk\/sv\/butik\/rivning\/saxar-och-krossar\/f-premium\/maskinstorlek-23-28-ton-2\/\" \/>\n<meta property=\"og:locale\" content=\"sv_SE\" \/>\n<meta property=\"og:type\" content=\"article\" \/>\n<meta property=\"og:title\" content=\"Maskinstorlek: 23-28 ton - Viggo Bendz\" \/>\n<meta property=\"og:description\" content=\"Betongkross med slagf\u00f6rst\u00e4rkare fr\u00e5n Trevi Benne\" \/>\n<meta property=\"og:url\" content=\"https:\/\/viggobendz.dk\/sv\/butik\/rivning\/saxar-och-krossar\/f-premium\/maskinstorlek-23-28-ton-2\/\" \/>\n<meta property=\"og:site_name\" content=\"Viggo Bendz\" \/>\n<meta property=\"og:image\" content=\"https:\/\/viggobendz.dk\/wp-content\/uploads\/2025\/03\/F-premium-u-magnet.png\" \/>\n\t<meta property=\"og:image:width\" content=\"706\" \/>\n\t<meta property=\"og:image:height\" content=\"579\" \/>\n\t<meta property=\"og:image:type\" content=\"image\/png\" \/>\n<meta name=\"twitter:card\" content=\"summary_large_image\" \/>\n<meta name=\"twitter:label1\" content=\"Ber\u00e4knad l\u00e4stid\" \/>\n\t<meta name=\"twitter:data1\" content=\"1 minut\" \/>\n<script type=\"application\/ld+json\" class=\"yoast-schema-graph\">{\"@context\":\"https:\/\/schema.org\",\"@graph\":[{\"@type\":\"WebPage\",\"@id\":\"https:\/\/viggobendz.dk\/sv\/butik\/rivning\/saxar-och-krossar\/f-premium\/maskinstorlek-23-28-ton-2\/\",\"url\":\"https:\/\/viggobendz.dk\/sv\/butik\/rivning\/saxar-och-krossar\/f-premium\/maskinstorlek-23-28-ton-2\/\",\"name\":\"Maskinstorlek: 23-28 ton - Viggo Bendz\",\"isPartOf\":{\"@id\":\"https:\/\/viggobendz.dk\/sv\/#website\"},\"primaryImageOfPage\":{\"@id\":\"https:\/\/viggobendz.dk\/sv\/butik\/rivning\/saxar-och-krossar\/f-premium\/maskinstorlek-23-28-ton-2\/#primaryimage\"},\"image\":{\"@id\":\"https:\/\/viggobendz.dk\/sv\/butik\/rivning\/saxar-och-krossar\/f-premium\/maskinstorlek-23-28-ton-2\/#primaryimage\"},\"thumbnailUrl\":\"https:\/\/viggobendz.dk\/wp-content\/uploads\/2025\/03\/F-premium-u-magnet.png\",\"datePublished\":\"2025-03-25T07:30:11+00:00\",\"breadcrumb\":{\"@id\":\"https:\/\/viggobendz.dk\/sv\/butik\/rivning\/saxar-och-krossar\/f-premium\/maskinstorlek-23-28-ton-2\/#breadcrumb\"},\"inLanguage\":\"sv-SE\",\"potentialAction\":[{\"@type\":\"ReadAction\",\"target\":[\"https:\/\/viggobendz.dk\/sv\/butik\/rivning\/saxar-och-krossar\/f-premium\/maskinstorlek-23-28-ton-2\/\"]}]},{\"@type\":\"ImageObject\",\"inLanguage\":\"sv-SE\",\"@id\":\"https:\/\/viggobendz.dk\/sv\/butik\/rivning\/saxar-och-krossar\/f-premium\/maskinstorlek-23-28-ton-2\/#primaryimage\",\"url\":\"https:\/\/viggobendz.dk\/wp-content\/uploads\/2025\/03\/F-premium-u-magnet.png\",\"contentUrl\":\"https:\/\/viggobendz.dk\/wp-content\/uploads\/2025\/03\/F-premium-u-magnet.png\",\"width\":706,\"height\":579},{\"@type\":\"BreadcrumbList\",\"@id\":\"https:\/\/viggobendz.dk\/sv\/butik\/rivning\/saxar-och-krossar\/f-premium\/maskinstorlek-23-28-ton-2\/#breadcrumb\",\"itemListElement\":[{\"@type\":\"ListItem\",\"position\":1,\"name\":\"Hjem\",\"item\":\"https:\/\/viggobendz.dk\/sv\/hemsidan\/\"},{\"@type\":\"ListItem\",\"position\":2,\"name\":\"Butik\",\"item\":\"https:\/\/viggobendz.dk\/butik\/\"},{\"@type\":\"ListItem\",\"position\":3,\"name\":\"Maskinstorlek: 23-28 ton\"}]},{\"@type\":\"WebSite\",\"@id\":\"https:\/\/viggobendz.dk\/sv\/#website\",\"url\":\"https:\/\/viggobendz.dk\/sv\/\",\"name\":\"Viggo Bendz\",\"description\":\"Det ansvarlige valg\",\"publisher\":{\"@id\":\"https:\/\/viggobendz.dk\/sv\/#organization\"},\"potentialAction\":[{\"@type\":\"SearchAction\",\"target\":{\"@type\":\"EntryPoint\",\"urlTemplate\":\"https:\/\/viggobendz.dk\/sv\/?s={search_term_string}\"},\"query-input\":{\"@type\":\"PropertyValueSpecification\",\"valueRequired\":true,\"valueName\":\"search_term_string\"}}],\"inLanguage\":\"sv-SE\"},{\"@type\":\"Organization\",\"@id\":\"https:\/\/viggobendz.dk\/sv\/#organization\",\"name\":\"Viggo Bendz A\/S\",\"url\":\"https:\/\/viggobendz.dk\/sv\/\",\"logo\":{\"@type\":\"ImageObject\",\"inLanguage\":\"sv-SE\",\"@id\":\"https:\/\/viggobendz.dk\/sv\/#\/schema\/logo\/image\/\",\"url\":\"https:\/\/viggobendz.dk\/wp-content\/uploads\/2020\/03\/VB-Logo.png\",\"contentUrl\":\"https:\/\/viggobendz.dk\/wp-content\/uploads\/2020\/03\/VB-Logo.png\",\"width\":735,\"height\":776,\"caption\":\"Viggo Bendz A\/S\"},\"image\":{\"@id\":\"https:\/\/viggobendz.dk\/sv\/#\/schema\/logo\/image\/\"}}]}<\/script>","yoast_head_json":{"title":"Maskinstorlek: 23-28 ton - Viggo Bendz","robots":{"index":"index","follow":"follow","max-snippet":"max-snippet:-1","max-image-preview":"max-image-preview:large","max-video-preview":"max-video-preview:-1"},"canonical":"https:\/\/viggobendz.dk\/sv\/butik\/rivning\/saxar-och-krossar\/f-premium\/maskinstorlek-23-28-ton-2\/","og_locale":"sv_SE","og_type":"article","og_title":"Maskinstorlek: 23-28 ton - Viggo Bendz","og_description":"Betongkross med slagf\u00f6rst\u00e4rkare fr\u00e5n Trevi Benne","og_url":"https:\/\/viggobendz.dk\/sv\/butik\/rivning\/saxar-och-krossar\/f-premium\/maskinstorlek-23-28-ton-2\/","og_site_name":"Viggo Bendz","og_image":[{"width":706,"height":579,"url":"https:\/\/viggobendz.dk\/wp-content\/uploads\/2025\/03\/F-premium-u-magnet.png","type":"image\/png"}],"twitter_card":"summary_large_image","twitter_misc":{"Ber\u00e4knad l\u00e4stid":"1 minut"},"schema":{"@context":"https:\/\/schema.org","@graph":[{"@type":"WebPage","@id":"https:\/\/viggobendz.dk\/sv\/butik\/rivning\/saxar-och-krossar\/f-premium\/maskinstorlek-23-28-ton-2\/","url":"https:\/\/viggobendz.dk\/sv\/butik\/rivning\/saxar-och-krossar\/f-premium\/maskinstorlek-23-28-ton-2\/","name":"Maskinstorlek: 23-28 ton - Viggo Bendz","isPartOf":{"@id":"https:\/\/viggobendz.dk\/sv\/#website"},"primaryImageOfPage":{"@id":"https:\/\/viggobendz.dk\/sv\/butik\/rivning\/saxar-och-krossar\/f-premium\/maskinstorlek-23-28-ton-2\/#primaryimage"},"image":{"@id":"https:\/\/viggobendz.dk\/sv\/butik\/rivning\/saxar-och-krossar\/f-premium\/maskinstorlek-23-28-ton-2\/#primaryimage"},"thumbnailUrl":"https:\/\/viggobendz.dk\/wp-content\/uploads\/2025\/03\/F-premium-u-magnet.png","datePublished":"2025-03-25T07:30:11+00:00","breadcrumb":{"@id":"https:\/\/viggobendz.dk\/sv\/butik\/rivning\/saxar-och-krossar\/f-premium\/maskinstorlek-23-28-ton-2\/#breadcrumb"},"inLanguage":"sv-SE","potentialAction":[{"@type":"ReadAction","target":["https:\/\/viggobendz.dk\/sv\/butik\/rivning\/saxar-och-krossar\/f-premium\/maskinstorlek-23-28-ton-2\/"]}]},{"@type":"ImageObject","inLanguage":"sv-SE","@id":"https:\/\/viggobendz.dk\/sv\/butik\/rivning\/saxar-och-krossar\/f-premium\/maskinstorlek-23-28-ton-2\/#primaryimage","url":"https:\/\/viggobendz.dk\/wp-content\/uploads\/2025\/03\/F-premium-u-magnet.png","contentUrl":"https:\/\/viggobendz.dk\/wp-content\/uploads\/2025\/03\/F-premium-u-magnet.png","width":706,"height":579},{"@type":"BreadcrumbList","@id":"https:\/\/viggobendz.dk\/sv\/butik\/rivning\/saxar-och-krossar\/f-premium\/maskinstorlek-23-28-ton-2\/#breadcrumb","itemListElement":[{"@type":"ListItem","position":1,"name":"Hjem","item":"https:\/\/viggobendz.dk\/sv\/hemsidan\/"},{"@type":"ListItem","position":2,"name":"Butik","item":"https:\/\/viggobendz.dk\/butik\/"},{"@type":"ListItem","position":3,"name":"Maskinstorlek: 23-28 ton"}]},{"@type":"WebSite","@id":"https:\/\/viggobendz.dk\/sv\/#website","url":"https:\/\/viggobendz.dk\/sv\/","name":"Viggo Bendz","description":"Det ansvarlige valg","publisher":{"@id":"https:\/\/viggobendz.dk\/sv\/#organization"},"potentialAction":[{"@type":"SearchAction","target":{"@type":"EntryPoint","urlTemplate":"https:\/\/viggobendz.dk\/sv\/?s={search_term_string}"},"query-input":{"@type":"PropertyValueSpecification","valueRequired":true,"valueName":"search_term_string"}}],"inLanguage":"sv-SE"},{"@type":"Organization","@id":"https:\/\/viggobendz.dk\/sv\/#organization","name":"Viggo Bendz A\/S","url":"https:\/\/viggobendz.dk\/sv\/","logo":{"@type":"ImageObject","inLanguage":"sv-SE","@id":"https:\/\/viggobendz.dk\/sv\/#\/schema\/logo\/image\/","url":"https:\/\/viggobendz.dk\/wp-content\/uploads\/2020\/03\/VB-Logo.png","contentUrl":"https:\/\/viggobendz.dk\/wp-content\/uploads\/2020\/03\/VB-Logo.png","width":735,"height":776,"caption":"Viggo Bendz A\/S"},"image":{"@id":"https:\/\/viggobendz.dk\/sv\/#\/schema\/logo\/image\/"}}]}},"_links":{"self":[{"href":"https:\/\/viggobendz.dk\/sv\/wp-json\/wp\/v2\/product\/24566","targetHints":{"allow":["GET"]}}],"collection":[{"href":"https:\/\/viggobendz.dk\/sv\/wp-json\/wp\/v2\/product"}],"about":[{"href":"https:\/\/viggobendz.dk\/sv\/wp-json\/wp\/v2\/types\/product"}],"wp:featuredmedia":[{"embeddable":true,"href":"https:\/\/viggobendz.dk\/sv\/wp-json\/wp\/v2\/media\/21621"}],"wp:attachment":[{"href":"https:\/\/viggobendz.dk\/sv\/wp-json\/wp\/v2\/media?parent=24566"}],"wp:term":[{"taxonomy":"product_brand","embeddable":true,"href":"https:\/\/viggobendz.dk\/sv\/wp-json\/wp\/v2\/product_brand?post=24566"},{"taxonomy":"product_cat","embeddable":true,"href":"https:\/\/viggobendz.dk\/sv\/wp-json\/wp\/v2\/product_cat?post=24566"},{"taxonomy":"product_tag","embeddable":true,"href":"https:\/\/viggobendz.dk\/sv\/wp-json\/wp\/v2\/product_tag?post=24566"}],"curies":[{"name":"wp","href":"https:\/\/api.w.org\/{rel}","templated":true}]}}