{"id":24659,"date":"2025-03-20T09:34:15","date_gmt":"2025-03-20T08:34:15","guid":{"rendered":"https:\/\/viggobendz.dk\/butik\/okategoriserad\/099m-129m\/"},"modified":"2025-03-20T09:34:15","modified_gmt":"2025-03-20T08:34:15","slug":"099m-129m","status":"publish","type":"product","link":"https:\/\/viggobendz.dk\/sv\/butik\/utrustning\/graevbara-laador\/vb-60\/distanshaallare-2\/099m-129m\/","title":{"rendered":"0,99m -1,29m"},"content":{"rendered":"<p data-start=\"0\" data-end=\"60\"><strong data-start=\"0\" data-end=\"58\">Distanser (Struts) fr\u00e5n LTW till VB60 &#8211; Stabilt och s\u00e4kert gr\u00e4vningsskydd<\/strong><\/p>\n<p data-start=\"61\" data-end=\"200\">LTW-distanser (stag) till VB60 \u00e4r utformade f\u00f6r att s\u00e4kerst\u00e4lla en stark och stabil anslutning mellan v\u00e4ggarna i gr\u00e4vl\u00e5dan. Dessa robusta stag f\u00f6rhindrar sidotryck fr\u00e5n marken, s\u00e4kerst\u00e4ller korrekt avst\u00e5nd och \u00f6kar s\u00e4kerheten vid gr\u00e4vning. Med sin justerbara l\u00e4ngd ger de flexibilitet f\u00f6r olika gr\u00e4vbredder, vilket g\u00f6r dem idealiska f\u00f6r kr\u00e4vande anl\u00e4ggningsarbeten.  <\/p>\n<ul>\n<li data-start=\"201\" data-end=\"260\"><strong data-start=\"201\" data-end=\"259\">Optimal stabilitet<\/strong> &#8211; ger ett starkt och s\u00e4kert st\u00f6d f\u00f6r VB60 gr\u00e4vl\u00e5dor.<\/li>\n<li data-start=\"261\" data-end=\"320\"><strong data-start=\"261\" data-end=\"319\">Justerbar l\u00e4ngd<\/strong> &#8211; flexibel anpassning till olika schaktdjup och schaktbredder.<\/li>\n<li data-start=\"321\" data-end=\"380\"><strong data-start=\"321\" data-end=\"379\">Slitstarkt material<\/strong> &#8211; Tillverkad av korrosionsbest\u00e4ndigt st\u00e5l f\u00f6r maximal h\u00e5llbarhet.<\/li>\n<\/ul>\n<p data-start=\"381\" data-end=\"440\">Med LTW-distanser till VB60 f\u00e5r du en p\u00e5litlig och flexibel l\u00f6sning som optimerar s\u00e4kerheten och effektiviteten vid gr\u00e4vningsarbeten.<\/p>\n","protected":false},"excerpt":{"rendered":"<p>Distansh\u00e5llare<\/p>\n","protected":false},"featured_media":12462,"template":"","meta":{"_acf_changed":false},"product_brand":[],"product_cat":[3284,2597,2595,3283],"product_tag":[],"class_list":{"0":"post-24659","1":"product","2":"type-product","3":"status-publish","4":"has-post-thumbnail","6":"product_cat-distanshaallare-2","7":"product_cat-graevbara-laador","8":"product_cat-utrustning","9":"product_cat-vb-60","10":"pa_type-2-stoedben","12":"first","13":"instock","14":"taxable","15":"shipping-taxable","16":"purchasable","17":"product-type-simple"},"acf":[],"yoast_head":"<title>0,99m -1,29m - Viggo Bendz<\/title>\n<meta name=\"robots\" content=\"index, follow, max-snippet:-1, max-image-preview:large, max-video-preview:-1\" \/>\n<link rel=\"canonical\" href=\"https:\/\/viggobendz.dk\/sv\/butik\/utrustning\/graevbara-laador\/vb-60\/distanshaallare-2\/099m-129m\/\" \/>\n<meta property=\"og:locale\" content=\"sv_SE\" \/>\n<meta property=\"og:type\" content=\"article\" \/>\n<meta property=\"og:title\" content=\"0,99m -1,29m - Viggo Bendz\" \/>\n<meta property=\"og:description\" content=\"Distansh\u00e5llare\" \/>\n<meta property=\"og:url\" content=\"https:\/\/viggobendz.dk\/sv\/butik\/utrustning\/graevbara-laador\/vb-60\/distanshaallare-2\/099m-129m\/\" \/>\n<meta property=\"og:site_name\" content=\"Viggo Bendz\" \/>\n<meta property=\"og:image\" content=\"https:\/\/viggobendz.dk\/wp-content\/uploads\/2025\/03\/Load-diagramm-standard-stut.jpg\" \/>\n\t<meta property=\"og:image:width\" content=\"937\" \/>\n\t<meta property=\"og:image:height\" content=\"608\" \/>\n\t<meta property=\"og:image:type\" content=\"image\/jpeg\" \/>\n<meta name=\"twitter:card\" content=\"summary_large_image\" \/>\n<meta name=\"twitter:label1\" content=\"Ber\u00e4knad l\u00e4stid\" \/>\n\t<meta name=\"twitter:data1\" content=\"1 minut\" \/>\n<script type=\"application\/ld+json\" class=\"yoast-schema-graph\">{\"@context\":\"https:\/\/schema.org\",\"@graph\":[{\"@type\":\"WebPage\",\"@id\":\"https:\/\/viggobendz.dk\/sv\/butik\/utrustning\/graevbara-laador\/vb-60\/distanshaallare-2\/099m-129m\/\",\"url\":\"https:\/\/viggobendz.dk\/sv\/butik\/utrustning\/graevbara-laador\/vb-60\/distanshaallare-2\/099m-129m\/\",\"name\":\"0,99m -1,29m - Viggo Bendz\",\"isPartOf\":{\"@id\":\"https:\/\/viggobendz.dk\/sv\/#website\"},\"primaryImageOfPage\":{\"@id\":\"https:\/\/viggobendz.dk\/sv\/butik\/utrustning\/graevbara-laador\/vb-60\/distanshaallare-2\/099m-129m\/#primaryimage\"},\"image\":{\"@id\":\"https:\/\/viggobendz.dk\/sv\/butik\/utrustning\/graevbara-laador\/vb-60\/distanshaallare-2\/099m-129m\/#primaryimage\"},\"thumbnailUrl\":\"https:\/\/viggobendz.dk\/wp-content\/uploads\/2025\/03\/Load-diagramm-standard-stut.jpg\",\"datePublished\":\"2025-03-20T08:34:15+00:00\",\"breadcrumb\":{\"@id\":\"https:\/\/viggobendz.dk\/sv\/butik\/utrustning\/graevbara-laador\/vb-60\/distanshaallare-2\/099m-129m\/#breadcrumb\"},\"inLanguage\":\"sv-SE\",\"potentialAction\":[{\"@type\":\"ReadAction\",\"target\":[\"https:\/\/viggobendz.dk\/sv\/butik\/utrustning\/graevbara-laador\/vb-60\/distanshaallare-2\/099m-129m\/\"]}]},{\"@type\":\"ImageObject\",\"inLanguage\":\"sv-SE\",\"@id\":\"https:\/\/viggobendz.dk\/sv\/butik\/utrustning\/graevbara-laador\/vb-60\/distanshaallare-2\/099m-129m\/#primaryimage\",\"url\":\"https:\/\/viggobendz.dk\/wp-content\/uploads\/2025\/03\/Load-diagramm-standard-stut.jpg\",\"contentUrl\":\"https:\/\/viggobendz.dk\/wp-content\/uploads\/2025\/03\/Load-diagramm-standard-stut.jpg\",\"width\":937,\"height\":608},{\"@type\":\"BreadcrumbList\",\"@id\":\"https:\/\/viggobendz.dk\/sv\/butik\/utrustning\/graevbara-laador\/vb-60\/distanshaallare-2\/099m-129m\/#breadcrumb\",\"itemListElement\":[{\"@type\":\"ListItem\",\"position\":1,\"name\":\"Hjem\",\"item\":\"https:\/\/viggobendz.dk\/sv\/hemsidan\/\"},{\"@type\":\"ListItem\",\"position\":2,\"name\":\"Butik\",\"item\":\"https:\/\/viggobendz.dk\/butik\/\"},{\"@type\":\"ListItem\",\"position\":3,\"name\":\"Utrustning\",\"item\":\"https:\/\/viggobendz.dk\/sv\/vare-kategori\/utrustning\/\"},{\"@type\":\"ListItem\",\"position\":4,\"name\":\"Gr\u00e4vbara l\u00e5dor\",\"item\":\"https:\/\/viggobendz.dk\/sv\/vare-kategori\/utrustning\/graevbara-laador\/\"},{\"@type\":\"ListItem\",\"position\":5,\"name\":\"VB 60\",\"item\":\"https:\/\/viggobendz.dk\/sv\/vare-kategori\/utrustning\/graevbara-laador\/vb-60\/\"},{\"@type\":\"ListItem\",\"position\":6,\"name\":\"Distansh\u00e5llare\",\"item\":\"https:\/\/viggobendz.dk\/sv\/vare-kategori\/utrustning\/graevbara-laador\/vb-60\/distanshaallare-2\/\"},{\"@type\":\"ListItem\",\"position\":7,\"name\":\"0,99m -1,29m\"}]},{\"@type\":\"WebSite\",\"@id\":\"https:\/\/viggobendz.dk\/sv\/#website\",\"url\":\"https:\/\/viggobendz.dk\/sv\/\",\"name\":\"Viggo Bendz\",\"description\":\"Det ansvarlige valg\",\"publisher\":{\"@id\":\"https:\/\/viggobendz.dk\/sv\/#organization\"},\"potentialAction\":[{\"@type\":\"SearchAction\",\"target\":{\"@type\":\"EntryPoint\",\"urlTemplate\":\"https:\/\/viggobendz.dk\/sv\/?s={search_term_string}\"},\"query-input\":{\"@type\":\"PropertyValueSpecification\",\"valueRequired\":true,\"valueName\":\"search_term_string\"}}],\"inLanguage\":\"sv-SE\"},{\"@type\":\"Organization\",\"@id\":\"https:\/\/viggobendz.dk\/sv\/#organization\",\"name\":\"Viggo Bendz A\/S\",\"url\":\"https:\/\/viggobendz.dk\/sv\/\",\"logo\":{\"@type\":\"ImageObject\",\"inLanguage\":\"sv-SE\",\"@id\":\"https:\/\/viggobendz.dk\/sv\/#\/schema\/logo\/image\/\",\"url\":\"https:\/\/viggobendz.dk\/wp-content\/uploads\/2020\/03\/VB-Logo.png\",\"contentUrl\":\"https:\/\/viggobendz.dk\/wp-content\/uploads\/2020\/03\/VB-Logo.png\",\"width\":735,\"height\":776,\"caption\":\"Viggo Bendz A\/S\"},\"image\":{\"@id\":\"https:\/\/viggobendz.dk\/sv\/#\/schema\/logo\/image\/\"}}]}<\/script>","yoast_head_json":{"title":"0,99m -1,29m - Viggo Bendz","robots":{"index":"index","follow":"follow","max-snippet":"max-snippet:-1","max-image-preview":"max-image-preview:large","max-video-preview":"max-video-preview:-1"},"canonical":"https:\/\/viggobendz.dk\/sv\/butik\/utrustning\/graevbara-laador\/vb-60\/distanshaallare-2\/099m-129m\/","og_locale":"sv_SE","og_type":"article","og_title":"0,99m -1,29m - Viggo Bendz","og_description":"Distansh\u00e5llare","og_url":"https:\/\/viggobendz.dk\/sv\/butik\/utrustning\/graevbara-laador\/vb-60\/distanshaallare-2\/099m-129m\/","og_site_name":"Viggo Bendz","og_image":[{"width":937,"height":608,"url":"https:\/\/viggobendz.dk\/wp-content\/uploads\/2025\/03\/Load-diagramm-standard-stut.jpg","type":"image\/jpeg"}],"twitter_card":"summary_large_image","twitter_misc":{"Ber\u00e4knad l\u00e4stid":"1 minut"},"schema":{"@context":"https:\/\/schema.org","@graph":[{"@type":"WebPage","@id":"https:\/\/viggobendz.dk\/sv\/butik\/utrustning\/graevbara-laador\/vb-60\/distanshaallare-2\/099m-129m\/","url":"https:\/\/viggobendz.dk\/sv\/butik\/utrustning\/graevbara-laador\/vb-60\/distanshaallare-2\/099m-129m\/","name":"0,99m -1,29m - Viggo Bendz","isPartOf":{"@id":"https:\/\/viggobendz.dk\/sv\/#website"},"primaryImageOfPage":{"@id":"https:\/\/viggobendz.dk\/sv\/butik\/utrustning\/graevbara-laador\/vb-60\/distanshaallare-2\/099m-129m\/#primaryimage"},"image":{"@id":"https:\/\/viggobendz.dk\/sv\/butik\/utrustning\/graevbara-laador\/vb-60\/distanshaallare-2\/099m-129m\/#primaryimage"},"thumbnailUrl":"https:\/\/viggobendz.dk\/wp-content\/uploads\/2025\/03\/Load-diagramm-standard-stut.jpg","datePublished":"2025-03-20T08:34:15+00:00","breadcrumb":{"@id":"https:\/\/viggobendz.dk\/sv\/butik\/utrustning\/graevbara-laador\/vb-60\/distanshaallare-2\/099m-129m\/#breadcrumb"},"inLanguage":"sv-SE","potentialAction":[{"@type":"ReadAction","target":["https:\/\/viggobendz.dk\/sv\/butik\/utrustning\/graevbara-laador\/vb-60\/distanshaallare-2\/099m-129m\/"]}]},{"@type":"ImageObject","inLanguage":"sv-SE","@id":"https:\/\/viggobendz.dk\/sv\/butik\/utrustning\/graevbara-laador\/vb-60\/distanshaallare-2\/099m-129m\/#primaryimage","url":"https:\/\/viggobendz.dk\/wp-content\/uploads\/2025\/03\/Load-diagramm-standard-stut.jpg","contentUrl":"https:\/\/viggobendz.dk\/wp-content\/uploads\/2025\/03\/Load-diagramm-standard-stut.jpg","width":937,"height":608},{"@type":"BreadcrumbList","@id":"https:\/\/viggobendz.dk\/sv\/butik\/utrustning\/graevbara-laador\/vb-60\/distanshaallare-2\/099m-129m\/#breadcrumb","itemListElement":[{"@type":"ListItem","position":1,"name":"Hjem","item":"https:\/\/viggobendz.dk\/sv\/hemsidan\/"},{"@type":"ListItem","position":2,"name":"Butik","item":"https:\/\/viggobendz.dk\/butik\/"},{"@type":"ListItem","position":3,"name":"Utrustning","item":"https:\/\/viggobendz.dk\/sv\/vare-kategori\/utrustning\/"},{"@type":"ListItem","position":4,"name":"Gr\u00e4vbara l\u00e5dor","item":"https:\/\/viggobendz.dk\/sv\/vare-kategori\/utrustning\/graevbara-laador\/"},{"@type":"ListItem","position":5,"name":"VB 60","item":"https:\/\/viggobendz.dk\/sv\/vare-kategori\/utrustning\/graevbara-laador\/vb-60\/"},{"@type":"ListItem","position":6,"name":"Distansh\u00e5llare","item":"https:\/\/viggobendz.dk\/sv\/vare-kategori\/utrustning\/graevbara-laador\/vb-60\/distanshaallare-2\/"},{"@type":"ListItem","position":7,"name":"0,99m -1,29m"}]},{"@type":"WebSite","@id":"https:\/\/viggobendz.dk\/sv\/#website","url":"https:\/\/viggobendz.dk\/sv\/","name":"Viggo Bendz","description":"Det ansvarlige valg","publisher":{"@id":"https:\/\/viggobendz.dk\/sv\/#organization"},"potentialAction":[{"@type":"SearchAction","target":{"@type":"EntryPoint","urlTemplate":"https:\/\/viggobendz.dk\/sv\/?s={search_term_string}"},"query-input":{"@type":"PropertyValueSpecification","valueRequired":true,"valueName":"search_term_string"}}],"inLanguage":"sv-SE"},{"@type":"Organization","@id":"https:\/\/viggobendz.dk\/sv\/#organization","name":"Viggo Bendz A\/S","url":"https:\/\/viggobendz.dk\/sv\/","logo":{"@type":"ImageObject","inLanguage":"sv-SE","@id":"https:\/\/viggobendz.dk\/sv\/#\/schema\/logo\/image\/","url":"https:\/\/viggobendz.dk\/wp-content\/uploads\/2020\/03\/VB-Logo.png","contentUrl":"https:\/\/viggobendz.dk\/wp-content\/uploads\/2020\/03\/VB-Logo.png","width":735,"height":776,"caption":"Viggo Bendz A\/S"},"image":{"@id":"https:\/\/viggobendz.dk\/sv\/#\/schema\/logo\/image\/"}}]}},"_links":{"self":[{"href":"https:\/\/viggobendz.dk\/sv\/wp-json\/wp\/v2\/product\/24659","targetHints":{"allow":["GET"]}}],"collection":[{"href":"https:\/\/viggobendz.dk\/sv\/wp-json\/wp\/v2\/product"}],"about":[{"href":"https:\/\/viggobendz.dk\/sv\/wp-json\/wp\/v2\/types\/product"}],"wp:featuredmedia":[{"embeddable":true,"href":"https:\/\/viggobendz.dk\/sv\/wp-json\/wp\/v2\/media\/12462"}],"wp:attachment":[{"href":"https:\/\/viggobendz.dk\/sv\/wp-json\/wp\/v2\/media?parent=24659"}],"wp:term":[{"taxonomy":"product_brand","embeddable":true,"href":"https:\/\/viggobendz.dk\/sv\/wp-json\/wp\/v2\/product_brand?post=24659"},{"taxonomy":"product_cat","embeddable":true,"href":"https:\/\/viggobendz.dk\/sv\/wp-json\/wp\/v2\/product_cat?post=24659"},{"taxonomy":"product_tag","embeddable":true,"href":"https:\/\/viggobendz.dk\/sv\/wp-json\/wp\/v2\/product_tag?post=24659"}],"curies":[{"name":"wp","href":"https:\/\/api.w.org\/{rel}","templated":true}]}}