{"id":24680,"date":"2025-03-20T09:34:15","date_gmt":"2025-03-20T08:34:15","guid":{"rendered":"https:\/\/viggobendz.dk\/butik\/okategoriserad\/25-m-x-24-m\/"},"modified":"2025-03-20T09:34:15","modified_gmt":"2025-03-20T08:34:15","slug":"25-m-x-24-m","status":"publish","type":"product","link":"https:\/\/viggobendz.dk\/sv\/butik\/utrustning\/graevbara-laador\/vb-60\/basenheter\/25-m-x-24-m\/","title":{"rendered":"2,5 m x 2,4 m"},"content":{"rendered":"<p data-start=\"0\" data-end=\"60\"><strong data-start=\"0\" data-end=\"58\">Basenheter VB60 fr\u00e5n LTW &#8211; S\u00e4ker och robust gr\u00e4vl\u00e5da f\u00f6r djupa utgr\u00e4vningar<\/strong><\/p>\n<p data-start=\"61\" data-end=\"200\">LTW VB60 Base Units \u00e4r konstruerade f\u00f6r att ge maximal stabilitet och s\u00e4kerhet vid djupa utgr\u00e4vningar. Med sin starka konstruktion och optimala marktrycksskydd skyddar VB60 gr\u00e4vmaskinsboxen arbetarna fr\u00e5n att kollapsa och skapar s\u00e4kra arbetsf\u00f6rh\u00e5llanden vid gr\u00e4vningar f\u00f6r ledningsdragningar, r\u00f6rinstallationer och andra anl\u00e4ggningsarbeten. <\/p>\n<ul>\n<li data-start=\"201\" data-end=\"260\"><strong data-start=\"201\" data-end=\"259\">H\u00f6g h\u00e5llfasthet och s\u00e4kerhet<\/strong> &#8211; Skyddar mot marktryck och ger stabila arbetsf\u00f6rh\u00e5llanden.<\/li>\n<li data-start=\"261\" data-end=\"320\"><strong data-start=\"261\" data-end=\"319\">Flexibel modul\u00e4r design<\/strong> &#8211; kan kombineras med andra VB60-enheter f\u00f6r \u00f6kat djup.<\/li>\n<li data-start=\"321\" data-end=\"380\"><strong data-start=\"321\" data-end=\"379\">Slitstarkt material<\/strong> &#8211; Tillverkad av h\u00f6gkvalitativt st\u00e5l f\u00f6r l\u00e5ng livsl\u00e4ngd och minimalt underh\u00e5ll.<\/li>\n<\/ul>\n<p data-start=\"381\" data-end=\"440\">Med en LTW VB60 Base Unit f\u00e5r du en p\u00e5litlig och flexibel l\u00f6sning som optimerar s\u00e4kerheten och effektiviteten i dina gr\u00e4vprojekt.<\/p>\n","protected":false},"excerpt":{"rendered":"<p>Gr\u00e4vl\u00e5dor VB60 Bas<\/p>\n","protected":false},"featured_media":21419,"template":"","meta":{"_acf_changed":false},"product_brand":[],"product_cat":[3311,2597,2595,3283],"product_tag":[],"class_list":{"0":"post-24680","1":"product","2":"type-product","3":"status-publish","4":"has-post-thumbnail","6":"product_cat-basenheter","7":"product_cat-graevbara-laador","8":"product_cat-utrustning","9":"product_cat-vb-60","10":"pa_type-2-vb-60","12":"first","13":"instock","14":"taxable","15":"shipping-taxable","16":"purchasable","17":"product-type-simple"},"acf":[],"yoast_head":"<title>2,5 m x 2,4 m - Viggo Bendz<\/title>\n<meta name=\"robots\" content=\"index, follow, max-snippet:-1, max-image-preview:large, max-video-preview:-1\" \/>\n<link rel=\"canonical\" href=\"https:\/\/viggobendz.dk\/sv\/butik\/utrustning\/graevbara-laador\/vb-60\/basenheter\/25-m-x-24-m\/\" \/>\n<meta property=\"og:locale\" content=\"sv_SE\" \/>\n<meta property=\"og:type\" content=\"article\" \/>\n<meta property=\"og:title\" content=\"2,5 m x 2,4 m - Viggo Bendz\" \/>\n<meta property=\"og:description\" content=\"Gr\u00e4vl\u00e5dor VB60 Bas\" \/>\n<meta property=\"og:url\" content=\"https:\/\/viggobendz.dk\/sv\/butik\/utrustning\/graevbara-laador\/vb-60\/basenheter\/25-m-x-24-m\/\" \/>\n<meta property=\"og:site_name\" content=\"Viggo Bendz\" \/>\n<meta property=\"og:image\" content=\"https:\/\/viggobendz.dk\/wp-content\/uploads\/2025\/03\/base-unit-Photoroom.jpg\" \/>\n\t<meta property=\"og:image:width\" content=\"600\" \/>\n\t<meta property=\"og:image:height\" content=\"450\" \/>\n\t<meta property=\"og:image:type\" content=\"image\/jpeg\" \/>\n<meta name=\"twitter:card\" content=\"summary_large_image\" \/>\n<meta name=\"twitter:label1\" content=\"Ber\u00e4knad l\u00e4stid\" \/>\n\t<meta name=\"twitter:data1\" content=\"1 minut\" \/>\n<script type=\"application\/ld+json\" class=\"yoast-schema-graph\">{\"@context\":\"https:\/\/schema.org\",\"@graph\":[{\"@type\":\"WebPage\",\"@id\":\"https:\/\/viggobendz.dk\/sv\/butik\/utrustning\/graevbara-laador\/vb-60\/basenheter\/25-m-x-24-m\/\",\"url\":\"https:\/\/viggobendz.dk\/sv\/butik\/utrustning\/graevbara-laador\/vb-60\/basenheter\/25-m-x-24-m\/\",\"name\":\"2,5 m x 2,4 m - Viggo Bendz\",\"isPartOf\":{\"@id\":\"https:\/\/viggobendz.dk\/sv\/#website\"},\"primaryImageOfPage\":{\"@id\":\"https:\/\/viggobendz.dk\/sv\/butik\/utrustning\/graevbara-laador\/vb-60\/basenheter\/25-m-x-24-m\/#primaryimage\"},\"image\":{\"@id\":\"https:\/\/viggobendz.dk\/sv\/butik\/utrustning\/graevbara-laador\/vb-60\/basenheter\/25-m-x-24-m\/#primaryimage\"},\"thumbnailUrl\":\"https:\/\/viggobendz.dk\/wp-content\/uploads\/2025\/03\/base-unit-Photoroom.jpg\",\"datePublished\":\"2025-03-20T08:34:15+00:00\",\"breadcrumb\":{\"@id\":\"https:\/\/viggobendz.dk\/sv\/butik\/utrustning\/graevbara-laador\/vb-60\/basenheter\/25-m-x-24-m\/#breadcrumb\"},\"inLanguage\":\"sv-SE\",\"potentialAction\":[{\"@type\":\"ReadAction\",\"target\":[\"https:\/\/viggobendz.dk\/sv\/butik\/utrustning\/graevbara-laador\/vb-60\/basenheter\/25-m-x-24-m\/\"]}]},{\"@type\":\"ImageObject\",\"inLanguage\":\"sv-SE\",\"@id\":\"https:\/\/viggobendz.dk\/sv\/butik\/utrustning\/graevbara-laador\/vb-60\/basenheter\/25-m-x-24-m\/#primaryimage\",\"url\":\"https:\/\/viggobendz.dk\/wp-content\/uploads\/2025\/03\/base-unit-Photoroom.jpg\",\"contentUrl\":\"https:\/\/viggobendz.dk\/wp-content\/uploads\/2025\/03\/base-unit-Photoroom.jpg\",\"width\":600,\"height\":450},{\"@type\":\"BreadcrumbList\",\"@id\":\"https:\/\/viggobendz.dk\/sv\/butik\/utrustning\/graevbara-laador\/vb-60\/basenheter\/25-m-x-24-m\/#breadcrumb\",\"itemListElement\":[{\"@type\":\"ListItem\",\"position\":1,\"name\":\"Hjem\",\"item\":\"https:\/\/viggobendz.dk\/sv\/hemsidan\/\"},{\"@type\":\"ListItem\",\"position\":2,\"name\":\"Butik\",\"item\":\"https:\/\/viggobendz.dk\/butik\/\"},{\"@type\":\"ListItem\",\"position\":3,\"name\":\"Utrustning\",\"item\":\"https:\/\/viggobendz.dk\/sv\/vare-kategori\/utrustning\/\"},{\"@type\":\"ListItem\",\"position\":4,\"name\":\"Gr\u00e4vbara l\u00e5dor\",\"item\":\"https:\/\/viggobendz.dk\/sv\/vare-kategori\/utrustning\/graevbara-laador\/\"},{\"@type\":\"ListItem\",\"position\":5,\"name\":\"VB 60\",\"item\":\"https:\/\/viggobendz.dk\/sv\/vare-kategori\/utrustning\/graevbara-laador\/vb-60\/\"},{\"@type\":\"ListItem\",\"position\":6,\"name\":\"Basenheter\",\"item\":\"https:\/\/viggobendz.dk\/sv\/vare-kategori\/utrustning\/graevbara-laador\/vb-60\/basenheter\/\"},{\"@type\":\"ListItem\",\"position\":7,\"name\":\"2,5 m x 2,4 m\"}]},{\"@type\":\"WebSite\",\"@id\":\"https:\/\/viggobendz.dk\/sv\/#website\",\"url\":\"https:\/\/viggobendz.dk\/sv\/\",\"name\":\"Viggo Bendz\",\"description\":\"Det ansvarlige valg\",\"publisher\":{\"@id\":\"https:\/\/viggobendz.dk\/sv\/#organization\"},\"potentialAction\":[{\"@type\":\"SearchAction\",\"target\":{\"@type\":\"EntryPoint\",\"urlTemplate\":\"https:\/\/viggobendz.dk\/sv\/?s={search_term_string}\"},\"query-input\":{\"@type\":\"PropertyValueSpecification\",\"valueRequired\":true,\"valueName\":\"search_term_string\"}}],\"inLanguage\":\"sv-SE\"},{\"@type\":\"Organization\",\"@id\":\"https:\/\/viggobendz.dk\/sv\/#organization\",\"name\":\"Viggo Bendz A\/S\",\"url\":\"https:\/\/viggobendz.dk\/sv\/\",\"logo\":{\"@type\":\"ImageObject\",\"inLanguage\":\"sv-SE\",\"@id\":\"https:\/\/viggobendz.dk\/sv\/#\/schema\/logo\/image\/\",\"url\":\"https:\/\/viggobendz.dk\/wp-content\/uploads\/2020\/03\/VB-Logo.png\",\"contentUrl\":\"https:\/\/viggobendz.dk\/wp-content\/uploads\/2020\/03\/VB-Logo.png\",\"width\":735,\"height\":776,\"caption\":\"Viggo Bendz A\/S\"},\"image\":{\"@id\":\"https:\/\/viggobendz.dk\/sv\/#\/schema\/logo\/image\/\"}}]}<\/script>","yoast_head_json":{"title":"2,5 m x 2,4 m - Viggo Bendz","robots":{"index":"index","follow":"follow","max-snippet":"max-snippet:-1","max-image-preview":"max-image-preview:large","max-video-preview":"max-video-preview:-1"},"canonical":"https:\/\/viggobendz.dk\/sv\/butik\/utrustning\/graevbara-laador\/vb-60\/basenheter\/25-m-x-24-m\/","og_locale":"sv_SE","og_type":"article","og_title":"2,5 m x 2,4 m - Viggo Bendz","og_description":"Gr\u00e4vl\u00e5dor VB60 Bas","og_url":"https:\/\/viggobendz.dk\/sv\/butik\/utrustning\/graevbara-laador\/vb-60\/basenheter\/25-m-x-24-m\/","og_site_name":"Viggo Bendz","og_image":[{"width":600,"height":450,"url":"https:\/\/viggobendz.dk\/wp-content\/uploads\/2025\/03\/base-unit-Photoroom.jpg","type":"image\/jpeg"}],"twitter_card":"summary_large_image","twitter_misc":{"Ber\u00e4knad l\u00e4stid":"1 minut"},"schema":{"@context":"https:\/\/schema.org","@graph":[{"@type":"WebPage","@id":"https:\/\/viggobendz.dk\/sv\/butik\/utrustning\/graevbara-laador\/vb-60\/basenheter\/25-m-x-24-m\/","url":"https:\/\/viggobendz.dk\/sv\/butik\/utrustning\/graevbara-laador\/vb-60\/basenheter\/25-m-x-24-m\/","name":"2,5 m x 2,4 m - Viggo Bendz","isPartOf":{"@id":"https:\/\/viggobendz.dk\/sv\/#website"},"primaryImageOfPage":{"@id":"https:\/\/viggobendz.dk\/sv\/butik\/utrustning\/graevbara-laador\/vb-60\/basenheter\/25-m-x-24-m\/#primaryimage"},"image":{"@id":"https:\/\/viggobendz.dk\/sv\/butik\/utrustning\/graevbara-laador\/vb-60\/basenheter\/25-m-x-24-m\/#primaryimage"},"thumbnailUrl":"https:\/\/viggobendz.dk\/wp-content\/uploads\/2025\/03\/base-unit-Photoroom.jpg","datePublished":"2025-03-20T08:34:15+00:00","breadcrumb":{"@id":"https:\/\/viggobendz.dk\/sv\/butik\/utrustning\/graevbara-laador\/vb-60\/basenheter\/25-m-x-24-m\/#breadcrumb"},"inLanguage":"sv-SE","potentialAction":[{"@type":"ReadAction","target":["https:\/\/viggobendz.dk\/sv\/butik\/utrustning\/graevbara-laador\/vb-60\/basenheter\/25-m-x-24-m\/"]}]},{"@type":"ImageObject","inLanguage":"sv-SE","@id":"https:\/\/viggobendz.dk\/sv\/butik\/utrustning\/graevbara-laador\/vb-60\/basenheter\/25-m-x-24-m\/#primaryimage","url":"https:\/\/viggobendz.dk\/wp-content\/uploads\/2025\/03\/base-unit-Photoroom.jpg","contentUrl":"https:\/\/viggobendz.dk\/wp-content\/uploads\/2025\/03\/base-unit-Photoroom.jpg","width":600,"height":450},{"@type":"BreadcrumbList","@id":"https:\/\/viggobendz.dk\/sv\/butik\/utrustning\/graevbara-laador\/vb-60\/basenheter\/25-m-x-24-m\/#breadcrumb","itemListElement":[{"@type":"ListItem","position":1,"name":"Hjem","item":"https:\/\/viggobendz.dk\/sv\/hemsidan\/"},{"@type":"ListItem","position":2,"name":"Butik","item":"https:\/\/viggobendz.dk\/butik\/"},{"@type":"ListItem","position":3,"name":"Utrustning","item":"https:\/\/viggobendz.dk\/sv\/vare-kategori\/utrustning\/"},{"@type":"ListItem","position":4,"name":"Gr\u00e4vbara l\u00e5dor","item":"https:\/\/viggobendz.dk\/sv\/vare-kategori\/utrustning\/graevbara-laador\/"},{"@type":"ListItem","position":5,"name":"VB 60","item":"https:\/\/viggobendz.dk\/sv\/vare-kategori\/utrustning\/graevbara-laador\/vb-60\/"},{"@type":"ListItem","position":6,"name":"Basenheter","item":"https:\/\/viggobendz.dk\/sv\/vare-kategori\/utrustning\/graevbara-laador\/vb-60\/basenheter\/"},{"@type":"ListItem","position":7,"name":"2,5 m x 2,4 m"}]},{"@type":"WebSite","@id":"https:\/\/viggobendz.dk\/sv\/#website","url":"https:\/\/viggobendz.dk\/sv\/","name":"Viggo Bendz","description":"Det ansvarlige valg","publisher":{"@id":"https:\/\/viggobendz.dk\/sv\/#organization"},"potentialAction":[{"@type":"SearchAction","target":{"@type":"EntryPoint","urlTemplate":"https:\/\/viggobendz.dk\/sv\/?s={search_term_string}"},"query-input":{"@type":"PropertyValueSpecification","valueRequired":true,"valueName":"search_term_string"}}],"inLanguage":"sv-SE"},{"@type":"Organization","@id":"https:\/\/viggobendz.dk\/sv\/#organization","name":"Viggo Bendz A\/S","url":"https:\/\/viggobendz.dk\/sv\/","logo":{"@type":"ImageObject","inLanguage":"sv-SE","@id":"https:\/\/viggobendz.dk\/sv\/#\/schema\/logo\/image\/","url":"https:\/\/viggobendz.dk\/wp-content\/uploads\/2020\/03\/VB-Logo.png","contentUrl":"https:\/\/viggobendz.dk\/wp-content\/uploads\/2020\/03\/VB-Logo.png","width":735,"height":776,"caption":"Viggo Bendz A\/S"},"image":{"@id":"https:\/\/viggobendz.dk\/sv\/#\/schema\/logo\/image\/"}}]}},"_links":{"self":[{"href":"https:\/\/viggobendz.dk\/sv\/wp-json\/wp\/v2\/product\/24680","targetHints":{"allow":["GET"]}}],"collection":[{"href":"https:\/\/viggobendz.dk\/sv\/wp-json\/wp\/v2\/product"}],"about":[{"href":"https:\/\/viggobendz.dk\/sv\/wp-json\/wp\/v2\/types\/product"}],"wp:featuredmedia":[{"embeddable":true,"href":"https:\/\/viggobendz.dk\/sv\/wp-json\/wp\/v2\/media\/21419"}],"wp:attachment":[{"href":"https:\/\/viggobendz.dk\/sv\/wp-json\/wp\/v2\/media?parent=24680"}],"wp:term":[{"taxonomy":"product_brand","embeddable":true,"href":"https:\/\/viggobendz.dk\/sv\/wp-json\/wp\/v2\/product_brand?post=24680"},{"taxonomy":"product_cat","embeddable":true,"href":"https:\/\/viggobendz.dk\/sv\/wp-json\/wp\/v2\/product_cat?post=24680"},{"taxonomy":"product_tag","embeddable":true,"href":"https:\/\/viggobendz.dk\/sv\/wp-json\/wp\/v2\/product_tag?post=24680"}],"curies":[{"name":"wp","href":"https:\/\/api.w.org\/{rel}","templated":true}]}}