{"id":24717,"date":"2025-03-20T09:34:27","date_gmt":"2025-03-20T08:34:27","guid":{"rendered":"https:\/\/viggobendz.dk\/butik\/okategoriserad\/30-m-x-132-m\/"},"modified":"2025-03-20T09:34:27","modified_gmt":"2025-03-20T08:34:27","slug":"30-m-x-132-m","status":"publish","type":"product","link":"https:\/\/viggobendz.dk\/sv\/butik\/utrustning\/graevbara-laador\/vb-60\/oeversta-enheterna\/30-m-x-132-m\/","title":{"rendered":"3,0 m x 1,32 m"},"content":{"rendered":"<p data-start=\"0\" data-end=\"60\"><strong data-start=\"0\" data-end=\"58\">Toppaggregat VB60 fr\u00e5n LTW &#8211; Flexibel f\u00f6rl\u00e4ngning f\u00f6r djupare gr\u00e4vningar<\/strong><\/p>\n<p data-start=\"61\" data-end=\"200\">LTW VB60 Top Units \u00e4r utformade f\u00f6r att f\u00f6rl\u00e4nga djupet p\u00e5 VB60-dikesboxar, vilket ger extra skydd och stabilitet i djupare utgr\u00e4vningar. Den robusta konstruktionen ger en s\u00e4ker arbetszon och ett optimalt skydd mot marktryck vid installation av ledningar, r\u00f6r och andra underjordiska konstruktioner. <\/p>\n<ul>\n<li data-start=\"201\" data-end=\"260\"><strong data-start=\"201\" data-end=\"259\">\u00d6kat djup<\/strong> &#8211; M\u00f6jligg\u00f6r djupare utgr\u00e4vningar genom att ut\u00f6ka kapaciteten hos VB60-gr\u00e4vl\u00e5dan.<\/li>\n<li data-start=\"261\" data-end=\"320\"><strong data-start=\"261\" data-end=\"319\">Modulsystem<\/strong> &#8211; enkelt att installera och kombinera med befintliga VB60 Base Units.<\/li>\n<li data-start=\"321\" data-end=\"380\"><strong data-start=\"321\" data-end=\"379\">H\u00f6g h\u00e5llbarhet<\/strong> &#8211; Tillverkad av slitstarkt st\u00e5l f\u00f6r l\u00e5ng livsl\u00e4ngd och maximal s\u00e4kerhet.<\/li>\n<\/ul>\n<p data-start=\"381\" data-end=\"440\">Med LTW VB60 Top Units f\u00e5r du en flexibel och s\u00e4ker l\u00f6sning som optimerar s\u00e4kerheten och effektiviteten vid gr\u00e4vning p\u00e5 arbetsplatsen.<\/p>\n","protected":false},"excerpt":{"rendered":"<p>Gr\u00e4vl\u00e5dor VB60 Topp<\/p>\n","protected":false},"featured_media":21414,"template":"","meta":{"_acf_changed":false},"product_brand":[],"product_cat":[2597,3323,2595,3283],"product_tag":[],"class_list":{"0":"post-24717","1":"product","2":"type-product","3":"status-publish","4":"has-post-thumbnail","6":"product_cat-graevbara-laador","7":"product_cat-oeversta-enheterna","8":"product_cat-utrustning","9":"product_cat-vb-60","10":"pa_type-2-vb-60","12":"first","13":"instock","14":"taxable","15":"shipping-taxable","16":"purchasable","17":"product-type-simple"},"acf":[],"yoast_head":"<title>3,0 m x 1,32 m - Viggo Bendz<\/title>\n<meta name=\"robots\" content=\"index, follow, max-snippet:-1, max-image-preview:large, max-video-preview:-1\" \/>\n<link rel=\"canonical\" href=\"https:\/\/viggobendz.dk\/sv\/butik\/utrustning\/graevbara-laador\/vb-60\/oeversta-enheterna\/30-m-x-132-m\/\" \/>\n<meta property=\"og:locale\" content=\"sv_SE\" \/>\n<meta property=\"og:type\" content=\"article\" \/>\n<meta property=\"og:title\" content=\"3,0 m x 1,32 m - Viggo Bendz\" \/>\n<meta property=\"og:description\" content=\"Gr\u00e4vl\u00e5dor VB60 Topp\" \/>\n<meta property=\"og:url\" content=\"https:\/\/viggobendz.dk\/sv\/butik\/utrustning\/graevbara-laador\/vb-60\/oeversta-enheterna\/30-m-x-132-m\/\" \/>\n<meta property=\"og:site_name\" content=\"Viggo Bendz\" \/>\n<meta property=\"og:image\" content=\"https:\/\/viggobendz.dk\/wp-content\/uploads\/2025\/03\/Top-unit-Photoroom.jpg\" \/>\n\t<meta property=\"og:image:width\" content=\"600\" \/>\n\t<meta property=\"og:image:height\" content=\"450\" \/>\n\t<meta property=\"og:image:type\" content=\"image\/jpeg\" \/>\n<meta name=\"twitter:card\" content=\"summary_large_image\" \/>\n<meta name=\"twitter:label1\" content=\"Ber\u00e4knad l\u00e4stid\" \/>\n\t<meta name=\"twitter:data1\" content=\"1 minut\" \/>\n<script type=\"application\/ld+json\" class=\"yoast-schema-graph\">{\"@context\":\"https:\/\/schema.org\",\"@graph\":[{\"@type\":\"WebPage\",\"@id\":\"https:\/\/viggobendz.dk\/sv\/butik\/utrustning\/graevbara-laador\/vb-60\/oeversta-enheterna\/30-m-x-132-m\/\",\"url\":\"https:\/\/viggobendz.dk\/sv\/butik\/utrustning\/graevbara-laador\/vb-60\/oeversta-enheterna\/30-m-x-132-m\/\",\"name\":\"3,0 m x 1,32 m - Viggo Bendz\",\"isPartOf\":{\"@id\":\"https:\/\/viggobendz.dk\/sv\/#website\"},\"primaryImageOfPage\":{\"@id\":\"https:\/\/viggobendz.dk\/sv\/butik\/utrustning\/graevbara-laador\/vb-60\/oeversta-enheterna\/30-m-x-132-m\/#primaryimage\"},\"image\":{\"@id\":\"https:\/\/viggobendz.dk\/sv\/butik\/utrustning\/graevbara-laador\/vb-60\/oeversta-enheterna\/30-m-x-132-m\/#primaryimage\"},\"thumbnailUrl\":\"https:\/\/viggobendz.dk\/wp-content\/uploads\/2025\/03\/Top-unit-Photoroom.jpg\",\"datePublished\":\"2025-03-20T08:34:27+00:00\",\"breadcrumb\":{\"@id\":\"https:\/\/viggobendz.dk\/sv\/butik\/utrustning\/graevbara-laador\/vb-60\/oeversta-enheterna\/30-m-x-132-m\/#breadcrumb\"},\"inLanguage\":\"sv-SE\",\"potentialAction\":[{\"@type\":\"ReadAction\",\"target\":[\"https:\/\/viggobendz.dk\/sv\/butik\/utrustning\/graevbara-laador\/vb-60\/oeversta-enheterna\/30-m-x-132-m\/\"]}]},{\"@type\":\"ImageObject\",\"inLanguage\":\"sv-SE\",\"@id\":\"https:\/\/viggobendz.dk\/sv\/butik\/utrustning\/graevbara-laador\/vb-60\/oeversta-enheterna\/30-m-x-132-m\/#primaryimage\",\"url\":\"https:\/\/viggobendz.dk\/wp-content\/uploads\/2025\/03\/Top-unit-Photoroom.jpg\",\"contentUrl\":\"https:\/\/viggobendz.dk\/wp-content\/uploads\/2025\/03\/Top-unit-Photoroom.jpg\",\"width\":600,\"height\":450},{\"@type\":\"BreadcrumbList\",\"@id\":\"https:\/\/viggobendz.dk\/sv\/butik\/utrustning\/graevbara-laador\/vb-60\/oeversta-enheterna\/30-m-x-132-m\/#breadcrumb\",\"itemListElement\":[{\"@type\":\"ListItem\",\"position\":1,\"name\":\"Hjem\",\"item\":\"https:\/\/viggobendz.dk\/sv\/hemsidan\/\"},{\"@type\":\"ListItem\",\"position\":2,\"name\":\"Butik\",\"item\":\"https:\/\/viggobendz.dk\/butik\/\"},{\"@type\":\"ListItem\",\"position\":3,\"name\":\"Utrustning\",\"item\":\"https:\/\/viggobendz.dk\/sv\/vare-kategori\/utrustning\/\"},{\"@type\":\"ListItem\",\"position\":4,\"name\":\"Gr\u00e4vbara l\u00e5dor\",\"item\":\"https:\/\/viggobendz.dk\/sv\/vare-kategori\/utrustning\/graevbara-laador\/\"},{\"@type\":\"ListItem\",\"position\":5,\"name\":\"VB 60\",\"item\":\"https:\/\/viggobendz.dk\/sv\/vare-kategori\/utrustning\/graevbara-laador\/vb-60\/\"},{\"@type\":\"ListItem\",\"position\":6,\"name\":\"\u00d6versta enheterna\",\"item\":\"https:\/\/viggobendz.dk\/sv\/vare-kategori\/utrustning\/graevbara-laador\/vb-60\/oeversta-enheterna\/\"},{\"@type\":\"ListItem\",\"position\":7,\"name\":\"3,0 m x 1,32 m\"}]},{\"@type\":\"WebSite\",\"@id\":\"https:\/\/viggobendz.dk\/sv\/#website\",\"url\":\"https:\/\/viggobendz.dk\/sv\/\",\"name\":\"Viggo Bendz\",\"description\":\"Det ansvarlige valg\",\"publisher\":{\"@id\":\"https:\/\/viggobendz.dk\/sv\/#organization\"},\"potentialAction\":[{\"@type\":\"SearchAction\",\"target\":{\"@type\":\"EntryPoint\",\"urlTemplate\":\"https:\/\/viggobendz.dk\/sv\/?s={search_term_string}\"},\"query-input\":{\"@type\":\"PropertyValueSpecification\",\"valueRequired\":true,\"valueName\":\"search_term_string\"}}],\"inLanguage\":\"sv-SE\"},{\"@type\":\"Organization\",\"@id\":\"https:\/\/viggobendz.dk\/sv\/#organization\",\"name\":\"Viggo Bendz A\/S\",\"url\":\"https:\/\/viggobendz.dk\/sv\/\",\"logo\":{\"@type\":\"ImageObject\",\"inLanguage\":\"sv-SE\",\"@id\":\"https:\/\/viggobendz.dk\/sv\/#\/schema\/logo\/image\/\",\"url\":\"https:\/\/viggobendz.dk\/wp-content\/uploads\/2020\/03\/VB-Logo.png\",\"contentUrl\":\"https:\/\/viggobendz.dk\/wp-content\/uploads\/2020\/03\/VB-Logo.png\",\"width\":735,\"height\":776,\"caption\":\"Viggo Bendz A\/S\"},\"image\":{\"@id\":\"https:\/\/viggobendz.dk\/sv\/#\/schema\/logo\/image\/\"}}]}<\/script>","yoast_head_json":{"title":"3,0 m x 1,32 m - Viggo Bendz","robots":{"index":"index","follow":"follow","max-snippet":"max-snippet:-1","max-image-preview":"max-image-preview:large","max-video-preview":"max-video-preview:-1"},"canonical":"https:\/\/viggobendz.dk\/sv\/butik\/utrustning\/graevbara-laador\/vb-60\/oeversta-enheterna\/30-m-x-132-m\/","og_locale":"sv_SE","og_type":"article","og_title":"3,0 m x 1,32 m - Viggo Bendz","og_description":"Gr\u00e4vl\u00e5dor VB60 Topp","og_url":"https:\/\/viggobendz.dk\/sv\/butik\/utrustning\/graevbara-laador\/vb-60\/oeversta-enheterna\/30-m-x-132-m\/","og_site_name":"Viggo Bendz","og_image":[{"width":600,"height":450,"url":"https:\/\/viggobendz.dk\/wp-content\/uploads\/2025\/03\/Top-unit-Photoroom.jpg","type":"image\/jpeg"}],"twitter_card":"summary_large_image","twitter_misc":{"Ber\u00e4knad l\u00e4stid":"1 minut"},"schema":{"@context":"https:\/\/schema.org","@graph":[{"@type":"WebPage","@id":"https:\/\/viggobendz.dk\/sv\/butik\/utrustning\/graevbara-laador\/vb-60\/oeversta-enheterna\/30-m-x-132-m\/","url":"https:\/\/viggobendz.dk\/sv\/butik\/utrustning\/graevbara-laador\/vb-60\/oeversta-enheterna\/30-m-x-132-m\/","name":"3,0 m x 1,32 m - Viggo Bendz","isPartOf":{"@id":"https:\/\/viggobendz.dk\/sv\/#website"},"primaryImageOfPage":{"@id":"https:\/\/viggobendz.dk\/sv\/butik\/utrustning\/graevbara-laador\/vb-60\/oeversta-enheterna\/30-m-x-132-m\/#primaryimage"},"image":{"@id":"https:\/\/viggobendz.dk\/sv\/butik\/utrustning\/graevbara-laador\/vb-60\/oeversta-enheterna\/30-m-x-132-m\/#primaryimage"},"thumbnailUrl":"https:\/\/viggobendz.dk\/wp-content\/uploads\/2025\/03\/Top-unit-Photoroom.jpg","datePublished":"2025-03-20T08:34:27+00:00","breadcrumb":{"@id":"https:\/\/viggobendz.dk\/sv\/butik\/utrustning\/graevbara-laador\/vb-60\/oeversta-enheterna\/30-m-x-132-m\/#breadcrumb"},"inLanguage":"sv-SE","potentialAction":[{"@type":"ReadAction","target":["https:\/\/viggobendz.dk\/sv\/butik\/utrustning\/graevbara-laador\/vb-60\/oeversta-enheterna\/30-m-x-132-m\/"]}]},{"@type":"ImageObject","inLanguage":"sv-SE","@id":"https:\/\/viggobendz.dk\/sv\/butik\/utrustning\/graevbara-laador\/vb-60\/oeversta-enheterna\/30-m-x-132-m\/#primaryimage","url":"https:\/\/viggobendz.dk\/wp-content\/uploads\/2025\/03\/Top-unit-Photoroom.jpg","contentUrl":"https:\/\/viggobendz.dk\/wp-content\/uploads\/2025\/03\/Top-unit-Photoroom.jpg","width":600,"height":450},{"@type":"BreadcrumbList","@id":"https:\/\/viggobendz.dk\/sv\/butik\/utrustning\/graevbara-laador\/vb-60\/oeversta-enheterna\/30-m-x-132-m\/#breadcrumb","itemListElement":[{"@type":"ListItem","position":1,"name":"Hjem","item":"https:\/\/viggobendz.dk\/sv\/hemsidan\/"},{"@type":"ListItem","position":2,"name":"Butik","item":"https:\/\/viggobendz.dk\/butik\/"},{"@type":"ListItem","position":3,"name":"Utrustning","item":"https:\/\/viggobendz.dk\/sv\/vare-kategori\/utrustning\/"},{"@type":"ListItem","position":4,"name":"Gr\u00e4vbara l\u00e5dor","item":"https:\/\/viggobendz.dk\/sv\/vare-kategori\/utrustning\/graevbara-laador\/"},{"@type":"ListItem","position":5,"name":"VB 60","item":"https:\/\/viggobendz.dk\/sv\/vare-kategori\/utrustning\/graevbara-laador\/vb-60\/"},{"@type":"ListItem","position":6,"name":"\u00d6versta enheterna","item":"https:\/\/viggobendz.dk\/sv\/vare-kategori\/utrustning\/graevbara-laador\/vb-60\/oeversta-enheterna\/"},{"@type":"ListItem","position":7,"name":"3,0 m x 1,32 m"}]},{"@type":"WebSite","@id":"https:\/\/viggobendz.dk\/sv\/#website","url":"https:\/\/viggobendz.dk\/sv\/","name":"Viggo Bendz","description":"Det ansvarlige valg","publisher":{"@id":"https:\/\/viggobendz.dk\/sv\/#organization"},"potentialAction":[{"@type":"SearchAction","target":{"@type":"EntryPoint","urlTemplate":"https:\/\/viggobendz.dk\/sv\/?s={search_term_string}"},"query-input":{"@type":"PropertyValueSpecification","valueRequired":true,"valueName":"search_term_string"}}],"inLanguage":"sv-SE"},{"@type":"Organization","@id":"https:\/\/viggobendz.dk\/sv\/#organization","name":"Viggo Bendz A\/S","url":"https:\/\/viggobendz.dk\/sv\/","logo":{"@type":"ImageObject","inLanguage":"sv-SE","@id":"https:\/\/viggobendz.dk\/sv\/#\/schema\/logo\/image\/","url":"https:\/\/viggobendz.dk\/wp-content\/uploads\/2020\/03\/VB-Logo.png","contentUrl":"https:\/\/viggobendz.dk\/wp-content\/uploads\/2020\/03\/VB-Logo.png","width":735,"height":776,"caption":"Viggo Bendz A\/S"},"image":{"@id":"https:\/\/viggobendz.dk\/sv\/#\/schema\/logo\/image\/"}}]}},"_links":{"self":[{"href":"https:\/\/viggobendz.dk\/sv\/wp-json\/wp\/v2\/product\/24717","targetHints":{"allow":["GET"]}}],"collection":[{"href":"https:\/\/viggobendz.dk\/sv\/wp-json\/wp\/v2\/product"}],"about":[{"href":"https:\/\/viggobendz.dk\/sv\/wp-json\/wp\/v2\/types\/product"}],"wp:featuredmedia":[{"embeddable":true,"href":"https:\/\/viggobendz.dk\/sv\/wp-json\/wp\/v2\/media\/21414"}],"wp:attachment":[{"href":"https:\/\/viggobendz.dk\/sv\/wp-json\/wp\/v2\/media?parent=24717"}],"wp:term":[{"taxonomy":"product_brand","embeddable":true,"href":"https:\/\/viggobendz.dk\/sv\/wp-json\/wp\/v2\/product_brand?post=24717"},{"taxonomy":"product_cat","embeddable":true,"href":"https:\/\/viggobendz.dk\/sv\/wp-json\/wp\/v2\/product_cat?post=24717"},{"taxonomy":"product_tag","embeddable":true,"href":"https:\/\/viggobendz.dk\/sv\/wp-json\/wp\/v2\/product_tag?post=24717"}],"curies":[{"name":"wp","href":"https:\/\/api.w.org\/{rel}","templated":true}]}}