{"id":25126,"date":"2025-03-20T09:33:46","date_gmt":"2025-03-20T08:33:46","guid":{"rendered":"https:\/\/viggobendz.dk\/butik\/okategoriserad\/b-35-m-x-05-m\/"},"modified":"2025-03-20T09:33:46","modified_gmt":"2025-03-20T08:33:46","slug":"b-35-m-x-05-m","status":"publish","type":"product","link":"https:\/\/viggobendz.dk\/sv\/butik\/utrustning\/graevbara-laador\/minibox\/oeversta-enheten\/b-35-m-x-05-m\/","title":{"rendered":"B 3,5 m x 0,5 m"},"content":{"rendered":"<p data-start=\"0\" data-end=\"60\"><strong data-start=\"0\" data-end=\"58\">LTW Minibox Top Unit &#8211; Flexibel f\u00f6rl\u00e4ngning f\u00f6r s\u00e4ker utgr\u00e4vning<\/strong><\/p>\n<p data-start=\"61\" data-end=\"200\">LTW Minibox Top Unit \u00e4r en effektiv f\u00f6rl\u00e4ngning av Minibox Base Unit, som ger extra djup och flexibilitet vid s\u00e4kring av utgr\u00e4vningar. Den robusta men \u00e4nd\u00e5 l\u00e4tta konstruktionen g\u00f6r det m\u00f6jligt att stapla enheterna, vilket ger en flexibel och s\u00e4ker l\u00f6sning f\u00f6r djupare utgr\u00e4vningar. Perfekt f\u00f6r entrepren\u00f6rer som arbetar med ledningsarbeten, r\u00f6rinstallationer och andra kr\u00e4vande uppgifter i tr\u00e5nga arbetsomr\u00e5den.  <\/p>\n<ul>\n<li data-start=\"201\" data-end=\"260\"><strong data-start=\"201\" data-end=\"259\">Ut\u00f6kat djup<\/strong> &#8211; \u00d6kar gr\u00e4vmaskinens kapacitet f\u00f6r djupare utgr\u00e4vningar.<\/li>\n<li data-start=\"261\" data-end=\"320\">L\u00e4tt <strong data-start=\"261\" data-end=\"319\">men \u00e4nd\u00e5 stark konstruktion<\/strong> &#8211; l\u00e4tt att hantera utan att kompromissa med stabiliteten.<\/li>\n<li data-start=\"321\" data-end=\"380\"><strong data-start=\"321\" data-end=\"379\">S\u00e4ker och flexibel<\/strong> &#8211; kompatibel med LTW Minibox Baseunit f\u00f6r optimalt skydd av utgr\u00e4vningar.<\/li>\n<\/ul>\n<p data-start=\"381\" data-end=\"440\">Med LTW Minibox Top Unit f\u00e5r du en p\u00e5litlig och modul\u00e4r l\u00f6sning som \u00f6kar s\u00e4kerheten och effektiviteten i dina gr\u00e4vprojekt.<\/p>\n","protected":false},"excerpt":{"rendered":"<p>Gr\u00e4vbara l\u00e5dor<\/p>\n","protected":false},"featured_media":21414,"template":"","meta":{"_acf_changed":false},"product_brand":[],"product_cat":[2597,3257,3261,2595],"product_tag":[],"class_list":{"0":"post-25126","1":"product","2":"type-product","3":"status-publish","4":"has-post-thumbnail","6":"product_cat-graevbara-laador","7":"product_cat-minibox","8":"product_cat-oeversta-enheten","9":"product_cat-utrustning","10":"pa_type-2-miniboxtopunitb","12":"first","13":"instock","14":"taxable","15":"shipping-taxable","16":"purchasable","17":"product-type-simple"},"acf":[],"yoast_head":"<title>B 3,5 m x 0,5 m - Viggo Bendz<\/title>\n<meta name=\"robots\" content=\"index, follow, max-snippet:-1, max-image-preview:large, max-video-preview:-1\" \/>\n<link rel=\"canonical\" href=\"https:\/\/viggobendz.dk\/sv\/butik\/utrustning\/graevbara-laador\/minibox\/oeversta-enheten\/b-35-m-x-05-m\/\" \/>\n<meta property=\"og:locale\" content=\"sv_SE\" \/>\n<meta property=\"og:type\" content=\"article\" \/>\n<meta property=\"og:title\" content=\"B 3,5 m x 0,5 m - Viggo Bendz\" \/>\n<meta property=\"og:description\" content=\"Gr\u00e4vbara l\u00e5dor\" \/>\n<meta property=\"og:url\" content=\"https:\/\/viggobendz.dk\/sv\/butik\/utrustning\/graevbara-laador\/minibox\/oeversta-enheten\/b-35-m-x-05-m\/\" \/>\n<meta property=\"og:site_name\" content=\"Viggo Bendz\" \/>\n<meta property=\"og:image\" content=\"https:\/\/viggobendz.dk\/wp-content\/uploads\/2025\/03\/Top-unit-Photoroom.jpg\" \/>\n\t<meta property=\"og:image:width\" content=\"600\" \/>\n\t<meta property=\"og:image:height\" content=\"450\" \/>\n\t<meta property=\"og:image:type\" content=\"image\/jpeg\" \/>\n<meta name=\"twitter:card\" content=\"summary_large_image\" \/>\n<meta name=\"twitter:label1\" content=\"Ber\u00e4knad l\u00e4stid\" \/>\n\t<meta name=\"twitter:data1\" content=\"1 minut\" \/>\n<script type=\"application\/ld+json\" class=\"yoast-schema-graph\">{\"@context\":\"https:\/\/schema.org\",\"@graph\":[{\"@type\":\"WebPage\",\"@id\":\"https:\/\/viggobendz.dk\/sv\/butik\/utrustning\/graevbara-laador\/minibox\/oeversta-enheten\/b-35-m-x-05-m\/\",\"url\":\"https:\/\/viggobendz.dk\/sv\/butik\/utrustning\/graevbara-laador\/minibox\/oeversta-enheten\/b-35-m-x-05-m\/\",\"name\":\"B 3,5 m x 0,5 m - Viggo Bendz\",\"isPartOf\":{\"@id\":\"https:\/\/viggobendz.dk\/sv\/#website\"},\"primaryImageOfPage\":{\"@id\":\"https:\/\/viggobendz.dk\/sv\/butik\/utrustning\/graevbara-laador\/minibox\/oeversta-enheten\/b-35-m-x-05-m\/#primaryimage\"},\"image\":{\"@id\":\"https:\/\/viggobendz.dk\/sv\/butik\/utrustning\/graevbara-laador\/minibox\/oeversta-enheten\/b-35-m-x-05-m\/#primaryimage\"},\"thumbnailUrl\":\"https:\/\/viggobendz.dk\/wp-content\/uploads\/2025\/03\/Top-unit-Photoroom.jpg\",\"datePublished\":\"2025-03-20T08:33:46+00:00\",\"breadcrumb\":{\"@id\":\"https:\/\/viggobendz.dk\/sv\/butik\/utrustning\/graevbara-laador\/minibox\/oeversta-enheten\/b-35-m-x-05-m\/#breadcrumb\"},\"inLanguage\":\"sv-SE\",\"potentialAction\":[{\"@type\":\"ReadAction\",\"target\":[\"https:\/\/viggobendz.dk\/sv\/butik\/utrustning\/graevbara-laador\/minibox\/oeversta-enheten\/b-35-m-x-05-m\/\"]}]},{\"@type\":\"ImageObject\",\"inLanguage\":\"sv-SE\",\"@id\":\"https:\/\/viggobendz.dk\/sv\/butik\/utrustning\/graevbara-laador\/minibox\/oeversta-enheten\/b-35-m-x-05-m\/#primaryimage\",\"url\":\"https:\/\/viggobendz.dk\/wp-content\/uploads\/2025\/03\/Top-unit-Photoroom.jpg\",\"contentUrl\":\"https:\/\/viggobendz.dk\/wp-content\/uploads\/2025\/03\/Top-unit-Photoroom.jpg\",\"width\":600,\"height\":450},{\"@type\":\"BreadcrumbList\",\"@id\":\"https:\/\/viggobendz.dk\/sv\/butik\/utrustning\/graevbara-laador\/minibox\/oeversta-enheten\/b-35-m-x-05-m\/#breadcrumb\",\"itemListElement\":[{\"@type\":\"ListItem\",\"position\":1,\"name\":\"Hjem\",\"item\":\"https:\/\/viggobendz.dk\/sv\/hemsidan\/\"},{\"@type\":\"ListItem\",\"position\":2,\"name\":\"Butik\",\"item\":\"https:\/\/viggobendz.dk\/butik\/\"},{\"@type\":\"ListItem\",\"position\":3,\"name\":\"Utrustning\",\"item\":\"https:\/\/viggobendz.dk\/sv\/vare-kategori\/utrustning\/\"},{\"@type\":\"ListItem\",\"position\":4,\"name\":\"Gr\u00e4vbara l\u00e5dor\",\"item\":\"https:\/\/viggobendz.dk\/sv\/vare-kategori\/utrustning\/graevbara-laador\/\"},{\"@type\":\"ListItem\",\"position\":5,\"name\":\"Minibox\",\"item\":\"https:\/\/viggobendz.dk\/sv\/vare-kategori\/utrustning\/graevbara-laador\/minibox\/\"},{\"@type\":\"ListItem\",\"position\":6,\"name\":\"\u00d6versta enheten\",\"item\":\"https:\/\/viggobendz.dk\/sv\/vare-kategori\/utrustning\/graevbara-laador\/minibox\/oeversta-enheten\/\"},{\"@type\":\"ListItem\",\"position\":7,\"name\":\"B 3,5 m x 0,5 m\"}]},{\"@type\":\"WebSite\",\"@id\":\"https:\/\/viggobendz.dk\/sv\/#website\",\"url\":\"https:\/\/viggobendz.dk\/sv\/\",\"name\":\"Viggo Bendz\",\"description\":\"Det ansvarlige valg\",\"publisher\":{\"@id\":\"https:\/\/viggobendz.dk\/sv\/#organization\"},\"potentialAction\":[{\"@type\":\"SearchAction\",\"target\":{\"@type\":\"EntryPoint\",\"urlTemplate\":\"https:\/\/viggobendz.dk\/sv\/?s={search_term_string}\"},\"query-input\":{\"@type\":\"PropertyValueSpecification\",\"valueRequired\":true,\"valueName\":\"search_term_string\"}}],\"inLanguage\":\"sv-SE\"},{\"@type\":\"Organization\",\"@id\":\"https:\/\/viggobendz.dk\/sv\/#organization\",\"name\":\"Viggo Bendz A\/S\",\"url\":\"https:\/\/viggobendz.dk\/sv\/\",\"logo\":{\"@type\":\"ImageObject\",\"inLanguage\":\"sv-SE\",\"@id\":\"https:\/\/viggobendz.dk\/sv\/#\/schema\/logo\/image\/\",\"url\":\"https:\/\/viggobendz.dk\/wp-content\/uploads\/2020\/03\/VB-Logo.png\",\"contentUrl\":\"https:\/\/viggobendz.dk\/wp-content\/uploads\/2020\/03\/VB-Logo.png\",\"width\":735,\"height\":776,\"caption\":\"Viggo Bendz A\/S\"},\"image\":{\"@id\":\"https:\/\/viggobendz.dk\/sv\/#\/schema\/logo\/image\/\"}}]}<\/script>","yoast_head_json":{"title":"B 3,5 m x 0,5 m - Viggo Bendz","robots":{"index":"index","follow":"follow","max-snippet":"max-snippet:-1","max-image-preview":"max-image-preview:large","max-video-preview":"max-video-preview:-1"},"canonical":"https:\/\/viggobendz.dk\/sv\/butik\/utrustning\/graevbara-laador\/minibox\/oeversta-enheten\/b-35-m-x-05-m\/","og_locale":"sv_SE","og_type":"article","og_title":"B 3,5 m x 0,5 m - Viggo Bendz","og_description":"Gr\u00e4vbara l\u00e5dor","og_url":"https:\/\/viggobendz.dk\/sv\/butik\/utrustning\/graevbara-laador\/minibox\/oeversta-enheten\/b-35-m-x-05-m\/","og_site_name":"Viggo Bendz","og_image":[{"width":600,"height":450,"url":"https:\/\/viggobendz.dk\/wp-content\/uploads\/2025\/03\/Top-unit-Photoroom.jpg","type":"image\/jpeg"}],"twitter_card":"summary_large_image","twitter_misc":{"Ber\u00e4knad l\u00e4stid":"1 minut"},"schema":{"@context":"https:\/\/schema.org","@graph":[{"@type":"WebPage","@id":"https:\/\/viggobendz.dk\/sv\/butik\/utrustning\/graevbara-laador\/minibox\/oeversta-enheten\/b-35-m-x-05-m\/","url":"https:\/\/viggobendz.dk\/sv\/butik\/utrustning\/graevbara-laador\/minibox\/oeversta-enheten\/b-35-m-x-05-m\/","name":"B 3,5 m x 0,5 m - Viggo Bendz","isPartOf":{"@id":"https:\/\/viggobendz.dk\/sv\/#website"},"primaryImageOfPage":{"@id":"https:\/\/viggobendz.dk\/sv\/butik\/utrustning\/graevbara-laador\/minibox\/oeversta-enheten\/b-35-m-x-05-m\/#primaryimage"},"image":{"@id":"https:\/\/viggobendz.dk\/sv\/butik\/utrustning\/graevbara-laador\/minibox\/oeversta-enheten\/b-35-m-x-05-m\/#primaryimage"},"thumbnailUrl":"https:\/\/viggobendz.dk\/wp-content\/uploads\/2025\/03\/Top-unit-Photoroom.jpg","datePublished":"2025-03-20T08:33:46+00:00","breadcrumb":{"@id":"https:\/\/viggobendz.dk\/sv\/butik\/utrustning\/graevbara-laador\/minibox\/oeversta-enheten\/b-35-m-x-05-m\/#breadcrumb"},"inLanguage":"sv-SE","potentialAction":[{"@type":"ReadAction","target":["https:\/\/viggobendz.dk\/sv\/butik\/utrustning\/graevbara-laador\/minibox\/oeversta-enheten\/b-35-m-x-05-m\/"]}]},{"@type":"ImageObject","inLanguage":"sv-SE","@id":"https:\/\/viggobendz.dk\/sv\/butik\/utrustning\/graevbara-laador\/minibox\/oeversta-enheten\/b-35-m-x-05-m\/#primaryimage","url":"https:\/\/viggobendz.dk\/wp-content\/uploads\/2025\/03\/Top-unit-Photoroom.jpg","contentUrl":"https:\/\/viggobendz.dk\/wp-content\/uploads\/2025\/03\/Top-unit-Photoroom.jpg","width":600,"height":450},{"@type":"BreadcrumbList","@id":"https:\/\/viggobendz.dk\/sv\/butik\/utrustning\/graevbara-laador\/minibox\/oeversta-enheten\/b-35-m-x-05-m\/#breadcrumb","itemListElement":[{"@type":"ListItem","position":1,"name":"Hjem","item":"https:\/\/viggobendz.dk\/sv\/hemsidan\/"},{"@type":"ListItem","position":2,"name":"Butik","item":"https:\/\/viggobendz.dk\/butik\/"},{"@type":"ListItem","position":3,"name":"Utrustning","item":"https:\/\/viggobendz.dk\/sv\/vare-kategori\/utrustning\/"},{"@type":"ListItem","position":4,"name":"Gr\u00e4vbara l\u00e5dor","item":"https:\/\/viggobendz.dk\/sv\/vare-kategori\/utrustning\/graevbara-laador\/"},{"@type":"ListItem","position":5,"name":"Minibox","item":"https:\/\/viggobendz.dk\/sv\/vare-kategori\/utrustning\/graevbara-laador\/minibox\/"},{"@type":"ListItem","position":6,"name":"\u00d6versta enheten","item":"https:\/\/viggobendz.dk\/sv\/vare-kategori\/utrustning\/graevbara-laador\/minibox\/oeversta-enheten\/"},{"@type":"ListItem","position":7,"name":"B 3,5 m x 0,5 m"}]},{"@type":"WebSite","@id":"https:\/\/viggobendz.dk\/sv\/#website","url":"https:\/\/viggobendz.dk\/sv\/","name":"Viggo Bendz","description":"Det ansvarlige valg","publisher":{"@id":"https:\/\/viggobendz.dk\/sv\/#organization"},"potentialAction":[{"@type":"SearchAction","target":{"@type":"EntryPoint","urlTemplate":"https:\/\/viggobendz.dk\/sv\/?s={search_term_string}"},"query-input":{"@type":"PropertyValueSpecification","valueRequired":true,"valueName":"search_term_string"}}],"inLanguage":"sv-SE"},{"@type":"Organization","@id":"https:\/\/viggobendz.dk\/sv\/#organization","name":"Viggo Bendz A\/S","url":"https:\/\/viggobendz.dk\/sv\/","logo":{"@type":"ImageObject","inLanguage":"sv-SE","@id":"https:\/\/viggobendz.dk\/sv\/#\/schema\/logo\/image\/","url":"https:\/\/viggobendz.dk\/wp-content\/uploads\/2020\/03\/VB-Logo.png","contentUrl":"https:\/\/viggobendz.dk\/wp-content\/uploads\/2020\/03\/VB-Logo.png","width":735,"height":776,"caption":"Viggo Bendz A\/S"},"image":{"@id":"https:\/\/viggobendz.dk\/sv\/#\/schema\/logo\/image\/"}}]}},"_links":{"self":[{"href":"https:\/\/viggobendz.dk\/sv\/wp-json\/wp\/v2\/product\/25126","targetHints":{"allow":["GET"]}}],"collection":[{"href":"https:\/\/viggobendz.dk\/sv\/wp-json\/wp\/v2\/product"}],"about":[{"href":"https:\/\/viggobendz.dk\/sv\/wp-json\/wp\/v2\/types\/product"}],"wp:featuredmedia":[{"embeddable":true,"href":"https:\/\/viggobendz.dk\/sv\/wp-json\/wp\/v2\/media\/21414"}],"wp:attachment":[{"href":"https:\/\/viggobendz.dk\/sv\/wp-json\/wp\/v2\/media?parent=25126"}],"wp:term":[{"taxonomy":"product_brand","embeddable":true,"href":"https:\/\/viggobendz.dk\/sv\/wp-json\/wp\/v2\/product_brand?post=25126"},{"taxonomy":"product_cat","embeddable":true,"href":"https:\/\/viggobendz.dk\/sv\/wp-json\/wp\/v2\/product_cat?post=25126"},{"taxonomy":"product_tag","embeddable":true,"href":"https:\/\/viggobendz.dk\/sv\/wp-json\/wp\/v2\/product_tag?post=25126"}],"curies":[{"name":"wp","href":"https:\/\/api.w.org\/{rel}","templated":true}]}}