{"id":25257,"date":"2025-03-11T07:53:13","date_gmt":"2025-03-11T06:53:13","guid":{"rendered":"https:\/\/viggobendz.dk\/butik\/okategoriserad\/800-1000-kg\/"},"modified":"2025-03-11T07:53:13","modified_gmt":"2025-03-11T06:53:13","slug":"800-1000-kg","status":"publish","type":"product","link":"https:\/\/viggobendz.dk\/sv\/butik\/utrustning\/spadar\/groptaender\/800-1000-kg\/","title":{"rendered":"800-1000 kg"},"content":{"rendered":"<p data-start=\"0\" data-end=\"60\"><strong data-start=\"0\" data-end=\"58\">Gr\u00e4vt\u00e4nder &#8211; Effektiv l\u00f6sning f\u00f6r att bryta upp h\u00e5rd mark<\/strong><\/p>\n<p data-start=\"61\" data-end=\"200\">Gr\u00e4vt\u00e4nderna \u00e4r utformade f\u00f6r entrepren\u00f6rer som beh\u00f6ver kraftfull brytning av h\u00e5rd jord, stenformationer, frusna ytor och kompakta material. Med sin robusta konstruktion och vassa spets ger gr\u00e4vt\u00e4nderna snabb och effektiv penetration, vilket \u00f6kar produktiviteten p\u00e5 arbetsplatsen. <\/p>\n<ul>\n<li data-start=\"201\" data-end=\"260\"><strong data-start=\"201\" data-end=\"259\">Maximal brytkraft<\/strong> &#8211; Idealisk f\u00f6r <strong data-start=\"201\" data-end=\"259\">brytning<\/strong> av h\u00e5rda och kompakta material.<\/li>\n<li data-start=\"261\" data-end=\"320\"><strong data-start=\"261\" data-end=\"319\">Slitstark design<\/strong> &#8211; Tillverkad av h\u00f6gh\u00e5llfast st\u00e5l f\u00f6r l\u00e5ng livsl\u00e4ngd och minimalt underh\u00e5ll.<\/li>\n<li data-start=\"321\" data-end=\"380\"><strong data-start=\"321\" data-end=\"379\">Snabb installation<\/strong> &#8211; Passar olika gr\u00e4vmaskiner och kan enkelt bytas ut vid behov.<\/li>\n<\/ul>\n<p data-start=\"381\" data-end=\"440\">Med en gr\u00e4vskopa f\u00e5r du ett kraftfullt och tillf\u00f6rlitligt verktyg som f\u00f6rb\u00e4ttrar gr\u00e4vkapaciteten och effektiviteten i kr\u00e4vande terr\u00e4ng.<\/p>\n","protected":false},"excerpt":{"rendered":"<p>Gropt\u00e4nder<\/p>\n","protected":false},"featured_media":11914,"template":"","meta":{"_acf_changed":false},"product_brand":[],"product_cat":[3838,3581,2595],"product_tag":[],"class_list":{"0":"post-25257","1":"product","2":"type-product","3":"status-publish","4":"has-post-thumbnail","6":"product_cat-groptaender","7":"product_cat-spadar","8":"product_cat-utrustning","9":"pa_type-2-cp-t1-gt50","11":"first","12":"instock","13":"taxable","14":"shipping-taxable","15":"purchasable","16":"product-type-simple"},"acf":[],"yoast_head":"<title>800-1000 kg - Viggo Bendz<\/title>\n<meta name=\"robots\" content=\"index, follow, max-snippet:-1, max-image-preview:large, max-video-preview:-1\" \/>\n<link rel=\"canonical\" href=\"https:\/\/viggobendz.dk\/sv\/butik\/utrustning\/spadar\/groptaender\/800-1000-kg\/\" \/>\n<meta property=\"og:locale\" content=\"sv_SE\" \/>\n<meta property=\"og:type\" content=\"article\" \/>\n<meta property=\"og:title\" content=\"800-1000 kg - Viggo Bendz\" \/>\n<meta property=\"og:description\" content=\"Gropt\u00e4nder\" \/>\n<meta property=\"og:url\" content=\"https:\/\/viggobendz.dk\/sv\/butik\/utrustning\/spadar\/groptaender\/800-1000-kg\/\" \/>\n<meta property=\"og:site_name\" content=\"Viggo Bendz\" \/>\n<meta property=\"og:image\" content=\"https:\/\/viggobendz.dk\/wp-content\/uploads\/2025\/02\/grubbetand-CP-Photoroom.png\" \/>\n\t<meta property=\"og:image:width\" content=\"600\" \/>\n\t<meta property=\"og:image:height\" content=\"600\" \/>\n\t<meta property=\"og:image:type\" content=\"image\/png\" \/>\n<meta name=\"twitter:card\" content=\"summary_large_image\" \/>\n<meta name=\"twitter:label1\" content=\"Ber\u00e4knad l\u00e4stid\" \/>\n\t<meta name=\"twitter:data1\" content=\"1 minut\" \/>\n<script type=\"application\/ld+json\" class=\"yoast-schema-graph\">{\"@context\":\"https:\/\/schema.org\",\"@graph\":[{\"@type\":\"WebPage\",\"@id\":\"https:\/\/viggobendz.dk\/sv\/butik\/utrustning\/spadar\/groptaender\/800-1000-kg\/\",\"url\":\"https:\/\/viggobendz.dk\/sv\/butik\/utrustning\/spadar\/groptaender\/800-1000-kg\/\",\"name\":\"800-1000 kg - Viggo Bendz\",\"isPartOf\":{\"@id\":\"https:\/\/viggobendz.dk\/sv\/#website\"},\"primaryImageOfPage\":{\"@id\":\"https:\/\/viggobendz.dk\/sv\/butik\/utrustning\/spadar\/groptaender\/800-1000-kg\/#primaryimage\"},\"image\":{\"@id\":\"https:\/\/viggobendz.dk\/sv\/butik\/utrustning\/spadar\/groptaender\/800-1000-kg\/#primaryimage\"},\"thumbnailUrl\":\"https:\/\/viggobendz.dk\/wp-content\/uploads\/2025\/02\/grubbetand-CP-Photoroom.png\",\"datePublished\":\"2025-03-11T06:53:13+00:00\",\"breadcrumb\":{\"@id\":\"https:\/\/viggobendz.dk\/sv\/butik\/utrustning\/spadar\/groptaender\/800-1000-kg\/#breadcrumb\"},\"inLanguage\":\"sv-SE\",\"potentialAction\":[{\"@type\":\"ReadAction\",\"target\":[\"https:\/\/viggobendz.dk\/sv\/butik\/utrustning\/spadar\/groptaender\/800-1000-kg\/\"]}]},{\"@type\":\"ImageObject\",\"inLanguage\":\"sv-SE\",\"@id\":\"https:\/\/viggobendz.dk\/sv\/butik\/utrustning\/spadar\/groptaender\/800-1000-kg\/#primaryimage\",\"url\":\"https:\/\/viggobendz.dk\/wp-content\/uploads\/2025\/02\/grubbetand-CP-Photoroom.png\",\"contentUrl\":\"https:\/\/viggobendz.dk\/wp-content\/uploads\/2025\/02\/grubbetand-CP-Photoroom.png\",\"width\":600,\"height\":600},{\"@type\":\"BreadcrumbList\",\"@id\":\"https:\/\/viggobendz.dk\/sv\/butik\/utrustning\/spadar\/groptaender\/800-1000-kg\/#breadcrumb\",\"itemListElement\":[{\"@type\":\"ListItem\",\"position\":1,\"name\":\"Hjem\",\"item\":\"https:\/\/viggobendz.dk\/sv\/hemsidan\/\"},{\"@type\":\"ListItem\",\"position\":2,\"name\":\"Butik\",\"item\":\"https:\/\/viggobendz.dk\/butik\/\"},{\"@type\":\"ListItem\",\"position\":3,\"name\":\"Utrustning\",\"item\":\"https:\/\/viggobendz.dk\/sv\/vare-kategori\/utrustning\/\"},{\"@type\":\"ListItem\",\"position\":4,\"name\":\"Spadar\",\"item\":\"https:\/\/viggobendz.dk\/sv\/vare-kategori\/utrustning\/spadar\/\"},{\"@type\":\"ListItem\",\"position\":5,\"name\":\"Gropt\u00e4nder\",\"item\":\"https:\/\/viggobendz.dk\/sv\/vare-kategori\/utrustning\/spadar\/groptaender\/\"},{\"@type\":\"ListItem\",\"position\":6,\"name\":\"800-1000 kg\"}]},{\"@type\":\"WebSite\",\"@id\":\"https:\/\/viggobendz.dk\/sv\/#website\",\"url\":\"https:\/\/viggobendz.dk\/sv\/\",\"name\":\"Viggo Bendz\",\"description\":\"Det ansvarlige valg\",\"publisher\":{\"@id\":\"https:\/\/viggobendz.dk\/sv\/#organization\"},\"potentialAction\":[{\"@type\":\"SearchAction\",\"target\":{\"@type\":\"EntryPoint\",\"urlTemplate\":\"https:\/\/viggobendz.dk\/sv\/?s={search_term_string}\"},\"query-input\":{\"@type\":\"PropertyValueSpecification\",\"valueRequired\":true,\"valueName\":\"search_term_string\"}}],\"inLanguage\":\"sv-SE\"},{\"@type\":\"Organization\",\"@id\":\"https:\/\/viggobendz.dk\/sv\/#organization\",\"name\":\"Viggo Bendz A\/S\",\"url\":\"https:\/\/viggobendz.dk\/sv\/\",\"logo\":{\"@type\":\"ImageObject\",\"inLanguage\":\"sv-SE\",\"@id\":\"https:\/\/viggobendz.dk\/sv\/#\/schema\/logo\/image\/\",\"url\":\"https:\/\/viggobendz.dk\/wp-content\/uploads\/2020\/03\/VB-Logo.png\",\"contentUrl\":\"https:\/\/viggobendz.dk\/wp-content\/uploads\/2020\/03\/VB-Logo.png\",\"width\":735,\"height\":776,\"caption\":\"Viggo Bendz A\/S\"},\"image\":{\"@id\":\"https:\/\/viggobendz.dk\/sv\/#\/schema\/logo\/image\/\"}}]}<\/script>","yoast_head_json":{"title":"800-1000 kg - Viggo Bendz","robots":{"index":"index","follow":"follow","max-snippet":"max-snippet:-1","max-image-preview":"max-image-preview:large","max-video-preview":"max-video-preview:-1"},"canonical":"https:\/\/viggobendz.dk\/sv\/butik\/utrustning\/spadar\/groptaender\/800-1000-kg\/","og_locale":"sv_SE","og_type":"article","og_title":"800-1000 kg - Viggo Bendz","og_description":"Gropt\u00e4nder","og_url":"https:\/\/viggobendz.dk\/sv\/butik\/utrustning\/spadar\/groptaender\/800-1000-kg\/","og_site_name":"Viggo Bendz","og_image":[{"width":600,"height":600,"url":"https:\/\/viggobendz.dk\/wp-content\/uploads\/2025\/02\/grubbetand-CP-Photoroom.png","type":"image\/png"}],"twitter_card":"summary_large_image","twitter_misc":{"Ber\u00e4knad l\u00e4stid":"1 minut"},"schema":{"@context":"https:\/\/schema.org","@graph":[{"@type":"WebPage","@id":"https:\/\/viggobendz.dk\/sv\/butik\/utrustning\/spadar\/groptaender\/800-1000-kg\/","url":"https:\/\/viggobendz.dk\/sv\/butik\/utrustning\/spadar\/groptaender\/800-1000-kg\/","name":"800-1000 kg - Viggo Bendz","isPartOf":{"@id":"https:\/\/viggobendz.dk\/sv\/#website"},"primaryImageOfPage":{"@id":"https:\/\/viggobendz.dk\/sv\/butik\/utrustning\/spadar\/groptaender\/800-1000-kg\/#primaryimage"},"image":{"@id":"https:\/\/viggobendz.dk\/sv\/butik\/utrustning\/spadar\/groptaender\/800-1000-kg\/#primaryimage"},"thumbnailUrl":"https:\/\/viggobendz.dk\/wp-content\/uploads\/2025\/02\/grubbetand-CP-Photoroom.png","datePublished":"2025-03-11T06:53:13+00:00","breadcrumb":{"@id":"https:\/\/viggobendz.dk\/sv\/butik\/utrustning\/spadar\/groptaender\/800-1000-kg\/#breadcrumb"},"inLanguage":"sv-SE","potentialAction":[{"@type":"ReadAction","target":["https:\/\/viggobendz.dk\/sv\/butik\/utrustning\/spadar\/groptaender\/800-1000-kg\/"]}]},{"@type":"ImageObject","inLanguage":"sv-SE","@id":"https:\/\/viggobendz.dk\/sv\/butik\/utrustning\/spadar\/groptaender\/800-1000-kg\/#primaryimage","url":"https:\/\/viggobendz.dk\/wp-content\/uploads\/2025\/02\/grubbetand-CP-Photoroom.png","contentUrl":"https:\/\/viggobendz.dk\/wp-content\/uploads\/2025\/02\/grubbetand-CP-Photoroom.png","width":600,"height":600},{"@type":"BreadcrumbList","@id":"https:\/\/viggobendz.dk\/sv\/butik\/utrustning\/spadar\/groptaender\/800-1000-kg\/#breadcrumb","itemListElement":[{"@type":"ListItem","position":1,"name":"Hjem","item":"https:\/\/viggobendz.dk\/sv\/hemsidan\/"},{"@type":"ListItem","position":2,"name":"Butik","item":"https:\/\/viggobendz.dk\/butik\/"},{"@type":"ListItem","position":3,"name":"Utrustning","item":"https:\/\/viggobendz.dk\/sv\/vare-kategori\/utrustning\/"},{"@type":"ListItem","position":4,"name":"Spadar","item":"https:\/\/viggobendz.dk\/sv\/vare-kategori\/utrustning\/spadar\/"},{"@type":"ListItem","position":5,"name":"Gropt\u00e4nder","item":"https:\/\/viggobendz.dk\/sv\/vare-kategori\/utrustning\/spadar\/groptaender\/"},{"@type":"ListItem","position":6,"name":"800-1000 kg"}]},{"@type":"WebSite","@id":"https:\/\/viggobendz.dk\/sv\/#website","url":"https:\/\/viggobendz.dk\/sv\/","name":"Viggo Bendz","description":"Det ansvarlige valg","publisher":{"@id":"https:\/\/viggobendz.dk\/sv\/#organization"},"potentialAction":[{"@type":"SearchAction","target":{"@type":"EntryPoint","urlTemplate":"https:\/\/viggobendz.dk\/sv\/?s={search_term_string}"},"query-input":{"@type":"PropertyValueSpecification","valueRequired":true,"valueName":"search_term_string"}}],"inLanguage":"sv-SE"},{"@type":"Organization","@id":"https:\/\/viggobendz.dk\/sv\/#organization","name":"Viggo Bendz A\/S","url":"https:\/\/viggobendz.dk\/sv\/","logo":{"@type":"ImageObject","inLanguage":"sv-SE","@id":"https:\/\/viggobendz.dk\/sv\/#\/schema\/logo\/image\/","url":"https:\/\/viggobendz.dk\/wp-content\/uploads\/2020\/03\/VB-Logo.png","contentUrl":"https:\/\/viggobendz.dk\/wp-content\/uploads\/2020\/03\/VB-Logo.png","width":735,"height":776,"caption":"Viggo Bendz A\/S"},"image":{"@id":"https:\/\/viggobendz.dk\/sv\/#\/schema\/logo\/image\/"}}]}},"_links":{"self":[{"href":"https:\/\/viggobendz.dk\/sv\/wp-json\/wp\/v2\/product\/25257","targetHints":{"allow":["GET"]}}],"collection":[{"href":"https:\/\/viggobendz.dk\/sv\/wp-json\/wp\/v2\/product"}],"about":[{"href":"https:\/\/viggobendz.dk\/sv\/wp-json\/wp\/v2\/types\/product"}],"wp:featuredmedia":[{"embeddable":true,"href":"https:\/\/viggobendz.dk\/sv\/wp-json\/wp\/v2\/media\/11914"}],"wp:attachment":[{"href":"https:\/\/viggobendz.dk\/sv\/wp-json\/wp\/v2\/media?parent=25257"}],"wp:term":[{"taxonomy":"product_brand","embeddable":true,"href":"https:\/\/viggobendz.dk\/sv\/wp-json\/wp\/v2\/product_brand?post=25257"},{"taxonomy":"product_cat","embeddable":true,"href":"https:\/\/viggobendz.dk\/sv\/wp-json\/wp\/v2\/product_cat?post=25257"},{"taxonomy":"product_tag","embeddable":true,"href":"https:\/\/viggobendz.dk\/sv\/wp-json\/wp\/v2\/product_tag?post=25257"}],"curies":[{"name":"wp","href":"https:\/\/api.w.org\/{rel}","templated":true}]}}