{"id":25351,"date":"2025-03-20T09:32:51","date_gmt":"2025-03-20T08:32:51","guid":{"rendered":"https:\/\/viggobendz.dk\/butik\/okategoriserad\/maskinstorlek-13-18-ton\/"},"modified":"2025-03-20T09:32:51","modified_gmt":"2025-03-20T08:32:51","slug":"maskinstorlek-13-18-ton","status":"publish","type":"product","link":"https:\/\/viggobendz.dk\/sv\/butik\/rivning\/grabben\/sorteringsgrip\/maskinstorlek-13-18-ton\/","title":{"rendered":"Maskinstorlek: 13-18 ton"},"content":{"rendered":"<h3 data-start=\"270\" data-end=\"329\">PMZ grabben fr\u00e5n Trevi Benne &#8211; N\u00e4r precision m\u00f6ter r\u00e5styrka<\/h3>\n<p data-start=\"331\" data-end=\"619\">N\u00e4r du st\u00e4lls inf\u00f6r tunga arbetsuppgifter inom rivning, \u00e5tervinning eller avfallshantering beh\u00f6ver du en grip som inte bara h\u00e5ller &#8211; utan som ocks\u00e5 g\u00f6r arbetet enklare och snabbare. Trevi Benne PMZ-serien \u00e4r utformad f\u00f6r att g\u00f6ra just detta: kombinera kraft och precision i en tillf\u00f6rlitlig l\u00f6sning. <\/p>\n<p data-start=\"621\" data-end=\"891\">Den kraftfulla hydrauliska rotationen ger dig full kontroll och g\u00f6r det enkelt att placera och sortera material exakt, oavsett uppgift. Samtidigt kan gripen f\u00f6rses med \u00f6ppna skal (galler\/ribbor) f\u00f6r enklare genomstr\u00f6mning och effektiv sortering av mindre fraktioner. <\/p>\n<ul data-start=\"893\" data-end=\"1246\">\n<li data-start=\"893\" data-end=\"968\">\n<p data-start=\"895\" data-end=\"968\"><strong data-start=\"895\" data-end=\"914\">Kraftfullt grepp<\/strong> &#8211; hanterar betong, skrot och skr\u00e4p utan att sl\u00e4ppa taget.<\/p>\n<\/li>\n<li data-start=\"969\" data-end=\"1047\">\n<p data-start=\"971\" data-end=\"1047\"><strong data-start=\"971\" data-end=\"994\">Robust och t\u00e5<\/strong> lig &#8211; Byggd f\u00f6r att klara \u00e4ven de tuffaste arbetsdagarna.<\/p>\n<\/li>\n<li data-start=\"1048\" data-end=\"1129\">\n<p data-start=\"1050\" data-end=\"1129\"><strong data-start=\"1050\" data-end=\"1082\">Exakt hydraulik och rotation<\/strong> &#8211; s\u00e4kerst\u00e4ller smidig styrning och exakt positionering.<\/p>\n<\/li>\n<li data-start=\"1130\" data-end=\"1246\">\n<p data-start=\"1132\" data-end=\"1246\"><strong data-start=\"1132\" data-end=\"1163\">Flexibel skalkonfiguration<\/strong> &#8211; V\u00e4lj \u00f6ppna skal om du vill ha b\u00e4ttre sikt \u00f6ver materialet och snabbare dr\u00e4nering.<\/p>\n<\/li>\n<\/ul>\n<p data-start=\"1248\" data-end=\"1380\">Med en PMZ-grip fr\u00e5n Trevi Benne f\u00e5r du en p\u00e5litlig partner som \u00f6kar effektiviteten och ger dig ett f\u00f6rspr\u00e5ng p\u00e5 arbetsplatsen &#8211; varje dag.<\/p>\n","protected":false},"excerpt":{"rendered":"<p>Sortering av grav fr\u00e5n Trevi Benne<\/p>\n","protected":false},"featured_media":20297,"template":"","meta":{"_acf_changed":false},"product_brand":[],"product_cat":[3238,2830,4001],"product_tag":[],"class_list":{"0":"post-25351","1":"product","2":"type-product","3":"status-publish","4":"has-post-thumbnail","6":"product_cat-grabben","7":"product_cat-rivning","8":"product_cat-sorteringsgrip","9":"pa_type-2-standard","11":"first","12":"instock","13":"taxable","14":"shipping-taxable","15":"product-type-simple"},"acf":[],"yoast_head":"<title>Maskinstorlek: 13-18 ton - Viggo Bendz<\/title>\n<meta name=\"robots\" content=\"index, follow, max-snippet:-1, max-image-preview:large, max-video-preview:-1\" \/>\n<link rel=\"canonical\" href=\"https:\/\/viggobendz.dk\/sv\/butik\/rivning\/grabben\/sorteringsgrip\/maskinstorlek-13-18-ton\/\" \/>\n<meta property=\"og:locale\" content=\"sv_SE\" \/>\n<meta property=\"og:type\" content=\"article\" \/>\n<meta property=\"og:title\" content=\"Maskinstorlek: 13-18 ton - Viggo Bendz\" \/>\n<meta property=\"og:description\" content=\"Sortering av grav fr\u00e5n Trevi Benne\" \/>\n<meta property=\"og:url\" content=\"https:\/\/viggobendz.dk\/sv\/butik\/rivning\/grabben\/sorteringsgrip\/maskinstorlek-13-18-ton\/\" \/>\n<meta property=\"og:site_name\" content=\"Viggo Bendz\" \/>\n<meta property=\"og:image\" content=\"https:\/\/viggobendz.dk\/wp-content\/uploads\/2025\/02\/PMZ_SERIES_1-1.jpg\" \/>\n\t<meta property=\"og:image:width\" content=\"650\" \/>\n\t<meta property=\"og:image:height\" content=\"492\" \/>\n\t<meta property=\"og:image:type\" content=\"image\/jpeg\" \/>\n<meta name=\"twitter:card\" content=\"summary_large_image\" \/>\n<meta name=\"twitter:label1\" content=\"Ber\u00e4knad l\u00e4stid\" \/>\n\t<meta name=\"twitter:data1\" content=\"1 minut\" \/>\n<script type=\"application\/ld+json\" class=\"yoast-schema-graph\">{\"@context\":\"https:\/\/schema.org\",\"@graph\":[{\"@type\":\"WebPage\",\"@id\":\"https:\/\/viggobendz.dk\/sv\/butik\/rivning\/grabben\/sorteringsgrip\/maskinstorlek-13-18-ton\/\",\"url\":\"https:\/\/viggobendz.dk\/sv\/butik\/rivning\/grabben\/sorteringsgrip\/maskinstorlek-13-18-ton\/\",\"name\":\"Maskinstorlek: 13-18 ton - Viggo Bendz\",\"isPartOf\":{\"@id\":\"https:\/\/viggobendz.dk\/sv\/#website\"},\"primaryImageOfPage\":{\"@id\":\"https:\/\/viggobendz.dk\/sv\/butik\/rivning\/grabben\/sorteringsgrip\/maskinstorlek-13-18-ton\/#primaryimage\"},\"image\":{\"@id\":\"https:\/\/viggobendz.dk\/sv\/butik\/rivning\/grabben\/sorteringsgrip\/maskinstorlek-13-18-ton\/#primaryimage\"},\"thumbnailUrl\":\"https:\/\/viggobendz.dk\/wp-content\/uploads\/2025\/02\/PMZ_SERIES_1-1.jpg\",\"datePublished\":\"2025-03-20T08:32:51+00:00\",\"breadcrumb\":{\"@id\":\"https:\/\/viggobendz.dk\/sv\/butik\/rivning\/grabben\/sorteringsgrip\/maskinstorlek-13-18-ton\/#breadcrumb\"},\"inLanguage\":\"sv-SE\",\"potentialAction\":[{\"@type\":\"ReadAction\",\"target\":[\"https:\/\/viggobendz.dk\/sv\/butik\/rivning\/grabben\/sorteringsgrip\/maskinstorlek-13-18-ton\/\"]}]},{\"@type\":\"ImageObject\",\"inLanguage\":\"sv-SE\",\"@id\":\"https:\/\/viggobendz.dk\/sv\/butik\/rivning\/grabben\/sorteringsgrip\/maskinstorlek-13-18-ton\/#primaryimage\",\"url\":\"https:\/\/viggobendz.dk\/wp-content\/uploads\/2025\/02\/PMZ_SERIES_1-1.jpg\",\"contentUrl\":\"https:\/\/viggobendz.dk\/wp-content\/uploads\/2025\/02\/PMZ_SERIES_1-1.jpg\",\"width\":650,\"height\":492},{\"@type\":\"BreadcrumbList\",\"@id\":\"https:\/\/viggobendz.dk\/sv\/butik\/rivning\/grabben\/sorteringsgrip\/maskinstorlek-13-18-ton\/#breadcrumb\",\"itemListElement\":[{\"@type\":\"ListItem\",\"position\":1,\"name\":\"Hjem\",\"item\":\"https:\/\/viggobendz.dk\/sv\/hemsidan\/\"},{\"@type\":\"ListItem\",\"position\":2,\"name\":\"Butik\",\"item\":\"https:\/\/viggobendz.dk\/butik\/\"},{\"@type\":\"ListItem\",\"position\":3,\"name\":\"Maskinstorlek: 13-18 ton\"}]},{\"@type\":\"WebSite\",\"@id\":\"https:\/\/viggobendz.dk\/sv\/#website\",\"url\":\"https:\/\/viggobendz.dk\/sv\/\",\"name\":\"Viggo Bendz\",\"description\":\"Det ansvarlige valg\",\"publisher\":{\"@id\":\"https:\/\/viggobendz.dk\/sv\/#organization\"},\"potentialAction\":[{\"@type\":\"SearchAction\",\"target\":{\"@type\":\"EntryPoint\",\"urlTemplate\":\"https:\/\/viggobendz.dk\/sv\/?s={search_term_string}\"},\"query-input\":{\"@type\":\"PropertyValueSpecification\",\"valueRequired\":true,\"valueName\":\"search_term_string\"}}],\"inLanguage\":\"sv-SE\"},{\"@type\":\"Organization\",\"@id\":\"https:\/\/viggobendz.dk\/sv\/#organization\",\"name\":\"Viggo Bendz A\/S\",\"url\":\"https:\/\/viggobendz.dk\/sv\/\",\"logo\":{\"@type\":\"ImageObject\",\"inLanguage\":\"sv-SE\",\"@id\":\"https:\/\/viggobendz.dk\/sv\/#\/schema\/logo\/image\/\",\"url\":\"https:\/\/viggobendz.dk\/wp-content\/uploads\/2020\/03\/VB-Logo.png\",\"contentUrl\":\"https:\/\/viggobendz.dk\/wp-content\/uploads\/2020\/03\/VB-Logo.png\",\"width\":735,\"height\":776,\"caption\":\"Viggo Bendz A\/S\"},\"image\":{\"@id\":\"https:\/\/viggobendz.dk\/sv\/#\/schema\/logo\/image\/\"}}]}<\/script>","yoast_head_json":{"title":"Maskinstorlek: 13-18 ton - Viggo Bendz","robots":{"index":"index","follow":"follow","max-snippet":"max-snippet:-1","max-image-preview":"max-image-preview:large","max-video-preview":"max-video-preview:-1"},"canonical":"https:\/\/viggobendz.dk\/sv\/butik\/rivning\/grabben\/sorteringsgrip\/maskinstorlek-13-18-ton\/","og_locale":"sv_SE","og_type":"article","og_title":"Maskinstorlek: 13-18 ton - Viggo Bendz","og_description":"Sortering av grav fr\u00e5n Trevi Benne","og_url":"https:\/\/viggobendz.dk\/sv\/butik\/rivning\/grabben\/sorteringsgrip\/maskinstorlek-13-18-ton\/","og_site_name":"Viggo Bendz","og_image":[{"width":650,"height":492,"url":"https:\/\/viggobendz.dk\/wp-content\/uploads\/2025\/02\/PMZ_SERIES_1-1.jpg","type":"image\/jpeg"}],"twitter_card":"summary_large_image","twitter_misc":{"Ber\u00e4knad l\u00e4stid":"1 minut"},"schema":{"@context":"https:\/\/schema.org","@graph":[{"@type":"WebPage","@id":"https:\/\/viggobendz.dk\/sv\/butik\/rivning\/grabben\/sorteringsgrip\/maskinstorlek-13-18-ton\/","url":"https:\/\/viggobendz.dk\/sv\/butik\/rivning\/grabben\/sorteringsgrip\/maskinstorlek-13-18-ton\/","name":"Maskinstorlek: 13-18 ton - Viggo Bendz","isPartOf":{"@id":"https:\/\/viggobendz.dk\/sv\/#website"},"primaryImageOfPage":{"@id":"https:\/\/viggobendz.dk\/sv\/butik\/rivning\/grabben\/sorteringsgrip\/maskinstorlek-13-18-ton\/#primaryimage"},"image":{"@id":"https:\/\/viggobendz.dk\/sv\/butik\/rivning\/grabben\/sorteringsgrip\/maskinstorlek-13-18-ton\/#primaryimage"},"thumbnailUrl":"https:\/\/viggobendz.dk\/wp-content\/uploads\/2025\/02\/PMZ_SERIES_1-1.jpg","datePublished":"2025-03-20T08:32:51+00:00","breadcrumb":{"@id":"https:\/\/viggobendz.dk\/sv\/butik\/rivning\/grabben\/sorteringsgrip\/maskinstorlek-13-18-ton\/#breadcrumb"},"inLanguage":"sv-SE","potentialAction":[{"@type":"ReadAction","target":["https:\/\/viggobendz.dk\/sv\/butik\/rivning\/grabben\/sorteringsgrip\/maskinstorlek-13-18-ton\/"]}]},{"@type":"ImageObject","inLanguage":"sv-SE","@id":"https:\/\/viggobendz.dk\/sv\/butik\/rivning\/grabben\/sorteringsgrip\/maskinstorlek-13-18-ton\/#primaryimage","url":"https:\/\/viggobendz.dk\/wp-content\/uploads\/2025\/02\/PMZ_SERIES_1-1.jpg","contentUrl":"https:\/\/viggobendz.dk\/wp-content\/uploads\/2025\/02\/PMZ_SERIES_1-1.jpg","width":650,"height":492},{"@type":"BreadcrumbList","@id":"https:\/\/viggobendz.dk\/sv\/butik\/rivning\/grabben\/sorteringsgrip\/maskinstorlek-13-18-ton\/#breadcrumb","itemListElement":[{"@type":"ListItem","position":1,"name":"Hjem","item":"https:\/\/viggobendz.dk\/sv\/hemsidan\/"},{"@type":"ListItem","position":2,"name":"Butik","item":"https:\/\/viggobendz.dk\/butik\/"},{"@type":"ListItem","position":3,"name":"Maskinstorlek: 13-18 ton"}]},{"@type":"WebSite","@id":"https:\/\/viggobendz.dk\/sv\/#website","url":"https:\/\/viggobendz.dk\/sv\/","name":"Viggo Bendz","description":"Det ansvarlige valg","publisher":{"@id":"https:\/\/viggobendz.dk\/sv\/#organization"},"potentialAction":[{"@type":"SearchAction","target":{"@type":"EntryPoint","urlTemplate":"https:\/\/viggobendz.dk\/sv\/?s={search_term_string}"},"query-input":{"@type":"PropertyValueSpecification","valueRequired":true,"valueName":"search_term_string"}}],"inLanguage":"sv-SE"},{"@type":"Organization","@id":"https:\/\/viggobendz.dk\/sv\/#organization","name":"Viggo Bendz A\/S","url":"https:\/\/viggobendz.dk\/sv\/","logo":{"@type":"ImageObject","inLanguage":"sv-SE","@id":"https:\/\/viggobendz.dk\/sv\/#\/schema\/logo\/image\/","url":"https:\/\/viggobendz.dk\/wp-content\/uploads\/2020\/03\/VB-Logo.png","contentUrl":"https:\/\/viggobendz.dk\/wp-content\/uploads\/2020\/03\/VB-Logo.png","width":735,"height":776,"caption":"Viggo Bendz A\/S"},"image":{"@id":"https:\/\/viggobendz.dk\/sv\/#\/schema\/logo\/image\/"}}]}},"_links":{"self":[{"href":"https:\/\/viggobendz.dk\/sv\/wp-json\/wp\/v2\/product\/25351","targetHints":{"allow":["GET"]}}],"collection":[{"href":"https:\/\/viggobendz.dk\/sv\/wp-json\/wp\/v2\/product"}],"about":[{"href":"https:\/\/viggobendz.dk\/sv\/wp-json\/wp\/v2\/types\/product"}],"wp:featuredmedia":[{"embeddable":true,"href":"https:\/\/viggobendz.dk\/sv\/wp-json\/wp\/v2\/media\/20297"}],"wp:attachment":[{"href":"https:\/\/viggobendz.dk\/sv\/wp-json\/wp\/v2\/media?parent=25351"}],"wp:term":[{"taxonomy":"product_brand","embeddable":true,"href":"https:\/\/viggobendz.dk\/sv\/wp-json\/wp\/v2\/product_brand?post=25351"},{"taxonomy":"product_cat","embeddable":true,"href":"https:\/\/viggobendz.dk\/sv\/wp-json\/wp\/v2\/product_cat?post=25351"},{"taxonomy":"product_tag","embeddable":true,"href":"https:\/\/viggobendz.dk\/sv\/wp-json\/wp\/v2\/product_tag?post=25351"}],"curies":[{"name":"wp","href":"https:\/\/api.w.org\/{rel}","templated":true}]}}