{"id":25384,"date":"2025-03-20T09:32:51","date_gmt":"2025-03-20T08:32:51","guid":{"rendered":"https:\/\/viggobendz.dk\/butik\/okategoriserad\/15-3-ton\/"},"modified":"2025-03-20T09:32:51","modified_gmt":"2025-03-20T08:32:51","slug":"15-3-ton","status":"publish","type":"product","link":"https:\/\/viggobendz.dk\/sv\/butik\/rivning\/grabben\/mekanisk-gripklo\/15-3-ton\/","title":{"rendered":"1,5-3 ton"},"content":{"rendered":"<p data-start=\"0\" data-end=\"60\"><strong data-start=\"0\" data-end=\"58\">RG-serien fr\u00e5n Trevi Benne &#8211; Robust och exakt sorteringsgrip f\u00f6r kr\u00e4vande applikationer<\/strong><\/p>\n<p data-start=\"61\" data-end=\"200\">Trevi Benne RG-serien \u00e4r en kraftfull och precisionssorterande grip som \u00e4r idealisk f\u00f6r rivning, \u00e5tervinning och materialhantering. Den robusta konstruktionen och den avancerade hydrauliken s\u00e4kerst\u00e4ller ett fast grepp och effektiv hantering av avfall, skrot och byggavfall, \u00e4ven under de mest kr\u00e4vande f\u00f6rh\u00e5llanden. <\/p>\n<ul>\n<li data-start=\"201\" data-end=\"260\"><strong data-start=\"201\" data-end=\"259\">Starkt och exakt grepp<\/strong> &#8211; s\u00e4kerst\u00e4ller optimal hantering av olika material.<\/li>\n<li data-start=\"261\" data-end=\"320\"><strong data-start=\"261\" data-end=\"319\">Slitstark design<\/strong> &#8211; F\u00f6rst\u00e4rkt konstruktion f\u00f6r intensiv anv\u00e4ndning i tuffa milj\u00f6er.<\/li>\n<li data-start=\"321\" data-end=\"380\"><strong data-start=\"321\" data-end=\"379\">H\u00f6g flexibilitet<\/strong> &#8211; hydraulisk styrning f\u00f6r exakt och effektiv materialseparering.<\/li>\n<\/ul>\n<p data-start=\"381\" data-end=\"440\">Med en sorteringsgrip fr\u00e5n Trevi Benne RG-serien f\u00e5r du en p\u00e5litlig och m\u00e5ngsidig l\u00f6sning som optimerar arbetsprocesserna och \u00f6kar produktiviteten p\u00e5 arbetsplatsen.<\/p>\n","protected":false},"excerpt":{"rendered":"<p>Grabben fr\u00e5n Trevibenne<\/p>\n","protected":false},"featured_media":11827,"template":"","meta":{"_acf_changed":false},"product_brand":[],"product_cat":[3238,4136,2830],"product_tag":[],"class_list":{"0":"post-25384","1":"product","2":"type-product","3":"status-publish","4":"has-post-thumbnail","6":"product_cat-grabben","7":"product_cat-mekanisk-gripklo","8":"product_cat-rivning","9":"pa_type-2-standard","11":"first","12":"instock","13":"taxable","14":"shipping-taxable","15":"product-type-simple"},"acf":[],"yoast_head":"<title>1,5-3 ton - Viggo Bendz<\/title>\n<meta name=\"robots\" content=\"index, follow, max-snippet:-1, max-image-preview:large, max-video-preview:-1\" \/>\n<link rel=\"canonical\" href=\"https:\/\/viggobendz.dk\/sv\/butik\/rivning\/grabben\/mekanisk-gripklo\/15-3-ton\/\" \/>\n<meta property=\"og:locale\" content=\"sv_SE\" \/>\n<meta property=\"og:type\" content=\"article\" \/>\n<meta property=\"og:title\" content=\"1,5-3 ton - Viggo Bendz\" \/>\n<meta property=\"og:description\" content=\"Grabben fr\u00e5n Trevibenne\" \/>\n<meta property=\"og:url\" content=\"https:\/\/viggobendz.dk\/sv\/butik\/rivning\/grabben\/mekanisk-gripklo\/15-3-ton\/\" \/>\n<meta property=\"og:site_name\" content=\"Viggo Bendz\" \/>\n<meta property=\"og:image\" content=\"https:\/\/viggobendz.dk\/wp-content\/uploads\/2025\/02\/RG_SERIES-1.jpg\" \/>\n\t<meta property=\"og:image:width\" content=\"650\" \/>\n\t<meta property=\"og:image:height\" content=\"492\" \/>\n\t<meta property=\"og:image:type\" content=\"image\/jpeg\" \/>\n<meta name=\"twitter:card\" content=\"summary_large_image\" \/>\n<meta name=\"twitter:label1\" content=\"Ber\u00e4knad l\u00e4stid\" \/>\n\t<meta name=\"twitter:data1\" content=\"1 minut\" \/>\n<script type=\"application\/ld+json\" class=\"yoast-schema-graph\">{\"@context\":\"https:\/\/schema.org\",\"@graph\":[{\"@type\":\"WebPage\",\"@id\":\"https:\/\/viggobendz.dk\/sv\/butik\/rivning\/grabben\/mekanisk-gripklo\/15-3-ton\/\",\"url\":\"https:\/\/viggobendz.dk\/sv\/butik\/rivning\/grabben\/mekanisk-gripklo\/15-3-ton\/\",\"name\":\"1,5-3 ton - Viggo Bendz\",\"isPartOf\":{\"@id\":\"https:\/\/viggobendz.dk\/sv\/#website\"},\"primaryImageOfPage\":{\"@id\":\"https:\/\/viggobendz.dk\/sv\/butik\/rivning\/grabben\/mekanisk-gripklo\/15-3-ton\/#primaryimage\"},\"image\":{\"@id\":\"https:\/\/viggobendz.dk\/sv\/butik\/rivning\/grabben\/mekanisk-gripklo\/15-3-ton\/#primaryimage\"},\"thumbnailUrl\":\"https:\/\/viggobendz.dk\/wp-content\/uploads\/2025\/02\/RG_SERIES-1.jpg\",\"datePublished\":\"2025-03-20T08:32:51+00:00\",\"breadcrumb\":{\"@id\":\"https:\/\/viggobendz.dk\/sv\/butik\/rivning\/grabben\/mekanisk-gripklo\/15-3-ton\/#breadcrumb\"},\"inLanguage\":\"sv-SE\",\"potentialAction\":[{\"@type\":\"ReadAction\",\"target\":[\"https:\/\/viggobendz.dk\/sv\/butik\/rivning\/grabben\/mekanisk-gripklo\/15-3-ton\/\"]}]},{\"@type\":\"ImageObject\",\"inLanguage\":\"sv-SE\",\"@id\":\"https:\/\/viggobendz.dk\/sv\/butik\/rivning\/grabben\/mekanisk-gripklo\/15-3-ton\/#primaryimage\",\"url\":\"https:\/\/viggobendz.dk\/wp-content\/uploads\/2025\/02\/RG_SERIES-1.jpg\",\"contentUrl\":\"https:\/\/viggobendz.dk\/wp-content\/uploads\/2025\/02\/RG_SERIES-1.jpg\",\"width\":650,\"height\":492},{\"@type\":\"BreadcrumbList\",\"@id\":\"https:\/\/viggobendz.dk\/sv\/butik\/rivning\/grabben\/mekanisk-gripklo\/15-3-ton\/#breadcrumb\",\"itemListElement\":[{\"@type\":\"ListItem\",\"position\":1,\"name\":\"Hjem\",\"item\":\"https:\/\/viggobendz.dk\/sv\/hemsidan\/\"},{\"@type\":\"ListItem\",\"position\":2,\"name\":\"Butik\",\"item\":\"https:\/\/viggobendz.dk\/butik\/\"},{\"@type\":\"ListItem\",\"position\":3,\"name\":\"Rivning\",\"item\":\"https:\/\/viggobendz.dk\/sv\/vare-kategori\/rivning\/\"},{\"@type\":\"ListItem\",\"position\":4,\"name\":\"Grabben\",\"item\":\"https:\/\/viggobendz.dk\/sv\/vare-kategori\/rivning\/grabben\/\"},{\"@type\":\"ListItem\",\"position\":5,\"name\":\"Mekanisk gripklo\",\"item\":\"https:\/\/viggobendz.dk\/sv\/vare-kategori\/rivning\/grabben\/mekanisk-gripklo\/\"},{\"@type\":\"ListItem\",\"position\":6,\"name\":\"1,5-3 ton\"}]},{\"@type\":\"WebSite\",\"@id\":\"https:\/\/viggobendz.dk\/sv\/#website\",\"url\":\"https:\/\/viggobendz.dk\/sv\/\",\"name\":\"Viggo Bendz\",\"description\":\"Det ansvarlige valg\",\"publisher\":{\"@id\":\"https:\/\/viggobendz.dk\/sv\/#organization\"},\"potentialAction\":[{\"@type\":\"SearchAction\",\"target\":{\"@type\":\"EntryPoint\",\"urlTemplate\":\"https:\/\/viggobendz.dk\/sv\/?s={search_term_string}\"},\"query-input\":{\"@type\":\"PropertyValueSpecification\",\"valueRequired\":true,\"valueName\":\"search_term_string\"}}],\"inLanguage\":\"sv-SE\"},{\"@type\":\"Organization\",\"@id\":\"https:\/\/viggobendz.dk\/sv\/#organization\",\"name\":\"Viggo Bendz A\/S\",\"url\":\"https:\/\/viggobendz.dk\/sv\/\",\"logo\":{\"@type\":\"ImageObject\",\"inLanguage\":\"sv-SE\",\"@id\":\"https:\/\/viggobendz.dk\/sv\/#\/schema\/logo\/image\/\",\"url\":\"https:\/\/viggobendz.dk\/wp-content\/uploads\/2020\/03\/VB-Logo.png\",\"contentUrl\":\"https:\/\/viggobendz.dk\/wp-content\/uploads\/2020\/03\/VB-Logo.png\",\"width\":735,\"height\":776,\"caption\":\"Viggo Bendz A\/S\"},\"image\":{\"@id\":\"https:\/\/viggobendz.dk\/sv\/#\/schema\/logo\/image\/\"}}]}<\/script>","yoast_head_json":{"title":"1,5-3 ton - Viggo Bendz","robots":{"index":"index","follow":"follow","max-snippet":"max-snippet:-1","max-image-preview":"max-image-preview:large","max-video-preview":"max-video-preview:-1"},"canonical":"https:\/\/viggobendz.dk\/sv\/butik\/rivning\/grabben\/mekanisk-gripklo\/15-3-ton\/","og_locale":"sv_SE","og_type":"article","og_title":"1,5-3 ton - Viggo Bendz","og_description":"Grabben fr\u00e5n Trevibenne","og_url":"https:\/\/viggobendz.dk\/sv\/butik\/rivning\/grabben\/mekanisk-gripklo\/15-3-ton\/","og_site_name":"Viggo Bendz","og_image":[{"width":650,"height":492,"url":"https:\/\/viggobendz.dk\/wp-content\/uploads\/2025\/02\/RG_SERIES-1.jpg","type":"image\/jpeg"}],"twitter_card":"summary_large_image","twitter_misc":{"Ber\u00e4knad l\u00e4stid":"1 minut"},"schema":{"@context":"https:\/\/schema.org","@graph":[{"@type":"WebPage","@id":"https:\/\/viggobendz.dk\/sv\/butik\/rivning\/grabben\/mekanisk-gripklo\/15-3-ton\/","url":"https:\/\/viggobendz.dk\/sv\/butik\/rivning\/grabben\/mekanisk-gripklo\/15-3-ton\/","name":"1,5-3 ton - Viggo Bendz","isPartOf":{"@id":"https:\/\/viggobendz.dk\/sv\/#website"},"primaryImageOfPage":{"@id":"https:\/\/viggobendz.dk\/sv\/butik\/rivning\/grabben\/mekanisk-gripklo\/15-3-ton\/#primaryimage"},"image":{"@id":"https:\/\/viggobendz.dk\/sv\/butik\/rivning\/grabben\/mekanisk-gripklo\/15-3-ton\/#primaryimage"},"thumbnailUrl":"https:\/\/viggobendz.dk\/wp-content\/uploads\/2025\/02\/RG_SERIES-1.jpg","datePublished":"2025-03-20T08:32:51+00:00","breadcrumb":{"@id":"https:\/\/viggobendz.dk\/sv\/butik\/rivning\/grabben\/mekanisk-gripklo\/15-3-ton\/#breadcrumb"},"inLanguage":"sv-SE","potentialAction":[{"@type":"ReadAction","target":["https:\/\/viggobendz.dk\/sv\/butik\/rivning\/grabben\/mekanisk-gripklo\/15-3-ton\/"]}]},{"@type":"ImageObject","inLanguage":"sv-SE","@id":"https:\/\/viggobendz.dk\/sv\/butik\/rivning\/grabben\/mekanisk-gripklo\/15-3-ton\/#primaryimage","url":"https:\/\/viggobendz.dk\/wp-content\/uploads\/2025\/02\/RG_SERIES-1.jpg","contentUrl":"https:\/\/viggobendz.dk\/wp-content\/uploads\/2025\/02\/RG_SERIES-1.jpg","width":650,"height":492},{"@type":"BreadcrumbList","@id":"https:\/\/viggobendz.dk\/sv\/butik\/rivning\/grabben\/mekanisk-gripklo\/15-3-ton\/#breadcrumb","itemListElement":[{"@type":"ListItem","position":1,"name":"Hjem","item":"https:\/\/viggobendz.dk\/sv\/hemsidan\/"},{"@type":"ListItem","position":2,"name":"Butik","item":"https:\/\/viggobendz.dk\/butik\/"},{"@type":"ListItem","position":3,"name":"Rivning","item":"https:\/\/viggobendz.dk\/sv\/vare-kategori\/rivning\/"},{"@type":"ListItem","position":4,"name":"Grabben","item":"https:\/\/viggobendz.dk\/sv\/vare-kategori\/rivning\/grabben\/"},{"@type":"ListItem","position":5,"name":"Mekanisk gripklo","item":"https:\/\/viggobendz.dk\/sv\/vare-kategori\/rivning\/grabben\/mekanisk-gripklo\/"},{"@type":"ListItem","position":6,"name":"1,5-3 ton"}]},{"@type":"WebSite","@id":"https:\/\/viggobendz.dk\/sv\/#website","url":"https:\/\/viggobendz.dk\/sv\/","name":"Viggo Bendz","description":"Det ansvarlige valg","publisher":{"@id":"https:\/\/viggobendz.dk\/sv\/#organization"},"potentialAction":[{"@type":"SearchAction","target":{"@type":"EntryPoint","urlTemplate":"https:\/\/viggobendz.dk\/sv\/?s={search_term_string}"},"query-input":{"@type":"PropertyValueSpecification","valueRequired":true,"valueName":"search_term_string"}}],"inLanguage":"sv-SE"},{"@type":"Organization","@id":"https:\/\/viggobendz.dk\/sv\/#organization","name":"Viggo Bendz A\/S","url":"https:\/\/viggobendz.dk\/sv\/","logo":{"@type":"ImageObject","inLanguage":"sv-SE","@id":"https:\/\/viggobendz.dk\/sv\/#\/schema\/logo\/image\/","url":"https:\/\/viggobendz.dk\/wp-content\/uploads\/2020\/03\/VB-Logo.png","contentUrl":"https:\/\/viggobendz.dk\/wp-content\/uploads\/2020\/03\/VB-Logo.png","width":735,"height":776,"caption":"Viggo Bendz A\/S"},"image":{"@id":"https:\/\/viggobendz.dk\/sv\/#\/schema\/logo\/image\/"}}]}},"_links":{"self":[{"href":"https:\/\/viggobendz.dk\/sv\/wp-json\/wp\/v2\/product\/25384","targetHints":{"allow":["GET"]}}],"collection":[{"href":"https:\/\/viggobendz.dk\/sv\/wp-json\/wp\/v2\/product"}],"about":[{"href":"https:\/\/viggobendz.dk\/sv\/wp-json\/wp\/v2\/types\/product"}],"wp:featuredmedia":[{"embeddable":true,"href":"https:\/\/viggobendz.dk\/sv\/wp-json\/wp\/v2\/media\/11827"}],"wp:attachment":[{"href":"https:\/\/viggobendz.dk\/sv\/wp-json\/wp\/v2\/media?parent=25384"}],"wp:term":[{"taxonomy":"product_brand","embeddable":true,"href":"https:\/\/viggobendz.dk\/sv\/wp-json\/wp\/v2\/product_brand?post=25384"},{"taxonomy":"product_cat","embeddable":true,"href":"https:\/\/viggobendz.dk\/sv\/wp-json\/wp\/v2\/product_cat?post=25384"},{"taxonomy":"product_tag","embeddable":true,"href":"https:\/\/viggobendz.dk\/sv\/wp-json\/wp\/v2\/product_tag?post=25384"}],"curies":[{"name":"wp","href":"https:\/\/api.w.org\/{rel}","templated":true}]}}