{"id":25459,"date":"2025-03-20T09:33:06","date_gmt":"2025-03-20T08:33:06","guid":{"rendered":"https:\/\/viggobendz.dk\/butik\/okategoriserad\/maskinstorlek-30-45-ton\/"},"modified":"2025-03-20T09:33:06","modified_gmt":"2025-03-20T08:33:06","slug":"maskinstorlek-30-45-ton","status":"publish","type":"product","link":"https:\/\/viggobendz.dk\/sv\/butik\/rivning\/grabben\/hydraulisk-gripskopa\/maskinstorlek-30-45-ton\/","title":{"rendered":"Maskinstorlek: 30-45 ton"},"content":{"rendered":"<h3 data-start=\"342\" data-end=\"412\">PM-serien fr\u00e5n Trevi Benne &#8211; Kraftfull hydraulisk grip med full kontroll<\/h3>\n<p data-start=\"414\" data-end=\"650\">N\u00e4r man arbetar med skrot, avfall eller \u00e5tervinningsbart material \u00e4r det viktigt att kunna lita p\u00e5 sin utrustning. PM-serien fr\u00e5n Trevi Benne \u00e4r en hydraulisk grip som \u00e4r gjord f\u00f6r dem som kr\u00e4ver b\u00e5de r\u00e5styrka och precision i ett och samma verktyg. <\/p>\n<p data-start=\"652\" data-end=\"895\">Den kraftfulla hydrauliken och den mjuka rotationen ger dig maximal kontroll oavsett om du lastar, sorterar eller flyttar tunga material. De robusta klorna ger ett stadigt grepp s\u00e5 att du kan arbeta effektivt och s\u00e4kert, \u00e4ven under kr\u00e4vande f\u00f6rh\u00e5llanden. <\/p>\n<ul data-start=\"897\" data-end=\"1147\">\n<li data-start=\"897\" data-end=\"991\">\n<p data-start=\"899\" data-end=\"991\"><strong data-start=\"899\" data-end=\"923\">Extremt starkt grepp<\/strong> &#8211; h\u00e5ller fast material s\u00e4kert, \u00e4ven i utmanande situationer.<\/p>\n<\/li>\n<li data-start=\"992\" data-end=\"1061\">\n<p data-start=\"994\" data-end=\"1061\"><strong data-start=\"994\" data-end=\"1017\">Robust konstruktion<\/strong> &#8211; Byggd f\u00f6r intensiv anv\u00e4ndning och l\u00e5ng livsl\u00e4ngd.<\/p>\n<\/li>\n<li data-start=\"1062\" data-end=\"1147\">\n<p data-start=\"1064\" data-end=\"1147\"><strong data-start=\"1064\" data-end=\"1105\">Exakt hydraulisk styrning och rotation<\/strong> &#8211; ger dig snabb och smidig man\u00f6vrering.<\/p>\n<\/li>\n<\/ul>\n<p data-start=\"1149\" data-end=\"1342\">Med en hydraulisk grip i PM-serien f\u00e5r du inte bara ett tillf\u00f6rlitligt verktyg &#8211; du f\u00e5r en solid f\u00f6ljeslagare som \u00f6kar din effektivitet och hj\u00e4lper dig att h\u00e5lla arbetsplatsen fri och arbetet flytande.<\/p>\n","protected":false},"excerpt":{"rendered":"<p>Hydraulisk grabb fr\u00e5n Trevi Benne<\/p>\n","protected":false},"featured_media":19785,"template":"","meta":{"_acf_changed":false},"product_brand":[],"product_cat":[3238,3242,2830],"product_tag":[],"class_list":{"0":"post-25459","1":"product","2":"type-product","3":"status-publish","4":"has-post-thumbnail","6":"product_cat-grabben","7":"product_cat-hydraulisk-gripskopa","8":"product_cat-rivning","9":"pa_type-2-standard","11":"first","12":"instock","13":"taxable","14":"shipping-taxable","15":"product-type-simple"},"acf":[],"yoast_head":"<title>Maskinstorlek: 30-45 ton - Viggo Bendz<\/title>\n<meta name=\"robots\" content=\"index, follow, max-snippet:-1, max-image-preview:large, max-video-preview:-1\" \/>\n<link rel=\"canonical\" href=\"https:\/\/viggobendz.dk\/sv\/butik\/rivning\/grabben\/hydraulisk-gripskopa\/maskinstorlek-30-45-ton\/\" \/>\n<meta property=\"og:locale\" content=\"sv_SE\" \/>\n<meta property=\"og:type\" content=\"article\" \/>\n<meta property=\"og:title\" content=\"Maskinstorlek: 30-45 ton - Viggo Bendz\" \/>\n<meta property=\"og:description\" content=\"Hydraulisk grabb fr\u00e5n Trevi Benne\" \/>\n<meta property=\"og:url\" content=\"https:\/\/viggobendz.dk\/sv\/butik\/rivning\/grabben\/hydraulisk-gripskopa\/maskinstorlek-30-45-ton\/\" \/>\n<meta property=\"og:site_name\" content=\"Viggo Bendz\" \/>\n<meta property=\"og:image\" content=\"https:\/\/viggobendz.dk\/wp-content\/uploads\/2025\/02\/PM_SERIES_1.jpg\" \/>\n\t<meta property=\"og:image:width\" content=\"650\" \/>\n\t<meta property=\"og:image:height\" content=\"492\" \/>\n\t<meta property=\"og:image:type\" content=\"image\/jpeg\" \/>\n<meta name=\"twitter:card\" content=\"summary_large_image\" \/>\n<meta name=\"twitter:label1\" content=\"Ber\u00e4knad l\u00e4stid\" \/>\n\t<meta name=\"twitter:data1\" content=\"1 minut\" \/>\n<script type=\"application\/ld+json\" class=\"yoast-schema-graph\">{\"@context\":\"https:\/\/schema.org\",\"@graph\":[{\"@type\":\"WebPage\",\"@id\":\"https:\/\/viggobendz.dk\/sv\/butik\/rivning\/grabben\/hydraulisk-gripskopa\/maskinstorlek-30-45-ton\/\",\"url\":\"https:\/\/viggobendz.dk\/sv\/butik\/rivning\/grabben\/hydraulisk-gripskopa\/maskinstorlek-30-45-ton\/\",\"name\":\"Maskinstorlek: 30-45 ton - Viggo Bendz\",\"isPartOf\":{\"@id\":\"https:\/\/viggobendz.dk\/sv\/#website\"},\"primaryImageOfPage\":{\"@id\":\"https:\/\/viggobendz.dk\/sv\/butik\/rivning\/grabben\/hydraulisk-gripskopa\/maskinstorlek-30-45-ton\/#primaryimage\"},\"image\":{\"@id\":\"https:\/\/viggobendz.dk\/sv\/butik\/rivning\/grabben\/hydraulisk-gripskopa\/maskinstorlek-30-45-ton\/#primaryimage\"},\"thumbnailUrl\":\"https:\/\/viggobendz.dk\/wp-content\/uploads\/2025\/02\/PM_SERIES_1.jpg\",\"datePublished\":\"2025-03-20T08:33:06+00:00\",\"breadcrumb\":{\"@id\":\"https:\/\/viggobendz.dk\/sv\/butik\/rivning\/grabben\/hydraulisk-gripskopa\/maskinstorlek-30-45-ton\/#breadcrumb\"},\"inLanguage\":\"sv-SE\",\"potentialAction\":[{\"@type\":\"ReadAction\",\"target\":[\"https:\/\/viggobendz.dk\/sv\/butik\/rivning\/grabben\/hydraulisk-gripskopa\/maskinstorlek-30-45-ton\/\"]}]},{\"@type\":\"ImageObject\",\"inLanguage\":\"sv-SE\",\"@id\":\"https:\/\/viggobendz.dk\/sv\/butik\/rivning\/grabben\/hydraulisk-gripskopa\/maskinstorlek-30-45-ton\/#primaryimage\",\"url\":\"https:\/\/viggobendz.dk\/wp-content\/uploads\/2025\/02\/PM_SERIES_1.jpg\",\"contentUrl\":\"https:\/\/viggobendz.dk\/wp-content\/uploads\/2025\/02\/PM_SERIES_1.jpg\",\"width\":650,\"height\":492},{\"@type\":\"BreadcrumbList\",\"@id\":\"https:\/\/viggobendz.dk\/sv\/butik\/rivning\/grabben\/hydraulisk-gripskopa\/maskinstorlek-30-45-ton\/#breadcrumb\",\"itemListElement\":[{\"@type\":\"ListItem\",\"position\":1,\"name\":\"Hjem\",\"item\":\"https:\/\/viggobendz.dk\/sv\/hemsidan\/\"},{\"@type\":\"ListItem\",\"position\":2,\"name\":\"Butik\",\"item\":\"https:\/\/viggobendz.dk\/butik\/\"},{\"@type\":\"ListItem\",\"position\":3,\"name\":\"Maskinstorlek: 30-45 ton\"}]},{\"@type\":\"WebSite\",\"@id\":\"https:\/\/viggobendz.dk\/sv\/#website\",\"url\":\"https:\/\/viggobendz.dk\/sv\/\",\"name\":\"Viggo Bendz\",\"description\":\"Det ansvarlige valg\",\"publisher\":{\"@id\":\"https:\/\/viggobendz.dk\/sv\/#organization\"},\"potentialAction\":[{\"@type\":\"SearchAction\",\"target\":{\"@type\":\"EntryPoint\",\"urlTemplate\":\"https:\/\/viggobendz.dk\/sv\/?s={search_term_string}\"},\"query-input\":{\"@type\":\"PropertyValueSpecification\",\"valueRequired\":true,\"valueName\":\"search_term_string\"}}],\"inLanguage\":\"sv-SE\"},{\"@type\":\"Organization\",\"@id\":\"https:\/\/viggobendz.dk\/sv\/#organization\",\"name\":\"Viggo Bendz A\/S\",\"url\":\"https:\/\/viggobendz.dk\/sv\/\",\"logo\":{\"@type\":\"ImageObject\",\"inLanguage\":\"sv-SE\",\"@id\":\"https:\/\/viggobendz.dk\/sv\/#\/schema\/logo\/image\/\",\"url\":\"https:\/\/viggobendz.dk\/wp-content\/uploads\/2020\/03\/VB-Logo.png\",\"contentUrl\":\"https:\/\/viggobendz.dk\/wp-content\/uploads\/2020\/03\/VB-Logo.png\",\"width\":735,\"height\":776,\"caption\":\"Viggo Bendz A\/S\"},\"image\":{\"@id\":\"https:\/\/viggobendz.dk\/sv\/#\/schema\/logo\/image\/\"}}]}<\/script>","yoast_head_json":{"title":"Maskinstorlek: 30-45 ton - Viggo Bendz","robots":{"index":"index","follow":"follow","max-snippet":"max-snippet:-1","max-image-preview":"max-image-preview:large","max-video-preview":"max-video-preview:-1"},"canonical":"https:\/\/viggobendz.dk\/sv\/butik\/rivning\/grabben\/hydraulisk-gripskopa\/maskinstorlek-30-45-ton\/","og_locale":"sv_SE","og_type":"article","og_title":"Maskinstorlek: 30-45 ton - Viggo Bendz","og_description":"Hydraulisk grabb fr\u00e5n Trevi Benne","og_url":"https:\/\/viggobendz.dk\/sv\/butik\/rivning\/grabben\/hydraulisk-gripskopa\/maskinstorlek-30-45-ton\/","og_site_name":"Viggo Bendz","og_image":[{"width":650,"height":492,"url":"https:\/\/viggobendz.dk\/wp-content\/uploads\/2025\/02\/PM_SERIES_1.jpg","type":"image\/jpeg"}],"twitter_card":"summary_large_image","twitter_misc":{"Ber\u00e4knad l\u00e4stid":"1 minut"},"schema":{"@context":"https:\/\/schema.org","@graph":[{"@type":"WebPage","@id":"https:\/\/viggobendz.dk\/sv\/butik\/rivning\/grabben\/hydraulisk-gripskopa\/maskinstorlek-30-45-ton\/","url":"https:\/\/viggobendz.dk\/sv\/butik\/rivning\/grabben\/hydraulisk-gripskopa\/maskinstorlek-30-45-ton\/","name":"Maskinstorlek: 30-45 ton - Viggo Bendz","isPartOf":{"@id":"https:\/\/viggobendz.dk\/sv\/#website"},"primaryImageOfPage":{"@id":"https:\/\/viggobendz.dk\/sv\/butik\/rivning\/grabben\/hydraulisk-gripskopa\/maskinstorlek-30-45-ton\/#primaryimage"},"image":{"@id":"https:\/\/viggobendz.dk\/sv\/butik\/rivning\/grabben\/hydraulisk-gripskopa\/maskinstorlek-30-45-ton\/#primaryimage"},"thumbnailUrl":"https:\/\/viggobendz.dk\/wp-content\/uploads\/2025\/02\/PM_SERIES_1.jpg","datePublished":"2025-03-20T08:33:06+00:00","breadcrumb":{"@id":"https:\/\/viggobendz.dk\/sv\/butik\/rivning\/grabben\/hydraulisk-gripskopa\/maskinstorlek-30-45-ton\/#breadcrumb"},"inLanguage":"sv-SE","potentialAction":[{"@type":"ReadAction","target":["https:\/\/viggobendz.dk\/sv\/butik\/rivning\/grabben\/hydraulisk-gripskopa\/maskinstorlek-30-45-ton\/"]}]},{"@type":"ImageObject","inLanguage":"sv-SE","@id":"https:\/\/viggobendz.dk\/sv\/butik\/rivning\/grabben\/hydraulisk-gripskopa\/maskinstorlek-30-45-ton\/#primaryimage","url":"https:\/\/viggobendz.dk\/wp-content\/uploads\/2025\/02\/PM_SERIES_1.jpg","contentUrl":"https:\/\/viggobendz.dk\/wp-content\/uploads\/2025\/02\/PM_SERIES_1.jpg","width":650,"height":492},{"@type":"BreadcrumbList","@id":"https:\/\/viggobendz.dk\/sv\/butik\/rivning\/grabben\/hydraulisk-gripskopa\/maskinstorlek-30-45-ton\/#breadcrumb","itemListElement":[{"@type":"ListItem","position":1,"name":"Hjem","item":"https:\/\/viggobendz.dk\/sv\/hemsidan\/"},{"@type":"ListItem","position":2,"name":"Butik","item":"https:\/\/viggobendz.dk\/butik\/"},{"@type":"ListItem","position":3,"name":"Maskinstorlek: 30-45 ton"}]},{"@type":"WebSite","@id":"https:\/\/viggobendz.dk\/sv\/#website","url":"https:\/\/viggobendz.dk\/sv\/","name":"Viggo Bendz","description":"Det ansvarlige valg","publisher":{"@id":"https:\/\/viggobendz.dk\/sv\/#organization"},"potentialAction":[{"@type":"SearchAction","target":{"@type":"EntryPoint","urlTemplate":"https:\/\/viggobendz.dk\/sv\/?s={search_term_string}"},"query-input":{"@type":"PropertyValueSpecification","valueRequired":true,"valueName":"search_term_string"}}],"inLanguage":"sv-SE"},{"@type":"Organization","@id":"https:\/\/viggobendz.dk\/sv\/#organization","name":"Viggo Bendz A\/S","url":"https:\/\/viggobendz.dk\/sv\/","logo":{"@type":"ImageObject","inLanguage":"sv-SE","@id":"https:\/\/viggobendz.dk\/sv\/#\/schema\/logo\/image\/","url":"https:\/\/viggobendz.dk\/wp-content\/uploads\/2020\/03\/VB-Logo.png","contentUrl":"https:\/\/viggobendz.dk\/wp-content\/uploads\/2020\/03\/VB-Logo.png","width":735,"height":776,"caption":"Viggo Bendz A\/S"},"image":{"@id":"https:\/\/viggobendz.dk\/sv\/#\/schema\/logo\/image\/"}}]}},"_links":{"self":[{"href":"https:\/\/viggobendz.dk\/sv\/wp-json\/wp\/v2\/product\/25459","targetHints":{"allow":["GET"]}}],"collection":[{"href":"https:\/\/viggobendz.dk\/sv\/wp-json\/wp\/v2\/product"}],"about":[{"href":"https:\/\/viggobendz.dk\/sv\/wp-json\/wp\/v2\/types\/product"}],"wp:featuredmedia":[{"embeddable":true,"href":"https:\/\/viggobendz.dk\/sv\/wp-json\/wp\/v2\/media\/19785"}],"wp:attachment":[{"href":"https:\/\/viggobendz.dk\/sv\/wp-json\/wp\/v2\/media?parent=25459"}],"wp:term":[{"taxonomy":"product_brand","embeddable":true,"href":"https:\/\/viggobendz.dk\/sv\/wp-json\/wp\/v2\/product_brand?post=25459"},{"taxonomy":"product_cat","embeddable":true,"href":"https:\/\/viggobendz.dk\/sv\/wp-json\/wp\/v2\/product_cat?post=25459"},{"taxonomy":"product_tag","embeddable":true,"href":"https:\/\/viggobendz.dk\/sv\/wp-json\/wp\/v2\/product_tag?post=25459"}],"curies":[{"name":"wp","href":"https:\/\/api.w.org\/{rel}","templated":true}]}}