{"id":25546,"date":"2025-03-11T07:51:57","date_gmt":"2025-03-11T06:51:57","guid":{"rendered":"https:\/\/viggobendz.dk\/butik\/okategoriserad\/100-cm\/"},"modified":"2025-03-11T07:51:57","modified_gmt":"2025-03-11T06:51:57","slug":"100-cm","status":"publish","type":"product","link":"https:\/\/viggobendz.dk\/sv\/butik\/utrustning\/spadar\/spadar-foer-rivning\/6-9-ton\/100-cm\/","title":{"rendered":"100 cm"},"content":{"rendered":"<p data-start=\"0\" data-end=\"60\"><strong data-start=\"0\" data-end=\"58\">Siktskopor fr\u00e5n CP &#8211; Effektiv siktning och materialavskiljning<\/strong><\/p>\n<p data-start=\"61\" data-end=\"200\">CP skakskopor \u00e4r konstruerade f\u00f6r entrepren\u00f6rer som beh\u00f6ver effektiv sortering och siktning av material direkt p\u00e5 plats. Med en stark och \u00f6ppen design separerar skopan st\u00f6rre material fr\u00e5n finare fraktioner, vilket \u00f6kar produktiviteten och minskar behovet av efterbearbetning. Den slitstarka konstruktionen garanterar l\u00e5ng livsl\u00e4ngd och h\u00f6g prestanda i kr\u00e4vande arbetsmilj\u00f6er.  <\/p>\n<ul>\n<li data-start=\"201\" data-end=\"260\"><strong data-start=\"201\" data-end=\"259\">Effektiv siktning<\/strong> &#8211; Separerar stenar, grus och annat material direkt i skopan.<\/li>\n<li data-start=\"261\" data-end=\"320\"><strong data-start=\"261\" data-end=\"319\">Slitstark konstruktion<\/strong> &#8211; Tillverkad av h\u00f6gh\u00e5llfast st\u00e5l f\u00f6r maximal h\u00e5llbarhet.<\/li>\n<li data-start=\"321\" data-end=\"380\"><strong data-start=\"321\" data-end=\"379\">Minskad hanteringstid<\/strong> &#8211; Minskar behovet av extern sortering och \u00f6kar produktiviteten.<\/li>\n<\/ul>\n<p data-start=\"381\" data-end=\"440\">Med en CP-ristskopa f\u00e5r du en m\u00e5ngsidig och tillf\u00f6rlitlig l\u00f6sning som f\u00f6rb\u00e4ttrar materialhanteringen och \u00f6kar effektiviteten p\u00e5 plats.<\/p>\n","protected":false},"excerpt":{"rendered":"<p>Spadar f\u00f6r rivning<\/p>\n","protected":false},"featured_media":11929,"template":"","meta":{"_acf_changed":false},"product_brand":[],"product_cat":[4479,3581,4342,2595],"product_tag":[],"class_list":{"0":"post-25546","1":"product","2":"type-product","3":"status-publish","4":"has-post-thumbnail","6":"product_cat-6-9-ton","7":"product_cat-spadar","8":"product_cat-spadar-foer-rivning","9":"product_cat-utrustning","10":"pa_type-2-cp-t6-rs100","12":"first","13":"instock","14":"taxable","15":"shipping-taxable","16":"purchasable","17":"product-type-simple"},"acf":[],"yoast_head":"<title>100 cm - Viggo Bendz<\/title>\n<meta name=\"robots\" content=\"index, follow, max-snippet:-1, max-image-preview:large, max-video-preview:-1\" \/>\n<link rel=\"canonical\" href=\"https:\/\/viggobendz.dk\/sv\/butik\/utrustning\/spadar\/spadar-foer-rivning\/6-9-ton\/100-cm\/\" \/>\n<meta property=\"og:locale\" content=\"sv_SE\" \/>\n<meta property=\"og:type\" content=\"article\" \/>\n<meta property=\"og:title\" content=\"100 cm - Viggo Bendz\" \/>\n<meta property=\"og:description\" content=\"Spadar f\u00f6r rivning\" \/>\n<meta property=\"og:url\" content=\"https:\/\/viggobendz.dk\/sv\/butik\/utrustning\/spadar\/spadar-foer-rivning\/6-9-ton\/100-cm\/\" \/>\n<meta property=\"og:site_name\" content=\"Viggo Bendz\" \/>\n<meta property=\"og:image\" content=\"https:\/\/viggobendz.dk\/wp-content\/uploads\/2025\/02\/T3-risteskovl-Photoroom.png\" \/>\n\t<meta property=\"og:image:width\" content=\"600\" \/>\n\t<meta property=\"og:image:height\" content=\"600\" \/>\n\t<meta property=\"og:image:type\" content=\"image\/png\" \/>\n<meta name=\"twitter:card\" content=\"summary_large_image\" \/>\n<meta name=\"twitter:label1\" content=\"Ber\u00e4knad l\u00e4stid\" \/>\n\t<meta name=\"twitter:data1\" content=\"1 minut\" \/>\n<script type=\"application\/ld+json\" class=\"yoast-schema-graph\">{\"@context\":\"https:\/\/schema.org\",\"@graph\":[{\"@type\":\"WebPage\",\"@id\":\"https:\/\/viggobendz.dk\/sv\/butik\/utrustning\/spadar\/spadar-foer-rivning\/6-9-ton\/100-cm\/\",\"url\":\"https:\/\/viggobendz.dk\/sv\/butik\/utrustning\/spadar\/spadar-foer-rivning\/6-9-ton\/100-cm\/\",\"name\":\"100 cm - Viggo Bendz\",\"isPartOf\":{\"@id\":\"https:\/\/viggobendz.dk\/sv\/#website\"},\"primaryImageOfPage\":{\"@id\":\"https:\/\/viggobendz.dk\/sv\/butik\/utrustning\/spadar\/spadar-foer-rivning\/6-9-ton\/100-cm\/#primaryimage\"},\"image\":{\"@id\":\"https:\/\/viggobendz.dk\/sv\/butik\/utrustning\/spadar\/spadar-foer-rivning\/6-9-ton\/100-cm\/#primaryimage\"},\"thumbnailUrl\":\"https:\/\/viggobendz.dk\/wp-content\/uploads\/2025\/02\/T3-risteskovl-Photoroom.png\",\"datePublished\":\"2025-03-11T06:51:57+00:00\",\"breadcrumb\":{\"@id\":\"https:\/\/viggobendz.dk\/sv\/butik\/utrustning\/spadar\/spadar-foer-rivning\/6-9-ton\/100-cm\/#breadcrumb\"},\"inLanguage\":\"sv-SE\",\"potentialAction\":[{\"@type\":\"ReadAction\",\"target\":[\"https:\/\/viggobendz.dk\/sv\/butik\/utrustning\/spadar\/spadar-foer-rivning\/6-9-ton\/100-cm\/\"]}]},{\"@type\":\"ImageObject\",\"inLanguage\":\"sv-SE\",\"@id\":\"https:\/\/viggobendz.dk\/sv\/butik\/utrustning\/spadar\/spadar-foer-rivning\/6-9-ton\/100-cm\/#primaryimage\",\"url\":\"https:\/\/viggobendz.dk\/wp-content\/uploads\/2025\/02\/T3-risteskovl-Photoroom.png\",\"contentUrl\":\"https:\/\/viggobendz.dk\/wp-content\/uploads\/2025\/02\/T3-risteskovl-Photoroom.png\",\"width\":600,\"height\":600},{\"@type\":\"BreadcrumbList\",\"@id\":\"https:\/\/viggobendz.dk\/sv\/butik\/utrustning\/spadar\/spadar-foer-rivning\/6-9-ton\/100-cm\/#breadcrumb\",\"itemListElement\":[{\"@type\":\"ListItem\",\"position\":1,\"name\":\"Hjem\",\"item\":\"https:\/\/viggobendz.dk\/sv\/hemsidan\/\"},{\"@type\":\"ListItem\",\"position\":2,\"name\":\"Butik\",\"item\":\"https:\/\/viggobendz.dk\/butik\/\"},{\"@type\":\"ListItem\",\"position\":3,\"name\":\"Utrustning\",\"item\":\"https:\/\/viggobendz.dk\/sv\/vare-kategori\/utrustning\/\"},{\"@type\":\"ListItem\",\"position\":4,\"name\":\"Spadar\",\"item\":\"https:\/\/viggobendz.dk\/sv\/vare-kategori\/utrustning\/spadar\/\"},{\"@type\":\"ListItem\",\"position\":5,\"name\":\"Spadar f\u00f6r rivning\",\"item\":\"https:\/\/viggobendz.dk\/sv\/vare-kategori\/utrustning\/spadar\/spadar-foer-rivning\/\"},{\"@type\":\"ListItem\",\"position\":6,\"name\":\"6-9 ton\",\"item\":\"https:\/\/viggobendz.dk\/sv\/vare-kategori\/utrustning\/spadar\/spadar-foer-rivning\/6-9-ton\/\"},{\"@type\":\"ListItem\",\"position\":7,\"name\":\"100 cm\"}]},{\"@type\":\"WebSite\",\"@id\":\"https:\/\/viggobendz.dk\/sv\/#website\",\"url\":\"https:\/\/viggobendz.dk\/sv\/\",\"name\":\"Viggo Bendz\",\"description\":\"Det ansvarlige valg\",\"publisher\":{\"@id\":\"https:\/\/viggobendz.dk\/sv\/#organization\"},\"potentialAction\":[{\"@type\":\"SearchAction\",\"target\":{\"@type\":\"EntryPoint\",\"urlTemplate\":\"https:\/\/viggobendz.dk\/sv\/?s={search_term_string}\"},\"query-input\":{\"@type\":\"PropertyValueSpecification\",\"valueRequired\":true,\"valueName\":\"search_term_string\"}}],\"inLanguage\":\"sv-SE\"},{\"@type\":\"Organization\",\"@id\":\"https:\/\/viggobendz.dk\/sv\/#organization\",\"name\":\"Viggo Bendz A\/S\",\"url\":\"https:\/\/viggobendz.dk\/sv\/\",\"logo\":{\"@type\":\"ImageObject\",\"inLanguage\":\"sv-SE\",\"@id\":\"https:\/\/viggobendz.dk\/sv\/#\/schema\/logo\/image\/\",\"url\":\"https:\/\/viggobendz.dk\/wp-content\/uploads\/2020\/03\/VB-Logo.png\",\"contentUrl\":\"https:\/\/viggobendz.dk\/wp-content\/uploads\/2020\/03\/VB-Logo.png\",\"width\":735,\"height\":776,\"caption\":\"Viggo Bendz A\/S\"},\"image\":{\"@id\":\"https:\/\/viggobendz.dk\/sv\/#\/schema\/logo\/image\/\"}}]}<\/script>","yoast_head_json":{"title":"100 cm - Viggo Bendz","robots":{"index":"index","follow":"follow","max-snippet":"max-snippet:-1","max-image-preview":"max-image-preview:large","max-video-preview":"max-video-preview:-1"},"canonical":"https:\/\/viggobendz.dk\/sv\/butik\/utrustning\/spadar\/spadar-foer-rivning\/6-9-ton\/100-cm\/","og_locale":"sv_SE","og_type":"article","og_title":"100 cm - Viggo Bendz","og_description":"Spadar f\u00f6r rivning","og_url":"https:\/\/viggobendz.dk\/sv\/butik\/utrustning\/spadar\/spadar-foer-rivning\/6-9-ton\/100-cm\/","og_site_name":"Viggo Bendz","og_image":[{"width":600,"height":600,"url":"https:\/\/viggobendz.dk\/wp-content\/uploads\/2025\/02\/T3-risteskovl-Photoroom.png","type":"image\/png"}],"twitter_card":"summary_large_image","twitter_misc":{"Ber\u00e4knad l\u00e4stid":"1 minut"},"schema":{"@context":"https:\/\/schema.org","@graph":[{"@type":"WebPage","@id":"https:\/\/viggobendz.dk\/sv\/butik\/utrustning\/spadar\/spadar-foer-rivning\/6-9-ton\/100-cm\/","url":"https:\/\/viggobendz.dk\/sv\/butik\/utrustning\/spadar\/spadar-foer-rivning\/6-9-ton\/100-cm\/","name":"100 cm - Viggo Bendz","isPartOf":{"@id":"https:\/\/viggobendz.dk\/sv\/#website"},"primaryImageOfPage":{"@id":"https:\/\/viggobendz.dk\/sv\/butik\/utrustning\/spadar\/spadar-foer-rivning\/6-9-ton\/100-cm\/#primaryimage"},"image":{"@id":"https:\/\/viggobendz.dk\/sv\/butik\/utrustning\/spadar\/spadar-foer-rivning\/6-9-ton\/100-cm\/#primaryimage"},"thumbnailUrl":"https:\/\/viggobendz.dk\/wp-content\/uploads\/2025\/02\/T3-risteskovl-Photoroom.png","datePublished":"2025-03-11T06:51:57+00:00","breadcrumb":{"@id":"https:\/\/viggobendz.dk\/sv\/butik\/utrustning\/spadar\/spadar-foer-rivning\/6-9-ton\/100-cm\/#breadcrumb"},"inLanguage":"sv-SE","potentialAction":[{"@type":"ReadAction","target":["https:\/\/viggobendz.dk\/sv\/butik\/utrustning\/spadar\/spadar-foer-rivning\/6-9-ton\/100-cm\/"]}]},{"@type":"ImageObject","inLanguage":"sv-SE","@id":"https:\/\/viggobendz.dk\/sv\/butik\/utrustning\/spadar\/spadar-foer-rivning\/6-9-ton\/100-cm\/#primaryimage","url":"https:\/\/viggobendz.dk\/wp-content\/uploads\/2025\/02\/T3-risteskovl-Photoroom.png","contentUrl":"https:\/\/viggobendz.dk\/wp-content\/uploads\/2025\/02\/T3-risteskovl-Photoroom.png","width":600,"height":600},{"@type":"BreadcrumbList","@id":"https:\/\/viggobendz.dk\/sv\/butik\/utrustning\/spadar\/spadar-foer-rivning\/6-9-ton\/100-cm\/#breadcrumb","itemListElement":[{"@type":"ListItem","position":1,"name":"Hjem","item":"https:\/\/viggobendz.dk\/sv\/hemsidan\/"},{"@type":"ListItem","position":2,"name":"Butik","item":"https:\/\/viggobendz.dk\/butik\/"},{"@type":"ListItem","position":3,"name":"Utrustning","item":"https:\/\/viggobendz.dk\/sv\/vare-kategori\/utrustning\/"},{"@type":"ListItem","position":4,"name":"Spadar","item":"https:\/\/viggobendz.dk\/sv\/vare-kategori\/utrustning\/spadar\/"},{"@type":"ListItem","position":5,"name":"Spadar f\u00f6r rivning","item":"https:\/\/viggobendz.dk\/sv\/vare-kategori\/utrustning\/spadar\/spadar-foer-rivning\/"},{"@type":"ListItem","position":6,"name":"6-9 ton","item":"https:\/\/viggobendz.dk\/sv\/vare-kategori\/utrustning\/spadar\/spadar-foer-rivning\/6-9-ton\/"},{"@type":"ListItem","position":7,"name":"100 cm"}]},{"@type":"WebSite","@id":"https:\/\/viggobendz.dk\/sv\/#website","url":"https:\/\/viggobendz.dk\/sv\/","name":"Viggo Bendz","description":"Det ansvarlige valg","publisher":{"@id":"https:\/\/viggobendz.dk\/sv\/#organization"},"potentialAction":[{"@type":"SearchAction","target":{"@type":"EntryPoint","urlTemplate":"https:\/\/viggobendz.dk\/sv\/?s={search_term_string}"},"query-input":{"@type":"PropertyValueSpecification","valueRequired":true,"valueName":"search_term_string"}}],"inLanguage":"sv-SE"},{"@type":"Organization","@id":"https:\/\/viggobendz.dk\/sv\/#organization","name":"Viggo Bendz A\/S","url":"https:\/\/viggobendz.dk\/sv\/","logo":{"@type":"ImageObject","inLanguage":"sv-SE","@id":"https:\/\/viggobendz.dk\/sv\/#\/schema\/logo\/image\/","url":"https:\/\/viggobendz.dk\/wp-content\/uploads\/2020\/03\/VB-Logo.png","contentUrl":"https:\/\/viggobendz.dk\/wp-content\/uploads\/2020\/03\/VB-Logo.png","width":735,"height":776,"caption":"Viggo Bendz A\/S"},"image":{"@id":"https:\/\/viggobendz.dk\/sv\/#\/schema\/logo\/image\/"}}]}},"_links":{"self":[{"href":"https:\/\/viggobendz.dk\/sv\/wp-json\/wp\/v2\/product\/25546","targetHints":{"allow":["GET"]}}],"collection":[{"href":"https:\/\/viggobendz.dk\/sv\/wp-json\/wp\/v2\/product"}],"about":[{"href":"https:\/\/viggobendz.dk\/sv\/wp-json\/wp\/v2\/types\/product"}],"wp:featuredmedia":[{"embeddable":true,"href":"https:\/\/viggobendz.dk\/sv\/wp-json\/wp\/v2\/media\/11929"}],"wp:attachment":[{"href":"https:\/\/viggobendz.dk\/sv\/wp-json\/wp\/v2\/media?parent=25546"}],"wp:term":[{"taxonomy":"product_brand","embeddable":true,"href":"https:\/\/viggobendz.dk\/sv\/wp-json\/wp\/v2\/product_brand?post=25546"},{"taxonomy":"product_cat","embeddable":true,"href":"https:\/\/viggobendz.dk\/sv\/wp-json\/wp\/v2\/product_cat?post=25546"},{"taxonomy":"product_tag","embeddable":true,"href":"https:\/\/viggobendz.dk\/sv\/wp-json\/wp\/v2\/product_tag?post=25546"}],"curies":[{"name":"wp","href":"https:\/\/api.w.org\/{rel}","templated":true}]}}