{"id":25759,"date":"2025-03-11T07:52:43","date_gmt":"2025-03-11T06:52:43","guid":{"rendered":"https:\/\/viggobendz.dk\/butik\/okategoriserad\/mekanisk-powertilt-pta-070-hydrema-faste\/"},"modified":"2025-03-11T07:52:43","modified_gmt":"2025-03-11T06:52:43","slug":"mekanisk-powertilt-pta-070-hydrema-faste","status":"publish","type":"product","link":"https:\/\/viggobendz.dk\/sv\/butik\/utrustning\/spadar\/powertilt\/mekanisk\/mekanisk-powertilt-pta-070-hydrema-faste\/","title":{"rendered":"Mekanisk Powertilt &#8211; PTA 070 &#8211; Hydrema faste"},"content":{"rendered":"<p data-start=\"0\" data-end=\"60\"><strong data-start=\"0\" data-end=\"58\">Mekanisk Powertilt &#8211; enkel och tillf\u00f6rlitlig l\u00f6sning f\u00f6r flexibla gr\u00e4vningsarbeten<\/strong><\/p>\n<p data-start=\"61\" data-end=\"200\">En mekanisk krafttipp \u00e4r en tillf\u00f6rlitlig och kostnadseffektiv l\u00f6sning f\u00f6r entrepren\u00f6rer som vill ha \u00f6kad flexibilitet vid gr\u00e4vning utan behov av en hydraulanslutning. Med en justerbar tiltmekanism kan skopan vinklas manuellt f\u00f6r att optimera arbetsst\u00e4llningen i sluttningar, diken och andra utmanande terr\u00e4nger. Den robusta konstruktionen s\u00e4kerst\u00e4ller l\u00e5ng livsl\u00e4ngd och minimalt underh\u00e5ll.  <\/p>\n<ul>\n<li data-start=\"201\" data-end=\"260\"><strong data-start=\"201\" data-end=\"259\">Enkel och tillf\u00f6rlitlig<\/strong> &#8211; Mekanisk justering utan behov av hydraulik eller extra slangar.<\/li>\n<li data-start=\"261\" data-end=\"320\"><strong data-start=\"261\" data-end=\"319\">\u00d6kad flexibilitet<\/strong> &#8211; manuell skoptippning anpassad till den aktuella uppgiften.<\/li>\n<li data-start=\"321\" data-end=\"380\"><strong data-start=\"321\" data-end=\"379\">Slitstark design<\/strong> &#8211; Tillverkad av h\u00f6gh\u00e5llfast st\u00e5l f\u00f6r maximal h\u00e5llbarhet i kr\u00e4vande milj\u00f6er.<\/li>\n<\/ul>\n<p data-start=\"381\" data-end=\"440\">Med en mekanisk kraftlutning f\u00e5r du en tillf\u00f6rlitlig och ekonomisk l\u00f6sning som f\u00f6rb\u00e4ttrar maskinens m\u00e5ngsidighet och effektivitet vid gr\u00e4vningsarbeten.<\/p>\n","protected":false},"excerpt":{"rendered":"<p>Powertilt<\/p>\n","protected":false},"featured_media":11919,"template":"","meta":{"_acf_changed":false},"product_brand":[],"product_cat":[4947,4943,3581,2595],"product_tag":[],"class_list":{"0":"post-25759","1":"product","2":"type-product","3":"status-publish","4":"has-post-thumbnail","6":"product_cat-mekanisk","7":"product_cat-powertilt","8":"product_cat-spadar","9":"product_cat-utrustning","10":"pa_type-2-cp-pta070-mek-hydrema","12":"first","13":"instock","14":"taxable","15":"shipping-taxable","16":"purchasable","17":"product-type-simple"},"acf":[],"yoast_head":"<title>Mekanisk Powertilt - PTA 070 - Hydrema faste - Viggo Bendz<\/title>\n<meta name=\"robots\" content=\"index, follow, max-snippet:-1, max-image-preview:large, max-video-preview:-1\" \/>\n<link rel=\"canonical\" href=\"https:\/\/viggobendz.dk\/sv\/butik\/utrustning\/spadar\/powertilt\/mekanisk\/mekanisk-powertilt-pta-070-hydrema-faste\/\" \/>\n<meta property=\"og:locale\" content=\"sv_SE\" \/>\n<meta property=\"og:type\" content=\"article\" \/>\n<meta property=\"og:title\" content=\"Mekanisk Powertilt - PTA 070 - Hydrema faste - Viggo Bendz\" \/>\n<meta property=\"og:description\" content=\"Powertilt\" \/>\n<meta property=\"og:url\" content=\"https:\/\/viggobendz.dk\/sv\/butik\/utrustning\/spadar\/powertilt\/mekanisk\/mekanisk-powertilt-pta-070-hydrema-faste\/\" \/>\n<meta property=\"og:site_name\" content=\"Viggo Bendz\" \/>\n<meta property=\"og:image\" content=\"https:\/\/viggobendz.dk\/wp-content\/uploads\/2025\/02\/Powertilt-hurtigtskifte-Photoroom.png\" \/>\n\t<meta property=\"og:image:width\" content=\"600\" \/>\n\t<meta property=\"og:image:height\" content=\"600\" \/>\n\t<meta property=\"og:image:type\" content=\"image\/png\" \/>\n<meta name=\"twitter:card\" content=\"summary_large_image\" \/>\n<meta name=\"twitter:label1\" content=\"Ber\u00e4knad l\u00e4stid\" \/>\n\t<meta name=\"twitter:data1\" content=\"1 minut\" \/>\n<script type=\"application\/ld+json\" class=\"yoast-schema-graph\">{\"@context\":\"https:\/\/schema.org\",\"@graph\":[{\"@type\":\"WebPage\",\"@id\":\"https:\/\/viggobendz.dk\/sv\/butik\/utrustning\/spadar\/powertilt\/mekanisk\/mekanisk-powertilt-pta-070-hydrema-faste\/\",\"url\":\"https:\/\/viggobendz.dk\/sv\/butik\/utrustning\/spadar\/powertilt\/mekanisk\/mekanisk-powertilt-pta-070-hydrema-faste\/\",\"name\":\"Mekanisk Powertilt - PTA 070 - Hydrema faste - Viggo Bendz\",\"isPartOf\":{\"@id\":\"https:\/\/viggobendz.dk\/sv\/#website\"},\"primaryImageOfPage\":{\"@id\":\"https:\/\/viggobendz.dk\/sv\/butik\/utrustning\/spadar\/powertilt\/mekanisk\/mekanisk-powertilt-pta-070-hydrema-faste\/#primaryimage\"},\"image\":{\"@id\":\"https:\/\/viggobendz.dk\/sv\/butik\/utrustning\/spadar\/powertilt\/mekanisk\/mekanisk-powertilt-pta-070-hydrema-faste\/#primaryimage\"},\"thumbnailUrl\":\"https:\/\/viggobendz.dk\/wp-content\/uploads\/2025\/02\/Powertilt-hurtigtskifte-Photoroom.png\",\"datePublished\":\"2025-03-11T06:52:43+00:00\",\"breadcrumb\":{\"@id\":\"https:\/\/viggobendz.dk\/sv\/butik\/utrustning\/spadar\/powertilt\/mekanisk\/mekanisk-powertilt-pta-070-hydrema-faste\/#breadcrumb\"},\"inLanguage\":\"sv-SE\",\"potentialAction\":[{\"@type\":\"ReadAction\",\"target\":[\"https:\/\/viggobendz.dk\/sv\/butik\/utrustning\/spadar\/powertilt\/mekanisk\/mekanisk-powertilt-pta-070-hydrema-faste\/\"]}]},{\"@type\":\"ImageObject\",\"inLanguage\":\"sv-SE\",\"@id\":\"https:\/\/viggobendz.dk\/sv\/butik\/utrustning\/spadar\/powertilt\/mekanisk\/mekanisk-powertilt-pta-070-hydrema-faste\/#primaryimage\",\"url\":\"https:\/\/viggobendz.dk\/wp-content\/uploads\/2025\/02\/Powertilt-hurtigtskifte-Photoroom.png\",\"contentUrl\":\"https:\/\/viggobendz.dk\/wp-content\/uploads\/2025\/02\/Powertilt-hurtigtskifte-Photoroom.png\",\"width\":600,\"height\":600},{\"@type\":\"BreadcrumbList\",\"@id\":\"https:\/\/viggobendz.dk\/sv\/butik\/utrustning\/spadar\/powertilt\/mekanisk\/mekanisk-powertilt-pta-070-hydrema-faste\/#breadcrumb\",\"itemListElement\":[{\"@type\":\"ListItem\",\"position\":1,\"name\":\"Hjem\",\"item\":\"https:\/\/viggobendz.dk\/sv\/hemsidan\/\"},{\"@type\":\"ListItem\",\"position\":2,\"name\":\"Butik\",\"item\":\"https:\/\/viggobendz.dk\/butik\/\"},{\"@type\":\"ListItem\",\"position\":3,\"name\":\"Utrustning\",\"item\":\"https:\/\/viggobendz.dk\/sv\/vare-kategori\/utrustning\/\"},{\"@type\":\"ListItem\",\"position\":4,\"name\":\"Spadar\",\"item\":\"https:\/\/viggobendz.dk\/sv\/vare-kategori\/utrustning\/spadar\/\"},{\"@type\":\"ListItem\",\"position\":5,\"name\":\"Powertilt\",\"item\":\"https:\/\/viggobendz.dk\/sv\/vare-kategori\/utrustning\/spadar\/powertilt\/\"},{\"@type\":\"ListItem\",\"position\":6,\"name\":\"Mekanisk\",\"item\":\"https:\/\/viggobendz.dk\/sv\/vare-kategori\/utrustning\/spadar\/powertilt\/mekanisk\/\"},{\"@type\":\"ListItem\",\"position\":7,\"name\":\"Mekanisk Powertilt &#8211; PTA 070 &#8211; Hydrema faste\"}]},{\"@type\":\"WebSite\",\"@id\":\"https:\/\/viggobendz.dk\/sv\/#website\",\"url\":\"https:\/\/viggobendz.dk\/sv\/\",\"name\":\"Viggo Bendz\",\"description\":\"Det ansvarlige valg\",\"publisher\":{\"@id\":\"https:\/\/viggobendz.dk\/sv\/#organization\"},\"potentialAction\":[{\"@type\":\"SearchAction\",\"target\":{\"@type\":\"EntryPoint\",\"urlTemplate\":\"https:\/\/viggobendz.dk\/sv\/?s={search_term_string}\"},\"query-input\":{\"@type\":\"PropertyValueSpecification\",\"valueRequired\":true,\"valueName\":\"search_term_string\"}}],\"inLanguage\":\"sv-SE\"},{\"@type\":\"Organization\",\"@id\":\"https:\/\/viggobendz.dk\/sv\/#organization\",\"name\":\"Viggo Bendz A\/S\",\"url\":\"https:\/\/viggobendz.dk\/sv\/\",\"logo\":{\"@type\":\"ImageObject\",\"inLanguage\":\"sv-SE\",\"@id\":\"https:\/\/viggobendz.dk\/sv\/#\/schema\/logo\/image\/\",\"url\":\"https:\/\/viggobendz.dk\/wp-content\/uploads\/2020\/03\/VB-Logo.png\",\"contentUrl\":\"https:\/\/viggobendz.dk\/wp-content\/uploads\/2020\/03\/VB-Logo.png\",\"width\":735,\"height\":776,\"caption\":\"Viggo Bendz A\/S\"},\"image\":{\"@id\":\"https:\/\/viggobendz.dk\/sv\/#\/schema\/logo\/image\/\"}}]}<\/script>","yoast_head_json":{"title":"Mekanisk Powertilt - PTA 070 - Hydrema faste - Viggo Bendz","robots":{"index":"index","follow":"follow","max-snippet":"max-snippet:-1","max-image-preview":"max-image-preview:large","max-video-preview":"max-video-preview:-1"},"canonical":"https:\/\/viggobendz.dk\/sv\/butik\/utrustning\/spadar\/powertilt\/mekanisk\/mekanisk-powertilt-pta-070-hydrema-faste\/","og_locale":"sv_SE","og_type":"article","og_title":"Mekanisk Powertilt - PTA 070 - Hydrema faste - Viggo Bendz","og_description":"Powertilt","og_url":"https:\/\/viggobendz.dk\/sv\/butik\/utrustning\/spadar\/powertilt\/mekanisk\/mekanisk-powertilt-pta-070-hydrema-faste\/","og_site_name":"Viggo Bendz","og_image":[{"width":600,"height":600,"url":"https:\/\/viggobendz.dk\/wp-content\/uploads\/2025\/02\/Powertilt-hurtigtskifte-Photoroom.png","type":"image\/png"}],"twitter_card":"summary_large_image","twitter_misc":{"Ber\u00e4knad l\u00e4stid":"1 minut"},"schema":{"@context":"https:\/\/schema.org","@graph":[{"@type":"WebPage","@id":"https:\/\/viggobendz.dk\/sv\/butik\/utrustning\/spadar\/powertilt\/mekanisk\/mekanisk-powertilt-pta-070-hydrema-faste\/","url":"https:\/\/viggobendz.dk\/sv\/butik\/utrustning\/spadar\/powertilt\/mekanisk\/mekanisk-powertilt-pta-070-hydrema-faste\/","name":"Mekanisk Powertilt - PTA 070 - Hydrema faste - Viggo Bendz","isPartOf":{"@id":"https:\/\/viggobendz.dk\/sv\/#website"},"primaryImageOfPage":{"@id":"https:\/\/viggobendz.dk\/sv\/butik\/utrustning\/spadar\/powertilt\/mekanisk\/mekanisk-powertilt-pta-070-hydrema-faste\/#primaryimage"},"image":{"@id":"https:\/\/viggobendz.dk\/sv\/butik\/utrustning\/spadar\/powertilt\/mekanisk\/mekanisk-powertilt-pta-070-hydrema-faste\/#primaryimage"},"thumbnailUrl":"https:\/\/viggobendz.dk\/wp-content\/uploads\/2025\/02\/Powertilt-hurtigtskifte-Photoroom.png","datePublished":"2025-03-11T06:52:43+00:00","breadcrumb":{"@id":"https:\/\/viggobendz.dk\/sv\/butik\/utrustning\/spadar\/powertilt\/mekanisk\/mekanisk-powertilt-pta-070-hydrema-faste\/#breadcrumb"},"inLanguage":"sv-SE","potentialAction":[{"@type":"ReadAction","target":["https:\/\/viggobendz.dk\/sv\/butik\/utrustning\/spadar\/powertilt\/mekanisk\/mekanisk-powertilt-pta-070-hydrema-faste\/"]}]},{"@type":"ImageObject","inLanguage":"sv-SE","@id":"https:\/\/viggobendz.dk\/sv\/butik\/utrustning\/spadar\/powertilt\/mekanisk\/mekanisk-powertilt-pta-070-hydrema-faste\/#primaryimage","url":"https:\/\/viggobendz.dk\/wp-content\/uploads\/2025\/02\/Powertilt-hurtigtskifte-Photoroom.png","contentUrl":"https:\/\/viggobendz.dk\/wp-content\/uploads\/2025\/02\/Powertilt-hurtigtskifte-Photoroom.png","width":600,"height":600},{"@type":"BreadcrumbList","@id":"https:\/\/viggobendz.dk\/sv\/butik\/utrustning\/spadar\/powertilt\/mekanisk\/mekanisk-powertilt-pta-070-hydrema-faste\/#breadcrumb","itemListElement":[{"@type":"ListItem","position":1,"name":"Hjem","item":"https:\/\/viggobendz.dk\/sv\/hemsidan\/"},{"@type":"ListItem","position":2,"name":"Butik","item":"https:\/\/viggobendz.dk\/butik\/"},{"@type":"ListItem","position":3,"name":"Utrustning","item":"https:\/\/viggobendz.dk\/sv\/vare-kategori\/utrustning\/"},{"@type":"ListItem","position":4,"name":"Spadar","item":"https:\/\/viggobendz.dk\/sv\/vare-kategori\/utrustning\/spadar\/"},{"@type":"ListItem","position":5,"name":"Powertilt","item":"https:\/\/viggobendz.dk\/sv\/vare-kategori\/utrustning\/spadar\/powertilt\/"},{"@type":"ListItem","position":6,"name":"Mekanisk","item":"https:\/\/viggobendz.dk\/sv\/vare-kategori\/utrustning\/spadar\/powertilt\/mekanisk\/"},{"@type":"ListItem","position":7,"name":"Mekanisk Powertilt &#8211; PTA 070 &#8211; Hydrema faste"}]},{"@type":"WebSite","@id":"https:\/\/viggobendz.dk\/sv\/#website","url":"https:\/\/viggobendz.dk\/sv\/","name":"Viggo Bendz","description":"Det ansvarlige valg","publisher":{"@id":"https:\/\/viggobendz.dk\/sv\/#organization"},"potentialAction":[{"@type":"SearchAction","target":{"@type":"EntryPoint","urlTemplate":"https:\/\/viggobendz.dk\/sv\/?s={search_term_string}"},"query-input":{"@type":"PropertyValueSpecification","valueRequired":true,"valueName":"search_term_string"}}],"inLanguage":"sv-SE"},{"@type":"Organization","@id":"https:\/\/viggobendz.dk\/sv\/#organization","name":"Viggo Bendz A\/S","url":"https:\/\/viggobendz.dk\/sv\/","logo":{"@type":"ImageObject","inLanguage":"sv-SE","@id":"https:\/\/viggobendz.dk\/sv\/#\/schema\/logo\/image\/","url":"https:\/\/viggobendz.dk\/wp-content\/uploads\/2020\/03\/VB-Logo.png","contentUrl":"https:\/\/viggobendz.dk\/wp-content\/uploads\/2020\/03\/VB-Logo.png","width":735,"height":776,"caption":"Viggo Bendz A\/S"},"image":{"@id":"https:\/\/viggobendz.dk\/sv\/#\/schema\/logo\/image\/"}}]}},"_links":{"self":[{"href":"https:\/\/viggobendz.dk\/sv\/wp-json\/wp\/v2\/product\/25759","targetHints":{"allow":["GET"]}}],"collection":[{"href":"https:\/\/viggobendz.dk\/sv\/wp-json\/wp\/v2\/product"}],"about":[{"href":"https:\/\/viggobendz.dk\/sv\/wp-json\/wp\/v2\/types\/product"}],"wp:featuredmedia":[{"embeddable":true,"href":"https:\/\/viggobendz.dk\/sv\/wp-json\/wp\/v2\/media\/11919"}],"wp:attachment":[{"href":"https:\/\/viggobendz.dk\/sv\/wp-json\/wp\/v2\/media?parent=25759"}],"wp:term":[{"taxonomy":"product_brand","embeddable":true,"href":"https:\/\/viggobendz.dk\/sv\/wp-json\/wp\/v2\/product_brand?post=25759"},{"taxonomy":"product_cat","embeddable":true,"href":"https:\/\/viggobendz.dk\/sv\/wp-json\/wp\/v2\/product_cat?post=25759"},{"taxonomy":"product_tag","embeddable":true,"href":"https:\/\/viggobendz.dk\/sv\/wp-json\/wp\/v2\/product_tag?post=25759"}],"curies":[{"name":"wp","href":"https:\/\/api.w.org\/{rel}","templated":true}]}}