{"id":25777,"date":"2025-03-11T07:52:43","date_gmt":"2025-03-11T06:52:43","guid":{"rendered":"https:\/\/viggobendz.dk\/butik\/okategoriserad\/hydraulisk-powertilt-pta-100-hydrema-fasta\/"},"modified":"2025-03-11T07:52:43","modified_gmt":"2025-03-11T06:52:43","slug":"hydraulisk-powertilt-pta-100-hydrema-fasta","status":"publish","type":"product","link":"https:\/\/viggobendz.dk\/sv\/butik\/utrustning\/spadar\/powertilt\/hydraulik\/hydraulisk-powertilt-pta-100-hydrema-fasta\/","title":{"rendered":"Hydraulisk Powertilt &#8211; PTA 100 &#8211; Hydrema fasta"},"content":{"rendered":"<p data-start=\"0\" data-end=\"60\"><strong data-start=\"0\" data-end=\"58\">Hydraulisk Powertilt &#8211; maximal precision och flexibilitet vid gr\u00e4vningsarbeten<\/strong><\/p>\n<p data-start=\"61\" data-end=\"200\">En hydraulisk krafttipp \u00e4r den perfekta l\u00f6sningen f\u00f6r entrepren\u00f6rer som vill ha full kontroll och flexibilitet i sitt gr\u00e4vningsarbete. Med en kraftfull hydraulisk tiltmekanism kan skopan vinklas exakt upp till 180\u00b0, vilket g\u00f6r det enklare att arbeta i sluttningar, diken och andra komplexa terr\u00e4nger. Den slitstarka konstruktionen garanterar l\u00e5ng livsl\u00e4ngd och h\u00f6g tillf\u00f6rlitlighet, \u00e4ven under de mest kr\u00e4vande f\u00f6rh\u00e5llanden.  <\/p>\n<ul>\n<li data-start=\"201\" data-end=\"260\"><strong data-start=\"201\" data-end=\"259\">Maximal r\u00f6rlighet<\/strong> &#8211; upp till 180\u00b0 hydraulisk lutning f\u00f6r exakt positionering.<\/li>\n<li data-start=\"261\" data-end=\"320\"><strong data-start=\"261\" data-end=\"319\">\u00d6kad effektivitet<\/strong> &#8211; Minskar behovet av maskinjusteringar och sparar tid p\u00e5 arbetsuppgifterna.<\/li>\n<li data-start=\"321\" data-end=\"380\"><strong data-start=\"321\" data-end=\"379\">Slitstark och robust<\/strong> &#8211; Tillverkad av h\u00f6gh\u00e5llfast st\u00e5l f\u00f6r maximal h\u00e5llbarhet och tillf\u00f6rlitlighet.<\/li>\n<\/ul>\n<p data-start=\"381\" data-end=\"440\">Med en hydraulisk jordfr\u00e4s f\u00e5r du en m\u00e5ngsidig och tillf\u00f6rlitlig l\u00f6sning som optimerar maskinens funktionalitet och f\u00f6rb\u00e4ttrar produktiviteten p\u00e5 arbetsplatsen.<\/p>\n","protected":false},"excerpt":{"rendered":"<p>Powertilt<\/p>\n","protected":false},"featured_media":11919,"template":"","meta":{"_acf_changed":false},"product_brand":[],"product_cat":[4992,4943,3581,2595],"product_tag":[],"class_list":{"0":"post-25777","1":"product","2":"type-product","3":"status-publish","4":"has-post-thumbnail","6":"product_cat-hydraulik","7":"product_cat-powertilt","8":"product_cat-spadar","9":"product_cat-utrustning","10":"pa_type-2-cp-pta100-hv-hydrema","12":"first","13":"instock","14":"taxable","15":"shipping-taxable","16":"product-type-simple"},"acf":[],"yoast_head":"<title>Hydraulisk Powertilt - PTA 100 - Hydrema fasta - Viggo Bendz<\/title>\n<meta name=\"robots\" content=\"index, follow, max-snippet:-1, max-image-preview:large, max-video-preview:-1\" \/>\n<link rel=\"canonical\" href=\"https:\/\/viggobendz.dk\/sv\/butik\/utrustning\/spadar\/powertilt\/hydraulik\/hydraulisk-powertilt-pta-100-hydrema-fasta\/\" \/>\n<meta property=\"og:locale\" content=\"sv_SE\" \/>\n<meta property=\"og:type\" content=\"article\" \/>\n<meta property=\"og:title\" content=\"Hydraulisk Powertilt - PTA 100 - Hydrema fasta - Viggo Bendz\" \/>\n<meta property=\"og:description\" content=\"Powertilt\" \/>\n<meta property=\"og:url\" content=\"https:\/\/viggobendz.dk\/sv\/butik\/utrustning\/spadar\/powertilt\/hydraulik\/hydraulisk-powertilt-pta-100-hydrema-fasta\/\" \/>\n<meta property=\"og:site_name\" content=\"Viggo Bendz\" \/>\n<meta property=\"og:image\" content=\"https:\/\/viggobendz.dk\/wp-content\/uploads\/2025\/02\/Powertilt-hurtigtskifte-Photoroom.png\" \/>\n\t<meta property=\"og:image:width\" content=\"600\" \/>\n\t<meta property=\"og:image:height\" content=\"600\" \/>\n\t<meta property=\"og:image:type\" content=\"image\/png\" \/>\n<meta name=\"twitter:card\" content=\"summary_large_image\" \/>\n<meta name=\"twitter:label1\" content=\"Ber\u00e4knad l\u00e4stid\" \/>\n\t<meta name=\"twitter:data1\" content=\"1 minut\" \/>\n<script type=\"application\/ld+json\" class=\"yoast-schema-graph\">{\"@context\":\"https:\/\/schema.org\",\"@graph\":[{\"@type\":\"WebPage\",\"@id\":\"https:\/\/viggobendz.dk\/sv\/butik\/utrustning\/spadar\/powertilt\/hydraulik\/hydraulisk-powertilt-pta-100-hydrema-fasta\/\",\"url\":\"https:\/\/viggobendz.dk\/sv\/butik\/utrustning\/spadar\/powertilt\/hydraulik\/hydraulisk-powertilt-pta-100-hydrema-fasta\/\",\"name\":\"Hydraulisk Powertilt - PTA 100 - Hydrema fasta - Viggo Bendz\",\"isPartOf\":{\"@id\":\"https:\/\/viggobendz.dk\/sv\/#website\"},\"primaryImageOfPage\":{\"@id\":\"https:\/\/viggobendz.dk\/sv\/butik\/utrustning\/spadar\/powertilt\/hydraulik\/hydraulisk-powertilt-pta-100-hydrema-fasta\/#primaryimage\"},\"image\":{\"@id\":\"https:\/\/viggobendz.dk\/sv\/butik\/utrustning\/spadar\/powertilt\/hydraulik\/hydraulisk-powertilt-pta-100-hydrema-fasta\/#primaryimage\"},\"thumbnailUrl\":\"https:\/\/viggobendz.dk\/wp-content\/uploads\/2025\/02\/Powertilt-hurtigtskifte-Photoroom.png\",\"datePublished\":\"2025-03-11T06:52:43+00:00\",\"breadcrumb\":{\"@id\":\"https:\/\/viggobendz.dk\/sv\/butik\/utrustning\/spadar\/powertilt\/hydraulik\/hydraulisk-powertilt-pta-100-hydrema-fasta\/#breadcrumb\"},\"inLanguage\":\"sv-SE\",\"potentialAction\":[{\"@type\":\"ReadAction\",\"target\":[\"https:\/\/viggobendz.dk\/sv\/butik\/utrustning\/spadar\/powertilt\/hydraulik\/hydraulisk-powertilt-pta-100-hydrema-fasta\/\"]}]},{\"@type\":\"ImageObject\",\"inLanguage\":\"sv-SE\",\"@id\":\"https:\/\/viggobendz.dk\/sv\/butik\/utrustning\/spadar\/powertilt\/hydraulik\/hydraulisk-powertilt-pta-100-hydrema-fasta\/#primaryimage\",\"url\":\"https:\/\/viggobendz.dk\/wp-content\/uploads\/2025\/02\/Powertilt-hurtigtskifte-Photoroom.png\",\"contentUrl\":\"https:\/\/viggobendz.dk\/wp-content\/uploads\/2025\/02\/Powertilt-hurtigtskifte-Photoroom.png\",\"width\":600,\"height\":600},{\"@type\":\"BreadcrumbList\",\"@id\":\"https:\/\/viggobendz.dk\/sv\/butik\/utrustning\/spadar\/powertilt\/hydraulik\/hydraulisk-powertilt-pta-100-hydrema-fasta\/#breadcrumb\",\"itemListElement\":[{\"@type\":\"ListItem\",\"position\":1,\"name\":\"Hjem\",\"item\":\"https:\/\/viggobendz.dk\/sv\/hemsidan\/\"},{\"@type\":\"ListItem\",\"position\":2,\"name\":\"Butik\",\"item\":\"https:\/\/viggobendz.dk\/butik\/\"},{\"@type\":\"ListItem\",\"position\":3,\"name\":\"Utrustning\",\"item\":\"https:\/\/viggobendz.dk\/sv\/vare-kategori\/utrustning\/\"},{\"@type\":\"ListItem\",\"position\":4,\"name\":\"Spadar\",\"item\":\"https:\/\/viggobendz.dk\/sv\/vare-kategori\/utrustning\/spadar\/\"},{\"@type\":\"ListItem\",\"position\":5,\"name\":\"Powertilt\",\"item\":\"https:\/\/viggobendz.dk\/sv\/vare-kategori\/utrustning\/spadar\/powertilt\/\"},{\"@type\":\"ListItem\",\"position\":6,\"name\":\"Hydraulik\",\"item\":\"https:\/\/viggobendz.dk\/sv\/vare-kategori\/utrustning\/spadar\/powertilt\/hydraulik\/\"},{\"@type\":\"ListItem\",\"position\":7,\"name\":\"Hydraulisk Powertilt &#8211; PTA 100 &#8211; Hydrema fasta\"}]},{\"@type\":\"WebSite\",\"@id\":\"https:\/\/viggobendz.dk\/sv\/#website\",\"url\":\"https:\/\/viggobendz.dk\/sv\/\",\"name\":\"Viggo Bendz\",\"description\":\"Det ansvarlige valg\",\"publisher\":{\"@id\":\"https:\/\/viggobendz.dk\/sv\/#organization\"},\"potentialAction\":[{\"@type\":\"SearchAction\",\"target\":{\"@type\":\"EntryPoint\",\"urlTemplate\":\"https:\/\/viggobendz.dk\/sv\/?s={search_term_string}\"},\"query-input\":{\"@type\":\"PropertyValueSpecification\",\"valueRequired\":true,\"valueName\":\"search_term_string\"}}],\"inLanguage\":\"sv-SE\"},{\"@type\":\"Organization\",\"@id\":\"https:\/\/viggobendz.dk\/sv\/#organization\",\"name\":\"Viggo Bendz A\/S\",\"url\":\"https:\/\/viggobendz.dk\/sv\/\",\"logo\":{\"@type\":\"ImageObject\",\"inLanguage\":\"sv-SE\",\"@id\":\"https:\/\/viggobendz.dk\/sv\/#\/schema\/logo\/image\/\",\"url\":\"https:\/\/viggobendz.dk\/wp-content\/uploads\/2020\/03\/VB-Logo.png\",\"contentUrl\":\"https:\/\/viggobendz.dk\/wp-content\/uploads\/2020\/03\/VB-Logo.png\",\"width\":735,\"height\":776,\"caption\":\"Viggo Bendz A\/S\"},\"image\":{\"@id\":\"https:\/\/viggobendz.dk\/sv\/#\/schema\/logo\/image\/\"}}]}<\/script>","yoast_head_json":{"title":"Hydraulisk Powertilt - PTA 100 - Hydrema fasta - Viggo Bendz","robots":{"index":"index","follow":"follow","max-snippet":"max-snippet:-1","max-image-preview":"max-image-preview:large","max-video-preview":"max-video-preview:-1"},"canonical":"https:\/\/viggobendz.dk\/sv\/butik\/utrustning\/spadar\/powertilt\/hydraulik\/hydraulisk-powertilt-pta-100-hydrema-fasta\/","og_locale":"sv_SE","og_type":"article","og_title":"Hydraulisk Powertilt - PTA 100 - Hydrema fasta - Viggo Bendz","og_description":"Powertilt","og_url":"https:\/\/viggobendz.dk\/sv\/butik\/utrustning\/spadar\/powertilt\/hydraulik\/hydraulisk-powertilt-pta-100-hydrema-fasta\/","og_site_name":"Viggo Bendz","og_image":[{"width":600,"height":600,"url":"https:\/\/viggobendz.dk\/wp-content\/uploads\/2025\/02\/Powertilt-hurtigtskifte-Photoroom.png","type":"image\/png"}],"twitter_card":"summary_large_image","twitter_misc":{"Ber\u00e4knad l\u00e4stid":"1 minut"},"schema":{"@context":"https:\/\/schema.org","@graph":[{"@type":"WebPage","@id":"https:\/\/viggobendz.dk\/sv\/butik\/utrustning\/spadar\/powertilt\/hydraulik\/hydraulisk-powertilt-pta-100-hydrema-fasta\/","url":"https:\/\/viggobendz.dk\/sv\/butik\/utrustning\/spadar\/powertilt\/hydraulik\/hydraulisk-powertilt-pta-100-hydrema-fasta\/","name":"Hydraulisk Powertilt - PTA 100 - Hydrema fasta - Viggo Bendz","isPartOf":{"@id":"https:\/\/viggobendz.dk\/sv\/#website"},"primaryImageOfPage":{"@id":"https:\/\/viggobendz.dk\/sv\/butik\/utrustning\/spadar\/powertilt\/hydraulik\/hydraulisk-powertilt-pta-100-hydrema-fasta\/#primaryimage"},"image":{"@id":"https:\/\/viggobendz.dk\/sv\/butik\/utrustning\/spadar\/powertilt\/hydraulik\/hydraulisk-powertilt-pta-100-hydrema-fasta\/#primaryimage"},"thumbnailUrl":"https:\/\/viggobendz.dk\/wp-content\/uploads\/2025\/02\/Powertilt-hurtigtskifte-Photoroom.png","datePublished":"2025-03-11T06:52:43+00:00","breadcrumb":{"@id":"https:\/\/viggobendz.dk\/sv\/butik\/utrustning\/spadar\/powertilt\/hydraulik\/hydraulisk-powertilt-pta-100-hydrema-fasta\/#breadcrumb"},"inLanguage":"sv-SE","potentialAction":[{"@type":"ReadAction","target":["https:\/\/viggobendz.dk\/sv\/butik\/utrustning\/spadar\/powertilt\/hydraulik\/hydraulisk-powertilt-pta-100-hydrema-fasta\/"]}]},{"@type":"ImageObject","inLanguage":"sv-SE","@id":"https:\/\/viggobendz.dk\/sv\/butik\/utrustning\/spadar\/powertilt\/hydraulik\/hydraulisk-powertilt-pta-100-hydrema-fasta\/#primaryimage","url":"https:\/\/viggobendz.dk\/wp-content\/uploads\/2025\/02\/Powertilt-hurtigtskifte-Photoroom.png","contentUrl":"https:\/\/viggobendz.dk\/wp-content\/uploads\/2025\/02\/Powertilt-hurtigtskifte-Photoroom.png","width":600,"height":600},{"@type":"BreadcrumbList","@id":"https:\/\/viggobendz.dk\/sv\/butik\/utrustning\/spadar\/powertilt\/hydraulik\/hydraulisk-powertilt-pta-100-hydrema-fasta\/#breadcrumb","itemListElement":[{"@type":"ListItem","position":1,"name":"Hjem","item":"https:\/\/viggobendz.dk\/sv\/hemsidan\/"},{"@type":"ListItem","position":2,"name":"Butik","item":"https:\/\/viggobendz.dk\/butik\/"},{"@type":"ListItem","position":3,"name":"Utrustning","item":"https:\/\/viggobendz.dk\/sv\/vare-kategori\/utrustning\/"},{"@type":"ListItem","position":4,"name":"Spadar","item":"https:\/\/viggobendz.dk\/sv\/vare-kategori\/utrustning\/spadar\/"},{"@type":"ListItem","position":5,"name":"Powertilt","item":"https:\/\/viggobendz.dk\/sv\/vare-kategori\/utrustning\/spadar\/powertilt\/"},{"@type":"ListItem","position":6,"name":"Hydraulik","item":"https:\/\/viggobendz.dk\/sv\/vare-kategori\/utrustning\/spadar\/powertilt\/hydraulik\/"},{"@type":"ListItem","position":7,"name":"Hydraulisk Powertilt &#8211; PTA 100 &#8211; Hydrema fasta"}]},{"@type":"WebSite","@id":"https:\/\/viggobendz.dk\/sv\/#website","url":"https:\/\/viggobendz.dk\/sv\/","name":"Viggo Bendz","description":"Det ansvarlige valg","publisher":{"@id":"https:\/\/viggobendz.dk\/sv\/#organization"},"potentialAction":[{"@type":"SearchAction","target":{"@type":"EntryPoint","urlTemplate":"https:\/\/viggobendz.dk\/sv\/?s={search_term_string}"},"query-input":{"@type":"PropertyValueSpecification","valueRequired":true,"valueName":"search_term_string"}}],"inLanguage":"sv-SE"},{"@type":"Organization","@id":"https:\/\/viggobendz.dk\/sv\/#organization","name":"Viggo Bendz A\/S","url":"https:\/\/viggobendz.dk\/sv\/","logo":{"@type":"ImageObject","inLanguage":"sv-SE","@id":"https:\/\/viggobendz.dk\/sv\/#\/schema\/logo\/image\/","url":"https:\/\/viggobendz.dk\/wp-content\/uploads\/2020\/03\/VB-Logo.png","contentUrl":"https:\/\/viggobendz.dk\/wp-content\/uploads\/2020\/03\/VB-Logo.png","width":735,"height":776,"caption":"Viggo Bendz A\/S"},"image":{"@id":"https:\/\/viggobendz.dk\/sv\/#\/schema\/logo\/image\/"}}]}},"_links":{"self":[{"href":"https:\/\/viggobendz.dk\/sv\/wp-json\/wp\/v2\/product\/25777","targetHints":{"allow":["GET"]}}],"collection":[{"href":"https:\/\/viggobendz.dk\/sv\/wp-json\/wp\/v2\/product"}],"about":[{"href":"https:\/\/viggobendz.dk\/sv\/wp-json\/wp\/v2\/types\/product"}],"wp:featuredmedia":[{"embeddable":true,"href":"https:\/\/viggobendz.dk\/sv\/wp-json\/wp\/v2\/media\/11919"}],"wp:attachment":[{"href":"https:\/\/viggobendz.dk\/sv\/wp-json\/wp\/v2\/media?parent=25777"}],"wp:term":[{"taxonomy":"product_brand","embeddable":true,"href":"https:\/\/viggobendz.dk\/sv\/wp-json\/wp\/v2\/product_brand?post=25777"},{"taxonomy":"product_cat","embeddable":true,"href":"https:\/\/viggobendz.dk\/sv\/wp-json\/wp\/v2\/product_cat?post=25777"},{"taxonomy":"product_tag","embeddable":true,"href":"https:\/\/viggobendz.dk\/sv\/wp-json\/wp\/v2\/product_tag?post=25777"}],"curies":[{"name":"wp","href":"https:\/\/api.w.org\/{rel}","templated":true}]}}