{"id":25884,"date":"2025-03-11T07:51:01","date_gmt":"2025-03-11T06:51:01","guid":{"rendered":"https:\/\/viggobendz.dk\/butik\/okategoriserad\/40-cm\/"},"modified":"2025-03-11T07:51:01","modified_gmt":"2025-03-11T06:51:01","slug":"40-cm","status":"publish","type":"product","link":"https:\/\/viggobendz.dk\/sv\/butik\/utrustning\/spadar\/hinkar-av-lera\/08-1-ton\/40-cm\/","title":{"rendered":"40 cm"},"content":{"rendered":"<p data-start=\"0\" data-end=\"60\"><strong data-start=\"0\" data-end=\"58\">Lerskopor fr\u00e5n CP &#8211; Effektiv gr\u00e4vning i mjuka och klibbiga material<\/strong><\/p>\n<p data-start=\"61\" data-end=\"200\">CP lerskopor \u00e4r konstruerade f\u00f6r entrepren\u00f6rer som arbetar med schaktning i lera, gyttja och andra klibbiga material. Den optimerade skopgeometrin g\u00f6r att materialet sl\u00e4pper l\u00e4ttare, vilket minskar motst\u00e5ndet och \u00f6kar effektiviteten. CP-lerskoporna har en h\u00e5llbar konstruktion och f\u00f6rst\u00e4rkta blad och \u00e4r idealiska f\u00f6r kr\u00e4vande gr\u00e4vningsarbeten.  <\/p>\n<ul>\n<li data-start=\"201\" data-end=\"260\"><strong data-start=\"201\" data-end=\"259\">Optimal design f\u00f6r lera<\/strong> &#8211; Speciellt utformad f\u00f6r att minimera fastkl\u00e4mning och f\u00f6rb\u00e4ttra materialfl\u00f6det.<\/li>\n<li data-start=\"261\" data-end=\"320\"><strong data-start=\"261\" data-end=\"319\">Slitstark konstruktion<\/strong> &#8211; Tillverkad av h\u00f6gh\u00e5llfast st\u00e5l f\u00f6r l\u00e5ng livsl\u00e4ngd och minimalt underh\u00e5ll.<\/li>\n<li data-start=\"321\" data-end=\"380\"><strong data-start=\"321\" data-end=\"379\">Effektiv gr\u00e4vning<\/strong> &#8211; \u00d6kad kapacitet och minskat motst\u00e5nd ger h\u00f6g produktivitet.<\/li>\n<\/ul>\n<p data-start=\"381\" data-end=\"440\">Med en CP-lerskopa f\u00e5r du en tillf\u00f6rlitlig och effektiv l\u00f6sning som f\u00f6rb\u00e4ttrar gr\u00e4vningsarbetet och s\u00e4kerst\u00e4ller optimala resultat i lerig terr\u00e4ng.<\/p>\n","protected":false},"excerpt":{"rendered":"<p>Hinkar av lera<\/p>\n","protected":false},"featured_media":11924,"template":"","meta":{"_acf_changed":false},"product_brand":[],"product_cat":[5480,5479,3581,2595],"product_tag":[],"class_list":{"0":"post-25884","1":"product","2":"type-product","3":"status-publish","4":"has-post-thumbnail","6":"product_cat-08-1-ton","7":"product_cat-hinkar-av-lera","8":"product_cat-spadar","9":"product_cat-utrustning","10":"pa_type-2-cp-t1-l40","12":"first","13":"instock","14":"taxable","15":"shipping-taxable","16":"purchasable","17":"product-type-simple"},"acf":[],"yoast_head":"<title>40 cm - Viggo Bendz<\/title>\n<meta name=\"robots\" content=\"index, follow, max-snippet:-1, max-image-preview:large, max-video-preview:-1\" \/>\n<link rel=\"canonical\" href=\"https:\/\/viggobendz.dk\/sv\/butik\/utrustning\/spadar\/hinkar-av-lera\/08-1-ton\/40-cm\/\" \/>\n<meta property=\"og:locale\" content=\"sv_SE\" \/>\n<meta property=\"og:type\" content=\"article\" \/>\n<meta property=\"og:title\" content=\"40 cm - Viggo Bendz\" \/>\n<meta property=\"og:description\" content=\"Hinkar av lera\" \/>\n<meta property=\"og:url\" content=\"https:\/\/viggobendz.dk\/sv\/butik\/utrustning\/spadar\/hinkar-av-lera\/08-1-ton\/40-cm\/\" \/>\n<meta property=\"og:site_name\" content=\"Viggo Bendz\" \/>\n<meta property=\"og:image\" content=\"https:\/\/viggobendz.dk\/wp-content\/uploads\/2025\/02\/T2-lerskovl-Photoroom.png\" \/>\n\t<meta property=\"og:image:width\" content=\"600\" \/>\n\t<meta property=\"og:image:height\" content=\"600\" \/>\n\t<meta property=\"og:image:type\" content=\"image\/png\" \/>\n<meta name=\"twitter:card\" content=\"summary_large_image\" \/>\n<meta name=\"twitter:label1\" content=\"Ber\u00e4knad l\u00e4stid\" \/>\n\t<meta name=\"twitter:data1\" content=\"1 minut\" \/>\n<script type=\"application\/ld+json\" class=\"yoast-schema-graph\">{\"@context\":\"https:\/\/schema.org\",\"@graph\":[{\"@type\":\"WebPage\",\"@id\":\"https:\/\/viggobendz.dk\/sv\/butik\/utrustning\/spadar\/hinkar-av-lera\/08-1-ton\/40-cm\/\",\"url\":\"https:\/\/viggobendz.dk\/sv\/butik\/utrustning\/spadar\/hinkar-av-lera\/08-1-ton\/40-cm\/\",\"name\":\"40 cm - Viggo Bendz\",\"isPartOf\":{\"@id\":\"https:\/\/viggobendz.dk\/sv\/#website\"},\"primaryImageOfPage\":{\"@id\":\"https:\/\/viggobendz.dk\/sv\/butik\/utrustning\/spadar\/hinkar-av-lera\/08-1-ton\/40-cm\/#primaryimage\"},\"image\":{\"@id\":\"https:\/\/viggobendz.dk\/sv\/butik\/utrustning\/spadar\/hinkar-av-lera\/08-1-ton\/40-cm\/#primaryimage\"},\"thumbnailUrl\":\"https:\/\/viggobendz.dk\/wp-content\/uploads\/2025\/02\/T2-lerskovl-Photoroom.png\",\"datePublished\":\"2025-03-11T06:51:01+00:00\",\"breadcrumb\":{\"@id\":\"https:\/\/viggobendz.dk\/sv\/butik\/utrustning\/spadar\/hinkar-av-lera\/08-1-ton\/40-cm\/#breadcrumb\"},\"inLanguage\":\"sv-SE\",\"potentialAction\":[{\"@type\":\"ReadAction\",\"target\":[\"https:\/\/viggobendz.dk\/sv\/butik\/utrustning\/spadar\/hinkar-av-lera\/08-1-ton\/40-cm\/\"]}]},{\"@type\":\"ImageObject\",\"inLanguage\":\"sv-SE\",\"@id\":\"https:\/\/viggobendz.dk\/sv\/butik\/utrustning\/spadar\/hinkar-av-lera\/08-1-ton\/40-cm\/#primaryimage\",\"url\":\"https:\/\/viggobendz.dk\/wp-content\/uploads\/2025\/02\/T2-lerskovl-Photoroom.png\",\"contentUrl\":\"https:\/\/viggobendz.dk\/wp-content\/uploads\/2025\/02\/T2-lerskovl-Photoroom.png\",\"width\":600,\"height\":600},{\"@type\":\"BreadcrumbList\",\"@id\":\"https:\/\/viggobendz.dk\/sv\/butik\/utrustning\/spadar\/hinkar-av-lera\/08-1-ton\/40-cm\/#breadcrumb\",\"itemListElement\":[{\"@type\":\"ListItem\",\"position\":1,\"name\":\"Hjem\",\"item\":\"https:\/\/viggobendz.dk\/sv\/hemsidan\/\"},{\"@type\":\"ListItem\",\"position\":2,\"name\":\"Butik\",\"item\":\"https:\/\/viggobendz.dk\/butik\/\"},{\"@type\":\"ListItem\",\"position\":3,\"name\":\"Utrustning\",\"item\":\"https:\/\/viggobendz.dk\/sv\/vare-kategori\/utrustning\/\"},{\"@type\":\"ListItem\",\"position\":4,\"name\":\"Spadar\",\"item\":\"https:\/\/viggobendz.dk\/sv\/vare-kategori\/utrustning\/spadar\/\"},{\"@type\":\"ListItem\",\"position\":5,\"name\":\"Hinkar av lera\",\"item\":\"https:\/\/viggobendz.dk\/sv\/vare-kategori\/utrustning\/spadar\/hinkar-av-lera\/\"},{\"@type\":\"ListItem\",\"position\":6,\"name\":\"0,8-1 ton\",\"item\":\"https:\/\/viggobendz.dk\/sv\/vare-kategori\/utrustning\/spadar\/hinkar-av-lera\/08-1-ton\/\"},{\"@type\":\"ListItem\",\"position\":7,\"name\":\"40 cm\"}]},{\"@type\":\"WebSite\",\"@id\":\"https:\/\/viggobendz.dk\/sv\/#website\",\"url\":\"https:\/\/viggobendz.dk\/sv\/\",\"name\":\"Viggo Bendz\",\"description\":\"Det ansvarlige valg\",\"publisher\":{\"@id\":\"https:\/\/viggobendz.dk\/sv\/#organization\"},\"potentialAction\":[{\"@type\":\"SearchAction\",\"target\":{\"@type\":\"EntryPoint\",\"urlTemplate\":\"https:\/\/viggobendz.dk\/sv\/?s={search_term_string}\"},\"query-input\":{\"@type\":\"PropertyValueSpecification\",\"valueRequired\":true,\"valueName\":\"search_term_string\"}}],\"inLanguage\":\"sv-SE\"},{\"@type\":\"Organization\",\"@id\":\"https:\/\/viggobendz.dk\/sv\/#organization\",\"name\":\"Viggo Bendz A\/S\",\"url\":\"https:\/\/viggobendz.dk\/sv\/\",\"logo\":{\"@type\":\"ImageObject\",\"inLanguage\":\"sv-SE\",\"@id\":\"https:\/\/viggobendz.dk\/sv\/#\/schema\/logo\/image\/\",\"url\":\"https:\/\/viggobendz.dk\/wp-content\/uploads\/2020\/03\/VB-Logo.png\",\"contentUrl\":\"https:\/\/viggobendz.dk\/wp-content\/uploads\/2020\/03\/VB-Logo.png\",\"width\":735,\"height\":776,\"caption\":\"Viggo Bendz A\/S\"},\"image\":{\"@id\":\"https:\/\/viggobendz.dk\/sv\/#\/schema\/logo\/image\/\"}}]}<\/script>","yoast_head_json":{"title":"40 cm - Viggo Bendz","robots":{"index":"index","follow":"follow","max-snippet":"max-snippet:-1","max-image-preview":"max-image-preview:large","max-video-preview":"max-video-preview:-1"},"canonical":"https:\/\/viggobendz.dk\/sv\/butik\/utrustning\/spadar\/hinkar-av-lera\/08-1-ton\/40-cm\/","og_locale":"sv_SE","og_type":"article","og_title":"40 cm - Viggo Bendz","og_description":"Hinkar av lera","og_url":"https:\/\/viggobendz.dk\/sv\/butik\/utrustning\/spadar\/hinkar-av-lera\/08-1-ton\/40-cm\/","og_site_name":"Viggo Bendz","og_image":[{"width":600,"height":600,"url":"https:\/\/viggobendz.dk\/wp-content\/uploads\/2025\/02\/T2-lerskovl-Photoroom.png","type":"image\/png"}],"twitter_card":"summary_large_image","twitter_misc":{"Ber\u00e4knad l\u00e4stid":"1 minut"},"schema":{"@context":"https:\/\/schema.org","@graph":[{"@type":"WebPage","@id":"https:\/\/viggobendz.dk\/sv\/butik\/utrustning\/spadar\/hinkar-av-lera\/08-1-ton\/40-cm\/","url":"https:\/\/viggobendz.dk\/sv\/butik\/utrustning\/spadar\/hinkar-av-lera\/08-1-ton\/40-cm\/","name":"40 cm - Viggo Bendz","isPartOf":{"@id":"https:\/\/viggobendz.dk\/sv\/#website"},"primaryImageOfPage":{"@id":"https:\/\/viggobendz.dk\/sv\/butik\/utrustning\/spadar\/hinkar-av-lera\/08-1-ton\/40-cm\/#primaryimage"},"image":{"@id":"https:\/\/viggobendz.dk\/sv\/butik\/utrustning\/spadar\/hinkar-av-lera\/08-1-ton\/40-cm\/#primaryimage"},"thumbnailUrl":"https:\/\/viggobendz.dk\/wp-content\/uploads\/2025\/02\/T2-lerskovl-Photoroom.png","datePublished":"2025-03-11T06:51:01+00:00","breadcrumb":{"@id":"https:\/\/viggobendz.dk\/sv\/butik\/utrustning\/spadar\/hinkar-av-lera\/08-1-ton\/40-cm\/#breadcrumb"},"inLanguage":"sv-SE","potentialAction":[{"@type":"ReadAction","target":["https:\/\/viggobendz.dk\/sv\/butik\/utrustning\/spadar\/hinkar-av-lera\/08-1-ton\/40-cm\/"]}]},{"@type":"ImageObject","inLanguage":"sv-SE","@id":"https:\/\/viggobendz.dk\/sv\/butik\/utrustning\/spadar\/hinkar-av-lera\/08-1-ton\/40-cm\/#primaryimage","url":"https:\/\/viggobendz.dk\/wp-content\/uploads\/2025\/02\/T2-lerskovl-Photoroom.png","contentUrl":"https:\/\/viggobendz.dk\/wp-content\/uploads\/2025\/02\/T2-lerskovl-Photoroom.png","width":600,"height":600},{"@type":"BreadcrumbList","@id":"https:\/\/viggobendz.dk\/sv\/butik\/utrustning\/spadar\/hinkar-av-lera\/08-1-ton\/40-cm\/#breadcrumb","itemListElement":[{"@type":"ListItem","position":1,"name":"Hjem","item":"https:\/\/viggobendz.dk\/sv\/hemsidan\/"},{"@type":"ListItem","position":2,"name":"Butik","item":"https:\/\/viggobendz.dk\/butik\/"},{"@type":"ListItem","position":3,"name":"Utrustning","item":"https:\/\/viggobendz.dk\/sv\/vare-kategori\/utrustning\/"},{"@type":"ListItem","position":4,"name":"Spadar","item":"https:\/\/viggobendz.dk\/sv\/vare-kategori\/utrustning\/spadar\/"},{"@type":"ListItem","position":5,"name":"Hinkar av lera","item":"https:\/\/viggobendz.dk\/sv\/vare-kategori\/utrustning\/spadar\/hinkar-av-lera\/"},{"@type":"ListItem","position":6,"name":"0,8-1 ton","item":"https:\/\/viggobendz.dk\/sv\/vare-kategori\/utrustning\/spadar\/hinkar-av-lera\/08-1-ton\/"},{"@type":"ListItem","position":7,"name":"40 cm"}]},{"@type":"WebSite","@id":"https:\/\/viggobendz.dk\/sv\/#website","url":"https:\/\/viggobendz.dk\/sv\/","name":"Viggo Bendz","description":"Det ansvarlige valg","publisher":{"@id":"https:\/\/viggobendz.dk\/sv\/#organization"},"potentialAction":[{"@type":"SearchAction","target":{"@type":"EntryPoint","urlTemplate":"https:\/\/viggobendz.dk\/sv\/?s={search_term_string}"},"query-input":{"@type":"PropertyValueSpecification","valueRequired":true,"valueName":"search_term_string"}}],"inLanguage":"sv-SE"},{"@type":"Organization","@id":"https:\/\/viggobendz.dk\/sv\/#organization","name":"Viggo Bendz A\/S","url":"https:\/\/viggobendz.dk\/sv\/","logo":{"@type":"ImageObject","inLanguage":"sv-SE","@id":"https:\/\/viggobendz.dk\/sv\/#\/schema\/logo\/image\/","url":"https:\/\/viggobendz.dk\/wp-content\/uploads\/2020\/03\/VB-Logo.png","contentUrl":"https:\/\/viggobendz.dk\/wp-content\/uploads\/2020\/03\/VB-Logo.png","width":735,"height":776,"caption":"Viggo Bendz A\/S"},"image":{"@id":"https:\/\/viggobendz.dk\/sv\/#\/schema\/logo\/image\/"}}]}},"_links":{"self":[{"href":"https:\/\/viggobendz.dk\/sv\/wp-json\/wp\/v2\/product\/25884","targetHints":{"allow":["GET"]}}],"collection":[{"href":"https:\/\/viggobendz.dk\/sv\/wp-json\/wp\/v2\/product"}],"about":[{"href":"https:\/\/viggobendz.dk\/sv\/wp-json\/wp\/v2\/types\/product"}],"wp:featuredmedia":[{"embeddable":true,"href":"https:\/\/viggobendz.dk\/sv\/wp-json\/wp\/v2\/media\/11924"}],"wp:attachment":[{"href":"https:\/\/viggobendz.dk\/sv\/wp-json\/wp\/v2\/media?parent=25884"}],"wp:term":[{"taxonomy":"product_brand","embeddable":true,"href":"https:\/\/viggobendz.dk\/sv\/wp-json\/wp\/v2\/product_brand?post=25884"},{"taxonomy":"product_cat","embeddable":true,"href":"https:\/\/viggobendz.dk\/sv\/wp-json\/wp\/v2\/product_cat?post=25884"},{"taxonomy":"product_tag","embeddable":true,"href":"https:\/\/viggobendz.dk\/sv\/wp-json\/wp\/v2\/product_tag?post=25884"}],"curies":[{"name":"wp","href":"https:\/\/api.w.org\/{rel}","templated":true}]}}