{"id":26056,"date":"2025-03-11T07:51:42","date_gmt":"2025-03-11T06:51:42","guid":{"rendered":"https:\/\/viggobendz.dk\/butik\/okategoriserad\/40-cm-11\/"},"modified":"2025-03-11T07:51:42","modified_gmt":"2025-03-11T06:51:42","slug":"40-cm-11","status":"publish","type":"product","link":"https:\/\/viggobendz.dk\/sv\/butik\/utrustning\/spadar\/hinkar-av-lera\/19-26-ton\/40-cm-11\/","title":{"rendered":"40 cm"},"content":{"rendered":"<p data-start=\"0\" data-end=\"60\"><strong data-start=\"0\" data-end=\"58\">Lerskopor fr\u00e5n Trevi Benne &#8211; Optimal utgr\u00e4vning i klibbiga material<\/strong><\/p>\n<p data-start=\"61\" data-end=\"200\">Trevi Benne lerskopor \u00e4r utformade f\u00f6r entrepren\u00f6rer som arbetar i lera, gyttja och andra klibbiga material. Den specialutvecklade geometrin g\u00f6r att materialet sl\u00e4pper l\u00e4ttare, vilket minskar motst\u00e5ndet och \u00f6kar effektiviteten. Med en f\u00f6rst\u00e4rkt konstruktion och slitstarka blad s\u00e4kerst\u00e4ller Trevi Benne lerskopor h\u00f6g prestanda och l\u00e5ng livsl\u00e4ngd, \u00e4ven under kr\u00e4vande f\u00f6rh\u00e5llanden.  <\/p>\n<ul>\n<li data-start=\"201\" data-end=\"260\"><strong data-start=\"201\" data-end=\"259\">Effektiv materialhantering<\/strong> &#8211; Optimerad form minskar risken f\u00f6r fastk\u00f6rning och f\u00f6rb\u00e4ttrar fl\u00f6det.<\/li>\n<li data-start=\"261\" data-end=\"320\"><strong data-start=\"261\" data-end=\"319\">Slitstark konstruktion<\/strong> &#8211; Tillverkad av h\u00f6gh\u00e5llfast st\u00e5l f\u00f6r l\u00e5ng livsl\u00e4ngd och minimalt underh\u00e5ll.<\/li>\n<li data-start=\"321\" data-end=\"380\"><strong data-start=\"321\" data-end=\"379\">H\u00f6g produktivitet<\/strong> &#8211; Minskat motst\u00e5nd ger snabbare och effektivare gr\u00e4vning.<\/li>\n<\/ul>\n<p data-start=\"381\" data-end=\"440\">Med en lerskopa fr\u00e5n Trevi Benne f\u00e5r du en p\u00e5litlig och effektiv l\u00f6sning som s\u00e4kerst\u00e4ller optimal gr\u00e4vprestanda i leriga material.<\/p>\n","protected":false},"excerpt":{"rendered":"<p>Hinkar av lera<\/p>\n","protected":false},"featured_media":11916,"template":"","meta":{"_acf_changed":false},"product_brand":[],"product_cat":[5984,5479,3581,2595],"product_tag":[],"class_list":{"0":"post-26056","1":"product","2":"type-product","3":"status-publish","4":"has-post-thumbnail","6":"product_cat-19-26-ton","7":"product_cat-hinkar-av-lera","8":"product_cat-spadar","9":"product_cat-utrustning","10":"pa_type-2-wtm065-040","12":"first","13":"instock","14":"taxable","15":"shipping-taxable","16":"product-type-simple"},"acf":[],"yoast_head":"<title>40 cm - Viggo Bendz<\/title>\n<meta name=\"robots\" content=\"index, follow, max-snippet:-1, max-image-preview:large, max-video-preview:-1\" \/>\n<link rel=\"canonical\" href=\"https:\/\/viggobendz.dk\/sv\/butik\/utrustning\/spadar\/hinkar-av-lera\/19-26-ton\/40-cm-11\/\" \/>\n<meta property=\"og:locale\" content=\"sv_SE\" \/>\n<meta property=\"og:type\" content=\"article\" \/>\n<meta property=\"og:title\" content=\"40 cm - Viggo Bendz\" \/>\n<meta property=\"og:description\" content=\"Hinkar av lera\" \/>\n<meta property=\"og:url\" content=\"https:\/\/viggobendz.dk\/sv\/butik\/utrustning\/spadar\/hinkar-av-lera\/19-26-ton\/40-cm-11\/\" \/>\n<meta property=\"og:site_name\" content=\"Viggo Bendz\" \/>\n<meta property=\"og:image\" content=\"https:\/\/viggobendz.dk\/wp-content\/uploads\/2025\/02\/Lerskovl-Trevi-Benne-1024x768.jpg\" \/>\n\t<meta property=\"og:image:width\" content=\"1024\" \/>\n\t<meta property=\"og:image:height\" content=\"768\" \/>\n\t<meta property=\"og:image:type\" content=\"image\/jpeg\" \/>\n<meta name=\"twitter:card\" content=\"summary_large_image\" \/>\n<meta name=\"twitter:label1\" content=\"Ber\u00e4knad l\u00e4stid\" \/>\n\t<meta name=\"twitter:data1\" content=\"1 minut\" \/>\n<script type=\"application\/ld+json\" class=\"yoast-schema-graph\">{\"@context\":\"https:\/\/schema.org\",\"@graph\":[{\"@type\":\"WebPage\",\"@id\":\"https:\/\/viggobendz.dk\/sv\/butik\/utrustning\/spadar\/hinkar-av-lera\/19-26-ton\/40-cm-11\/\",\"url\":\"https:\/\/viggobendz.dk\/sv\/butik\/utrustning\/spadar\/hinkar-av-lera\/19-26-ton\/40-cm-11\/\",\"name\":\"40 cm - Viggo Bendz\",\"isPartOf\":{\"@id\":\"https:\/\/viggobendz.dk\/sv\/#website\"},\"primaryImageOfPage\":{\"@id\":\"https:\/\/viggobendz.dk\/sv\/butik\/utrustning\/spadar\/hinkar-av-lera\/19-26-ton\/40-cm-11\/#primaryimage\"},\"image\":{\"@id\":\"https:\/\/viggobendz.dk\/sv\/butik\/utrustning\/spadar\/hinkar-av-lera\/19-26-ton\/40-cm-11\/#primaryimage\"},\"thumbnailUrl\":\"https:\/\/viggobendz.dk\/wp-content\/uploads\/2025\/02\/Lerskovl-Trevi-Benne.jpg\",\"datePublished\":\"2025-03-11T06:51:42+00:00\",\"breadcrumb\":{\"@id\":\"https:\/\/viggobendz.dk\/sv\/butik\/utrustning\/spadar\/hinkar-av-lera\/19-26-ton\/40-cm-11\/#breadcrumb\"},\"inLanguage\":\"sv-SE\",\"potentialAction\":[{\"@type\":\"ReadAction\",\"target\":[\"https:\/\/viggobendz.dk\/sv\/butik\/utrustning\/spadar\/hinkar-av-lera\/19-26-ton\/40-cm-11\/\"]}]},{\"@type\":\"ImageObject\",\"inLanguage\":\"sv-SE\",\"@id\":\"https:\/\/viggobendz.dk\/sv\/butik\/utrustning\/spadar\/hinkar-av-lera\/19-26-ton\/40-cm-11\/#primaryimage\",\"url\":\"https:\/\/viggobendz.dk\/wp-content\/uploads\/2025\/02\/Lerskovl-Trevi-Benne.jpg\",\"contentUrl\":\"https:\/\/viggobendz.dk\/wp-content\/uploads\/2025\/02\/Lerskovl-Trevi-Benne.jpg\",\"width\":4608,\"height\":3456},{\"@type\":\"BreadcrumbList\",\"@id\":\"https:\/\/viggobendz.dk\/sv\/butik\/utrustning\/spadar\/hinkar-av-lera\/19-26-ton\/40-cm-11\/#breadcrumb\",\"itemListElement\":[{\"@type\":\"ListItem\",\"position\":1,\"name\":\"Hjem\",\"item\":\"https:\/\/viggobendz.dk\/sv\/hemsidan\/\"},{\"@type\":\"ListItem\",\"position\":2,\"name\":\"Butik\",\"item\":\"https:\/\/viggobendz.dk\/butik\/\"},{\"@type\":\"ListItem\",\"position\":3,\"name\":\"Utrustning\",\"item\":\"https:\/\/viggobendz.dk\/sv\/vare-kategori\/utrustning\/\"},{\"@type\":\"ListItem\",\"position\":4,\"name\":\"Spadar\",\"item\":\"https:\/\/viggobendz.dk\/sv\/vare-kategori\/utrustning\/spadar\/\"},{\"@type\":\"ListItem\",\"position\":5,\"name\":\"Hinkar av lera\",\"item\":\"https:\/\/viggobendz.dk\/sv\/vare-kategori\/utrustning\/spadar\/hinkar-av-lera\/\"},{\"@type\":\"ListItem\",\"position\":6,\"name\":\"19-26 ton\",\"item\":\"https:\/\/viggobendz.dk\/sv\/vare-kategori\/utrustning\/spadar\/hinkar-av-lera\/19-26-ton\/\"},{\"@type\":\"ListItem\",\"position\":7,\"name\":\"40 cm\"}]},{\"@type\":\"WebSite\",\"@id\":\"https:\/\/viggobendz.dk\/sv\/#website\",\"url\":\"https:\/\/viggobendz.dk\/sv\/\",\"name\":\"Viggo Bendz\",\"description\":\"Det ansvarlige valg\",\"publisher\":{\"@id\":\"https:\/\/viggobendz.dk\/sv\/#organization\"},\"potentialAction\":[{\"@type\":\"SearchAction\",\"target\":{\"@type\":\"EntryPoint\",\"urlTemplate\":\"https:\/\/viggobendz.dk\/sv\/?s={search_term_string}\"},\"query-input\":{\"@type\":\"PropertyValueSpecification\",\"valueRequired\":true,\"valueName\":\"search_term_string\"}}],\"inLanguage\":\"sv-SE\"},{\"@type\":\"Organization\",\"@id\":\"https:\/\/viggobendz.dk\/sv\/#organization\",\"name\":\"Viggo Bendz A\/S\",\"url\":\"https:\/\/viggobendz.dk\/sv\/\",\"logo\":{\"@type\":\"ImageObject\",\"inLanguage\":\"sv-SE\",\"@id\":\"https:\/\/viggobendz.dk\/sv\/#\/schema\/logo\/image\/\",\"url\":\"https:\/\/viggobendz.dk\/wp-content\/uploads\/2020\/03\/VB-Logo.png\",\"contentUrl\":\"https:\/\/viggobendz.dk\/wp-content\/uploads\/2020\/03\/VB-Logo.png\",\"width\":735,\"height\":776,\"caption\":\"Viggo Bendz A\/S\"},\"image\":{\"@id\":\"https:\/\/viggobendz.dk\/sv\/#\/schema\/logo\/image\/\"}}]}<\/script>","yoast_head_json":{"title":"40 cm - Viggo Bendz","robots":{"index":"index","follow":"follow","max-snippet":"max-snippet:-1","max-image-preview":"max-image-preview:large","max-video-preview":"max-video-preview:-1"},"canonical":"https:\/\/viggobendz.dk\/sv\/butik\/utrustning\/spadar\/hinkar-av-lera\/19-26-ton\/40-cm-11\/","og_locale":"sv_SE","og_type":"article","og_title":"40 cm - Viggo Bendz","og_description":"Hinkar av lera","og_url":"https:\/\/viggobendz.dk\/sv\/butik\/utrustning\/spadar\/hinkar-av-lera\/19-26-ton\/40-cm-11\/","og_site_name":"Viggo Bendz","og_image":[{"width":1024,"height":768,"url":"https:\/\/viggobendz.dk\/wp-content\/uploads\/2025\/02\/Lerskovl-Trevi-Benne-1024x768.jpg","type":"image\/jpeg"}],"twitter_card":"summary_large_image","twitter_misc":{"Ber\u00e4knad l\u00e4stid":"1 minut"},"schema":{"@context":"https:\/\/schema.org","@graph":[{"@type":"WebPage","@id":"https:\/\/viggobendz.dk\/sv\/butik\/utrustning\/spadar\/hinkar-av-lera\/19-26-ton\/40-cm-11\/","url":"https:\/\/viggobendz.dk\/sv\/butik\/utrustning\/spadar\/hinkar-av-lera\/19-26-ton\/40-cm-11\/","name":"40 cm - Viggo Bendz","isPartOf":{"@id":"https:\/\/viggobendz.dk\/sv\/#website"},"primaryImageOfPage":{"@id":"https:\/\/viggobendz.dk\/sv\/butik\/utrustning\/spadar\/hinkar-av-lera\/19-26-ton\/40-cm-11\/#primaryimage"},"image":{"@id":"https:\/\/viggobendz.dk\/sv\/butik\/utrustning\/spadar\/hinkar-av-lera\/19-26-ton\/40-cm-11\/#primaryimage"},"thumbnailUrl":"https:\/\/viggobendz.dk\/wp-content\/uploads\/2025\/02\/Lerskovl-Trevi-Benne.jpg","datePublished":"2025-03-11T06:51:42+00:00","breadcrumb":{"@id":"https:\/\/viggobendz.dk\/sv\/butik\/utrustning\/spadar\/hinkar-av-lera\/19-26-ton\/40-cm-11\/#breadcrumb"},"inLanguage":"sv-SE","potentialAction":[{"@type":"ReadAction","target":["https:\/\/viggobendz.dk\/sv\/butik\/utrustning\/spadar\/hinkar-av-lera\/19-26-ton\/40-cm-11\/"]}]},{"@type":"ImageObject","inLanguage":"sv-SE","@id":"https:\/\/viggobendz.dk\/sv\/butik\/utrustning\/spadar\/hinkar-av-lera\/19-26-ton\/40-cm-11\/#primaryimage","url":"https:\/\/viggobendz.dk\/wp-content\/uploads\/2025\/02\/Lerskovl-Trevi-Benne.jpg","contentUrl":"https:\/\/viggobendz.dk\/wp-content\/uploads\/2025\/02\/Lerskovl-Trevi-Benne.jpg","width":4608,"height":3456},{"@type":"BreadcrumbList","@id":"https:\/\/viggobendz.dk\/sv\/butik\/utrustning\/spadar\/hinkar-av-lera\/19-26-ton\/40-cm-11\/#breadcrumb","itemListElement":[{"@type":"ListItem","position":1,"name":"Hjem","item":"https:\/\/viggobendz.dk\/sv\/hemsidan\/"},{"@type":"ListItem","position":2,"name":"Butik","item":"https:\/\/viggobendz.dk\/butik\/"},{"@type":"ListItem","position":3,"name":"Utrustning","item":"https:\/\/viggobendz.dk\/sv\/vare-kategori\/utrustning\/"},{"@type":"ListItem","position":4,"name":"Spadar","item":"https:\/\/viggobendz.dk\/sv\/vare-kategori\/utrustning\/spadar\/"},{"@type":"ListItem","position":5,"name":"Hinkar av lera","item":"https:\/\/viggobendz.dk\/sv\/vare-kategori\/utrustning\/spadar\/hinkar-av-lera\/"},{"@type":"ListItem","position":6,"name":"19-26 ton","item":"https:\/\/viggobendz.dk\/sv\/vare-kategori\/utrustning\/spadar\/hinkar-av-lera\/19-26-ton\/"},{"@type":"ListItem","position":7,"name":"40 cm"}]},{"@type":"WebSite","@id":"https:\/\/viggobendz.dk\/sv\/#website","url":"https:\/\/viggobendz.dk\/sv\/","name":"Viggo Bendz","description":"Det ansvarlige valg","publisher":{"@id":"https:\/\/viggobendz.dk\/sv\/#organization"},"potentialAction":[{"@type":"SearchAction","target":{"@type":"EntryPoint","urlTemplate":"https:\/\/viggobendz.dk\/sv\/?s={search_term_string}"},"query-input":{"@type":"PropertyValueSpecification","valueRequired":true,"valueName":"search_term_string"}}],"inLanguage":"sv-SE"},{"@type":"Organization","@id":"https:\/\/viggobendz.dk\/sv\/#organization","name":"Viggo Bendz A\/S","url":"https:\/\/viggobendz.dk\/sv\/","logo":{"@type":"ImageObject","inLanguage":"sv-SE","@id":"https:\/\/viggobendz.dk\/sv\/#\/schema\/logo\/image\/","url":"https:\/\/viggobendz.dk\/wp-content\/uploads\/2020\/03\/VB-Logo.png","contentUrl":"https:\/\/viggobendz.dk\/wp-content\/uploads\/2020\/03\/VB-Logo.png","width":735,"height":776,"caption":"Viggo Bendz A\/S"},"image":{"@id":"https:\/\/viggobendz.dk\/sv\/#\/schema\/logo\/image\/"}}]}},"_links":{"self":[{"href":"https:\/\/viggobendz.dk\/sv\/wp-json\/wp\/v2\/product\/26056","targetHints":{"allow":["GET"]}}],"collection":[{"href":"https:\/\/viggobendz.dk\/sv\/wp-json\/wp\/v2\/product"}],"about":[{"href":"https:\/\/viggobendz.dk\/sv\/wp-json\/wp\/v2\/types\/product"}],"wp:featuredmedia":[{"embeddable":true,"href":"https:\/\/viggobendz.dk\/sv\/wp-json\/wp\/v2\/media\/11916"}],"wp:attachment":[{"href":"https:\/\/viggobendz.dk\/sv\/wp-json\/wp\/v2\/media?parent=26056"}],"wp:term":[{"taxonomy":"product_brand","embeddable":true,"href":"https:\/\/viggobendz.dk\/sv\/wp-json\/wp\/v2\/product_brand?post=26056"},{"taxonomy":"product_cat","embeddable":true,"href":"https:\/\/viggobendz.dk\/sv\/wp-json\/wp\/v2\/product_cat?post=26056"},{"taxonomy":"product_tag","embeddable":true,"href":"https:\/\/viggobendz.dk\/sv\/wp-json\/wp\/v2\/product_tag?post=26056"}],"curies":[{"name":"wp","href":"https:\/\/api.w.org\/{rel}","templated":true}]}}