{"id":26400,"date":"2025-03-11T07:45:45","date_gmt":"2025-03-11T06:45:45","guid":{"rendered":"https:\/\/viggobendz.dk\/butik\/okategoriserad\/maskinstorlek-100-135-ton\/"},"modified":"2025-03-11T07:45:45","modified_gmt":"2025-03-11T06:45:45","slug":"maskinstorlek-100-135-ton","status":"publish","type":"product","link":"https:\/\/viggobendz.dk\/sv\/butik\/rivning\/saxar-och-krossar\/fr-standard\/maskinstorlek-100-135-ton\/","title":{"rendered":"Maskinstorlek: 100-135 ton"},"content":{"rendered":"<p data-start=\"0\" data-end=\"60\"><strong data-start=\"0\" data-end=\"58\">FR-seriens betongsaxar fr\u00e5n Trevi Benne &#8211; Flexibla och kraftfulla f\u00f6r precisionsrivning<\/strong><\/p>\n<p data-start=\"61\" data-end=\"200\">Trevi Benne FR-serien \u00e4r en m\u00e5ngsidig och kraftfull betongklippare som \u00e4r utformad f\u00f6r entrepren\u00f6rer och rivningsproffs som kr\u00e4ver precision och effektivitet. Med sin avancerade hydraulik och 360\u00b0 rotation s\u00e4kerst\u00e4ller FR-serien optimal kontroll och h\u00f6g prestanda vid selektiv rivning och totalrivning. <\/p>\n<ul>\n<li data-start=\"201\" data-end=\"260\"><strong data-start=\"201\" data-end=\"259\">360\u00b0 rotation<\/strong> &#8211; Maximal flexibilitet och exakt positionering f\u00f6r effektiv demolering.<\/li>\n<li data-start=\"261\" data-end=\"320\"><strong data-start=\"261\" data-end=\"319\">H\u00f6g krosskraft<\/strong> &#8211; Effektiv betongkrossning och separering av armeringsj\u00e4rn.<\/li>\n<li data-start=\"321\" data-end=\"380\"><strong data-start=\"321\" data-end=\"379\">Slitstark konstruktion<\/strong> &#8211; Utformad f\u00f6r intensiv anv\u00e4ndning i kr\u00e4vande milj\u00f6er.<\/li>\n<\/ul>\n<p data-start=\"381\" data-end=\"440\">Med en betongklippare fr\u00e5n Trevi Benne FR-serien f\u00e5r du en p\u00e5litlig och kraftfull l\u00f6sning som optimerar rivningsarbetet och \u00f6kar produktiviteten p\u00e5 arbetsplatsen.<\/p>\n","protected":false},"excerpt":{"rendered":"<p>FR Betongkrossare fr\u00e5n Trevi Benne<\/p>\n","protected":false},"featured_media":19893,"template":"","meta":{"_acf_changed":false},"product_brand":[],"product_cat":[6986,2830,2832],"product_tag":[],"class_list":{"0":"post-26400","1":"product","2":"type-product","3":"status-publish","4":"has-post-thumbnail","6":"product_cat-fr-standard","7":"product_cat-rivning","8":"product_cat-saxar-och-krossar","9":"pa_type-2-primaer-rivning","10":"pa_type-2-sekundaer","12":"first","13":"instock","14":"taxable","15":"shipping-taxable","16":"product-type-simple"},"acf":[],"yoast_head":"<title>Maskinstorlek: 100-135 ton - Viggo Bendz<\/title>\n<meta name=\"robots\" content=\"index, follow, max-snippet:-1, max-image-preview:large, max-video-preview:-1\" \/>\n<link rel=\"canonical\" href=\"https:\/\/viggobendz.dk\/sv\/butik\/rivning\/saxar-och-krossar\/fr-standard\/maskinstorlek-100-135-ton\/\" \/>\n<meta property=\"og:locale\" content=\"sv_SE\" \/>\n<meta property=\"og:type\" content=\"article\" \/>\n<meta property=\"og:title\" content=\"Maskinstorlek: 100-135 ton - Viggo Bendz\" \/>\n<meta property=\"og:description\" content=\"FR Betongkrossare fr\u00e5n Trevi Benne\" \/>\n<meta property=\"og:url\" content=\"https:\/\/viggobendz.dk\/sv\/butik\/rivning\/saxar-och-krossar\/fr-standard\/maskinstorlek-100-135-ton\/\" \/>\n<meta property=\"og:site_name\" content=\"Viggo Bendz\" \/>\n<meta property=\"og:image\" content=\"https:\/\/viggobendz.dk\/wp-content\/uploads\/2025\/02\/FR_SERIES_1.jpg\" \/>\n\t<meta property=\"og:image:width\" content=\"650\" \/>\n\t<meta property=\"og:image:height\" content=\"492\" \/>\n\t<meta property=\"og:image:type\" content=\"image\/jpeg\" \/>\n<meta name=\"twitter:card\" content=\"summary_large_image\" \/>\n<meta name=\"twitter:label1\" content=\"Ber\u00e4knad l\u00e4stid\" \/>\n\t<meta name=\"twitter:data1\" content=\"1 minut\" \/>\n<script type=\"application\/ld+json\" class=\"yoast-schema-graph\">{\"@context\":\"https:\/\/schema.org\",\"@graph\":[{\"@type\":\"WebPage\",\"@id\":\"https:\/\/viggobendz.dk\/sv\/butik\/rivning\/saxar-och-krossar\/fr-standard\/maskinstorlek-100-135-ton\/\",\"url\":\"https:\/\/viggobendz.dk\/sv\/butik\/rivning\/saxar-och-krossar\/fr-standard\/maskinstorlek-100-135-ton\/\",\"name\":\"Maskinstorlek: 100-135 ton - Viggo Bendz\",\"isPartOf\":{\"@id\":\"https:\/\/viggobendz.dk\/sv\/#website\"},\"primaryImageOfPage\":{\"@id\":\"https:\/\/viggobendz.dk\/sv\/butik\/rivning\/saxar-och-krossar\/fr-standard\/maskinstorlek-100-135-ton\/#primaryimage\"},\"image\":{\"@id\":\"https:\/\/viggobendz.dk\/sv\/butik\/rivning\/saxar-och-krossar\/fr-standard\/maskinstorlek-100-135-ton\/#primaryimage\"},\"thumbnailUrl\":\"https:\/\/viggobendz.dk\/wp-content\/uploads\/2025\/02\/FR_SERIES_1.jpg\",\"datePublished\":\"2025-03-11T06:45:45+00:00\",\"breadcrumb\":{\"@id\":\"https:\/\/viggobendz.dk\/sv\/butik\/rivning\/saxar-och-krossar\/fr-standard\/maskinstorlek-100-135-ton\/#breadcrumb\"},\"inLanguage\":\"sv-SE\",\"potentialAction\":[{\"@type\":\"ReadAction\",\"target\":[\"https:\/\/viggobendz.dk\/sv\/butik\/rivning\/saxar-och-krossar\/fr-standard\/maskinstorlek-100-135-ton\/\"]}]},{\"@type\":\"ImageObject\",\"inLanguage\":\"sv-SE\",\"@id\":\"https:\/\/viggobendz.dk\/sv\/butik\/rivning\/saxar-och-krossar\/fr-standard\/maskinstorlek-100-135-ton\/#primaryimage\",\"url\":\"https:\/\/viggobendz.dk\/wp-content\/uploads\/2025\/02\/FR_SERIES_1.jpg\",\"contentUrl\":\"https:\/\/viggobendz.dk\/wp-content\/uploads\/2025\/02\/FR_SERIES_1.jpg\",\"width\":650,\"height\":492},{\"@type\":\"BreadcrumbList\",\"@id\":\"https:\/\/viggobendz.dk\/sv\/butik\/rivning\/saxar-och-krossar\/fr-standard\/maskinstorlek-100-135-ton\/#breadcrumb\",\"itemListElement\":[{\"@type\":\"ListItem\",\"position\":1,\"name\":\"Hjem\",\"item\":\"https:\/\/viggobendz.dk\/sv\/hemsidan\/\"},{\"@type\":\"ListItem\",\"position\":2,\"name\":\"Butik\",\"item\":\"https:\/\/viggobendz.dk\/butik\/\"},{\"@type\":\"ListItem\",\"position\":3,\"name\":\"Maskinstorlek: 100-135 ton\"}]},{\"@type\":\"WebSite\",\"@id\":\"https:\/\/viggobendz.dk\/sv\/#website\",\"url\":\"https:\/\/viggobendz.dk\/sv\/\",\"name\":\"Viggo Bendz\",\"description\":\"Det ansvarlige valg\",\"publisher\":{\"@id\":\"https:\/\/viggobendz.dk\/sv\/#organization\"},\"potentialAction\":[{\"@type\":\"SearchAction\",\"target\":{\"@type\":\"EntryPoint\",\"urlTemplate\":\"https:\/\/viggobendz.dk\/sv\/?s={search_term_string}\"},\"query-input\":{\"@type\":\"PropertyValueSpecification\",\"valueRequired\":true,\"valueName\":\"search_term_string\"}}],\"inLanguage\":\"sv-SE\"},{\"@type\":\"Organization\",\"@id\":\"https:\/\/viggobendz.dk\/sv\/#organization\",\"name\":\"Viggo Bendz A\/S\",\"url\":\"https:\/\/viggobendz.dk\/sv\/\",\"logo\":{\"@type\":\"ImageObject\",\"inLanguage\":\"sv-SE\",\"@id\":\"https:\/\/viggobendz.dk\/sv\/#\/schema\/logo\/image\/\",\"url\":\"https:\/\/viggobendz.dk\/wp-content\/uploads\/2020\/03\/VB-Logo.png\",\"contentUrl\":\"https:\/\/viggobendz.dk\/wp-content\/uploads\/2020\/03\/VB-Logo.png\",\"width\":735,\"height\":776,\"caption\":\"Viggo Bendz A\/S\"},\"image\":{\"@id\":\"https:\/\/viggobendz.dk\/sv\/#\/schema\/logo\/image\/\"}}]}<\/script>","yoast_head_json":{"title":"Maskinstorlek: 100-135 ton - Viggo Bendz","robots":{"index":"index","follow":"follow","max-snippet":"max-snippet:-1","max-image-preview":"max-image-preview:large","max-video-preview":"max-video-preview:-1"},"canonical":"https:\/\/viggobendz.dk\/sv\/butik\/rivning\/saxar-och-krossar\/fr-standard\/maskinstorlek-100-135-ton\/","og_locale":"sv_SE","og_type":"article","og_title":"Maskinstorlek: 100-135 ton - Viggo Bendz","og_description":"FR Betongkrossare fr\u00e5n Trevi Benne","og_url":"https:\/\/viggobendz.dk\/sv\/butik\/rivning\/saxar-och-krossar\/fr-standard\/maskinstorlek-100-135-ton\/","og_site_name":"Viggo Bendz","og_image":[{"width":650,"height":492,"url":"https:\/\/viggobendz.dk\/wp-content\/uploads\/2025\/02\/FR_SERIES_1.jpg","type":"image\/jpeg"}],"twitter_card":"summary_large_image","twitter_misc":{"Ber\u00e4knad l\u00e4stid":"1 minut"},"schema":{"@context":"https:\/\/schema.org","@graph":[{"@type":"WebPage","@id":"https:\/\/viggobendz.dk\/sv\/butik\/rivning\/saxar-och-krossar\/fr-standard\/maskinstorlek-100-135-ton\/","url":"https:\/\/viggobendz.dk\/sv\/butik\/rivning\/saxar-och-krossar\/fr-standard\/maskinstorlek-100-135-ton\/","name":"Maskinstorlek: 100-135 ton - Viggo Bendz","isPartOf":{"@id":"https:\/\/viggobendz.dk\/sv\/#website"},"primaryImageOfPage":{"@id":"https:\/\/viggobendz.dk\/sv\/butik\/rivning\/saxar-och-krossar\/fr-standard\/maskinstorlek-100-135-ton\/#primaryimage"},"image":{"@id":"https:\/\/viggobendz.dk\/sv\/butik\/rivning\/saxar-och-krossar\/fr-standard\/maskinstorlek-100-135-ton\/#primaryimage"},"thumbnailUrl":"https:\/\/viggobendz.dk\/wp-content\/uploads\/2025\/02\/FR_SERIES_1.jpg","datePublished":"2025-03-11T06:45:45+00:00","breadcrumb":{"@id":"https:\/\/viggobendz.dk\/sv\/butik\/rivning\/saxar-och-krossar\/fr-standard\/maskinstorlek-100-135-ton\/#breadcrumb"},"inLanguage":"sv-SE","potentialAction":[{"@type":"ReadAction","target":["https:\/\/viggobendz.dk\/sv\/butik\/rivning\/saxar-och-krossar\/fr-standard\/maskinstorlek-100-135-ton\/"]}]},{"@type":"ImageObject","inLanguage":"sv-SE","@id":"https:\/\/viggobendz.dk\/sv\/butik\/rivning\/saxar-och-krossar\/fr-standard\/maskinstorlek-100-135-ton\/#primaryimage","url":"https:\/\/viggobendz.dk\/wp-content\/uploads\/2025\/02\/FR_SERIES_1.jpg","contentUrl":"https:\/\/viggobendz.dk\/wp-content\/uploads\/2025\/02\/FR_SERIES_1.jpg","width":650,"height":492},{"@type":"BreadcrumbList","@id":"https:\/\/viggobendz.dk\/sv\/butik\/rivning\/saxar-och-krossar\/fr-standard\/maskinstorlek-100-135-ton\/#breadcrumb","itemListElement":[{"@type":"ListItem","position":1,"name":"Hjem","item":"https:\/\/viggobendz.dk\/sv\/hemsidan\/"},{"@type":"ListItem","position":2,"name":"Butik","item":"https:\/\/viggobendz.dk\/butik\/"},{"@type":"ListItem","position":3,"name":"Maskinstorlek: 100-135 ton"}]},{"@type":"WebSite","@id":"https:\/\/viggobendz.dk\/sv\/#website","url":"https:\/\/viggobendz.dk\/sv\/","name":"Viggo Bendz","description":"Det ansvarlige valg","publisher":{"@id":"https:\/\/viggobendz.dk\/sv\/#organization"},"potentialAction":[{"@type":"SearchAction","target":{"@type":"EntryPoint","urlTemplate":"https:\/\/viggobendz.dk\/sv\/?s={search_term_string}"},"query-input":{"@type":"PropertyValueSpecification","valueRequired":true,"valueName":"search_term_string"}}],"inLanguage":"sv-SE"},{"@type":"Organization","@id":"https:\/\/viggobendz.dk\/sv\/#organization","name":"Viggo Bendz A\/S","url":"https:\/\/viggobendz.dk\/sv\/","logo":{"@type":"ImageObject","inLanguage":"sv-SE","@id":"https:\/\/viggobendz.dk\/sv\/#\/schema\/logo\/image\/","url":"https:\/\/viggobendz.dk\/wp-content\/uploads\/2020\/03\/VB-Logo.png","contentUrl":"https:\/\/viggobendz.dk\/wp-content\/uploads\/2020\/03\/VB-Logo.png","width":735,"height":776,"caption":"Viggo Bendz A\/S"},"image":{"@id":"https:\/\/viggobendz.dk\/sv\/#\/schema\/logo\/image\/"}}]}},"_links":{"self":[{"href":"https:\/\/viggobendz.dk\/sv\/wp-json\/wp\/v2\/product\/26400","targetHints":{"allow":["GET"]}}],"collection":[{"href":"https:\/\/viggobendz.dk\/sv\/wp-json\/wp\/v2\/product"}],"about":[{"href":"https:\/\/viggobendz.dk\/sv\/wp-json\/wp\/v2\/types\/product"}],"wp:featuredmedia":[{"embeddable":true,"href":"https:\/\/viggobendz.dk\/sv\/wp-json\/wp\/v2\/media\/19893"}],"wp:attachment":[{"href":"https:\/\/viggobendz.dk\/sv\/wp-json\/wp\/v2\/media?parent=26400"}],"wp:term":[{"taxonomy":"product_brand","embeddable":true,"href":"https:\/\/viggobendz.dk\/sv\/wp-json\/wp\/v2\/product_brand?post=26400"},{"taxonomy":"product_cat","embeddable":true,"href":"https:\/\/viggobendz.dk\/sv\/wp-json\/wp\/v2\/product_cat?post=26400"},{"taxonomy":"product_tag","embeddable":true,"href":"https:\/\/viggobendz.dk\/sv\/wp-json\/wp\/v2\/product_tag?post=26400"}],"curies":[{"name":"wp","href":"https:\/\/api.w.org\/{rel}","templated":true}]}}