{"id":26608,"date":"2025-03-11T07:49:11","date_gmt":"2025-03-11T06:49:11","guid":{"rendered":"https:\/\/viggobendz.dk\/butik\/okategoriserad\/80-cm-14\/"},"modified":"2025-03-11T07:49:11","modified_gmt":"2025-03-11T06:49:11","slug":"80-cm-14","status":"publish","type":"product","link":"https:\/\/viggobendz.dk\/sv\/butik\/utrustning\/spadar\/nivelleringsskopor\/kycklingbar\/08-1-ton-4\/80-cm-14\/","title":{"rendered":"80 cm"},"content":{"rendered":"<p data-start=\"0\" data-end=\"60\"><strong data-start=\"0\" data-end=\"58\">CP avv\u00e4gningsskopor &#8211; Precision och h\u00e5llbarhet f\u00f6r avv\u00e4gning och finplanering<\/strong><\/p>\n<p data-start=\"61\" data-end=\"200\">CP:s planeringsskopor \u00e4r konstruerade f\u00f6r entrepren\u00f6rer som beh\u00f6ver exakt och effektiv planering, avj\u00e4mning och markberedning. Med sin breda sk\u00e4rkant och starka konstruktion s\u00e4kerst\u00e4ller CP-planeringsskoporna optimal jordhantering och en j\u00e4mn yta, \u00e4ven i oj\u00e4mn terr\u00e4ng. <\/p>\n<ul>\n<li data-start=\"201\" data-end=\"260\"><strong data-start=\"201\" data-end=\"259\">Exakt av<\/strong> j\u00e4mning &#8211; Bred sk\u00e4regg och optimerad design ger en j\u00e4mn och enhetlig yta.<\/li>\n<li data-start=\"261\" data-end=\"320\"><strong data-start=\"261\" data-end=\"319\">Slitstark konstruktion<\/strong> &#8211; Tillverkad av h\u00f6gh\u00e5llfast st\u00e5l f\u00f6r maximal h\u00e5llbarhet och livsl\u00e4ngd.<\/li>\n<li data-start=\"321\" data-end=\"380\"><strong data-start=\"321\" data-end=\"379\">Flexibel montering<\/strong> &#8211; Passar olika maskintyper och kan anpassas f\u00f6r specifika uppgifter.<\/li>\n<\/ul>\n<p data-start=\"381\" data-end=\"440\">Med en CP-planeringsskopa f\u00e5r du ett tillf\u00f6rlitligt och effektivt verktyg som optimerar planeringsarbetet och s\u00e4kerst\u00e4ller h\u00f6g produktivitet p\u00e5 arbetsplatsen.<\/p>\n","protected":false},"excerpt":{"rendered":"<p>Nivelleringsskopor<\/p>\n","protected":false},"featured_media":11935,"template":"","meta":{"_acf_changed":false},"product_brand":[],"product_cat":[7643,6094,5206,3581,2595],"product_tag":[],"class_list":{"0":"post-26608","1":"product","2":"type-product","3":"status-publish","4":"has-post-thumbnail","6":"product_cat-08-1-ton-4","7":"product_cat-kycklingbar","8":"product_cat-nivelleringsskopor","9":"product_cat-spadar","10":"product_cat-utrustning","11":"pa_type-2-cp-t1-kpp80","13":"first","14":"instock","15":"taxable","16":"shipping-taxable","17":"purchasable","18":"product-type-simple"},"acf":[],"yoast_head":"<title>80 cm - Viggo Bendz<\/title>\n<meta name=\"robots\" content=\"index, follow, max-snippet:-1, max-image-preview:large, max-video-preview:-1\" \/>\n<link rel=\"canonical\" href=\"https:\/\/viggobendz.dk\/sv\/butik\/utrustning\/spadar\/nivelleringsskopor\/kycklingbar\/08-1-ton-4\/80-cm-14\/\" \/>\n<meta property=\"og:locale\" content=\"sv_SE\" \/>\n<meta property=\"og:type\" content=\"article\" \/>\n<meta property=\"og:title\" content=\"80 cm - Viggo Bendz\" \/>\n<meta property=\"og:description\" content=\"Nivelleringsskopor\" \/>\n<meta property=\"og:url\" content=\"https:\/\/viggobendz.dk\/sv\/butik\/utrustning\/spadar\/nivelleringsskopor\/kycklingbar\/08-1-ton-4\/80-cm-14\/\" \/>\n<meta property=\"og:site_name\" content=\"Viggo Bendz\" \/>\n<meta property=\"og:image\" content=\"https:\/\/viggobendz.dk\/wp-content\/uploads\/2025\/02\/T6-planerskovl-1-cylinder-Photoroom.png\" \/>\n\t<meta property=\"og:image:width\" content=\"600\" \/>\n\t<meta property=\"og:image:height\" content=\"600\" \/>\n\t<meta property=\"og:image:type\" content=\"image\/png\" \/>\n<meta name=\"twitter:card\" content=\"summary_large_image\" \/>\n<meta name=\"twitter:label1\" content=\"Ber\u00e4knad l\u00e4stid\" \/>\n\t<meta name=\"twitter:data1\" content=\"1 minut\" \/>\n<script type=\"application\/ld+json\" class=\"yoast-schema-graph\">{\"@context\":\"https:\/\/schema.org\",\"@graph\":[{\"@type\":\"WebPage\",\"@id\":\"https:\/\/viggobendz.dk\/sv\/butik\/utrustning\/spadar\/nivelleringsskopor\/kycklingbar\/08-1-ton-4\/80-cm-14\/\",\"url\":\"https:\/\/viggobendz.dk\/sv\/butik\/utrustning\/spadar\/nivelleringsskopor\/kycklingbar\/08-1-ton-4\/80-cm-14\/\",\"name\":\"80 cm - Viggo Bendz\",\"isPartOf\":{\"@id\":\"https:\/\/viggobendz.dk\/sv\/#website\"},\"primaryImageOfPage\":{\"@id\":\"https:\/\/viggobendz.dk\/sv\/butik\/utrustning\/spadar\/nivelleringsskopor\/kycklingbar\/08-1-ton-4\/80-cm-14\/#primaryimage\"},\"image\":{\"@id\":\"https:\/\/viggobendz.dk\/sv\/butik\/utrustning\/spadar\/nivelleringsskopor\/kycklingbar\/08-1-ton-4\/80-cm-14\/#primaryimage\"},\"thumbnailUrl\":\"https:\/\/viggobendz.dk\/wp-content\/uploads\/2025\/02\/T6-planerskovl-1-cylinder-Photoroom.png\",\"datePublished\":\"2025-03-11T06:49:11+00:00\",\"breadcrumb\":{\"@id\":\"https:\/\/viggobendz.dk\/sv\/butik\/utrustning\/spadar\/nivelleringsskopor\/kycklingbar\/08-1-ton-4\/80-cm-14\/#breadcrumb\"},\"inLanguage\":\"sv-SE\",\"potentialAction\":[{\"@type\":\"ReadAction\",\"target\":[\"https:\/\/viggobendz.dk\/sv\/butik\/utrustning\/spadar\/nivelleringsskopor\/kycklingbar\/08-1-ton-4\/80-cm-14\/\"]}]},{\"@type\":\"ImageObject\",\"inLanguage\":\"sv-SE\",\"@id\":\"https:\/\/viggobendz.dk\/sv\/butik\/utrustning\/spadar\/nivelleringsskopor\/kycklingbar\/08-1-ton-4\/80-cm-14\/#primaryimage\",\"url\":\"https:\/\/viggobendz.dk\/wp-content\/uploads\/2025\/02\/T6-planerskovl-1-cylinder-Photoroom.png\",\"contentUrl\":\"https:\/\/viggobendz.dk\/wp-content\/uploads\/2025\/02\/T6-planerskovl-1-cylinder-Photoroom.png\",\"width\":600,\"height\":600},{\"@type\":\"BreadcrumbList\",\"@id\":\"https:\/\/viggobendz.dk\/sv\/butik\/utrustning\/spadar\/nivelleringsskopor\/kycklingbar\/08-1-ton-4\/80-cm-14\/#breadcrumb\",\"itemListElement\":[{\"@type\":\"ListItem\",\"position\":1,\"name\":\"Hjem\",\"item\":\"https:\/\/viggobendz.dk\/sv\/hemsidan\/\"},{\"@type\":\"ListItem\",\"position\":2,\"name\":\"Butik\",\"item\":\"https:\/\/viggobendz.dk\/butik\/\"},{\"@type\":\"ListItem\",\"position\":3,\"name\":\"Utrustning\",\"item\":\"https:\/\/viggobendz.dk\/sv\/vare-kategori\/utrustning\/\"},{\"@type\":\"ListItem\",\"position\":4,\"name\":\"Spadar\",\"item\":\"https:\/\/viggobendz.dk\/sv\/vare-kategori\/utrustning\/spadar\/\"},{\"@type\":\"ListItem\",\"position\":5,\"name\":\"Nivelleringsskopor\",\"item\":\"https:\/\/viggobendz.dk\/sv\/vare-kategori\/utrustning\/spadar\/nivelleringsskopor\/\"},{\"@type\":\"ListItem\",\"position\":6,\"name\":\"Kycklingbar\",\"item\":\"https:\/\/viggobendz.dk\/sv\/vare-kategori\/utrustning\/spadar\/nivelleringsskopor\/kycklingbar\/\"},{\"@type\":\"ListItem\",\"position\":7,\"name\":\"0,8-1 ton\",\"item\":\"https:\/\/viggobendz.dk\/sv\/vare-kategori\/utrustning\/spadar\/nivelleringsskopor\/kycklingbar\/08-1-ton-4\/\"},{\"@type\":\"ListItem\",\"position\":8,\"name\":\"80 cm\"}]},{\"@type\":\"WebSite\",\"@id\":\"https:\/\/viggobendz.dk\/sv\/#website\",\"url\":\"https:\/\/viggobendz.dk\/sv\/\",\"name\":\"Viggo Bendz\",\"description\":\"Det ansvarlige valg\",\"publisher\":{\"@id\":\"https:\/\/viggobendz.dk\/sv\/#organization\"},\"potentialAction\":[{\"@type\":\"SearchAction\",\"target\":{\"@type\":\"EntryPoint\",\"urlTemplate\":\"https:\/\/viggobendz.dk\/sv\/?s={search_term_string}\"},\"query-input\":{\"@type\":\"PropertyValueSpecification\",\"valueRequired\":true,\"valueName\":\"search_term_string\"}}],\"inLanguage\":\"sv-SE\"},{\"@type\":\"Organization\",\"@id\":\"https:\/\/viggobendz.dk\/sv\/#organization\",\"name\":\"Viggo Bendz A\/S\",\"url\":\"https:\/\/viggobendz.dk\/sv\/\",\"logo\":{\"@type\":\"ImageObject\",\"inLanguage\":\"sv-SE\",\"@id\":\"https:\/\/viggobendz.dk\/sv\/#\/schema\/logo\/image\/\",\"url\":\"https:\/\/viggobendz.dk\/wp-content\/uploads\/2020\/03\/VB-Logo.png\",\"contentUrl\":\"https:\/\/viggobendz.dk\/wp-content\/uploads\/2020\/03\/VB-Logo.png\",\"width\":735,\"height\":776,\"caption\":\"Viggo Bendz A\/S\"},\"image\":{\"@id\":\"https:\/\/viggobendz.dk\/sv\/#\/schema\/logo\/image\/\"}}]}<\/script>","yoast_head_json":{"title":"80 cm - Viggo Bendz","robots":{"index":"index","follow":"follow","max-snippet":"max-snippet:-1","max-image-preview":"max-image-preview:large","max-video-preview":"max-video-preview:-1"},"canonical":"https:\/\/viggobendz.dk\/sv\/butik\/utrustning\/spadar\/nivelleringsskopor\/kycklingbar\/08-1-ton-4\/80-cm-14\/","og_locale":"sv_SE","og_type":"article","og_title":"80 cm - Viggo Bendz","og_description":"Nivelleringsskopor","og_url":"https:\/\/viggobendz.dk\/sv\/butik\/utrustning\/spadar\/nivelleringsskopor\/kycklingbar\/08-1-ton-4\/80-cm-14\/","og_site_name":"Viggo Bendz","og_image":[{"width":600,"height":600,"url":"https:\/\/viggobendz.dk\/wp-content\/uploads\/2025\/02\/T6-planerskovl-1-cylinder-Photoroom.png","type":"image\/png"}],"twitter_card":"summary_large_image","twitter_misc":{"Ber\u00e4knad l\u00e4stid":"1 minut"},"schema":{"@context":"https:\/\/schema.org","@graph":[{"@type":"WebPage","@id":"https:\/\/viggobendz.dk\/sv\/butik\/utrustning\/spadar\/nivelleringsskopor\/kycklingbar\/08-1-ton-4\/80-cm-14\/","url":"https:\/\/viggobendz.dk\/sv\/butik\/utrustning\/spadar\/nivelleringsskopor\/kycklingbar\/08-1-ton-4\/80-cm-14\/","name":"80 cm - Viggo Bendz","isPartOf":{"@id":"https:\/\/viggobendz.dk\/sv\/#website"},"primaryImageOfPage":{"@id":"https:\/\/viggobendz.dk\/sv\/butik\/utrustning\/spadar\/nivelleringsskopor\/kycklingbar\/08-1-ton-4\/80-cm-14\/#primaryimage"},"image":{"@id":"https:\/\/viggobendz.dk\/sv\/butik\/utrustning\/spadar\/nivelleringsskopor\/kycklingbar\/08-1-ton-4\/80-cm-14\/#primaryimage"},"thumbnailUrl":"https:\/\/viggobendz.dk\/wp-content\/uploads\/2025\/02\/T6-planerskovl-1-cylinder-Photoroom.png","datePublished":"2025-03-11T06:49:11+00:00","breadcrumb":{"@id":"https:\/\/viggobendz.dk\/sv\/butik\/utrustning\/spadar\/nivelleringsskopor\/kycklingbar\/08-1-ton-4\/80-cm-14\/#breadcrumb"},"inLanguage":"sv-SE","potentialAction":[{"@type":"ReadAction","target":["https:\/\/viggobendz.dk\/sv\/butik\/utrustning\/spadar\/nivelleringsskopor\/kycklingbar\/08-1-ton-4\/80-cm-14\/"]}]},{"@type":"ImageObject","inLanguage":"sv-SE","@id":"https:\/\/viggobendz.dk\/sv\/butik\/utrustning\/spadar\/nivelleringsskopor\/kycklingbar\/08-1-ton-4\/80-cm-14\/#primaryimage","url":"https:\/\/viggobendz.dk\/wp-content\/uploads\/2025\/02\/T6-planerskovl-1-cylinder-Photoroom.png","contentUrl":"https:\/\/viggobendz.dk\/wp-content\/uploads\/2025\/02\/T6-planerskovl-1-cylinder-Photoroom.png","width":600,"height":600},{"@type":"BreadcrumbList","@id":"https:\/\/viggobendz.dk\/sv\/butik\/utrustning\/spadar\/nivelleringsskopor\/kycklingbar\/08-1-ton-4\/80-cm-14\/#breadcrumb","itemListElement":[{"@type":"ListItem","position":1,"name":"Hjem","item":"https:\/\/viggobendz.dk\/sv\/hemsidan\/"},{"@type":"ListItem","position":2,"name":"Butik","item":"https:\/\/viggobendz.dk\/butik\/"},{"@type":"ListItem","position":3,"name":"Utrustning","item":"https:\/\/viggobendz.dk\/sv\/vare-kategori\/utrustning\/"},{"@type":"ListItem","position":4,"name":"Spadar","item":"https:\/\/viggobendz.dk\/sv\/vare-kategori\/utrustning\/spadar\/"},{"@type":"ListItem","position":5,"name":"Nivelleringsskopor","item":"https:\/\/viggobendz.dk\/sv\/vare-kategori\/utrustning\/spadar\/nivelleringsskopor\/"},{"@type":"ListItem","position":6,"name":"Kycklingbar","item":"https:\/\/viggobendz.dk\/sv\/vare-kategori\/utrustning\/spadar\/nivelleringsskopor\/kycklingbar\/"},{"@type":"ListItem","position":7,"name":"0,8-1 ton","item":"https:\/\/viggobendz.dk\/sv\/vare-kategori\/utrustning\/spadar\/nivelleringsskopor\/kycklingbar\/08-1-ton-4\/"},{"@type":"ListItem","position":8,"name":"80 cm"}]},{"@type":"WebSite","@id":"https:\/\/viggobendz.dk\/sv\/#website","url":"https:\/\/viggobendz.dk\/sv\/","name":"Viggo Bendz","description":"Det ansvarlige valg","publisher":{"@id":"https:\/\/viggobendz.dk\/sv\/#organization"},"potentialAction":[{"@type":"SearchAction","target":{"@type":"EntryPoint","urlTemplate":"https:\/\/viggobendz.dk\/sv\/?s={search_term_string}"},"query-input":{"@type":"PropertyValueSpecification","valueRequired":true,"valueName":"search_term_string"}}],"inLanguage":"sv-SE"},{"@type":"Organization","@id":"https:\/\/viggobendz.dk\/sv\/#organization","name":"Viggo Bendz A\/S","url":"https:\/\/viggobendz.dk\/sv\/","logo":{"@type":"ImageObject","inLanguage":"sv-SE","@id":"https:\/\/viggobendz.dk\/sv\/#\/schema\/logo\/image\/","url":"https:\/\/viggobendz.dk\/wp-content\/uploads\/2020\/03\/VB-Logo.png","contentUrl":"https:\/\/viggobendz.dk\/wp-content\/uploads\/2020\/03\/VB-Logo.png","width":735,"height":776,"caption":"Viggo Bendz A\/S"},"image":{"@id":"https:\/\/viggobendz.dk\/sv\/#\/schema\/logo\/image\/"}}]}},"_links":{"self":[{"href":"https:\/\/viggobendz.dk\/sv\/wp-json\/wp\/v2\/product\/26608","targetHints":{"allow":["GET"]}}],"collection":[{"href":"https:\/\/viggobendz.dk\/sv\/wp-json\/wp\/v2\/product"}],"about":[{"href":"https:\/\/viggobendz.dk\/sv\/wp-json\/wp\/v2\/types\/product"}],"wp:featuredmedia":[{"embeddable":true,"href":"https:\/\/viggobendz.dk\/sv\/wp-json\/wp\/v2\/media\/11935"}],"wp:attachment":[{"href":"https:\/\/viggobendz.dk\/sv\/wp-json\/wp\/v2\/media?parent=26608"}],"wp:term":[{"taxonomy":"product_brand","embeddable":true,"href":"https:\/\/viggobendz.dk\/sv\/wp-json\/wp\/v2\/product_brand?post=26608"},{"taxonomy":"product_cat","embeddable":true,"href":"https:\/\/viggobendz.dk\/sv\/wp-json\/wp\/v2\/product_cat?post=26608"},{"taxonomy":"product_tag","embeddable":true,"href":"https:\/\/viggobendz.dk\/sv\/wp-json\/wp\/v2\/product_tag?post=26608"}],"curies":[{"name":"wp","href":"https:\/\/api.w.org\/{rel}","templated":true}]}}