{"id":27061,"date":"2025-03-11T07:44:36","date_gmt":"2025-03-11T06:44:36","guid":{"rendered":"https:\/\/viggobendz.dk\/butik\/okategoriserad\/6-laasstift-e379\/"},"modified":"2025-03-11T07:44:36","modified_gmt":"2025-03-11T06:44:36","slug":"6-laasstift-e379","status":"publish","type":"product","link":"https:\/\/viggobendz.dk\/sv\/butik\/slitdelar\/taender\/cat\/laassprint\/6-laasstift-e379\/","title":{"rendered":"6&#8243; L\u00e5sstift (E379)"},"content":{"rendered":"<p data-start=\"0\" data-end=\"61\"><strong data-start=\"0\" data-end=\"59\">L\u00e5sstift &#8211; s\u00e4ker fasts\u00e4ttning av tandh\u00e4tta och tandh\u00e5llare<\/strong><\/p>\n<p data-start=\"63\" data-end=\"309\">L\u00e5sstiftet \u00e4r en viktig komponent i CAT-systemet som s\u00e4kerst\u00e4ller en stark och stabil fasts\u00e4ttning av tandskyddet p\u00e5 tandh\u00e5llaren. Det f\u00f6rhindrar o\u00f6nskad r\u00f6relse och s\u00e4kerst\u00e4ller att t\u00e4nderna f\u00f6rblir korrekt monterade \u00e4ven under extrema belastningar. <\/p>\n<p data-start=\"311\" data-end=\"536\">  <strong data-start=\"314\" data-end=\"332\">S\u00e4ker l\u00e5sning<\/strong> &#8211; H\u00e5ller tandskyddet p\u00e5 plats under h\u00e5rt arbete.<br data-start=\"382\" data-end=\"385\"> <strong data-start=\"388\" data-end=\"420\">Enkel installation och byte<\/strong> &#8211; Utformad f\u00f6r snabb installation.<br data-start=\"456\" data-end=\"459\"> <strong data-start=\"462\" data-end=\"486\">Slitstark och l\u00e5ngvarig<\/strong> &#8211; Motst\u00e5ndskraftig mot st\u00f6tar och vibrationer.<\/p>\n<p data-start=\"538\" data-end=\"654\" data-is-last-node=\"&gt;&lt;a href=\" https:=\"\"><span style=\"color: #bf8c2f;\"><strong>Datablad<\/strong><\/span><\/p>\n","protected":false},"excerpt":{"rendered":"<p>L\u00e5sstift &#8211; s\u00e4ker fasts\u00e4ttning av tandh\u00e4tta och tandh\u00e5llare<\/p>\n<p>Passar 6\u2033 CAT-tandh\u00e4tta<\/p>\n","protected":false},"featured_media":11512,"template":"","meta":{"_acf_changed":false},"product_brand":[],"product_cat":[8751,8752,2655,2651],"product_tag":[],"class_list":{"0":"post-27061","1":"product","2":"type-product","3":"status-publish","4":"has-post-thumbnail","6":"product_cat-cat","7":"product_cat-laassprint","8":"product_cat-slitdelar","9":"product_cat-taender","11":"first","12":"instock","13":"taxable","14":"shipping-taxable","15":"purchasable","16":"product-type-simple"},"acf":[],"yoast_head":"<title>6&quot; L\u00e5sstift (E379) - Viggo Bendz<\/title>\n<meta name=\"robots\" content=\"index, follow, max-snippet:-1, max-image-preview:large, max-video-preview:-1\" \/>\n<link rel=\"canonical\" href=\"https:\/\/viggobendz.dk\/sv\/butik\/slitdelar\/taender\/cat\/laassprint\/6-laasstift-e379\/\" \/>\n<meta property=\"og:locale\" content=\"sv_SE\" \/>\n<meta property=\"og:type\" content=\"article\" \/>\n<meta property=\"og:title\" content=\"6&quot; L\u00e5sstift (E379) - Viggo Bendz\" \/>\n<meta property=\"og:description\" content=\"L\u00e5sstift - s\u00e4ker fasts\u00e4ttning av tandh\u00e4tta och tandh\u00e5llare Passar 6\u2033 CAT-tandh\u00e4tta\" \/>\n<meta property=\"og:url\" content=\"https:\/\/viggobendz.dk\/sv\/butik\/slitdelar\/taender\/cat\/laassprint\/6-laasstift-e379\/\" \/>\n<meta property=\"og:site_name\" content=\"Viggo Bendz\" \/>\n<meta property=\"og:image\" content=\"https:\/\/viggobendz.dk\/wp-content\/uploads\/2025\/02\/laasepin-cat-system-1.png\" \/>\n\t<meta property=\"og:image:width\" content=\"1200\" \/>\n\t<meta property=\"og:image:height\" content=\"800\" \/>\n\t<meta property=\"og:image:type\" content=\"image\/png\" \/>\n<meta name=\"twitter:card\" content=\"summary_large_image\" \/>\n<script type=\"application\/ld+json\" class=\"yoast-schema-graph\">{\"@context\":\"https:\/\/schema.org\",\"@graph\":[{\"@type\":\"WebPage\",\"@id\":\"https:\/\/viggobendz.dk\/sv\/butik\/slitdelar\/taender\/cat\/laassprint\/6-laasstift-e379\/\",\"url\":\"https:\/\/viggobendz.dk\/sv\/butik\/slitdelar\/taender\/cat\/laassprint\/6-laasstift-e379\/\",\"name\":\"6\\\" L\u00e5sstift (E379) - Viggo Bendz\",\"isPartOf\":{\"@id\":\"https:\/\/viggobendz.dk\/sv\/#website\"},\"primaryImageOfPage\":{\"@id\":\"https:\/\/viggobendz.dk\/sv\/butik\/slitdelar\/taender\/cat\/laassprint\/6-laasstift-e379\/#primaryimage\"},\"image\":{\"@id\":\"https:\/\/viggobendz.dk\/sv\/butik\/slitdelar\/taender\/cat\/laassprint\/6-laasstift-e379\/#primaryimage\"},\"thumbnailUrl\":\"https:\/\/viggobendz.dk\/wp-content\/uploads\/2025\/02\/laasepin-cat-system-1.png\",\"datePublished\":\"2025-03-11T06:44:36+00:00\",\"breadcrumb\":{\"@id\":\"https:\/\/viggobendz.dk\/sv\/butik\/slitdelar\/taender\/cat\/laassprint\/6-laasstift-e379\/#breadcrumb\"},\"inLanguage\":\"sv-SE\",\"potentialAction\":[{\"@type\":\"ReadAction\",\"target\":[\"https:\/\/viggobendz.dk\/sv\/butik\/slitdelar\/taender\/cat\/laassprint\/6-laasstift-e379\/\"]}]},{\"@type\":\"ImageObject\",\"inLanguage\":\"sv-SE\",\"@id\":\"https:\/\/viggobendz.dk\/sv\/butik\/slitdelar\/taender\/cat\/laassprint\/6-laasstift-e379\/#primaryimage\",\"url\":\"https:\/\/viggobendz.dk\/wp-content\/uploads\/2025\/02\/laasepin-cat-system-1.png\",\"contentUrl\":\"https:\/\/viggobendz.dk\/wp-content\/uploads\/2025\/02\/laasepin-cat-system-1.png\",\"width\":1200,\"height\":800},{\"@type\":\"BreadcrumbList\",\"@id\":\"https:\/\/viggobendz.dk\/sv\/butik\/slitdelar\/taender\/cat\/laassprint\/6-laasstift-e379\/#breadcrumb\",\"itemListElement\":[{\"@type\":\"ListItem\",\"position\":1,\"name\":\"Hjem\",\"item\":\"https:\/\/viggobendz.dk\/sv\/hemsidan\/\"},{\"@type\":\"ListItem\",\"position\":2,\"name\":\"Butik\",\"item\":\"https:\/\/viggobendz.dk\/butik\/\"},{\"@type\":\"ListItem\",\"position\":3,\"name\":\"Slitdelar\",\"item\":\"https:\/\/viggobendz.dk\/sv\/vare-kategori\/slitdelar\/\"},{\"@type\":\"ListItem\",\"position\":4,\"name\":\"T\u00e4nder\",\"item\":\"https:\/\/viggobendz.dk\/sv\/vare-kategori\/slitdelar\/taender\/\"},{\"@type\":\"ListItem\",\"position\":5,\"name\":\"CAT\",\"item\":\"https:\/\/viggobendz.dk\/sv\/vare-kategori\/slitdelar\/taender\/cat\/\"},{\"@type\":\"ListItem\",\"position\":6,\"name\":\"L\u00e5ssprint\",\"item\":\"https:\/\/viggobendz.dk\/sv\/vare-kategori\/slitdelar\/taender\/cat\/laassprint\/\"},{\"@type\":\"ListItem\",\"position\":7,\"name\":\"6&#8243; L\u00e5sstift (E379)\"}]},{\"@type\":\"WebSite\",\"@id\":\"https:\/\/viggobendz.dk\/sv\/#website\",\"url\":\"https:\/\/viggobendz.dk\/sv\/\",\"name\":\"Viggo Bendz\",\"description\":\"Det ansvarlige valg\",\"publisher\":{\"@id\":\"https:\/\/viggobendz.dk\/sv\/#organization\"},\"potentialAction\":[{\"@type\":\"SearchAction\",\"target\":{\"@type\":\"EntryPoint\",\"urlTemplate\":\"https:\/\/viggobendz.dk\/sv\/?s={search_term_string}\"},\"query-input\":{\"@type\":\"PropertyValueSpecification\",\"valueRequired\":true,\"valueName\":\"search_term_string\"}}],\"inLanguage\":\"sv-SE\"},{\"@type\":\"Organization\",\"@id\":\"https:\/\/viggobendz.dk\/sv\/#organization\",\"name\":\"Viggo Bendz A\/S\",\"url\":\"https:\/\/viggobendz.dk\/sv\/\",\"logo\":{\"@type\":\"ImageObject\",\"inLanguage\":\"sv-SE\",\"@id\":\"https:\/\/viggobendz.dk\/sv\/#\/schema\/logo\/image\/\",\"url\":\"https:\/\/viggobendz.dk\/wp-content\/uploads\/2020\/03\/VB-Logo.png\",\"contentUrl\":\"https:\/\/viggobendz.dk\/wp-content\/uploads\/2020\/03\/VB-Logo.png\",\"width\":735,\"height\":776,\"caption\":\"Viggo Bendz A\/S\"},\"image\":{\"@id\":\"https:\/\/viggobendz.dk\/sv\/#\/schema\/logo\/image\/\"}}]}<\/script>","yoast_head_json":{"title":"6\" L\u00e5sstift (E379) - Viggo Bendz","robots":{"index":"index","follow":"follow","max-snippet":"max-snippet:-1","max-image-preview":"max-image-preview:large","max-video-preview":"max-video-preview:-1"},"canonical":"https:\/\/viggobendz.dk\/sv\/butik\/slitdelar\/taender\/cat\/laassprint\/6-laasstift-e379\/","og_locale":"sv_SE","og_type":"article","og_title":"6\" L\u00e5sstift (E379) - Viggo Bendz","og_description":"L\u00e5sstift - s\u00e4ker fasts\u00e4ttning av tandh\u00e4tta och tandh\u00e5llare Passar 6\u2033 CAT-tandh\u00e4tta","og_url":"https:\/\/viggobendz.dk\/sv\/butik\/slitdelar\/taender\/cat\/laassprint\/6-laasstift-e379\/","og_site_name":"Viggo Bendz","og_image":[{"width":1200,"height":800,"url":"https:\/\/viggobendz.dk\/wp-content\/uploads\/2025\/02\/laasepin-cat-system-1.png","type":"image\/png"}],"twitter_card":"summary_large_image","schema":{"@context":"https:\/\/schema.org","@graph":[{"@type":"WebPage","@id":"https:\/\/viggobendz.dk\/sv\/butik\/slitdelar\/taender\/cat\/laassprint\/6-laasstift-e379\/","url":"https:\/\/viggobendz.dk\/sv\/butik\/slitdelar\/taender\/cat\/laassprint\/6-laasstift-e379\/","name":"6\" L\u00e5sstift (E379) - Viggo Bendz","isPartOf":{"@id":"https:\/\/viggobendz.dk\/sv\/#website"},"primaryImageOfPage":{"@id":"https:\/\/viggobendz.dk\/sv\/butik\/slitdelar\/taender\/cat\/laassprint\/6-laasstift-e379\/#primaryimage"},"image":{"@id":"https:\/\/viggobendz.dk\/sv\/butik\/slitdelar\/taender\/cat\/laassprint\/6-laasstift-e379\/#primaryimage"},"thumbnailUrl":"https:\/\/viggobendz.dk\/wp-content\/uploads\/2025\/02\/laasepin-cat-system-1.png","datePublished":"2025-03-11T06:44:36+00:00","breadcrumb":{"@id":"https:\/\/viggobendz.dk\/sv\/butik\/slitdelar\/taender\/cat\/laassprint\/6-laasstift-e379\/#breadcrumb"},"inLanguage":"sv-SE","potentialAction":[{"@type":"ReadAction","target":["https:\/\/viggobendz.dk\/sv\/butik\/slitdelar\/taender\/cat\/laassprint\/6-laasstift-e379\/"]}]},{"@type":"ImageObject","inLanguage":"sv-SE","@id":"https:\/\/viggobendz.dk\/sv\/butik\/slitdelar\/taender\/cat\/laassprint\/6-laasstift-e379\/#primaryimage","url":"https:\/\/viggobendz.dk\/wp-content\/uploads\/2025\/02\/laasepin-cat-system-1.png","contentUrl":"https:\/\/viggobendz.dk\/wp-content\/uploads\/2025\/02\/laasepin-cat-system-1.png","width":1200,"height":800},{"@type":"BreadcrumbList","@id":"https:\/\/viggobendz.dk\/sv\/butik\/slitdelar\/taender\/cat\/laassprint\/6-laasstift-e379\/#breadcrumb","itemListElement":[{"@type":"ListItem","position":1,"name":"Hjem","item":"https:\/\/viggobendz.dk\/sv\/hemsidan\/"},{"@type":"ListItem","position":2,"name":"Butik","item":"https:\/\/viggobendz.dk\/butik\/"},{"@type":"ListItem","position":3,"name":"Slitdelar","item":"https:\/\/viggobendz.dk\/sv\/vare-kategori\/slitdelar\/"},{"@type":"ListItem","position":4,"name":"T\u00e4nder","item":"https:\/\/viggobendz.dk\/sv\/vare-kategori\/slitdelar\/taender\/"},{"@type":"ListItem","position":5,"name":"CAT","item":"https:\/\/viggobendz.dk\/sv\/vare-kategori\/slitdelar\/taender\/cat\/"},{"@type":"ListItem","position":6,"name":"L\u00e5ssprint","item":"https:\/\/viggobendz.dk\/sv\/vare-kategori\/slitdelar\/taender\/cat\/laassprint\/"},{"@type":"ListItem","position":7,"name":"6&#8243; L\u00e5sstift (E379)"}]},{"@type":"WebSite","@id":"https:\/\/viggobendz.dk\/sv\/#website","url":"https:\/\/viggobendz.dk\/sv\/","name":"Viggo Bendz","description":"Det ansvarlige valg","publisher":{"@id":"https:\/\/viggobendz.dk\/sv\/#organization"},"potentialAction":[{"@type":"SearchAction","target":{"@type":"EntryPoint","urlTemplate":"https:\/\/viggobendz.dk\/sv\/?s={search_term_string}"},"query-input":{"@type":"PropertyValueSpecification","valueRequired":true,"valueName":"search_term_string"}}],"inLanguage":"sv-SE"},{"@type":"Organization","@id":"https:\/\/viggobendz.dk\/sv\/#organization","name":"Viggo Bendz A\/S","url":"https:\/\/viggobendz.dk\/sv\/","logo":{"@type":"ImageObject","inLanguage":"sv-SE","@id":"https:\/\/viggobendz.dk\/sv\/#\/schema\/logo\/image\/","url":"https:\/\/viggobendz.dk\/wp-content\/uploads\/2020\/03\/VB-Logo.png","contentUrl":"https:\/\/viggobendz.dk\/wp-content\/uploads\/2020\/03\/VB-Logo.png","width":735,"height":776,"caption":"Viggo Bendz A\/S"},"image":{"@id":"https:\/\/viggobendz.dk\/sv\/#\/schema\/logo\/image\/"}}]}},"_links":{"self":[{"href":"https:\/\/viggobendz.dk\/sv\/wp-json\/wp\/v2\/product\/27061","targetHints":{"allow":["GET"]}}],"collection":[{"href":"https:\/\/viggobendz.dk\/sv\/wp-json\/wp\/v2\/product"}],"about":[{"href":"https:\/\/viggobendz.dk\/sv\/wp-json\/wp\/v2\/types\/product"}],"wp:featuredmedia":[{"embeddable":true,"href":"https:\/\/viggobendz.dk\/sv\/wp-json\/wp\/v2\/media\/11512"}],"wp:attachment":[{"href":"https:\/\/viggobendz.dk\/sv\/wp-json\/wp\/v2\/media?parent=27061"}],"wp:term":[{"taxonomy":"product_brand","embeddable":true,"href":"https:\/\/viggobendz.dk\/sv\/wp-json\/wp\/v2\/product_brand?post=27061"},{"taxonomy":"product_cat","embeddable":true,"href":"https:\/\/viggobendz.dk\/sv\/wp-json\/wp\/v2\/product_cat?post=27061"},{"taxonomy":"product_tag","embeddable":true,"href":"https:\/\/viggobendz.dk\/sv\/wp-json\/wp\/v2\/product_tag?post=27061"}],"curies":[{"name":"wp","href":"https:\/\/api.w.org\/{rel}","templated":true}]}}