{"id":27093,"date":"2025-03-11T07:44:48","date_gmt":"2025-03-11T06:44:48","guid":{"rendered":"https:\/\/viggobendz.dk\/butik\/okategoriserad\/laas-e251\/"},"modified":"2025-03-11T07:44:48","modified_gmt":"2025-03-11T06:44:48","slug":"laas-e251","status":"publish","type":"product","link":"https:\/\/viggobendz.dk\/sv\/butik\/slitdelar\/taender\/laas-e251\/","title":{"rendered":"L\u00e5s (E251)"},"content":{"rendered":"<p data-start=\"0\" data-end=\"60\"><strong data-start=\"0\" data-end=\"58\">Bofors Lock &#8211; S\u00e4ker och h\u00e5llbar l\u00e5smekanism f\u00f6r skopans t\u00e4nder<\/strong><\/p>\n<p data-start=\"62\" data-end=\"312\">Bofors l\u00e5s \u00e4r en viktig komponent i Bofors tandsystem som s\u00e4kerst\u00e4ller en stark och stabil inf\u00e4stning av t\u00e4nderna p\u00e5 skopor f\u00f6r gr\u00e4vmaskiner och lastare. Det \u00e4r konstruerat f\u00f6r att klara tunga belastningar och vibrationer och f\u00f6rhindrar att t\u00e4nderna lossnar under kr\u00e4vande arbetsf\u00f6rh\u00e5llanden. <\/p>\n<p data-start=\"314\" data-end=\"541\">  <strong data-start=\"317\" data-end=\"342\">S\u00e4ker l\u00e5sning<\/strong> &#8211; H\u00e5ller t\u00e4nderna s\u00e4kert p\u00e5 plats i tandh\u00e5llaren.<br data-start=\"380\" data-end=\"383\"> Slitstark <strong data-start=\"386\" data-end=\"418\">konstruktion<\/strong> &#8211; Utformad f\u00f6r att klara h\u00e5rt slitage och extrema belastningar.<br data-start=\"453\" data-end=\"456\"> <strong data-start=\"459\" data-end=\"485\">Passar Bofors-systemet<\/strong> &#8211; S\u00e4kerst\u00e4ller enkel och stabil montering av skopans t\u00e4nder.<\/p>\n","protected":false},"excerpt":{"rendered":"<p>Bofors l\u00e5s<br \/>\nPassar Bofors t\u00e4nder E150 och E205.<\/p>\n","protected":false},"featured_media":1781,"template":"","meta":{"_acf_changed":false},"product_brand":[],"product_cat":[2653,8758,2655,2651],"product_tag":[],"class_list":{"0":"post-27093","1":"product","2":"type-product","3":"status-publish","4":"has-post-thumbnail","6":"product_cat-bofors","7":"product_cat-laas","8":"product_cat-slitdelar","9":"product_cat-taender","11":"first","12":"instock","13":"taxable","14":"shipping-taxable","15":"purchasable","16":"product-type-simple"},"acf":[],"yoast_head":"<title>L\u00e5s (E251) - Viggo Bendz<\/title>\n<meta name=\"robots\" content=\"index, follow, max-snippet:-1, max-image-preview:large, max-video-preview:-1\" \/>\n<link rel=\"canonical\" href=\"https:\/\/viggobendz.dk\/sv\/butik\/slitdelar\/taender\/laas-e251\/\" \/>\n<meta property=\"og:locale\" content=\"sv_SE\" \/>\n<meta property=\"og:type\" content=\"article\" \/>\n<meta property=\"og:title\" content=\"L\u00e5s (E251) - Viggo Bendz\" \/>\n<meta property=\"og:description\" content=\"Bofors l\u00e5s Passar Bofors t\u00e4nder E150 och E205.\" \/>\n<meta property=\"og:url\" content=\"https:\/\/viggobendz.dk\/sv\/butik\/slitdelar\/taender\/laas-e251\/\" \/>\n<meta property=\"og:site_name\" content=\"Viggo Bendz\" \/>\n<meta property=\"og:image\" content=\"https:\/\/viggobendz.dk\/wp-content\/uploads\/2020\/11\/bofors-laas-scaled-e1639393899140.jpg\" \/>\n\t<meta property=\"og:image:width\" content=\"800\" \/>\n\t<meta property=\"og:image:height\" content=\"450\" \/>\n\t<meta property=\"og:image:type\" content=\"image\/jpeg\" \/>\n<meta name=\"twitter:card\" content=\"summary_large_image\" \/>\n<meta name=\"twitter:label1\" content=\"Ber\u00e4knad l\u00e4stid\" \/>\n\t<meta name=\"twitter:data1\" content=\"1 minut\" \/>\n<script type=\"application\/ld+json\" class=\"yoast-schema-graph\">{\"@context\":\"https:\/\/schema.org\",\"@graph\":[{\"@type\":\"WebPage\",\"@id\":\"https:\/\/viggobendz.dk\/sv\/butik\/slitdelar\/taender\/laas-e251\/\",\"url\":\"https:\/\/viggobendz.dk\/sv\/butik\/slitdelar\/taender\/laas-e251\/\",\"name\":\"L\u00e5s (E251) - Viggo Bendz\",\"isPartOf\":{\"@id\":\"https:\/\/viggobendz.dk\/sv\/#website\"},\"primaryImageOfPage\":{\"@id\":\"https:\/\/viggobendz.dk\/sv\/butik\/slitdelar\/taender\/laas-e251\/#primaryimage\"},\"image\":{\"@id\":\"https:\/\/viggobendz.dk\/sv\/butik\/slitdelar\/taender\/laas-e251\/#primaryimage\"},\"thumbnailUrl\":\"https:\/\/viggobendz.dk\/wp-content\/uploads\/2020\/11\/bofors-laas-scaled-e1639393899140.jpg\",\"datePublished\":\"2025-03-11T06:44:48+00:00\",\"breadcrumb\":{\"@id\":\"https:\/\/viggobendz.dk\/sv\/butik\/slitdelar\/taender\/laas-e251\/#breadcrumb\"},\"inLanguage\":\"sv-SE\",\"potentialAction\":[{\"@type\":\"ReadAction\",\"target\":[\"https:\/\/viggobendz.dk\/sv\/butik\/slitdelar\/taender\/laas-e251\/\"]}]},{\"@type\":\"ImageObject\",\"inLanguage\":\"sv-SE\",\"@id\":\"https:\/\/viggobendz.dk\/sv\/butik\/slitdelar\/taender\/laas-e251\/#primaryimage\",\"url\":\"https:\/\/viggobendz.dk\/wp-content\/uploads\/2020\/11\/bofors-laas-scaled-e1639393899140.jpg\",\"contentUrl\":\"https:\/\/viggobendz.dk\/wp-content\/uploads\/2020\/11\/bofors-laas-scaled-e1639393899140.jpg\",\"width\":800,\"height\":450,\"caption\":\"En l\u00e5s til bofors system\"},{\"@type\":\"BreadcrumbList\",\"@id\":\"https:\/\/viggobendz.dk\/sv\/butik\/slitdelar\/taender\/laas-e251\/#breadcrumb\",\"itemListElement\":[{\"@type\":\"ListItem\",\"position\":1,\"name\":\"Hjem\",\"item\":\"https:\/\/viggobendz.dk\/sv\/hemsidan\/\"},{\"@type\":\"ListItem\",\"position\":2,\"name\":\"Butik\",\"item\":\"https:\/\/viggobendz.dk\/butik\/\"},{\"@type\":\"ListItem\",\"position\":3,\"name\":\"Slitdelar\",\"item\":\"https:\/\/viggobendz.dk\/sv\/vare-kategori\/slitdelar\/\"},{\"@type\":\"ListItem\",\"position\":4,\"name\":\"T\u00e4nder\",\"item\":\"https:\/\/viggobendz.dk\/sv\/vare-kategori\/slitdelar\/taender\/\"},{\"@type\":\"ListItem\",\"position\":5,\"name\":\"Bofors\",\"item\":\"https:\/\/viggobendz.dk\/sv\/vare-kategori\/slitdelar\/taender\/bofors\/\"},{\"@type\":\"ListItem\",\"position\":6,\"name\":\"L\u00e5s\",\"item\":\"https:\/\/viggobendz.dk\/sv\/vare-kategori\/slitdelar\/taender\/bofors\/laas\/\"},{\"@type\":\"ListItem\",\"position\":7,\"name\":\"L\u00e5s (E251)\"}]},{\"@type\":\"WebSite\",\"@id\":\"https:\/\/viggobendz.dk\/sv\/#website\",\"url\":\"https:\/\/viggobendz.dk\/sv\/\",\"name\":\"Viggo Bendz\",\"description\":\"Det ansvarlige valg\",\"publisher\":{\"@id\":\"https:\/\/viggobendz.dk\/sv\/#organization\"},\"potentialAction\":[{\"@type\":\"SearchAction\",\"target\":{\"@type\":\"EntryPoint\",\"urlTemplate\":\"https:\/\/viggobendz.dk\/sv\/?s={search_term_string}\"},\"query-input\":{\"@type\":\"PropertyValueSpecification\",\"valueRequired\":true,\"valueName\":\"search_term_string\"}}],\"inLanguage\":\"sv-SE\"},{\"@type\":\"Organization\",\"@id\":\"https:\/\/viggobendz.dk\/sv\/#organization\",\"name\":\"Viggo Bendz A\/S\",\"url\":\"https:\/\/viggobendz.dk\/sv\/\",\"logo\":{\"@type\":\"ImageObject\",\"inLanguage\":\"sv-SE\",\"@id\":\"https:\/\/viggobendz.dk\/sv\/#\/schema\/logo\/image\/\",\"url\":\"https:\/\/viggobendz.dk\/wp-content\/uploads\/2020\/03\/VB-Logo.png\",\"contentUrl\":\"https:\/\/viggobendz.dk\/wp-content\/uploads\/2020\/03\/VB-Logo.png\",\"width\":735,\"height\":776,\"caption\":\"Viggo Bendz A\/S\"},\"image\":{\"@id\":\"https:\/\/viggobendz.dk\/sv\/#\/schema\/logo\/image\/\"}}]}<\/script>","yoast_head_json":{"title":"L\u00e5s (E251) - Viggo Bendz","robots":{"index":"index","follow":"follow","max-snippet":"max-snippet:-1","max-image-preview":"max-image-preview:large","max-video-preview":"max-video-preview:-1"},"canonical":"https:\/\/viggobendz.dk\/sv\/butik\/slitdelar\/taender\/laas-e251\/","og_locale":"sv_SE","og_type":"article","og_title":"L\u00e5s (E251) - Viggo Bendz","og_description":"Bofors l\u00e5s Passar Bofors t\u00e4nder E150 och E205.","og_url":"https:\/\/viggobendz.dk\/sv\/butik\/slitdelar\/taender\/laas-e251\/","og_site_name":"Viggo Bendz","og_image":[{"width":800,"height":450,"url":"https:\/\/viggobendz.dk\/wp-content\/uploads\/2020\/11\/bofors-laas-scaled-e1639393899140.jpg","type":"image\/jpeg"}],"twitter_card":"summary_large_image","twitter_misc":{"Ber\u00e4knad l\u00e4stid":"1 minut"},"schema":{"@context":"https:\/\/schema.org","@graph":[{"@type":"WebPage","@id":"https:\/\/viggobendz.dk\/sv\/butik\/slitdelar\/taender\/laas-e251\/","url":"https:\/\/viggobendz.dk\/sv\/butik\/slitdelar\/taender\/laas-e251\/","name":"L\u00e5s (E251) - Viggo Bendz","isPartOf":{"@id":"https:\/\/viggobendz.dk\/sv\/#website"},"primaryImageOfPage":{"@id":"https:\/\/viggobendz.dk\/sv\/butik\/slitdelar\/taender\/laas-e251\/#primaryimage"},"image":{"@id":"https:\/\/viggobendz.dk\/sv\/butik\/slitdelar\/taender\/laas-e251\/#primaryimage"},"thumbnailUrl":"https:\/\/viggobendz.dk\/wp-content\/uploads\/2020\/11\/bofors-laas-scaled-e1639393899140.jpg","datePublished":"2025-03-11T06:44:48+00:00","breadcrumb":{"@id":"https:\/\/viggobendz.dk\/sv\/butik\/slitdelar\/taender\/laas-e251\/#breadcrumb"},"inLanguage":"sv-SE","potentialAction":[{"@type":"ReadAction","target":["https:\/\/viggobendz.dk\/sv\/butik\/slitdelar\/taender\/laas-e251\/"]}]},{"@type":"ImageObject","inLanguage":"sv-SE","@id":"https:\/\/viggobendz.dk\/sv\/butik\/slitdelar\/taender\/laas-e251\/#primaryimage","url":"https:\/\/viggobendz.dk\/wp-content\/uploads\/2020\/11\/bofors-laas-scaled-e1639393899140.jpg","contentUrl":"https:\/\/viggobendz.dk\/wp-content\/uploads\/2020\/11\/bofors-laas-scaled-e1639393899140.jpg","width":800,"height":450,"caption":"En l\u00e5s til bofors system"},{"@type":"BreadcrumbList","@id":"https:\/\/viggobendz.dk\/sv\/butik\/slitdelar\/taender\/laas-e251\/#breadcrumb","itemListElement":[{"@type":"ListItem","position":1,"name":"Hjem","item":"https:\/\/viggobendz.dk\/sv\/hemsidan\/"},{"@type":"ListItem","position":2,"name":"Butik","item":"https:\/\/viggobendz.dk\/butik\/"},{"@type":"ListItem","position":3,"name":"Slitdelar","item":"https:\/\/viggobendz.dk\/sv\/vare-kategori\/slitdelar\/"},{"@type":"ListItem","position":4,"name":"T\u00e4nder","item":"https:\/\/viggobendz.dk\/sv\/vare-kategori\/slitdelar\/taender\/"},{"@type":"ListItem","position":5,"name":"Bofors","item":"https:\/\/viggobendz.dk\/sv\/vare-kategori\/slitdelar\/taender\/bofors\/"},{"@type":"ListItem","position":6,"name":"L\u00e5s","item":"https:\/\/viggobendz.dk\/sv\/vare-kategori\/slitdelar\/taender\/bofors\/laas\/"},{"@type":"ListItem","position":7,"name":"L\u00e5s (E251)"}]},{"@type":"WebSite","@id":"https:\/\/viggobendz.dk\/sv\/#website","url":"https:\/\/viggobendz.dk\/sv\/","name":"Viggo Bendz","description":"Det ansvarlige valg","publisher":{"@id":"https:\/\/viggobendz.dk\/sv\/#organization"},"potentialAction":[{"@type":"SearchAction","target":{"@type":"EntryPoint","urlTemplate":"https:\/\/viggobendz.dk\/sv\/?s={search_term_string}"},"query-input":{"@type":"PropertyValueSpecification","valueRequired":true,"valueName":"search_term_string"}}],"inLanguage":"sv-SE"},{"@type":"Organization","@id":"https:\/\/viggobendz.dk\/sv\/#organization","name":"Viggo Bendz A\/S","url":"https:\/\/viggobendz.dk\/sv\/","logo":{"@type":"ImageObject","inLanguage":"sv-SE","@id":"https:\/\/viggobendz.dk\/sv\/#\/schema\/logo\/image\/","url":"https:\/\/viggobendz.dk\/wp-content\/uploads\/2020\/03\/VB-Logo.png","contentUrl":"https:\/\/viggobendz.dk\/wp-content\/uploads\/2020\/03\/VB-Logo.png","width":735,"height":776,"caption":"Viggo Bendz A\/S"},"image":{"@id":"https:\/\/viggobendz.dk\/sv\/#\/schema\/logo\/image\/"}}]}},"_links":{"self":[{"href":"https:\/\/viggobendz.dk\/sv\/wp-json\/wp\/v2\/product\/27093","targetHints":{"allow":["GET"]}}],"collection":[{"href":"https:\/\/viggobendz.dk\/sv\/wp-json\/wp\/v2\/product"}],"about":[{"href":"https:\/\/viggobendz.dk\/sv\/wp-json\/wp\/v2\/types\/product"}],"wp:featuredmedia":[{"embeddable":true,"href":"https:\/\/viggobendz.dk\/sv\/wp-json\/wp\/v2\/media\/1781"}],"wp:attachment":[{"href":"https:\/\/viggobendz.dk\/sv\/wp-json\/wp\/v2\/media?parent=27093"}],"wp:term":[{"taxonomy":"product_brand","embeddable":true,"href":"https:\/\/viggobendz.dk\/sv\/wp-json\/wp\/v2\/product_brand?post=27093"},{"taxonomy":"product_cat","embeddable":true,"href":"https:\/\/viggobendz.dk\/sv\/wp-json\/wp\/v2\/product_cat?post=27093"},{"taxonomy":"product_tag","embeddable":true,"href":"https:\/\/viggobendz.dk\/sv\/wp-json\/wp\/v2\/product_tag?post=27093"}],"curies":[{"name":"wp","href":"https:\/\/api.w.org\/{rel}","templated":true}]}}