{"id":27252,"date":"2025-03-11T07:45:45","date_gmt":"2025-03-11T06:45:45","guid":{"rendered":"https:\/\/viggobendz.dk\/butik\/okategoriserad\/maskinstorlek-29-35-ton-5\/"},"modified":"2025-03-11T07:45:45","modified_gmt":"2025-03-11T06:45:45","slug":"maskinstorlek-29-35-ton-5","status":"publish","type":"product","link":"https:\/\/viggobendz.dk\/sv\/butik\/rivning\/saxar-och-krossar\/en-premium\/maskinstorlek-29-35-ton-5\/","title":{"rendered":"Maskinstorlek: 29-35 ton"},"content":{"rendered":"<p data-start=\"0\" data-end=\"60\"><strong data-start=\"0\" data-end=\"58\">FR Series Premium Betongsaxar fr\u00e5n Trevi Benne &#8211; Precision och kraft f\u00f6r kr\u00e4vande rivning<\/strong><\/p>\n<p data-start=\"61\" data-end=\"200\">Trevi Benne FR Series Premium \u00e4r en avancerad betongsax som \u00e4r utformad f\u00f6r entrepren\u00f6rer som beh\u00f6ver maximal prestanda och precision vid rivningsarbeten. Den kombinerar kraftfull hydraulik med 360\u00b0 rotation f\u00f6r optimal kontroll, vilket g\u00f6r den idealisk f\u00f6r b\u00e5de selektiv och total rivning. Den f\u00f6rst\u00e4rkta konstruktionen s\u00e4kerst\u00e4ller en l\u00e5ng livsl\u00e4ngd \u00e4ven under de mest kr\u00e4vande f\u00f6rh\u00e5llanden.  <\/p>\n<ul>\n<li data-start=\"201\" data-end=\"260\"><strong data-start=\"201\" data-end=\"259\">360\u00b0 rotation f\u00f6r precision<\/strong> &#8211; Optimal flexibilitet och exakt positionering vid rivningsarbeten.<\/li>\n<li data-start=\"261\" data-end=\"320\"><strong data-start=\"261\" data-end=\"319\">Extrem krossningskraft<\/strong> &#8211; Effektiv betongkrossning och snabb separering av armeringsj\u00e4rn.<\/li>\n<li data-start=\"321\" data-end=\"380\"><strong data-start=\"321\" data-end=\"379\">Robust premiumdesign<\/strong> &#8211; H\u00e5llbara material ger l\u00e5ng livsl\u00e4ngd och l\u00e4gre driftskostnader.<\/li>\n<\/ul>\n<p data-start=\"381\" data-end=\"440\">Med en betongklippare fr\u00e5n Trevi Benne FR Series Premium f\u00e5r du en kraftfull och tillf\u00f6rlitlig l\u00f6sning som \u00f6kar produktiviteten och effektiviteten i dina rivningsprojekt.<\/p>\n","protected":false},"excerpt":{"rendered":"<p>FR Premium<\/p>\n<p>Betongkrossare fr\u00e5n Trevi Benne<\/p>\n","protected":false},"featured_media":19881,"template":"","meta":{"_acf_changed":false},"product_brand":[],"product_cat":[9088,2830,2832],"product_tag":[],"class_list":{"0":"post-27252","1":"product","2":"type-product","3":"status-publish","4":"has-post-thumbnail","6":"product_cat-en-premium","7":"product_cat-rivning","8":"product_cat-saxar-och-krossar","9":"pa_type-2-primaer-rivning","10":"pa_type-2-sekundaer-rivning","12":"first","13":"instock","14":"taxable","15":"shipping-taxable","16":"product-type-simple"},"acf":[],"yoast_head":"<title>Maskinstorlek: 29-35 ton - Viggo Bendz<\/title>\n<meta name=\"robots\" content=\"index, follow, max-snippet:-1, max-image-preview:large, max-video-preview:-1\" \/>\n<link rel=\"canonical\" href=\"https:\/\/viggobendz.dk\/sv\/butik\/rivning\/saxar-och-krossar\/en-premium\/maskinstorlek-29-35-ton-5\/\" \/>\n<meta property=\"og:locale\" content=\"sv_SE\" \/>\n<meta property=\"og:type\" content=\"article\" \/>\n<meta property=\"og:title\" content=\"Maskinstorlek: 29-35 ton - Viggo Bendz\" \/>\n<meta property=\"og:description\" content=\"FR Premium Betongkrossare fr\u00e5n Trevi Benne\" \/>\n<meta property=\"og:url\" content=\"https:\/\/viggobendz.dk\/sv\/butik\/rivning\/saxar-och-krossar\/en-premium\/maskinstorlek-29-35-ton-5\/\" \/>\n<meta property=\"og:site_name\" content=\"Viggo Bendz\" \/>\n<meta property=\"og:image\" content=\"https:\/\/viggobendz.dk\/wp-content\/uploads\/2025\/02\/FR_PREMIUM_1.jpg\" \/>\n\t<meta property=\"og:image:width\" content=\"650\" \/>\n\t<meta property=\"og:image:height\" content=\"492\" \/>\n\t<meta property=\"og:image:type\" content=\"image\/jpeg\" \/>\n<meta name=\"twitter:card\" content=\"summary_large_image\" \/>\n<meta name=\"twitter:label1\" content=\"Ber\u00e4knad l\u00e4stid\" \/>\n\t<meta name=\"twitter:data1\" content=\"1 minut\" \/>\n<script type=\"application\/ld+json\" class=\"yoast-schema-graph\">{\"@context\":\"https:\/\/schema.org\",\"@graph\":[{\"@type\":\"WebPage\",\"@id\":\"https:\/\/viggobendz.dk\/sv\/butik\/rivning\/saxar-och-krossar\/en-premium\/maskinstorlek-29-35-ton-5\/\",\"url\":\"https:\/\/viggobendz.dk\/sv\/butik\/rivning\/saxar-och-krossar\/en-premium\/maskinstorlek-29-35-ton-5\/\",\"name\":\"Maskinstorlek: 29-35 ton - Viggo Bendz\",\"isPartOf\":{\"@id\":\"https:\/\/viggobendz.dk\/sv\/#website\"},\"primaryImageOfPage\":{\"@id\":\"https:\/\/viggobendz.dk\/sv\/butik\/rivning\/saxar-och-krossar\/en-premium\/maskinstorlek-29-35-ton-5\/#primaryimage\"},\"image\":{\"@id\":\"https:\/\/viggobendz.dk\/sv\/butik\/rivning\/saxar-och-krossar\/en-premium\/maskinstorlek-29-35-ton-5\/#primaryimage\"},\"thumbnailUrl\":\"https:\/\/viggobendz.dk\/wp-content\/uploads\/2025\/02\/FR_PREMIUM_1.jpg\",\"datePublished\":\"2025-03-11T06:45:45+00:00\",\"breadcrumb\":{\"@id\":\"https:\/\/viggobendz.dk\/sv\/butik\/rivning\/saxar-och-krossar\/en-premium\/maskinstorlek-29-35-ton-5\/#breadcrumb\"},\"inLanguage\":\"sv-SE\",\"potentialAction\":[{\"@type\":\"ReadAction\",\"target\":[\"https:\/\/viggobendz.dk\/sv\/butik\/rivning\/saxar-och-krossar\/en-premium\/maskinstorlek-29-35-ton-5\/\"]}]},{\"@type\":\"ImageObject\",\"inLanguage\":\"sv-SE\",\"@id\":\"https:\/\/viggobendz.dk\/sv\/butik\/rivning\/saxar-och-krossar\/en-premium\/maskinstorlek-29-35-ton-5\/#primaryimage\",\"url\":\"https:\/\/viggobendz.dk\/wp-content\/uploads\/2025\/02\/FR_PREMIUM_1.jpg\",\"contentUrl\":\"https:\/\/viggobendz.dk\/wp-content\/uploads\/2025\/02\/FR_PREMIUM_1.jpg\",\"width\":650,\"height\":492},{\"@type\":\"BreadcrumbList\",\"@id\":\"https:\/\/viggobendz.dk\/sv\/butik\/rivning\/saxar-och-krossar\/en-premium\/maskinstorlek-29-35-ton-5\/#breadcrumb\",\"itemListElement\":[{\"@type\":\"ListItem\",\"position\":1,\"name\":\"Hjem\",\"item\":\"https:\/\/viggobendz.dk\/sv\/hemsidan\/\"},{\"@type\":\"ListItem\",\"position\":2,\"name\":\"Butik\",\"item\":\"https:\/\/viggobendz.dk\/butik\/\"},{\"@type\":\"ListItem\",\"position\":3,\"name\":\"Maskinstorlek: 29-35 ton\"}]},{\"@type\":\"WebSite\",\"@id\":\"https:\/\/viggobendz.dk\/sv\/#website\",\"url\":\"https:\/\/viggobendz.dk\/sv\/\",\"name\":\"Viggo Bendz\",\"description\":\"Det ansvarlige valg\",\"publisher\":{\"@id\":\"https:\/\/viggobendz.dk\/sv\/#organization\"},\"potentialAction\":[{\"@type\":\"SearchAction\",\"target\":{\"@type\":\"EntryPoint\",\"urlTemplate\":\"https:\/\/viggobendz.dk\/sv\/?s={search_term_string}\"},\"query-input\":{\"@type\":\"PropertyValueSpecification\",\"valueRequired\":true,\"valueName\":\"search_term_string\"}}],\"inLanguage\":\"sv-SE\"},{\"@type\":\"Organization\",\"@id\":\"https:\/\/viggobendz.dk\/sv\/#organization\",\"name\":\"Viggo Bendz A\/S\",\"url\":\"https:\/\/viggobendz.dk\/sv\/\",\"logo\":{\"@type\":\"ImageObject\",\"inLanguage\":\"sv-SE\",\"@id\":\"https:\/\/viggobendz.dk\/sv\/#\/schema\/logo\/image\/\",\"url\":\"https:\/\/viggobendz.dk\/wp-content\/uploads\/2020\/03\/VB-Logo.png\",\"contentUrl\":\"https:\/\/viggobendz.dk\/wp-content\/uploads\/2020\/03\/VB-Logo.png\",\"width\":735,\"height\":776,\"caption\":\"Viggo Bendz A\/S\"},\"image\":{\"@id\":\"https:\/\/viggobendz.dk\/sv\/#\/schema\/logo\/image\/\"}}]}<\/script>","yoast_head_json":{"title":"Maskinstorlek: 29-35 ton - Viggo Bendz","robots":{"index":"index","follow":"follow","max-snippet":"max-snippet:-1","max-image-preview":"max-image-preview:large","max-video-preview":"max-video-preview:-1"},"canonical":"https:\/\/viggobendz.dk\/sv\/butik\/rivning\/saxar-och-krossar\/en-premium\/maskinstorlek-29-35-ton-5\/","og_locale":"sv_SE","og_type":"article","og_title":"Maskinstorlek: 29-35 ton - Viggo Bendz","og_description":"FR Premium Betongkrossare fr\u00e5n Trevi Benne","og_url":"https:\/\/viggobendz.dk\/sv\/butik\/rivning\/saxar-och-krossar\/en-premium\/maskinstorlek-29-35-ton-5\/","og_site_name":"Viggo Bendz","og_image":[{"width":650,"height":492,"url":"https:\/\/viggobendz.dk\/wp-content\/uploads\/2025\/02\/FR_PREMIUM_1.jpg","type":"image\/jpeg"}],"twitter_card":"summary_large_image","twitter_misc":{"Ber\u00e4knad l\u00e4stid":"1 minut"},"schema":{"@context":"https:\/\/schema.org","@graph":[{"@type":"WebPage","@id":"https:\/\/viggobendz.dk\/sv\/butik\/rivning\/saxar-och-krossar\/en-premium\/maskinstorlek-29-35-ton-5\/","url":"https:\/\/viggobendz.dk\/sv\/butik\/rivning\/saxar-och-krossar\/en-premium\/maskinstorlek-29-35-ton-5\/","name":"Maskinstorlek: 29-35 ton - Viggo Bendz","isPartOf":{"@id":"https:\/\/viggobendz.dk\/sv\/#website"},"primaryImageOfPage":{"@id":"https:\/\/viggobendz.dk\/sv\/butik\/rivning\/saxar-och-krossar\/en-premium\/maskinstorlek-29-35-ton-5\/#primaryimage"},"image":{"@id":"https:\/\/viggobendz.dk\/sv\/butik\/rivning\/saxar-och-krossar\/en-premium\/maskinstorlek-29-35-ton-5\/#primaryimage"},"thumbnailUrl":"https:\/\/viggobendz.dk\/wp-content\/uploads\/2025\/02\/FR_PREMIUM_1.jpg","datePublished":"2025-03-11T06:45:45+00:00","breadcrumb":{"@id":"https:\/\/viggobendz.dk\/sv\/butik\/rivning\/saxar-och-krossar\/en-premium\/maskinstorlek-29-35-ton-5\/#breadcrumb"},"inLanguage":"sv-SE","potentialAction":[{"@type":"ReadAction","target":["https:\/\/viggobendz.dk\/sv\/butik\/rivning\/saxar-och-krossar\/en-premium\/maskinstorlek-29-35-ton-5\/"]}]},{"@type":"ImageObject","inLanguage":"sv-SE","@id":"https:\/\/viggobendz.dk\/sv\/butik\/rivning\/saxar-och-krossar\/en-premium\/maskinstorlek-29-35-ton-5\/#primaryimage","url":"https:\/\/viggobendz.dk\/wp-content\/uploads\/2025\/02\/FR_PREMIUM_1.jpg","contentUrl":"https:\/\/viggobendz.dk\/wp-content\/uploads\/2025\/02\/FR_PREMIUM_1.jpg","width":650,"height":492},{"@type":"BreadcrumbList","@id":"https:\/\/viggobendz.dk\/sv\/butik\/rivning\/saxar-och-krossar\/en-premium\/maskinstorlek-29-35-ton-5\/#breadcrumb","itemListElement":[{"@type":"ListItem","position":1,"name":"Hjem","item":"https:\/\/viggobendz.dk\/sv\/hemsidan\/"},{"@type":"ListItem","position":2,"name":"Butik","item":"https:\/\/viggobendz.dk\/butik\/"},{"@type":"ListItem","position":3,"name":"Maskinstorlek: 29-35 ton"}]},{"@type":"WebSite","@id":"https:\/\/viggobendz.dk\/sv\/#website","url":"https:\/\/viggobendz.dk\/sv\/","name":"Viggo Bendz","description":"Det ansvarlige valg","publisher":{"@id":"https:\/\/viggobendz.dk\/sv\/#organization"},"potentialAction":[{"@type":"SearchAction","target":{"@type":"EntryPoint","urlTemplate":"https:\/\/viggobendz.dk\/sv\/?s={search_term_string}"},"query-input":{"@type":"PropertyValueSpecification","valueRequired":true,"valueName":"search_term_string"}}],"inLanguage":"sv-SE"},{"@type":"Organization","@id":"https:\/\/viggobendz.dk\/sv\/#organization","name":"Viggo Bendz A\/S","url":"https:\/\/viggobendz.dk\/sv\/","logo":{"@type":"ImageObject","inLanguage":"sv-SE","@id":"https:\/\/viggobendz.dk\/sv\/#\/schema\/logo\/image\/","url":"https:\/\/viggobendz.dk\/wp-content\/uploads\/2020\/03\/VB-Logo.png","contentUrl":"https:\/\/viggobendz.dk\/wp-content\/uploads\/2020\/03\/VB-Logo.png","width":735,"height":776,"caption":"Viggo Bendz A\/S"},"image":{"@id":"https:\/\/viggobendz.dk\/sv\/#\/schema\/logo\/image\/"}}]}},"_links":{"self":[{"href":"https:\/\/viggobendz.dk\/sv\/wp-json\/wp\/v2\/product\/27252","targetHints":{"allow":["GET"]}}],"collection":[{"href":"https:\/\/viggobendz.dk\/sv\/wp-json\/wp\/v2\/product"}],"about":[{"href":"https:\/\/viggobendz.dk\/sv\/wp-json\/wp\/v2\/types\/product"}],"wp:featuredmedia":[{"embeddable":true,"href":"https:\/\/viggobendz.dk\/sv\/wp-json\/wp\/v2\/media\/19881"}],"wp:attachment":[{"href":"https:\/\/viggobendz.dk\/sv\/wp-json\/wp\/v2\/media?parent=27252"}],"wp:term":[{"taxonomy":"product_brand","embeddable":true,"href":"https:\/\/viggobendz.dk\/sv\/wp-json\/wp\/v2\/product_brand?post=27252"},{"taxonomy":"product_cat","embeddable":true,"href":"https:\/\/viggobendz.dk\/sv\/wp-json\/wp\/v2\/product_cat?post=27252"},{"taxonomy":"product_tag","embeddable":true,"href":"https:\/\/viggobendz.dk\/sv\/wp-json\/wp\/v2\/product_tag?post=27252"}],"curies":[{"name":"wp","href":"https:\/\/api.w.org\/{rel}","templated":true}]}}