{"id":27301,"date":"2025-03-11T07:46:11","date_gmt":"2025-03-11T06:46:11","guid":{"rendered":"https:\/\/viggobendz.dk\/butik\/okategoriserad\/35-40-ton\/"},"modified":"2025-03-11T07:46:11","modified_gmt":"2025-03-11T06:46:11","slug":"35-40-ton","status":"publish","type":"product","link":"https:\/\/viggobendz.dk\/sv\/butik\/rivning\/saxar-och-krossar\/cs-serien\/35-40-ton\/","title":{"rendered":"35-40 ton"},"content":{"rendered":"<p data-start=\"0\" data-end=\"60\"><strong data-start=\"0\" data-end=\"58\">CS Series j\u00e4rnsaxar fr\u00e5n Trevi Benne &#8211; effektiv kapning av st\u00e5l och armeringsj\u00e4rn<\/strong><\/p>\n<p data-start=\"61\" data-end=\"200\">Trevi Benne CS-serien \u00e4r en kraftfull och kompakt j\u00e4rnsax som utvecklats f\u00f6r kr\u00e4vande skrotnings- och rivningsapplikationer. Den \u00e4r konstruerad f\u00f6r att klippa st\u00e5l, armeringsj\u00e4rn och andra metallkonstruktioner med h\u00f6g precision och kraft. Med sin h\u00e5llbara konstruktion och effektiva hydraulik s\u00e4kerst\u00e4ller CS-serien snabb och tillf\u00f6rlitlig materialhantering.  <\/p>\n<ul>\n<li data-start=\"201\" data-end=\"260\"><strong data-start=\"201\" data-end=\"259\">Extrem sk\u00e4rkraft<\/strong> &#8211; effektiv kapning av st\u00e5l och armeringsj\u00e4rn i alla tjocklekar.<\/li>\n<li data-start=\"261\" data-end=\"320\"><strong data-start=\"261\" data-end=\"319\">Kompakt design<\/strong> &#8211; Idealisk f\u00f6r arbete i tr\u00e5nga utrymmen utan att kompromissa med prestandan.<\/li>\n<li data-start=\"321\" data-end=\"380\"><strong data-start=\"321\" data-end=\"379\">Slitstark konstruktion<\/strong> &#8211; F\u00f6rst\u00e4rkta blad och robust ram ger l\u00e5ng livsl\u00e4ngd.<\/li>\n<\/ul>\n<p data-start=\"381\" data-end=\"440\">Med en j\u00e4rnsax fr\u00e5n Trevi Benne CS-serien f\u00e5r du en tillf\u00f6rlitlig och h\u00f6gpresterande l\u00f6sning som optimerar skrotnings- och rivningsarbeten.<\/p>\n","protected":false},"excerpt":{"rendered":"<p>J\u00e4rnsax fr\u00e5n Trevi Benne<\/p>\n","protected":false},"featured_media":11112,"template":"","meta":{"_acf_changed":false},"product_brand":[],"product_cat":[6975,2830,2832],"product_tag":[],"class_list":{"0":"post-27301","1":"product","2":"type-product","3":"status-publish","4":"has-post-thumbnail","6":"product_cat-cs-serien","7":"product_cat-rivning","8":"product_cat-saxar-och-krossar","9":"pa_type-2-standard","11":"first","12":"instock","13":"taxable","14":"shipping-taxable","15":"product-type-simple"},"acf":[],"yoast_head":"<title>35-40 ton - Viggo Bendz<\/title>\n<meta name=\"robots\" content=\"index, follow, max-snippet:-1, max-image-preview:large, max-video-preview:-1\" \/>\n<link rel=\"canonical\" href=\"https:\/\/viggobendz.dk\/sv\/butik\/rivning\/saxar-och-krossar\/cs-serien\/35-40-ton\/\" \/>\n<meta property=\"og:locale\" content=\"sv_SE\" \/>\n<meta property=\"og:type\" content=\"article\" \/>\n<meta property=\"og:title\" content=\"35-40 ton - Viggo Bendz\" \/>\n<meta property=\"og:description\" content=\"J\u00e4rnsax fr\u00e5n Trevi Benne\" \/>\n<meta property=\"og:url\" content=\"https:\/\/viggobendz.dk\/sv\/butik\/rivning\/saxar-och-krossar\/cs-serien\/35-40-ton\/\" \/>\n<meta property=\"og:site_name\" content=\"Viggo Bendz\" \/>\n<meta property=\"og:image\" content=\"https:\/\/viggobendz.dk\/wp-content\/uploads\/2024\/11\/CS-SERIES-Photoroom.png\" \/>\n\t<meta property=\"og:image:width\" content=\"1414\" \/>\n\t<meta property=\"og:image:height\" content=\"2000\" \/>\n\t<meta property=\"og:image:type\" content=\"image\/png\" \/>\n<meta name=\"twitter:card\" content=\"summary_large_image\" \/>\n<meta name=\"twitter:label1\" content=\"Ber\u00e4knad l\u00e4stid\" \/>\n\t<meta name=\"twitter:data1\" content=\"1 minut\" \/>\n<script type=\"application\/ld+json\" class=\"yoast-schema-graph\">{\"@context\":\"https:\/\/schema.org\",\"@graph\":[{\"@type\":\"WebPage\",\"@id\":\"https:\/\/viggobendz.dk\/sv\/butik\/rivning\/saxar-och-krossar\/cs-serien\/35-40-ton\/\",\"url\":\"https:\/\/viggobendz.dk\/sv\/butik\/rivning\/saxar-och-krossar\/cs-serien\/35-40-ton\/\",\"name\":\"35-40 ton - Viggo Bendz\",\"isPartOf\":{\"@id\":\"https:\/\/viggobendz.dk\/sv\/#website\"},\"primaryImageOfPage\":{\"@id\":\"https:\/\/viggobendz.dk\/sv\/butik\/rivning\/saxar-och-krossar\/cs-serien\/35-40-ton\/#primaryimage\"},\"image\":{\"@id\":\"https:\/\/viggobendz.dk\/sv\/butik\/rivning\/saxar-och-krossar\/cs-serien\/35-40-ton\/#primaryimage\"},\"thumbnailUrl\":\"https:\/\/viggobendz.dk\/wp-content\/uploads\/2024\/11\/CS-SERIES-Photoroom.png\",\"datePublished\":\"2025-03-11T06:46:11+00:00\",\"breadcrumb\":{\"@id\":\"https:\/\/viggobendz.dk\/sv\/butik\/rivning\/saxar-och-krossar\/cs-serien\/35-40-ton\/#breadcrumb\"},\"inLanguage\":\"sv-SE\",\"potentialAction\":[{\"@type\":\"ReadAction\",\"target\":[\"https:\/\/viggobendz.dk\/sv\/butik\/rivning\/saxar-och-krossar\/cs-serien\/35-40-ton\/\"]}]},{\"@type\":\"ImageObject\",\"inLanguage\":\"sv-SE\",\"@id\":\"https:\/\/viggobendz.dk\/sv\/butik\/rivning\/saxar-och-krossar\/cs-serien\/35-40-ton\/#primaryimage\",\"url\":\"https:\/\/viggobendz.dk\/wp-content\/uploads\/2024\/11\/CS-SERIES-Photoroom.png\",\"contentUrl\":\"https:\/\/viggobendz.dk\/wp-content\/uploads\/2024\/11\/CS-SERIES-Photoroom.png\",\"width\":1414,\"height\":2000},{\"@type\":\"BreadcrumbList\",\"@id\":\"https:\/\/viggobendz.dk\/sv\/butik\/rivning\/saxar-och-krossar\/cs-serien\/35-40-ton\/#breadcrumb\",\"itemListElement\":[{\"@type\":\"ListItem\",\"position\":1,\"name\":\"Hjem\",\"item\":\"https:\/\/viggobendz.dk\/sv\/hemsidan\/\"},{\"@type\":\"ListItem\",\"position\":2,\"name\":\"Butik\",\"item\":\"https:\/\/viggobendz.dk\/butik\/\"},{\"@type\":\"ListItem\",\"position\":3,\"name\":\"Rivning\",\"item\":\"https:\/\/viggobendz.dk\/sv\/vare-kategori\/rivning\/\"},{\"@type\":\"ListItem\",\"position\":4,\"name\":\"Saxar och krossar\",\"item\":\"https:\/\/viggobendz.dk\/sv\/vare-kategori\/rivning\/saxar-och-krossar\/\"},{\"@type\":\"ListItem\",\"position\":5,\"name\":\"CS-serien\",\"item\":\"https:\/\/viggobendz.dk\/sv\/vare-kategori\/rivning\/saxar-och-krossar\/cs-serien\/\"},{\"@type\":\"ListItem\",\"position\":6,\"name\":\"35-40 ton\"}]},{\"@type\":\"WebSite\",\"@id\":\"https:\/\/viggobendz.dk\/sv\/#website\",\"url\":\"https:\/\/viggobendz.dk\/sv\/\",\"name\":\"Viggo Bendz\",\"description\":\"Det ansvarlige valg\",\"publisher\":{\"@id\":\"https:\/\/viggobendz.dk\/sv\/#organization\"},\"potentialAction\":[{\"@type\":\"SearchAction\",\"target\":{\"@type\":\"EntryPoint\",\"urlTemplate\":\"https:\/\/viggobendz.dk\/sv\/?s={search_term_string}\"},\"query-input\":{\"@type\":\"PropertyValueSpecification\",\"valueRequired\":true,\"valueName\":\"search_term_string\"}}],\"inLanguage\":\"sv-SE\"},{\"@type\":\"Organization\",\"@id\":\"https:\/\/viggobendz.dk\/sv\/#organization\",\"name\":\"Viggo Bendz A\/S\",\"url\":\"https:\/\/viggobendz.dk\/sv\/\",\"logo\":{\"@type\":\"ImageObject\",\"inLanguage\":\"sv-SE\",\"@id\":\"https:\/\/viggobendz.dk\/sv\/#\/schema\/logo\/image\/\",\"url\":\"https:\/\/viggobendz.dk\/wp-content\/uploads\/2020\/03\/VB-Logo.png\",\"contentUrl\":\"https:\/\/viggobendz.dk\/wp-content\/uploads\/2020\/03\/VB-Logo.png\",\"width\":735,\"height\":776,\"caption\":\"Viggo Bendz A\/S\"},\"image\":{\"@id\":\"https:\/\/viggobendz.dk\/sv\/#\/schema\/logo\/image\/\"}}]}<\/script>","yoast_head_json":{"title":"35-40 ton - Viggo Bendz","robots":{"index":"index","follow":"follow","max-snippet":"max-snippet:-1","max-image-preview":"max-image-preview:large","max-video-preview":"max-video-preview:-1"},"canonical":"https:\/\/viggobendz.dk\/sv\/butik\/rivning\/saxar-och-krossar\/cs-serien\/35-40-ton\/","og_locale":"sv_SE","og_type":"article","og_title":"35-40 ton - Viggo Bendz","og_description":"J\u00e4rnsax fr\u00e5n Trevi Benne","og_url":"https:\/\/viggobendz.dk\/sv\/butik\/rivning\/saxar-och-krossar\/cs-serien\/35-40-ton\/","og_site_name":"Viggo Bendz","og_image":[{"width":1414,"height":2000,"url":"https:\/\/viggobendz.dk\/wp-content\/uploads\/2024\/11\/CS-SERIES-Photoroom.png","type":"image\/png"}],"twitter_card":"summary_large_image","twitter_misc":{"Ber\u00e4knad l\u00e4stid":"1 minut"},"schema":{"@context":"https:\/\/schema.org","@graph":[{"@type":"WebPage","@id":"https:\/\/viggobendz.dk\/sv\/butik\/rivning\/saxar-och-krossar\/cs-serien\/35-40-ton\/","url":"https:\/\/viggobendz.dk\/sv\/butik\/rivning\/saxar-och-krossar\/cs-serien\/35-40-ton\/","name":"35-40 ton - Viggo Bendz","isPartOf":{"@id":"https:\/\/viggobendz.dk\/sv\/#website"},"primaryImageOfPage":{"@id":"https:\/\/viggobendz.dk\/sv\/butik\/rivning\/saxar-och-krossar\/cs-serien\/35-40-ton\/#primaryimage"},"image":{"@id":"https:\/\/viggobendz.dk\/sv\/butik\/rivning\/saxar-och-krossar\/cs-serien\/35-40-ton\/#primaryimage"},"thumbnailUrl":"https:\/\/viggobendz.dk\/wp-content\/uploads\/2024\/11\/CS-SERIES-Photoroom.png","datePublished":"2025-03-11T06:46:11+00:00","breadcrumb":{"@id":"https:\/\/viggobendz.dk\/sv\/butik\/rivning\/saxar-och-krossar\/cs-serien\/35-40-ton\/#breadcrumb"},"inLanguage":"sv-SE","potentialAction":[{"@type":"ReadAction","target":["https:\/\/viggobendz.dk\/sv\/butik\/rivning\/saxar-och-krossar\/cs-serien\/35-40-ton\/"]}]},{"@type":"ImageObject","inLanguage":"sv-SE","@id":"https:\/\/viggobendz.dk\/sv\/butik\/rivning\/saxar-och-krossar\/cs-serien\/35-40-ton\/#primaryimage","url":"https:\/\/viggobendz.dk\/wp-content\/uploads\/2024\/11\/CS-SERIES-Photoroom.png","contentUrl":"https:\/\/viggobendz.dk\/wp-content\/uploads\/2024\/11\/CS-SERIES-Photoroom.png","width":1414,"height":2000},{"@type":"BreadcrumbList","@id":"https:\/\/viggobendz.dk\/sv\/butik\/rivning\/saxar-och-krossar\/cs-serien\/35-40-ton\/#breadcrumb","itemListElement":[{"@type":"ListItem","position":1,"name":"Hjem","item":"https:\/\/viggobendz.dk\/sv\/hemsidan\/"},{"@type":"ListItem","position":2,"name":"Butik","item":"https:\/\/viggobendz.dk\/butik\/"},{"@type":"ListItem","position":3,"name":"Rivning","item":"https:\/\/viggobendz.dk\/sv\/vare-kategori\/rivning\/"},{"@type":"ListItem","position":4,"name":"Saxar och krossar","item":"https:\/\/viggobendz.dk\/sv\/vare-kategori\/rivning\/saxar-och-krossar\/"},{"@type":"ListItem","position":5,"name":"CS-serien","item":"https:\/\/viggobendz.dk\/sv\/vare-kategori\/rivning\/saxar-och-krossar\/cs-serien\/"},{"@type":"ListItem","position":6,"name":"35-40 ton"}]},{"@type":"WebSite","@id":"https:\/\/viggobendz.dk\/sv\/#website","url":"https:\/\/viggobendz.dk\/sv\/","name":"Viggo Bendz","description":"Det ansvarlige valg","publisher":{"@id":"https:\/\/viggobendz.dk\/sv\/#organization"},"potentialAction":[{"@type":"SearchAction","target":{"@type":"EntryPoint","urlTemplate":"https:\/\/viggobendz.dk\/sv\/?s={search_term_string}"},"query-input":{"@type":"PropertyValueSpecification","valueRequired":true,"valueName":"search_term_string"}}],"inLanguage":"sv-SE"},{"@type":"Organization","@id":"https:\/\/viggobendz.dk\/sv\/#organization","name":"Viggo Bendz A\/S","url":"https:\/\/viggobendz.dk\/sv\/","logo":{"@type":"ImageObject","inLanguage":"sv-SE","@id":"https:\/\/viggobendz.dk\/sv\/#\/schema\/logo\/image\/","url":"https:\/\/viggobendz.dk\/wp-content\/uploads\/2020\/03\/VB-Logo.png","contentUrl":"https:\/\/viggobendz.dk\/wp-content\/uploads\/2020\/03\/VB-Logo.png","width":735,"height":776,"caption":"Viggo Bendz A\/S"},"image":{"@id":"https:\/\/viggobendz.dk\/sv\/#\/schema\/logo\/image\/"}}]}},"_links":{"self":[{"href":"https:\/\/viggobendz.dk\/sv\/wp-json\/wp\/v2\/product\/27301","targetHints":{"allow":["GET"]}}],"collection":[{"href":"https:\/\/viggobendz.dk\/sv\/wp-json\/wp\/v2\/product"}],"about":[{"href":"https:\/\/viggobendz.dk\/sv\/wp-json\/wp\/v2\/types\/product"}],"wp:featuredmedia":[{"embeddable":true,"href":"https:\/\/viggobendz.dk\/sv\/wp-json\/wp\/v2\/media\/11112"}],"wp:attachment":[{"href":"https:\/\/viggobendz.dk\/sv\/wp-json\/wp\/v2\/media?parent=27301"}],"wp:term":[{"taxonomy":"product_brand","embeddable":true,"href":"https:\/\/viggobendz.dk\/sv\/wp-json\/wp\/v2\/product_brand?post=27301"},{"taxonomy":"product_cat","embeddable":true,"href":"https:\/\/viggobendz.dk\/sv\/wp-json\/wp\/v2\/product_cat?post=27301"},{"taxonomy":"product_tag","embeddable":true,"href":"https:\/\/viggobendz.dk\/sv\/wp-json\/wp\/v2\/product_tag?post=27301"}],"curies":[{"name":"wp","href":"https:\/\/api.w.org\/{rel}","templated":true}]}}