{"id":27372,"date":"2025-03-11T07:43:33","date_gmt":"2025-03-11T06:43:33","guid":{"rendered":"https:\/\/viggobendz.dk\/butik\/okategoriserad\/furukawa-bred-platt-mejsel\/"},"modified":"2025-03-11T07:43:33","modified_gmt":"2025-03-11T06:43:33","slug":"furukawa-bred-platt-mejsel","status":"publish","type":"product","link":"https:\/\/viggobendz.dk\/sv\/butik\/slitdelar\/mejsling\/furukawa\/furukawa-bred-platt-mejsel\/","title":{"rendered":"Furukawa &#8211; Bred platt mejsel"},"content":{"rendered":"","protected":false},"excerpt":{"rendered":"<p><strong>V\u00e4lj din hammarmodell fr\u00e5n listan.<\/strong><\/p>\n<p>Hittar du inte mejseln till din hammare?<br \/>\nRing oss p\u00e5 tel. +45 43 96 41 22 s\u00e5 dubbelkollar vi lagret eller best\u00e4ller den \u00e5t dig s\u00e5 snart som m\u00f6jligt.<\/p>\n","protected":false},"featured_media":16849,"template":"","meta":{"_acf_changed":false},"product_brand":[],"product_cat":[9415,9412,2655],"product_tag":[],"class_list":{"0":"post-27372","1":"product","2":"type-product","3":"status-publish","4":"has-post-thumbnail","6":"product_cat-furukawa","7":"product_cat-mejsling","8":"product_cat-slitdelar","10":"first","11":"instock","12":"taxable","13":"shipping-taxable","14":"purchasable","15":"product-type-variable"},"acf":[],"yoast_head":"<title>Furukawa - Bred platt mejsel - Viggo Bendz<\/title>\n<meta name=\"robots\" content=\"index, follow, max-snippet:-1, max-image-preview:large, max-video-preview:-1\" \/>\n<link rel=\"canonical\" href=\"https:\/\/viggobendz.dk\/sv\/butik\/slitdelar\/mejsling\/furukawa\/furukawa-bred-platt-mejsel\/\" \/>\n<meta property=\"og:locale\" content=\"sv_SE\" \/>\n<meta property=\"og:type\" content=\"article\" \/>\n<meta property=\"og:title\" content=\"Furukawa - Bred platt mejsel - Viggo Bendz\" \/>\n<meta property=\"og:description\" content=\"V\u00e4lj din hammarmodell fr\u00e5n listan. Hittar du inte mejseln till din hammare? Ring oss p\u00e5 tel. +45 43 96 41 22 s\u00e5 dubbelkollar vi lagret eller best\u00e4ller den \u00e5t dig s\u00e5 snart som m\u00f6jligt.\" \/>\n<meta property=\"og:url\" content=\"https:\/\/viggobendz.dk\/sv\/butik\/slitdelar\/mejsling\/furukawa\/furukawa-bred-platt-mejsel\/\" \/>\n<meta property=\"og:site_name\" content=\"Viggo Bendz\" \/>\n<meta property=\"og:image\" content=\"https:\/\/viggobendz.dk\/wp-content\/uploads\/2020\/11\/bredflademejsel-e1639393225984.jpg\" \/>\n\t<meta property=\"og:image:width\" content=\"800\" \/>\n\t<meta property=\"og:image:height\" content=\"457\" \/>\n\t<meta property=\"og:image:type\" content=\"image\/jpeg\" \/>\n<meta name=\"twitter:card\" content=\"summary_large_image\" \/>\n<script type=\"application\/ld+json\" class=\"yoast-schema-graph\">{\"@context\":\"https:\/\/schema.org\",\"@graph\":[{\"@type\":\"WebPage\",\"@id\":\"https:\/\/viggobendz.dk\/sv\/butik\/slitdelar\/mejsling\/furukawa\/furukawa-bred-platt-mejsel\/\",\"url\":\"https:\/\/viggobendz.dk\/sv\/butik\/slitdelar\/mejsling\/furukawa\/furukawa-bred-platt-mejsel\/\",\"name\":\"Furukawa - Bred platt mejsel - Viggo Bendz\",\"isPartOf\":{\"@id\":\"https:\/\/viggobendz.dk\/sv\/#website\"},\"primaryImageOfPage\":{\"@id\":\"https:\/\/viggobendz.dk\/sv\/butik\/slitdelar\/mejsling\/furukawa\/furukawa-bred-platt-mejsel\/#primaryimage\"},\"image\":{\"@id\":\"https:\/\/viggobendz.dk\/sv\/butik\/slitdelar\/mejsling\/furukawa\/furukawa-bred-platt-mejsel\/#primaryimage\"},\"thumbnailUrl\":\"https:\/\/viggobendz.dk\/wp-content\/uploads\/2020\/11\/bredflademejsel-e1639393225984.jpg\",\"datePublished\":\"2025-03-11T06:43:33+00:00\",\"breadcrumb\":{\"@id\":\"https:\/\/viggobendz.dk\/sv\/butik\/slitdelar\/mejsling\/furukawa\/furukawa-bred-platt-mejsel\/#breadcrumb\"},\"inLanguage\":\"sv-SE\",\"potentialAction\":[{\"@type\":\"ReadAction\",\"target\":[\"https:\/\/viggobendz.dk\/sv\/butik\/slitdelar\/mejsling\/furukawa\/furukawa-bred-platt-mejsel\/\"]}]},{\"@type\":\"ImageObject\",\"inLanguage\":\"sv-SE\",\"@id\":\"https:\/\/viggobendz.dk\/sv\/butik\/slitdelar\/mejsling\/furukawa\/furukawa-bred-platt-mejsel\/#primaryimage\",\"url\":\"https:\/\/viggobendz.dk\/wp-content\/uploads\/2020\/11\/bredflademejsel-e1639393225984.jpg\",\"contentUrl\":\"https:\/\/viggobendz.dk\/wp-content\/uploads\/2020\/11\/bredflademejsel-e1639393225984.jpg\",\"width\":800,\"height\":457,\"caption\":\"bred flatmejsel\"},{\"@type\":\"BreadcrumbList\",\"@id\":\"https:\/\/viggobendz.dk\/sv\/butik\/slitdelar\/mejsling\/furukawa\/furukawa-bred-platt-mejsel\/#breadcrumb\",\"itemListElement\":[{\"@type\":\"ListItem\",\"position\":1,\"name\":\"Hjem\",\"item\":\"https:\/\/viggobendz.dk\/sv\/hemsidan\/\"},{\"@type\":\"ListItem\",\"position\":2,\"name\":\"Butik\",\"item\":\"https:\/\/viggobendz.dk\/butik\/\"},{\"@type\":\"ListItem\",\"position\":3,\"name\":\"Furukawa &#8211; Bred platt mejsel\"}]},{\"@type\":\"WebSite\",\"@id\":\"https:\/\/viggobendz.dk\/sv\/#website\",\"url\":\"https:\/\/viggobendz.dk\/sv\/\",\"name\":\"Viggo Bendz\",\"description\":\"Det ansvarlige valg\",\"publisher\":{\"@id\":\"https:\/\/viggobendz.dk\/sv\/#organization\"},\"potentialAction\":[{\"@type\":\"SearchAction\",\"target\":{\"@type\":\"EntryPoint\",\"urlTemplate\":\"https:\/\/viggobendz.dk\/sv\/?s={search_term_string}\"},\"query-input\":{\"@type\":\"PropertyValueSpecification\",\"valueRequired\":true,\"valueName\":\"search_term_string\"}}],\"inLanguage\":\"sv-SE\"},{\"@type\":\"Organization\",\"@id\":\"https:\/\/viggobendz.dk\/sv\/#organization\",\"name\":\"Viggo Bendz A\/S\",\"url\":\"https:\/\/viggobendz.dk\/sv\/\",\"logo\":{\"@type\":\"ImageObject\",\"inLanguage\":\"sv-SE\",\"@id\":\"https:\/\/viggobendz.dk\/sv\/#\/schema\/logo\/image\/\",\"url\":\"https:\/\/viggobendz.dk\/wp-content\/uploads\/2020\/03\/VB-Logo.png\",\"contentUrl\":\"https:\/\/viggobendz.dk\/wp-content\/uploads\/2020\/03\/VB-Logo.png\",\"width\":735,\"height\":776,\"caption\":\"Viggo Bendz A\/S\"},\"image\":{\"@id\":\"https:\/\/viggobendz.dk\/sv\/#\/schema\/logo\/image\/\"}}]}<\/script>","yoast_head_json":{"title":"Furukawa - Bred platt mejsel - Viggo Bendz","robots":{"index":"index","follow":"follow","max-snippet":"max-snippet:-1","max-image-preview":"max-image-preview:large","max-video-preview":"max-video-preview:-1"},"canonical":"https:\/\/viggobendz.dk\/sv\/butik\/slitdelar\/mejsling\/furukawa\/furukawa-bred-platt-mejsel\/","og_locale":"sv_SE","og_type":"article","og_title":"Furukawa - Bred platt mejsel - Viggo Bendz","og_description":"V\u00e4lj din hammarmodell fr\u00e5n listan. Hittar du inte mejseln till din hammare? Ring oss p\u00e5 tel. +45 43 96 41 22 s\u00e5 dubbelkollar vi lagret eller best\u00e4ller den \u00e5t dig s\u00e5 snart som m\u00f6jligt.","og_url":"https:\/\/viggobendz.dk\/sv\/butik\/slitdelar\/mejsling\/furukawa\/furukawa-bred-platt-mejsel\/","og_site_name":"Viggo Bendz","og_image":[{"width":800,"height":457,"url":"https:\/\/viggobendz.dk\/wp-content\/uploads\/2020\/11\/bredflademejsel-e1639393225984.jpg","type":"image\/jpeg"}],"twitter_card":"summary_large_image","schema":{"@context":"https:\/\/schema.org","@graph":[{"@type":"WebPage","@id":"https:\/\/viggobendz.dk\/sv\/butik\/slitdelar\/mejsling\/furukawa\/furukawa-bred-platt-mejsel\/","url":"https:\/\/viggobendz.dk\/sv\/butik\/slitdelar\/mejsling\/furukawa\/furukawa-bred-platt-mejsel\/","name":"Furukawa - Bred platt mejsel - Viggo Bendz","isPartOf":{"@id":"https:\/\/viggobendz.dk\/sv\/#website"},"primaryImageOfPage":{"@id":"https:\/\/viggobendz.dk\/sv\/butik\/slitdelar\/mejsling\/furukawa\/furukawa-bred-platt-mejsel\/#primaryimage"},"image":{"@id":"https:\/\/viggobendz.dk\/sv\/butik\/slitdelar\/mejsling\/furukawa\/furukawa-bred-platt-mejsel\/#primaryimage"},"thumbnailUrl":"https:\/\/viggobendz.dk\/wp-content\/uploads\/2020\/11\/bredflademejsel-e1639393225984.jpg","datePublished":"2025-03-11T06:43:33+00:00","breadcrumb":{"@id":"https:\/\/viggobendz.dk\/sv\/butik\/slitdelar\/mejsling\/furukawa\/furukawa-bred-platt-mejsel\/#breadcrumb"},"inLanguage":"sv-SE","potentialAction":[{"@type":"ReadAction","target":["https:\/\/viggobendz.dk\/sv\/butik\/slitdelar\/mejsling\/furukawa\/furukawa-bred-platt-mejsel\/"]}]},{"@type":"ImageObject","inLanguage":"sv-SE","@id":"https:\/\/viggobendz.dk\/sv\/butik\/slitdelar\/mejsling\/furukawa\/furukawa-bred-platt-mejsel\/#primaryimage","url":"https:\/\/viggobendz.dk\/wp-content\/uploads\/2020\/11\/bredflademejsel-e1639393225984.jpg","contentUrl":"https:\/\/viggobendz.dk\/wp-content\/uploads\/2020\/11\/bredflademejsel-e1639393225984.jpg","width":800,"height":457,"caption":"bred flatmejsel"},{"@type":"BreadcrumbList","@id":"https:\/\/viggobendz.dk\/sv\/butik\/slitdelar\/mejsling\/furukawa\/furukawa-bred-platt-mejsel\/#breadcrumb","itemListElement":[{"@type":"ListItem","position":1,"name":"Hjem","item":"https:\/\/viggobendz.dk\/sv\/hemsidan\/"},{"@type":"ListItem","position":2,"name":"Butik","item":"https:\/\/viggobendz.dk\/butik\/"},{"@type":"ListItem","position":3,"name":"Furukawa &#8211; Bred platt mejsel"}]},{"@type":"WebSite","@id":"https:\/\/viggobendz.dk\/sv\/#website","url":"https:\/\/viggobendz.dk\/sv\/","name":"Viggo Bendz","description":"Det ansvarlige valg","publisher":{"@id":"https:\/\/viggobendz.dk\/sv\/#organization"},"potentialAction":[{"@type":"SearchAction","target":{"@type":"EntryPoint","urlTemplate":"https:\/\/viggobendz.dk\/sv\/?s={search_term_string}"},"query-input":{"@type":"PropertyValueSpecification","valueRequired":true,"valueName":"search_term_string"}}],"inLanguage":"sv-SE"},{"@type":"Organization","@id":"https:\/\/viggobendz.dk\/sv\/#organization","name":"Viggo Bendz A\/S","url":"https:\/\/viggobendz.dk\/sv\/","logo":{"@type":"ImageObject","inLanguage":"sv-SE","@id":"https:\/\/viggobendz.dk\/sv\/#\/schema\/logo\/image\/","url":"https:\/\/viggobendz.dk\/wp-content\/uploads\/2020\/03\/VB-Logo.png","contentUrl":"https:\/\/viggobendz.dk\/wp-content\/uploads\/2020\/03\/VB-Logo.png","width":735,"height":776,"caption":"Viggo Bendz A\/S"},"image":{"@id":"https:\/\/viggobendz.dk\/sv\/#\/schema\/logo\/image\/"}}]}},"_links":{"self":[{"href":"https:\/\/viggobendz.dk\/sv\/wp-json\/wp\/v2\/product\/27372","targetHints":{"allow":["GET"]}}],"collection":[{"href":"https:\/\/viggobendz.dk\/sv\/wp-json\/wp\/v2\/product"}],"about":[{"href":"https:\/\/viggobendz.dk\/sv\/wp-json\/wp\/v2\/types\/product"}],"wp:featuredmedia":[{"embeddable":true,"href":"https:\/\/viggobendz.dk\/sv\/wp-json\/wp\/v2\/media\/16849"}],"wp:attachment":[{"href":"https:\/\/viggobendz.dk\/sv\/wp-json\/wp\/v2\/media?parent=27372"}],"wp:term":[{"taxonomy":"product_brand","embeddable":true,"href":"https:\/\/viggobendz.dk\/sv\/wp-json\/wp\/v2\/product_brand?post=27372"},{"taxonomy":"product_cat","embeddable":true,"href":"https:\/\/viggobendz.dk\/sv\/wp-json\/wp\/v2\/product_cat?post=27372"},{"taxonomy":"product_tag","embeddable":true,"href":"https:\/\/viggobendz.dk\/sv\/wp-json\/wp\/v2\/product_tag?post=27372"}],"curies":[{"name":"wp","href":"https:\/\/api.w.org\/{rel}","templated":true}]}}