{"id":27628,"date":"2025-03-11T07:44:06","date_gmt":"2025-03-11T06:44:06","guid":{"rendered":"https:\/\/viggobendz.dk\/butik\/okategoriserad\/151\/"},"modified":"2025-03-11T07:44:06","modified_gmt":"2025-03-11T06:44:06","slug":"151","status":"publish","type":"product","link":"https:\/\/viggobendz.dk\/sv\/butik\/slitdelar\/staal\/pilblad\/151\/","title":{"rendered":"151"},"content":{"rendered":"<p data-start=\"69\" data-end=\"343\">Pilbladet \u00e4r utformat f\u00f6r att s\u00e4kerst\u00e4lla optimal penetration i h\u00e5rda material och skydda skopans framsida mot slitage. Det svetsas direkt p\u00e5 skopan och anv\u00e4nds vanligtvis f\u00f6r gr\u00e4vmaskiner och lastare som arbetar i tuffa milj\u00f6er med kompakt jord, sten eller annat tungt material. <\/p>\n<p data-start=\"345\" data-end=\"609\">  <strong data-start=\"348\" data-end=\"376\">Effektiv penetration<\/strong> &#8211; sk\u00e4r l\u00e4ttare genom h\u00e5rda ytor.<br data-start=\"418\" data-end=\"421\"> <strong data-start=\"424\" data-end=\"462\">Svetsad f\u00f6r maximal h\u00e5llbarhet<\/strong> &#8211; En solid l\u00f6sning f\u00f6r l\u00e5ngsiktigt skydd.<br data-start=\"508\" data-end=\"511\"> <strong data-start=\"514\" data-end=\"543\">Minskar skopslitaget<\/strong> &#8211; F\u00f6rl\u00e4nger livsl\u00e4ngden och minskar underh\u00e5llskostnaderna.<\/p>\n<p data-start=\"611\" data-end=\"708\" data-is-last-node=\"&gt;Med pilesk\u00e6r sikrer du bedre ydeevne og mindre slid p\u00e5 din skovl, selv under de h\u00e5rdeste forhold.&lt;\/p&gt; &lt;p data-start=\" https:=\"\"><span style=\"color: #bf8c2f;\"><strong>Datablad<\/strong><\/span><\/p>\n","protected":false},"excerpt":{"rendered":"<p>Pilbladet \u00e4r utformat f\u00f6r att s\u00e4kerst\u00e4lla optimal penetration i h\u00e5rda material och skydda skopans framsida mot slitage. Det svetsas direkt p\u00e5 skopan och anv\u00e4nds vanligtvis f\u00f6r gr\u00e4vmaskiner och lastare som arbetar i tuffa milj\u00f6er med kompakt jord, sten eller annat tungt material. <\/p>\n","protected":false},"featured_media":16493,"template":"","meta":{"_acf_changed":false},"product_brand":[],"product_cat":[9562,2655,9554],"product_tag":[],"class_list":{"0":"post-27628","1":"product","2":"type-product","3":"status-publish","4":"has-post-thumbnail","6":"product_cat-pilblad","7":"product_cat-slitdelar","8":"product_cat-staal","10":"first","11":"instock","12":"taxable","13":"shipping-taxable","14":"purchasable","15":"product-type-simple"},"acf":[],"yoast_head":"<title>151 - Viggo Bendz<\/title>\n<meta name=\"robots\" content=\"index, follow, max-snippet:-1, max-image-preview:large, max-video-preview:-1\" \/>\n<link rel=\"canonical\" href=\"https:\/\/viggobendz.dk\/sv\/butik\/slitdelar\/staal\/pilblad\/151\/\" \/>\n<meta property=\"og:locale\" content=\"sv_SE\" \/>\n<meta property=\"og:type\" content=\"article\" \/>\n<meta property=\"og:title\" content=\"151 - Viggo Bendz\" \/>\n<meta property=\"og:description\" content=\"Pilbladet \u00e4r utformat f\u00f6r att s\u00e4kerst\u00e4lla optimal penetration i h\u00e5rda material och skydda skopans framsida mot slitage. Det svetsas direkt p\u00e5 skopan och anv\u00e4nds vanligtvis f\u00f6r gr\u00e4vmaskiner och lastare som arbetar i tuffa milj\u00f6er med kompakt jord, sten eller annat tungt material.\" \/>\n<meta property=\"og:url\" content=\"https:\/\/viggobendz.dk\/sv\/butik\/slitdelar\/staal\/pilblad\/151\/\" \/>\n<meta property=\"og:site_name\" content=\"Viggo Bendz\" \/>\n<meta property=\"og:image\" content=\"https:\/\/viggobendz.dk\/wp-content\/uploads\/2020\/10\/hb500-pileskaer-viggo-bendz-scaled.jpg\" \/>\n\t<meta property=\"og:image:width\" content=\"2560\" \/>\n\t<meta property=\"og:image:height\" content=\"1440\" \/>\n\t<meta property=\"og:image:type\" content=\"image\/jpeg\" \/>\n<meta name=\"twitter:card\" content=\"summary_large_image\" \/>\n<script type=\"application\/ld+json\" class=\"yoast-schema-graph\">{\"@context\":\"https:\/\/schema.org\",\"@graph\":[{\"@type\":\"WebPage\",\"@id\":\"https:\/\/viggobendz.dk\/sv\/butik\/slitdelar\/staal\/pilblad\/151\/\",\"url\":\"https:\/\/viggobendz.dk\/sv\/butik\/slitdelar\/staal\/pilblad\/151\/\",\"name\":\"151 - Viggo Bendz\",\"isPartOf\":{\"@id\":\"https:\/\/viggobendz.dk\/sv\/#website\"},\"primaryImageOfPage\":{\"@id\":\"https:\/\/viggobendz.dk\/sv\/butik\/slitdelar\/staal\/pilblad\/151\/#primaryimage\"},\"image\":{\"@id\":\"https:\/\/viggobendz.dk\/sv\/butik\/slitdelar\/staal\/pilblad\/151\/#primaryimage\"},\"thumbnailUrl\":\"https:\/\/viggobendz.dk\/wp-content\/uploads\/2020\/10\/hb500-pileskaer-viggo-bendz-scaled.jpg\",\"datePublished\":\"2025-03-11T06:44:06+00:00\",\"breadcrumb\":{\"@id\":\"https:\/\/viggobendz.dk\/sv\/butik\/slitdelar\/staal\/pilblad\/151\/#breadcrumb\"},\"inLanguage\":\"sv-SE\",\"potentialAction\":[{\"@type\":\"ReadAction\",\"target\":[\"https:\/\/viggobendz.dk\/sv\/butik\/slitdelar\/staal\/pilblad\/151\/\"]}]},{\"@type\":\"ImageObject\",\"inLanguage\":\"sv-SE\",\"@id\":\"https:\/\/viggobendz.dk\/sv\/butik\/slitdelar\/staal\/pilblad\/151\/#primaryimage\",\"url\":\"https:\/\/viggobendz.dk\/wp-content\/uploads\/2020\/10\/hb500-pileskaer-viggo-bendz-scaled.jpg\",\"contentUrl\":\"https:\/\/viggobendz.dk\/wp-content\/uploads\/2020\/10\/hb500-pileskaer-viggo-bendz-scaled.jpg\",\"width\":2560,\"height\":1440,\"caption\":\"hb500-pileskaer-viggo-bendz\"},{\"@type\":\"BreadcrumbList\",\"@id\":\"https:\/\/viggobendz.dk\/sv\/butik\/slitdelar\/staal\/pilblad\/151\/#breadcrumb\",\"itemListElement\":[{\"@type\":\"ListItem\",\"position\":1,\"name\":\"Hjem\",\"item\":\"https:\/\/viggobendz.dk\/sv\/hemsidan\/\"},{\"@type\":\"ListItem\",\"position\":2,\"name\":\"Butik\",\"item\":\"https:\/\/viggobendz.dk\/butik\/\"},{\"@type\":\"ListItem\",\"position\":3,\"name\":\"Slitdelar\",\"item\":\"https:\/\/viggobendz.dk\/sv\/vare-kategori\/slitdelar\/\"},{\"@type\":\"ListItem\",\"position\":4,\"name\":\"St\u00e5l\",\"item\":\"https:\/\/viggobendz.dk\/sv\/vare-kategori\/slitdelar\/staal\/\"},{\"@type\":\"ListItem\",\"position\":5,\"name\":\"Pilblad\",\"item\":\"https:\/\/viggobendz.dk\/sv\/vare-kategori\/slitdelar\/staal\/pilblad\/\"},{\"@type\":\"ListItem\",\"position\":6,\"name\":\"151\"}]},{\"@type\":\"WebSite\",\"@id\":\"https:\/\/viggobendz.dk\/sv\/#website\",\"url\":\"https:\/\/viggobendz.dk\/sv\/\",\"name\":\"Viggo Bendz\",\"description\":\"Det ansvarlige valg\",\"publisher\":{\"@id\":\"https:\/\/viggobendz.dk\/sv\/#organization\"},\"potentialAction\":[{\"@type\":\"SearchAction\",\"target\":{\"@type\":\"EntryPoint\",\"urlTemplate\":\"https:\/\/viggobendz.dk\/sv\/?s={search_term_string}\"},\"query-input\":{\"@type\":\"PropertyValueSpecification\",\"valueRequired\":true,\"valueName\":\"search_term_string\"}}],\"inLanguage\":\"sv-SE\"},{\"@type\":\"Organization\",\"@id\":\"https:\/\/viggobendz.dk\/sv\/#organization\",\"name\":\"Viggo Bendz A\/S\",\"url\":\"https:\/\/viggobendz.dk\/sv\/\",\"logo\":{\"@type\":\"ImageObject\",\"inLanguage\":\"sv-SE\",\"@id\":\"https:\/\/viggobendz.dk\/sv\/#\/schema\/logo\/image\/\",\"url\":\"https:\/\/viggobendz.dk\/wp-content\/uploads\/2020\/03\/VB-Logo.png\",\"contentUrl\":\"https:\/\/viggobendz.dk\/wp-content\/uploads\/2020\/03\/VB-Logo.png\",\"width\":735,\"height\":776,\"caption\":\"Viggo Bendz A\/S\"},\"image\":{\"@id\":\"https:\/\/viggobendz.dk\/sv\/#\/schema\/logo\/image\/\"}}]}<\/script>","yoast_head_json":{"title":"151 - Viggo Bendz","robots":{"index":"index","follow":"follow","max-snippet":"max-snippet:-1","max-image-preview":"max-image-preview:large","max-video-preview":"max-video-preview:-1"},"canonical":"https:\/\/viggobendz.dk\/sv\/butik\/slitdelar\/staal\/pilblad\/151\/","og_locale":"sv_SE","og_type":"article","og_title":"151 - Viggo Bendz","og_description":"Pilbladet \u00e4r utformat f\u00f6r att s\u00e4kerst\u00e4lla optimal penetration i h\u00e5rda material och skydda skopans framsida mot slitage. Det svetsas direkt p\u00e5 skopan och anv\u00e4nds vanligtvis f\u00f6r gr\u00e4vmaskiner och lastare som arbetar i tuffa milj\u00f6er med kompakt jord, sten eller annat tungt material.","og_url":"https:\/\/viggobendz.dk\/sv\/butik\/slitdelar\/staal\/pilblad\/151\/","og_site_name":"Viggo Bendz","og_image":[{"width":2560,"height":1440,"url":"https:\/\/viggobendz.dk\/wp-content\/uploads\/2020\/10\/hb500-pileskaer-viggo-bendz-scaled.jpg","type":"image\/jpeg"}],"twitter_card":"summary_large_image","schema":{"@context":"https:\/\/schema.org","@graph":[{"@type":"WebPage","@id":"https:\/\/viggobendz.dk\/sv\/butik\/slitdelar\/staal\/pilblad\/151\/","url":"https:\/\/viggobendz.dk\/sv\/butik\/slitdelar\/staal\/pilblad\/151\/","name":"151 - Viggo Bendz","isPartOf":{"@id":"https:\/\/viggobendz.dk\/sv\/#website"},"primaryImageOfPage":{"@id":"https:\/\/viggobendz.dk\/sv\/butik\/slitdelar\/staal\/pilblad\/151\/#primaryimage"},"image":{"@id":"https:\/\/viggobendz.dk\/sv\/butik\/slitdelar\/staal\/pilblad\/151\/#primaryimage"},"thumbnailUrl":"https:\/\/viggobendz.dk\/wp-content\/uploads\/2020\/10\/hb500-pileskaer-viggo-bendz-scaled.jpg","datePublished":"2025-03-11T06:44:06+00:00","breadcrumb":{"@id":"https:\/\/viggobendz.dk\/sv\/butik\/slitdelar\/staal\/pilblad\/151\/#breadcrumb"},"inLanguage":"sv-SE","potentialAction":[{"@type":"ReadAction","target":["https:\/\/viggobendz.dk\/sv\/butik\/slitdelar\/staal\/pilblad\/151\/"]}]},{"@type":"ImageObject","inLanguage":"sv-SE","@id":"https:\/\/viggobendz.dk\/sv\/butik\/slitdelar\/staal\/pilblad\/151\/#primaryimage","url":"https:\/\/viggobendz.dk\/wp-content\/uploads\/2020\/10\/hb500-pileskaer-viggo-bendz-scaled.jpg","contentUrl":"https:\/\/viggobendz.dk\/wp-content\/uploads\/2020\/10\/hb500-pileskaer-viggo-bendz-scaled.jpg","width":2560,"height":1440,"caption":"hb500-pileskaer-viggo-bendz"},{"@type":"BreadcrumbList","@id":"https:\/\/viggobendz.dk\/sv\/butik\/slitdelar\/staal\/pilblad\/151\/#breadcrumb","itemListElement":[{"@type":"ListItem","position":1,"name":"Hjem","item":"https:\/\/viggobendz.dk\/sv\/hemsidan\/"},{"@type":"ListItem","position":2,"name":"Butik","item":"https:\/\/viggobendz.dk\/butik\/"},{"@type":"ListItem","position":3,"name":"Slitdelar","item":"https:\/\/viggobendz.dk\/sv\/vare-kategori\/slitdelar\/"},{"@type":"ListItem","position":4,"name":"St\u00e5l","item":"https:\/\/viggobendz.dk\/sv\/vare-kategori\/slitdelar\/staal\/"},{"@type":"ListItem","position":5,"name":"Pilblad","item":"https:\/\/viggobendz.dk\/sv\/vare-kategori\/slitdelar\/staal\/pilblad\/"},{"@type":"ListItem","position":6,"name":"151"}]},{"@type":"WebSite","@id":"https:\/\/viggobendz.dk\/sv\/#website","url":"https:\/\/viggobendz.dk\/sv\/","name":"Viggo Bendz","description":"Det ansvarlige valg","publisher":{"@id":"https:\/\/viggobendz.dk\/sv\/#organization"},"potentialAction":[{"@type":"SearchAction","target":{"@type":"EntryPoint","urlTemplate":"https:\/\/viggobendz.dk\/sv\/?s={search_term_string}"},"query-input":{"@type":"PropertyValueSpecification","valueRequired":true,"valueName":"search_term_string"}}],"inLanguage":"sv-SE"},{"@type":"Organization","@id":"https:\/\/viggobendz.dk\/sv\/#organization","name":"Viggo Bendz A\/S","url":"https:\/\/viggobendz.dk\/sv\/","logo":{"@type":"ImageObject","inLanguage":"sv-SE","@id":"https:\/\/viggobendz.dk\/sv\/#\/schema\/logo\/image\/","url":"https:\/\/viggobendz.dk\/wp-content\/uploads\/2020\/03\/VB-Logo.png","contentUrl":"https:\/\/viggobendz.dk\/wp-content\/uploads\/2020\/03\/VB-Logo.png","width":735,"height":776,"caption":"Viggo Bendz A\/S"},"image":{"@id":"https:\/\/viggobendz.dk\/sv\/#\/schema\/logo\/image\/"}}]}},"_links":{"self":[{"href":"https:\/\/viggobendz.dk\/sv\/wp-json\/wp\/v2\/product\/27628","targetHints":{"allow":["GET"]}}],"collection":[{"href":"https:\/\/viggobendz.dk\/sv\/wp-json\/wp\/v2\/product"}],"about":[{"href":"https:\/\/viggobendz.dk\/sv\/wp-json\/wp\/v2\/types\/product"}],"wp:featuredmedia":[{"embeddable":true,"href":"https:\/\/viggobendz.dk\/sv\/wp-json\/wp\/v2\/media\/16493"}],"wp:attachment":[{"href":"https:\/\/viggobendz.dk\/sv\/wp-json\/wp\/v2\/media?parent=27628"}],"wp:term":[{"taxonomy":"product_brand","embeddable":true,"href":"https:\/\/viggobendz.dk\/sv\/wp-json\/wp\/v2\/product_brand?post=27628"},{"taxonomy":"product_cat","embeddable":true,"href":"https:\/\/viggobendz.dk\/sv\/wp-json\/wp\/v2\/product_cat?post=27628"},{"taxonomy":"product_tag","embeddable":true,"href":"https:\/\/viggobendz.dk\/sv\/wp-json\/wp\/v2\/product_tag?post=27628"}],"curies":[{"name":"wp","href":"https:\/\/api.w.org\/{rel}","templated":true}]}}