{"id":27639,"date":"2025-03-11T07:44:06","date_gmt":"2025-03-11T06:44:06","guid":{"rendered":"https:\/\/viggobendz.dk\/butik\/okategoriserad\/kamprofil-46\/"},"modified":"2025-03-11T07:44:06","modified_gmt":"2025-03-11T06:44:06","slug":"kamprofil-46","status":"publish","type":"product","link":"https:\/\/viggobendz.dk\/sv\/butik\/slitdelar\/staal\/kamprofil\/kamprofil-46\/","title":{"rendered":"Kamprofil 46"},"content":{"rendered":"<p data-start=\"76\" data-end=\"333\">Kamprofilst\u00e5l \u00e4r den f\u00f6redragna l\u00f6sningen f\u00f6r m\u00e5nga som vill optimera greppet och slitstyrkan hos sin grip. Den droppformade profilen ger b\u00e4ttre grepp och minskar slitaget, vilket g\u00f6r den idealisk f\u00f6r kr\u00e4vande applikationer inom bland annat avfalls- och skrotindustrin. <\/p>\n<p data-start=\"335\" data-end=\"578\">  <strong data-start=\"338\" data-end=\"356\">F\u00f6rb\u00e4ttrat grepp<\/strong> &#8211; Den profilerade ytan ger b\u00e4ttre materialhantering.<br data-start=\"423\" data-end=\"426\"> <strong data-start=\"429\" data-end=\"462\">Svetsas direkt p\u00e5 gripen<\/strong> &#8211; ger en stark och h\u00e5llbar l\u00f6sning.<br data-start=\"499\" data-end=\"502\"> <strong data-start=\"505\" data-end=\"523\">H\u00f6g slitstyrka<\/strong> &#8211; t\u00e5l tunga belastningar och f\u00f6rl\u00e4nger livsl\u00e4ngden.<\/p>\n<p data-start=\"335\" data-end=\"578\"><a href=\"https:\/\/viggobendz.dk\/wp-content\/uploads\/2020\/09\/hb500_kamprofil.pdf\"><span style=\"color: #bf8c2f;\"><strong>Datablad<\/strong><\/span><\/a><\/p>\n","protected":false},"excerpt":{"rendered":"<p>Kamprofilst\u00e5l \u00e4r den f\u00f6redragna l\u00f6sningen f\u00f6r m\u00e5nga som vill optimera greppet och slitstyrkan hos sin grip. Den droppformade profilen ger b\u00e4ttre grepp och minskar slitaget, vilket g\u00f6r den idealisk f\u00f6r kr\u00e4vande applikationer inom bland annat avfalls- och skrotindustrin. <\/p>\n","protected":false},"featured_media":16741,"template":"","meta":{"_acf_changed":false},"product_brand":[],"product_cat":[9566,2655,9554],"product_tag":[],"class_list":{"0":"post-27639","1":"product","2":"type-product","3":"status-publish","4":"has-post-thumbnail","6":"product_cat-kamprofil","7":"product_cat-slitdelar","8":"product_cat-staal","10":"first","11":"instock","12":"taxable","13":"shipping-taxable","14":"purchasable","15":"product-type-simple"},"acf":[],"yoast_head":"<title>Kamprofil 46 - Viggo Bendz<\/title>\n<meta name=\"robots\" content=\"index, follow, max-snippet:-1, max-image-preview:large, max-video-preview:-1\" \/>\n<link rel=\"canonical\" href=\"https:\/\/viggobendz.dk\/sv\/butik\/slitdelar\/staal\/kamprofil\/kamprofil-46\/\" \/>\n<meta property=\"og:locale\" content=\"sv_SE\" \/>\n<meta property=\"og:type\" content=\"article\" \/>\n<meta property=\"og:title\" content=\"Kamprofil 46 - Viggo Bendz\" \/>\n<meta property=\"og:description\" content=\"Kamprofilst\u00e5l \u00e4r den f\u00f6redragna l\u00f6sningen f\u00f6r m\u00e5nga som vill optimera greppet och slitstyrkan hos sin grip. Den droppformade profilen ger b\u00e4ttre grepp och minskar slitaget, vilket g\u00f6r den idealisk f\u00f6r kr\u00e4vande applikationer inom bland annat avfalls- och skrotindustrin.\" \/>\n<meta property=\"og:url\" content=\"https:\/\/viggobendz.dk\/sv\/butik\/slitdelar\/staal\/kamprofil\/kamprofil-46\/\" \/>\n<meta property=\"og:site_name\" content=\"Viggo Bendz\" \/>\n<meta property=\"og:image\" content=\"https:\/\/viggobendz.dk\/wp-content\/uploads\/2020\/09\/Kamprofil-scaled-e1639393387617.jpg\" \/>\n\t<meta property=\"og:image:width\" content=\"1000\" \/>\n\t<meta property=\"og:image:height\" content=\"667\" \/>\n\t<meta property=\"og:image:type\" content=\"image\/jpeg\" \/>\n<meta name=\"twitter:card\" content=\"summary_large_image\" \/>\n<script type=\"application\/ld+json\" class=\"yoast-schema-graph\">{\"@context\":\"https:\/\/schema.org\",\"@graph\":[{\"@type\":\"WebPage\",\"@id\":\"https:\/\/viggobendz.dk\/sv\/butik\/slitdelar\/staal\/kamprofil\/kamprofil-46\/\",\"url\":\"https:\/\/viggobendz.dk\/sv\/butik\/slitdelar\/staal\/kamprofil\/kamprofil-46\/\",\"name\":\"Kamprofil 46 - Viggo Bendz\",\"isPartOf\":{\"@id\":\"https:\/\/viggobendz.dk\/sv\/#website\"},\"primaryImageOfPage\":{\"@id\":\"https:\/\/viggobendz.dk\/sv\/butik\/slitdelar\/staal\/kamprofil\/kamprofil-46\/#primaryimage\"},\"image\":{\"@id\":\"https:\/\/viggobendz.dk\/sv\/butik\/slitdelar\/staal\/kamprofil\/kamprofil-46\/#primaryimage\"},\"thumbnailUrl\":\"https:\/\/viggobendz.dk\/wp-content\/uploads\/2020\/09\/Kamprofil-scaled-e1639393387617.jpg\",\"datePublished\":\"2025-03-11T06:44:06+00:00\",\"breadcrumb\":{\"@id\":\"https:\/\/viggobendz.dk\/sv\/butik\/slitdelar\/staal\/kamprofil\/kamprofil-46\/#breadcrumb\"},\"inLanguage\":\"sv-SE\",\"potentialAction\":[{\"@type\":\"ReadAction\",\"target\":[\"https:\/\/viggobendz.dk\/sv\/butik\/slitdelar\/staal\/kamprofil\/kamprofil-46\/\"]}]},{\"@type\":\"ImageObject\",\"inLanguage\":\"sv-SE\",\"@id\":\"https:\/\/viggobendz.dk\/sv\/butik\/slitdelar\/staal\/kamprofil\/kamprofil-46\/#primaryimage\",\"url\":\"https:\/\/viggobendz.dk\/wp-content\/uploads\/2020\/09\/Kamprofil-scaled-e1639393387617.jpg\",\"contentUrl\":\"https:\/\/viggobendz.dk\/wp-content\/uploads\/2020\/09\/Kamprofil-scaled-e1639393387617.jpg\",\"width\":1000,\"height\":667,\"caption\":\"Visar upp stridsprofil st\u00e5l\"},{\"@type\":\"BreadcrumbList\",\"@id\":\"https:\/\/viggobendz.dk\/sv\/butik\/slitdelar\/staal\/kamprofil\/kamprofil-46\/#breadcrumb\",\"itemListElement\":[{\"@type\":\"ListItem\",\"position\":1,\"name\":\"Hjem\",\"item\":\"https:\/\/viggobendz.dk\/sv\/hemsidan\/\"},{\"@type\":\"ListItem\",\"position\":2,\"name\":\"Butik\",\"item\":\"https:\/\/viggobendz.dk\/butik\/\"},{\"@type\":\"ListItem\",\"position\":3,\"name\":\"Slitdelar\",\"item\":\"https:\/\/viggobendz.dk\/sv\/vare-kategori\/slitdelar\/\"},{\"@type\":\"ListItem\",\"position\":4,\"name\":\"St\u00e5l\",\"item\":\"https:\/\/viggobendz.dk\/sv\/vare-kategori\/slitdelar\/staal\/\"},{\"@type\":\"ListItem\",\"position\":5,\"name\":\"Kamprofil\",\"item\":\"https:\/\/viggobendz.dk\/sv\/vare-kategori\/slitdelar\/staal\/kamprofil\/\"},{\"@type\":\"ListItem\",\"position\":6,\"name\":\"Kamprofil 46\"}]},{\"@type\":\"WebSite\",\"@id\":\"https:\/\/viggobendz.dk\/sv\/#website\",\"url\":\"https:\/\/viggobendz.dk\/sv\/\",\"name\":\"Viggo Bendz\",\"description\":\"Det ansvarlige valg\",\"publisher\":{\"@id\":\"https:\/\/viggobendz.dk\/sv\/#organization\"},\"potentialAction\":[{\"@type\":\"SearchAction\",\"target\":{\"@type\":\"EntryPoint\",\"urlTemplate\":\"https:\/\/viggobendz.dk\/sv\/?s={search_term_string}\"},\"query-input\":{\"@type\":\"PropertyValueSpecification\",\"valueRequired\":true,\"valueName\":\"search_term_string\"}}],\"inLanguage\":\"sv-SE\"},{\"@type\":\"Organization\",\"@id\":\"https:\/\/viggobendz.dk\/sv\/#organization\",\"name\":\"Viggo Bendz A\/S\",\"url\":\"https:\/\/viggobendz.dk\/sv\/\",\"logo\":{\"@type\":\"ImageObject\",\"inLanguage\":\"sv-SE\",\"@id\":\"https:\/\/viggobendz.dk\/sv\/#\/schema\/logo\/image\/\",\"url\":\"https:\/\/viggobendz.dk\/wp-content\/uploads\/2020\/03\/VB-Logo.png\",\"contentUrl\":\"https:\/\/viggobendz.dk\/wp-content\/uploads\/2020\/03\/VB-Logo.png\",\"width\":735,\"height\":776,\"caption\":\"Viggo Bendz A\/S\"},\"image\":{\"@id\":\"https:\/\/viggobendz.dk\/sv\/#\/schema\/logo\/image\/\"}}]}<\/script>","yoast_head_json":{"title":"Kamprofil 46 - Viggo Bendz","robots":{"index":"index","follow":"follow","max-snippet":"max-snippet:-1","max-image-preview":"max-image-preview:large","max-video-preview":"max-video-preview:-1"},"canonical":"https:\/\/viggobendz.dk\/sv\/butik\/slitdelar\/staal\/kamprofil\/kamprofil-46\/","og_locale":"sv_SE","og_type":"article","og_title":"Kamprofil 46 - Viggo Bendz","og_description":"Kamprofilst\u00e5l \u00e4r den f\u00f6redragna l\u00f6sningen f\u00f6r m\u00e5nga som vill optimera greppet och slitstyrkan hos sin grip. Den droppformade profilen ger b\u00e4ttre grepp och minskar slitaget, vilket g\u00f6r den idealisk f\u00f6r kr\u00e4vande applikationer inom bland annat avfalls- och skrotindustrin.","og_url":"https:\/\/viggobendz.dk\/sv\/butik\/slitdelar\/staal\/kamprofil\/kamprofil-46\/","og_site_name":"Viggo Bendz","og_image":[{"width":1000,"height":667,"url":"https:\/\/viggobendz.dk\/wp-content\/uploads\/2020\/09\/Kamprofil-scaled-e1639393387617.jpg","type":"image\/jpeg"}],"twitter_card":"summary_large_image","schema":{"@context":"https:\/\/schema.org","@graph":[{"@type":"WebPage","@id":"https:\/\/viggobendz.dk\/sv\/butik\/slitdelar\/staal\/kamprofil\/kamprofil-46\/","url":"https:\/\/viggobendz.dk\/sv\/butik\/slitdelar\/staal\/kamprofil\/kamprofil-46\/","name":"Kamprofil 46 - Viggo Bendz","isPartOf":{"@id":"https:\/\/viggobendz.dk\/sv\/#website"},"primaryImageOfPage":{"@id":"https:\/\/viggobendz.dk\/sv\/butik\/slitdelar\/staal\/kamprofil\/kamprofil-46\/#primaryimage"},"image":{"@id":"https:\/\/viggobendz.dk\/sv\/butik\/slitdelar\/staal\/kamprofil\/kamprofil-46\/#primaryimage"},"thumbnailUrl":"https:\/\/viggobendz.dk\/wp-content\/uploads\/2020\/09\/Kamprofil-scaled-e1639393387617.jpg","datePublished":"2025-03-11T06:44:06+00:00","breadcrumb":{"@id":"https:\/\/viggobendz.dk\/sv\/butik\/slitdelar\/staal\/kamprofil\/kamprofil-46\/#breadcrumb"},"inLanguage":"sv-SE","potentialAction":[{"@type":"ReadAction","target":["https:\/\/viggobendz.dk\/sv\/butik\/slitdelar\/staal\/kamprofil\/kamprofil-46\/"]}]},{"@type":"ImageObject","inLanguage":"sv-SE","@id":"https:\/\/viggobendz.dk\/sv\/butik\/slitdelar\/staal\/kamprofil\/kamprofil-46\/#primaryimage","url":"https:\/\/viggobendz.dk\/wp-content\/uploads\/2020\/09\/Kamprofil-scaled-e1639393387617.jpg","contentUrl":"https:\/\/viggobendz.dk\/wp-content\/uploads\/2020\/09\/Kamprofil-scaled-e1639393387617.jpg","width":1000,"height":667,"caption":"Visar upp stridsprofil st\u00e5l"},{"@type":"BreadcrumbList","@id":"https:\/\/viggobendz.dk\/sv\/butik\/slitdelar\/staal\/kamprofil\/kamprofil-46\/#breadcrumb","itemListElement":[{"@type":"ListItem","position":1,"name":"Hjem","item":"https:\/\/viggobendz.dk\/sv\/hemsidan\/"},{"@type":"ListItem","position":2,"name":"Butik","item":"https:\/\/viggobendz.dk\/butik\/"},{"@type":"ListItem","position":3,"name":"Slitdelar","item":"https:\/\/viggobendz.dk\/sv\/vare-kategori\/slitdelar\/"},{"@type":"ListItem","position":4,"name":"St\u00e5l","item":"https:\/\/viggobendz.dk\/sv\/vare-kategori\/slitdelar\/staal\/"},{"@type":"ListItem","position":5,"name":"Kamprofil","item":"https:\/\/viggobendz.dk\/sv\/vare-kategori\/slitdelar\/staal\/kamprofil\/"},{"@type":"ListItem","position":6,"name":"Kamprofil 46"}]},{"@type":"WebSite","@id":"https:\/\/viggobendz.dk\/sv\/#website","url":"https:\/\/viggobendz.dk\/sv\/","name":"Viggo Bendz","description":"Det ansvarlige valg","publisher":{"@id":"https:\/\/viggobendz.dk\/sv\/#organization"},"potentialAction":[{"@type":"SearchAction","target":{"@type":"EntryPoint","urlTemplate":"https:\/\/viggobendz.dk\/sv\/?s={search_term_string}"},"query-input":{"@type":"PropertyValueSpecification","valueRequired":true,"valueName":"search_term_string"}}],"inLanguage":"sv-SE"},{"@type":"Organization","@id":"https:\/\/viggobendz.dk\/sv\/#organization","name":"Viggo Bendz A\/S","url":"https:\/\/viggobendz.dk\/sv\/","logo":{"@type":"ImageObject","inLanguage":"sv-SE","@id":"https:\/\/viggobendz.dk\/sv\/#\/schema\/logo\/image\/","url":"https:\/\/viggobendz.dk\/wp-content\/uploads\/2020\/03\/VB-Logo.png","contentUrl":"https:\/\/viggobendz.dk\/wp-content\/uploads\/2020\/03\/VB-Logo.png","width":735,"height":776,"caption":"Viggo Bendz A\/S"},"image":{"@id":"https:\/\/viggobendz.dk\/sv\/#\/schema\/logo\/image\/"}}]}},"_links":{"self":[{"href":"https:\/\/viggobendz.dk\/sv\/wp-json\/wp\/v2\/product\/27639","targetHints":{"allow":["GET"]}}],"collection":[{"href":"https:\/\/viggobendz.dk\/sv\/wp-json\/wp\/v2\/product"}],"about":[{"href":"https:\/\/viggobendz.dk\/sv\/wp-json\/wp\/v2\/types\/product"}],"wp:featuredmedia":[{"embeddable":true,"href":"https:\/\/viggobendz.dk\/sv\/wp-json\/wp\/v2\/media\/16741"}],"wp:attachment":[{"href":"https:\/\/viggobendz.dk\/sv\/wp-json\/wp\/v2\/media?parent=27639"}],"wp:term":[{"taxonomy":"product_brand","embeddable":true,"href":"https:\/\/viggobendz.dk\/sv\/wp-json\/wp\/v2\/product_brand?post=27639"},{"taxonomy":"product_cat","embeddable":true,"href":"https:\/\/viggobendz.dk\/sv\/wp-json\/wp\/v2\/product_cat?post=27639"},{"taxonomy":"product_tag","embeddable":true,"href":"https:\/\/viggobendz.dk\/sv\/wp-json\/wp\/v2\/product_tag?post=27639"}],"curies":[{"name":"wp","href":"https:\/\/api.w.org\/{rel}","templated":true}]}}