{"id":27660,"date":"2025-03-11T07:44:18","date_gmt":"2025-03-11T06:44:18","guid":{"rendered":"https:\/\/viggobendz.dk\/butik\/okategoriserad\/22-tandlock\/"},"modified":"2025-03-11T07:44:18","modified_gmt":"2025-03-11T06:44:18","slug":"22-tandlock","status":"publish","type":"product","link":"https:\/\/viggobendz.dk\/sv\/butik\/slitdelar\/taender\/cat\/cat-tandskydd\/22-tandlock\/","title":{"rendered":"2,2&#8243; tandlock"},"content":{"rendered":"<p data-start=\"0\" data-end=\"60\"><strong data-start=\"0\" data-end=\"58\">Tandh\u00e4tta f\u00f6r CAT-system<\/strong><\/p>\n<p data-start=\"62\" data-end=\"314\">CAT:s systemtandskydd \u00e4r en h\u00e5llbar och effektiv l\u00f6sning f\u00f6r gr\u00e4v- och lastarskopor som arbetar under kr\u00e4vande f\u00f6rh\u00e5llanden. Konstruktionen s\u00e4kerst\u00e4ller optimal materialpenetration och l\u00e5ng h\u00e5llbarhet, vilket minskar behovet av frekventa byten. <\/p>\n<p data-start=\"316\" data-end=\"550\">  Slitstark <strong data-start=\"319\" data-end=\"345\">konstruktion<\/strong> &#8211; T\u00e5l tunga belastningar och slitage.<br data-start=\"383\" data-end=\"386\"> <strong data-start=\"389\" data-end=\"410\">Effektiv gr\u00e4vdel<\/strong> &#8211; S\u00e4kerst\u00e4ller optimal penetration i marken.<br data-start=\"450\" data-end=\"453\"> <strong data-start=\"456\" data-end=\"497\">L\u00e5ses i pinnh\u00e5llaren<\/strong> &#8211; Passar CAT-systemet f\u00f6r s\u00e4ker montering.<\/p>\n<p data-start=\"552\" data-end=\"641\" data-is-last-node=\"&gt;V\u00e6lg en tandh\u00e6tte til CAT-systemet for maksimal ydeevne og holdbarhed i dit arbejde.&lt;\/p&gt; &lt;p data-start=\" https:=\"\"><strong><span style=\"color: #bf8c2f;\">Datablad<\/span><\/strong><\/p>\n","protected":false},"excerpt":{"rendered":"<p>Tandh\u00e4tta f\u00f6r CAT-system<\/p>\n","protected":false},"featured_media":393,"template":"","meta":{"_acf_changed":false},"product_brand":[],"product_cat":[8751,9570,2655,2651],"product_tag":[],"class_list":{"0":"post-27660","1":"product","2":"type-product","3":"status-publish","4":"has-post-thumbnail","6":"product_cat-cat","7":"product_cat-cat-tandskydd","8":"product_cat-slitdelar","9":"product_cat-taender","11":"first","12":"instock","13":"taxable","14":"shipping-taxable","15":"purchasable","16":"product-type-simple"},"acf":[],"yoast_head":"<title>2,2&quot; tandlock - Viggo Bendz<\/title>\n<meta name=\"robots\" content=\"index, follow, max-snippet:-1, max-image-preview:large, max-video-preview:-1\" \/>\n<link rel=\"canonical\" href=\"https:\/\/viggobendz.dk\/sv\/butik\/slitdelar\/taender\/cat\/cat-tandskydd\/22-tandlock\/\" \/>\n<meta property=\"og:locale\" content=\"sv_SE\" \/>\n<meta property=\"og:type\" content=\"article\" \/>\n<meta property=\"og:title\" content=\"2,2&quot; tandlock - Viggo Bendz\" \/>\n<meta property=\"og:description\" content=\"Tandh\u00e4tta f\u00f6r CAT-system\" \/>\n<meta property=\"og:url\" content=\"https:\/\/viggobendz.dk\/sv\/butik\/slitdelar\/taender\/cat\/cat-tandskydd\/22-tandlock\/\" \/>\n<meta property=\"og:site_name\" content=\"Viggo Bendz\" \/>\n<meta property=\"og:image\" content=\"https:\/\/viggobendz.dk\/wp-content\/uploads\/2020\/08\/tandhaette-catsystem-1U3552-1-scaled.jpg\" \/>\n\t<meta property=\"og:image:width\" content=\"2560\" \/>\n\t<meta property=\"og:image:height\" content=\"1707\" \/>\n\t<meta property=\"og:image:type\" content=\"image\/jpeg\" \/>\n<meta name=\"twitter:card\" content=\"summary_large_image\" \/>\n<script type=\"application\/ld+json\" class=\"yoast-schema-graph\">{\"@context\":\"https:\/\/schema.org\",\"@graph\":[{\"@type\":\"WebPage\",\"@id\":\"https:\/\/viggobendz.dk\/sv\/butik\/slitdelar\/taender\/cat\/cat-tandskydd\/22-tandlock\/\",\"url\":\"https:\/\/viggobendz.dk\/sv\/butik\/slitdelar\/taender\/cat\/cat-tandskydd\/22-tandlock\/\",\"name\":\"2,2\\\" tandlock - Viggo Bendz\",\"isPartOf\":{\"@id\":\"https:\/\/viggobendz.dk\/sv\/#website\"},\"primaryImageOfPage\":{\"@id\":\"https:\/\/viggobendz.dk\/sv\/butik\/slitdelar\/taender\/cat\/cat-tandskydd\/22-tandlock\/#primaryimage\"},\"image\":{\"@id\":\"https:\/\/viggobendz.dk\/sv\/butik\/slitdelar\/taender\/cat\/cat-tandskydd\/22-tandlock\/#primaryimage\"},\"thumbnailUrl\":\"https:\/\/viggobendz.dk\/wp-content\/uploads\/2020\/08\/tandhaette-catsystem-1U3552-1-scaled.jpg\",\"datePublished\":\"2025-03-11T06:44:18+00:00\",\"breadcrumb\":{\"@id\":\"https:\/\/viggobendz.dk\/sv\/butik\/slitdelar\/taender\/cat\/cat-tandskydd\/22-tandlock\/#breadcrumb\"},\"inLanguage\":\"sv-SE\",\"potentialAction\":[{\"@type\":\"ReadAction\",\"target\":[\"https:\/\/viggobendz.dk\/sv\/butik\/slitdelar\/taender\/cat\/cat-tandskydd\/22-tandlock\/\"]}]},{\"@type\":\"ImageObject\",\"inLanguage\":\"sv-SE\",\"@id\":\"https:\/\/viggobendz.dk\/sv\/butik\/slitdelar\/taender\/cat\/cat-tandskydd\/22-tandlock\/#primaryimage\",\"url\":\"https:\/\/viggobendz.dk\/wp-content\/uploads\/2020\/08\/tandhaette-catsystem-1U3552-1-scaled.jpg\",\"contentUrl\":\"https:\/\/viggobendz.dk\/wp-content\/uploads\/2020\/08\/tandhaette-catsystem-1U3552-1-scaled.jpg\",\"width\":2560,\"height\":1707},{\"@type\":\"BreadcrumbList\",\"@id\":\"https:\/\/viggobendz.dk\/sv\/butik\/slitdelar\/taender\/cat\/cat-tandskydd\/22-tandlock\/#breadcrumb\",\"itemListElement\":[{\"@type\":\"ListItem\",\"position\":1,\"name\":\"Hjem\",\"item\":\"https:\/\/viggobendz.dk\/sv\/hemsidan\/\"},{\"@type\":\"ListItem\",\"position\":2,\"name\":\"Butik\",\"item\":\"https:\/\/viggobendz.dk\/butik\/\"},{\"@type\":\"ListItem\",\"position\":3,\"name\":\"Slitdelar\",\"item\":\"https:\/\/viggobendz.dk\/sv\/vare-kategori\/slitdelar\/\"},{\"@type\":\"ListItem\",\"position\":4,\"name\":\"T\u00e4nder\",\"item\":\"https:\/\/viggobendz.dk\/sv\/vare-kategori\/slitdelar\/taender\/\"},{\"@type\":\"ListItem\",\"position\":5,\"name\":\"CAT\",\"item\":\"https:\/\/viggobendz.dk\/sv\/vare-kategori\/slitdelar\/taender\/cat\/\"},{\"@type\":\"ListItem\",\"position\":6,\"name\":\"CAT Tandskydd\",\"item\":\"https:\/\/viggobendz.dk\/sv\/vare-kategori\/slitdelar\/taender\/cat\/cat-tandskydd\/\"},{\"@type\":\"ListItem\",\"position\":7,\"name\":\"2,2&#8243; tandlock\"}]},{\"@type\":\"WebSite\",\"@id\":\"https:\/\/viggobendz.dk\/sv\/#website\",\"url\":\"https:\/\/viggobendz.dk\/sv\/\",\"name\":\"Viggo Bendz\",\"description\":\"Det ansvarlige valg\",\"publisher\":{\"@id\":\"https:\/\/viggobendz.dk\/sv\/#organization\"},\"potentialAction\":[{\"@type\":\"SearchAction\",\"target\":{\"@type\":\"EntryPoint\",\"urlTemplate\":\"https:\/\/viggobendz.dk\/sv\/?s={search_term_string}\"},\"query-input\":{\"@type\":\"PropertyValueSpecification\",\"valueRequired\":true,\"valueName\":\"search_term_string\"}}],\"inLanguage\":\"sv-SE\"},{\"@type\":\"Organization\",\"@id\":\"https:\/\/viggobendz.dk\/sv\/#organization\",\"name\":\"Viggo Bendz A\/S\",\"url\":\"https:\/\/viggobendz.dk\/sv\/\",\"logo\":{\"@type\":\"ImageObject\",\"inLanguage\":\"sv-SE\",\"@id\":\"https:\/\/viggobendz.dk\/sv\/#\/schema\/logo\/image\/\",\"url\":\"https:\/\/viggobendz.dk\/wp-content\/uploads\/2020\/03\/VB-Logo.png\",\"contentUrl\":\"https:\/\/viggobendz.dk\/wp-content\/uploads\/2020\/03\/VB-Logo.png\",\"width\":735,\"height\":776,\"caption\":\"Viggo Bendz A\/S\"},\"image\":{\"@id\":\"https:\/\/viggobendz.dk\/sv\/#\/schema\/logo\/image\/\"}}]}<\/script>","yoast_head_json":{"title":"2,2\" tandlock - Viggo Bendz","robots":{"index":"index","follow":"follow","max-snippet":"max-snippet:-1","max-image-preview":"max-image-preview:large","max-video-preview":"max-video-preview:-1"},"canonical":"https:\/\/viggobendz.dk\/sv\/butik\/slitdelar\/taender\/cat\/cat-tandskydd\/22-tandlock\/","og_locale":"sv_SE","og_type":"article","og_title":"2,2\" tandlock - Viggo Bendz","og_description":"Tandh\u00e4tta f\u00f6r CAT-system","og_url":"https:\/\/viggobendz.dk\/sv\/butik\/slitdelar\/taender\/cat\/cat-tandskydd\/22-tandlock\/","og_site_name":"Viggo Bendz","og_image":[{"width":2560,"height":1707,"url":"https:\/\/viggobendz.dk\/wp-content\/uploads\/2020\/08\/tandhaette-catsystem-1U3552-1-scaled.jpg","type":"image\/jpeg"}],"twitter_card":"summary_large_image","schema":{"@context":"https:\/\/schema.org","@graph":[{"@type":"WebPage","@id":"https:\/\/viggobendz.dk\/sv\/butik\/slitdelar\/taender\/cat\/cat-tandskydd\/22-tandlock\/","url":"https:\/\/viggobendz.dk\/sv\/butik\/slitdelar\/taender\/cat\/cat-tandskydd\/22-tandlock\/","name":"2,2\" tandlock - Viggo Bendz","isPartOf":{"@id":"https:\/\/viggobendz.dk\/sv\/#website"},"primaryImageOfPage":{"@id":"https:\/\/viggobendz.dk\/sv\/butik\/slitdelar\/taender\/cat\/cat-tandskydd\/22-tandlock\/#primaryimage"},"image":{"@id":"https:\/\/viggobendz.dk\/sv\/butik\/slitdelar\/taender\/cat\/cat-tandskydd\/22-tandlock\/#primaryimage"},"thumbnailUrl":"https:\/\/viggobendz.dk\/wp-content\/uploads\/2020\/08\/tandhaette-catsystem-1U3552-1-scaled.jpg","datePublished":"2025-03-11T06:44:18+00:00","breadcrumb":{"@id":"https:\/\/viggobendz.dk\/sv\/butik\/slitdelar\/taender\/cat\/cat-tandskydd\/22-tandlock\/#breadcrumb"},"inLanguage":"sv-SE","potentialAction":[{"@type":"ReadAction","target":["https:\/\/viggobendz.dk\/sv\/butik\/slitdelar\/taender\/cat\/cat-tandskydd\/22-tandlock\/"]}]},{"@type":"ImageObject","inLanguage":"sv-SE","@id":"https:\/\/viggobendz.dk\/sv\/butik\/slitdelar\/taender\/cat\/cat-tandskydd\/22-tandlock\/#primaryimage","url":"https:\/\/viggobendz.dk\/wp-content\/uploads\/2020\/08\/tandhaette-catsystem-1U3552-1-scaled.jpg","contentUrl":"https:\/\/viggobendz.dk\/wp-content\/uploads\/2020\/08\/tandhaette-catsystem-1U3552-1-scaled.jpg","width":2560,"height":1707},{"@type":"BreadcrumbList","@id":"https:\/\/viggobendz.dk\/sv\/butik\/slitdelar\/taender\/cat\/cat-tandskydd\/22-tandlock\/#breadcrumb","itemListElement":[{"@type":"ListItem","position":1,"name":"Hjem","item":"https:\/\/viggobendz.dk\/sv\/hemsidan\/"},{"@type":"ListItem","position":2,"name":"Butik","item":"https:\/\/viggobendz.dk\/butik\/"},{"@type":"ListItem","position":3,"name":"Slitdelar","item":"https:\/\/viggobendz.dk\/sv\/vare-kategori\/slitdelar\/"},{"@type":"ListItem","position":4,"name":"T\u00e4nder","item":"https:\/\/viggobendz.dk\/sv\/vare-kategori\/slitdelar\/taender\/"},{"@type":"ListItem","position":5,"name":"CAT","item":"https:\/\/viggobendz.dk\/sv\/vare-kategori\/slitdelar\/taender\/cat\/"},{"@type":"ListItem","position":6,"name":"CAT Tandskydd","item":"https:\/\/viggobendz.dk\/sv\/vare-kategori\/slitdelar\/taender\/cat\/cat-tandskydd\/"},{"@type":"ListItem","position":7,"name":"2,2&#8243; tandlock"}]},{"@type":"WebSite","@id":"https:\/\/viggobendz.dk\/sv\/#website","url":"https:\/\/viggobendz.dk\/sv\/","name":"Viggo Bendz","description":"Det ansvarlige valg","publisher":{"@id":"https:\/\/viggobendz.dk\/sv\/#organization"},"potentialAction":[{"@type":"SearchAction","target":{"@type":"EntryPoint","urlTemplate":"https:\/\/viggobendz.dk\/sv\/?s={search_term_string}"},"query-input":{"@type":"PropertyValueSpecification","valueRequired":true,"valueName":"search_term_string"}}],"inLanguage":"sv-SE"},{"@type":"Organization","@id":"https:\/\/viggobendz.dk\/sv\/#organization","name":"Viggo Bendz A\/S","url":"https:\/\/viggobendz.dk\/sv\/","logo":{"@type":"ImageObject","inLanguage":"sv-SE","@id":"https:\/\/viggobendz.dk\/sv\/#\/schema\/logo\/image\/","url":"https:\/\/viggobendz.dk\/wp-content\/uploads\/2020\/03\/VB-Logo.png","contentUrl":"https:\/\/viggobendz.dk\/wp-content\/uploads\/2020\/03\/VB-Logo.png","width":735,"height":776,"caption":"Viggo Bendz A\/S"},"image":{"@id":"https:\/\/viggobendz.dk\/sv\/#\/schema\/logo\/image\/"}}]}},"_links":{"self":[{"href":"https:\/\/viggobendz.dk\/sv\/wp-json\/wp\/v2\/product\/27660","targetHints":{"allow":["GET"]}}],"collection":[{"href":"https:\/\/viggobendz.dk\/sv\/wp-json\/wp\/v2\/product"}],"about":[{"href":"https:\/\/viggobendz.dk\/sv\/wp-json\/wp\/v2\/types\/product"}],"wp:featuredmedia":[{"embeddable":true,"href":"https:\/\/viggobendz.dk\/sv\/wp-json\/wp\/v2\/media\/393"}],"wp:attachment":[{"href":"https:\/\/viggobendz.dk\/sv\/wp-json\/wp\/v2\/media?parent=27660"}],"wp:term":[{"taxonomy":"product_brand","embeddable":true,"href":"https:\/\/viggobendz.dk\/sv\/wp-json\/wp\/v2\/product_brand?post=27660"},{"taxonomy":"product_cat","embeddable":true,"href":"https:\/\/viggobendz.dk\/sv\/wp-json\/wp\/v2\/product_cat?post=27660"},{"taxonomy":"product_tag","embeddable":true,"href":"https:\/\/viggobendz.dk\/sv\/wp-json\/wp\/v2\/product_tag?post=27660"}],"curies":[{"name":"wp","href":"https:\/\/api.w.org\/{rel}","templated":true}]}}