{"id":27736,"date":"2025-03-11T07:44:36","date_gmt":"2025-03-11T06:44:36","guid":{"rendered":"https:\/\/viggobendz.dk\/butik\/okategoriserad\/45-tandhaallare-e326-1\/"},"modified":"2025-03-11T07:44:36","modified_gmt":"2025-03-11T06:44:36","slug":"45-tandhaallare-e326-1","status":"publish","type":"product","link":"https:\/\/viggobendz.dk\/sv\/butik\/slitdelar\/taender\/cat\/tandhaallare-foer-graevmaskiner\/45-tandhaallare-e326-1\/","title":{"rendered":"4,5&#8243; tandh\u00e5llare (E326.1)"},"content":{"rendered":"<p data-start=\"0\" data-end=\"58\"><strong data-start=\"0\" data-end=\"56\">CAT Tine-h\u00e5llare &#8211; F\u00f6r gr\u00e4vningsarbete<\/strong><\/p>\n<p data-start=\"60\" data-end=\"353\">CAT:s tandh\u00e5llare ger en solid och tillf\u00f6rlitlig fasts\u00e4ttning av tandh\u00e4ttorna p\u00e5 skopan. Den \u00e4r konstruerad f\u00f6r att klara tunga belastningar och ger en optimal anslutning mellan skopan och pinnarna f\u00f6r b\u00e4sta m\u00f6jliga prestanda under gr\u00e4vningsarbetet. <\/p>\n<p data-start=\"355\" data-end=\"604\">  <strong data-start=\"358\" data-end=\"380\">S\u00e4kert f\u00e4ste<\/strong> &#8211; H\u00e5ller tandskyddet stadigt p\u00e5 plats under h\u00e5rt arbete.<br data-start=\"438\" data-end=\"441\"> <strong data-start=\"444\" data-end=\"468\">Slitstark och l\u00e5ngvarig<\/strong> &#8211; Konstruerad f\u00f6r att klara tunga belastningar.<br data-start=\"519\" data-end=\"522\"> <strong data-start=\"525\" data-end=\"552\">Passar CAT-systemet<\/strong> &#8211; S\u00e4kerst\u00e4ller optimal kompatibilitet och enkel installation.<\/p>\n<p data-start=\"606\" data-end=\"728\" data-is-last-node=\"&gt;Med en CAT tandholder f\u00e5r du en st\u00e6rk og driftssikker l\u00f8sning til gravearbejde, der forl\u00e6nger udstyrets levetid og ydeevne.&lt;\/p&gt; &lt;p data-start=\" https:=\"\"><span style=\"color: #bf8c2f;\"><strong>Datablad<\/strong><\/span><\/p>\n","protected":false},"excerpt":{"rendered":"<p>CAT Tandh\u00e5llare &#8211; F\u00f6r gr\u00e4vning<\/p>\n<p>Passar 50 mm knivar.<\/p>\n","protected":false},"featured_media":3155,"template":"","meta":{"_acf_changed":false},"product_brand":[],"product_cat":[8751,2655,2651,9578],"product_tag":[],"class_list":{"0":"post-27736","1":"product","2":"type-product","3":"status-publish","4":"has-post-thumbnail","6":"product_cat-cat","7":"product_cat-slitdelar","8":"product_cat-taender","9":"product_cat-tandhaallare-foer-graevmaskiner","11":"first","12":"instock","13":"taxable","14":"shipping-taxable","15":"purchasable","16":"product-type-simple"},"acf":[],"yoast_head":"<title>4,5&quot; tandh\u00e5llare (E326.1) - Viggo Bendz<\/title>\n<meta name=\"robots\" content=\"index, follow, max-snippet:-1, max-image-preview:large, max-video-preview:-1\" \/>\n<link rel=\"canonical\" href=\"https:\/\/viggobendz.dk\/sv\/butik\/slitdelar\/taender\/cat\/tandhaallare-foer-graevmaskiner\/45-tandhaallare-e326-1\/\" \/>\n<meta property=\"og:locale\" content=\"sv_SE\" \/>\n<meta property=\"og:type\" content=\"article\" \/>\n<meta property=\"og:title\" content=\"4,5&quot; tandh\u00e5llare (E326.1) - Viggo Bendz\" \/>\n<meta property=\"og:description\" content=\"CAT Tandh\u00e5llare - F\u00f6r gr\u00e4vning Passar 50 mm knivar.\" \/>\n<meta property=\"og:url\" content=\"https:\/\/viggobendz.dk\/sv\/butik\/slitdelar\/taender\/cat\/tandhaallare-foer-graevmaskiner\/45-tandhaallare-e326-1\/\" \/>\n<meta property=\"og:site_name\" content=\"Viggo Bendz\" \/>\n<meta property=\"og:image\" content=\"https:\/\/viggobendz.dk\/wp-content\/uploads\/2021\/04\/tandholder-cat-system-3G8354-2_google-shopping-scaled-e1639061993480.jpg\" \/>\n\t<meta property=\"og:image:width\" content=\"750\" \/>\n\t<meta property=\"og:image:height\" content=\"500\" \/>\n\t<meta property=\"og:image:type\" content=\"image\/jpeg\" \/>\n<meta name=\"twitter:card\" content=\"summary_large_image\" \/>\n<script type=\"application\/ld+json\" class=\"yoast-schema-graph\">{\"@context\":\"https:\/\/schema.org\",\"@graph\":[{\"@type\":\"WebPage\",\"@id\":\"https:\/\/viggobendz.dk\/sv\/butik\/slitdelar\/taender\/cat\/tandhaallare-foer-graevmaskiner\/45-tandhaallare-e326-1\/\",\"url\":\"https:\/\/viggobendz.dk\/sv\/butik\/slitdelar\/taender\/cat\/tandhaallare-foer-graevmaskiner\/45-tandhaallare-e326-1\/\",\"name\":\"4,5\\\" tandh\u00e5llare (E326.1) - Viggo Bendz\",\"isPartOf\":{\"@id\":\"https:\/\/viggobendz.dk\/sv\/#website\"},\"primaryImageOfPage\":{\"@id\":\"https:\/\/viggobendz.dk\/sv\/butik\/slitdelar\/taender\/cat\/tandhaallare-foer-graevmaskiner\/45-tandhaallare-e326-1\/#primaryimage\"},\"image\":{\"@id\":\"https:\/\/viggobendz.dk\/sv\/butik\/slitdelar\/taender\/cat\/tandhaallare-foer-graevmaskiner\/45-tandhaallare-e326-1\/#primaryimage\"},\"thumbnailUrl\":\"https:\/\/viggobendz.dk\/wp-content\/uploads\/2021\/04\/tandholder-cat-system-3G8354-2_google-shopping-scaled-e1639061993480.jpg\",\"datePublished\":\"2025-03-11T06:44:36+00:00\",\"breadcrumb\":{\"@id\":\"https:\/\/viggobendz.dk\/sv\/butik\/slitdelar\/taender\/cat\/tandhaallare-foer-graevmaskiner\/45-tandhaallare-e326-1\/#breadcrumb\"},\"inLanguage\":\"sv-SE\",\"potentialAction\":[{\"@type\":\"ReadAction\",\"target\":[\"https:\/\/viggobendz.dk\/sv\/butik\/slitdelar\/taender\/cat\/tandhaallare-foer-graevmaskiner\/45-tandhaallare-e326-1\/\"]}]},{\"@type\":\"ImageObject\",\"inLanguage\":\"sv-SE\",\"@id\":\"https:\/\/viggobendz.dk\/sv\/butik\/slitdelar\/taender\/cat\/tandhaallare-foer-graevmaskiner\/45-tandhaallare-e326-1\/#primaryimage\",\"url\":\"https:\/\/viggobendz.dk\/wp-content\/uploads\/2021\/04\/tandholder-cat-system-3G8354-2_google-shopping-scaled-e1639061993480.jpg\",\"contentUrl\":\"https:\/\/viggobendz.dk\/wp-content\/uploads\/2021\/04\/tandholder-cat-system-3G8354-2_google-shopping-scaled-e1639061993480.jpg\",\"width\":750,\"height\":500},{\"@type\":\"BreadcrumbList\",\"@id\":\"https:\/\/viggobendz.dk\/sv\/butik\/slitdelar\/taender\/cat\/tandhaallare-foer-graevmaskiner\/45-tandhaallare-e326-1\/#breadcrumb\",\"itemListElement\":[{\"@type\":\"ListItem\",\"position\":1,\"name\":\"Hjem\",\"item\":\"https:\/\/viggobendz.dk\/sv\/hemsidan\/\"},{\"@type\":\"ListItem\",\"position\":2,\"name\":\"Butik\",\"item\":\"https:\/\/viggobendz.dk\/butik\/\"},{\"@type\":\"ListItem\",\"position\":3,\"name\":\"Slitdelar\",\"item\":\"https:\/\/viggobendz.dk\/sv\/vare-kategori\/slitdelar\/\"},{\"@type\":\"ListItem\",\"position\":4,\"name\":\"T\u00e4nder\",\"item\":\"https:\/\/viggobendz.dk\/sv\/vare-kategori\/slitdelar\/taender\/\"},{\"@type\":\"ListItem\",\"position\":5,\"name\":\"CAT\",\"item\":\"https:\/\/viggobendz.dk\/sv\/vare-kategori\/slitdelar\/taender\/cat\/\"},{\"@type\":\"ListItem\",\"position\":6,\"name\":\"Tandh\u00e5llare f\u00f6r gr\u00e4vmaskiner\",\"item\":\"https:\/\/viggobendz.dk\/sv\/vare-kategori\/slitdelar\/taender\/cat\/tandhaallare-foer-graevmaskiner\/\"},{\"@type\":\"ListItem\",\"position\":7,\"name\":\"4,5&#8243; tandh\u00e5llare (E326.1)\"}]},{\"@type\":\"WebSite\",\"@id\":\"https:\/\/viggobendz.dk\/sv\/#website\",\"url\":\"https:\/\/viggobendz.dk\/sv\/\",\"name\":\"Viggo Bendz\",\"description\":\"Det ansvarlige valg\",\"publisher\":{\"@id\":\"https:\/\/viggobendz.dk\/sv\/#organization\"},\"potentialAction\":[{\"@type\":\"SearchAction\",\"target\":{\"@type\":\"EntryPoint\",\"urlTemplate\":\"https:\/\/viggobendz.dk\/sv\/?s={search_term_string}\"},\"query-input\":{\"@type\":\"PropertyValueSpecification\",\"valueRequired\":true,\"valueName\":\"search_term_string\"}}],\"inLanguage\":\"sv-SE\"},{\"@type\":\"Organization\",\"@id\":\"https:\/\/viggobendz.dk\/sv\/#organization\",\"name\":\"Viggo Bendz A\/S\",\"url\":\"https:\/\/viggobendz.dk\/sv\/\",\"logo\":{\"@type\":\"ImageObject\",\"inLanguage\":\"sv-SE\",\"@id\":\"https:\/\/viggobendz.dk\/sv\/#\/schema\/logo\/image\/\",\"url\":\"https:\/\/viggobendz.dk\/wp-content\/uploads\/2020\/03\/VB-Logo.png\",\"contentUrl\":\"https:\/\/viggobendz.dk\/wp-content\/uploads\/2020\/03\/VB-Logo.png\",\"width\":735,\"height\":776,\"caption\":\"Viggo Bendz A\/S\"},\"image\":{\"@id\":\"https:\/\/viggobendz.dk\/sv\/#\/schema\/logo\/image\/\"}}]}<\/script>","yoast_head_json":{"title":"4,5\" tandh\u00e5llare (E326.1) - Viggo Bendz","robots":{"index":"index","follow":"follow","max-snippet":"max-snippet:-1","max-image-preview":"max-image-preview:large","max-video-preview":"max-video-preview:-1"},"canonical":"https:\/\/viggobendz.dk\/sv\/butik\/slitdelar\/taender\/cat\/tandhaallare-foer-graevmaskiner\/45-tandhaallare-e326-1\/","og_locale":"sv_SE","og_type":"article","og_title":"4,5\" tandh\u00e5llare (E326.1) - Viggo Bendz","og_description":"CAT Tandh\u00e5llare - F\u00f6r gr\u00e4vning Passar 50 mm knivar.","og_url":"https:\/\/viggobendz.dk\/sv\/butik\/slitdelar\/taender\/cat\/tandhaallare-foer-graevmaskiner\/45-tandhaallare-e326-1\/","og_site_name":"Viggo Bendz","og_image":[{"width":750,"height":500,"url":"https:\/\/viggobendz.dk\/wp-content\/uploads\/2021\/04\/tandholder-cat-system-3G8354-2_google-shopping-scaled-e1639061993480.jpg","type":"image\/jpeg"}],"twitter_card":"summary_large_image","schema":{"@context":"https:\/\/schema.org","@graph":[{"@type":"WebPage","@id":"https:\/\/viggobendz.dk\/sv\/butik\/slitdelar\/taender\/cat\/tandhaallare-foer-graevmaskiner\/45-tandhaallare-e326-1\/","url":"https:\/\/viggobendz.dk\/sv\/butik\/slitdelar\/taender\/cat\/tandhaallare-foer-graevmaskiner\/45-tandhaallare-e326-1\/","name":"4,5\" tandh\u00e5llare (E326.1) - Viggo Bendz","isPartOf":{"@id":"https:\/\/viggobendz.dk\/sv\/#website"},"primaryImageOfPage":{"@id":"https:\/\/viggobendz.dk\/sv\/butik\/slitdelar\/taender\/cat\/tandhaallare-foer-graevmaskiner\/45-tandhaallare-e326-1\/#primaryimage"},"image":{"@id":"https:\/\/viggobendz.dk\/sv\/butik\/slitdelar\/taender\/cat\/tandhaallare-foer-graevmaskiner\/45-tandhaallare-e326-1\/#primaryimage"},"thumbnailUrl":"https:\/\/viggobendz.dk\/wp-content\/uploads\/2021\/04\/tandholder-cat-system-3G8354-2_google-shopping-scaled-e1639061993480.jpg","datePublished":"2025-03-11T06:44:36+00:00","breadcrumb":{"@id":"https:\/\/viggobendz.dk\/sv\/butik\/slitdelar\/taender\/cat\/tandhaallare-foer-graevmaskiner\/45-tandhaallare-e326-1\/#breadcrumb"},"inLanguage":"sv-SE","potentialAction":[{"@type":"ReadAction","target":["https:\/\/viggobendz.dk\/sv\/butik\/slitdelar\/taender\/cat\/tandhaallare-foer-graevmaskiner\/45-tandhaallare-e326-1\/"]}]},{"@type":"ImageObject","inLanguage":"sv-SE","@id":"https:\/\/viggobendz.dk\/sv\/butik\/slitdelar\/taender\/cat\/tandhaallare-foer-graevmaskiner\/45-tandhaallare-e326-1\/#primaryimage","url":"https:\/\/viggobendz.dk\/wp-content\/uploads\/2021\/04\/tandholder-cat-system-3G8354-2_google-shopping-scaled-e1639061993480.jpg","contentUrl":"https:\/\/viggobendz.dk\/wp-content\/uploads\/2021\/04\/tandholder-cat-system-3G8354-2_google-shopping-scaled-e1639061993480.jpg","width":750,"height":500},{"@type":"BreadcrumbList","@id":"https:\/\/viggobendz.dk\/sv\/butik\/slitdelar\/taender\/cat\/tandhaallare-foer-graevmaskiner\/45-tandhaallare-e326-1\/#breadcrumb","itemListElement":[{"@type":"ListItem","position":1,"name":"Hjem","item":"https:\/\/viggobendz.dk\/sv\/hemsidan\/"},{"@type":"ListItem","position":2,"name":"Butik","item":"https:\/\/viggobendz.dk\/butik\/"},{"@type":"ListItem","position":3,"name":"Slitdelar","item":"https:\/\/viggobendz.dk\/sv\/vare-kategori\/slitdelar\/"},{"@type":"ListItem","position":4,"name":"T\u00e4nder","item":"https:\/\/viggobendz.dk\/sv\/vare-kategori\/slitdelar\/taender\/"},{"@type":"ListItem","position":5,"name":"CAT","item":"https:\/\/viggobendz.dk\/sv\/vare-kategori\/slitdelar\/taender\/cat\/"},{"@type":"ListItem","position":6,"name":"Tandh\u00e5llare f\u00f6r gr\u00e4vmaskiner","item":"https:\/\/viggobendz.dk\/sv\/vare-kategori\/slitdelar\/taender\/cat\/tandhaallare-foer-graevmaskiner\/"},{"@type":"ListItem","position":7,"name":"4,5&#8243; tandh\u00e5llare (E326.1)"}]},{"@type":"WebSite","@id":"https:\/\/viggobendz.dk\/sv\/#website","url":"https:\/\/viggobendz.dk\/sv\/","name":"Viggo Bendz","description":"Det ansvarlige valg","publisher":{"@id":"https:\/\/viggobendz.dk\/sv\/#organization"},"potentialAction":[{"@type":"SearchAction","target":{"@type":"EntryPoint","urlTemplate":"https:\/\/viggobendz.dk\/sv\/?s={search_term_string}"},"query-input":{"@type":"PropertyValueSpecification","valueRequired":true,"valueName":"search_term_string"}}],"inLanguage":"sv-SE"},{"@type":"Organization","@id":"https:\/\/viggobendz.dk\/sv\/#organization","name":"Viggo Bendz A\/S","url":"https:\/\/viggobendz.dk\/sv\/","logo":{"@type":"ImageObject","inLanguage":"sv-SE","@id":"https:\/\/viggobendz.dk\/sv\/#\/schema\/logo\/image\/","url":"https:\/\/viggobendz.dk\/wp-content\/uploads\/2020\/03\/VB-Logo.png","contentUrl":"https:\/\/viggobendz.dk\/wp-content\/uploads\/2020\/03\/VB-Logo.png","width":735,"height":776,"caption":"Viggo Bendz A\/S"},"image":{"@id":"https:\/\/viggobendz.dk\/sv\/#\/schema\/logo\/image\/"}}]}},"_links":{"self":[{"href":"https:\/\/viggobendz.dk\/sv\/wp-json\/wp\/v2\/product\/27736","targetHints":{"allow":["GET"]}}],"collection":[{"href":"https:\/\/viggobendz.dk\/sv\/wp-json\/wp\/v2\/product"}],"about":[{"href":"https:\/\/viggobendz.dk\/sv\/wp-json\/wp\/v2\/types\/product"}],"wp:featuredmedia":[{"embeddable":true,"href":"https:\/\/viggobendz.dk\/sv\/wp-json\/wp\/v2\/media\/3155"}],"wp:attachment":[{"href":"https:\/\/viggobendz.dk\/sv\/wp-json\/wp\/v2\/media?parent=27736"}],"wp:term":[{"taxonomy":"product_brand","embeddable":true,"href":"https:\/\/viggobendz.dk\/sv\/wp-json\/wp\/v2\/product_brand?post=27736"},{"taxonomy":"product_cat","embeddable":true,"href":"https:\/\/viggobendz.dk\/sv\/wp-json\/wp\/v2\/product_cat?post=27736"},{"taxonomy":"product_tag","embeddable":true,"href":"https:\/\/viggobendz.dk\/sv\/wp-json\/wp\/v2\/product_tag?post=27736"}],"curies":[{"name":"wp","href":"https:\/\/api.w.org\/{rel}","templated":true}]}}