{"id":27742,"date":"2025-03-11T07:44:36","date_gmt":"2025-03-11T06:44:36","guid":{"rendered":"https:\/\/viggobendz.dk\/butik\/okategoriserad\/2-tandhaallare-e310\/"},"modified":"2025-03-11T07:44:36","modified_gmt":"2025-03-11T06:44:36","slug":"2-tandhaallare-e310","status":"publish","type":"product","link":"https:\/\/viggobendz.dk\/sv\/butik\/slitdelar\/taender\/cat\/tallrikshaallare-foer-lastare\/2-tandhaallare-e310\/","title":{"rendered":"2&#8243; Tandh\u00e5llare (E310)"},"content":{"rendered":"<p data-start=\"0\" data-end=\"58\"><strong data-start=\"0\" data-end=\"56\">CAT Tine-h\u00e5llare &#8211; F\u00f6r lastningsarbete<\/strong><\/p>\n<p data-start=\"81\" data-end=\"354\">CAT:s tandh\u00e5llare f\u00f6r hjullastare s\u00e4kerst\u00e4ller en stark och stabil fasts\u00e4ttning av tandh\u00e4ttorna s\u00e5 att din maskin kan hantera tunga laster med minimalt slitage. Den \u00e4r konstruerad f\u00f6r att klara tunga laster och ser till att pinnarna sitter s\u00e4kert p\u00e5 skopan, \u00e4ven under intensiv anv\u00e4ndning. <\/p>\n<p data-start=\"356\" data-end=\"592\">  <strong data-start=\"359\" data-end=\"381\">Extrem h\u00e5llbarhet<\/strong> &#8211; Byggd f\u00f6r att klara tunga belastningar och kraftiga st\u00f6tar.<br data-start=\"432\" data-end=\"435\"> <strong data-start=\"438\" data-end=\"458\">S\u00e4ker montering<\/strong> &#8211; H\u00e5ller tandskyddet stadigt p\u00e5 plats f\u00f6r optimal prestanda.<br data-start=\"513\" data-end=\"516\"> <strong data-start=\"519\" data-end=\"546\">Passar CAT-systemet<\/strong> &#8211; S\u00e4kerst\u00e4ller kompatibilitet och enkelt byte.<\/p>\n<p data-start=\"594\" data-end=\"725\" data-is-last-node=\"&gt;V\u00e6lg en CAT tandholder til din l\u00e6ssemaskine for en driftssikker og slidst\u00e6rk l\u00f8sning, der sikrer effektiv h\u00e5ndtering af materialer.&lt;\/p&gt; &lt;p data-start=\" https:=\"\"><span style=\"color: #bf8c2f;\"><strong>Datablad<\/strong><\/span><\/p>\n","protected":false},"excerpt":{"rendered":"<p>CAT Tine-h\u00e5llare &#8211; F\u00f6r lastningsarbete<\/p>\n","protected":false},"featured_media":1108,"template":"","meta":{"_acf_changed":false},"product_brand":[],"product_cat":[8751,2655,9582,2651],"product_tag":[],"class_list":{"0":"post-27742","1":"product","2":"type-product","3":"status-publish","4":"has-post-thumbnail","6":"product_cat-cat","7":"product_cat-slitdelar","8":"product_cat-tallrikshaallare-foer-lastare","9":"product_cat-taender","11":"first","12":"instock","13":"taxable","14":"shipping-taxable","15":"purchasable","16":"product-type-simple"},"acf":[],"yoast_head":"<title>2&quot; Tandh\u00e5llare (E310) - Viggo Bendz<\/title>\n<meta name=\"robots\" content=\"index, follow, max-snippet:-1, max-image-preview:large, max-video-preview:-1\" \/>\n<link rel=\"canonical\" href=\"https:\/\/viggobendz.dk\/sv\/butik\/slitdelar\/taender\/cat\/tallrikshaallare-foer-lastare\/2-tandhaallare-e310\/\" \/>\n<meta property=\"og:locale\" content=\"sv_SE\" \/>\n<meta property=\"og:type\" content=\"article\" \/>\n<meta property=\"og:title\" content=\"2&quot; Tandh\u00e5llare (E310) - Viggo Bendz\" \/>\n<meta property=\"og:description\" content=\"CAT Tine-h\u00e5llare - F\u00f6r lastningsarbete\" \/>\n<meta property=\"og:url\" content=\"https:\/\/viggobendz.dk\/sv\/butik\/slitdelar\/taender\/cat\/tallrikshaallare-foer-lastare\/2-tandhaallare-e310\/\" \/>\n<meta property=\"og:site_name\" content=\"Viggo Bendz\" \/>\n<meta property=\"og:image\" content=\"https:\/\/viggobendz.dk\/wp-content\/uploads\/2020\/09\/tandholder-cat-system-1U1304-2-scaled.jpg\" \/>\n\t<meta property=\"og:image:width\" content=\"2560\" \/>\n\t<meta property=\"og:image:height\" content=\"1707\" \/>\n\t<meta property=\"og:image:type\" content=\"image\/jpeg\" \/>\n<meta name=\"twitter:card\" content=\"summary_large_image\" \/>\n<meta name=\"twitter:label1\" content=\"Ber\u00e4knad l\u00e4stid\" \/>\n\t<meta name=\"twitter:data1\" content=\"1 minut\" \/>\n<script type=\"application\/ld+json\" class=\"yoast-schema-graph\">{\"@context\":\"https:\/\/schema.org\",\"@graph\":[{\"@type\":\"WebPage\",\"@id\":\"https:\/\/viggobendz.dk\/sv\/butik\/slitdelar\/taender\/cat\/tallrikshaallare-foer-lastare\/2-tandhaallare-e310\/\",\"url\":\"https:\/\/viggobendz.dk\/sv\/butik\/slitdelar\/taender\/cat\/tallrikshaallare-foer-lastare\/2-tandhaallare-e310\/\",\"name\":\"2\\\" Tandh\u00e5llare (E310) - Viggo Bendz\",\"isPartOf\":{\"@id\":\"https:\/\/viggobendz.dk\/sv\/#website\"},\"primaryImageOfPage\":{\"@id\":\"https:\/\/viggobendz.dk\/sv\/butik\/slitdelar\/taender\/cat\/tallrikshaallare-foer-lastare\/2-tandhaallare-e310\/#primaryimage\"},\"image\":{\"@id\":\"https:\/\/viggobendz.dk\/sv\/butik\/slitdelar\/taender\/cat\/tallrikshaallare-foer-lastare\/2-tandhaallare-e310\/#primaryimage\"},\"thumbnailUrl\":\"https:\/\/viggobendz.dk\/wp-content\/uploads\/2020\/09\/tandholder-cat-system-1U1304-2-scaled.jpg\",\"datePublished\":\"2025-03-11T06:44:36+00:00\",\"breadcrumb\":{\"@id\":\"https:\/\/viggobendz.dk\/sv\/butik\/slitdelar\/taender\/cat\/tallrikshaallare-foer-lastare\/2-tandhaallare-e310\/#breadcrumb\"},\"inLanguage\":\"sv-SE\",\"potentialAction\":[{\"@type\":\"ReadAction\",\"target\":[\"https:\/\/viggobendz.dk\/sv\/butik\/slitdelar\/taender\/cat\/tallrikshaallare-foer-lastare\/2-tandhaallare-e310\/\"]}]},{\"@type\":\"ImageObject\",\"inLanguage\":\"sv-SE\",\"@id\":\"https:\/\/viggobendz.dk\/sv\/butik\/slitdelar\/taender\/cat\/tallrikshaallare-foer-lastare\/2-tandhaallare-e310\/#primaryimage\",\"url\":\"https:\/\/viggobendz.dk\/wp-content\/uploads\/2020\/09\/tandholder-cat-system-1U1304-2-scaled.jpg\",\"contentUrl\":\"https:\/\/viggobendz.dk\/wp-content\/uploads\/2020\/09\/tandholder-cat-system-1U1304-2-scaled.jpg\",\"width\":2560,\"height\":1707},{\"@type\":\"BreadcrumbList\",\"@id\":\"https:\/\/viggobendz.dk\/sv\/butik\/slitdelar\/taender\/cat\/tallrikshaallare-foer-lastare\/2-tandhaallare-e310\/#breadcrumb\",\"itemListElement\":[{\"@type\":\"ListItem\",\"position\":1,\"name\":\"Hjem\",\"item\":\"https:\/\/viggobendz.dk\/sv\/hemsidan\/\"},{\"@type\":\"ListItem\",\"position\":2,\"name\":\"Butik\",\"item\":\"https:\/\/viggobendz.dk\/butik\/\"},{\"@type\":\"ListItem\",\"position\":3,\"name\":\"Slitdelar\",\"item\":\"https:\/\/viggobendz.dk\/sv\/vare-kategori\/slitdelar\/\"},{\"@type\":\"ListItem\",\"position\":4,\"name\":\"T\u00e4nder\",\"item\":\"https:\/\/viggobendz.dk\/sv\/vare-kategori\/slitdelar\/taender\/\"},{\"@type\":\"ListItem\",\"position\":5,\"name\":\"CAT\",\"item\":\"https:\/\/viggobendz.dk\/sv\/vare-kategori\/slitdelar\/taender\/cat\/\"},{\"@type\":\"ListItem\",\"position\":6,\"name\":\"Tallriksh\u00e5llare f\u00f6r lastare\",\"item\":\"https:\/\/viggobendz.dk\/sv\/vare-kategori\/slitdelar\/taender\/cat\/tallrikshaallare-foer-lastare\/\"},{\"@type\":\"ListItem\",\"position\":7,\"name\":\"2&#8243; Tandh\u00e5llare (E310)\"}]},{\"@type\":\"WebSite\",\"@id\":\"https:\/\/viggobendz.dk\/sv\/#website\",\"url\":\"https:\/\/viggobendz.dk\/sv\/\",\"name\":\"Viggo Bendz\",\"description\":\"Det ansvarlige valg\",\"publisher\":{\"@id\":\"https:\/\/viggobendz.dk\/sv\/#organization\"},\"potentialAction\":[{\"@type\":\"SearchAction\",\"target\":{\"@type\":\"EntryPoint\",\"urlTemplate\":\"https:\/\/viggobendz.dk\/sv\/?s={search_term_string}\"},\"query-input\":{\"@type\":\"PropertyValueSpecification\",\"valueRequired\":true,\"valueName\":\"search_term_string\"}}],\"inLanguage\":\"sv-SE\"},{\"@type\":\"Organization\",\"@id\":\"https:\/\/viggobendz.dk\/sv\/#organization\",\"name\":\"Viggo Bendz A\/S\",\"url\":\"https:\/\/viggobendz.dk\/sv\/\",\"logo\":{\"@type\":\"ImageObject\",\"inLanguage\":\"sv-SE\",\"@id\":\"https:\/\/viggobendz.dk\/sv\/#\/schema\/logo\/image\/\",\"url\":\"https:\/\/viggobendz.dk\/wp-content\/uploads\/2020\/03\/VB-Logo.png\",\"contentUrl\":\"https:\/\/viggobendz.dk\/wp-content\/uploads\/2020\/03\/VB-Logo.png\",\"width\":735,\"height\":776,\"caption\":\"Viggo Bendz A\/S\"},\"image\":{\"@id\":\"https:\/\/viggobendz.dk\/sv\/#\/schema\/logo\/image\/\"}}]}<\/script>","yoast_head_json":{"title":"2\" Tandh\u00e5llare (E310) - Viggo Bendz","robots":{"index":"index","follow":"follow","max-snippet":"max-snippet:-1","max-image-preview":"max-image-preview:large","max-video-preview":"max-video-preview:-1"},"canonical":"https:\/\/viggobendz.dk\/sv\/butik\/slitdelar\/taender\/cat\/tallrikshaallare-foer-lastare\/2-tandhaallare-e310\/","og_locale":"sv_SE","og_type":"article","og_title":"2\" Tandh\u00e5llare (E310) - Viggo Bendz","og_description":"CAT Tine-h\u00e5llare - F\u00f6r lastningsarbete","og_url":"https:\/\/viggobendz.dk\/sv\/butik\/slitdelar\/taender\/cat\/tallrikshaallare-foer-lastare\/2-tandhaallare-e310\/","og_site_name":"Viggo Bendz","og_image":[{"width":2560,"height":1707,"url":"https:\/\/viggobendz.dk\/wp-content\/uploads\/2020\/09\/tandholder-cat-system-1U1304-2-scaled.jpg","type":"image\/jpeg"}],"twitter_card":"summary_large_image","twitter_misc":{"Ber\u00e4knad l\u00e4stid":"1 minut"},"schema":{"@context":"https:\/\/schema.org","@graph":[{"@type":"WebPage","@id":"https:\/\/viggobendz.dk\/sv\/butik\/slitdelar\/taender\/cat\/tallrikshaallare-foer-lastare\/2-tandhaallare-e310\/","url":"https:\/\/viggobendz.dk\/sv\/butik\/slitdelar\/taender\/cat\/tallrikshaallare-foer-lastare\/2-tandhaallare-e310\/","name":"2\" Tandh\u00e5llare (E310) - Viggo Bendz","isPartOf":{"@id":"https:\/\/viggobendz.dk\/sv\/#website"},"primaryImageOfPage":{"@id":"https:\/\/viggobendz.dk\/sv\/butik\/slitdelar\/taender\/cat\/tallrikshaallare-foer-lastare\/2-tandhaallare-e310\/#primaryimage"},"image":{"@id":"https:\/\/viggobendz.dk\/sv\/butik\/slitdelar\/taender\/cat\/tallrikshaallare-foer-lastare\/2-tandhaallare-e310\/#primaryimage"},"thumbnailUrl":"https:\/\/viggobendz.dk\/wp-content\/uploads\/2020\/09\/tandholder-cat-system-1U1304-2-scaled.jpg","datePublished":"2025-03-11T06:44:36+00:00","breadcrumb":{"@id":"https:\/\/viggobendz.dk\/sv\/butik\/slitdelar\/taender\/cat\/tallrikshaallare-foer-lastare\/2-tandhaallare-e310\/#breadcrumb"},"inLanguage":"sv-SE","potentialAction":[{"@type":"ReadAction","target":["https:\/\/viggobendz.dk\/sv\/butik\/slitdelar\/taender\/cat\/tallrikshaallare-foer-lastare\/2-tandhaallare-e310\/"]}]},{"@type":"ImageObject","inLanguage":"sv-SE","@id":"https:\/\/viggobendz.dk\/sv\/butik\/slitdelar\/taender\/cat\/tallrikshaallare-foer-lastare\/2-tandhaallare-e310\/#primaryimage","url":"https:\/\/viggobendz.dk\/wp-content\/uploads\/2020\/09\/tandholder-cat-system-1U1304-2-scaled.jpg","contentUrl":"https:\/\/viggobendz.dk\/wp-content\/uploads\/2020\/09\/tandholder-cat-system-1U1304-2-scaled.jpg","width":2560,"height":1707},{"@type":"BreadcrumbList","@id":"https:\/\/viggobendz.dk\/sv\/butik\/slitdelar\/taender\/cat\/tallrikshaallare-foer-lastare\/2-tandhaallare-e310\/#breadcrumb","itemListElement":[{"@type":"ListItem","position":1,"name":"Hjem","item":"https:\/\/viggobendz.dk\/sv\/hemsidan\/"},{"@type":"ListItem","position":2,"name":"Butik","item":"https:\/\/viggobendz.dk\/butik\/"},{"@type":"ListItem","position":3,"name":"Slitdelar","item":"https:\/\/viggobendz.dk\/sv\/vare-kategori\/slitdelar\/"},{"@type":"ListItem","position":4,"name":"T\u00e4nder","item":"https:\/\/viggobendz.dk\/sv\/vare-kategori\/slitdelar\/taender\/"},{"@type":"ListItem","position":5,"name":"CAT","item":"https:\/\/viggobendz.dk\/sv\/vare-kategori\/slitdelar\/taender\/cat\/"},{"@type":"ListItem","position":6,"name":"Tallriksh\u00e5llare f\u00f6r lastare","item":"https:\/\/viggobendz.dk\/sv\/vare-kategori\/slitdelar\/taender\/cat\/tallrikshaallare-foer-lastare\/"},{"@type":"ListItem","position":7,"name":"2&#8243; Tandh\u00e5llare (E310)"}]},{"@type":"WebSite","@id":"https:\/\/viggobendz.dk\/sv\/#website","url":"https:\/\/viggobendz.dk\/sv\/","name":"Viggo Bendz","description":"Det ansvarlige valg","publisher":{"@id":"https:\/\/viggobendz.dk\/sv\/#organization"},"potentialAction":[{"@type":"SearchAction","target":{"@type":"EntryPoint","urlTemplate":"https:\/\/viggobendz.dk\/sv\/?s={search_term_string}"},"query-input":{"@type":"PropertyValueSpecification","valueRequired":true,"valueName":"search_term_string"}}],"inLanguage":"sv-SE"},{"@type":"Organization","@id":"https:\/\/viggobendz.dk\/sv\/#organization","name":"Viggo Bendz A\/S","url":"https:\/\/viggobendz.dk\/sv\/","logo":{"@type":"ImageObject","inLanguage":"sv-SE","@id":"https:\/\/viggobendz.dk\/sv\/#\/schema\/logo\/image\/","url":"https:\/\/viggobendz.dk\/wp-content\/uploads\/2020\/03\/VB-Logo.png","contentUrl":"https:\/\/viggobendz.dk\/wp-content\/uploads\/2020\/03\/VB-Logo.png","width":735,"height":776,"caption":"Viggo Bendz A\/S"},"image":{"@id":"https:\/\/viggobendz.dk\/sv\/#\/schema\/logo\/image\/"}}]}},"_links":{"self":[{"href":"https:\/\/viggobendz.dk\/sv\/wp-json\/wp\/v2\/product\/27742","targetHints":{"allow":["GET"]}}],"collection":[{"href":"https:\/\/viggobendz.dk\/sv\/wp-json\/wp\/v2\/product"}],"about":[{"href":"https:\/\/viggobendz.dk\/sv\/wp-json\/wp\/v2\/types\/product"}],"wp:featuredmedia":[{"embeddable":true,"href":"https:\/\/viggobendz.dk\/sv\/wp-json\/wp\/v2\/media\/1108"}],"wp:attachment":[{"href":"https:\/\/viggobendz.dk\/sv\/wp-json\/wp\/v2\/media?parent=27742"}],"wp:term":[{"taxonomy":"product_brand","embeddable":true,"href":"https:\/\/viggobendz.dk\/sv\/wp-json\/wp\/v2\/product_brand?post=27742"},{"taxonomy":"product_cat","embeddable":true,"href":"https:\/\/viggobendz.dk\/sv\/wp-json\/wp\/v2\/product_cat?post=27742"},{"taxonomy":"product_tag","embeddable":true,"href":"https:\/\/viggobendz.dk\/sv\/wp-json\/wp\/v2\/product_tag?post=27742"}],"curies":[{"name":"wp","href":"https:\/\/api.w.org\/{rel}","templated":true}]}}