{"id":27821,"date":"2025-03-11T07:42:21","date_gmt":"2025-03-11T06:42:21","guid":{"rendered":"https:\/\/viggobendz.dk\/butik\/okategoriserad\/tandskydd-och-adapter-foer-minigraevmaskiner\/"},"modified":"2025-03-11T07:42:21","modified_gmt":"2025-03-11T06:42:21","slug":"tandskydd-och-adapter-foer-minigraevmaskiner","status":"publish","type":"product","link":"https:\/\/viggobendz.dk\/sv\/butik\/slitdelar\/taender\/tandskydd-och-adapter-foer-minigraevmaskiner\/","title":{"rendered":"Tandskydd och adapter f\u00f6r minigr\u00e4vmaskiner"},"content":{"rendered":"<h2>Slitstarka k\u00e5por och adaptrar f\u00f6r minigr\u00e4vare och kompaktlastare<\/h2>\n<p><em>Det \u00e4r adaptern som avg\u00f6r om det \u00e4r gr\u00e4v- eller lastningsarbete.<\/em><\/p>\n<ul>\n<li>Anv\u00e4nd gr\u00e4vadaptern vid gr\u00e4vning.<\/li>\n<li>F\u00f6r lastningsarbete, anv\u00e4nd adaptern f\u00f6r lastningsarbete.<\/li>\n<li>Tandskyddet anv\u00e4nds f\u00f6r b\u00e5de gr\u00e4v- och lastningsarbeten.<\/li>\n<li>Gl\u00f6m inte att best\u00e4lla l\u00e5ssprintar till dina tandkapslar.<\/li>\n<\/ul>\n<h4><strong><a href=\"https:\/\/viggobendz.dk\/wp-content\/uploads\/2022\/01\/datablad-mini-taender.jpg\">Datablad<\/a><\/strong><\/h4>\n","protected":false},"excerpt":{"rendered":"<h2>Slitstarka k\u00e5por och adaptrar f\u00f6r minigr\u00e4vare och kompaktlastare<\/h2>\n<p><em>Det \u00e4r adaptern som avg\u00f6r om det \u00e4r gr\u00e4v- eller lastningsarbete.<\/em><\/p>\n<ul>\n<li>Anv\u00e4nd gr\u00e4vadaptern vid gr\u00e4vning.<\/li>\n<li>F\u00f6r lastningsarbete, anv\u00e4nd adaptern f\u00f6r lastningsarbete.<\/li>\n<li>Tandskyddet anv\u00e4nds f\u00f6r b\u00e5de gr\u00e4v- och lastningsarbeten.<\/li>\n<li>Gl\u00f6m inte att best\u00e4lla l\u00e5ssprintar till dina tandkapslar.<\/li>\n<\/ul>\n<h4><strong><a href=\"https:\/\/viggobendz.dk\/wp-content\/uploads\/2022\/01\/datablad-mini-taender.jpg\">Datablad<\/a><\/strong><\/h4>\n","protected":false},"featured_media":5285,"template":"","meta":{"_acf_changed":false},"product_brand":[],"product_cat":[2655,2651,9646],"product_tag":[],"class_list":{"0":"post-27821","1":"product","2":"type-product","3":"status-publish","4":"has-post-thumbnail","6":"product_cat-slitdelar","7":"product_cat-taender","8":"product_cat-taender-foer-minigraevare","10":"first","11":"instock","12":"taxable","13":"shipping-taxable","14":"purchasable","15":"product-type-variable"},"acf":[],"yoast_head":"<title>Tandskydd och adapter f\u00f6r minigr\u00e4vmaskiner - Viggo Bendz<\/title>\n<meta name=\"robots\" content=\"index, follow, max-snippet:-1, max-image-preview:large, max-video-preview:-1\" \/>\n<link rel=\"canonical\" href=\"https:\/\/viggobendz.dk\/sv\/butik\/slitdelar\/taender\/tandskydd-och-adapter-foer-minigraevmaskiner\/\" \/>\n<meta property=\"og:locale\" content=\"sv_SE\" \/>\n<meta property=\"og:type\" content=\"article\" \/>\n<meta property=\"og:title\" content=\"Tandskydd och adapter f\u00f6r minigr\u00e4vmaskiner - Viggo Bendz\" \/>\n<meta property=\"og:description\" content=\"Slitstarka k\u00e5por och adaptrar f\u00f6r minigr\u00e4vare och kompaktlastare Det \u00e4r adaptern som avg\u00f6r om det \u00e4r gr\u00e4v- eller lastningsarbete.  Anv\u00e4nd gr\u00e4vadaptern vid gr\u00e4vning.  F\u00f6r lastningsarbete, anv\u00e4nd adaptern f\u00f6r lastningsarbete.  Tandskyddet anv\u00e4nds f\u00f6r b\u00e5de gr\u00e4v- och lastningsarbeten.  Gl\u00f6m inte att best\u00e4lla l\u00e5ssprintar till dina tandkapslar. Datablad\" \/>\n<meta property=\"og:url\" content=\"https:\/\/viggobendz.dk\/sv\/butik\/slitdelar\/taender\/tandskydd-och-adapter-foer-minigraevmaskiner\/\" \/>\n<meta property=\"og:site_name\" content=\"Viggo Bendz\" \/>\n<meta property=\"og:image\" content=\"https:\/\/viggobendz.dk\/wp-content\/uploads\/2022\/01\/E501-1.jpg\" \/>\n\t<meta property=\"og:image:width\" content=\"750\" \/>\n\t<meta property=\"og:image:height\" content=\"500\" \/>\n\t<meta property=\"og:image:type\" content=\"image\/jpeg\" \/>\n<meta name=\"twitter:card\" content=\"summary_large_image\" \/>\n<script type=\"application\/ld+json\" class=\"yoast-schema-graph\">{\"@context\":\"https:\/\/schema.org\",\"@graph\":[{\"@type\":\"WebPage\",\"@id\":\"https:\/\/viggobendz.dk\/sv\/butik\/slitdelar\/taender\/tandskydd-och-adapter-foer-minigraevmaskiner\/\",\"url\":\"https:\/\/viggobendz.dk\/sv\/butik\/slitdelar\/taender\/tandskydd-och-adapter-foer-minigraevmaskiner\/\",\"name\":\"Tandskydd och adapter f\u00f6r minigr\u00e4vmaskiner - Viggo Bendz\",\"isPartOf\":{\"@id\":\"https:\/\/viggobendz.dk\/sv\/#website\"},\"primaryImageOfPage\":{\"@id\":\"https:\/\/viggobendz.dk\/sv\/butik\/slitdelar\/taender\/tandskydd-och-adapter-foer-minigraevmaskiner\/#primaryimage\"},\"image\":{\"@id\":\"https:\/\/viggobendz.dk\/sv\/butik\/slitdelar\/taender\/tandskydd-och-adapter-foer-minigraevmaskiner\/#primaryimage\"},\"thumbnailUrl\":\"https:\/\/viggobendz.dk\/wp-content\/uploads\/2022\/01\/E501-1.jpg\",\"datePublished\":\"2025-03-11T06:42:21+00:00\",\"breadcrumb\":{\"@id\":\"https:\/\/viggobendz.dk\/sv\/butik\/slitdelar\/taender\/tandskydd-och-adapter-foer-minigraevmaskiner\/#breadcrumb\"},\"inLanguage\":\"sv-SE\",\"potentialAction\":[{\"@type\":\"ReadAction\",\"target\":[\"https:\/\/viggobendz.dk\/sv\/butik\/slitdelar\/taender\/tandskydd-och-adapter-foer-minigraevmaskiner\/\"]}]},{\"@type\":\"ImageObject\",\"inLanguage\":\"sv-SE\",\"@id\":\"https:\/\/viggobendz.dk\/sv\/butik\/slitdelar\/taender\/tandskydd-och-adapter-foer-minigraevmaskiner\/#primaryimage\",\"url\":\"https:\/\/viggobendz.dk\/wp-content\/uploads\/2022\/01\/E501-1.jpg\",\"contentUrl\":\"https:\/\/viggobendz.dk\/wp-content\/uploads\/2022\/01\/E501-1.jpg\",\"width\":750,\"height\":500,\"caption\":\"produktfremvisning tandh\u00e6tte\"},{\"@type\":\"BreadcrumbList\",\"@id\":\"https:\/\/viggobendz.dk\/sv\/butik\/slitdelar\/taender\/tandskydd-och-adapter-foer-minigraevmaskiner\/#breadcrumb\",\"itemListElement\":[{\"@type\":\"ListItem\",\"position\":1,\"name\":\"Hjem\",\"item\":\"https:\/\/viggobendz.dk\/sv\/hemsidan\/\"},{\"@type\":\"ListItem\",\"position\":2,\"name\":\"Butik\",\"item\":\"https:\/\/viggobendz.dk\/butik\/\"},{\"@type\":\"ListItem\",\"position\":3,\"name\":\"Slitdelar\",\"item\":\"https:\/\/viggobendz.dk\/sv\/vare-kategori\/slitdelar\/\"},{\"@type\":\"ListItem\",\"position\":4,\"name\":\"T\u00e4nder\",\"item\":\"https:\/\/viggobendz.dk\/sv\/vare-kategori\/slitdelar\/taender\/\"},{\"@type\":\"ListItem\",\"position\":5,\"name\":\"T\u00e4nder f\u00f6r minigr\u00e4vare\",\"item\":\"https:\/\/viggobendz.dk\/sv\/vare-kategori\/slitdelar\/taender\/taender-foer-minigraevare\/\"},{\"@type\":\"ListItem\",\"position\":6,\"name\":\"Tandskydd och adapter f\u00f6r minigr\u00e4vmaskiner\"}]},{\"@type\":\"WebSite\",\"@id\":\"https:\/\/viggobendz.dk\/sv\/#website\",\"url\":\"https:\/\/viggobendz.dk\/sv\/\",\"name\":\"Viggo Bendz\",\"description\":\"Det ansvarlige valg\",\"publisher\":{\"@id\":\"https:\/\/viggobendz.dk\/sv\/#organization\"},\"potentialAction\":[{\"@type\":\"SearchAction\",\"target\":{\"@type\":\"EntryPoint\",\"urlTemplate\":\"https:\/\/viggobendz.dk\/sv\/?s={search_term_string}\"},\"query-input\":{\"@type\":\"PropertyValueSpecification\",\"valueRequired\":true,\"valueName\":\"search_term_string\"}}],\"inLanguage\":\"sv-SE\"},{\"@type\":\"Organization\",\"@id\":\"https:\/\/viggobendz.dk\/sv\/#organization\",\"name\":\"Viggo Bendz A\/S\",\"url\":\"https:\/\/viggobendz.dk\/sv\/\",\"logo\":{\"@type\":\"ImageObject\",\"inLanguage\":\"sv-SE\",\"@id\":\"https:\/\/viggobendz.dk\/sv\/#\/schema\/logo\/image\/\",\"url\":\"https:\/\/viggobendz.dk\/wp-content\/uploads\/2020\/03\/VB-Logo.png\",\"contentUrl\":\"https:\/\/viggobendz.dk\/wp-content\/uploads\/2020\/03\/VB-Logo.png\",\"width\":735,\"height\":776,\"caption\":\"Viggo Bendz A\/S\"},\"image\":{\"@id\":\"https:\/\/viggobendz.dk\/sv\/#\/schema\/logo\/image\/\"}}]}<\/script>","yoast_head_json":{"title":"Tandskydd och adapter f\u00f6r minigr\u00e4vmaskiner - Viggo Bendz","robots":{"index":"index","follow":"follow","max-snippet":"max-snippet:-1","max-image-preview":"max-image-preview:large","max-video-preview":"max-video-preview:-1"},"canonical":"https:\/\/viggobendz.dk\/sv\/butik\/slitdelar\/taender\/tandskydd-och-adapter-foer-minigraevmaskiner\/","og_locale":"sv_SE","og_type":"article","og_title":"Tandskydd och adapter f\u00f6r minigr\u00e4vmaskiner - Viggo Bendz","og_description":"Slitstarka k\u00e5por och adaptrar f\u00f6r minigr\u00e4vare och kompaktlastare Det \u00e4r adaptern som avg\u00f6r om det \u00e4r gr\u00e4v- eller lastningsarbete.  Anv\u00e4nd gr\u00e4vadaptern vid gr\u00e4vning.  F\u00f6r lastningsarbete, anv\u00e4nd adaptern f\u00f6r lastningsarbete.  Tandskyddet anv\u00e4nds f\u00f6r b\u00e5de gr\u00e4v- och lastningsarbeten.  Gl\u00f6m inte att best\u00e4lla l\u00e5ssprintar till dina tandkapslar. Datablad","og_url":"https:\/\/viggobendz.dk\/sv\/butik\/slitdelar\/taender\/tandskydd-och-adapter-foer-minigraevmaskiner\/","og_site_name":"Viggo Bendz","og_image":[{"width":750,"height":500,"url":"https:\/\/viggobendz.dk\/wp-content\/uploads\/2022\/01\/E501-1.jpg","type":"image\/jpeg"}],"twitter_card":"summary_large_image","schema":{"@context":"https:\/\/schema.org","@graph":[{"@type":"WebPage","@id":"https:\/\/viggobendz.dk\/sv\/butik\/slitdelar\/taender\/tandskydd-och-adapter-foer-minigraevmaskiner\/","url":"https:\/\/viggobendz.dk\/sv\/butik\/slitdelar\/taender\/tandskydd-och-adapter-foer-minigraevmaskiner\/","name":"Tandskydd och adapter f\u00f6r minigr\u00e4vmaskiner - Viggo Bendz","isPartOf":{"@id":"https:\/\/viggobendz.dk\/sv\/#website"},"primaryImageOfPage":{"@id":"https:\/\/viggobendz.dk\/sv\/butik\/slitdelar\/taender\/tandskydd-och-adapter-foer-minigraevmaskiner\/#primaryimage"},"image":{"@id":"https:\/\/viggobendz.dk\/sv\/butik\/slitdelar\/taender\/tandskydd-och-adapter-foer-minigraevmaskiner\/#primaryimage"},"thumbnailUrl":"https:\/\/viggobendz.dk\/wp-content\/uploads\/2022\/01\/E501-1.jpg","datePublished":"2025-03-11T06:42:21+00:00","breadcrumb":{"@id":"https:\/\/viggobendz.dk\/sv\/butik\/slitdelar\/taender\/tandskydd-och-adapter-foer-minigraevmaskiner\/#breadcrumb"},"inLanguage":"sv-SE","potentialAction":[{"@type":"ReadAction","target":["https:\/\/viggobendz.dk\/sv\/butik\/slitdelar\/taender\/tandskydd-och-adapter-foer-minigraevmaskiner\/"]}]},{"@type":"ImageObject","inLanguage":"sv-SE","@id":"https:\/\/viggobendz.dk\/sv\/butik\/slitdelar\/taender\/tandskydd-och-adapter-foer-minigraevmaskiner\/#primaryimage","url":"https:\/\/viggobendz.dk\/wp-content\/uploads\/2022\/01\/E501-1.jpg","contentUrl":"https:\/\/viggobendz.dk\/wp-content\/uploads\/2022\/01\/E501-1.jpg","width":750,"height":500,"caption":"produktfremvisning tandh\u00e6tte"},{"@type":"BreadcrumbList","@id":"https:\/\/viggobendz.dk\/sv\/butik\/slitdelar\/taender\/tandskydd-och-adapter-foer-minigraevmaskiner\/#breadcrumb","itemListElement":[{"@type":"ListItem","position":1,"name":"Hjem","item":"https:\/\/viggobendz.dk\/sv\/hemsidan\/"},{"@type":"ListItem","position":2,"name":"Butik","item":"https:\/\/viggobendz.dk\/butik\/"},{"@type":"ListItem","position":3,"name":"Slitdelar","item":"https:\/\/viggobendz.dk\/sv\/vare-kategori\/slitdelar\/"},{"@type":"ListItem","position":4,"name":"T\u00e4nder","item":"https:\/\/viggobendz.dk\/sv\/vare-kategori\/slitdelar\/taender\/"},{"@type":"ListItem","position":5,"name":"T\u00e4nder f\u00f6r minigr\u00e4vare","item":"https:\/\/viggobendz.dk\/sv\/vare-kategori\/slitdelar\/taender\/taender-foer-minigraevare\/"},{"@type":"ListItem","position":6,"name":"Tandskydd och adapter f\u00f6r minigr\u00e4vmaskiner"}]},{"@type":"WebSite","@id":"https:\/\/viggobendz.dk\/sv\/#website","url":"https:\/\/viggobendz.dk\/sv\/","name":"Viggo Bendz","description":"Det ansvarlige valg","publisher":{"@id":"https:\/\/viggobendz.dk\/sv\/#organization"},"potentialAction":[{"@type":"SearchAction","target":{"@type":"EntryPoint","urlTemplate":"https:\/\/viggobendz.dk\/sv\/?s={search_term_string}"},"query-input":{"@type":"PropertyValueSpecification","valueRequired":true,"valueName":"search_term_string"}}],"inLanguage":"sv-SE"},{"@type":"Organization","@id":"https:\/\/viggobendz.dk\/sv\/#organization","name":"Viggo Bendz A\/S","url":"https:\/\/viggobendz.dk\/sv\/","logo":{"@type":"ImageObject","inLanguage":"sv-SE","@id":"https:\/\/viggobendz.dk\/sv\/#\/schema\/logo\/image\/","url":"https:\/\/viggobendz.dk\/wp-content\/uploads\/2020\/03\/VB-Logo.png","contentUrl":"https:\/\/viggobendz.dk\/wp-content\/uploads\/2020\/03\/VB-Logo.png","width":735,"height":776,"caption":"Viggo Bendz A\/S"},"image":{"@id":"https:\/\/viggobendz.dk\/sv\/#\/schema\/logo\/image\/"}}]}},"_links":{"self":[{"href":"https:\/\/viggobendz.dk\/sv\/wp-json\/wp\/v2\/product\/27821","targetHints":{"allow":["GET"]}}],"collection":[{"href":"https:\/\/viggobendz.dk\/sv\/wp-json\/wp\/v2\/product"}],"about":[{"href":"https:\/\/viggobendz.dk\/sv\/wp-json\/wp\/v2\/types\/product"}],"wp:featuredmedia":[{"embeddable":true,"href":"https:\/\/viggobendz.dk\/sv\/wp-json\/wp\/v2\/media\/5285"}],"wp:attachment":[{"href":"https:\/\/viggobendz.dk\/sv\/wp-json\/wp\/v2\/media?parent=27821"}],"wp:term":[{"taxonomy":"product_brand","embeddable":true,"href":"https:\/\/viggobendz.dk\/sv\/wp-json\/wp\/v2\/product_brand?post=27821"},{"taxonomy":"product_cat","embeddable":true,"href":"https:\/\/viggobendz.dk\/sv\/wp-json\/wp\/v2\/product_cat?post=27821"},{"taxonomy":"product_tag","embeddable":true,"href":"https:\/\/viggobendz.dk\/sv\/wp-json\/wp\/v2\/product_tag?post=27821"}],"curies":[{"name":"wp","href":"https:\/\/api.w.org\/{rel}","templated":true}]}}