{"id":27849,"date":"2025-03-11T07:42:21","date_gmt":"2025-03-11T06:42:21","guid":{"rendered":"https:\/\/viggobendz.dk\/butik\/okategoriserad\/mini-taender\/"},"modified":"2025-03-11T07:42:21","modified_gmt":"2025-03-11T06:42:21","slug":"mini-taender","status":"publish","type":"product","link":"https:\/\/viggobendz.dk\/sv\/butik\/slitdelar\/taender\/mini-taender\/","title":{"rendered":"Mini t\u00e4nder"},"content":{"rendered":"<h3>Sm\u00e5 och starka pinnar f\u00f6r minigr\u00e4vare<\/h3>\n<p>E1 \u00e4r avsedd f\u00f6r s\u00f6msvetsning.<br \/>\nE3.1 \u00e4r avsedd att bultas p\u00e5.<\/p>\n<p>B\u00e5da typerna passar p\u00e5 16 mm insatser.<br \/>\nVanliga 12 mm bultar kr\u00e4vs f\u00f6r E3.1  <\/p>\n<h4><strong><a href=\"https:\/\/viggobendz.dk\/wp-content\/uploads\/2022\/01\/datablad-mini-taender-2.jpg\">Datablad<\/a><\/strong><\/h4>\n<p>Kontakta oss g\u00e4rna p\u00e5 tel: +45 43 96 41 22 om du har n\u00e5gra fr\u00e5gor.<\/p>\n","protected":false},"excerpt":{"rendered":"<h3>Sm\u00e5 och starka pinnar f\u00f6r minigr\u00e4vare<\/h3>\n<p>E1 \u00e4r avsedd f\u00f6r s\u00f6msvetsning.<br \/>\nE3.1 \u00e4r avsedd att bultas p\u00e5.<\/p>\n<p>B\u00e5da typerna passar p\u00e5 16 mm insatser.<br \/>\nVanliga 12 mm bultar kr\u00e4vs f\u00f6r E3.1  <\/p>\n<h4><strong><a href=\"https:\/\/viggobendz.dk\/wp-content\/uploads\/2022\/01\/datablad-mini-taender-2.jpg\">Datablad<\/a><\/strong><\/h4>\n<p>Kontakta oss g\u00e4rna p\u00e5 tel: +45 43 96 41 22 om du har n\u00e5gra fr\u00e5gor.<\/p>\n","protected":false},"featured_media":5306,"template":"","meta":{"_acf_changed":false},"product_brand":[],"product_cat":[2655,2651,9646],"product_tag":[],"class_list":{"0":"post-27849","1":"product","2":"type-product","3":"status-publish","4":"has-post-thumbnail","6":"product_cat-slitdelar","7":"product_cat-taender","8":"product_cat-taender-foer-minigraevare","10":"first","11":"instock","12":"taxable","13":"shipping-taxable","14":"purchasable","15":"product-type-variable"},"acf":[],"yoast_head":"<title>Mini t\u00e4nder - Viggo Bendz<\/title>\n<meta name=\"robots\" content=\"index, follow, max-snippet:-1, max-image-preview:large, max-video-preview:-1\" \/>\n<link rel=\"canonical\" href=\"https:\/\/viggobendz.dk\/sv\/butik\/slitdelar\/taender\/mini-taender\/\" \/>\n<meta property=\"og:locale\" content=\"sv_SE\" \/>\n<meta property=\"og:type\" content=\"article\" \/>\n<meta property=\"og:title\" content=\"Mini t\u00e4nder - Viggo Bendz\" \/>\n<meta property=\"og:description\" content=\"Sm\u00e5 och starka pinnar f\u00f6r minigr\u00e4vare E1 \u00e4r avsedd f\u00f6r s\u00f6msvetsning. E3.1 \u00e4r avsedd att bultas p\u00e5. B\u00e5da typerna passar p\u00e5 16 mm insatser. Vanliga 12 mm bultar kr\u00e4vs f\u00f6r E3.1  Datablad Kontakta oss g\u00e4rna p\u00e5 tel: +45 43 96 41 22 om du har n\u00e5gra fr\u00e5gor.\" \/>\n<meta property=\"og:url\" content=\"https:\/\/viggobendz.dk\/sv\/butik\/slitdelar\/taender\/mini-taender\/\" \/>\n<meta property=\"og:site_name\" content=\"Viggo Bendz\" \/>\n<meta property=\"og:image\" content=\"https:\/\/viggobendz.dk\/wp-content\/uploads\/2022\/01\/mini-taender.jpg\" \/>\n\t<meta property=\"og:image:width\" content=\"750\" \/>\n\t<meta property=\"og:image:height\" content=\"500\" \/>\n\t<meta property=\"og:image:type\" content=\"image\/jpeg\" \/>\n<meta name=\"twitter:card\" content=\"summary_large_image\" \/>\n<script type=\"application\/ld+json\" class=\"yoast-schema-graph\">{\"@context\":\"https:\/\/schema.org\",\"@graph\":[{\"@type\":\"WebPage\",\"@id\":\"https:\/\/viggobendz.dk\/sv\/butik\/slitdelar\/taender\/mini-taender\/\",\"url\":\"https:\/\/viggobendz.dk\/sv\/butik\/slitdelar\/taender\/mini-taender\/\",\"name\":\"Mini t\u00e4nder - Viggo Bendz\",\"isPartOf\":{\"@id\":\"https:\/\/viggobendz.dk\/sv\/#website\"},\"primaryImageOfPage\":{\"@id\":\"https:\/\/viggobendz.dk\/sv\/butik\/slitdelar\/taender\/mini-taender\/#primaryimage\"},\"image\":{\"@id\":\"https:\/\/viggobendz.dk\/sv\/butik\/slitdelar\/taender\/mini-taender\/#primaryimage\"},\"thumbnailUrl\":\"https:\/\/viggobendz.dk\/wp-content\/uploads\/2022\/01\/mini-taender.jpg\",\"datePublished\":\"2025-03-11T06:42:21+00:00\",\"breadcrumb\":{\"@id\":\"https:\/\/viggobendz.dk\/sv\/butik\/slitdelar\/taender\/mini-taender\/#breadcrumb\"},\"inLanguage\":\"sv-SE\",\"potentialAction\":[{\"@type\":\"ReadAction\",\"target\":[\"https:\/\/viggobendz.dk\/sv\/butik\/slitdelar\/taender\/mini-taender\/\"]}]},{\"@type\":\"ImageObject\",\"inLanguage\":\"sv-SE\",\"@id\":\"https:\/\/viggobendz.dk\/sv\/butik\/slitdelar\/taender\/mini-taender\/#primaryimage\",\"url\":\"https:\/\/viggobendz.dk\/wp-content\/uploads\/2022\/01\/mini-taender.jpg\",\"contentUrl\":\"https:\/\/viggobendz.dk\/wp-content\/uploads\/2022\/01\/mini-taender.jpg\",\"width\":750,\"height\":500},{\"@type\":\"BreadcrumbList\",\"@id\":\"https:\/\/viggobendz.dk\/sv\/butik\/slitdelar\/taender\/mini-taender\/#breadcrumb\",\"itemListElement\":[{\"@type\":\"ListItem\",\"position\":1,\"name\":\"Hjem\",\"item\":\"https:\/\/viggobendz.dk\/sv\/hemsidan\/\"},{\"@type\":\"ListItem\",\"position\":2,\"name\":\"Butik\",\"item\":\"https:\/\/viggobendz.dk\/butik\/\"},{\"@type\":\"ListItem\",\"position\":3,\"name\":\"Slitdelar\",\"item\":\"https:\/\/viggobendz.dk\/sv\/vare-kategori\/slitdelar\/\"},{\"@type\":\"ListItem\",\"position\":4,\"name\":\"T\u00e4nder\",\"item\":\"https:\/\/viggobendz.dk\/sv\/vare-kategori\/slitdelar\/taender\/\"},{\"@type\":\"ListItem\",\"position\":5,\"name\":\"T\u00e4nder f\u00f6r minigr\u00e4vare\",\"item\":\"https:\/\/viggobendz.dk\/sv\/vare-kategori\/slitdelar\/taender\/taender-foer-minigraevare\/\"},{\"@type\":\"ListItem\",\"position\":6,\"name\":\"Mini t\u00e4nder\"}]},{\"@type\":\"WebSite\",\"@id\":\"https:\/\/viggobendz.dk\/sv\/#website\",\"url\":\"https:\/\/viggobendz.dk\/sv\/\",\"name\":\"Viggo Bendz\",\"description\":\"Det ansvarlige valg\",\"publisher\":{\"@id\":\"https:\/\/viggobendz.dk\/sv\/#organization\"},\"potentialAction\":[{\"@type\":\"SearchAction\",\"target\":{\"@type\":\"EntryPoint\",\"urlTemplate\":\"https:\/\/viggobendz.dk\/sv\/?s={search_term_string}\"},\"query-input\":{\"@type\":\"PropertyValueSpecification\",\"valueRequired\":true,\"valueName\":\"search_term_string\"}}],\"inLanguage\":\"sv-SE\"},{\"@type\":\"Organization\",\"@id\":\"https:\/\/viggobendz.dk\/sv\/#organization\",\"name\":\"Viggo Bendz A\/S\",\"url\":\"https:\/\/viggobendz.dk\/sv\/\",\"logo\":{\"@type\":\"ImageObject\",\"inLanguage\":\"sv-SE\",\"@id\":\"https:\/\/viggobendz.dk\/sv\/#\/schema\/logo\/image\/\",\"url\":\"https:\/\/viggobendz.dk\/wp-content\/uploads\/2020\/03\/VB-Logo.png\",\"contentUrl\":\"https:\/\/viggobendz.dk\/wp-content\/uploads\/2020\/03\/VB-Logo.png\",\"width\":735,\"height\":776,\"caption\":\"Viggo Bendz A\/S\"},\"image\":{\"@id\":\"https:\/\/viggobendz.dk\/sv\/#\/schema\/logo\/image\/\"}}]}<\/script>","yoast_head_json":{"title":"Mini t\u00e4nder - Viggo Bendz","robots":{"index":"index","follow":"follow","max-snippet":"max-snippet:-1","max-image-preview":"max-image-preview:large","max-video-preview":"max-video-preview:-1"},"canonical":"https:\/\/viggobendz.dk\/sv\/butik\/slitdelar\/taender\/mini-taender\/","og_locale":"sv_SE","og_type":"article","og_title":"Mini t\u00e4nder - Viggo Bendz","og_description":"Sm\u00e5 och starka pinnar f\u00f6r minigr\u00e4vare E1 \u00e4r avsedd f\u00f6r s\u00f6msvetsning. E3.1 \u00e4r avsedd att bultas p\u00e5. B\u00e5da typerna passar p\u00e5 16 mm insatser. Vanliga 12 mm bultar kr\u00e4vs f\u00f6r E3.1  Datablad Kontakta oss g\u00e4rna p\u00e5 tel: +45 43 96 41 22 om du har n\u00e5gra fr\u00e5gor.","og_url":"https:\/\/viggobendz.dk\/sv\/butik\/slitdelar\/taender\/mini-taender\/","og_site_name":"Viggo Bendz","og_image":[{"width":750,"height":500,"url":"https:\/\/viggobendz.dk\/wp-content\/uploads\/2022\/01\/mini-taender.jpg","type":"image\/jpeg"}],"twitter_card":"summary_large_image","schema":{"@context":"https:\/\/schema.org","@graph":[{"@type":"WebPage","@id":"https:\/\/viggobendz.dk\/sv\/butik\/slitdelar\/taender\/mini-taender\/","url":"https:\/\/viggobendz.dk\/sv\/butik\/slitdelar\/taender\/mini-taender\/","name":"Mini t\u00e4nder - Viggo Bendz","isPartOf":{"@id":"https:\/\/viggobendz.dk\/sv\/#website"},"primaryImageOfPage":{"@id":"https:\/\/viggobendz.dk\/sv\/butik\/slitdelar\/taender\/mini-taender\/#primaryimage"},"image":{"@id":"https:\/\/viggobendz.dk\/sv\/butik\/slitdelar\/taender\/mini-taender\/#primaryimage"},"thumbnailUrl":"https:\/\/viggobendz.dk\/wp-content\/uploads\/2022\/01\/mini-taender.jpg","datePublished":"2025-03-11T06:42:21+00:00","breadcrumb":{"@id":"https:\/\/viggobendz.dk\/sv\/butik\/slitdelar\/taender\/mini-taender\/#breadcrumb"},"inLanguage":"sv-SE","potentialAction":[{"@type":"ReadAction","target":["https:\/\/viggobendz.dk\/sv\/butik\/slitdelar\/taender\/mini-taender\/"]}]},{"@type":"ImageObject","inLanguage":"sv-SE","@id":"https:\/\/viggobendz.dk\/sv\/butik\/slitdelar\/taender\/mini-taender\/#primaryimage","url":"https:\/\/viggobendz.dk\/wp-content\/uploads\/2022\/01\/mini-taender.jpg","contentUrl":"https:\/\/viggobendz.dk\/wp-content\/uploads\/2022\/01\/mini-taender.jpg","width":750,"height":500},{"@type":"BreadcrumbList","@id":"https:\/\/viggobendz.dk\/sv\/butik\/slitdelar\/taender\/mini-taender\/#breadcrumb","itemListElement":[{"@type":"ListItem","position":1,"name":"Hjem","item":"https:\/\/viggobendz.dk\/sv\/hemsidan\/"},{"@type":"ListItem","position":2,"name":"Butik","item":"https:\/\/viggobendz.dk\/butik\/"},{"@type":"ListItem","position":3,"name":"Slitdelar","item":"https:\/\/viggobendz.dk\/sv\/vare-kategori\/slitdelar\/"},{"@type":"ListItem","position":4,"name":"T\u00e4nder","item":"https:\/\/viggobendz.dk\/sv\/vare-kategori\/slitdelar\/taender\/"},{"@type":"ListItem","position":5,"name":"T\u00e4nder f\u00f6r minigr\u00e4vare","item":"https:\/\/viggobendz.dk\/sv\/vare-kategori\/slitdelar\/taender\/taender-foer-minigraevare\/"},{"@type":"ListItem","position":6,"name":"Mini t\u00e4nder"}]},{"@type":"WebSite","@id":"https:\/\/viggobendz.dk\/sv\/#website","url":"https:\/\/viggobendz.dk\/sv\/","name":"Viggo Bendz","description":"Det ansvarlige valg","publisher":{"@id":"https:\/\/viggobendz.dk\/sv\/#organization"},"potentialAction":[{"@type":"SearchAction","target":{"@type":"EntryPoint","urlTemplate":"https:\/\/viggobendz.dk\/sv\/?s={search_term_string}"},"query-input":{"@type":"PropertyValueSpecification","valueRequired":true,"valueName":"search_term_string"}}],"inLanguage":"sv-SE"},{"@type":"Organization","@id":"https:\/\/viggobendz.dk\/sv\/#organization","name":"Viggo Bendz A\/S","url":"https:\/\/viggobendz.dk\/sv\/","logo":{"@type":"ImageObject","inLanguage":"sv-SE","@id":"https:\/\/viggobendz.dk\/sv\/#\/schema\/logo\/image\/","url":"https:\/\/viggobendz.dk\/wp-content\/uploads\/2020\/03\/VB-Logo.png","contentUrl":"https:\/\/viggobendz.dk\/wp-content\/uploads\/2020\/03\/VB-Logo.png","width":735,"height":776,"caption":"Viggo Bendz A\/S"},"image":{"@id":"https:\/\/viggobendz.dk\/sv\/#\/schema\/logo\/image\/"}}]}},"_links":{"self":[{"href":"https:\/\/viggobendz.dk\/sv\/wp-json\/wp\/v2\/product\/27849","targetHints":{"allow":["GET"]}}],"collection":[{"href":"https:\/\/viggobendz.dk\/sv\/wp-json\/wp\/v2\/product"}],"about":[{"href":"https:\/\/viggobendz.dk\/sv\/wp-json\/wp\/v2\/types\/product"}],"wp:featuredmedia":[{"embeddable":true,"href":"https:\/\/viggobendz.dk\/sv\/wp-json\/wp\/v2\/media\/5306"}],"wp:attachment":[{"href":"https:\/\/viggobendz.dk\/sv\/wp-json\/wp\/v2\/media?parent=27849"}],"wp:term":[{"taxonomy":"product_brand","embeddable":true,"href":"https:\/\/viggobendz.dk\/sv\/wp-json\/wp\/v2\/product_brand?post=27849"},{"taxonomy":"product_cat","embeddable":true,"href":"https:\/\/viggobendz.dk\/sv\/wp-json\/wp\/v2\/product_cat?post=27849"},{"taxonomy":"product_tag","embeddable":true,"href":"https:\/\/viggobendz.dk\/sv\/wp-json\/wp\/v2\/product_tag?post=27849"}],"curies":[{"name":"wp","href":"https:\/\/api.w.org\/{rel}","templated":true}]}}